{"id":15701,"date":"2025-01-19T14:51:46","date_gmt":"2025-01-19T14:51:46","guid":{"rendered":"https:\/\/www.hydraulic-cylinders.net\/product\/bucket-cylinder-for-kubota-small-excavator-u-35-kx135\/"},"modified":"2025-01-19T14:51:48","modified_gmt":"2025-01-19T14:51:48","slug":"bucket-cylinder-for-kubota-small-excavator-u-35-kx135","status":"publish","type":"product","link":"https:\/\/www.hydraulic-cylinders.net\/lt\/produktas\/bucket-cylinder-for-kubota-small-excavator-u-35-kx135\/","title":{"rendered":"Kau\u0161o cilindras Kubota ma\u017eam ekskavatoriui U-35.KX135"},"content":{"rendered":"<h1>Kau\u0161o cilindras Kubota ma\u017eam ekskavatoriui U-35.KX135<\/h1>\n<h2>\u012evadas<\/h2>\n<p>\u201eKubota\u201c ma\u017eojo ekskavatoriaus U-35.KX135 kau\u0161o cilindras yra specialiai sukurtas hidraulinis cilindras, daugiausia naudojamas kau\u0161o jud\u0117jimui valdyti sunkiosiose ma\u0161inose, tokiose kaip ekskavatoriai, ekskavatoriniai krautuvai ir frontaliniai krautuvai. Jo pagrindin\u0117 funkcija \u2013 leisti kau\u0161ui pakilti, nuleisti ir pakreipti, tod\u0117l j\u012f patogu atlikti \u012fvairioms med\u017eiag\u0173 tvarkymo u\u017eduotims. Hidraulin\u0117je sistemoje kau\u0161o cilindras tiksliai valdo kau\u0161\u0105, naudodamas hidraulin\u0117s alyvos sl\u0117gio poky\u010dius, tod\u0117l operatoriai gali efektyviai valdyti sunkius krovinius ir prisitaikyti prie sud\u0117tingos darbo aplinkos bei \u012fvairi\u0173 darbo reikalavim\u0173.<\/p>\n<p><img decoding=\"async\" src=\"https:\/\/www.hydraulic-cylinders.net\/wp-content\/uploads\/2025\/01\/songte-company-2.webp\" alt=\"Vaizdas\"><\/p>\n<h2>Savyb\u0117s<\/h2>\n<ul>\n<li>Didelis tvirtumas ir ilgaam\u017ei\u0161kumas: Paprastai pagamintas i\u0161 didelio stiprumo plieno arba aliuminio, jis gali atlaikyti didel\u012f sl\u0117g\u012f ir dideles apkrovas, prisitaikydamas prie at\u0161iauri\u0173 darbo s\u0105lyg\u0173. Projektuojant atsi\u017evelgiama \u012f atsparum\u0105 dilimui ir korozijai, taip pailginant jo tarnavimo laik\u0105.<\/li>\n<li>Efektyvus hidraulinis veikimas: Naudodamas hidraulin\u0117s alyvos sl\u0117g\u012f, jis pasiekia skland\u017eius i\u0161pl\u0117timo ir susitraukimo judesius, leid\u017eia greitai reaguoti \u012f valdymo komandas ir u\u017etikrinti galingas st\u016bmimo bei traukimo j\u0117gas, tinkamas sunkiems kroviniams ir sud\u0117tingoms u\u017eduotims atlikti.<\/li>\n<li>\u012evair\u016bs tipai: Kau\u0161o cilindr\u0105 galima pasirinkti kaip vienpusio veikimo (hidraulinis, naudojamas tik viena kryptimi) arba dvipusio veikimo (hidraulinis, naudojamas abiem kryptimis) cilindrus pagal poreikius, o kai kurie modeliai yra teleskopiniai, leid\u017eiantys didesn\u012f i\u0161pl\u0117tim\u0105 nedidinant i\u0161orini\u0173 matmen\u0173, tinka naudoti ribotoje erdv\u0117je.<\/li>\n<li>Puikus pakeitimas: M\u016bs\u0173 gaminiai gali puikiai pakeisti \u0161iuos hidraulinius cilindrus.<\/li>\n<\/ul>\n<p><img decoding=\"async\" src=\"https:\/\/www.hydraulic-cylinders.net\/wp-content\/uploads\/2025\/01\/songte-cylinder-head-with-all-kinds-excavator-models.webp\" alt=\"Vaizdas\"><\/p>\n<h2>Parai\u0161kos<\/h2>\n<ul>\n<li>Statybin\u0117 \u012franga: ji randama ekskavatoriuose ir yra labai svarbi kasant, kraunant ir perkeliant grunt\u0105 ar \u0161iuk\u0161les. Ekskavatoriuose kau\u0161o cilindras padeda tiek kasti, tiek kelti.<\/li>\n<li>\u017dem\u0117s \u016bkio technika: naudojama priekiniuose krautuvuose, jie padeda i\u0161kasti, pakelti ir transportuoti dirvo\u017eem\u012f, \u0161ien\u0105 ir kitas med\u017eiagas.<\/li>\n<li>Ekskavatoriai: Kau\u0161o cilindras leid\u017eia atlikti kasimo veiksmus, leisdamas kau\u0161ui \u012fsiskverbti \u012f dirv\u0105.<\/li>\n<li>Krautuvai: Priekiniuose krautuvuose jie padeda efektyviai kelti ir i\u0161krauti prekes.<\/li>\n<\/ul>\n<h2>Projektavimo aspektai ir atrankos kriterijai<\/h2>\n<ul>\n<li>Keliamoji galia: Aptarkite cilindro laikomosios galios svarb\u0105.<\/li>\n<li>Sandarinimas: atkreipkite d\u0117mes\u012f \u012f tinkamo sandarinimo svarb\u0105 siekiant i\u0161vengti nuot\u0117ki\u0173 ir u\u017etikrinti na\u0161um\u0105.<\/li>\n<li>Patvarumas: paai\u0161kinkite, kod\u0117l reikia patvaraus cilindro, kad jis atlaikyt\u0173 sunkiosios technikos keliamus reikalavimus.<\/li>\n<li>Sauga: Aptarkite saugos aspektus, \u012f kuriuos reikia atsi\u017evelgti projektuojant kau\u0161o cilindr\u0105.<\/li>\n<li>Prie\u017ei\u016bra: pabr\u0117\u017ekite lengvos prie\u017ei\u016bros ir remonto svarb\u0105.<\/li>\n<\/ul>\n<p><img decoding=\"async\" src=\"https:\/\/www.hydraulic-cylinders.net\/wp-content\/uploads\/2025\/01\/songte-oil-pipes-and-spare-parts.webp\" alt=\"Vaizdas\"><\/p>\n<h2>Sandarinimas ir tepimas<\/h2>\n<p>Kau\u0161o cilindre naudojami \u012fvair\u016bs sandarinimo komponentai, tokie kaip st\u016bmokli\u0173 ir kot\u0173 sandarikliai, pagaminti i\u0161 atspari\u0173 dilimui med\u017eiag\u0173, toki\u0173 kaip poliuretanas ir nitrilo kau\u010diukas. Cilindro korpusas ir srieginiai galai yra kruop\u0161\u010diai apdorojami, siekiant padidinti atsparum\u0105 dilimui. Norint u\u017etikrinti skland\u0173 veikim\u0105 ir ilgaam\u017ei\u0161kum\u0105, b\u016btina reguliariai tepti tinkamu hidraulin\u0117s alyvos kiekiu.<\/p>\n<h2>Reguliarus patikrinimas ir prevencin\u0117 prie\u017ei\u016bra<\/h2>\n<ul>\n<li>Reguliarus patikrinimas: paai\u0161kinkite \u012fprastini\u0173 patikrinim\u0173, skirt\u0173 nustatyti problemas ar susid\u0117v\u0117jim\u0105, svarb\u0105.<\/li>\n<li>Tinkamas tepimas: pabr\u0117\u017ekite tinkamo tepimo svarb\u0105 optimaliam veikimui palaikyti.<\/li>\n<li>Tarpikli\u0173 keitimas: aptarkite poreik\u012f keisti tarpiklius, kai jie rodo susid\u0117v\u0117jimo ar nuot\u0117kio po\u017eymius.<\/li>\n<li>Kalibravimo patikrinimas: rekomenduojama periodi\u0161kai atlikti kalibravimo patikrinimus, siekiant u\u017etikrinti tiksl\u0173 veikim\u0105.<\/li>\n<\/ul>\n<p><img decoding=\"async\" src=\"https:\/\/www.hydraulic-cylinders.net\/wp-content\/uploads\/2025\/01\/songte-chushion-collar.webp\" alt=\"Vaizdas\"><\/p>\n<h2>Saugos aspektai ir aplinkos veiksniai<\/h2>\n<p>Atkreipti d\u0117mes\u012f \u012f saugos priemoni\u0173 svarb\u0105 dirbant su kau\u0161o cilindru ir jo naudojimo poveik\u012f aplinkai.<\/p>\n<h2>Trik\u010di\u0173 \u0161alinimas ir da\u017eniausiai pasitaikan\u010dios problemos<\/h2>\n<p>Aptarkite da\u017eniausiai pasitaikan\u010dias problemas, kurios gali kilti d\u0117l kau\u0161o cilindro, ir pateikite trik\u010di\u0173 \u0161alinimo patarimus bei sprendimus, kurie pad\u0117t\u0173 skaitytojams diagnozuoti ir i\u0161spr\u0119sti problemas. Pasi\u016blykite prevencines priemones, skirtas suma\u017einti galimas problemas.<\/p>\n<p><img decoding=\"async\" src=\"https:\/\/www.hydraulic-cylinders.net\/wp-content\/uploads\/2025\/01\/songte-bushings-with-all-kinds-of-excavator-models.webp\" alt=\"Vaizdas\"><\/p>\n<h2>Apie m\u016bs\u0173 \u012fmon\u0119<\/h2>\n<p>Esame pakaitini\u0173 hidraulini\u0173 cilindr\u0173 gamintojas, si\u016blantis plat\u0173 gamini\u0173 asortiment\u0105. Tapome vienu i\u0161 pirmaujan\u010di\u0173 hidraulini\u0173 cilindr\u0173 gamintoj\u0173 ir didmenini\u0173 platintoj\u0173 vidaus ir tarptautin\u0117se rinkose. Savo modernioje gamybos dirbtuv\u0117je laikom\u0117s puikios kokyb\u0117s princip\u0173 ir remiam\u0117s industrializuoto gamybos valdymo strategijomis. Pasitelkdami technologinius talentus, pa\u017eangi\u0105 gamybos \u012frang\u0105 ir profesionalias bandym\u0173 sistemas, nuolat tobuliname savo gamybos platform\u0105 ir gamini\u0173 kokyb\u0117s gamybos proces\u0105, u\u017etikrindami tvirt\u0105 geb\u0117jim\u0105 patenkinti \u012fvairius klient\u0173 poreikius dideliu efektyvumu, tikslumu ir kokybe.<\/p>\n<p><img decoding=\"async\" src=\"https:\/\/www.hydraulic-cylinders.net\/wp-content\/uploads\/2025\/01\/songte-company-3.webp\" alt=\"Vaizdas\"><\/p>\n<p>Be to, mes ple\u010diame savo \u012fmon\u0117s pristatym\u0105, pabr\u0117\u017edami m\u016bs\u0173 profesionalum\u0105, tarptautinius sertifikatus, individualiai pritaikytas paslaugas, gamybos \u012frang\u0105 ir aptarnavim\u0105 po pardavimo.<\/p>\n<p>Autorius: lyl<\/p>","protected":false},"excerpt":{"rendered":"<p>Bucket Cylinder For Kubota Small Excavator U-35.KX135 Introduction The bucket cylinder for Kubota small excavator U-35.KX135 is a specially designed hydraulic cylinder used primarily to control the movement of the bucket in heavy machinery such as excavators, backhoe loaders, and front-end loaders. Its main function is to enable the bucket to lift, lower, and tilt, [&hellip;]<\/p>","protected":false},"featured_media":14761,"comment_status":"open","ping_status":"closed","template":"","meta":{"_et_pb_use_builder":"","_et_pb_old_content":"","_et_gb_content_width":""},"product_brand":[],"product_cat":[1494],"product_tag":[1495,1496],"class_list":{"0":"post-15701","1":"product","2":"type-product","3":"status-publish","4":"has-post-thumbnail","6":"product_cat-bucket-cylinders","7":"product_tag-bucket-cylinders","8":"product_tag-hydraulic-cylinders","10":"first","11":"instock","12":"shipping-taxable","13":"product-type-simple"},"amp_enabled":true,"_links":{"self":[{"href":"https:\/\/www.hydraulic-cylinders.net\/lt\/wp-json\/wp\/v2\/product\/15701","targetHints":{"allow":["GET"]}}],"collection":[{"href":"https:\/\/www.hydraulic-cylinders.net\/lt\/wp-json\/wp\/v2\/product"}],"about":[{"href":"https:\/\/www.hydraulic-cylinders.net\/lt\/wp-json\/wp\/v2\/types\/product"}],"replies":[{"embeddable":true,"href":"https:\/\/www.hydraulic-cylinders.net\/lt\/wp-json\/wp\/v2\/comments?post=15701"}],"wp:featuredmedia":[{"embeddable":true,"href":"https:\/\/www.hydraulic-cylinders.net\/lt\/wp-json\/wp\/v2\/media\/14761"}],"wp:attachment":[{"href":"https:\/\/www.hydraulic-cylinders.net\/lt\/wp-json\/wp\/v2\/media?parent=15701"}],"wp:term":[{"taxonomy":"product_brand","embeddable":true,"href":"https:\/\/www.hydraulic-cylinders.net\/lt\/wp-json\/wp\/v2\/product_brand?post=15701"},{"taxonomy":"product_cat","embeddable":true,"href":"https:\/\/www.hydraulic-cylinders.net\/lt\/wp-json\/wp\/v2\/product_cat?post=15701"},{"taxonomy":"product_tag","embeddable":true,"href":"https:\/\/www.hydraulic-cylinders.net\/lt\/wp-json\/wp\/v2\/product_tag?post=15701"}],"curies":[{"name":"wp","href":"https:\/\/api.w.org\/{rel}","templated":true}]}}