{"id":15718,"date":"2025-01-19T14:53:13","date_gmt":"2025-01-19T14:53:13","guid":{"rendered":"https:\/\/www.hydraulic-cylinders.net\/product\/bucket-cylinder-for-case-small-excavator-cx58c\/"},"modified":"2025-01-19T14:53:15","modified_gmt":"2025-01-19T14:53:15","slug":"bucket-cylinder-for-case-small-excavator-cx58c","status":"publish","type":"product","link":"https:\/\/www.hydraulic-cylinders.net\/lt\/produktas\/bucket-cylinder-for-case-small-excavator-cx58c\/","title":{"rendered":"Kau\u0161o cilindras, skirtas ma\u017eam ekskavatoriui CX58C"},"content":{"rendered":"<h2>Kau\u0161o cilindras, skirtas ma\u017eam ekskavatoriui CX58C<\/h2>\n<p>\u012evadas:<\/p>\n<p>\u201eCase Small Excavator CX58C\u201c kau\u0161o cilindras yra specializuotas hidraulinis cilindras, skirtas valdyti kau\u0161o jud\u0117jim\u0105 sunkiojoje technikoje, pavyzd\u017eiui, ekskavatoriuose, ekskavatoriniuose krautuvams ir frontaliniams krautuvams. Pagrindin\u0117 jo funkcija \u2013 leisti pakelti, nuleisti ir pakreipti kau\u0161\u0105, kad b\u016bt\u0173 lengviau atlikti \u012fvairias med\u017eiag\u0173 tvarkymo u\u017eduotis. Hidraulin\u0117se sistemose kau\u0161o cilindras naudoja hidraulin\u0117s alyvos sl\u0117gio poky\u010dius, kad tiksliai valdyt\u0173 kau\u0161\u0105, o tai leid\u017eia operatoriams efektyviai valdyti sunkius krovinius ir prisitaikyti prie sud\u0117tingos darbo aplinkos bei \u012fvairi\u0173 darbo reikalavim\u0173. <\/p>\n<p><img decoding=\"async\" src=\"https:\/\/www.hydraulic-cylinders.net\/wp-content\/uploads\/2025\/01\/songte-company-2.webp\" alt=\"Kau\u0161o cilindro vaizdas\"><\/p>\n<h2>Savyb\u0117s:<\/h2>\n<ul>\n<li>Didelis tvirtumas ir ilgaam\u017ei\u0161kumas: Paprastai i\u0161 didelio stiprumo plieno arba aliuminio pagamintas kau\u0161o cilindras gali atlaikyti didel\u012f sl\u0117g\u012f ir dideles apkrovas, prisitaikydamas prie at\u0161iauri\u0173 darbo s\u0105lyg\u0173. Konstrukcijoje atsi\u017evelgiama \u012f atsparum\u0105 dilimui ir korozijai, taip pailginant jo tarnavimo laik\u0105.<\/li>\n<li>Efektyvus hidraulinis veikimas: Naudodamas hidraulin\u0117s alyvos sl\u0117g\u012f, kau\u0161o cilindras u\u017etikrina skland\u017eius i\u0161pl\u0117timo ir atitraukimo judesius, greitai reaguodamas \u012f valdymo komandas ir u\u017etikrindamas galingas st\u016bmimo bei traukimo j\u0117gas. Jis tinka sunkiems kroviniams kelti ir sud\u0117tingoms u\u017eduotims atlikti.<\/li>\n<li>\u012evair\u016bs tipai: atsi\u017evelgiant \u012f konkre\u010dius eksploatacinius reikalavimus, kau\u0161o cilindr\u0105 galima pasirinkti kaip vienpusio veikimo (hidraulinis sl\u0117gis naudojamas tik viena kryptimi) arba dvipusio veikimo (hidraulinis sl\u0117gis naudojamas abiem kryptimis). Kai kurie modeliai yra teleskopiniai, tod\u0117l juos galima labiau prailginti nedidinant i\u0161orini\u0173 matmen\u0173, tod\u0117l jie tinka naudoti ribotoje erdv\u0117je.<\/li>\n<li>Puikus pakeitimas: M\u016bs\u0173 gaminiai gali puikiai pakeisti \u0161iuos hidraulinius cilindrus, u\u017etikrindami suderinamum\u0105 ir patikim\u0105 veikim\u0105.<\/li>\n<\/ul>\n<p><img decoding=\"async\" src=\"https:\/\/www.hydraulic-cylinders.net\/wp-content\/uploads\/2025\/01\/songte-cylinder-head-with-all-kinds-excavator-models.webp\" alt=\"Produkto vaizdas\"><\/p>\n<h2>Parai\u0161kos:<\/h2>\n<p>Kau\u0161\u0173 cilindrai pla\u010diai naudojami \u012fvairiose pramon\u0117s \u0161akose ir \u012frangoje, \u012fskaitant:<\/p>\n<ul>\n<li>Statybin\u0117 \u012franga: ji atlieka labai svarb\u0173 vaidmen\u012f ekskavatoriuose kasant, kraunant ir perkeliant grunt\u0105 ar \u0161iuk\u0161les. Ekskavatoriuose kau\u0161o cilindras padeda tiek kasant, tiek keliant.<\/li>\n<li>\u017dem\u0117s \u016bkio technika: naudojama priekiniuose krautuvuose dirvo\u017eemiui, \u0161ienui ir kitoms med\u017eiagoms kasti, kelti ir transportuoti.<\/li>\n<li>Ekskavatoriai: Kau\u0161o cilindras leid\u017eia atlikti kasimo veiksmus, leisdamas kau\u0161ui prasiskverbti pro dirv\u0105.<\/li>\n<li>Krautuvai: Priekiniuose krautuvuose jie padeda efektyviai pakelti ir i\u0161krauti prekes.<\/li>\n<\/ul>\n<h2>Projektavimo aspektai ir atrankos kriterijai:<\/h2>\n<p>Dizaino aspektai:<\/p>\n<ul>\n<li>Guoli\u0173 talpa<\/li>\n<li>Sandarinimas<\/li>\n<li>Patvarumas<\/li>\n<li>Saugumas<\/li>\n<li>Prie\u017ei\u016bra<\/li>\n<\/ul>\n<p><img decoding=\"async\" src=\"https:\/\/www.hydraulic-cylinders.net\/wp-content\/uploads\/2025\/01\/songte-oil-pipes-and-spare-parts.webp\" alt=\"Dizaino aspektai Vaizdas\"><\/p>\n<p>Sandarinimas ir tepimas:<\/p>\n<p>Kau\u0161o cilindre naudojami \u012fvair\u016bs sandarikliai, tokie kaip st\u016bmokli\u0173 ir kot\u0173 sandarikliai, pagaminti i\u0161 atspari\u0173 dilimui med\u017eiag\u0173, toki\u0173 kaip poliuretanas ir nitrilo kau\u010diukas. Cilindro korpusas ir srieginiai galai yra kruop\u0161\u010diai apdorojami, siekiant padidinti atsparum\u0105 dilimui. B\u016btina reguliariai tepti tinkama hidrauline alyva.<\/p>\n<p>Reguliarios patikros ir prevencin\u0117s prie\u017ei\u016bros priemon\u0117s:<\/p>\n<ul>\n<li>Patikrinkite cilindr\u0105 ir sandariklius, ar n\u0117ra susid\u0117v\u0117jimo ar pa\u017eeidim\u0173<\/li>\n<li>Tinkamas vis\u0173 judan\u010di\u0173 dali\u0173 tepimas<\/li>\n<li>Periodi\u0161kai keiskite sandariklius ir atlikite kalibravimo patikrinimus<\/li>\n<\/ul>\n<h2>Saugos aspektai ir aplinkos veiksniai:<\/h2>\n<p>Naudojant hidraulinius cilindrus, itin svarbu u\u017etikrinti saugos priemones. Reikia imtis atsargumo priemoni\u0173, kad b\u016bt\u0173 i\u0161vengta nelaiming\u0173 atsitikim\u0173 ir apsaugota aplinka.<\/p>\n<h2>Gedim\u0173 diagnostika ir da\u017eniausios problemos:<\/h2>\n<p>Gedim\u0173 diagnostika ir da\u017eniausios problemos, kurios gali kilti naudojant kau\u0161o cilindrus, yra \u0161ios:<\/p>\n<ul>\n<li>Hidraulin\u0117s alyvos nuot\u0117kis<\/li>\n<li>L\u0117tas arba nereaguojantis judesys<\/li>\n<li>Per didelis triuk\u0161mas ar vibracija<\/li>\n<li>Netolygus arba tr\u016bk\u010diojantis judesys<\/li>\n<\/ul>\n<p>Tur\u0117t\u0173 b\u016bti pateikti trik\u010di\u0173 \u0161alinimo patarimai ir sprendimai, kad b\u016bt\u0173 galima veiksmingai diagnozuoti ir i\u0161spr\u0119sti problemas, kartu su prevencin\u0117mis priemon\u0117mis, kad b\u016bt\u0173 suma\u017eintos galimos problemos.<\/p>\n<p><img decoding=\"async\" src=\"https:\/\/www.hydraulic-cylinders.net\/wp-content\/uploads\/2025\/01\/songte-bushings-with-all-kinds-of-excavator-models.webp\" alt=\"Gedim\u0173 diagnostikos vaizdas\"><\/p>\n<p>Diegimo vadovas:<\/p>\n<p>Tinkamas montavimas yra labai svarbus optimaliam kau\u0161o cilindro veikimui ir ilgaam\u017ei\u0161kumui. Reik\u0117t\u0173 laikytis \u0161i\u0173 gairi\u0173:<\/p>\n<ul>\n<li>U\u017etikrinkite teising\u0105 cilindro sulygiavim\u0105<\/li>\n<li>Cilindro tvirtinimui naudokite tinkamus tvirtinimo laikiklius<\/li>\n<li>Rekomenduojamos ap\u017ei\u016bros, remonto ir keitimo proced\u016bros<\/li>\n<li>Pateikite patarim\u0173, kaip prailginti kau\u0161o cilindro tarnavimo laik\u0105<\/li>\n<\/ul>\n<h2>Apie m\u016bs\u0173 \u012fmon\u0119:<\/h2>\n<p>Esame pirmaujanti atsargini\u0173 hidraulini\u0173 cilindr\u0173 gamintoja ir didmenin\u0117 platintoja vidaus ir tarptautin\u0117se rinkose. Tur\u0117dama plat\u0173 gamini\u0173 asortiment\u0105, m\u016bs\u0173 \u012fmon\u0117 vadovaujasi industrializuoto gamybos valdymo strategija, remdamasi kvalifikuotais darbuotojais, pa\u017eangia gamybos \u012franga ir profesionaliomis bandym\u0173 sistemomis. Nuolat tobuliname savo gamybos platform\u0105 ir gamini\u0173 kokyb\u0117s gamybos proces\u0105, siekdami patenkinti \u012fvairius klient\u0173 poreikius, u\u017etikrindami auk\u0161t\u0105 efektyvum\u0105, tikslum\u0105 ir kokyb\u0119.<\/p>\n<p><img decoding=\"async\" src=\"https:\/\/www.hydraulic-cylinders.net\/wp-content\/uploads\/2025\/01\/songte-company-3.webp\" alt=\"\u012emon\u0117s \u012fvaizdis\"><\/p>\n<p>M\u016bs\u0173 \u012fmon\u0117 \u017einoma d\u0117l:<\/p>\n<ul>\n<li>Profesionalumas<\/li>\n<li>Tarptautiniai sertifikatai<\/li>\n<li>Pritaikymo paslaugos<\/li>\n<li>Pa\u017eangi gamybos \u012franga<\/li>\n<li>Aptarnavimas po pardavimo<\/li>\n<\/ul>\n<p>Autorius: lyl<\/p>","protected":false},"excerpt":{"rendered":"<p>Bucket Cylinder For Case Small Excavator CX58C Introduction: The bucket cylinder for the Case Small Excavator CX58C is a specialized hydraulic cylinder designed to control the movement of the bucket in heavy machinery such as excavators, backhoe loaders, and front-end loaders. Its main function is to enable the lifting, lowering, and tilting of the bucket, [&hellip;]<\/p>","protected":false},"featured_media":14788,"comment_status":"open","ping_status":"closed","template":"","meta":{"_et_pb_use_builder":"","_et_pb_old_content":"","_et_gb_content_width":""},"product_brand":[],"product_cat":[1494],"product_tag":[1495,1496],"class_list":{"0":"post-15718","1":"product","2":"type-product","3":"status-publish","4":"has-post-thumbnail","6":"product_cat-bucket-cylinders","7":"product_tag-bucket-cylinders","8":"product_tag-hydraulic-cylinders","10":"first","11":"instock","12":"shipping-taxable","13":"product-type-simple"},"amp_enabled":true,"_links":{"self":[{"href":"https:\/\/www.hydraulic-cylinders.net\/lt\/wp-json\/wp\/v2\/product\/15718","targetHints":{"allow":["GET"]}}],"collection":[{"href":"https:\/\/www.hydraulic-cylinders.net\/lt\/wp-json\/wp\/v2\/product"}],"about":[{"href":"https:\/\/www.hydraulic-cylinders.net\/lt\/wp-json\/wp\/v2\/types\/product"}],"replies":[{"embeddable":true,"href":"https:\/\/www.hydraulic-cylinders.net\/lt\/wp-json\/wp\/v2\/comments?post=15718"}],"wp:featuredmedia":[{"embeddable":true,"href":"https:\/\/www.hydraulic-cylinders.net\/lt\/wp-json\/wp\/v2\/media\/14788"}],"wp:attachment":[{"href":"https:\/\/www.hydraulic-cylinders.net\/lt\/wp-json\/wp\/v2\/media?parent=15718"}],"wp:term":[{"taxonomy":"product_brand","embeddable":true,"href":"https:\/\/www.hydraulic-cylinders.net\/lt\/wp-json\/wp\/v2\/product_brand?post=15718"},{"taxonomy":"product_cat","embeddable":true,"href":"https:\/\/www.hydraulic-cylinders.net\/lt\/wp-json\/wp\/v2\/product_cat?post=15718"},{"taxonomy":"product_tag","embeddable":true,"href":"https:\/\/www.hydraulic-cylinders.net\/lt\/wp-json\/wp\/v2\/product_tag?post=15718"}],"curies":[{"name":"wp","href":"https:\/\/api.w.org\/{rel}","templated":true}]}}