{"id":15722,"date":"2025-01-19T14:53:32","date_gmt":"2025-01-19T14:53:32","guid":{"rendered":"https:\/\/www.hydraulic-cylinders.net\/product\/bucket-cylinder-for-case-middle-excavator-cx21b-em\/"},"modified":"2025-01-19T14:53:34","modified_gmt":"2025-01-19T14:53:34","slug":"bucket-cylinder-for-case-middle-excavator-cx21b-em","status":"publish","type":"product","link":"https:\/\/www.hydraulic-cylinders.net\/lt\/produktas\/bucket-cylinder-for-case-middle-excavator-cx21b-em\/","title":{"rendered":"Kau\u0161o cilindras, skirtas \u201eCase Middle Excavator CX21B-EM\u201c"},"content":{"rendered":"<h1>Kau\u0161o cilindras, skirtas \u201eCase Middle Excavator CX21B-EM\u201c<\/h1>\n<h2>\u012evadas<\/h2>\n<p>\u201eCase\u201c vidutinio profilio ekskavatoriaus CX21B-EM kau\u0161o cilindras yra specialiai sukurtas hidraulinis cilindras, daugiausia naudojamas kau\u0161o jud\u0117jimui valdyti sunkiosiose ma\u0161inose, tokiose kaip ekskavatoriai, ekskavatoriniai ekskavatoriai ir frontaliniai krautuvai. Pagrindin\u0117 jo funkcija \u2013 leisti kau\u0161ui pakilti, nuleisti ir pakreipti, tod\u0117l jis idealiai tinka \u012fvairioms med\u017eiag\u0173 tvarkymo u\u017eduotims. Hidraulin\u0117je sistemoje kau\u0161o cilindras tiksliai valdo kau\u0161o jud\u0117jim\u0105 keisdamas hidraulin\u0117s alyvos sl\u0117g\u012f, tod\u0117l operatoriai gali efektyviai valdyti sunkius krovinius ir prisitaikyti prie sud\u0117ting\u0173 darbo s\u0105lyg\u0173 bei \u012fvairi\u0173 eksploatavimo reikalavim\u0173.<\/p>\n<p><img decoding=\"async\" src=\"https:\/\/www.hydraulic-cylinders.net\/wp-content\/uploads\/2025\/01\/songte-company-2.webp\" alt=\"Kau\u0161o cilindras, skirtas \u201eCase Middle Excavator CX21B-EM\u201c\"><\/p>\n<h2>Savyb\u0117s<\/h2>\n<ul>\n<li>Didelis stiprumas ir ilgaam\u017ei\u0161kumas: paprastai pagaminti i\u0161 didelio stiprumo plieno arba aliuminio, galintys atlaikyti auk\u0161t\u0105 sl\u0117g\u012f ir dideles apkrovas, tinkami at\u0161iaurioms darbo aplinkoms, suprojektuoti atsi\u017evelgiant \u012f atsparum\u0105 dilimui ir korozijai, prailginantys tarnavimo laik\u0105.<\/li>\n<li>Efektyvus hidraulinis veikimas: naudojant hidraulin\u0117s alyvos sl\u0117g\u012f, u\u017etikrinamas sklandus i\u0161pl\u0117timas ir atitraukimas, greitas reagavimas \u012f valdymo komandas, galingos st\u016bmimo ir traukimo j\u0117gos, tinkamos sunkiems kroviniams kelti ir sud\u0117tingoms eksploatavimo u\u017eduotims atlikti.<\/li>\n<li>\u012evair\u016bs tipai: vienpusio veikimo (hidraulinis naudojamas tik viena kryptimi) arba dvipusio veikimo (hidraulinis naudojamas abiem kryptimis) cilindrus galima pasirinkti pagal j\u016bs\u0173 poreikius, kad b\u016bt\u0173 patenkinti skirtingi eksploatavimo reikalavimai. Kai kurie modeliai yra teleskopiniai, tod\u0117l juos galima labiau i\u0161tiesti nedidinant i\u0161orini\u0173 matmen\u0173, tod\u0117l jie tinka naudoti ribotoje erdv\u0117je.<\/li>\n<li>Kei\u010diamas: m\u016bs\u0173 gaminys gali puikiai pakeisti \u0161iuos hidraulinius cilindrus.<\/li>\n<\/ul>\n<p><img decoding=\"async\" src=\"https:\/\/www.hydraulic-cylinders.net\/wp-content\/uploads\/2025\/01\/songte-cylinder-head-with-all-kinds-excavator-models.webp\" alt=\"Kau\u0161o cilindras, skirtas \u201eCase Middle Excavator CX21B-EM\u201c\"><\/p>\n<h2>Parai\u0161kos<\/h2>\n<h3>Statybin\u0117 \u012franga<\/h3>\n<p>Ekskavatoriuose jie yra b\u016btini kasant, kraunant ir perkeliant dirvo\u017eem\u012f ar \u0161iuk\u0161les. Ekskavatoriuose kau\u0161o cilindrai padeda tiek kasti, tiek kelti. Priekiniuose krautuvuose jie padeda efektyviai kelti ir pakreipti prekes.<\/p>\n<h3>\u017dem\u0117s \u016bkio technika<\/h3>\n<p>Naudojami priekiniuose krautuvuose dirvo\u017eemiui, \u0161ienui ir kitoms med\u017eiagoms kasti, kelti ir transportuoti; ekskavatoriuose kau\u0161o cilindrai leid\u017eia kasti, leisdami kau\u0161ui \u012fsiskverbti \u012f dirv\u0105.<\/p>\n<h2>Projektavimo aspektai ir atrankos kriterijai<\/h2>\n<h3>Svarbiausi aspektai<\/h3>\n<ul>\n<li>Guoli\u0173 talpa<\/li>\n<li>Sandarinimas<\/li>\n<li>Patvarumas<\/li>\n<li>Saugumas<\/li>\n<li>Prie\u017ei\u016bra<\/li>\n<\/ul>\n<p><img decoding=\"async\" src=\"https:\/\/www.hydraulic-cylinders.net\/wp-content\/uploads\/2025\/01\/songte-oil-pipes-and-spare-parts.webp\" alt=\"Kau\u0161o cilindras, skirtas \u201eCase Middle Excavator CX21B-EM\u201c\"><\/p>\n<h3>Sandarinimas ir tepimas<\/h3>\n<p>Naudojami \u012fvair\u016bs sandarinimo elementai, tokie kaip st\u016bmokli\u0173 ir kot\u0173 sandarikliai, pagaminti i\u0161 atspari\u0173 dilimui med\u017eiag\u0173, toki\u0173 kaip poliuretanas ir nitrilo kau\u010diukas. Cilindro korpusas ir srieginiai galiniai pavir\u0161iai yra kruop\u0161\u010diai apdirbti, siekiant pagerinti atsparum\u0105 dilimui. Tepimui reikia reguliariai \u012fpilti tinkamos hidraulin\u0117s alyvos.<\/p>\n<h3>Prie\u017ei\u016bra ir remontas<\/h3>\n<p>Reguliar\u016bs patikrinimai, tinkamas tepimas, sandarikli\u0173 keitimas ir kalibravimo patikrinimai yra \u012fprastos technin\u0117s prie\u017ei\u016bros u\u017eduotys. Tinkamas montavimas, tepimas ir reguliavimas yra labai svarb\u016bs siekiant u\u017etikrinti cilindro ilgaam\u017ei\u0161kum\u0105. B\u016btina tinkamai i\u0161lyginti cilindr\u0105 montavimo metu, tod\u0117l rekomenduojama naudoti tinkamus tvirtinimo laikiklius cilindrui pritvirtinti. Pateikiamos rekomenduojamos patikrinimo, remonto ir keitimo proced\u016bros kartu su dali\u0173 keitimo ir remonto paslaugomis, siekiant pailginti kau\u0161o cilindro tarnavimo laik\u0105.<\/p>\n<p><img decoding=\"async\" src=\"https:\/\/www.hydraulic-cylinders.net\/wp-content\/uploads\/2025\/01\/songte-chushion-collar.webp\" alt=\"Kau\u0161o cilindras, skirtas \u201eCase Middle Excavator CX21B-EM\u201c\"><\/p>\n<h2>Saugos aspektai ir aplinkos veiksniai<\/h2>\n<p>Naudojant kau\u0161o cilindr\u0105, labai svarbios saugos priemon\u0117s, \u012fskaitant tinkam\u0105 montavim\u0105, prie\u017ei\u016br\u0105 ir remont\u0105. Siekiant suma\u017einti galim\u0105 poveik\u012f aplinkai, atliekami reguliar\u016bs patikrinimai, tinkamas tepimas, sandarikli\u0173 keitimas ir kalibravimo patikrinimai.<\/p>\n<h2>Da\u017ena gedim\u0173 diagnostika ir trik\u010di\u0173 \u0161alinimas<\/h2>\n<p>Da\u017eniausios kau\u0161o cilindr\u0173 problemos yra nuot\u0117kiai, nepakankamas arba l\u0117tas veikimas ir ne\u012fprasti garsai. Pateikiami trik\u010di\u0173 \u0161alinimo patarimai ir sprendimai, kurie padeda skaitytojams diagnozuoti ir veiksmingai i\u0161spr\u0119sti problemas. Si\u016blomos prevencin\u0117s priemon\u0117s, siekiant suma\u017einti galimas problemas.<\/p>\n<p><img decoding=\"async\" src=\"https:\/\/www.hydraulic-cylinders.net\/wp-content\/uploads\/2025\/01\/songte-bushings-with-all-kinds-of-excavator-models.webp\" alt=\"Kau\u0161o cilindras, skirtas \u201eCase Middle Excavator CX21B-EM\u201c\"><\/p>\n<h2>Apie mus<\/h2>\n<p>Esame pakaitini\u0173 hidraulini\u0173 cilindr\u0173 gamintojas, si\u016blantis plat\u0173 gamini\u0173 asortiment\u0105 ir tap\u0119s vienu i\u0161 pirmaujan\u010di\u0173 hidraulini\u0173 cilindr\u0173 gamintoj\u0173 bei didmenini\u0173 platintoj\u0173 vidaus ir tarptautin\u0117se rinkose. Vadovaujam\u0117s kokyb\u0117s puikumo principu ir savo kruop\u0161\u010diai pagamintose dirbtuv\u0117se taikome pramonin\u0117s gamybos valdymo strategijas, nuolat tobulindami gamybos platform\u0105 ir kokyb\u0117s u\u017etikrinimo proces\u0105, pasitelkdami techninius talentus, suskaitmenint\u0105 auk\u0161\u010diausios klas\u0117s gamybos \u012frang\u0105 ir profesionalias testavimo sistemas. Turime tvirtus k\u016brybinius paj\u0117gumus ir galime patenkinti \u012fvairius klient\u0173 poreikius, vadovaudamiesi didelio efektyvumo, didelio tikslumo ir auk\u0161tos kokyb\u0117s principais.<\/p>\n<p><img decoding=\"async\" src=\"https:\/\/hzpt.com\/wp-content\/uploads\/2024\/11\/songte-company-1.webp\" alt=\"Kau\u0161o cilindras, skirtas \u201eCase Middle Excavator CX21B-EM\u201c\"><\/p>\n<h3>Profesionalumas<\/h3>\n<p>Savo klientams teikiame profesionalius hidraulini\u0173 cilindr\u0173 sprendimus.<\/p>\n<h3>Tarptautinis sertifikavimas<\/h3>\n<p>M\u016bs\u0173 gaminiai yra sertifikuoti pagal tarptautinius standartus, tokius kaip ISO9001 ir CE.<\/p>\n<h3>Pritaikymo paslaugos<\/h3>\n<p>Si\u016blome pritaikymo paslaugas, kad patenkintume konkre\u010dius klient\u0173 poreikius.<\/p>\n<h3>Gamybos \u012franga<\/h3>\n<p>Naudojame pa\u017eangiausi\u0105 gamybos \u012frang\u0105, kad u\u017etikrintume gamini\u0173 kokyb\u0119.<\/p>\n<h3>Aptarnavimas po pardavimo<\/h3>\n<p>Savo klientams teikiame i\u0161sami\u0105 garantinio aptarnavimo ir technin\u0119 pagalb\u0105.<\/p>\n<p>Autorius: lyl<\/p>","protected":false},"excerpt":{"rendered":"<p>Bucket Cylinder For Case Middle Excavator CX21B-EM Introduction The bucket cylinder for Case middle excavator CX21B-EM is a specially designed hydraulic cylinder used primarily to control the movement of the bucket in heavy machinery such as excavators, backhoe excavators, and front-end loaders. Its primary function is to allow the bucket to lift, lower, and tilt, [&hellip;]<\/p>","protected":false},"featured_media":14782,"comment_status":"open","ping_status":"closed","template":"","meta":{"_et_pb_use_builder":"","_et_pb_old_content":"","_et_gb_content_width":""},"product_brand":[],"product_cat":[1494],"product_tag":[1495,1496],"class_list":{"0":"post-15722","1":"product","2":"type-product","3":"status-publish","4":"has-post-thumbnail","6":"product_cat-bucket-cylinders","7":"product_tag-bucket-cylinders","8":"product_tag-hydraulic-cylinders","10":"first","11":"instock","12":"shipping-taxable","13":"product-type-simple"},"amp_enabled":true,"_links":{"self":[{"href":"https:\/\/www.hydraulic-cylinders.net\/lt\/wp-json\/wp\/v2\/product\/15722","targetHints":{"allow":["GET"]}}],"collection":[{"href":"https:\/\/www.hydraulic-cylinders.net\/lt\/wp-json\/wp\/v2\/product"}],"about":[{"href":"https:\/\/www.hydraulic-cylinders.net\/lt\/wp-json\/wp\/v2\/types\/product"}],"replies":[{"embeddable":true,"href":"https:\/\/www.hydraulic-cylinders.net\/lt\/wp-json\/wp\/v2\/comments?post=15722"}],"wp:featuredmedia":[{"embeddable":true,"href":"https:\/\/www.hydraulic-cylinders.net\/lt\/wp-json\/wp\/v2\/media\/14782"}],"wp:attachment":[{"href":"https:\/\/www.hydraulic-cylinders.net\/lt\/wp-json\/wp\/v2\/media?parent=15722"}],"wp:term":[{"taxonomy":"product_brand","embeddable":true,"href":"https:\/\/www.hydraulic-cylinders.net\/lt\/wp-json\/wp\/v2\/product_brand?post=15722"},{"taxonomy":"product_cat","embeddable":true,"href":"https:\/\/www.hydraulic-cylinders.net\/lt\/wp-json\/wp\/v2\/product_cat?post=15722"},{"taxonomy":"product_tag","embeddable":true,"href":"https:\/\/www.hydraulic-cylinders.net\/lt\/wp-json\/wp\/v2\/product_tag?post=15722"}],"curies":[{"name":"wp","href":"https:\/\/api.w.org\/{rel}","templated":true}]}}