{"id":15724,"date":"2025-01-19T14:53:40","date_gmt":"2025-01-19T14:53:40","guid":{"rendered":"https:\/\/www.hydraulic-cylinders.net\/product\/bucket-cylinder-for-case-middle-excavator-cx240b\/"},"modified":"2025-01-19T14:53:42","modified_gmt":"2025-01-19T14:53:42","slug":"bucket-cylinder-for-case-middle-excavator-cx240b","status":"publish","type":"product","link":"https:\/\/www.hydraulic-cylinders.net\/lt\/produktas\/bucket-cylinder-for-case-middle-excavator-cx240b\/","title":{"rendered":"Kau\u0161o cilindras, skirtas \u201eCase Middle Excavator CX240B\u201c"},"content":{"rendered":"<h1>Kau\u0161o cilindras, skirtas \u201eCase Middle Excavator CX240B\u201c<\/h1>\n<h2>\u012evadas<\/h2>\n<p>\u201eCase\u201c vidutinio profilio ekskavatoriaus CX240B kau\u0161o cilindras yra specialiai sukurtas hidraulinis cilindras, naudojamas valdyti kau\u0161o jud\u0117jim\u0105 sunkiosiose ma\u0161inose, tokiose kaip ekskavatoriai, ekskavatoriniai ekskavatoriai ir frontaliniai krautuvai. Jo pagrindin\u0117 funkcija \u2013 leisti pakelti, nuleisti ir pakreipti kau\u0161\u0105, kad b\u016bt\u0173 lengviau atlikti \u012fvairias med\u017eiag\u0173 tvarkymo u\u017eduotis. Hidraulin\u0117je sistemoje kau\u0161o cilindras tiksliai valdo kau\u0161\u0105 keisdamas hidraulin\u0117s alyvos sl\u0117g\u012f, tod\u0117l operatoriai gali efektyviai valdyti sunkius krovinius ir prisitaikyti prie sud\u0117tingos darbo aplinkos bei \u012fvairi\u0173 darbo reikalavim\u0173.<\/p>\n<p><img decoding=\"async\" src=\"https:\/\/www.hydraulic-cylinders.net\/wp-content\/uploads\/2025\/01\/songte-company-2.webp\" alt=\"Kau\u0161o cilindro vaizdas\"><\/p>\n<h2>Savyb\u0117s<\/h2>\n<ul>\n<li>\n<h3>Didelis stiprumas ir ilgaam\u017ei\u0161kumas<\/h3>\n<p>Kau\u0161o cilindras paprastai gaminamas i\u0161 didelio stiprumo plieno arba aliuminio, galin\u010dio atlaikyti auk\u0161t\u0105 sl\u0117g\u012f ir dideles apkrovas, taip pat atsparus dilimui ir korozijai, prailgindamas jo tarnavimo laik\u0105.<\/p>\n<\/li>\n<li>\n<h3>Efektyvus hidraulinis valdymas<\/h3>\n<p>Kau\u0161o cilindras naudoja hidraulin\u0117s alyvos sl\u0117g\u012f, kad u\u017etikrint\u0173 skland\u0173 i\u0161st\u016bmim\u0105 ir susitraukim\u0105, greitai reaguot\u0173 \u012f valdymo komandas ir u\u017etikrint\u0173 galingas st\u016bmimo bei traukimo j\u0117gas, tod\u0117l tinka sunkiems kroviniams ir sud\u0117tingoms darbo u\u017eduotims atlikti.<\/p>\n<\/li>\n<li>\n<h3>\u012evair\u016bs tipai<\/h3>\n<p>Kau\u0161o cilindr\u0105 galima pasirinkti kaip vienpusio veikimo (hidraulik\u0105 naudojant tik viena kryptimi) arba dvipusio veikimo (hidraulik\u0105 naudojant abiem kryptimis), atsi\u017evelgiant \u012f reikiam\u0105 operacij\u0105, o kai kurie modeliai yra teleskopiniai, leid\u017eiantys didesn\u012f i\u0161pl\u0117tim\u0105 nedidinant i\u0161orini\u0173 matmen\u0173, tinkami naudoti ribotoje erdv\u0117je.<\/p>\n<\/li>\n<li>\n<h3>Puikus pakeitimas<\/h3>\n<p>M\u016bs\u0173 gaminys gali puikiai pakeisti \u0161iuos hidraulinius cilindrus.<\/p>\n<\/li>\n<li>\n<h3>Parai\u0161ka<\/h3>\n<p>Kau\u0161o cilindras pla\u010diai naudojamas statybin\u0117je \u012frangoje, \u017eem\u0117s \u016bkio ma\u0161inoje, ekskavatoriuose ir krautuvuose.<\/p>\n<\/li>\n<\/ul>\n<p><img decoding=\"async\" src=\"https:\/\/www.hydraulic-cylinders.net\/wp-content\/uploads\/2025\/01\/songte-cylinder-head-with-all-kinds-excavator-models.webp\" alt=\"Kau\u0161o cilindr\u0173 modeliai\"><\/p>\n<h2>Parai\u0161kos<\/h2>\n<h3>Statybin\u0117 \u012franga<\/h3>\n<p>Ekskavatoriuose jie yra b\u016btini kasant, kraunant ir perkeliant dirvo\u017eem\u012f ar \u0161iuk\u0161les. Ekskavatoriuose kau\u0161o cilindras padeda ir kasti, ir kelti. Priekiniuose krautuvuose jie padeda efektyviai kelti ir pakreipti prekes.<\/p>\n<h3>\u017dem\u0117s \u016bkio technika<\/h3>\n<p>Kau\u0161o cilindras naudojamas frontaliniams krautuvams, kasimui, k\u0117limui ir dirvo\u017eemio, \u0161ieno ir kit\u0173 med\u017eiag\u0173 transportavimui.<\/p>\n<h3>Ekskavatoriai<\/h3>\n<p>Kau\u0161o cilindras leid\u017eia kasti, leisdamas kau\u0161ui \u012fsiskverbti \u012f dirv\u0105.<\/p>\n<h3>Krautuvai<\/h3>\n<p>Priekiniuose krautuvuose kau\u0161o cilindras padeda efektyviai pakelti ir i\u0161krauti prekes.<\/p>\n<h2>Projektavimo aspektai ir atrankos kriterijai<\/h2>\n<h3>Keliamoji galia<\/h3>\n<p>Kau\u0161o cilindras turi atlaikyti numatom\u0105 apkrov\u0105.<\/p>\n<h3>Sandarinimas<\/h3>\n<p>Kau\u0161o cilindras turi b\u016bti sandariai u\u017edarytas, kad b\u016bt\u0173 i\u0161vengta nuot\u0117ki\u0173 ir u\u017eter\u0161imo.<\/p>\n<h3>Patvarumas<\/h3>\n<p>Kau\u0161o cilindras turi b\u016bti suprojektuotas taip, kad atlaikyt\u0173 dilim\u0105 ir korozij\u0105, ir prailgint\u0173 jo tarnavimo laik\u0105.<\/p>\n<h3>Saugumas<\/h3>\n<p>Kau\u0161o cilindras tur\u0117t\u0173 b\u016bti suprojektuotas su saugos funkcijomis, tokiomis kaip sl\u0117gio ma\u017einimo vo\u017etuvai.<\/p>\n<h3>Prie\u017ei\u016bra<\/h3>\n<p>Kau\u0161o cilindras tur\u0117t\u0173 b\u016bti suprojektuotas taip, kad j\u012f b\u016bt\u0173 lengva pri\u017ei\u016br\u0117ti, o jo komponentus b\u016bt\u0173 lengva aptarnauti arba pakeisti.<\/p>\n<p><img decoding=\"async\" src=\"https:\/\/www.hydraulic-cylinders.net\/wp-content\/uploads\/2025\/01\/songte-oil-pipes-and-spare-parts.webp\" alt=\"Kau\u0161o cilindro dalys\"><\/p>\n<h2>Sandarinimas ir tepimas<\/h2>\n<p>Kau\u0161o cilindre naudojami \u012fvair\u016bs sandarikliai, tokie kaip st\u016bmoklio sandarikliai, strypo sandarikliai ir kt., pagaminti i\u0161 atspari\u0173 dilimui med\u017eiag\u0173, toki\u0173 kaip poliuretanas, nitrilo kau\u010diukas ir kt. Cilindro korpusas ir sriegio gal\u0173 pavir\u0161iai yra kruop\u0161\u010diai apdirbti, siekiant padidinti j\u0173 atsparum\u0105 dilimui. B\u016btina reguliariai \u012fpilti tinkamos hidraulin\u0117s alyvos tepimui.<\/p>\n<h2>Prie\u017ei\u016bra ir remontas<\/h2>\n<p>Kau\u0161o cilindr\u0105 reikia reguliariai tikrinti, tepti ir keisti sandariklius. Teisingas montavimas yra labai svarbus, tod\u0117l rekomenduojame naudoti tinkamus montavimo laikiklius cilindrui pritvirtinti. Rekomenduojamos patikros, remonto ir keitimo proced\u016bros gali pad\u0117ti prailginti kau\u0161o cilindro tarnavimo laik\u0105. Mes tiekiame atsargines dalis ir remonto paslaugas.<\/p>\n<p><img decoding=\"async\" src=\"https:\/\/www.hydraulic-cylinders.net\/wp-content\/uploads\/2025\/01\/songte-chushion-collar.webp\" alt=\"Kau\u0161o cilindro apykakl\u0117\"><\/p>\n<h2>Saugos ir aplinkosaugos aspektai<\/h2>\n<p>Naudojant kau\u0161o cilindr\u0105, svarbu laikytis saugos priemoni\u0173, pavyzd\u017eiui, naudoti apsaugines priemones ir u\u017etikrinti, kad ma\u0161ina b\u016bt\u0173 stabili ir saugi. Taip pat b\u016btina tinkamai utilizuoti hidraulin\u0119 alyv\u0105 ir kitas pavojingas med\u017eiagas.<\/p>\n<h2>Gedim\u0173 diagnostika ir trik\u010di\u0173 \u0161alinimas<\/h2>\n<p>Da\u017eniausios kau\u0161o cilindro problemos yra nuot\u0117kiai, sandarikli\u0173 pa\u017eeidimai ir prastas veikimas. Jas galima i\u0161spr\u0119sti pakei\u010diant sandariklius, patikrinant alyvos lyg\u012f ir ap\u017ei\u016brint cilindr\u0105, ar n\u0117ra pa\u017eeidim\u0173.<\/p>\n<h2>\u012emon\u0117s pristatymas<\/h2>\n<p>Esame hidraulini\u0173 cilindr\u0173 pakaital\u0173 gamintojas, si\u016blantis plat\u0173 gamini\u0173 asortiment\u0105, tap\u0119s vienu i\u0161 pirmaujan\u010di\u0173 hidraulini\u0173 cilindr\u0173 gamintoj\u0173 ir didmeninink\u0173 vidaus ir u\u017esienio rinkose. Vadovaujam\u0117s puikios kokyb\u0117s koncepcija ir pramonin\u0117s gamybos valdymo strategijomis, pagr\u012fstomis patobulintomis gamybos dirbtuv\u0117mis. Naudodami technologinius talentus, auk\u0161\u010diausios klas\u0117s skaitmenin\u0119 gamybos \u012frang\u0105 ir profesionalias testavimo sistemas, nuolat tobuliname savo gamybos platformas, siekdami tobulinti gamini\u0173 kokyb\u0117s gamybos procesus. Turime stipr\u0173 geb\u0117jim\u0105 kurti didelio efektyvumo, didelio tikslumo ir auk\u0161tos kokyb\u0117s gaminius, kad patenkintume \u012fvairius m\u016bs\u0173 klient\u0173 poreikius.<\/p>\n<p><img decoding=\"async\" src=\"https:\/\/hzpt.com\/wp-content\/uploads\/2024\/11\/songte-company-1.webp\" alt=\"\u012emon\u0117s \u012fvaizdis\"><\/p>\n<h3>Profesionalumas<\/h3>\n<p>M\u016bs\u0173 komand\u0105 sudaro patyr\u0119 specialistai, turintys didel\u0119 patirt\u012f ir technin\u0119 patirt\u012f hidraulini\u0173 cilindr\u0173 pramon\u0117je.<\/p>\n<h3>Tarptautinis sertifikavimas<\/h3>\n<p>M\u016bs\u0173 gaminiai yra sertifikuoti \u012fvairiais tarptautiniais standartais, \u012fskaitant ISO 9001 ir CE, kurie u\u017etikrina j\u0173 kokyb\u0119 ir saug\u0105.<\/p>\n<h3>Pritaikymo paslaugos<\/h3>\n<p>Teikiame pritaikymo paslaugas, kad patenkintume konkre\u010dius klient\u0173 poreikius.<\/p>\n<h3>Gamybos \u012franga<\/h3>\n<p>Naudojame pa\u017eangi\u0105 skaitmenin\u0119 gamybos \u012frang\u0105, kad u\u017etikrintume gamini\u0173 kokyb\u0119 ir efektyvum\u0105.<\/p>\n<h3>Aptarnavimas po pardavimo<\/h3>\n<p>Siekdami u\u017etikrinti klient\u0173 pasitenkinim\u0105, si\u016blome puik\u0173 aptarnavim\u0105 po pardavimo, \u012fskaitant gamini\u0173 prie\u017ei\u016br\u0105 ir keitim\u0105.<\/p>\n<h4>Autorius: lyl<\/h4>","protected":false},"excerpt":{"rendered":"<p>Bucket Cylinder For Case Middle Excavator CX240B Introduction The bucket cylinder for Case middle excavator CX240B is a specially designed hydraulic cylinder used to control the movement of the bucket in heavy machinery such as excavators, backhoe excavators, and front-end loaders. Its main function is to enable the lifting, lowering, and tilting of the bucket, [&hellip;]<\/p>","protected":false},"featured_media":14778,"comment_status":"open","ping_status":"closed","template":"","meta":{"_et_pb_use_builder":"","_et_pb_old_content":"","_et_gb_content_width":""},"product_brand":[],"product_cat":[1494],"product_tag":[1495,1496],"class_list":{"0":"post-15724","1":"product","2":"type-product","3":"status-publish","4":"has-post-thumbnail","6":"product_cat-bucket-cylinders","7":"product_tag-bucket-cylinders","8":"product_tag-hydraulic-cylinders","10":"first","11":"instock","12":"shipping-taxable","13":"product-type-simple"},"amp_enabled":true,"_links":{"self":[{"href":"https:\/\/www.hydraulic-cylinders.net\/lt\/wp-json\/wp\/v2\/product\/15724","targetHints":{"allow":["GET"]}}],"collection":[{"href":"https:\/\/www.hydraulic-cylinders.net\/lt\/wp-json\/wp\/v2\/product"}],"about":[{"href":"https:\/\/www.hydraulic-cylinders.net\/lt\/wp-json\/wp\/v2\/types\/product"}],"replies":[{"embeddable":true,"href":"https:\/\/www.hydraulic-cylinders.net\/lt\/wp-json\/wp\/v2\/comments?post=15724"}],"wp:featuredmedia":[{"embeddable":true,"href":"https:\/\/www.hydraulic-cylinders.net\/lt\/wp-json\/wp\/v2\/media\/14778"}],"wp:attachment":[{"href":"https:\/\/www.hydraulic-cylinders.net\/lt\/wp-json\/wp\/v2\/media?parent=15724"}],"wp:term":[{"taxonomy":"product_brand","embeddable":true,"href":"https:\/\/www.hydraulic-cylinders.net\/lt\/wp-json\/wp\/v2\/product_brand?post=15724"},{"taxonomy":"product_cat","embeddable":true,"href":"https:\/\/www.hydraulic-cylinders.net\/lt\/wp-json\/wp\/v2\/product_cat?post=15724"},{"taxonomy":"product_tag","embeddable":true,"href":"https:\/\/www.hydraulic-cylinders.net\/lt\/wp-json\/wp\/v2\/product_tag?post=15724"}],"curies":[{"name":"wp","href":"https:\/\/api.w.org\/{rel}","templated":true}]}}