{"id":15726,"date":"2025-01-19T14:53:54","date_gmt":"2025-01-19T14:53:54","guid":{"rendered":"https:\/\/www.hydraulic-cylinders.net\/product\/bucket-cylinder-for-case-large-excavator-cx300b\/"},"modified":"2025-01-19T14:53:56","modified_gmt":"2025-01-19T14:53:56","slug":"bucket-cylinder-for-case-large-excavator-cx300b","status":"publish","type":"product","link":"https:\/\/www.hydraulic-cylinders.net\/lt\/produktas\/bucket-cylinder-for-case-large-excavator-cx300b\/","title":{"rendered":"Kau\u0161o cilindras, skirtas dideliems ekskavatoriams CX300B"},"content":{"rendered":"<h1>Kau\u0161o cilindras, skirtas dideliems ekskavatoriams CX300B<\/h1>\n<h2>\u012evadas<\/h2>\n<p>Kau\u0161o cilindras yra specialiai suprojektuotas hidraulinis cilindras, daugiausia naudojamas kau\u0161\u0173 jud\u0117jimui valdyti sunkiosiose ma\u0161inose, tokiose kaip ekskavatoriai, ekskavatoriniai krautuvai ir frontaliniai krautuvai. Pagrindin\u0117 jo funkcija \u2013 leisti kau\u0161ui pakilti, nuleisti ir pakreipti, taip palengvinant \u012fvairi\u0173 med\u017eiag\u0173 tvarkymo u\u017eduo\u010di\u0173 atlikim\u0105. Hidraulin\u0117je sistemoje kau\u0161o cilindras tiksliai valdo kau\u0161\u0105 keisdamas hidraulin\u0117s alyvos sl\u0117g\u012f, tod\u0117l operatoriai gali efektyviai valdyti sunkius krovinius ir prisitaikyti prie sud\u0117tingos darbo aplinkos bei \u012fvairi\u0173 eksploatavimo reikalavim\u0173.<\/p>\n<p><img decoding=\"async\" src=\"https:\/\/www.hydraulic-cylinders.net\/wp-content\/uploads\/2025\/01\/songte-company-2.webp\"><\/p>\n<h2>Savyb\u0117s<\/h2>\n<ul>\n<li><strong>Didelis stiprumas ir ilgaam\u017ei\u0161kumas:<\/strong> Paprastai pagamintas i\u0161 didelio stiprumo plieno arba aliuminio, jis gali atlaikyti didel\u012f sl\u0117g\u012f ir dideles apkrovas, prisitaikyti prie at\u0161iauri\u0173 darbo s\u0105lyg\u0173 ir yra suprojektuotas atsi\u017evelgiant \u012f atsparum\u0105 dilimui ir korozijai, taip prailginant jo tarnavimo laik\u0105.<\/li>\n<li><strong>Efektyvus hidraulinis veikimas:<\/strong> Naudoja hidraulin\u0117s alyvos sl\u0117g\u012f, kad b\u016bt\u0173 pasiekti skland\u016bs i\u0161pl\u0117timo ir susitraukimo veiksmai, gali greitai reaguoti \u012f valdymo komandas, u\u017etikrina galingas st\u016bmimo ir traukimo j\u0117gas, tinkamas sunkiems kroviniams kelti ir sud\u0117tingoms eksploatavimo u\u017eduotims atlikti.<\/li>\n<li><strong>\u012evair\u016bs tipai:<\/strong> Pagal reikalavimus, kad b\u016bt\u0173 patenkinti skirtingi eksploatavimo poreikiai, galima pasirinkti vienpusio veikimo (hidraulinis mechanizmas naudojamas tik viena kryptimi) arba dvipusio veikimo (hidraulinis mechanizmas naudojamas abiem kryptimis) cilindrus. Kai kurie modeliai yra teleskopiniai, tod\u0117l juos galima labiau i\u0161tiesti nedidinant i\u0161orini\u0173 matmen\u0173, tod\u0117l jie tinka naudoti ribotoje erdv\u0117je.<\/li>\n<li><strong>Lengvas pakeitimas:<\/strong> M\u016bs\u0173 gaminius galima puikiai pakeisti \u0161iais hidrauliniais cilindrais. Si\u016blome plat\u0173 cilindr\u0173 galvu\u010di\u0173 modeli\u0173 asortiment\u0105, tinkant\u012f visiems ekskavatori\u0173 modeliams.<\/li>\n<\/ul>\n<p><img decoding=\"async\" src=\"https:\/\/www.hydraulic-cylinders.net\/wp-content\/uploads\/2025\/01\/songte-cylinder-head-with-all-kinds-excavator-models.webp\"><\/p>\n<h2>Parai\u0161kos<\/h2>\n<p>Kau\u0161o cilindras pla\u010diai naudojamas \u012fvairiose pramon\u0117s \u0161akose, \u012fskaitant:<\/p>\n<ul>\n<li><strong>Statybin\u0117 \u012franga:<\/strong> Jie randami ekskavatoriuose ir yra b\u016btini kasant, kraunant ir perkeliant grunt\u0105 ar \u0161iuk\u0161les. Ekskavatoriuose kau\u0161o cilindrai padeda tiek kasti, tiek kelti. <\/li>\n<li><strong>\u017dem\u0117s \u016bkio technika:<\/strong> Naudojamas priekiniuose krautuvuose dirvo\u017eemiui, \u0161ienui ir kitoms med\u017eiagoms semti, kelti ir transportuoti. <\/li>\n<li><strong>Ekskavatoriai:<\/strong> Kau\u0161o cilindrai leid\u017eia kasti, leisdami kau\u0161ui prasiskverbti \u012f dirv\u0105. <\/li>\n<li><strong>Krautuvai:<\/strong> Priekiniuose krautuvuose jie padeda efektyviai pakelti ir i\u0161krauti krovin\u012f.<\/li>\n<\/ul>\n<h2>Produkto projektavimo aspektai ir atrankos standartai<\/h2>\n<p>Renkantis kau\u0161o cilindrus, b\u016btina atsi\u017evelgti \u012f tokius projektavimo veiksnius kaip keliamoji galia, sandarumas, ilgaam\u017ei\u0161kumas, saugumas ir prie\u017ei\u016bra. Kai kurie projektavimo aspektai:<\/p>\n<ul>\n<li><strong>Keliamoji galia:<\/strong> Kau\u0161o cilindras tur\u0117t\u0173 atlaikyti maksimali\u0105 \u012frangos apkrov\u0105 ir keliamos med\u017eiagos svor\u012f.<\/li>\n<li><strong>Sandarinimas:<\/strong> Norint u\u017etikrinti sandarum\u0105, kuris yra b\u016btinas hidraulin\u0117ms sistemoms, naudokite skirtingus sandariklius, tokius kaip st\u016bmokliniai sandarikliai, stryp\u0173 sandarikliai, pagaminti i\u0161 atspari\u0173 dilimui med\u017eiag\u0173, toki\u0173 kaip poliuretanas ir nitrilo kau\u010diukas.<\/li>\n<li><strong>Patvarumas:<\/strong> Cilindro korpusas ir sriegio galo pavir\u0161ius turi b\u016bti smulkiai apdoroti, kad b\u016bt\u0173 padidintas atsparumas dilimui. <\/li>\n<li><strong>Saugumas:<\/strong> Kad hidraulinio kau\u0161o gedimo atveju kau\u0161as staiga nenukrist\u0173, tur\u0117t\u0173 b\u016bti \u012frengtas apsauginis vo\u017etuvas. <\/li>\n<li><strong>Prie\u017ei\u016bra:<\/strong> Cilindr\u0105 tur\u0117t\u0173 b\u016bti lengva i\u0161ardyti ir remontuoti, o prie\u017ei\u016bros i\u0161laidos tur\u0117t\u0173 b\u016bti ma\u017eos.<\/li>\n<\/ul>\n<p><img decoding=\"async\" src=\"https:\/\/www.hydraulic-cylinders.net\/wp-content\/uploads\/2025\/01\/songte-oil-pipes-and-spare-parts.webp\"><\/p>\n<h2>Sandarinimas ir tepimas<\/h2>\n<p>Kau\u0161o cilindre turi b\u016bti naudojami \u012fvair\u016bs sandarikliai, tokie kaip st\u016bmoklio ir strypo sandarikliai, pagaminti i\u0161 atspari\u0173 dilimui med\u017eiag\u0173, toki\u0173 kaip poliuretanas ir nitrilo kau\u010diukas, kad b\u016bt\u0173 u\u017etikrintas sandarumas. Cilindro korpusas turi b\u016bti kruop\u0161\u010diai apdirbtas, kad b\u016bt\u0173 padidintas atsparumas dilimui. Norint i\u0161laikyti optimal\u0173 na\u0161um\u0105, b\u016btina reguliariai \u012fpilti tinkam\u0105 kiek\u012f hidraulin\u0117s alyvos tepimui.<\/p>\n<h2>Prie\u017ei\u016bra ir remontas<\/h2>\n<p>Reguliarus patikrinimas ir prevencin\u0117s prie\u017ei\u016bros priemon\u0117s yra b\u016btinos norint pailginti kau\u0161o cilindro tarnavimo laik\u0105. Prie\u017ei\u016bros u\u017eduotys apima:<\/p>\n<ul>\n<li>Reguliar\u016bs patikrinimai <\/li>\n<li>Tinkamas tepimas <\/li>\n<li>Tarpikli\u0173 ir tarpikli\u0173 keitimas <\/li>\n<li>Kalibravimo patikrinimai <\/li>\n<\/ul>\n<p>B\u016btinas teisingas montavimas, tepimas ir reguliavimas. Montuojant rekomenduojama tinkamai derinti cilindr\u0105 ir naudoti tinkamus tvirtinimo laikiklius. Rekomenduojame atlikti patikros, remonto ir keitimo program\u0105, kad pailg\u0117t\u0173 gaminio tarnavimo laikas.<\/p>\n<p><img decoding=\"async\" src=\"https:\/\/www.hydraulic-cylinders.net\/wp-content\/uploads\/2025\/01\/songte-chushion-collar.webp\"><\/p>\n<h2>Saugos aspektai ir aplinkos veiksniai<\/h2>\n<p>Dirbant su bet kokiu hidrauliniu cilindru, b\u016btina laikytis saugos priemoni\u0173, pavyzd\u017eiui, d\u0117v\u0117ti apsaugines priemones, tokias kaip pir\u0161tin\u0117s ir akiniai. Taip pat labai svarbu laikytis aplinkosaugos standart\u0173, susijusi\u0173 su hidraulin\u0117s alyvos ir kit\u0173 technin\u0117s prie\u017ei\u016bros ir remonto metu susidaran\u010di\u0173 atliek\u0173 \u0161alinimu.<\/p>\n<h2>Trik\u010di\u0173 \u0161alinimas ir da\u017eniausiai pasitaikan\u010dios problemos<\/h2>\n<p>Da\u017eniausios kau\u0161o cilindr\u0173 problemos yra pa\u017eeisti sandarikliai, nuot\u0117kiai ir suma\u017e\u0117j\u0119s eksploatacinis na\u0161umas. Trik\u010dius galima pa\u0161alinti vizualiai ap\u017ei\u016brint ir atliekant hidraulinio sl\u0117gio bandymus. D\u0117l bet koki\u0173 problem\u0173 rekomenduojame kreiptis \u012f specialist\u0105.<\/p>\n<p><img decoding=\"async\" src=\"https:\/\/www.hydraulic-cylinders.net\/wp-content\/uploads\/2025\/01\/songte-bushings-with-all-kinds-of-excavator-models.webp\"><\/p>\n<h2>Apie m\u016bs\u0173 \u012fmon\u0119<\/h2>\n<p>Esame pakaitini\u0173 hidraulini\u0173 cilindr\u0173 gamintojas, si\u016blantis plat\u0173 gamini\u0173 asortiment\u0105, ir tapome vienu i\u0161 pirmaujan\u010di\u0173 hidraulini\u0173 cilindr\u0173 gamintoj\u0173 ir didmenini\u0173 platintoj\u0173 vidaus ir tarptautin\u0117se rinkose. Laikom\u0117s auk\u0161\u010diausios kokyb\u0117s principo ir remiam\u0117s smulkiosios gamybos dirbtuvi\u0173 pramonin\u0117s gamybos valdymo strategija. Nuolat tobuliname dirbtuvi\u0173 gamybos platform\u0105 ir geriname gamini\u0173 kokyb\u0117s gamybos b\u016bdus, vadovaujam\u0117s stipriu k\u016brybi\u0161kumu, efektyvumu, dideliu tikslumu ir auk\u0161ta kokybe, kad patenkintume \u012fvairius klient\u0173 poreikius.<\/p>\n<p>M\u016bs\u0173 \u012fmon\u0117je dirba technini\u0173 specialist\u0173 komanda, naudojama auk\u0161\u010diausios klas\u0117s skaitmenin\u0117 gamybos \u012franga ir profesionalios testavimo sistemos, kurios nuolat gerina gamini\u0173 kokyb\u0119 ir teikia individualiai pritaikytas paslaugas. Siekdami u\u017etikrinti klient\u0173 pasitenkinim\u0105 ir ilgalaik\u012f bendradarbiavim\u0105, teikiame profesionalias garantinio aptarnavimo paslaugas.<\/p>\n<p><img decoding=\"async\" src=\"https:\/\/hzpt.com\/wp-content\/uploads\/2024\/11\/songte-company-1.webp\"> <\/p>\n<p>Autorius: lyl<\/p>","protected":false},"excerpt":{"rendered":"<p>Bucket Cylinder For Case Large Excavator CX300B Introduction A bucket cylinder is a specially designed hydraulic cylinder primarily used to control the movement of buckets in heavy machinery such as excavators, backhoe loaders, and front-end loaders. Its main function is to allow the bucket to lift, lower, and tilt, making it easier to handle various [&hellip;]<\/p>","protected":false},"featured_media":14773,"comment_status":"open","ping_status":"closed","template":"","meta":{"_et_pb_use_builder":"","_et_pb_old_content":"","_et_gb_content_width":""},"product_brand":[],"product_cat":[1494],"product_tag":[1495,1496],"class_list":{"0":"post-15726","1":"product","2":"type-product","3":"status-publish","4":"has-post-thumbnail","6":"product_cat-bucket-cylinders","7":"product_tag-bucket-cylinders","8":"product_tag-hydraulic-cylinders","10":"first","11":"instock","12":"shipping-taxable","13":"product-type-simple"},"amp_enabled":true,"_links":{"self":[{"href":"https:\/\/www.hydraulic-cylinders.net\/lt\/wp-json\/wp\/v2\/product\/15726","targetHints":{"allow":["GET"]}}],"collection":[{"href":"https:\/\/www.hydraulic-cylinders.net\/lt\/wp-json\/wp\/v2\/product"}],"about":[{"href":"https:\/\/www.hydraulic-cylinders.net\/lt\/wp-json\/wp\/v2\/types\/product"}],"replies":[{"embeddable":true,"href":"https:\/\/www.hydraulic-cylinders.net\/lt\/wp-json\/wp\/v2\/comments?post=15726"}],"wp:featuredmedia":[{"embeddable":true,"href":"https:\/\/www.hydraulic-cylinders.net\/lt\/wp-json\/wp\/v2\/media\/14773"}],"wp:attachment":[{"href":"https:\/\/www.hydraulic-cylinders.net\/lt\/wp-json\/wp\/v2\/media?parent=15726"}],"wp:term":[{"taxonomy":"product_brand","embeddable":true,"href":"https:\/\/www.hydraulic-cylinders.net\/lt\/wp-json\/wp\/v2\/product_brand?post=15726"},{"taxonomy":"product_cat","embeddable":true,"href":"https:\/\/www.hydraulic-cylinders.net\/lt\/wp-json\/wp\/v2\/product_cat?post=15726"},{"taxonomy":"product_tag","embeddable":true,"href":"https:\/\/www.hydraulic-cylinders.net\/lt\/wp-json\/wp\/v2\/product_tag?post=15726"}],"curies":[{"name":"wp","href":"https:\/\/api.w.org\/{rel}","templated":true}]}}