{"id":1573,"date":"2023-10-07T02:38:52","date_gmt":"2023-10-07T02:38:52","guid":{"rendered":"https:\/\/hydraulic-cylinders.net\/?post_type=product&#038;p=1573"},"modified":"2025-04-11T03:28:30","modified_gmt":"2025-04-11T03:28:30","slug":"mobile-crane-counterweight-cylinder","status":"publish","type":"product","link":"https:\/\/www.hydraulic-cylinders.net\/lt\/produktas\/mobile-crane-counterweight-cylinder\/","title":{"rendered":"Mobiliojo krano atsvaro cilindras"},"content":{"rendered":"<h1 style=\"text-align: center;\"><strong>Mobiliojo krano atsvaro cilindras<\/strong><\/h1>\n<p><img loading=\"lazy\" decoding=\"async\" class=\"aligncenter wp-image-1574\" src=\"https:\/\/hydraulic-cylinders.net\/wp-content\/uploads\/2023\/10\/counterweight-cylinder-1-300x300.webp\" alt=\"\" width=\"400\" height=\"400\" \/><\/p>\n<p>Mobiliojo krano atsvaro cilindras yra gyvybi\u0161kai svarbus komponentas, atliekantis lemiam\u0105 vaidmen\u012f u\u017etikrinant pusiausvyr\u0105 ir stabilum\u0105 k\u0117limo operacij\u0173 metu. \u0160is hidraulinis cilindras, specialiai sukurtas mobiliesiems kranams, u\u017etikrina kontroliuojam\u0105 atsvaro jud\u0117jim\u0105 ir pad\u0117t\u012f, optimizuodamas krano keliam\u0105j\u0105 gali\u0105 ir padidindamas bendr\u0105 saug\u0105.<\/p>\n<p>Mobiliojo krano atsvaro cilindras yra nepakei\u010diamas komponentas, u\u017etikrinantis pusiausvyr\u0105, stabilum\u0105 ir didesn\u012f saugum\u0105 atliekant mobiliojo krano k\u0117limo operacijas. D\u0117l tvirtos konstrukcijos, tikslaus hidraulinio valdymo ir galimyb\u0117s reguliuoti atsvaro pad\u0117t\u012f, \u0161is hidraulinis cilindras optimizuoja krano keliam\u0105j\u0105 gali\u0105 ir u\u017etikrina kontroliuojam\u0105 jud\u0117jim\u0105, suma\u017eindamas nelaiming\u0173 atsitikim\u0173 rizik\u0105 ir u\u017etikrindamas saug\u0173 bei efektyv\u0173 k\u0117lim\u0105. Tinkamai naudodami ir laikydamiesi rekomenduojamos prie\u017ei\u016bros praktikos, operatoriai gali maksimaliai pailginti mobiliojo krano atsvaro cilindro tarnavimo laik\u0105 ir patikimum\u0105, o tai u\u017etikrina s\u0117kmingas ir saugias k\u0117limo operacijas. Pasirinkite \u0161\u012f esmin\u012f hidraulin\u012f komponent\u0105, kad mobiliojo krano k\u0117limo operacijose b\u016bt\u0173 u\u017etikrinta pusiausvyra, stabilumas ir saugumas.<\/p>\n<p>Pagrindin\u0117s mobiliojo krano atsvaro cilindro charakteristikos:<\/p>\n<ol>\n<li>Tvirta konstrukcija ir ilgaam\u017ei\u0161kumas:<\/li>\n<\/ol>\n<ul>\n<li>Mobiliojo krano atsvaro cilindras pasi\u017eymi tvirta konstrukcija, kurioje naudojamos auk\u0161tos kokyb\u0117s med\u017eiagos, u\u017etikrinan\u010dios tvirtum\u0105 ir ilgaam\u017ei\u0161kum\u0105.<\/li>\n<li>Jis sukurtas atlaikyti dideles apkrovas, sm\u016bgius ir at\u0161iaurias aplinkos s\u0105lygas, u\u017etikrinant patikim\u0105 veikim\u0105 net ir sud\u0117tingomis darbo s\u0105lygomis.<\/li>\n<\/ul>\n<ol start=\"2\">\n<li>Hidraulinis valdymas ir tikslumas:<\/li>\n<\/ol>\n<ul>\n<li>\u0160is cilindras veikia per hidraulin\u0119 valdymo sistem\u0105, leid\u017eian\u010di\u0105 tiksliai jud\u0117ti ir reguliuoti atsvar\u0105.<\/li>\n<li>Hidraulinis valdymas u\u017etikrina skland\u0173 ir kontroliuojam\u0105 veikim\u0105, leisdamas operatoriams pasiekti norim\u0105 pusiausvyr\u0105 su did\u017eiausiu tikslumu.<\/li>\n<\/ul>\n<ol start=\"3\">\n<li>Optimalus atsvaro i\u0161d\u0117stymas:<\/li>\n<\/ol>\n<ul>\n<li>Mobiliojo krano atsvaro cilindras palengvina kontroliuojam\u0105 atsvaro jud\u0117jim\u0105 ir pad\u0117ties nustatym\u0105.<\/li>\n<li>Reguliuojant atsvaro pad\u0117t\u012f, operatoriai gali pagerinti stabilum\u0105 ir krano keliam\u0105j\u0105 gali\u0105, taip u\u017etikrindami saugias ir efektyvias k\u0117limo operacijas.<\/li>\n<\/ul>\n<ol start=\"4\">\n<li>Padidintas saugumas ir stabilumas:<\/li>\n<\/ol>\n<ul>\n<li>Atsvaras atlieka svarb\u0173 vaidmen\u012f atsveriant pakelt\u0105 krovin\u012f ir i\u0161laikant krano stabilum\u0105 viso darbo metu.<\/li>\n<li>Mobiliojo krano atsvaro cilindras leid\u017eia tiksliai valdyti atsvar\u0105, u\u017etikrinant subalansuot\u0105 ir stabil\u0173 k\u0117lim\u0105, suma\u017einant nelaiming\u0173 atsitikim\u0173 rizik\u0105 ir padidinant bendr\u0105 saug\u0105.<\/li>\n<\/ul>\n<h2><strong>Mobiliojo krano atsvaro cilindro parametras:<\/strong><\/h2>\n<table border=\"1\" cellspacing=\"0\" cellpadding=\"0\">\n<tbody>\n<tr>\n<td>Produkto pavadinimas<\/td>\n<td>Mobiliojo krano atsvaro cilindras<\/td>\n<\/tr>\n<tr>\n<td>Savyb\u0117s:<\/td>\n<td>Atsvar\u0173 montavimui,<\/td>\n<\/tr>\n<tr>\n<td>Skyl\u0117s skersmuo:<\/td>\n<td>85 mm ~ 320 mm<\/td>\n<\/tr>\n<tr>\n<td>Strypo skersmuo:<\/td>\n<td>55 mm\uff5e180 mm<br \/>\nEiga \u22641500 mm<\/td>\n<\/tr>\n<tr>\n<td>Sl\u0117gis:<\/td>\n<td>Maksimalus 35 MPa<\/td>\n<\/tr>\n<tr>\n<td>Teleskopini\u0173 cilindr\u0173 pritaikymas:<\/td>\n<td>Mobilus kranas<\/td>\n<\/tr>\n<\/tbody>\n<\/table>\n<h2><strong>Mobiliojo krano identifikavimo schema:<\/strong><\/h2>\n<p><img loading=\"lazy\" decoding=\"async\" class=\"alignnone wp-image-1551 size-full\" src=\"https:\/\/hydraulic-cylinders.net\/wp-content\/uploads\/2023\/09\/mobile-crane-cylinder-construction-1.webp\" alt=\"\" width=\"1418\" height=\"946\" srcset=\"https:\/\/hydraulic-cylinders.net\/wp-content\/uploads\/2023\/09\/mobile-crane-cylinder-construction-1.webp 1418w, https:\/\/hydraulic-cylinders.net\/wp-content\/uploads\/2023\/09\/mobile-crane-cylinder-construction-1-1280x854.webp 1280w, https:\/\/hydraulic-cylinders.net\/wp-content\/uploads\/2023\/09\/mobile-crane-cylinder-construction-1-980x654.webp 980w, https:\/\/hydraulic-cylinders.net\/wp-content\/uploads\/2023\/09\/mobile-crane-cylinder-construction-1-480x320.webp 480w\" sizes=\"(min-width: 0px) and (max-width: 480px) 480px, (min-width: 481px) and (max-width: 980px) 980px, (min-width: 981px) and (max-width: 1280px) 1280px, (min-width: 1281px) 1418px, 100vw\" \/><\/p>\n<h2><strong>Mobiliojo krano atsvaro cilindro naudojimo b\u016bdas<\/strong><strong>:<\/strong><\/h2>\n<ol>\n<li><strong>Susipa\u017einkite su valdikliais ir saugos gair\u0117mis:<\/strong><\/li>\n<\/ol>\n<ul>\n<li>Prie\u0161 prad\u0117dami naudoti mobiliojo krano atsvaro cilindr\u0105, operatoriai privalo susipa\u017einti su krano valdikliais ir saugos nurodymais.<\/li>\n<li>U\u017etikrinkite, kad b\u016bt\u0173 laikomasi vis\u0173 saugos proced\u016br\u0173 ir atsargumo priemoni\u0173, \u012fskaitant tinkam\u0105 atsvaro pad\u0117t\u012f, siekiant u\u017etikrinti saugias k\u0117limo operacijas.<\/li>\n<\/ul>\n<ol start=\"2\">\n<li><strong>Atsvaro reguliavimas:<\/strong><\/li>\n<\/ol>\n<ul>\n<li>Hidrauliniai valdikliai reguliuoja atsvaro pad\u0117t\u012f pagal k\u0117limo reikalavimus.<\/li>\n<li>Palaipsniui judinkite atsvar\u0105, kad pasiektum\u0117te norim\u0105 pusiausvyr\u0105 ir stabilum\u0105.<\/li>\n<li>K\u0117limo metu steb\u0117kite krano veikim\u0105 ir prireikus reguliuokite atsvaro pad\u0117t\u012f.<\/li>\n<\/ul>\n<ol start=\"3\">\n<li><strong>Balanso tikslus reguliavimas:<\/strong><\/li>\n<\/ol>\n<ul>\n<li>Viso k\u0117limo metu operatoriai tur\u0117t\u0173 nuolat steb\u0117ti krano stabilum\u0105.<\/li>\n<li>Jei reikia, atlikite nedidelius atsvaro pad\u0117ties pakeitimus, kad i\u0161laikytum\u0117te krano pusiausvyr\u0105 ir u\u017etikrintum\u0117te saug\u0173 k\u0117lim\u0105.<\/li>\n<\/ul>\n<h2><strong>Kokie yra pagrindiniai hidraulin\u0117s sistemos komponentai?<\/strong><\/h2>\n<p>Hidraulin\u0119 sistem\u0105 sudaro keli pagrindiniai komponentai, kurie kartu perduoda gali\u0105 ir valdo skys\u010di\u0173 jud\u0117jim\u0105. Pagrindiniai hidraulin\u0117s sistemos komponentai yra \u0161ie:<\/p>\n<ol>\n<li><strong>Hidraulinis skystis:<\/strong>\n<ul>\n<li>Hidraulinis skystis yra terp\u0117, per kuri\u0105 hidraulin\u0117je sistemoje perduodama j\u0117ga.<\/li>\n<li>Paprastai tai specialiai sukurta alyva, pasi\u017eyminti puikiomis tepimo ir sl\u0117gio perdavimo savyb\u0117mis.<\/li>\n<li>Hidraulinis skystis perduoda j\u0117g\u0105 i\u0161 vieno komponento \u012f kit\u0105 ir vaidina gyvybi\u0161kai svarb\u0173 vaidmen\u012f bendrame sistemos veikime.<\/li>\n<\/ul>\n<\/li>\n<li><strong>Hidraulinis siurblys:<\/strong>\n<ul>\n<li>Hidraulinis siurblys sukuria sraut\u0105 ir u\u017etikrina reikiam\u0105 sl\u0117g\u012f hidrauliniam skys\u010diui jud\u0117ti.<\/li>\n<li>Jis mechanin\u0119 energij\u0105 paver\u010dia hidrauline energija, paprastai gaunama i\u0161 elektros variklio arba variklio.<\/li>\n<li>Siurblys i\u0161 rezervuaro siurbia hidraulin\u012f skyst\u012f ir auk\u0161tu sl\u0117giu tiekia j\u012f \u012f likusi\u0105 hidraulin\u0117s sistemos dal\u012f.<\/li>\n<\/ul>\n<\/li>\n<li><strong>Rezervuaras:<\/strong>\n<ul>\n<li>Rezervuaras, dar vadinamas hidrauliniu baku, saugo hidraulin\u012f skyst\u012f.<\/li>\n<li>Jis tiekia skyst\u012f siurbliui ir padeda i\u0161sklaidyti sistemos veikimo metu susidaran\u010di\u0105 \u0161ilum\u0105.<\/li>\n<li>Rezervuare paprastai yra filtras ter\u0161alams pa\u0161alinti ir ribotuvas, skirtas palaikyti tinkam\u0105 skys\u010dio lyg\u012f ir u\u017ekirsti keli\u0105 ter\u0161al\u0173 ar oro patekimui.<\/li>\n<\/ul>\n<\/li>\n<li><strong>Hidraulin\u0117s pavaros:<\/strong>\n<ul>\n<li>Hidrauliniai pavaros yra \u012ftaisai, kurie hidraulin\u0119 energij\u0105 paver\u010dia mechanine j\u0117ga arba judesiu.<\/li>\n<li>Du labiausiai paplit\u0119 hidrauliniai pavaros mechanizmai yra hidrauliniai cilindrai ir hidrauliniai varikliai.<\/li>\n<li>Hidrauliniai cilindrai naudoja hidraulinio skys\u010dio sl\u0117g\u012f tiesiniam jud\u0117jimui generuoti, o hidrauliniai varikliai skys\u010dio sl\u0117g\u012f paver\u010dia sukamuoju judesiu.<\/li>\n<\/ul>\n<\/li>\n<li><strong>Valdymo vo\u017etuvai:<\/strong>\n<ul>\n<li>Valdymo vo\u017etuvai reguliuoja hidraulinio skys\u010dio sraut\u0105 ir sl\u0117g\u012f visoje sistemoje.<\/li>\n<li>Jie nukreipia skyst\u012f \u012f skirtingus pavaros mechanizmus ir kontroliuoja jud\u0117jimo greit\u012f bei krypt\u012f.<\/li>\n<li>Valdymo vo\u017etuvai gali b\u016bti valdomi rankiniu b\u016bdu arba automati\u0161kai, naudojant solenoidus ar kitus valdymo mechanizmus.<\/li>\n<\/ul>\n<\/li>\n<li><strong>Hidraulin\u0117s linijos ir \u017earnos:<\/strong>\n<ul>\n<li>Hidraulin\u0117s linijos ir \u017earnos transportuoja hidraulin\u012f skyst\u012f tarp \u012fvairi\u0173 sistemos komponent\u0173.<\/li>\n<li>Jie sukurti taip, kad atlaikyt\u0173 auk\u0161t\u0105 sl\u0117g\u012f, ir pagaminti i\u0161 med\u017eiag\u0173, kurios yra suderinamos su hidrauliniais skys\u010diais.<\/li>\n<li>Tinkamas hidraulini\u0173 linij\u0173 ir \u017earn\u0173 montavimas ir prie\u017ei\u016bra yra labai svarb\u016bs siekiant i\u0161vengti nuot\u0117ki\u0173 ir u\u017etikrinti optimal\u0173 sistemos veikim\u0105.<\/li>\n<\/ul>\n<\/li>\n<li><strong>Akumuliatoriai:<\/strong>\n<ul>\n<li>Akumuliatoriai kaupia susl\u0117gt\u0105 hidraulin\u012f skyst\u012f b\u016bsimam naudojimui.<\/li>\n<li>Jie padeda palaikyti sistemos sl\u0117g\u012f, sugeria sm\u016bgius ir suteikia papildomos galios esant did\u017eiausiai apkrovai.<\/li>\n<li>Akumuliatoriai da\u017enai naudojami tais atvejais, kai reikalinga greita arba pertraukiama hidraulin\u0117 energija.<\/li>\n<\/ul>\n<\/li>\n<li><strong>Filtrai:<\/strong>\n<ul>\n<li>Filtrai pa\u0161alina ter\u0161alus ir priemai\u0161as i\u0161 hidraulinio skys\u010dio.<\/li>\n<li>Jie apsaugo nuo daleli\u0173, \u0161iuk\u0161li\u0173 ir kit\u0173 ter\u0161al\u0173, kurie gali pa\u017eeisti sistemos komponentus, ir u\u017etikrina skys\u010di\u0173 \u0161var\u0105.<\/li>\n<li>Filtrai paprastai montuojami hidraulin\u0117se linijose arba rezervuare.<\/li>\n<\/ul>\n<\/li>\n<\/ol>\n<h2><strong>Gamyklos paj\u0117gumai ir talpa:<\/strong><\/h2>\n<h3>(1) Surinkimas<\/h3>\n<p>Turime pirmos klas\u0117s nepriklausom\u0105 tyrim\u0173 ir pl\u0117tros surinkimo platform\u0105. Hidraulini\u0173 cilindr\u0173 gamybos ceche yra keturios pusiau automatin\u0117s k\u0117limo cilindr\u0173 surinkimo linijos ir viena automatin\u0117 pakreipimo cilindr\u0173 surinkimo linija, kuri\u0173 projektinis metinis gamybos paj\u0117gumas yra 1 milijonas vienet\u0173. Speciali\u0173j\u0173 cilindr\u0173 ceche \u012frengta \u012fvairi\u0173 specifikacij\u0173 pusiau automatin\u0117 valymo surinkimo sistema, kurios projektinis metinis gamybos paj\u0117gumas yra 200 000 vienet\u0173, ir garsi CNC apdirbimo \u012franga, apdirbimo centras, didelio tikslumo cilindr\u0173 apdirbimo speciali \u012franga, robotinis suvirinimo aparatas, automatinis valymo aparatas, automatinis cilindr\u0173 surinkimo aparatas ir automatin\u0117 da\u017eymo gamybos linija. Esama daugiau nei 300 rinkini\u0173 (komplekt\u0173) kritin\u0117 \u012franga. Optimalus \u012frangos i\u0161tekli\u0173 paskirstymas ir efektyvus naudojimas u\u017etikrina gamini\u0173 tikslumo reikalavimus ir auk\u0161tus gamini\u0173 kokyb\u0117s poreikius.<\/p>\n<p><img loading=\"lazy\" decoding=\"async\" class=\"alignnone wp-image-626\" src=\"https:\/\/hydraulic-cylinders.net\/wp-content\/uploads\/2023\/08\/hydraulic-cylinder-product-1-300x158.webp\" alt=\"\" width=\"495\" height=\"260\" srcset=\"https:\/\/hydraulic-cylinders.net\/wp-content\/uploads\/2023\/08\/hydraulic-cylinder-product-1-300x158.webp 495w, https:\/\/hydraulic-cylinders.net\/wp-content\/uploads\/2023\/08\/hydraulic-cylinder-product-1-480x252.webp 480w\" sizes=\"(min-width: 0px) and (max-width: 480px) 480px, (min-width: 481px) 495px, 100vw\" \/> <img loading=\"lazy\" decoding=\"async\" class=\"alignnone wp-image-627\" src=\"https:\/\/hydraulic-cylinders.net\/wp-content\/uploads\/2023\/08\/hydraulic-cylinder-product-2-300x189.webp\" alt=\"\" width=\"413\" height=\"260\" \/><\/p>\n<h3>(2) Apdirbimas<\/h3>\n<p>Mechaninio apdirbimo ceche \u012frengtas pritaikytas nuo\u017eulnaus b\u0117gio tekinimo centras, apdirbimo centras, greitaeigis galandimo stakl\u0117s, suvirinimo robotas ir kita susijusi \u012franga, galinti apdirbti cilindrinius vamzd\u017eius, kuri\u0173 maksimalus vidinis skersmuo yra 400 mm, o maksimalus ilgis \u2013 6 metrai.<\/p>\n<p><img loading=\"lazy\" decoding=\"async\" class=\"alignnone wp-image-628 size-large\" src=\"https:\/\/hydraulic-cylinders.net\/wp-content\/uploads\/2023\/08\/hydraulic-cylinder-product-3-1024x391.webp\" alt=\"\" width=\"1024\" height=\"391\" srcset=\"https:\/\/hydraulic-cylinders.net\/wp-content\/uploads\/2023\/08\/hydraulic-cylinder-product-3-980x374.webp 980w, https:\/\/hydraulic-cylinders.net\/wp-content\/uploads\/2023\/08\/hydraulic-cylinder-product-3-480x183.webp 480w\" sizes=\"(min-width: 0px) and (max-width: 480px) 480px, (min-width: 481px) and (max-width: 980px) 980px, (min-width: 981px) 1024px, 100vw\" \/><\/p>\n<h3>(3) Suvirinimas<\/h3>\n<p><img loading=\"lazy\" decoding=\"async\" class=\"alignnone wp-image-629 size-large\" src=\"https:\/\/hydraulic-cylinders.net\/wp-content\/uploads\/2023\/08\/hydraulic-cylinder-product-4-1024x510.webp\" alt=\"\" width=\"1024\" height=\"510\" srcset=\"https:\/\/hydraulic-cylinders.net\/wp-content\/uploads\/2023\/08\/hydraulic-cylinder-product-4-980x488.webp 980w, https:\/\/hydraulic-cylinders.net\/wp-content\/uploads\/2023\/08\/hydraulic-cylinder-product-4-480x239.webp 480w\" sizes=\"(min-width: 0px) and (max-width: 480px) 480px, (min-width: 481px) and (max-width: 980px) 980px, (min-width: 981px) 1024px, 100vw\" \/><\/p>\n<h3>(4) Da\u017eymas ir dengimas<\/h3>\n<p>Su ma\u017eomis ir vidutinio dyd\u017eio cilindrin\u0117mis automatin\u0117mis vandens pagrindo da\u017e\u0173 dengimo linijomis, siekiant automatinio robot\u0173 pakrovimo ir i\u0161krovimo bei automatinio pur\u0161kimo, projektinis paj\u0117gumas yra 4000 vienet\u0173 per pamain\u0105;<br \/>\nTaip pat turime pusiau automatin\u0119 dideli\u0173 cilindr\u0173 da\u017e\u0173 gamybos linij\u0105, varom\u0105 grandin\u0117s, kurios projektinis na\u0161umas yra 60 d\u0117\u017ei\u0173 per pamain\u0105.<\/p>\n<p><img loading=\"lazy\" decoding=\"async\" class=\"alignnone wp-image-630\" src=\"https:\/\/hydraulic-cylinders.net\/wp-content\/uploads\/2023\/08\/hydraulic-cylinder-product-5-300x213.webp\" alt=\"\" width=\"366\" height=\"260\" \/> <img loading=\"lazy\" decoding=\"async\" class=\"alignnone wp-image-631\" src=\"https:\/\/hydraulic-cylinders.net\/wp-content\/uploads\/2023\/08\/hydraulic-cylinder-product-6-300x225.webp\" alt=\"\" width=\"347\" height=\"260\" \/><\/p>\n<h3>(5) Testavimas<\/h3>\n<p>Turime auk\u0161\u010diausios klas\u0117s patikros patalpas ir bandym\u0173 stendus, kad u\u017etikrintume, jog baliono veikimas atitinka reikalavimus.<\/p>\n<p><img loading=\"lazy\" decoding=\"async\" class=\"alignnone wp-image-632\" src=\"https:\/\/hydraulic-cylinders.net\/wp-content\/uploads\/2023\/08\/hydraulic-cylinder-product-8-300x200.webp\" alt=\"\" width=\"389\" height=\"260\" \/><\/p>\n<p>&nbsp;<\/p>\n<p>&nbsp;<\/p>\n<p>Esame vienas geriausi\u0173 hidraulini\u0173 cilindr\u0173 gamintoj\u0173. Galime pasi\u016blyti i\u0161samius hidraulinius cilindrus. Taip pat teikiame atitinkamus <a href=\"https:\/\/hzpt.com\/agricultural-pto-gearbox\/\" target=\"_blank\" rel=\"noopener\">\u017eem\u0117s \u016bkio pavar\u0173 d\u0117\u017e\u0117s<\/a>Mes eksportuojame savo gaminius klientams visame pasaulyje ir peln\u0117me ger\u0105 reputacij\u0105 d\u0117l auk\u0161\u010diausios gamini\u0173 kokyb\u0117s ir aptarnavimo po pardavimo. Mes laukiame klient\u0173 \u0161alyje ir u\u017esienyje, norin\u010di\u0173 susisiekti su mumis der\u0117tis d\u0117l verslo, keistis informacija ir... <a href=\"https:\/\/www.hydraulic-cylinders.net\/lt\/contact-us\/\">bendradarbiauti su mumis<\/a>!<\/p>","protected":false},"excerpt":{"rendered":"<p>Mobile Crane Counterweight Cylinder The mobile crane counterweight cylinder is a vital component that plays a crucial role in achieving balance and stability during lifting operations. Designed specifically for mobile cranes, this hydraulic cylinder ensures the controlled movement and positioning of the counterweight, optimizing the crane&#8217;s lifting capacity and enhancing overall safety. The mobile crane [&hellip;]<\/p>","protected":false},"featured_media":1575,"comment_status":"open","ping_status":"closed","template":"","meta":{"_et_pb_use_builder":"","_et_pb_old_content":"","_et_gb_content_width":""},"product_brand":[],"product_cat":[1550,1514],"product_tag":[1380],"class_list":{"0":"post-1573","1":"product","2":"type-product","3":"status-publish","4":"has-post-thumbnail","6":"product_cat-double-acting-hydraulic-cylinder","7":"product_cat-mobile-crane-hydraulic-cylinders","8":"product_tag-hydraulic-cylinder","10":"first","11":"instock","12":"shipping-taxable","13":"product-type-simple"},"amp_enabled":true,"_links":{"self":[{"href":"https:\/\/www.hydraulic-cylinders.net\/lt\/wp-json\/wp\/v2\/product\/1573","targetHints":{"allow":["GET"]}}],"collection":[{"href":"https:\/\/www.hydraulic-cylinders.net\/lt\/wp-json\/wp\/v2\/product"}],"about":[{"href":"https:\/\/www.hydraulic-cylinders.net\/lt\/wp-json\/wp\/v2\/types\/product"}],"replies":[{"embeddable":true,"href":"https:\/\/www.hydraulic-cylinders.net\/lt\/wp-json\/wp\/v2\/comments?post=1573"}],"wp:featuredmedia":[{"embeddable":true,"href":"https:\/\/www.hydraulic-cylinders.net\/lt\/wp-json\/wp\/v2\/media\/1575"}],"wp:attachment":[{"href":"https:\/\/www.hydraulic-cylinders.net\/lt\/wp-json\/wp\/v2\/media?parent=1573"}],"wp:term":[{"taxonomy":"product_brand","embeddable":true,"href":"https:\/\/www.hydraulic-cylinders.net\/lt\/wp-json\/wp\/v2\/product_brand?post=1573"},{"taxonomy":"product_cat","embeddable":true,"href":"https:\/\/www.hydraulic-cylinders.net\/lt\/wp-json\/wp\/v2\/product_cat?post=1573"},{"taxonomy":"product_tag","embeddable":true,"href":"https:\/\/www.hydraulic-cylinders.net\/lt\/wp-json\/wp\/v2\/product_tag?post=1573"}],"curies":[{"name":"wp","href":"https:\/\/api.w.org\/{rel}","templated":true}]}}