{"id":15735,"date":"2025-01-19T14:54:37","date_gmt":"2025-01-19T14:54:37","guid":{"rendered":"https:\/\/www.hydraulic-cylinders.net\/product\/bucket-cylinder-for-zhenyu-small-excavator-zy260\/"},"modified":"2025-01-19T14:54:39","modified_gmt":"2025-01-19T14:54:39","slug":"bucket-cylinder-for-zhenyu-small-excavator-zy260","status":"publish","type":"product","link":"https:\/\/www.hydraulic-cylinders.net\/lt\/produktas\/bucket-cylinder-for-zhenyu-small-excavator-zy260\/","title":{"rendered":"Kau\u0161o cilindras Zhenyu ma\u017eam ekskavatoriui ZY260"},"content":{"rendered":"<h1>Kau\u0161o cilindras Zhenyu ma\u017eam ekskavatoriui ZY260<\/h1>\n<h2>\u012evadas<\/h2>\n<p>\u201eZhenyu\u201c ma\u017eo ekskavatoriaus ZY260 kau\u0161o cilindras yra hidraulinio cilindro tipas, specialiai sukurtas valdyti kau\u0161o jud\u0117jim\u0105 sunkiosiose ma\u0161inose, tokiose kaip ekskavatoriai, ekskavatoriniai krautuvai ir frontaliniai krautuvai. Jo pagrindin\u0117 funkcija yra pakelti, nuleisti ir pakreipti kau\u0161\u0105, kad b\u016bt\u0173 lengviau tvarkyti \u012fvairias med\u017eiagas atliekant \u012fvairias u\u017eduotis. Hidraulin\u0117je sistemoje kau\u0161o cilindras naudoja hidraulin\u0117s alyvos sl\u0117gio poky\u010dius, kad tiksliai valdyt\u0173 kau\u0161\u0105, o tai leid\u017eia operatoriams efektyviai tvarkyti sunkius objektus, prisitaikyti prie sud\u0117tingos darbo aplinkos ir \u012fvairi\u0173 darbo reikalavim\u0173.<\/p>\n<p><img decoding=\"async\" src=\"https:\/\/www.hydraulic-cylinders.net\/wp-content\/uploads\/2025\/01\/songte-company-2.webp\" alt=\"Kau\u0161o cilindras Zhenyu ma\u017eam ekskavatoriui ZY260\" \/><\/p>\n<h2>Savyb\u0117s<\/h2>\n<ul>\n<li>\n<h3>Didelis stiprumas ir ilgaam\u017ei\u0161kumas<\/h3>\n<p>Kau\u0161o cilindras paprastai gaminamas i\u0161 didelio stiprumo plieno arba aliuminio, kuris gali atlaikyti auk\u0161t\u0105 sl\u0117g\u012f ir dideles apkrovas, prisitaikyti prie at\u0161iauri\u0173 darbo s\u0105lyg\u0173 ir atsi\u017evelgti \u012f atsparum\u0105 dilimui bei korozijai projektuojant, taip prailginant jo tarnavimo laik\u0105.<\/p>\n<\/li>\n<li>\n<h3>Efektyvus hidraulinis valdymas<\/h3>\n<p>Kau\u0161o cilindras naudoja hidraulin\u0117s alyvos sl\u0117g\u012f, kad pasiekt\u0173 skland\u0173 i\u0161sipl\u0117tim\u0105 ir susitraukim\u0105, gali greitai reaguoti \u012f valdymo komandas, u\u017etikrinti galing\u0105 st\u016bmimo ir traukimo j\u0117g\u0105 ir tinka sunkiems daiktams tvarkyti ir sud\u0117tingoms darbo u\u017eduotims atlikti.<\/p>\n<\/li>\n<li>\n<h3>\u012evair\u016bs tipai<\/h3>\n<p>Kau\u0161o cilindr\u0105 galima pasirinkti kaip vienpusio veikimo (hidraulinis, naudojamas tik viena kryptimi) arba dvipusio veikimo (hidraulinis, naudojamas dviem kryptimis) cilindr\u0105, atsi\u017evelgiant \u012f reikalavimus ir skirtingus darbo poreikius. Kai kurie modeliai yra teleskopiniai, tod\u0117l j\u012f galima labiau i\u0161tiesti nepadidinant i\u0161orini\u0173 matmen\u0173, tod\u0117l jie tinka naudoti ribotoje erdv\u0117je.<\/p>\n<\/li>\n<li>\n<h3>Pagaminta m\u016bs\u0173 \u012fmon\u0117s<\/h3>\n<p>M\u016bs\u0173 gaminys gali puikiai pakeisti \u0161iuos hidraulinius cilindrus.<\/p>\n<\/li>\n<li>\n<h3>Parai\u0161kos<\/h3>\n<p>Kau\u0161o cilindras pla\u010diai naudojamas \u012fvairiose sunkiosiose ma\u0161inose, \u012fskaitant, bet neapsiribojant:<\/p>\n<ul>\n<li>Statybin\u0117 \u012franga: ekskavatoriai, ekskavatoriai-krautuvai, frontaliniai krautuvai<\/li>\n<li>\u017dem\u0117s \u016bkio technika: frontaliniai krautuvai, ekskavatoriai<\/li>\n<\/ul>\n<\/li>\n<\/ul>\n<h2>Projektavimo aspektai ir atrankos kriterijai<\/h2>\n<ul>\n<li>\n<h3>Guoli\u0173 talpa<\/h3>\n<p>Kau\u0161o cilindro laikomoji galia yra vienas i\u0161 pagrindini\u0173 projektavimo aspekt\u0173, siekiant u\u017etikrinti, kad cilindras gal\u0117t\u0173 skland\u017eiai ir saugiai veikti esant skirtingoms apkrovoms ir sl\u0117giui.<\/p>\n<\/li>\n<li>\n<h3>Sandarinimas<\/h3>\n<p>Kau\u0161o cilindre naudojamos \u012fvairios sandarinimo dalys, tokios kaip st\u016bmoklio ir strypo sandarikliai. Sandarikliai pagaminti i\u0161 atspari\u0173 dilimui med\u017eiag\u0173, toki\u0173 kaip poliuretanas ir nitrilo kau\u010diukas, siekiant u\u017etikrinti cilindro ilgaam\u017ei\u0161kum\u0105 ir i\u0161vengti nuot\u0117kio.<\/p>\n<\/li>\n<li>\n<h3>Patvarumas<\/h3>\n<p>Kau\u0161o cilindro patvarumas yra labai svarbus projektuojant, siekiant u\u017etikrinti, kad jis gal\u0117t\u0173 atlaikyti skirtingas darbo aplinkas ir apkrovas be pa\u017eeidim\u0173 ir pailginti savo tarnavimo laik\u0105.<\/p>\n<\/li>\n<li>\n<h3>Saugumas<\/h3>\n<p>Kau\u0161o cilindro saugumas yra labai svarbus projektuojant, siekiant u\u017etikrinti saug\u0173 ir efektyv\u0173 jo veikim\u0105 be nelaiming\u0173 atsitikim\u0173.<\/p>\n<\/li>\n<li>\n<h3>Prie\u017ei\u016bra<\/h3>\n<p>Kau\u0161o cilindro prie\u017ei\u016bra tur\u0117t\u0173 b\u016bti paprasta ir patogi. Cilindr\u0105 tur\u0117t\u0173 b\u016bti lengva i\u0161ardyti, i\u0161valyti ir pakeisti dalis, \u012fskaitant sandariklius ir guolius, kad b\u016bt\u0173 i\u0161laikytas puikus jo veikimas.<\/p>\n<\/li>\n<\/ul>\n<p><img decoding=\"async\" src=\"https:\/\/www.hydraulic-cylinders.net\/wp-content\/uploads\/2025\/01\/songte-oil-pipes-and-spare-parts.webp\" alt=\"Kau\u0161o cilindro prie\u017ei\u016bra ir remontas\" \/><\/p>\n<h2>Sandarinimas ir tepimas<\/h2>\n<p>Kau\u0161o cilindre naudojamos \u012fvairios sandarinimo dalys, tokios kaip st\u016bmoklio ir strypo sandarikliai. Sandarikliai pagaminti i\u0161 atspari\u0173 dilimui med\u017eiag\u0173, toki\u0173 kaip poliuretanas ir nitrilo kau\u010diukas, siekiant u\u017etikrinti cilindro ilgaam\u017ei\u0161kum\u0105 ir i\u0161vengti nuot\u0117kio. Cilindro korpusas ir sriegio galo pavir\u0161ius yra kruop\u0161\u010diai apdoroti, siekiant pagerinti atsparum\u0105 dilimui. Kau\u0161o cilindr\u0105 reikia reguliariai pripildyti tinkamu kiekiu hidraulin\u0117s alyvos tepimui, kad b\u016bt\u0173 u\u017etikrintas efektyvus jo veikimas.<\/p>\n<h2>Ap\u017ei\u016bra ir prevencin\u0117 prie\u017ei\u016bra<\/h2>\n<ul>\n<li>\n<h3>Reguliarus patikrinimas<\/h3>\n<p>Kau\u0161o cilindro hidraulines dalis, sandariklius ir guolius reikia reguliariai tikrinti, siekiant u\u017etikrinti, kad jie b\u016bt\u0173 geros b\u016bkl\u0117s ir i\u0161vengt\u0173 galim\u0173 problem\u0173.<\/p>\n<\/li>\n<li>\n<h3>Tepimas<\/h3>\n<p>Kau\u0161o cilindr\u0105 reikia reguliariai tepti, kad jis veikt\u0173 efektyviai ir skland\u017eiai.<\/p>\n<\/li>\n<li>\n<h3>Sandariklio keitimas ir kalibravimo patikrinimas<\/h3>\n<p>Kau\u0161o cilindro sandariklius reikia reguliariai keisti, kad b\u016bt\u0173 i\u0161vengta nuot\u0117kio, o cilindr\u0105 reikia kalibruoti, kad b\u016bt\u0173 u\u017etikrintas jo tikslumas.<\/p>\n<\/li>\n<\/ul>\n<p><img decoding=\"async\" src=\"https:\/\/www.hydraulic-cylinders.net\/wp-content\/uploads\/2025\/01\/songte-chushion-collar.webp\" alt=\"Kau\u0161o cilindro montavimas\" \/><\/p>\n<h2>\u012erengimas<\/h2>\n<p>Montavimo metu teisingai sulygiuokite cilindr\u0105 ir pateikite nurodymus, kaip u\u017etikrinti, kad jis b\u016bt\u0173 saugiai sumontuotas. Rekomenduojame naudoti tinkamus tvirtinimo laikiklius cilindrui pritvirtinti ir laikytis rekomenduojam\u0173 patikrinimo, remonto ir keitimo proced\u016br\u0173, kad cilindras veikt\u0173 nepriekai\u0161tingai.<\/p>\n<h2>Saugos aspektai ir aplinkos veiksniai<\/h2>\n<p>Kad kau\u0161o cilindras b\u016bt\u0173 naudojamas saugiai, reikia grie\u017etai laikytis saugos taisykli\u0173 ir imtis tinkam\u0173 saugos priemoni\u0173, pavyzd\u017eiui, d\u0117v\u0117ti apsauginius drabu\u017eius ir vengti perkrovos. Aplinkos veiksniai, tokie kaip temperat\u016bra, dr\u0117gm\u0117 ir dulk\u0117s, gali tur\u0117ti \u012ftakos cilindro veikimui ir tarnavimo laikui, tod\u0117l reikia imtis tinkam\u0173 aplinkos apsaugos priemoni\u0173.<\/p>\n<h2>Trik\u010di\u0173 \u0161alinimas ir da\u017eniausios problemos<\/h2>\n<p>Kau\u0161o cilindras naudojimo metu gali susidurti su \u012fvairiomis problemomis, tokiomis kaip nuot\u0117kis, l\u0117tas jud\u0117jimas ir nepakankama j\u0117ga. Cilindro trik\u010di\u0173 \u0161alinim\u0105 ir da\u017eniausiai pasitaikan\u010dias problemas galima i\u0161spr\u0119sti reguliariai tikrinant, pri\u017ei\u016brint ir remontuojant, pvz., kei\u010diant sandariklius ir guolius, reguliuojant st\u016bmimo ir traukimo j\u0117g\u0105 bei kei\u010diant susid\u0117v\u0117jusias dalis.<\/p>\n<p><img decoding=\"async\" src=\"https:\/\/www.hydraulic-cylinders.net\/wp-content\/uploads\/2025\/01\/songte-bushings-with-all-kinds-of-excavator-models.webp\" alt=\"Kau\u0161o cilindro trik\u010di\u0173 \u0161alinimas\" \/><\/p>\n<h2>Apie m\u016bs\u0173 \u012fmon\u0119<\/h2>\n<p>Esame hidraulini\u0173 cilindr\u0173 gamintojas, gaminantis plat\u0173 gamini\u0173 asortiment\u0105, \u012fskaitant kau\u0161inius cilindrus, ir tap\u0119s vienu i\u0161 pirmaujan\u010di\u0173 hidraulini\u0173 cilindr\u0173 gamintoj\u0173 ir didmenini\u0173 platintoj\u0173 vidaus ir tarptautin\u0117se rinkose. Laikom\u0117s puikios kokyb\u0117s principo, remiam\u0117s puikios gamybos dirbtuvi\u0173 pramonin\u0117s gamybos valdymo strategija ir nuolat tobuliname dirbtuvi\u0173 gamybos platform\u0105, pasitelkdami techninius talentus, auk\u0161\u010diausios klas\u0117s skaitmenin\u0119 gamybos \u012frang\u0105 ir profesionalias testavimo sistemas. Turime stiprius k\u016brybinius geb\u0117jimus ir tenkiname \u012fvairius klient\u0173 poreikius, si\u016blydami didelio efektyvumo, didelio tikslumo ir auk\u0161tos kokyb\u0117s produktus. Teikiame profesionalias paslaugas, tarptautinius sertifikatus ir pritaikytas paslaugas, turime pa\u017eangi\u0105 gamybos \u012frang\u0105 ir aptarnavim\u0105 po pardavimo.<\/p>\n<p><img decoding=\"async\" src=\"https:\/\/hzpt.com\/wp-content\/uploads\/2024\/11\/songte-company-1.webp\" alt=\"M\u016bs\u0173 \u012fmon\u0117\" \/><\/p>\n<p>Autorius: lyl.<\/p>","protected":false},"excerpt":{"rendered":"<p>Bucket Cylinder For Zhenyu Small Excavator ZY260 Introduction The bucket cylinder for Zhenyu small excavator ZY260 is a type of hydraulic cylinder specially designed to control the movement of the bucket in heavy machinery such as excavators, backhoe loaders, and front-end loaders. Its main function is to lift, lower, and tilt the bucket, making it [&hellip;]<\/p>","protected":false},"featured_media":14785,"comment_status":"open","ping_status":"closed","template":"","meta":{"_et_pb_use_builder":"","_et_pb_old_content":"","_et_gb_content_width":""},"product_brand":[],"product_cat":[1494],"product_tag":[1495,1496],"class_list":{"0":"post-15735","1":"product","2":"type-product","3":"status-publish","4":"has-post-thumbnail","6":"product_cat-bucket-cylinders","7":"product_tag-bucket-cylinders","8":"product_tag-hydraulic-cylinders","10":"first","11":"instock","12":"shipping-taxable","13":"product-type-simple"},"amp_enabled":true,"_links":{"self":[{"href":"https:\/\/www.hydraulic-cylinders.net\/lt\/wp-json\/wp\/v2\/product\/15735","targetHints":{"allow":["GET"]}}],"collection":[{"href":"https:\/\/www.hydraulic-cylinders.net\/lt\/wp-json\/wp\/v2\/product"}],"about":[{"href":"https:\/\/www.hydraulic-cylinders.net\/lt\/wp-json\/wp\/v2\/types\/product"}],"replies":[{"embeddable":true,"href":"https:\/\/www.hydraulic-cylinders.net\/lt\/wp-json\/wp\/v2\/comments?post=15735"}],"wp:featuredmedia":[{"embeddable":true,"href":"https:\/\/www.hydraulic-cylinders.net\/lt\/wp-json\/wp\/v2\/media\/14785"}],"wp:attachment":[{"href":"https:\/\/www.hydraulic-cylinders.net\/lt\/wp-json\/wp\/v2\/media?parent=15735"}],"wp:term":[{"taxonomy":"product_brand","embeddable":true,"href":"https:\/\/www.hydraulic-cylinders.net\/lt\/wp-json\/wp\/v2\/product_brand?post=15735"},{"taxonomy":"product_cat","embeddable":true,"href":"https:\/\/www.hydraulic-cylinders.net\/lt\/wp-json\/wp\/v2\/product_cat?post=15735"},{"taxonomy":"product_tag","embeddable":true,"href":"https:\/\/www.hydraulic-cylinders.net\/lt\/wp-json\/wp\/v2\/product_tag?post=15735"}],"curies":[{"name":"wp","href":"https:\/\/api.w.org\/{rel}","templated":true}]}}