{"id":15740,"date":"2025-01-19T14:54:56","date_gmt":"2025-01-19T14:54:56","guid":{"rendered":"https:\/\/www.hydraulic-cylinders.net\/product\/bucket-cylinder-for-world-small-excavator-w285b-8\/"},"modified":"2025-01-19T14:54:58","modified_gmt":"2025-01-19T14:54:58","slug":"bucket-cylinder-for-world-small-excavator-w285b-8","status":"publish","type":"product","link":"https:\/\/www.hydraulic-cylinders.net\/lt\/produktas\/bucket-cylinder-for-world-small-excavator-w285b-8\/","title":{"rendered":"Kau\u0161o cilindras, skirtas ma\u017eam ekskavatoriui pasaulyje W285B-8"},"content":{"rendered":"<h1>Kau\u0161o cilindras, skirtas ma\u017eam ekskavatoriui pasaulyje W285B-8<\/h1>\n<h2>\u012evadas<\/h2>\n<p>Kau\u0161o cilindras yra specialiai sukurtas hidraulinis cilindras, naudojamas valdyti kau\u0161\u0173 jud\u0117jim\u0105 sunkiosiose ma\u0161inose, tokiose kaip ekskavatoriai, ekskavatoriniai ekskavatoriai ir frontaliniai krautuvai. Pagrindin\u0117 jo funkcija \u2013 leisti kau\u0161ui pakilti, nuleisti ir pakreipti, taip palengvinant \u012fvairias med\u017eiag\u0173 tvarkymo u\u017eduotis. Hidraulin\u0117je sistemoje kau\u0161o cilindras naudoja hidraulin\u0117s alyvos sl\u0117gio poky\u010dius, kad tiksliai valdyt\u0173 kau\u0161\u0105, o tai leid\u017eia operatoriui efektyviai tvarkyti sunkius krovinius, prisitaikyti prie sud\u0117tingos darbo aplinkos ir \u012fvairi\u0173 eksploatavimo poreiki\u0173.<\/p>\n<p><img decoding=\"async\" src=\"https:\/\/www.hydraulic-cylinders.net\/wp-content\/uploads\/2025\/01\/songte-company-2.webp\" alt=\"Kau\u0161o cilindro vaizdas\"><\/p>\n<h2>Savyb\u0117s<\/h2>\n<ul>\n<li>Didelis stiprumas ir ilgaam\u017ei\u0161kumas: Paprastai pagamintas i\u0161 didelio stiprumo plieno arba aliuminio, jis gali atlaikyti auk\u0161t\u0105 sl\u0117g\u012f ir dideles apkrovas, prisitaikyti prie at\u0161iauri\u0173 darbo s\u0105lyg\u0173 ir yra atsparus dilimui bei korozijai, kad prailgint\u0173 tarnavimo laik\u0105.<\/li>\n<li>Efektyvus hidraulinis veikimas: Skland\u016bs i\u0161pl\u0117timo ir susitraukimo veiksmai pasiekiami naudojant hidraulin\u0117s alyvos sl\u0117g\u012f, kuris gali greitai reaguoti \u012f valdymo komandas, u\u017etikrinti galingas st\u016bmimo ir traukimo j\u0117gas ir tinka sunkiems kroviniams valdyti bei sud\u0117tingoms eksploatavimo u\u017eduotims atlikti.<\/li>\n<li>\u012evair\u016bs tipai: pagal eksploatacinius poreikius galima pasirinkti vienpusio veikimo (hidrauliniai tik viena kryptimi) arba dvipusio veikimo (hidrauliniai abiem kryptimis) cilindrus. Kai kurie modeliai yra teleskopiniai, tod\u0117l juos galima labiau i\u0161tiesti nedidinant i\u0161orini\u0173 matmen\u0173, tod\u0117l jie tinka naudoti ribotoje erdv\u0117je.<\/li>\n<li>Gamybos paj\u0117gumai: M\u016bs\u0173 gaminiai gali puikiai pakeisti \u0161iuos hidraulinius cilindrus.<\/li>\n<\/ul>\n<p><img decoding=\"async\" src=\"https:\/\/www.hydraulic-cylinders.net\/wp-content\/uploads\/2025\/01\/songte-cylinder-head-with-all-kinds-excavator-models.webp\" alt=\"Kau\u0161o cilindro pakeitimo paveiksl\u0117lis\"><\/p>\n<h2>Parai\u0161kos<\/h2>\n<p>Kau\u0161o cilindras pla\u010diai naudojamas \u012fvairiose pramon\u0117s \u0161akose, tokiose kaip statybin\u0117 \u012franga, \u017eem\u0117s \u016bkio technika, ekskavatoriai ir krautuvai. Jis daugiausia naudojamas k\u0117limui, nuleidimui, pakreipimui ir kitoms u\u017eduotims. <\/p>\n<h3>Statybin\u0117 \u012franga<\/h3>\n<p>Ekskavatoriuose jie yra b\u016btini kasant, kraunant ir perkeliant grunt\u0105 ar \u0161iuk\u0161les. Ekskavatoriuose kau\u0161o cilindras padeda ir kasti, ir kelti. Priekiniuose krautuvuose jie padeda efektyviai kelti ir i\u0161versti prekes.<\/p>\n<h3>\u017dem\u0117s \u016bkio technika<\/h3>\n<p>Kau\u0161o cilindras naudojamas frontaliniams krautuvams ir yra b\u016btinas dirvo\u017eemiui, \u0161ienui ir kitoms med\u017eiagoms kelti ir pakreipti.<\/p>\n<h3>Ekskavatoriai<\/h3>\n<p>Kau\u0161o cilindras leid\u017eia kau\u0161ui prasiskverbti \u012f dirv\u0105, kad b\u016bt\u0173 galima atlikti kasimo veiksmus.<\/p>\n<h3>Krautuvai<\/h3>\n<p>Priekiniuose krautuvuose jie padeda efektyviai kelti ir pakreipti prekes.<\/p>\n<p><img decoding=\"async\" src=\"https:\/\/www.hydraulic-cylinders.net\/wp-content\/uploads\/2025\/01\/songte-bushings-with-all-kinds-of-excavator-models.webp\" alt=\"Kau\u0161o cilindro taikymo vaizdas\"><\/p>\n<h2>Projektavimo aspektai ir atrankos kriterijai<\/h2>\n<p>Kau\u0161o cilindro konstrukcijos ir med\u017eiag\u0173 pasirinkimas yra labai svarbus siekiant u\u017etikrinti optimal\u0173 na\u0161um\u0105 ir ilgaam\u017ei\u0161kum\u0105. Svarbiausi aspektai apima laikom\u0105j\u0105 gali\u0105, sandarum\u0105, ilgaam\u017ei\u0161kum\u0105, saug\u0105 ir prie\u017ei\u016br\u0105.<\/p>\n<h3>Apkrovos paj\u0117gumas<\/h3>\n<p>Kau\u0161\u0173 cilindrai patiria didelius apkrovimus, tod\u0117l labai svarbu pasirinkti med\u017eiagas, stor\u012f ir konstrukcij\u0105, kurie gal\u0117t\u0173 atlaikyti \u0161ias j\u0117gas. Kau\u0161\u0173 cilindr\u0173 gamyboje da\u017eniausiai naudojamas didelio stiprumo plienas arba aliuminis, kad b\u016bt\u0173 u\u017etikrintas reikiamas stiprumas.<\/p>\n<h3>Sandarinimas<\/h3>\n<p>Kau\u0161o cilindras yra esmin\u0117 hidraulin\u0117s sistemos dalis, o tinkamas sandarinimas yra labai svarbus jos efektyviam veikimui. \u012evair\u016bs sandarikliai, pavyzd\u017eiui, st\u016bmokli\u0173 ir kot\u0173 sandarikliai, naudojami siekiant u\u017etikrinti, kad hidraulinis skystis likt\u0173 cilindre ir neleist\u0173 ter\u0161alams patekti \u012f sistem\u0105.<\/p>\n<h3>Patvarumas<\/h3>\n<p>Kau\u0161o formos cilindras yra veikiamas at\u0161iauri\u0173 aplinkos s\u0105lyg\u0173, tod\u0117l jo med\u017eiagos turi b\u016bti atsparios dilimui ir korozijai. Cilindrai pagaminti i\u0161 didelio stiprumo med\u017eiag\u0173, kurios yra sukurtos atlaikyti tokias at\u0161iaurias s\u0105lygas, o cilindro pavir\u0161ius apdorojamas, kad b\u016bt\u0173 u\u017etikrintas papildomas atsparumas dilimui.<\/p>\n<h3>Saugumas<\/h3>\n<p>Kau\u0161\u0173 cilindrai yra veikiami dideli\u0173 apkrov\u0173, tod\u0117l labai svarbu u\u017etikrinti j\u0173 saug\u0173 naudojim\u0105. Siekiant u\u017etikrinti saug\u0173 sistemos veikim\u0105 ir i\u0161vengti cilindro pa\u017eeidim\u0173, naudojami tokie projektavimo aspektai kaip apsauginiai vo\u017etuvai, avarinio stabdymo jungikliai ir sl\u0117gio ma\u017einimo vo\u017etuvai.<\/p>\n<h3>Prie\u017ei\u016bra<\/h3>\n<p>Kau\u0161\u0173 cilindrams reikalinga reguliari prie\u017ei\u016bra, kad b\u016bt\u0173 u\u017etikrintas optimalus veikimas ir pailgintas tarnavimo laikas. Lengvai kei\u010diam\u0173 sandarikli\u0173 naudojimas, i\u0161orin\u0117 prieiga prie svarbiausi\u0173 komponent\u0173 ir tinkamas tepimas yra labai svarb\u016bs norint u\u017etikrinti tinkam\u0105 prie\u017ei\u016br\u0105.<\/p>\n<p><img decoding=\"async\" src=\"https:\/\/www.hydraulic-cylinders.net\/wp-content\/uploads\/2025\/01\/songte-oil-pipes-and-spare-parts.webp\" alt=\"Kau\u0161o cilindro dizaino vaizdas\"><\/p>\n<h2>Sandarikliai ir tepimas<\/h2>\n<p>Tinkamas sandarikli\u0173 ir tepimo pasirinkimas yra labai svarbus siekiant u\u017etikrinti optimal\u0173 na\u0161um\u0105 ir pailginti tarnavimo laik\u0105. \u012evair\u016bs sandarikliai, tokie kaip st\u016bmokli\u0173 sandarikliai, stryp\u0173 sandarikliai ir valytuvai, naudojami siekiant i\u0161vengti skys\u010di\u0173 nuot\u0117kio ir u\u017etikrinti efektyv\u0173 veikim\u0105. Tepal\u0173, toki\u0173 kaip hidraulin\u0117 alyva, naudojimas yra labai svarbus norint suma\u017einti trint\u012f ir susid\u0117v\u0117jim\u0105 bei palaikyti efektyv\u0173 veikim\u0105. Reguliarus techninis aptarnavimas yra b\u016btinas norint u\u017etikrinti tinkam\u0105 tepimo lyg\u012f ir i\u0161vengti svarbiausi\u0173 komponent\u0173 susid\u0117v\u0117jimo.<\/p>\n<h2>Prie\u017ei\u016bra ir remontas<\/h2>\n<p>Reguliarus kau\u0161o cilindro techninis aptarnavimas ir remontas yra b\u016btini siekiant u\u017etikrinti optimal\u0173 na\u0161um\u0105 ir pailginti tarnavimo laik\u0105. \u012eprastos prie\u017ei\u016bros u\u017eduotys apima reguliarius patikrinimus, tinkam\u0105 tepim\u0105, sandarikli\u0173 keitim\u0105 ir kalibravimo patikrinimus. Tinkamas montavimas taip pat yra labai svarbus siekiant u\u017etikrinti optimal\u0173 na\u0161um\u0105, tod\u0117l rekomenduojama tinkamai suderinti ir naudoti montavimo laikiklius. Norint u\u017etikrinti optimal\u0173 na\u0161um\u0105 ir pailginti tarnavimo laik\u0105, rekomenduojama prireikus keisti komponentus ir naudotis remonto paslaugomis.<\/p>\n<h2>Saugos ir aplinkosaugos aspektai<\/h2>\n<p>Naudojant kau\u0161inius cilindrus, labai svarbu laikytis tinkam\u0173 saugos proced\u016br\u0173 ir gairi\u0173, kad b\u016bt\u0173 u\u017etikrintas optimalus veikimas ir i\u0161vengta nelaiming\u0173 atsitikim\u0173. Saugos aspektai, tokie kaip tinkam\u0173 apsaugini\u0173 priemoni\u0173 d\u0117v\u0117jimas, tinkamas montavimas ir eksploatavimas bei tinkam\u0173 prie\u017ei\u016bros grafik\u0173 laikymasis, yra labai svarb\u016bs siekiant u\u017etikrinti saug\u0173 eksploatavim\u0105. Aplinkosaugos aspektai, tokie kaip tinkamas panaudotos hidraulin\u0117s alyvos ir komponent\u0173 utilizavimas, taip pat yra svarb\u016bs siekiant suma\u017einti poveik\u012f aplinkai ir u\u017etikrinti atitikt\u012f reglamentams.<\/p>\n<h2>Gedim\u0173 diagnostika ir trik\u010di\u0173 \u0161alinimas<\/h2>\n<p>Da\u017enos kau\u0161o cilindr\u0173 problemos gali b\u016bti nuot\u0117kiai, galios praradimas ir suma\u017e\u0117j\u0119s na\u0161umas. Tinkama diagnostika ir trik\u010di\u0173 \u0161alinimas yra labai svarb\u016bs norint nustatyti \u0161i\u0173 problem\u0173 pagrindin\u0119 prie\u017east\u012f ir sukurti veiksmingus sprendimus. \u012eprasti trik\u010di\u0173 \u0161alinimo veiksmai apima nuot\u0117ki\u0173 patikrinim\u0105, skys\u010di\u0173 lygio patikrinim\u0105 ir svarbiausi\u0173 komponent\u0173 ap\u017ei\u016br\u0105. Tinkamos prevencin\u0117s priemon\u0117s, tokios kaip reguliari prie\u017ei\u016bra ir ap\u017ei\u016bra, gali pad\u0117ti suma\u017einti \u0161i\u0173 problem\u0173 tikimyb\u0119 ir u\u017etikrinti optimal\u0173 na\u0161um\u0105.<\/p>\n<p><img decoding=\"async\" src=\"https:\/\/www.hydraulic-cylinders.net\/wp-content\/uploads\/2025\/01\/songte-chushion-collar.webp\" alt=\"Kau\u0161o cilindro remonto paveiksl\u0117lis\"><\/p>\n<h2>Apie m\u016bs\u0173 \u012fmon\u0119<\/h2>\n<p>Esame pirmaujanti hidraulini\u0173 cilindr\u0173 gamintoja ir platintoja, specializuojam\u0117s pakaitini\u0173 cilindr\u0173 gamyboje. M\u016bs\u0173 \u012fmon\u0117 laikosi puikios kokyb\u0117s principo, remdamasi pramonin\u0117s gamybos valdymo strategijomis, technologiniais talentais, auk\u0161\u010diausios klas\u0117s skaitmenine gamybos \u012franga ir profesionaliomis testavimo sistemomis, siekdama nuolat tobulinti gamybos platform\u0105 ir tobulos gamini\u0173 kokyb\u0117s gamybos linijas. M\u016bs\u0173 produktai pasi\u017eymi dideliu efektyvumu, dideliu tikslumu ir auk\u0161ta kokybe, patenkindami \u012fvairius m\u016bs\u0173 klient\u0173 poreikius tiek \u0161alies viduje, tiek tarptautiniu mastu.<\/p>\n<h3>Profesionalumas<\/h3>\n<p>Turime specialist\u0173 komand\u0105, puikiai i\u0161manan\u010di\u0105 hidraulini\u0173 cilindr\u0173 srit\u012f ir galin\u010di\u0105 suteikti ekspert\u0173 patarim\u0173 d\u0117l gamini\u0173 pasirinkimo, montavimo ir prie\u017ei\u016bros.<\/p>\n<h3>Tarptautinis sertifikavimas<\/h3>\n<p>M\u016bs\u0173 gaminiai yra gav\u0119 \u012fvairius tarptautinius sertifikatus, u\u017etikrinan\u010dius, kad jie atitinka auk\u0161\u010diausius pramon\u0117s standartus.<\/p>\n<h3>Pritaikymas<\/h3>\n<p>Si\u016blome individualias paslaugas, pritaikytas individualiems klient\u0173 poreikiams ir u\u017etikrinan\u010dias optimal\u0173 na\u0161um\u0105.<\/p>\n<h3>Gamybos \u012franga<\/h3>\n<p>M\u016bs\u0173 gamybos \u012franga yra auk\u0161\u010diausios kokyb\u0117s ir skirta gaminti hidraulinius cilindrus, atitinkan\u010dius auk\u0161\u010diausius pramon\u0117s standartus.<\/p>\n<h3>Aptarnavimas po pardavimo<\/h3>\n<p>Siekdami u\u017etikrinti, kad m\u016bs\u0173 klientai b\u016bt\u0173 patenkinti pirkiniais ir gaut\u0173 reikiam\u0105 pagalb\u0105, si\u016blome i\u0161samias garantinio aptarnavimo paslaugas.<\/p>\n<p><img decoding=\"async\" src=\"https:\/\/hzpt.com\/wp-content\/uploads\/2024\/11\/songte-company-1.webp\" alt=\"\u012emon\u0117s \u012fvaizdis\"><\/p>\n<h4>Autorius: lyl.<\/h4>","protected":false},"excerpt":{"rendered":"<p>Bucket Cylinder For World Small Excavator W285B-8 Introduction A bucket cylinder is a specially designed hydraulic cylinder used to control the movement of buckets in heavy machinery such as excavators, backhoe excavators, and front-end loaders. Its main function is to enable the bucket to lift, lower, and tilt, thus facilitating various material handling tasks. In [&hellip;]<\/p>","protected":false},"featured_media":14776,"comment_status":"open","ping_status":"closed","template":"","meta":{"_et_pb_use_builder":"","_et_pb_old_content":"","_et_gb_content_width":""},"product_brand":[],"product_cat":[1494],"product_tag":[1495,1496],"class_list":{"0":"post-15740","1":"product","2":"type-product","3":"status-publish","4":"has-post-thumbnail","6":"product_cat-bucket-cylinders","7":"product_tag-bucket-cylinders","8":"product_tag-hydraulic-cylinders","10":"first","11":"instock","12":"shipping-taxable","13":"product-type-simple"},"amp_enabled":true,"_links":{"self":[{"href":"https:\/\/www.hydraulic-cylinders.net\/lt\/wp-json\/wp\/v2\/product\/15740","targetHints":{"allow":["GET"]}}],"collection":[{"href":"https:\/\/www.hydraulic-cylinders.net\/lt\/wp-json\/wp\/v2\/product"}],"about":[{"href":"https:\/\/www.hydraulic-cylinders.net\/lt\/wp-json\/wp\/v2\/types\/product"}],"replies":[{"embeddable":true,"href":"https:\/\/www.hydraulic-cylinders.net\/lt\/wp-json\/wp\/v2\/comments?post=15740"}],"wp:featuredmedia":[{"embeddable":true,"href":"https:\/\/www.hydraulic-cylinders.net\/lt\/wp-json\/wp\/v2\/media\/14776"}],"wp:attachment":[{"href":"https:\/\/www.hydraulic-cylinders.net\/lt\/wp-json\/wp\/v2\/media?parent=15740"}],"wp:term":[{"taxonomy":"product_brand","embeddable":true,"href":"https:\/\/www.hydraulic-cylinders.net\/lt\/wp-json\/wp\/v2\/product_brand?post=15740"},{"taxonomy":"product_cat","embeddable":true,"href":"https:\/\/www.hydraulic-cylinders.net\/lt\/wp-json\/wp\/v2\/product_cat?post=15740"},{"taxonomy":"product_tag","embeddable":true,"href":"https:\/\/www.hydraulic-cylinders.net\/lt\/wp-json\/wp\/v2\/product_tag?post=15740"}],"curies":[{"name":"wp","href":"https:\/\/api.w.org\/{rel}","templated":true}]}}