{"id":15742,"date":"2025-01-19T14:55:05","date_gmt":"2025-01-19T14:55:05","guid":{"rendered":"https:\/\/www.hydraulic-cylinders.net\/product\/bucket-cylinder-for-world-middle-excavator-w2215-8\/"},"modified":"2025-01-19T14:55:07","modified_gmt":"2025-01-19T14:55:07","slug":"bucket-cylinder-for-world-middle-excavator-w2215-8","status":"publish","type":"product","link":"https:\/\/www.hydraulic-cylinders.net\/lt\/produktas\/bucket-cylinder-for-world-middle-excavator-w2215-8\/","title":{"rendered":"Kau\u0161o cilindras pasauliniam vidutiniam ekskavatoriui W2215-8"},"content":{"rendered":"<h2>Kau\u0161o cilindras pasauliniam vidutiniam ekskavatoriui W2215-8<\/h2>\n<p>Kau\u0161o cilindras yra specialiai suprojektuotas hidraulinis cilindras, kuris pirmiausia naudojamas kau\u0161o jud\u0117jimui valdyti sunkiosiose ma\u0161inose, tokiose kaip ekskavatoriai, ekskavatoriniai krautuvai ir frontaliniai krautuvai. Pagrindin\u0117 jo funkcija \u2013 leisti kau\u0161ui atlikti k\u0117limo, nuleidimo ir pakreipimo veiksmus, kad b\u016bt\u0173 lengviau atlikti \u012fvairias med\u017eiag\u0173 tvarkymo u\u017eduotis. Hidraulin\u0117je sistemoje kau\u0161o cilindras tiksliai valdo kau\u0161\u0105, naudodamas hidraulin\u0117s alyvos sl\u0117gio poky\u010dius, tod\u0117l operatoriai gali efektyviai valdyti sunkius krovinius ir prisitaikyti prie sud\u0117tingos darbo aplinkos bei \u012fvairi\u0173 eksploatacini\u0173 reikalavim\u0173.<\/p>\n<p><img decoding=\"async\" src=\"https:\/\/www.hydraulic-cylinders.net\/wp-content\/uploads\/2025\/01\/songte-company-2.webp\" alt=\"Kau\u0161o cilindro vaizdas\"><\/p>\n<h3>Pasaulio vidutinio ekskavatoriaus W2215-8 kau\u0161o cilindro savyb\u0117s<\/h3>\n<ol>\n<li>Didelis stiprumas ir ilgaam\u017ei\u0161kumas: Paprastai pagaminti i\u0161 didelio stiprumo plieno arba aliuminio, jie gali atlaikyti didel\u012f sl\u0117g\u012f ir dideles apkrovas, prisitaikydami prie at\u0161iauri\u0173 darbo s\u0105lyg\u0173. Konstrukcijoje atsi\u017evelgiama \u012f atsparum\u0105 dilimui ir korozijai, taip pailginant tarnavimo laik\u0105.<\/li>\n<li>Efektyvus hidraulinis veikimas: Naudodamas hidraulin\u0117s alyvos sl\u0117g\u012f, jis u\u017etikrina skland\u0173 i\u0161pl\u0117tim\u0105 ir atitraukim\u0105, greitai reaguoja \u012f valdymo komandas, u\u017etikrina galingas st\u016bmimo ir traukimo j\u0117gas ir tinka sunkiems kroviniams bei sud\u0117tingoms u\u017eduotims atlikti.<\/li>\n<li>\u012evair\u016bs tipai: Pagal reikalavimus galima rinktis vienpusio veikimo (hidraulinis veikimas tik viena kryptimi) arba dvipusio veikimo (hidraulinis veikimas abiem kryptimis) cilindrus, atitinkan\u010dius skirtingus eksploatacinius poreikius. Kai kurie modeliai yra teleskopiniai, tod\u0117l juos galima labiau prailginti nedidinant i\u0161orini\u0173 matmen\u0173, tod\u0117l jie tinka naudoti ribotoje erdv\u0117je.<\/li>\n<li>Puikiai pakei\u010dia originalius hidraulinius cilindrus: M\u016bs\u0173 gaminys sukurtas taip, kad puikiai pakeist\u0173 \u0161iuos hidraulinius cilindrus.<\/li>\n<\/ol>\n<p><img decoding=\"async\" src=\"https:\/\/www.hydraulic-cylinders.net\/wp-content\/uploads\/2025\/01\/songte-cylinder-head-with-all-kinds-excavator-models.webp\" alt=\"Pakei\u010diamo hidraulinio cilindro vaizdas\"><\/p>\n<h3>Kau\u0161o cilindro pritaikymas pasauliniam vidutiniam ekskavatoriui W2215-8<\/h3>\n<p>\u0160is kau\u0161o cilindras pla\u010diai naudojamas \u012fvairioje statybin\u0117je \u012frangoje ir \u017eem\u0117s \u016bkio technikoje:<\/p>\n<ul>\n<li>Statybin\u0117 \u012franga: ji atlieka labai svarb\u0173 vaidmen\u012f ekskavatoriuose kasant, kraunant ir perkeliant grunt\u0105 ar \u0161iuk\u0161les. Ekskavatoriuose-krautuvuose kau\u0161o cilindras padeda tiek kasant, tiek keliant.<\/li>\n<li>\u017dem\u0117s \u016bkio technika: naudojama frontaliniuose krautuvuose dirvo\u017eemiui, \u0161ienui ir kitoms med\u017eiagoms kasti, kelti ir transportuoti.<\/li>\n<li>Ekskavatoriai: Kau\u0161o cilindras leid\u017eia atlikti kasimo veiksmus, leisdamas kau\u0161ui \u012fsiskverbti \u012f dirv\u0105.<\/li>\n<li>Priekiniai krautuvai: Priekiniuose krautuvuose jie padeda efektyviai pakelti ir i\u0161mesti prekes.<\/li>\n<\/ul>\n<h3>Projektavimo aspektai ir atrankos kriterijai<\/h3>\n<p>Kalbant apie cilindro formos spyruoklinio vamzd\u017eio konstrukcij\u0105, atsi\u017evelgiama \u012f kelis svarbius veiksnius:<\/p>\n<ul>\n<li>Apkrovos paj\u0117gumas<\/li>\n<li>Sandarinimo galimyb\u0117s<\/li>\n<li>Patvarumas<\/li>\n<li>Saugumas<\/li>\n<li>Prie\u017ei\u016bra<\/li>\n<\/ul>\n<p><img decoding=\"async\" src=\"https:\/\/www.hydraulic-cylinders.net\/wp-content\/uploads\/2025\/01\/songte-oil-pipes-and-spare-parts.webp\" alt=\"Hidraulinio cilindro konstrukcija ir dali\u0173 vaizdas\"><\/p>\n<h3>Sandarinimas ir tepimas<\/h3>\n<p>Kau\u0161o cilindre naudojami \u012fvair\u016bs sandarinimo komponentai, tokie kaip st\u016bmokli\u0173 ir kot\u0173 sandarikliai, pagaminti i\u0161 atspari\u0173 dilimui med\u017eiag\u0173, toki\u0173 kaip poliuretanas ir nitrilo kau\u010diukas. Cilindro korpusas ir srieginiai galiniai pavir\u0161iai yra kruop\u0161\u010diai apdirbti, siekiant pagerinti atsparum\u0105 dilimui. Norint u\u017etikrinti skland\u0173 veikim\u0105, b\u016btina reguliariai tepti tinkama hidrauline alyva.<\/p>\n<h3>Reguliarus patikrinimas ir prevencin\u0117 prie\u017ei\u016bra<\/h3>\n<p>Norint i\u0161laikyti cilindro na\u0161um\u0105 ir pailginti jo tarnavimo laik\u0105, b\u016btina reguliariai tikrinti ir atlikti prevencines prie\u017ei\u016bros priemones:<\/p>\n<ul>\n<li>Ap\u017ei\u016bra, ar n\u0117ra nusid\u0117v\u0117jimo ar pa\u017eeidim\u0173 po\u017eymi\u0173<\/li>\n<li>Tinkamas tepimas<\/li>\n<li>Susid\u0117v\u0117jusi\u0173 arba pa\u017eeist\u0173 sandarikli\u0173 keitimas<\/li>\n<li>Kalibravimo patikrinimai<\/li>\n<\/ul>\n<p><img decoding=\"async\" src=\"https:\/\/www.hydraulic-cylinders.net\/wp-content\/uploads\/2025\/01\/songte-chushion-collar.webp\" alt=\"Kau\u0161o cilindro prie\u017ei\u016bros paveiksl\u0117lis\"><\/p>\n<h3>Saugos aspektai ir aplinkos veiksniai<\/h3>\n<p>Naudojant kau\u0161o tipo cilindr\u0105, itin svarbu u\u017etikrinti tinkamas saugos priemones. Tinkami mokymai ir saugos protokol\u0173 laikymasis yra labai svarb\u016bs siekiant i\u0161vengti nelaiming\u0173 atsitikim\u0173 ir palaikyti saugi\u0105 darbo aplink\u0105. Be to, norint suma\u017einti neigiam\u0105 poveik\u012f, labai svarbu atsi\u017evelgti \u012f aplinkos veiksnius, susijusius su cilindro naudojimu ir prie\u017ei\u016bra.<\/p>\n<h3>Trik\u010di\u0173 \u0161alinimas ir da\u017eniausiai pasitaikan\u010dios problemos<\/h3>\n<p>\u0160tai keletas \u012fprast\u0173 trik\u010di\u0173 \u0161alinimo patarim\u0173 ir sprendim\u0173, kaip i\u0161spr\u0119sti galimas problemas:<\/p>\n<ul>\n<li>Gedim\u0173 nustatymas ir diagnozavimas<\/li>\n<li>Pateikiami trik\u010di\u0173 \u0161alinimo patarimai ir sprendimai<\/li>\n<li>Si\u016blomos prevencin\u0117s priemon\u0117s<\/li>\n<\/ul>\n<p><img decoding=\"async\" src=\"https:\/\/www.hydraulic-cylinders.net\/wp-content\/uploads\/2025\/01\/songte-bushings-with-all-kinds-of-excavator-models.webp\" alt=\"Hidraulinio cilindro trik\u010di\u0173 \u0161alinimo paveiksl\u0117lis\"><\/p>\n<p>Nepamir\u0161kite straipsn\u012f strukt\u016brizuoti logi\u0161kai, naudoti paantra\u0161tes lengvam nar\u0161ymui, \u012ftraukti atitinkam\u0173 vaizd\u0173 ar diagram\u0173, kad b\u016bt\u0173 lengviau suprasti, ir u\u017etikrinti, kad turinys b\u016bt\u0173 ai\u0161kus, glaustas ir tinkamas skaitytojams, turintiems skirtingus technini\u0173 \u017eini\u0173 lygius.<\/p>\n<h2>Apie m\u016bs\u0173 \u012fmon\u0119<\/h2>\n<p>Esame pirmaujantis atsargini\u0173 hidraulini\u0173 cilindr\u0173 gamintojas ir didmeninis platintojas. Platus gamini\u0173 asortimentas peln\u0117 m\u016bs\u0173 patikimum\u0105 vidaus ir tarptautin\u0117se rinkose. Laikom\u0117s auk\u0161\u010diausios kokyb\u0117s princip\u0173 ir savo moderniose gamybos dirbtuv\u0117se taikome pramonin\u0117s gamybos valdymo strategijas. Tur\u0117dami technini\u0173 ekspert\u0173 komand\u0105, moderniausi\u0105 gamybos \u012frang\u0105 ir profesionalias bandym\u0173 sistemas, nuolat tobuliname savo gamybos platform\u0105 ir gamini\u0173 kokyb\u0117s u\u017etikrinimo b\u016bdus. Turime stipr\u0173 inovacin\u012f paj\u0117gum\u0105 ir siekiame patenkinti \u012fvairius klient\u0173 poreikius, u\u017etikrindami auk\u0161t\u0105 efektyvum\u0105, tikslum\u0105 ir kokyb\u0119.<\/p>\n<p><img decoding=\"async\" src=\"https:\/\/www.hydraulic-cylinders.net\/wp-content\/uploads\/2025\/01\/songte-company-3.webp\" alt=\"\u012emon\u0117s \u012fvaizdis\"><\/p>\n<h3>Kod\u0117l verta rinktis mus?<\/h3>\n<ul>\n<li>Ekspertiz\u0117 ir profesionalumas<\/li>\n<li>Tarptautiniai sertifikatai<\/li>\n<li>Pritaikymo paslaugos<\/li>\n<li>Pa\u017eangi gamybos \u012franga<\/li>\n<li>Aptarnavimas po pardavimo<\/li>\n<\/ul>\n<p>Autorius: lyl<\/p>","protected":false},"excerpt":{"rendered":"<p>Bucket Cylinder For World Middle Excavator W2215-8 Bucket cylinder is a specially designed hydraulic cylinder that is primarily used to control the movement of the bucket in heavy machinery such as excavators, backhoe loaders, and front loaders. Its main function is to enable the bucket to perform lifting, lowering, and tilting actions, making it easier [&hellip;]<\/p>","protected":false},"featured_media":14771,"comment_status":"open","ping_status":"closed","template":"","meta":{"_et_pb_use_builder":"","_et_pb_old_content":"","_et_gb_content_width":""},"product_brand":[],"product_cat":[1494],"product_tag":[1495,1496],"class_list":{"0":"post-15742","1":"product","2":"type-product","3":"status-publish","4":"has-post-thumbnail","6":"product_cat-bucket-cylinders","7":"product_tag-bucket-cylinders","8":"product_tag-hydraulic-cylinders","10":"first","11":"instock","12":"shipping-taxable","13":"product-type-simple"},"amp_enabled":true,"_links":{"self":[{"href":"https:\/\/www.hydraulic-cylinders.net\/lt\/wp-json\/wp\/v2\/product\/15742","targetHints":{"allow":["GET"]}}],"collection":[{"href":"https:\/\/www.hydraulic-cylinders.net\/lt\/wp-json\/wp\/v2\/product"}],"about":[{"href":"https:\/\/www.hydraulic-cylinders.net\/lt\/wp-json\/wp\/v2\/types\/product"}],"replies":[{"embeddable":true,"href":"https:\/\/www.hydraulic-cylinders.net\/lt\/wp-json\/wp\/v2\/comments?post=15742"}],"wp:featuredmedia":[{"embeddable":true,"href":"https:\/\/www.hydraulic-cylinders.net\/lt\/wp-json\/wp\/v2\/media\/14771"}],"wp:attachment":[{"href":"https:\/\/www.hydraulic-cylinders.net\/lt\/wp-json\/wp\/v2\/media?parent=15742"}],"wp:term":[{"taxonomy":"product_brand","embeddable":true,"href":"https:\/\/www.hydraulic-cylinders.net\/lt\/wp-json\/wp\/v2\/product_brand?post=15742"},{"taxonomy":"product_cat","embeddable":true,"href":"https:\/\/www.hydraulic-cylinders.net\/lt\/wp-json\/wp\/v2\/product_cat?post=15742"},{"taxonomy":"product_tag","embeddable":true,"href":"https:\/\/www.hydraulic-cylinders.net\/lt\/wp-json\/wp\/v2\/product_tag?post=15742"}],"curies":[{"name":"wp","href":"https:\/\/api.w.org\/{rel}","templated":true}]}}