{"id":15743,"date":"2025-01-19T14:55:09","date_gmt":"2025-01-19T14:55:09","guid":{"rendered":"https:\/\/www.hydraulic-cylinders.net\/product\/bucket-cylinder-for-world-middle-excavator-w2225lc-8\/"},"modified":"2025-01-19T14:55:14","modified_gmt":"2025-01-19T14:55:14","slug":"bucket-cylinder-for-world-middle-excavator-w2225lc-8","status":"publish","type":"product","link":"https:\/\/www.hydraulic-cylinders.net\/lt\/produktas\/bucket-cylinder-for-world-middle-excavator-w2225lc-8\/","title":{"rendered":"Kau\u0161o cilindras pasauliniam vidutiniam ekskavatoriui W2225LC-8"},"content":{"rendered":"<h1>Kau\u0161o cilindras pasauliniam vidutiniam ekskavatoriui W2225LC-8<\/h1>\n<h2>\u012evadas<\/h2>\n<p>\u201eWorld Middle Excavator W2225LC-8\u201c kau\u0161o cilindras yra specialiai sukurtas hidraulinis cilindras, naudojamas valdyti kau\u0161\u0173 jud\u0117jim\u0105 sunkiosiose ma\u0161inose, tokiose kaip ekskavatoriai, ekskavatoriniai ekskavatoriai ir frontaliniai krautuvai. Pagrindin\u0117 jo funkcija \u2013 leisti kau\u0161ui pakilti, nuleisti ir pakreipti, kad b\u016bt\u0173 lengviau atlikti \u012fvairias med\u017eiag\u0173 tvarkymo u\u017eduotis. Hidraulin\u0117je sistemoje kau\u0161o cilindras tiksliai valdo kau\u0161\u0105 keisdamas hidraulin\u0117s alyvos sl\u0117g\u012f, tod\u0117l operatoriai gali efektyviai valdyti sunkius krovinius ir prisitaikyti prie sud\u0117tingos darbo aplinkos bei \u012fvairi\u0173 darbo reikalavim\u0173.<\/p>\n<p><img decoding=\"async\" src=\"https:\/\/www.hydraulic-cylinders.net\/wp-content\/uploads\/2025\/01\/songte-company-2.webp\"><\/p>\n<h2>Savyb\u0117s<\/h2>\n<ul>\n<li>Didelis stiprumas ir ilgaam\u017ei\u0161kumas: Paprastai gaminami i\u0161 didelio stiprumo plieno arba aliuminio, galintys atlaikyti auk\u0161t\u0105 sl\u0117g\u012f ir dideles apkrovas, ir suprojektuoti atsi\u017evelgiant \u012f atsparum\u0105 dilimui ir korozijai, kad b\u016bt\u0173 prailgintas tarnavimo laikas.<\/li>\n<li>Efektyvus hidraulinis veikimas: sklandus i\u0161pl\u0117timas ir susitraukimas d\u0117l hidraulin\u0117s alyvos sl\u0117gio, greitas reagavimas \u012f valdymo komandas, u\u017etikrinantis galing\u0105 st\u016bmimo ir traukimo j\u0117g\u0105, tinka sunkiems kroviniams ir sud\u0117tingoms u\u017eduotims atlikti.<\/li>\n<li>\u012evair\u016bs tipai: pagal poreikius (hidraulik\u0105 naudojant tik viena kryptimi) arba dvigubo veikimo (hidraulik\u0105 naudojant abiem kryptimis) cilindrus galima pasirinkti pagal skirtingus eksploatavimo reikalavimus. Kai kurie modeliai yra teleskopiniai, tod\u0117l juos galima labiau i\u0161tiesti nedidinant i\u0161orini\u0173 matmen\u0173, tod\u0117l jie tinka naudoti ribotoje erdv\u0117je.<\/li>\n<li>Lengvas keitimas: m\u016bs\u0173 gaminys gali puikiai pakeisti \u0161iuos hidraulinius cilindrus.<\/li>\n<\/ul>\n<p><img decoding=\"async\" src=\"https:\/\/www.hydraulic-cylinders.net\/wp-content\/uploads\/2025\/01\/songte-cylinder-head-with-all-kinds-excavator-models.webp\"><\/p>\n<h2>Parai\u0161kos<\/h2>\n<p>Kau\u0161o cilindras da\u017eniausiai naudojamas statybin\u0117je \u012frangoje, pavyzd\u017eiui, ekskavatoriuose, ekskavatoriniuose ekskavatoriuose ir frontaliniuose krautuvuose. \u0160tai keletas pavyzd\u017ei\u0173:<\/p>\n<h3>Statybin\u0117 \u012franga<\/h3>\n<ul>\n<li><strong>Ekskavatoriai:<\/strong> Kau\u0161o cilindrai padeda atlikti kasimo veiksm\u0105, leisdami kau\u0161ui \u012fsiskverbti \u012f dirv\u0105.<\/li>\n<li><strong>Ekskavatoriai-ekskavatoriai:<\/strong> Kau\u0161o cilindras padeda tiek kasti, tiek kelti.<\/li>\n<li><strong>Priekiniai krautuvai:<\/strong> Kau\u0161\u0173 cilindrai padeda efektyviai kelti ir i\u0161versti med\u017eiagas.<\/li>\n<\/ul>\n<h3>\u017dem\u0117s \u016bkio technika<\/h3>\n<ul>\n<li><strong>Priekiniai krautuvai:<\/strong> Naudojamas dirvo\u017eemiui, \u0161ienui ir kitoms med\u017eiagoms pakrauti, kelti ir transportuoti.<\/li>\n<\/ul>\n<h2>Projektavimo aspektai ir atrankos kriterijai<\/h2>\n<p>The bucket cylinder&#8217;s design takes into account several factors that ensure optimal performance. Here are some essential design considerations and selection criteria:<\/p>\n<h3>Guoli\u0173 talpa<\/h3>\n<p>Cilindras turi atlaikyti auk\u0161t\u0105 sl\u0117g\u012f ir dideles apkrovas.<\/p>\n<h3>Sandarinimas<\/h3>\n<p>Cilindro konstrukcija turi b\u016bti su auk\u0161tos kokyb\u0117s sandarikliais, kurie gali u\u017ekirsti keli\u0105 alyvos nutek\u0117jimui ir u\u017etikrinti skland\u0173 cilindro veikim\u0105.<\/p>\n<h3>Patvarumas<\/h3>\n<p>Cilindras turi b\u016bti atsparus dilimui ir korozijai bei atlaikyti at\u0161iaurias darbo s\u0105lygas.<\/p>\n<h3>Saugumas<\/h3>\n<p>Balionas turi b\u016bti suprojektuotas taip, kad b\u016bt\u0173 kuo labiau suma\u017einta avarij\u0173 d\u0117l baliono gedimo rizika.<\/p>\n<h3>Prie\u017ei\u016bra<\/h3>\n<p>Cilindras turi b\u016bti suprojektuotas taip, kad j\u012f b\u016bt\u0173 kuo lengviau pri\u017ei\u016br\u0117ti ir remontuoti.<\/p>\n<p><img decoding=\"async\" src=\"https:\/\/www.hydraulic-cylinders.net\/wp-content\/uploads\/2025\/01\/songte-oil-pipes-and-spare-parts.webp\"><\/p>\n<h2>Sandarinimas ir tepimas<\/h2>\n<p>Kau\u0161o cilindre naudojami \u012fvair\u016bs sandarikliai, tokie kaip st\u016bmoklio sandarikliai, strypo sandarikliai ir kiti, pagaminti i\u0161 atspari\u0173 dilimui med\u017eiag\u0173, toki\u0173 kaip poliuretanas ir nitrilo kau\u010diukas, o cilindro pavir\u0161ius ir srieginiai galai yra smulkiai apdirbti, siekiant pagerinti atsparum\u0105 dilimui. Norint u\u017etikrinti skland\u0173 veikim\u0105, reikia reguliariai tepti hidrauline alyva.<\/p>\n<h2>Prie\u017ei\u016bra ir prevencin\u0117s priemon\u0117s<\/h2>\n<p>Reguliarus patikrinimas, tinkamas tepimas, sandarikli\u0173 keitimas ir kalibravimo patikrinimai yra \u012fprastos prie\u017ei\u016bros u\u017eduotys, kurios gali pad\u0117ti prailginti cilindro tarnavimo laik\u0105. Tinkamas montavimas, tepimas ir reguliavimas yra labai svarb\u016bs, o montavimo metu tur\u0117t\u0173 b\u016bti pateiktos tinkamos lygiavimo instrukcijos. Rekomenduojama naudoti tinkamus tvirtinimo laikiklius cilindrui pritvirtinti, o siekiant pailginti gaminio tarnavimo laik\u0105, tur\u0117t\u0173 b\u016bti sukurtos dali\u0173 patikros, remonto ir keitimo programos. <\/p>\n<p><img decoding=\"async\" src=\"https:\/\/www.hydraulic-cylinders.net\/wp-content\/uploads\/2025\/01\/songte-chushion-collar.webp\"><\/p>\n<h2>Saugos ir aplinkosaugos aspektai<\/h2>\n<p>Kau\u0161o cilindras turi b\u016bti sumontuotas ir naudojamas laikantis saugos taisykli\u0173, kad b\u016bt\u0173 i\u0161vengta nelaiming\u0173 atsitikim\u0173. Reikia tinkamai pasir\u016bpinti hidraulin\u0117s alyvos ir kit\u0173 komponent\u0173 utilizavimu.<\/p>\n<h2>Trik\u010di\u0173 \u0161alinimas ir da\u017eniausios problemos<\/h2>\n<p>Da\u017eniausios kau\u0161o cilindr\u0173 problemos yra nuot\u0117kiai, netinkamas suderinimas ir susid\u0117v\u0117j\u0119 sandarikliai. Tinkama prie\u017ei\u016bra ir patikra gali pad\u0117ti i\u0161vengti \u0161i\u0173 problem\u0173.<\/p>\n<h2>\u012emon\u0117s pristatymas<\/h2>\n<p>We are a manufacturer of replacement hydraulic cylinders, providing a complete range of products and services and becoming one of the leading manufacturers and wholesalers of hydraulic cylinders in the domestic and international markets. We adhere to the principle of excellent quality, rely on the industry&#8217;s production management strategy of fine manufacturing workshops, constantly improve the manufacturing platform, improve product quality production lines, and have strong production capacity to meet customers&#8217; diverse needs with high efficiency, high precision, and high quality. <\/p>\n<p>Si\u016blome profesionalias, tarptautiniu mastu sertifikuotas, pritaikytas paslaugas, turime pa\u017eangi\u0105 gamybos \u012frang\u0105 ir profesionalias testavimo sistemas, taip pat patikim\u0105 aptarnavimo po pardavimo komand\u0105, kad u\u017etikrintume klient\u0173 pasitenkinim\u0105.<\/p>\n<p><img decoding=\"async\" src=\"https:\/\/hzpt.com\/wp-content\/uploads\/2024\/11\/songte-company-1.webp\"><\/p>\n<p>Autorius: lyl.<\/p>","protected":false},"excerpt":{"rendered":"<p>Bucket Cylinder For World Middle Excavator W2225LC-8 Introduction The Bucket Cylinder for World Middle Excavator W2225LC-8 is a specially designed hydraulic cylinder used to control the movement of buckets in heavy machinery such as excavators, backhoe excavators, and front-end loaders. Its main function is to enable the bucket to lift, lower, and tilt, making it [&hellip;]<\/p>","protected":false},"featured_media":14769,"comment_status":"open","ping_status":"closed","template":"","meta":{"_et_pb_use_builder":"","_et_pb_old_content":"","_et_gb_content_width":""},"product_brand":[],"product_cat":[1494],"product_tag":[1495,1496],"class_list":{"0":"post-15743","1":"product","2":"type-product","3":"status-publish","4":"has-post-thumbnail","6":"product_cat-bucket-cylinders","7":"product_tag-bucket-cylinders","8":"product_tag-hydraulic-cylinders","10":"first","11":"instock","12":"shipping-taxable","13":"product-type-simple"},"amp_enabled":true,"_links":{"self":[{"href":"https:\/\/www.hydraulic-cylinders.net\/lt\/wp-json\/wp\/v2\/product\/15743","targetHints":{"allow":["GET"]}}],"collection":[{"href":"https:\/\/www.hydraulic-cylinders.net\/lt\/wp-json\/wp\/v2\/product"}],"about":[{"href":"https:\/\/www.hydraulic-cylinders.net\/lt\/wp-json\/wp\/v2\/types\/product"}],"replies":[{"embeddable":true,"href":"https:\/\/www.hydraulic-cylinders.net\/lt\/wp-json\/wp\/v2\/comments?post=15743"}],"wp:featuredmedia":[{"embeddable":true,"href":"https:\/\/www.hydraulic-cylinders.net\/lt\/wp-json\/wp\/v2\/media\/14769"}],"wp:attachment":[{"href":"https:\/\/www.hydraulic-cylinders.net\/lt\/wp-json\/wp\/v2\/media?parent=15743"}],"wp:term":[{"taxonomy":"product_brand","embeddable":true,"href":"https:\/\/www.hydraulic-cylinders.net\/lt\/wp-json\/wp\/v2\/product_brand?post=15743"},{"taxonomy":"product_cat","embeddable":true,"href":"https:\/\/www.hydraulic-cylinders.net\/lt\/wp-json\/wp\/v2\/product_cat?post=15743"},{"taxonomy":"product_tag","embeddable":true,"href":"https:\/\/www.hydraulic-cylinders.net\/lt\/wp-json\/wp\/v2\/product_tag?post=15743"}],"curies":[{"name":"wp","href":"https:\/\/api.w.org\/{rel}","templated":true}]}}