{"id":1576,"date":"2023-10-07T02:56:09","date_gmt":"2023-10-07T02:56:09","guid":{"rendered":"https:\/\/hydraulic-cylinders.net\/?post_type=product&#038;p=1576"},"modified":"2025-04-15T05:44:31","modified_gmt":"2025-04-15T05:44:31","slug":"mobile-crane-steering-cylinder","status":"publish","type":"product","link":"https:\/\/www.hydraulic-cylinders.net\/lt\/produktas\/mobile-crane-steering-cylinder\/","title":{"rendered":"Mobiliojo krano vairo cilindras"},"content":{"rendered":"<h1 style=\"text-align: center;\"><strong>Mobiliojo krano vairo cilindras<\/strong><\/h1>\n<p><img loading=\"lazy\" decoding=\"async\" class=\"aligncenter wp-image-1577\" src=\"https:\/\/hydraulic-cylinders.net\/wp-content\/uploads\/2023\/10\/steering-cylinder-1-300x300.webp\" alt=\"\" width=\"400\" height=\"400\" \/><\/p>\n<p>Mobiliojo krano vairo cilindras yra gyvybi\u0161kai svarbus komponentas, atliekantis lemiam\u0105 vaidmen\u012f u\u017etikrinant tiksl\u0173 mobili\u0173j\u0173 kran\u0173 vairavimo valdym\u0105 ir manevringum\u0105 k\u0117limo operacij\u0173 metu. \u0160is hidraulinis cilindras, specialiai sukurtas mobiliesiems kranams, leid\u017eia operatoriams tiksliai valdyti kran\u0105, taip padidinant saugum\u0105 ir efektyvum\u0105 statybviet\u0117se ir pramon\u0117s aplinkoje.<\/p>\n<p>Mobiliojo krano vairo cilindras yra esminis komponentas, u\u017etikrinantis tiksl\u0173 vairavimo valdym\u0105 ir manevringum\u0105 atliekant mobiliojo krano k\u0117limo operacijas. D\u0117l tvirtos konstrukcijos, hidraulin\u0117s galios ir optimalaus vairavimo na\u0161umo \u0161is hidraulinis cilindras leid\u017eia operatoriams tiksliai ir u\u017etikrintai valdyti mobiliuosius kranus. Tinkamai naudodami ir laikydamiesi rekomenduojamos prie\u017ei\u016bros praktikos, operatoriai gali maksimaliai pailginti mobiliojo krano vairo cilindro tarnavimo laik\u0105 ir patikimum\u0105, o tai u\u017etikrina saugias ir efektyvias k\u0117limo operacijas. Pasirinkite \u0161\u012f nepakei\u010diam\u0105 hidraulin\u012f komponent\u0105, kad pasiektum\u0117te tiksl\u0173 vairavim\u0105 ir pagerintum\u0117te mobiliojo krano manevringum\u0105.<\/p>\n<p>Pagrindin\u0117s mobiliojo krano vairo cilindro charakteristikos:<\/p>\n<ol>\n<li>Tvirta konstrukcija ir ilgaam\u017ei\u0161kumas:<\/li>\n<\/ol>\n<ul>\n<li>Mobiliojo krano vairo cilindras pagamintas i\u0161 auk\u0161tos kokyb\u0117s med\u017eiag\u0173, u\u017etikrinan\u010di\u0173 i\u0161skirtin\u012f tvirtum\u0105 ir ilgaam\u017ei\u0161kum\u0105.<\/li>\n<li>Jis sukurtas atlaikyti dideles apkrovas, sm\u016bgius ir at\u0161iaurias aplinkos s\u0105lygas, u\u017etikrinant patikim\u0105 veikim\u0105 net ir sud\u0117tingomis darbo s\u0105lygomis.<\/li>\n<\/ul>\n<ol start=\"2\">\n<li>Hidraulinis valdymas ir tikslumas:<\/li>\n<\/ol>\n<ul>\n<li>\u0160is cilindras veikia per hidraulin\u0119 valdymo sistem\u0105, leid\u017eian\u010di\u0105 tiksliai valdyti mobil\u0173j\u012f kran\u0105.<\/li>\n<li>Hidraulinis valdymas u\u017etikrina skland\u0173 ir jautr\u0173 vairavim\u0105, leid\u017eiant\u012f operatoriams tiksliai ir tiksliai manevruoti kranu.<\/li>\n<\/ul>\n<ol start=\"3\">\n<li>Optimalus vairavimo efektyvumas:<\/li>\n<\/ol>\n<ul>\n<li>Mobiliojo krano vairo cilindras suprojektuotas taip, kad u\u017etikrint\u0173 optimal\u0173 vairavim\u0105, leid\u017eiant\u012f operatoriams lengvai valdyti kran\u0105.<\/li>\n<li>Tai suteikia reikiam\u0105 j\u0117g\u0105 ratams pasukti, u\u017etikrinant skland\u0173 ir kontroliuojam\u0105 vairavim\u0105.<\/li>\n<\/ul>\n<ol start=\"4\">\n<li>Padidintas saugumas ir manevringumas:<\/li>\n<\/ol>\n<ul>\n<li>Tikslus vairavimo valdymas yra labai svarbus siekiant u\u017etikrinti mobili\u0173j\u0173 kran\u0173 saugum\u0105 ir manevringum\u0105.<\/li>\n<li>The mobile crane steering cylinder enables operators to control the crane&#8217;s movement, minimizing the risk of accidents and ensuring safe and efficient operation.<\/li>\n<\/ul>\n<h2><strong>Mobiliojo krano vairo cilindro parametras:<\/strong><\/h2>\n<table border=\"1\" cellspacing=\"0\" cellpadding=\"0\">\n<tbody>\n<tr>\n<td>Produkto pavadinimas<\/td>\n<td>Mobiliojo krano vairo cilindras<\/td>\n<\/tr>\n<tr>\n<td>Savyb\u0117s:<\/td>\n<td>Krano va\u017eiuokl\u0117s padang\u0173 vairavimo sistema<\/td>\n<\/tr>\n<tr>\n<td>Skyl\u0117s skersmuo:<\/td>\n<td>63 mm ~ 200 mm<\/td>\n<\/tr>\n<tr>\n<td>Strypo skersmuo:<\/td>\n<td>36 mm ~ 140 mm<br \/>\nEiga \u22641000 mm<\/td>\n<\/tr>\n<tr>\n<td>Sl\u0117gis:<\/td>\n<td>Maksimalus 35 MPa<\/td>\n<\/tr>\n<tr>\n<td>Teleskopini\u0173 cilindr\u0173 pritaikymas:<\/td>\n<td>Mobilus kranas<\/td>\n<\/tr>\n<\/tbody>\n<\/table>\n<h2><strong>Mobiliojo krano identifikavimo schema:<\/strong><\/h2>\n<p><img loading=\"lazy\" decoding=\"async\" class=\"alignnone wp-image-1551 size-full\" src=\"https:\/\/hydraulic-cylinders.net\/wp-content\/uploads\/2023\/09\/mobile-crane-cylinder-construction-1.webp\" alt=\"\" width=\"1418\" height=\"946\" srcset=\"https:\/\/hydraulic-cylinders.net\/wp-content\/uploads\/2023\/09\/mobile-crane-cylinder-construction-1.webp 1418w, https:\/\/hydraulic-cylinders.net\/wp-content\/uploads\/2023\/09\/mobile-crane-cylinder-construction-1-1280x854.webp 1280w, https:\/\/hydraulic-cylinders.net\/wp-content\/uploads\/2023\/09\/mobile-crane-cylinder-construction-1-980x654.webp 980w, https:\/\/hydraulic-cylinders.net\/wp-content\/uploads\/2023\/09\/mobile-crane-cylinder-construction-1-480x320.webp 480w\" sizes=\"(min-width: 0px) and (max-width: 480px) 480px, (min-width: 481px) and (max-width: 980px) 980px, (min-width: 981px) and (max-width: 1280px) 1280px, (min-width: 1281px) 1418px, 100vw\" \/><\/p>\n<h2><strong>Mobiliojo krano vairo cilindro naudojimo b\u016bdas<\/strong><strong>:<\/strong><\/h2>\n<ol>\n<li><strong>Susipa\u017einkite su valdikliais ir saugos gair\u0117mis:<\/strong><\/li>\n<\/ol>\n<ul>\n<li>Before operating the mobile crane, operators should familiarize themselves with the crane&#8217;s steering controls and safety guidelines.<\/li>\n<li>U\u017etikrinkite, kad b\u016bt\u0173 laikomasi vis\u0173 saugos proced\u016br\u0173 ir atsargumo priemoni\u0173, siekiant u\u017etikrinti saugias k\u0117limo operacijas.<\/li>\n<\/ul>\n<ol start=\"2\">\n<li><strong>Vairo valdymas:<\/strong><\/li>\n<\/ol>\n<ul>\n<li>Mobiliojo krano vairavimui valdyti naudokite vair\u0105 arba valdymo svirt\u012f.<\/li>\n<li>Mobiliojo krano vairo cilindras pavers valdikli\u0173 signalus \u012f reikiam\u0105 j\u0117g\u0105 ratams pasukti.<\/li>\n<\/ul>\n<ol start=\"3\">\n<li><strong>Skland\u016bs vairavimo judesiai:<\/strong><\/li>\n<\/ol>\n<ul>\n<li>Kad vairavimo judesiai b\u016bt\u0173 skland\u016bs ir tiksl\u016bs, vairuokite stabiliai ir kontroliuojamai.<\/li>\n<li>Venkite staigi\u0173 ar tr\u016bk\u010diojan\u010di\u0173 vairavimo judesi\u0173, kurie gali paveikti stabilum\u0105 ir pakenkti saugumui.<\/li>\n<\/ul>\n<ol start=\"4\">\n<li><strong>Prisitaikykite prie reljefo ir apkrovos s\u0105lyg\u0173:<\/strong><\/li>\n<\/ol>\n<ul>\n<li>Vairo mechanizmo \u012fvest\u012f reguliuokite pagal reljef\u0105 ir apkrovos s\u0105lygas.<\/li>\n<li>Be mindful of the crane&#8217;s center of gravity and make necessary steering adjustments to ensure stability and balance.<\/li>\n<\/ul>\n<h2><strong>Kas yra \u012fkrovimo sl\u0117gis hidraulin\u0117je sistemoje?<\/strong><\/h2>\n<p>In a hydraulic system, the charge pressure refers to the pressure level maintained in the system&#8217;s accumulator or charge pump. It is typically lower than the operating pressure used for powering actuators or performing work. The charge pressure serves several important purposes in a hydraulic system:<\/p>\n<ol>\n<li><strong>Energijos kaupimas:<\/strong> In systems that utilize an accumulator, the charge pressure is responsible for storing hydraulic energy. When the system&#8217;s pump exceeds the required flow rate, the excess fluid is directed to the accumulator, which compresses a gas (such as nitrogen) or uses a spring mechanism to store energy in the pressurized fluid. This stored energy can be released later to provide instantaneous power during peak demand or to supplement the pump&#8217;s output.<\/li>\n<li><strong>Sistemos parengtis:<\/strong> The charge pressure ensures the system is ready for immediate operation. The hydraulic system is primed and prepared to respond quickly to the operator&#8217;s commands or sudden load changes by maintaining a consistent pressure level. This reduces response time and enables rapid actuator movement, enhancing the system&#8217;s overall performance.<\/li>\n<li><strong>Nuot\u0117kio kompensacija:<\/strong> Laikui b\u0117gant hidraulin\u0117se sistemose gali atsirasti nedideli\u0173 vidini\u0173 arba i\u0161orini\u0173 nuot\u0117ki\u0173. \u012ekrovos sl\u0117gis kompensuoja \u0161iuos nuot\u0117kius papildydamas prarast\u0105 skys\u010dio t\u016br\u012f. Tai u\u017etikrina pakankam\u0105 hidraulinio skys\u010dio tiekim\u0105 tinkamam sistemos veikimui, i\u0161vengiant bet kokio funkcionalumo praradimo ar na\u0161umo suma\u017e\u0117jimo d\u0117l nuot\u0117ki\u0173.<\/li>\n<li><strong>Sistemos stabilumas:<\/strong> \u012ekrovimo sl\u0117gis prisideda prie sistemos stabilumo, suma\u017eindamas kavitacijos tikimyb\u0119 ir palaikydamas teigiamo sl\u0117gio aplink\u0105. Kavitacija \u012fvyksta, kai sl\u0117gis nukrenta \u017eemiau hidraulinio skys\u010dio gar\u0173 sl\u0117gio, d\u0117l to susidaro ir v\u0117liau kolapsuoja gar\u0173 burbuliukai. D\u0117l to gali b\u016bti pa\u017eeisti sistemos komponentai ir suma\u017e\u0117ti bendras na\u0161umas. Pakankamo \u012fkrovimo sl\u0117gio palaikymas suma\u017eina kavitacijos rizik\u0105, u\u017etikrindamas stabil\u0173 ir patikim\u0105 veikim\u0105.<\/li>\n<\/ol>\n<h2><strong>Gamyklos paj\u0117gumai ir talpa:<\/strong><\/h2>\n<h3>(1) Surinkimas<\/h3>\n<p>Turime pirmos klas\u0117s nepriklausom\u0105 tyrim\u0173 ir pl\u0117tros surinkimo platform\u0105. Hidraulini\u0173 cilindr\u0173 gamybos ceche yra keturios pusiau automatin\u0117s k\u0117limo cilindr\u0173 surinkimo linijos ir viena automatin\u0117 pakreipimo cilindr\u0173 surinkimo linija, kuri\u0173 projektinis metinis gamybos paj\u0117gumas yra 1 milijonas vienet\u0173. Speciali\u0173j\u0173 cilindr\u0173 ceche \u012frengta \u012fvairi\u0173 specifikacij\u0173 pusiau automatin\u0117 valymo surinkimo sistema, kurios projektinis metinis gamybos paj\u0117gumas yra 200 000 vienet\u0173, ir garsi CNC apdirbimo \u012franga, apdirbimo centras, didelio tikslumo cilindr\u0173 apdirbimo speciali \u012franga, robotinis suvirinimo aparatas, automatinis valymo aparatas, automatinis cilindr\u0173 surinkimo aparatas ir automatin\u0117 da\u017eymo gamybos linija. Esama daugiau nei 300 rinkini\u0173 (komplekt\u0173) kritin\u0117 \u012franga. Optimalus \u012frangos i\u0161tekli\u0173 paskirstymas ir efektyvus naudojimas u\u017etikrina gamini\u0173 tikslumo reikalavimus ir auk\u0161tus gamini\u0173 kokyb\u0117s poreikius.<\/p>\n<p><img loading=\"lazy\" decoding=\"async\" class=\"alignnone wp-image-626\" src=\"https:\/\/hydraulic-cylinders.net\/wp-content\/uploads\/2023\/08\/hydraulic-cylinder-product-1-300x158.webp\" alt=\"\" width=\"495\" height=\"260\" srcset=\"https:\/\/hydraulic-cylinders.net\/wp-content\/uploads\/2023\/08\/hydraulic-cylinder-product-1-300x158.webp 495w, https:\/\/hydraulic-cylinders.net\/wp-content\/uploads\/2023\/08\/hydraulic-cylinder-product-1-480x252.webp 480w\" sizes=\"(min-width: 0px) and (max-width: 480px) 480px, (min-width: 481px) 495px, 100vw\" \/> <img loading=\"lazy\" decoding=\"async\" class=\"alignnone wp-image-627\" src=\"https:\/\/hydraulic-cylinders.net\/wp-content\/uploads\/2023\/08\/hydraulic-cylinder-product-2-300x189.webp\" alt=\"\" width=\"413\" height=\"260\" \/><\/p>\n<h3>(2) Apdirbimas<\/h3>\n<p>Mechaninio apdirbimo ceche \u012frengtas pritaikytas nuo\u017eulnaus b\u0117gio tekinimo centras, apdirbimo centras, greitaeigis galandimo stakl\u0117s, suvirinimo robotas ir kita susijusi \u012franga, galinti apdirbti cilindrinius vamzd\u017eius, kuri\u0173 maksimalus vidinis skersmuo yra 400 mm, o maksimalus ilgis \u2013 6 metrai.<\/p>\n<p><img loading=\"lazy\" decoding=\"async\" class=\"alignnone wp-image-628 size-large\" src=\"https:\/\/hydraulic-cylinders.net\/wp-content\/uploads\/2023\/08\/hydraulic-cylinder-product-3-1024x391.webp\" alt=\"\" width=\"1024\" height=\"391\" srcset=\"https:\/\/hydraulic-cylinders.net\/wp-content\/uploads\/2023\/08\/hydraulic-cylinder-product-3-980x374.webp 980w, https:\/\/hydraulic-cylinders.net\/wp-content\/uploads\/2023\/08\/hydraulic-cylinder-product-3-480x183.webp 480w\" sizes=\"(min-width: 0px) and (max-width: 480px) 480px, (min-width: 481px) and (max-width: 980px) 980px, (min-width: 981px) 1024px, 100vw\" \/><\/p>\n<h3>(3) Suvirinimas<\/h3>\n<p><img loading=\"lazy\" decoding=\"async\" class=\"alignnone wp-image-629 size-large\" src=\"https:\/\/hydraulic-cylinders.net\/wp-content\/uploads\/2023\/08\/hydraulic-cylinder-product-4-1024x510.webp\" alt=\"\" width=\"1024\" height=\"510\" srcset=\"https:\/\/hydraulic-cylinders.net\/wp-content\/uploads\/2023\/08\/hydraulic-cylinder-product-4-980x488.webp 980w, https:\/\/hydraulic-cylinders.net\/wp-content\/uploads\/2023\/08\/hydraulic-cylinder-product-4-480x239.webp 480w\" sizes=\"(min-width: 0px) and (max-width: 480px) 480px, (min-width: 481px) and (max-width: 980px) 980px, (min-width: 981px) 1024px, 100vw\" \/><\/p>\n<h3>(4) Da\u017eymas ir dengimas<\/h3>\n<p>Su ma\u017eomis ir vidutinio dyd\u017eio cilindrin\u0117mis automatin\u0117mis vandens pagrindo da\u017e\u0173 dengimo linijomis, siekiant automatinio robot\u0173 pakrovimo ir i\u0161krovimo bei automatinio pur\u0161kimo, projektinis paj\u0117gumas yra 4000 vienet\u0173 per pamain\u0105;<br \/>\nTaip pat turime pusiau automatin\u0119 dideli\u0173 cilindr\u0173 da\u017e\u0173 gamybos linij\u0105, varom\u0105 grandin\u0117s, kurios projektinis na\u0161umas yra 60 d\u0117\u017ei\u0173 per pamain\u0105.<\/p>\n<p><img loading=\"lazy\" decoding=\"async\" class=\"alignnone wp-image-630\" src=\"https:\/\/hydraulic-cylinders.net\/wp-content\/uploads\/2023\/08\/hydraulic-cylinder-product-5-300x213.webp\" alt=\"\" width=\"366\" height=\"260\" \/> <img loading=\"lazy\" decoding=\"async\" class=\"alignnone wp-image-631\" src=\"https:\/\/hydraulic-cylinders.net\/wp-content\/uploads\/2023\/08\/hydraulic-cylinder-product-6-300x225.webp\" alt=\"\" width=\"347\" height=\"260\" \/><\/p>\n<h3>(5) Testavimas<\/h3>\n<p>Turime auk\u0161\u010diausios klas\u0117s patikros patalpas ir bandym\u0173 stendus, kad u\u017etikrintume, jog baliono veikimas atitinka reikalavimus.<\/p>\n<p><img loading=\"lazy\" decoding=\"async\" class=\"alignnone wp-image-632\" src=\"https:\/\/hydraulic-cylinders.net\/wp-content\/uploads\/2023\/08\/hydraulic-cylinder-product-8-300x200.webp\" alt=\"\" width=\"389\" height=\"260\" \/><\/p>\n<p>&nbsp;<\/p>\n<p>&nbsp;<\/p>\n<p>Esame vienas geriausi\u0173 hidraulini\u0173 cilindr\u0173 gamintoj\u0173. Galime pasi\u016blyti i\u0161samius hidraulinius cilindrus. Taip pat teikiame atitinkamus <a href=\"https:\/\/hzpt.com\/agricultural-pto-gearbox\/\" target=\"_blank\" rel=\"noopener\">\u017eem\u0117s \u016bkio pavar\u0173 d\u0117\u017e\u0117s<\/a>Mes eksportuojame savo gaminius klientams visame pasaulyje ir peln\u0117me ger\u0105 reputacij\u0105 d\u0117l auk\u0161\u010diausios gamini\u0173 kokyb\u0117s ir aptarnavimo po pardavimo. Mes laukiame klient\u0173 \u0161alyje ir u\u017esienyje, norin\u010di\u0173 susisiekti su mumis der\u0117tis d\u0117l verslo, keistis informacija ir... <a href=\"https:\/\/www.hydraulic-cylinders.net\/lt\/contact-us\/\">bendradarbiauti su mumis<\/a>!<\/p>","protected":false},"excerpt":{"rendered":"<p>Mobile Crane Steering Cylinder The mobile crane steering cylinder is a vital component that plays a crucial role in ensuring precise steering control and maneuverability of mobile cranes during lifting operations. Designed specifically for mobile cranes, this hydraulic cylinder enables operators to navigate the crane accurately, enhancing safety and efficiency on construction sites and industrial [&hellip;]<\/p>","protected":false},"featured_media":1578,"comment_status":"open","ping_status":"closed","template":"","meta":{"_et_pb_use_builder":"","_et_pb_old_content":"","_et_gb_content_width":""},"product_brand":[],"product_cat":[1550,1514,1552],"product_tag":[1380],"class_list":{"0":"post-1576","1":"product","2":"type-product","3":"status-publish","4":"has-post-thumbnail","6":"product_cat-double-acting-hydraulic-cylinder","7":"product_cat-mobile-crane-hydraulic-cylinders","8":"product_cat-stainless-steel-hydraulic-cylinder","9":"product_tag-hydraulic-cylinder","11":"first","12":"instock","13":"shipping-taxable","14":"product-type-simple"},"amp_enabled":true,"_links":{"self":[{"href":"https:\/\/www.hydraulic-cylinders.net\/lt\/wp-json\/wp\/v2\/product\/1576","targetHints":{"allow":["GET"]}}],"collection":[{"href":"https:\/\/www.hydraulic-cylinders.net\/lt\/wp-json\/wp\/v2\/product"}],"about":[{"href":"https:\/\/www.hydraulic-cylinders.net\/lt\/wp-json\/wp\/v2\/types\/product"}],"replies":[{"embeddable":true,"href":"https:\/\/www.hydraulic-cylinders.net\/lt\/wp-json\/wp\/v2\/comments?post=1576"}],"wp:featuredmedia":[{"embeddable":true,"href":"https:\/\/www.hydraulic-cylinders.net\/lt\/wp-json\/wp\/v2\/media\/1578"}],"wp:attachment":[{"href":"https:\/\/www.hydraulic-cylinders.net\/lt\/wp-json\/wp\/v2\/media?parent=1576"}],"wp:term":[{"taxonomy":"product_brand","embeddable":true,"href":"https:\/\/www.hydraulic-cylinders.net\/lt\/wp-json\/wp\/v2\/product_brand?post=1576"},{"taxonomy":"product_cat","embeddable":true,"href":"https:\/\/www.hydraulic-cylinders.net\/lt\/wp-json\/wp\/v2\/product_cat?post=1576"},{"taxonomy":"product_tag","embeddable":true,"href":"https:\/\/www.hydraulic-cylinders.net\/lt\/wp-json\/wp\/v2\/product_tag?post=1576"}],"curies":[{"name":"wp","href":"https:\/\/api.w.org\/{rel}","templated":true}]}}