{"id":15767,"date":"2025-01-19T14:57:12","date_gmt":"2025-01-19T14:57:12","guid":{"rendered":"https:\/\/www.hydraulic-cylinders.net\/product\/bucket-cylinder-for-jchi-ns220c\/"},"modified":"2025-01-19T14:57:14","modified_gmt":"2025-01-19T14:57:14","slug":"bucket-cylinder-for-jchi-ns220c","status":"publish","type":"product","link":"https:\/\/www.hydraulic-cylinders.net\/lt\/produktas\/bucket-cylinder-for-jchi-ns220c\/","title":{"rendered":"Kau\u0161o cilindras, skirtas JCHI NS220C"},"content":{"rendered":"<h2>\u012evadas<\/h2>\n<h3>JCHI NS220C kau\u0161o cilindro apibr\u0117\u017eimas<\/h3>\n<p>Kau\u0161o cilindras yra hidraulinio cilindro tipas, specialiai sukurtas valdyti kau\u0161\u0173 jud\u0117jim\u0105 sunkiosiose ma\u0161inose, tokiose kaip ekskavatoriai, ekskavatoriniai krautuvai ir frontaliniai krautuvai. Jo pagrindin\u0117 funkcija \u2013 leisti kau\u0161ui pakilti, nuleisti ir pakreipti, kad b\u016bt\u0173 galima efektyviai atlikti med\u017eiag\u0173 tvarkymo u\u017eduotis. Kau\u0161o cilindrai naudoja hidraulinius sl\u0117gio poky\u010dius, kad tiksliai valdyt\u0173 kau\u0161\u0105 hidraulin\u0117je sistemoje, leisdami operatoriams efektyviai valdyti sunkius krovinius sud\u0117tingoje darbo aplinkoje ir \u012fvairiuose darbo reikalavimuose.<\/p>\n<p><img decoding=\"async\" src=\"https:\/\/www.hydraulic-cylinders.net\/wp-content\/uploads\/2025\/01\/songte-company-2.webp\" alt=\"Kau\u0161o cilindro vaizdas\"><\/p>\n<h3>JCHI NS220C kau\u0161o cilindro savyb\u0117s<\/h3>\n<ul>\n<li>Didelis stiprumas ir ilgaam\u017ei\u0161kumas: Paprastai i\u0161 didelio stiprumo plieno arba aliuminio pagamintas kau\u0161o cilindras gali atlaikyti auk\u0161t\u0105 sl\u0117g\u012f ir dideles apkrovas, prisitaikyti prie at\u0161iauri\u0173 darbo s\u0105lyg\u0173 ir yra suprojektuotas atsi\u017evelgiant \u012f atsparum\u0105 dilimui ir korozijai, o tai pailgina jo tarnavimo laik\u0105.<\/li>\n<li>Efektyvus hidraulinis valdymas: Skland\u016bs i\u0161pl\u0117timo ir atitraukimo judesiai pasiekiami naudojant hidraulin\u0117s alyvos sl\u0117g\u012f, kuris greitai reaguoja \u012f valdymo komandas ir u\u017etikrina galingas st\u016bmimo bei traukimo j\u0117gas, tinkamas sunkiems kroviniams ir sud\u0117tingoms u\u017eduotims atlikti.<\/li>\n<li>\u012evair\u016bs tipai: vienpusio veikimo (hidraulinis naudojamas tik viena kryptimi) arba dvipusio veikimo (hidraulinis naudojamas dviem kryptimis) cilindrus galima pasirinkti pagal poreikius, kad b\u016bt\u0173 patenkinti skirtingi eksploatavimo reikalavimai. Kai kurie modeliai yra teleskopiniai, tod\u0117l galima atlikti didesnius prailginimus nedidinant i\u0161orini\u0173 matmen\u0173, o tai tinka ribotoms erdv\u0117ms.<\/li>\n<li>Lengvas keitimas: m\u016bs\u0173 gaminys gali puikiai pakeisti \u0161iuos hidraulinius cilindrus.<\/li>\n<\/ul>\n<p><img decoding=\"async\" src=\"https:\/\/www.hydraulic-cylinders.net\/wp-content\/uploads\/2025\/01\/songte-cylinder-head-with-all-kinds-excavator-models.webp\" alt=\"Kau\u0161o cilindro vaizdas\"><\/p>\n<h2>Kau\u0161o cilindro pritaikymas JCHI NS220C<\/h2>\n<p>Kau\u0161\u0173 cilindrai pla\u010diai naudojami \u012fvairiose sunkiosiose ma\u0161inose, tokiose kaip:<\/p>\n<ul>\n<li>Statybin\u0117 \u012franga: ekskavatoriuose jie yra labai svarb\u016bs kasant, kraunant ir perkeliant grunt\u0105 ar \u0161iuk\u0161les. Ekskavatoriuose kau\u0161o cilindrai padeda tiek kasant, tiek keliant. <\/li>\n<li>\u017dem\u0117s \u016bkio technika: naudojama priekiniuose krautuvuose, jie semia, kelia ir transportuoja dirvo\u017eem\u012f, \u0161ien\u0105 ir kitas med\u017eiagas. <\/li>\n<li>Ekskavatoriai: Kau\u0161o cilindrai atlieka kasimo veiksmus leisdami kau\u0161ui \u012fsiskverbti \u012f dirv\u0105. <\/li>\n<li>Krautuvai: Priekiniuose krautuvuose jie padeda kelti ir pakreipti krovinius, kad b\u016bt\u0173 galima efektyviai i\u0161versti prekes.<\/li>\n<\/ul>\n<h2>Projektavimo aspektai ir atrankos kriterijai<\/h2>\n<p>Kau\u0161\u0173 cilindr\u0173 projektavimo aspektai apima \u0161iuos aspektus:<\/p>\n<ul>\n<li>Keliamoji galia: Geb\u0117jimas atlaikyti dideles apkrovas.<\/li>\n<li>Sandarinimas: St\u016bmokli\u0173 sandarikliams, stryp\u0173 sandarikliams ir kt. naudojamos med\u017eiagos turi b\u016bti atsparios dilimui ir hidraulin\u0117s alyvos korozijai.<\/li>\n<li>Patvarumas: Cilindro tarnavimo laikas tur\u0117t\u0173 b\u016bti ilgas ir jis tur\u0117t\u0173 atlaikyti at\u0161iaurias aplinkos s\u0105lygas.<\/li>\n<li>Saugumas: Cilindras turi tur\u0117ti saugos mechanizmus ir b\u016bti lengvai valdomas.<\/li>\n<li>Prie\u017ei\u016bra: Cilindr\u0105 tur\u0117t\u0173 b\u016bti lengva pri\u017ei\u016br\u0117ti ir remontuoti, o dalis tur\u0117t\u0173 b\u016bti lengva pakeisti.<\/li>\n<\/ul>\n<p><img decoding=\"async\" src=\"https:\/\/www.hydraulic-cylinders.net\/wp-content\/uploads\/2025\/01\/songte-oil-pipes-and-spare-parts.webp\" alt=\"Kau\u0161o cilindro vaizdas\"><\/p>\n<h2>Sandarinimas ir tepimas<\/h2>\n<p>Kau\u0161\u0173 cilindruose naudojamos \u012fvairios sandarinimo med\u017eiagos, tokios kaip poliuretanas ir nitrilo kau\u010diukas, siekiant i\u0161vengti hidraulin\u0117s alyvos nuot\u0117kio. Cilindro korpusas ir srieginiai galiniai pavir\u0161iai yra kruop\u0161\u010diai apdirbti, siekiant pagerinti atsparum\u0105 dilimui. Norint u\u017etikrinti skland\u0173 veikim\u0105, reikia tinkamai sutepti hidrauline alyva.<\/p>\n<p><img decoding=\"async\" src=\"https:\/\/www.hydraulic-cylinders.net\/wp-content\/uploads\/2025\/01\/songte-chushion-collar.webp\" alt=\"Kau\u0161o cilindro vaizdas\"><\/p>\n<h2>Prie\u017ei\u016bra ir remontas<\/h2>\n<p>Norint i\u0161laikyti kau\u0161o cilindr\u0173 na\u0161um\u0105, b\u016btina reguliariai atlikti technin\u0119 prie\u017ei\u016br\u0105. \u012eprastos technin\u0117s prie\u017ei\u016bros u\u017eduotys apima:<\/p>\n<ul>\n<li>Reguliarus patikrinimas<\/li>\n<li>Tinkamas tepimas<\/li>\n<li>Sandariklio keitimas<\/li>\n<li>Kalibravimo patikrinimas<\/li>\n<\/ul>\n<p>Teisingas cilindro montavimas yra labai svarbus tinkamam jo veikimui. Rekomenduojama naudoti tinkamus montavimo laikiklius cilindrui pritvirtinti ir tinkamai suderinti montuojant. Taip pat si\u016blome patikros, remonto ir keitimo paslaugas, taip pat patarimus, kaip prailginti kau\u0161o cilindr\u0173 tarnavimo laik\u0105.<\/p>\n<h2>Saugos ir aplinkosaugos aspektai<\/h2>\n<p>Kau\u0161\u0173 cilindrai tur\u0117t\u0173 b\u016bti naudojami laikantis saugos taisykli\u0173, o operatoriaus saugumui u\u017etikrinti tur\u0117t\u0173 b\u016bti \u012frengti saugos mechanizmai. Siekiant suma\u017einti poveik\u012f aplinkai, reikia laikytis tinkam\u0173 atliek\u0173 \u0161alinimo praktik\u0173.<\/p>\n<h2>Trik\u010di\u0173 \u0161alinimas ir prevencin\u0117s priemon\u0117s<\/h2>\n<p>Da\u017enos kau\u0161\u0173 cilindr\u0173 problemos gali b\u016bti nuot\u0117kis, deformacija ir sandariklio pa\u017eeidimai. Tinkamas montavimas, prie\u017ei\u016bra ir remontas gali pad\u0117ti i\u0161vengti \u0161i\u0173 problem\u0173. Reguliarus patikrinimas ir prevencin\u0117 prie\u017ei\u016bra taip pat gali pad\u0117ti aptikti galimas problemas dar prie\u0161 joms atsirandant.<\/p>\n<p><img decoding=\"async\" src=\"https:\/\/www.hydraulic-cylinders.net\/wp-content\/uploads\/2025\/01\/songte-bushings-with-all-kinds-of-excavator-models.webp\" alt=\"Kau\u0161o cilindro vaizdas\"><\/p>\n<h2>Apie mus<\/h2>\n<p>Esame pakaitini\u0173 hidraulini\u0173 cilindr\u0173 gamintojas, si\u016blantis vis\u0105 gamini\u0173 asortiment\u0105. Esame viena i\u0161 pirmaujan\u010di\u0173 hidraulini\u0173 cilindr\u0173 gamintoj\u0173 ir didmenini\u0173 platintoj\u0173 vidaus ir tarptautin\u0117se rinkose. Vadovaujam\u0117s puikios kokyb\u0117s strategija, remdamiesi industrializuota gamybos valdymu i\u0161tobulintame gamybos ceche. Nuolat tobuliname cecho gamybos platform\u0105, geriname gamini\u0173 kokyb\u0117s gamybos linij\u0105 ir turime stipr\u0173 k\u016brybin\u012f geb\u0117jim\u0105 patenkinti \u012fvairius klient\u0173 poreikius, taikydami auk\u0161t\u0105 efektyvum\u0105, auk\u0161t\u0105 tikslum\u0105 ir auk\u0161tos kokyb\u0117s principus.<\/p>\n<p><img decoding=\"async\" src=\"https:\/\/hzpt.com\/wp-content\/uploads\/2024\/11\/songte-company-1.webp\" alt=\"Kau\u0161o cilindro vaizdas\"> <\/p>\n<h3>Profesionalumas<\/h3>\n<p>M\u016bs\u0173 komanda turi didel\u0119 patirt\u012f hidraulini\u0173 cilindr\u0173 gamyboje ir si\u016blome individualiai pritaikytas paslaugas, kad patenkintume konkre\u010dius klient\u0173 poreikius. Taip pat teikiame tarptautinio sertifikavimo paslaugas, siekdami u\u017etikrinti, kad m\u016bs\u0173 gaminiai atitikt\u0173 tarptautinius kokyb\u0117s standartus.<\/p>\n<h3>Gamybos \u012franga<\/h3>\n<p>Mes naudojame pa\u017eangi\u0105 skaitmenin\u0119 gamybos \u012frang\u0105, kad u\u017etikrintume savo gamini\u0173 tikslum\u0105 ir kokyb\u0119.<\/p>\n<h3>Aptarnavimas po pardavimo<\/h3>\n<p>M\u016bs\u0173 \u012fmon\u0117 teikia visapusi\u0161k\u0105 garantin\u012f aptarnavim\u0105, \u012fskaitant technin\u0119 pagalb\u0105, prie\u017ei\u016bros paslaugas ir atsargini\u0173 dali\u0173 keitim\u0105.<\/p>\n<h3>I\u0161vada<\/h3>\n<p>Apibendrinant galima teigti, kad kau\u0161\u0173 cilindrai yra b\u016btini \u012fvairioms sunkiosios technikos operacijoms. Tinkamas montavimas, prie\u017ei\u016bra ir remontas gali pad\u0117ti u\u017etikrinti skland\u0173 j\u0173 veikim\u0105 ir ilg\u0105 tarnavimo laik\u0105. B\u016bdami pirmaujan\u010diu pakaitini\u0173 hidraulini\u0173 cilindr\u0173 gamintoju, esame \u012fsipareigoj\u0119 savo klientams teikti auk\u0161tos kokyb\u0117s produktus ir paslaugas.<\/p>\n<p>Autorius: lyl<\/p>","protected":false},"excerpt":{"rendered":"<p>Introduction Definition of Bucket Cylinder for JCHI NS220C A bucket cylinder is a type of hydraulic cylinder specially designed for controlling the movement of buckets in heavy machinery such as excavators, backhoe loaders, and front-end loaders. Its main function is to enable the bucket to lift, lower, and tilt for efficient material handling tasks. Bucket [&hellip;]<\/p>","protected":false},"featured_media":14782,"comment_status":"open","ping_status":"closed","template":"","meta":{"_et_pb_use_builder":"","_et_pb_old_content":"","_et_gb_content_width":""},"product_brand":[],"product_cat":[1494],"product_tag":[1495,1496],"class_list":{"0":"post-15767","1":"product","2":"type-product","3":"status-publish","4":"has-post-thumbnail","6":"product_cat-bucket-cylinders","7":"product_tag-bucket-cylinders","8":"product_tag-hydraulic-cylinders","10":"first","11":"instock","12":"shipping-taxable","13":"product-type-simple"},"amp_enabled":true,"_links":{"self":[{"href":"https:\/\/www.hydraulic-cylinders.net\/lt\/wp-json\/wp\/v2\/product\/15767","targetHints":{"allow":["GET"]}}],"collection":[{"href":"https:\/\/www.hydraulic-cylinders.net\/lt\/wp-json\/wp\/v2\/product"}],"about":[{"href":"https:\/\/www.hydraulic-cylinders.net\/lt\/wp-json\/wp\/v2\/types\/product"}],"replies":[{"embeddable":true,"href":"https:\/\/www.hydraulic-cylinders.net\/lt\/wp-json\/wp\/v2\/comments?post=15767"}],"wp:featuredmedia":[{"embeddable":true,"href":"https:\/\/www.hydraulic-cylinders.net\/lt\/wp-json\/wp\/v2\/media\/14782"}],"wp:attachment":[{"href":"https:\/\/www.hydraulic-cylinders.net\/lt\/wp-json\/wp\/v2\/media?parent=15767"}],"wp:term":[{"taxonomy":"product_brand","embeddable":true,"href":"https:\/\/www.hydraulic-cylinders.net\/lt\/wp-json\/wp\/v2\/product_brand?post=15767"},{"taxonomy":"product_cat","embeddable":true,"href":"https:\/\/www.hydraulic-cylinders.net\/lt\/wp-json\/wp\/v2\/product_cat?post=15767"},{"taxonomy":"product_tag","embeddable":true,"href":"https:\/\/www.hydraulic-cylinders.net\/lt\/wp-json\/wp\/v2\/product_tag?post=15767"}],"curies":[{"name":"wp","href":"https:\/\/api.w.org\/{rel}","templated":true}]}}