{"id":15768,"date":"2025-01-19T14:57:16","date_gmt":"2025-01-19T14:57:16","guid":{"rendered":"https:\/\/www.hydraulic-cylinders.net\/product\/bucket-cylinder-for-sinomach-zg3065-9\/"},"modified":"2025-01-19T14:57:21","modified_gmt":"2025-01-19T14:57:21","slug":"bucket-cylinder-for-sinomach-zg3065-9","status":"publish","type":"product","link":"https:\/\/www.hydraulic-cylinders.net\/lt\/produktas\/bucket-cylinder-for-sinomach-zg3065-9\/","title":{"rendered":"Kau\u0161o cilindras, skirtas \u201eSinomach ZG3065-9\u201c"},"content":{"rendered":"<h1>Kau\u0161o cilindras, skirtas \u201eSinomach ZG3065-9\u201c<\/h1>\n<h2>\u012evadas<\/h2>\n<p>\u201eSinomach ZG3065-9\u201c kau\u0161o cilindras yra specializuotas hidraulinis cilindras, daugiausia skirtas valdyti ekskavatoriaus kau\u0161o jud\u0117jim\u0105 sunkiosiose ma\u0161inose, tokiose kaip ekskavatoriai, ekskavatoriniai ekskavatoriai ir frontaliniai krautuvai. Pagrindin\u0117 jo funkcija \u2013 leisti kau\u0161ui pakilti, nuleisti ir pakreipti, kad b\u016bt\u0173 lengva tvarkyti med\u017eiagas. Hidraulin\u0117je sistemoje kau\u0161o cilindras kontroliuoja tikslius ekskavatoriaus kau\u0161o judesius, keisdamas hidraulin\u0117s alyvos sl\u0117g\u012f, leisdamas operatoriui efektyviai valdyti sunkius krovinius, prisitaikyti prie sud\u0117tingos darbo aplinkos ir kintan\u010di\u0173 darbo reikalavim\u0173.<\/p>\n<p><img decoding=\"async\" src=\"https:\/\/www.hydraulic-cylinders.net\/wp-content\/uploads\/2025\/01\/songte-company-2.webp\" alt=\"Kau\u0161o cilindras, skirtas \u201eSinomach ZG3065-9\u201c\" \/><\/p>\n<h2>Savyb\u0117s<\/h2>\n<ul>\n<li>\n<h3>Didelis stiprumas ir ilgaam\u017ei\u0161kumas<\/h3>\n<p>Kau\u0161o cilindras paprastai gaminamas i\u0161 didelio stiprumo plieno arba aliuminio, galin\u010dio atlaikyti auk\u0161t\u0105 sl\u0117g\u012f ir dideles apkrovas, prisitaikan\u010dio prie at\u0161iauri\u0173 darbo s\u0105lyg\u0173. Jo konstrukcija atsi\u017evelgia \u012f atsparum\u0105 dilimui ir korozijai, taip pailgindama jo tarnavimo laik\u0105.<\/p>\n<\/li>\n<li>\n<h3>Efektyvus hidraulinis valdymas<\/h3>\n<p>Kau\u0161o cilindras naudoja hidraulin\u0117s alyvos sl\u0117g\u012f, kad teleskopiniai judesiai b\u016bt\u0173 skland\u016bs, greitai reaguot\u0173 \u012f valdymo komandas, u\u017etikrint\u0173 galingas st\u016bmimo ir traukimo j\u0117gas, tinkamas sunkiems kroviniams ir sud\u0117tingoms u\u017eduotims atlikti.<\/p>\n<\/li>\n<li>\n<h3>\u012evair\u016bs tipai<\/h3>\n<p>Kau\u0161o cilindr\u0105 galima pasirinkti kaip vienpusio veikimo (hidraulinis, naudojamas tik viena kryptimi) arba dvipusio veikimo (hidraulinis, naudojamas dviem prie\u0161ingomis kryptimis) cilindr\u0105, atsi\u017evelgiant \u012f reikalavimus, kad b\u016bt\u0173 patenkinti skirtingi eksploatavimo poreikiai. Kai kurie modeliai yra teleskopiniai, leid\u017eiantys didesnius prailginimus nedidinant i\u0161orini\u0173 matmen\u0173, tod\u0117l tinka naudoti ribotoje erdv\u0117je.<\/p>\n<\/li>\n<li>\n<h3>Gali pakeisti kitus hidraulinius cilindrus<\/h3>\n<p>M\u016bs\u0173 gaminys gali puikiai pakeisti kitus hidraulinius cilindrus, ir mes galime pagaminti \u0161\u012f gamin\u012f.<\/p>\n<\/li>\n<li>\n<h3>Parai\u0161kos<\/h3>\n<p>Kau\u0161o cilindras turi plat\u0173 pritaikymo spektr\u0105, pavyzd\u017eiui:<\/p>\n<ul>\n<li>Statybin\u0117 \u012franga: ekskavatoriuose jie yra b\u016btini kasant, kraunant ir perkeliant grunt\u0105 ar \u0161iuk\u0161les. Ekskavatoriuose jie padeda kasti ir kelti. <\/li>\n<li>\u017dem\u0117s \u016bkio technika: naudojama priekiniuose krautuvuose dirvo\u017eemiui, \u0161ienui ir kitoms med\u017eiagoms kasti, kelti ir transportuoti. <\/li>\n<li>Ekskavatoriai: Kau\u0161o cilindras leid\u017eia kastuvui \u012fsiskverbti \u012f dirv\u0105 ir atlikti kasimo veiksmus.<\/li>\n<li>Krautuvai: Priekiniuose krautuvuose jie padeda efektyviai pakelti ir pakreipti krovin\u012f.<\/li>\n<\/ul>\n<\/li>\n<\/ul>\n<h2>Projektavimo aspektai ir atrankos kriterijai<\/h2>\n<ul>\n<li>\n<h3>Guoli\u0173 talpa<\/h3>\n<p>Kau\u0161o cilindras turi b\u016bti suprojektuotas taip, kad atlaikyt\u0173 maksimali\u0105 apkrov\u0105, su kuria jis gali susidurti per savo eksploatavimo laik\u0105. <\/p>\n<\/li>\n<li>\n<h3>Sandarinimas<\/h3>\n<p>Kau\u0161o cilindro sandarinimo sistema tur\u0117t\u0173 u\u017etikrinti jos patikimum\u0105, u\u017ekirsti keli\u0105 hidraulin\u0117s alyvos nutek\u0117jimui ir u\u017eter\u0161tumui cilindre. Sandarinimui da\u017eniausiai naudojami st\u016bmoklio sandarinimo \u017eiedai ir strypo sandarinimo \u017eiedai, o sandarinimo med\u017eiagos tur\u0117t\u0173 b\u016bti labai atsparios dilimui, tokios kaip poliuretanas ir nitrilo kau\u010diukas.<\/p>\n<\/li>\n<li>\n<h3>Patvarumas<\/h3>\n<p>Kau\u0161o cilindras tur\u0117t\u0173 b\u016bti suprojektuotas i\u0161 med\u017eiag\u0173, kurios gali atlaikyti at\u0161iauri\u0105 darbo aplink\u0105, \u0117sdinan\u010dias med\u017eiagas ir atsparum\u0105 dilimui, prailgindamos jo tarnavimo laik\u0105.<\/p>\n<\/li>\n<li>\n<h3>Saugumas<\/h3>\n<p>Kau\u0161o cilindras tur\u0117t\u0173 b\u016bti suprojektuotas atsi\u017evelgiant \u012f saugos aspektus, kad b\u016bt\u0173 i\u0161vengta nelaiming\u0173 atsitikim\u0173 ir u\u017etikrintas operatoriaus saugumas eksploatacijos metu. <\/p>\n<\/li>\n<li>\n<h3>Prie\u017ei\u016bra<\/h3>\n<p>Kau\u0161o cilindras tur\u0117t\u0173 b\u016bti suprojektuotas taip, kad j\u012f b\u016bt\u0173 lengva pri\u017ei\u016br\u0117ti, remontuoti ir prireikus pakeisti dalis. Siekiant u\u017etikrinti optimal\u0173 cilindro veikim\u0105, taip pat b\u016btina reguliariai tikrinti ir atlikti profilaktinius darbus.<\/p>\n<\/li>\n<\/ul>\n<p><img decoding=\"async\" src=\"https:\/\/www.hydraulic-cylinders.net\/wp-content\/uploads\/2025\/01\/songte-oil-pipes-and-spare-parts.webp\" alt=\"Kau\u0161o cilindras, skirtas \u201eSinomach ZG3065-9\u201c\" \/><\/p>\n<h2>Sandarinimas ir tepimas<\/h2>\n<p>Kau\u0161o cilindre naudojami \u012fvair\u016bs sandarinimo komponentai, tokie kaip st\u016bmoklio sandarinimo \u017eiedas ir strypo sandarinimo \u017eiedas, siekiant u\u017etikrinti cilindro sandarum\u0105. \u0160ie sandarinimo komponentai pagaminti i\u0161 labai atspari\u0173 dilimui med\u017eiag\u0173, toki\u0173 kaip poliuretanas ir nitrilo kau\u010diukas, u\u017etikrinant cilindro ilgaam\u017ei\u0161kum\u0105 ir apsaugant nuo hidraulin\u0117s alyvos nutek\u0117jimo. Cilindro korpusas ir sriegio galo pavir\u0161ius yra kruop\u0161\u010diai apdirbti, siekiant pagerinti atsparum\u0105 dilimui. Norint u\u017etikrinti skland\u0173 veikim\u0105, b\u016btina reguliariai tepti hidrauline alyva.<\/p>\n<h2>Patikrinimas ir prevencin\u0117s priemon\u0117s<\/h2>\n<ul>\n<li>\n<p>Norint u\u017etikrinti optimal\u0173 kau\u0161o cilindro veikim\u0105, b\u016btina reguliariai j\u012f tikrinti. <\/p>\n<\/li>\n<li>\n<p>Norint u\u017etikrinti skland\u0173 veikim\u0105, b\u016btina reguliariai tepti. <\/p>\n<\/li>\n<li>\n<p>Tarpiklio keitimas ir kalibravimo patikra yra \u012fprastos prie\u017ei\u016bros u\u017eduotys, kurias reikia atlikti pagal poreik\u012f. <\/p>\n<\/li>\n<li>\n<p>Tinkamas montavimas, tepimas ir reguliavimas yra b\u016btini norint u\u017etikrinti optimal\u0173 kau\u0161o cilindro veikim\u0105. <\/p>\n<\/li>\n<li>\n<p>Montavimo metu cilindrui pritvirtinti rekomenduojama naudoti tinkamus tvirtinimo laikiklius. <\/p>\n<\/li>\n<li>\n<p>Siekiant u\u017etikrinti optimal\u0173 veikim\u0105 ir pailginti gaminio tarnavimo laik\u0105, reikia laikytis rekomenduojam\u0173 patikrinimo, remonto ir keitimo proced\u016br\u0173. <\/p>\n<\/li>\n<\/ul>\n<p><img decoding=\"async\" src=\"https:\/\/www.hydraulic-cylinders.net\/wp-content\/uploads\/2025\/01\/songte-chushion-collar.webp\" alt=\"Kau\u0161o cilindras, skirtas \u201eSinomach ZG3065-9\u201c\" \/><\/p>\n<h2>Saugos aspektai ir aplinkos veiksniai<\/h2>\n<p>Naudojant kau\u0161o cilindr\u0105, reikia imtis saugos priemoni\u0173, kad b\u016bt\u0173 i\u0161vengta nelaiming\u0173 atsitikim\u0173 ir u\u017etikrintas operatoriaus saugumas. Cilindro montavimas ir naudojimas turi b\u016bti atliekamas pagal gamintojo instrukcijas. Siekiant u\u017etikrinti tinkam\u0105 cilindro veikim\u0105 ir ilgaam\u017ei\u0161kum\u0105, reikia atsi\u017evelgti \u012f aplinkos veiksnius, tokius kaip temperat\u016bra, dr\u0117gm\u0117 ir dulk\u0117s.<\/p>\n<h2>Da\u017eni gedimai ir trik\u010di\u0173 \u0161alinimas<\/h2>\n<p>Da\u017eniausi kau\u0161o cilindro gedimai yra sandariklio nesandarumas, nepakankamas tvirtumas, prastas tepimas ir netinkamas montavimas. Jei kyla kuri nors i\u0161 \u0161i\u0173 problem\u0173, cilindr\u0105 reikia kuo grei\u010diau patikrinti, suremontuoti arba pakeisti. Reguliarus patikrinimas ir prevencin\u0117 prie\u017ei\u016bra gali pad\u0117ti suma\u017einti \u0161i\u0173 gedim\u0173 da\u017enum\u0105.<\/p>\n<h2>Apie m\u016bs\u0173 \u012fmon\u0119<\/h2>\n<p>Esame pakaitini\u0173 hidraulini\u0173 cilindr\u0173 gamintojas, si\u016blantis plat\u0173 gamini\u0173 asortiment\u0105, ir tapome vienu i\u0161 pirmaujan\u010di\u0173 hidraulini\u0173 cilindr\u0173 gamintoj\u0173 ir didmenini\u0173 platintoj\u0173 vidaus ir tarptautin\u0117se rinkose. Laikom\u0117s puikios kokyb\u0117s principo, remiam\u0117s industrializuota gamybos valdymo strategija, sukurta sud\u0117tingomis gamybos dirbtuv\u0117mis, ir nuolat tobuliname gamybos platform\u0105, pasitelkdami techninius talentus, auk\u0161\u010diausios klas\u0117s skaitmenin\u0119 gamybos \u012frang\u0105 ir profesionalias testavimo sistemas. Esame k\u016brybingi ir klientams teikiame efektyvius, tikslius ir auk\u0161tos kokyb\u0117s produktus, kad patenkintume \u012fvairius poreikius.<\/p>\n<p>M\u016bs\u0173 \u012fmon\u0117 \u012fsitvirtino kaip patikimas ir patikimas hidraulini\u0173 cilindr\u0173 tiek\u0117jas, teikdama individualiai pritaikytas paslaugas, tarptautinius sertifikatus, kokybi\u0161k\u0105 gamybos \u012frang\u0105 ir i\u0161skirtin\u012f aptarnavim\u0105 po pardavimo.<\/p>\n<p><img decoding=\"async\" src=\"https:\/\/hzpt.com\/wp-content\/uploads\/2024\/11\/songte-company-1.webp\" alt=\"Kau\u0161o cilindras, skirtas \u201eSinomach ZG3065-9\u201c\" \/><\/p>\n<p>Autorius: lyl.<\/p>","protected":false},"excerpt":{"rendered":"<p>Bucket Cylinder For Sinomach ZG3065-9 Introduction The bucket cylinder for Sinomach ZG3065-9 is a specialized hydraulic cylinder designed mainly for controlling the movement of the shovel bucket in heavy machinery such as excavators, backhoe excavators, and front-end loaders. Its primary function is to allow the bucket to lift, lower, and tilt for easy material handling. [&hellip;]<\/p>","protected":false},"featured_media":14780,"comment_status":"open","ping_status":"closed","template":"","meta":{"_et_pb_use_builder":"","_et_pb_old_content":"","_et_gb_content_width":""},"product_brand":[],"product_cat":[1494],"product_tag":[1495,1496],"class_list":{"0":"post-15768","1":"product","2":"type-product","3":"status-publish","4":"has-post-thumbnail","6":"product_cat-bucket-cylinders","7":"product_tag-bucket-cylinders","8":"product_tag-hydraulic-cylinders","10":"first","11":"instock","12":"shipping-taxable","13":"product-type-simple"},"amp_enabled":true,"_links":{"self":[{"href":"https:\/\/www.hydraulic-cylinders.net\/lt\/wp-json\/wp\/v2\/product\/15768","targetHints":{"allow":["GET"]}}],"collection":[{"href":"https:\/\/www.hydraulic-cylinders.net\/lt\/wp-json\/wp\/v2\/product"}],"about":[{"href":"https:\/\/www.hydraulic-cylinders.net\/lt\/wp-json\/wp\/v2\/types\/product"}],"replies":[{"embeddable":true,"href":"https:\/\/www.hydraulic-cylinders.net\/lt\/wp-json\/wp\/v2\/comments?post=15768"}],"wp:featuredmedia":[{"embeddable":true,"href":"https:\/\/www.hydraulic-cylinders.net\/lt\/wp-json\/wp\/v2\/media\/14780"}],"wp:attachment":[{"href":"https:\/\/www.hydraulic-cylinders.net\/lt\/wp-json\/wp\/v2\/media?parent=15768"}],"wp:term":[{"taxonomy":"product_brand","embeddable":true,"href":"https:\/\/www.hydraulic-cylinders.net\/lt\/wp-json\/wp\/v2\/product_brand?post=15768"},{"taxonomy":"product_cat","embeddable":true,"href":"https:\/\/www.hydraulic-cylinders.net\/lt\/wp-json\/wp\/v2\/product_cat?post=15768"},{"taxonomy":"product_tag","embeddable":true,"href":"https:\/\/www.hydraulic-cylinders.net\/lt\/wp-json\/wp\/v2\/product_tag?post=15768"}],"curies":[{"name":"wp","href":"https:\/\/api.w.org\/{rel}","templated":true}]}}