{"id":15775,"date":"2025-01-19T14:57:52","date_gmt":"2025-01-19T14:57:52","guid":{"rendered":"https:\/\/www.hydraulic-cylinders.net\/product\/bucket-cylinder-for-jove-jv235lc\/"},"modified":"2025-01-19T14:57:54","modified_gmt":"2025-01-19T14:57:54","slug":"bucket-cylinder-for-jove-jv235lc","status":"publish","type":"product","link":"https:\/\/www.hydraulic-cylinders.net\/lt\/produktas\/bucket-cylinder-for-jove-jv235lc\/","title":{"rendered":"Kau\u0161o cilindras, skirtas \u201eJove JV235LC\u201c"},"content":{"rendered":"<h1>Kau\u0161o cilindras, skirtas \u201eJove JV235LC\u201c<\/h1>\n<h2>\u012evadas<\/h2>\n<p>Kau\u0161o cilindras, dar \u017einomas kaip hidraulinis cilindras, yra specialiai sukurta hidraulin\u0117 pavara, daugiausia naudojama kau\u0161o jud\u0117jimui valdyti sunkiosiose ma\u0161inose, tokiose kaip ekskavatoriai, ekskavatoriai ir frontaliniai krautuvai. Pagrindin\u0117 jo funkcija yra pakelti, nuleisti ir pakreipti kau\u0161\u0105, kad b\u016bt\u0173 lengviau atlikti \u012fvairias med\u017eiag\u0173 tvarkymo u\u017eduotis. Hidraulin\u0117je sistemoje kau\u0161o cilindras tiksliai valdo kau\u0161\u0105 keisdamas hidraulin\u0117s alyvos sl\u0117g\u012f, leisdamas operatoriams efektyviai valdyti sunkius krovinius, prisitaikyti prie sud\u0117tingos darbo aplinkos ir \u012fvairi\u0173 darbo reikalavim\u0173.<\/p>\n<p><img decoding=\"async\" src=\"https:\/\/www.hydraulic-cylinders.net\/wp-content\/uploads\/2025\/01\/songte-company-2.webp\"><\/p>\n<h2>Savyb\u0117s<\/h2>\n<p>M\u016bs\u0173 \u201eJove JV235LC\u201c kau\u0161o cilindras turi \u0161ias savybes:<\/p>\n<ul>\n<li>\n<h3>Didelis stiprumas ir ilgaam\u017ei\u0161kumas<\/h3>\n<\/li>\n<p>Paprastai pagamintas i\u0161 didelio stiprumo plieno arba aliuminio, jis gali atlaikyti auk\u0161t\u0105 sl\u0117g\u012f ir dideles apkrovas, prisitaikyti prie at\u0161iauri\u0173 darbo s\u0105lyg\u0173 ir yra suprojektuotas atsi\u017evelgiant \u012f atsparum\u0105 dilimui ir korozijai, taip prailginant jo tarnavimo laik\u0105.<\/p>\n<li>\n<h3>Efektyvus hidraulinis valdymas<\/h3>\n<\/li>\n<p>Naudodamas hidraulin\u0117s alyvos sl\u0117g\u012f sklandiems i\u0161pl\u0117timo ir susitraukimo veiksmams pasiekti, jis gali greitai reaguoti \u012f valdymo komandas, u\u017etikrinti galingas st\u016bmimo ir traukimo j\u0117gas ir yra tinkamas sunkiems kroviniams ir sud\u0117tingoms u\u017eduotims atlikti.<\/p>\n<li>\n<h3>\u012evair\u016bs tipai, i\u0161 kuri\u0173 galima rinktis<\/h3>\n<\/li>\n<p>Pagal poreikius ir skirtingus eksploatacinius reikalavimus galima pasirinkti vienpusio veikimo (hidraulinis veikimas tik viena kryptimi) arba dvipusio veikimo (hidraulinis veikimas dviem kryptimis) cilindrus. Kai kurie modeliai yra teleskopiniai, tod\u0117l juos galima labiau i\u0161tiesti nedidinant i\u0161orini\u0173 matmen\u0173, tod\u0117l jie tinka naudoti ribotoje erdv\u0117je.<\/p>\n<li>\n<h3>Gali pakeisti kitus hidraulinius cilindrus<\/h3>\n<\/li>\n<p>M\u016bs\u0173 gaminys gali puikiai pakeisti kitus hidraulinius cilindrus, tod\u0117l tai puikus pasirinkimas klientams.<\/p>\n<li>\n<h3>Taikymo sritys<\/h3>\n<\/li>\n<p>M\u016bs\u0173 kau\u0161o cilindras gali b\u016bti naudojamas \u0161iose srityse:<\/p>\n<ul>\n<li>\n<h4>Statybin\u0117 \u012franga:<\/h4>\n<\/li>\n<p>Ekskavatoriuose jie yra gyvybi\u0161kai svarb\u016bs kasant, kraunant ir perkeliant dirvo\u017eem\u012f ar \u0161iuk\u0161les. Ekskavatoriuose kau\u0161o cilindrai padeda tiek kasti, tiek kelti. <\/p>\n<li>\n<h4>\u017dem\u0117s \u016bkio technika:<\/h4>\n<\/li>\n<p>Naudojamas priekiniuose krautuvuose dirvo\u017eemiui, \u0161ienui ir kitoms med\u017eiagoms semti, kelti ir transportuoti.<\/p>\n<li>\n<h4>Ekskavatoriai:<\/h4>\n<\/li>\n<p>Kau\u0161o cilindras kasimo veiksm\u0105 atlieka leisdamas kau\u0161ui \u012fsiskverbti \u012f dirv\u0105.<\/p>\n<li>\n<h4>Krautuvai:<\/h4>\n<\/li>\n<p>Priekiniuose krautuvuose jie padeda efektyviai kelti ir pakreipti prekes.<\/p>\n<\/ul>\n<\/ul>\n<h2>Projektavimo aspektai ir atrankos kriterijai<\/h2>\n<p>M\u016bs\u0173 kau\u0161o cilindro projektavimo aspektai ir atrankos kriterijai yra \u0161ie:<\/p>\n<ul>\n<li>\n<h3>Keliamoji galia:<\/h3>\n<\/li>\n<p>Kau\u0161o cilindras turi tur\u0117ti pakankam\u0105 laikom\u0105j\u0105 gali\u0105, kad atlaikyt\u0173 dideles apkrovas, kurios paprastai kyla statybose, kasyboje ir kitose sunkiosios technikos srityse.<\/p>\n<li>\n<h3>Sandarinimas:<\/h3>\n<\/li>\n<p>Kau\u0161o cilindras turi b\u016bti patikimai sandarinamas, kad b\u016bt\u0173 i\u0161vengta hidraulin\u0117s alyvos nutek\u0117jimo ir u\u017etikrintas normalus veikimas.<\/p>\n<li>\n<h3>Patvarumas:<\/h3>\n<\/li>\n<p>Kau\u0161o cilindras turi b\u016bti patvarus, kad atlaikyt\u0173 at\u0161iaurias eksploatavimo s\u0105lygas statybose, kasyboje ir kitose sunkiosios technikos srityse.<\/p>\n<li>\n<h3>Saugumas:<\/h3>\n<\/li>\n<p>Kau\u0161o cilindras turi tur\u0117ti saugos funkcijas, kad operatoriai ir pa\u0161aliniai asmenys nesusi\u017ealot\u0173.<\/p>\n<li>\n<h3>Prie\u017ei\u016bra:<\/h3>\n<\/li>\n<p>Kau\u0161o cilindr\u0105 turi b\u016bti lengva pri\u017ei\u016br\u0117ti ir remontuoti, kad b\u016bt\u0173 kuo ma\u017eiau prastov\u0173 ir u\u017etikrintas optimalus jo veikimas.<\/p>\n<\/ul>\n<p><img decoding=\"async\" src=\"https:\/\/www.hydraulic-cylinders.net\/wp-content\/uploads\/2025\/01\/songte-oil-pipes-and-spare-parts.webp\"><\/p>\n<h2>Sandarinimas ir tepimas<\/h2>\n<p>M\u016bs\u0173 kau\u0161o cilindre naudojami \u012fvair\u016bs sandarikliai, tokie kaip st\u016bmoklio ir koto sandarikliai, pagaminti i\u0161 atspari\u0173 dilimui med\u017eiag\u0173, toki\u0173 kaip poliuretanas ir nitrilo kau\u010diukas. Cilindro korpusas ir srieginis galinis pavir\u0161ius yra kruop\u0161\u010diai apdirbti, siekiant pagerinti atsparum\u0105 dilimui. Norint u\u017etikrinti tinkam\u0105 tepim\u0105, b\u016btina reguliariai \u012fpilti reikiam\u0105 kiek\u012f hidraulin\u0117s alyvos.<\/p>\n<h2>Ap\u017ei\u016bros ir prevencin\u0117s prie\u017ei\u016bros priemon\u0117s<\/h2>\n<p>Toliau pateikiamos trys da\u017eniausios m\u016bs\u0173 kau\u0161o cilindro prie\u017ei\u016bros u\u017eduotys:<\/p>\n<ol>\n<li>\n<h3>Reguliarus patikrinimas:<\/h3>\n<\/li>\n<p>Reguliariai tikrinkite kau\u0161o cilindr\u0105, kad aptiktum\u0117te bet kokius susid\u0117v\u0117jimo, pa\u017eeidimo ar nuot\u0117kio po\u017eymius.<\/p>\n<li>\n<h3>Tinkamas tepimas:<\/h3>\n<\/li>\n<p>U\u017etikrinkite tinkam\u0105 kau\u0161o cilindro sutepim\u0105, kad i\u0161vengtum\u0117te pa\u017eeidim\u0173 ir u\u017etikrintum\u0117te skland\u0173 veikim\u0105.<\/p>\n<li>\n<h3>Sandariklio keitimas ir kalibravimo patikrinimas:<\/h3>\n<\/li>\n<p>Pakeiskite susid\u0117v\u0117jusius sandariklius ir atlikite kalibravimo patikrinimus, kad u\u017etikrintum\u0117te tinkam\u0105 veikim\u0105.<\/p>\n<\/ol>\n<p>Tinkamas montavimas, tepimas ir reguliavimas yra labai svarb\u016bs m\u016bs\u0173 kau\u0161o cilindro ilgaam\u017ei\u0161kumui. Pateikite teisingas cilindro lygiavimo instrukcijas ir rekomenduojame naudoti tinkamus montavimo laikiklius jam pritvirtinti. Rekomenduojame reguliariai tikrinti, remontuoti ir keisti dalis, kad pailgintume m\u016bs\u0173 gaminio ilgaam\u017ei\u0161kum\u0105.<\/p>\n<p><img decoding=\"async\" src=\"https:\/\/www.hydraulic-cylinders.net\/wp-content\/uploads\/2025\/01\/songte-chushion-collar.webp\"><\/p>\n<h2>Saugos aspektai ir aplinkos veiksniai<\/h2>\n<p>Naudojant m\u016bs\u0173 kau\u0161o cilindr\u0105, b\u016btina laikytis saugos priemoni\u0173, kad b\u016bt\u0173 i\u0161vengta nelaiming\u0173 atsitikim\u0173 ir u\u017etikrintas saugus darbas. Visada d\u0117v\u0117kite tinkamas asmenines apsaugos priemones ir laikykit\u0117s saugaus darbo praktikos. M\u016bs\u0173 gaminys sukurtas taip, kad atitikt\u0173 aplinkosaugos standartus ir b\u016bt\u0173 tinkamas \u012fvairioms aplinkos s\u0105lygoms.<\/p>\n<h2>Gedim\u0173 diagnostika ir da\u017eniausios problemos<\/h2>\n<p>Toliau pateikiamos da\u017eniausios gedim\u0173 diagnoz\u0117s ir problemos:<\/p>\n<ul>\n<li>\n<h3>Nuot\u0117kis:<\/h3>\n<\/li>\n<p>Nuot\u0117kis yra da\u017ena hidraulini\u0173 cilindr\u0173 problema. Tai gali b\u016bti d\u0117l pa\u017eeist\u0173 sandarikli\u0173 arba netinkamo montavimo. <\/p>\n<li>\n<h3>Plomb\u0117s pa\u017eeidimas:<\/h3>\n<\/li>\n<p>Tarpin\u0117s pa\u017eeid\u017eiamos d\u0117l susid\u0117v\u0117jimo. Svarbu pakeisti susid\u0117v\u0117jusias tarpines, kad b\u016bt\u0173 i\u0161vengta nuot\u0117kio.<\/p>\n<li>\n<h3>\u017demas sl\u0117gis:<\/h3>\n<\/li>\n<p>\u017demas sl\u0117gis gali b\u016bti d\u0117l u\u017esikim\u0161usio alyvos kanalo, nepakankamo hidraulin\u0117s alyvos kiekio arba pa\u017eeisto cilindro.<\/p>\n<\/ul>\n<p>Norint efektyviai diagnozuoti ir i\u0161spr\u0119sti \u0161ias problemas, rekomenduojame laikytis m\u016bs\u0173 technin\u0117s prie\u017ei\u016bros ir patikros program\u0173, kurios apima reguliarias patikras, tinkam\u0105 montavim\u0105 ir tepim\u0105.<\/p>\n<p><img decoding=\"async\" src=\"https:\/\/www.hydraulic-cylinders.net\/wp-content\/uploads\/2025\/01\/songte-bushings-with-all-kinds-of-excavator-models.webp\"><\/p>\n<h2>Apie m\u016bs\u0173 \u012fmon\u0119<\/h2>\n<p>Esame pirmaujanti hidraulini\u0173 cilindr\u0173 gamintoja ir didmenin\u0117 platintoja vidaus ir tarptautin\u0117se rinkose. M\u016bs\u0173 platus gamini\u0173 asortimentas apima \u012fvairi\u0173 tip\u0173 hidraulinius cilindrus ir yra pla\u010diai naudojamas statybos, kasybos ir kitose sunkiosios technikos srityse. Mes laikom\u0117s puikios kokyb\u0117s principo ir pasikliaujame sud\u0117ting\u0173 gamybos dirbtuvi\u0173 industrializuota gamybos valdymo strategija. M\u016bs\u0173 \u012fmon\u0117 nuolat tobulina dirbtuvi\u0173 gamybos platform\u0105, tobulina gamini\u0173 kokyb\u0117s gamybos linij\u0105 ir pasi\u017eymi stipriu k\u016brybiniu geb\u0117jimu efektyviai, tiksliai ir kokybi\u0161kai patenkinti \u012fvairius klient\u0173 poreikius. <\/p>\n<p>Si\u016blome patirt\u012f, tarptautin\u012f sertifikavim\u0105, individualiai pritaikytas paslaugas, gamybos \u012frang\u0105 ir garantin\u012f aptarnavim\u0105. M\u016bs\u0173 gaminiai yra sertifikuoti pagal auk\u0161t\u0105 saugos lyg\u012f ir atitinka tarptautinius standartus. Si\u016blome individualiai pritaikytus hidraulini\u0173 cilindr\u0173 sprendimus, kad patenkintume konkre\u010dius poreikius. M\u016bs\u0173 gamybos \u012franga apima auk\u0161\u010diausios klas\u0117s skaitmenines gamybos ma\u0161inas ir profesionalias bandym\u0173 sistemas, siekiant u\u017etikrinti, kad m\u016bs\u0173 gaminiai atitikt\u0173 auk\u0161\u010diausius kokyb\u0117s standartus. M\u016bs\u0173 garantinio aptarnavimo tikslas \u2013 laiku ir efektyviai i\u0161spr\u0119sti visas m\u016bs\u0173 klient\u0173 problemas.<\/p>\n<p><img decoding=\"async\" src=\"https:\/\/hzpt.com\/wp-content\/uploads\/2024\/11\/songte-company-1.webp\"><\/p>\n<p>Autorius: lyl<\/p>","protected":false},"excerpt":{"rendered":"<p>Bucket Cylinder For Jove JV235LC Introduction The bucket cylinder, also known as a hydraulic cylinder, is a specially designed hydraulic actuator mainly used to control the movement of the bucket in heavy machinery such as excavators, backhoes, and front-end loaders. Its main function is to lift, lower, and tilt the bucket, making it easier to [&hellip;]<\/p>","protected":false},"featured_media":14762,"comment_status":"open","ping_status":"closed","template":"","meta":{"_et_pb_use_builder":"","_et_pb_old_content":"","_et_gb_content_width":""},"product_brand":[],"product_cat":[1494],"product_tag":[1495,1496],"class_list":{"0":"post-15775","1":"product","2":"type-product","3":"status-publish","4":"has-post-thumbnail","6":"product_cat-bucket-cylinders","7":"product_tag-bucket-cylinders","8":"product_tag-hydraulic-cylinders","10":"first","11":"instock","12":"shipping-taxable","13":"product-type-simple"},"amp_enabled":true,"_links":{"self":[{"href":"https:\/\/www.hydraulic-cylinders.net\/lt\/wp-json\/wp\/v2\/product\/15775","targetHints":{"allow":["GET"]}}],"collection":[{"href":"https:\/\/www.hydraulic-cylinders.net\/lt\/wp-json\/wp\/v2\/product"}],"about":[{"href":"https:\/\/www.hydraulic-cylinders.net\/lt\/wp-json\/wp\/v2\/types\/product"}],"replies":[{"embeddable":true,"href":"https:\/\/www.hydraulic-cylinders.net\/lt\/wp-json\/wp\/v2\/comments?post=15775"}],"wp:featuredmedia":[{"embeddable":true,"href":"https:\/\/www.hydraulic-cylinders.net\/lt\/wp-json\/wp\/v2\/media\/14762"}],"wp:attachment":[{"href":"https:\/\/www.hydraulic-cylinders.net\/lt\/wp-json\/wp\/v2\/media?parent=15775"}],"wp:term":[{"taxonomy":"product_brand","embeddable":true,"href":"https:\/\/www.hydraulic-cylinders.net\/lt\/wp-json\/wp\/v2\/product_brand?post=15775"},{"taxonomy":"product_cat","embeddable":true,"href":"https:\/\/www.hydraulic-cylinders.net\/lt\/wp-json\/wp\/v2\/product_cat?post=15775"},{"taxonomy":"product_tag","embeddable":true,"href":"https:\/\/www.hydraulic-cylinders.net\/lt\/wp-json\/wp\/v2\/product_tag?post=15775"}],"curies":[{"name":"wp","href":"https:\/\/api.w.org\/{rel}","templated":true}]}}