{"id":15790,"date":"2025-01-19T14:59:20","date_gmt":"2025-01-19T14:59:20","guid":{"rendered":"https:\/\/www.hydraulic-cylinders.net\/product\/bucket-cylinder-for-tyhi-wyd260\/"},"modified":"2025-01-19T14:59:28","modified_gmt":"2025-01-19T14:59:28","slug":"bucket-cylinder-for-tyhi-wyd260","status":"publish","type":"product","link":"https:\/\/www.hydraulic-cylinders.net\/lt\/produktas\/bucket-cylinder-for-tyhi-wyd260\/","title":{"rendered":"Kau\u0161o cilindras, skirtas TYHI WYD260"},"content":{"rendered":"<p><!DOCTYPE html><br \/>\n<html><br \/>\n<head><br \/>\n<title>Kau\u0161o cilindras, skirtas TYHI WYD260<\/title><br \/>\n<\/head><br \/>\n<body><\/p>\n<h1>Kau\u0161o cilindras, skirtas TYHI WYD260<\/h1>\n<h2>\u012evadas<\/h2>\n<p>Kau\u0161o cilindras yra specialiai sukurtas hidraulinis cilindras, naudojamas valdyti kau\u0161o jud\u0117jim\u0105 sunkiosiose ma\u0161inose, tokiose kaip ekskavatoriai, ekskavatoriniai krautuvai ir ratiniai krautuvai. Pagrindin\u0117 jo funkcija \u2013 leisti pakelti, nuleisti ir pakreipti kau\u0161\u0105, kad b\u016bt\u0173 lengviau atlikti \u012fvairias med\u017eiag\u0173 tvarkymo u\u017eduotis. Hidraulin\u0117je sistemoje kau\u0161o cilindras tiksliai valdo kau\u0161\u0105, naudodamas hidraulin\u0117s alyvos sl\u0117gio poky\u010dius, tod\u0117l operatoriai gali efektyviai valdyti sunkius krovinius ir prisitaikyti prie sud\u0117tingos darbo aplinkos bei \u012fvairi\u0173 darbo reikalavim\u0173.<\/p>\n<p><img decoding=\"async\" src=\"https:\/\/www.hydraulic-cylinders.net\/wp-content\/uploads\/2025\/01\/songte-company-2.webp\" alt=\"Kau\u0161o cilindro vaizdas\"><\/p>\n<h2>Savyb\u0117s<\/h2>\n<ul>\n<li>Didelis stiprumas ir ilgaam\u017ei\u0161kumas: Paprastai pagaminti i\u0161 didelio stiprumo plieno arba aliuminio, galintys atlaikyti auk\u0161t\u0105 sl\u0117g\u012f ir dideles apkrovas, prisitaikantys prie at\u0161iauri\u0173 darbo s\u0105lyg\u0173. Sukurti atsi\u017evelgiant \u012f atsparum\u0105 dilimui ir korozijai, siekiant pailginti tarnavimo laik\u0105.<\/li>\n<li>Efektyvus hidraulinis veikimas: Naudoja hidraulin\u0117s alyvos sl\u0117g\u012f, kad b\u016bt\u0173 pasiekti skland\u016bs i\u0161pl\u0117timo ir atitraukimo judesiai, greitai reaguoti \u012f valdymo komandas, u\u017etikrinant galingas st\u016bmimo ir traukimo j\u0117gas, tinkamas sunkiems kroviniams ir sud\u0117tingoms darbo u\u017eduotims valdyti.<\/li>\n<li>\u012evair\u016bs tipai: Pagal poreikius, galima rinktis vienpusio veikimo (hidraulinis sl\u0117gis naudojamas tik viena kryptimi) arba dvipusio veikimo (hidraulinis sl\u0117gis naudojamas abiem kryptimis) cilindrus, kad b\u016bt\u0173 patenkinti skirtingi eksploataciniai reikalavimai. Kai kurie modeliai yra teleskopiniai, tod\u0117l juos galima labiau prailginti nedidinant i\u0161orini\u0173 matmen\u0173, tod\u0117l jie tinka naudoti ribotoje erdv\u0117je.<\/li>\n<li>Puikus pakeitimas: M\u016bs\u0173 gaminiai gali puikiai pakeisti \u0161iuos hidraulinius cilindrus.<\/li>\n<\/ul>\n<p><img decoding=\"async\" src=\"https:\/\/www.hydraulic-cylinders.net\/wp-content\/uploads\/2025\/01\/songte-cylinder-head-with-all-kinds-excavator-models.webp\" alt=\"Produkto pakeitimo paveiksl\u0117lis\"><\/p>\n<h2>Parai\u0161kos<\/h2>\n<p>Kau\u0161o cilindras naudojamas \u012fvairioje statybos ir \u017eem\u0117s \u016bkio \u012frangoje:<\/p>\n<h3>Statybin\u0117 \u012franga:<\/h3>\n<ul>\n<li>Ekskavatoriai: gyvybi\u0161kai svarb\u016bs kasant, kraunant ir perkeliant grunt\u0105 ar \u0161iuk\u0161les. Kau\u0161o cilindras leid\u017eia atlikti kasimo veiksmus, leisdamas kau\u0161ui \u012fsiskverbti \u012f grunt\u0105.<\/li>\n<li>Ekskavatoriniai krautuvai: Kau\u0161o cilindras padeda kasti ir kelti ekskavatori\u0173 krautuvus.<\/li>\n<\/ul>\n<h3>\u017dem\u0117s \u016bkio technika:<\/h3>\n<ul>\n<li>Priekiniai krautuvai: Naudojami dirvo\u017eemiui, \u0161ienui ir kitoms med\u017eiagoms semti, kelti ir transportuoti.<\/li>\n<\/ul>\n<h3>Ekskavatoriai:<\/h3>\n<ul>\n<li>Kau\u0161o cilindras leid\u017eia kau\u0161ui \u012fsiskverbti \u012f dirv\u0105, palengvindamas kasimo veiksmus.<\/li>\n<\/ul>\n<h3>Ratiniai krautuvai:<\/h3>\n<ul>\n<li>Priekiniuose krautuvuose kau\u0161o cilindras padeda efektyviai pakelti ir i\u0161versti prekes.<\/li>\n<\/ul>\n<p><img decoding=\"async\" src=\"https:\/\/www.hydraulic-cylinders.net\/wp-content\/uploads\/2025\/01\/songte-oil-pipes-and-spare-parts.webp\" alt=\"Produkto taikymo vaizdas\"><\/p>\n<h2>Projektavimo aspektai ir atrankos kriterijai<\/h2>\n<ul>\n<li>Bearing Capacity: The bucket cylinder&#8217;s capacity to withstand heavy loads.<\/li>\n<li>Sandarinimas: \u012evairi\u0173 sandarinimo element\u0173, toki\u0173 kaip st\u016bmokli\u0173 sandarikliai, kot\u0173 sandarikliai ir kt., pagamint\u0173 i\u0161 atspari\u0173 dilimui med\u017eiag\u0173, toki\u0173 kaip poliuretanas, nitrilo kau\u010diukas, naudojimas. Cilindro korpusas ir srieginiai galai yra kruop\u0161\u010diai apdorojami, siekiant pagerinti atsparum\u0105 dilimui.<\/li>\n<li>Durability: Ensuring the cylinder&#8217;s longevity.<\/li>\n<li>Saugumas: \u012e dizain\u0105 \u012ftrauktos saugos funkcijos.<\/li>\n<li>Prie\u017ei\u016bra: palengvina prie\u017ei\u016br\u0105 ir remont\u0105.<\/li>\n<\/ul>\n<p><img decoding=\"async\" src=\"https:\/\/www.hydraulic-cylinders.net\/wp-content\/uploads\/2025\/01\/songte-chushion-collar.webp\" alt=\"Dizaino aspektai Vaizdas\"><\/p>\n<h2>Sandarinimas ir tepimas<\/h2>\n<p>Kau\u0161o cilindre naudojami \u012fvair\u016bs sandarinimo komponentai, tokie kaip st\u016bmokli\u0173 ir kot\u0173 sandarikliai, pagaminti i\u0161 atspari\u0173 dilimui med\u017eiag\u0173, toki\u0173 kaip poliuretanas ir nitrilo kau\u010diukas. Cilindro korpusas ir srieginiai galai yra kruop\u0161\u010diai apdorojami, siekiant padidinti atsparum\u0105 dilimui. J\u012f reikia reguliariai tepti tinkama hidrauline alyva, kad b\u016bt\u0173 u\u017etikrintas sklandus cilindro veikimas ir ilgaam\u017ei\u0161kumas.<\/p>\n<p><img decoding=\"async\" src=\"https:\/\/hzpt.com\/wp-content\/uploads\/2024\/11\/songte-company-1.webp\" alt=\"Sandarinimo ir tepimo paveiksl\u0117lis\"><\/p>\n<h2>Reguliarios patikros ir prevencin\u0117s prie\u017ei\u016bros priemon\u0117s<\/h2>\n<ul>\n<li>Regular inspection of the bucket cylinder&#8217;s condition and performance.<\/li>\n<li>Tinkamas cilindro tepimas skland\u017eiam darbui.<\/li>\n<li>Tarpiklio keitimas, kai reikia.<\/li>\n<li>Kalibravimo patikrinimai, siekiant u\u017etikrinti tiksl\u0173 veikim\u0105.<\/li>\n<\/ul>\n<h2>Tinkamo \u012frengimo vadovas<\/h2>\n<p>Nor\u0117dami teisingai \u012fdiegti, atlikite \u0161iuos veiksmus:<\/p>\n<ol>\n<li>U\u017etikrinkite tinkam\u0105 cilindro sulygiavim\u0105.<\/li>\n<li>Cilindrui pritvirtinti naudokite tinkamus tvirtinimo laikiklius.<\/li>\n<\/ol>\n<p><img decoding=\"async\" src=\"https:\/\/www.hydraulic-cylinders.net\/wp-content\/uploads\/2025\/01\/songte-bushings-with-all-kinds-of-excavator-models.webp\" alt=\"Diegimo vadovo paveiksl\u0117lis\"><\/p>\n<h2>Prie\u017ei\u016bros u\u017eduotys<\/h2>\n<p>\u012eprastos prie\u017ei\u016bros u\u017eduotys apima:<\/p>\n<ul>\n<li>Reguliar\u016bs patikrinimai<\/li>\n<li>Tinkamas tepimas<\/li>\n<li>Tarpikli\u0173 keitimas<\/li>\n<li>Kalibravimo patikrinimai<\/li>\n<\/ul>\n<p>Svarbu pabr\u0117\u017eti teisingo montavimo, tepimo ir reguliavimo svarb\u0105. Pateikti tinkamus nurodymus d\u0117l cilindro lygiavimo montavimo metu ir rekomenduoti naudoti tinkamus montavimo laikiklius cilindrui pritvirtinti. Rekomenduojamos patikros, remonto ir keitimo proced\u016bros, taip pat patarimai, kaip prailginti kau\u0161o cilindro tarnavimo laik\u0105.<\/p>\n<p><img decoding=\"async\" src=\"https:\/\/www.hydraulic-cylinders.net\/wp-content\/uploads\/2025\/01\/songte-company-3.webp\" alt=\"Saugos aspektai ir aplinkos veiksniai (vaizdas)\"><\/p>\n<h2>Saugos aspektai ir aplinkos veiksniai<\/h2>\n<p>Naudojant kau\u0161o cilindr\u0105, svarbu teikti pirmenyb\u0119 saugos priemon\u0117ms. Reik\u0117t\u0173 atsi\u017evelgti \u012f tokius veiksnius kaip tinkamas mokymas, asmenini\u0173 apsaugos priemoni\u0173 naudojimas ir saugos gairi\u0173 laikymasis, siekiant i\u0161vengti nelaiming\u0173 atsitikim\u0173 ir u\u017etikrinti saugi\u0105 darbo aplink\u0105.<\/p>\n<h2>Trik\u010di\u0173 \u0161alinimas ir da\u017eniausiai pasitaikan\u010dios problemos<\/h2>\n<p>Da\u017enos kau\u0161o cilindr\u0173 problemos gali b\u016bti nuot\u0117kiai, vangus jud\u0117jimas arba ne\u012fprasti garsai. Nor\u0117dami pa\u0161alinti \u0161ias problemas, atsi\u017evelkite \u012f \u0161iuos dalykus:<\/p>\n<ul>\n<li>Patikrinkite, ar n\u0117ra hidraulinio skys\u010dio nuot\u0117ki\u0173, ir suremontuokite arba pakeiskite pa\u017eeistus sandariklius.<\/li>\n<li>Patikrinkite hidraulin\u0119 sistem\u0105, ar n\u0117ra tinkamo sl\u0117gio ir srauto.<\/li>\n<li>Patikrinkite, ar visos jungtys yra tvirtos ir priver\u017etos.<\/li>\n<\/ul>\n<p><img decoding=\"async\" src=\"https:\/\/www.hydraulic-cylinders.net\/wp-content\/uploads\/2025\/01\/songte-bushings-with-all-kinds-of-excavator-models.webp\" alt=\"Trik\u010di\u0173 \u0161alinimo ir da\u017eniausiai pasitaikan\u010di\u0173 problem\u0173 paveiksl\u0117lis\"><\/p>\n<p>Labai svarbu pateikti trik\u010di\u0173 \u0161alinimo patarimus ir sprendimus, kurie pad\u0117t\u0173 skaitytojams veiksmingai diagnozuoti ir i\u0161spr\u0119sti problemas. Taip pat reik\u0117t\u0173 pateikti pasi\u016blym\u0173 d\u0117l prevencini\u0173 priemoni\u0173, skirt\u0173 galimoms problemoms suma\u017einti.<\/p>\n<h2>Apie m\u016bs\u0173 \u012fmon\u0119<\/h2>\n<p>Esame pirmaujanti hidraulini\u0173 cilindr\u0173 gamintoja ir didmenin\u0117 platintoja vidaus ir tarptautin\u0117se rinkose. M\u016bs\u0173 \u012fmon\u0117 si\u016blo plat\u0173 gamini\u0173 asortiment\u0105, laikydamasi auk\u0161\u010diausios kokyb\u0117s princip\u0173. Naudodami pa\u017eangius gamybos \u012frenginius ir profesionalias testavimo sistemas, nuolat tobuliname savo gamybos platform\u0105 ir gamini\u0173 kokyb\u0117s u\u017etikrinimo b\u016bdus. M\u016bs\u0173 \u012fmon\u0117 pasi\u017eymi stipriais k\u016brybiniais paj\u0117gumais ir siekia patenkinti \u012fvairius klient\u0173 poreikius, u\u017etikrindama auk\u0161t\u0105 efektyvum\u0105, tikslum\u0105 ir kokyb\u0119.<\/p>\n<p><img decoding=\"async\" src=\"https:\/\/www.hydraulic-cylinders.net\/wp-content\/uploads\/2025\/01\/songte-company-1.webp\" alt=\"\u012emon\u0117s \u012fvaizdis\"><\/p>\n<h3>M\u016bs\u0173 \u012fmon\u0117s akcentai:<\/h3>\n<ul>\n<li>Profesionalumas ir kompetencija<\/li>\n<li>Tarptautiniai sertifikatai<\/li>\n<li>Pritaikymas<br \/>","protected":false},"excerpt":{"rendered":"<p>Bucket Cylinder For TYHI WYD260 Bucket Cylinder For TYHI WYD260 Introduction The bucket cylinder is a specially designed hydraulic cylinder used to control the movement of the bucket in heavy machinery such as excavators, backhoe loaders, and wheel loaders. Its main function is to enable the lifting, lowering, and tilting of the bucket, making it [&hellip;]<\/p>","protected":false},"featured_media":14762,"comment_status":"open","ping_status":"closed","template":"","meta":{"_et_pb_use_builder":"","_et_pb_old_content":"","_et_gb_content_width":""},"product_brand":[],"product_cat":[1494],"product_tag":[1495,1496],"class_list":{"0":"post-15790","1":"product","2":"type-product","3":"status-publish","4":"has-post-thumbnail","6":"product_cat-bucket-cylinders","7":"product_tag-bucket-cylinders","8":"product_tag-hydraulic-cylinders","10":"first","11":"instock","12":"shipping-taxable","13":"product-type-simple"},"amp_enabled":true,"_links":{"self":[{"href":"https:\/\/www.hydraulic-cylinders.net\/lt\/wp-json\/wp\/v2\/product\/15790","targetHints":{"allow":["GET"]}}],"collection":[{"href":"https:\/\/www.hydraulic-cylinders.net\/lt\/wp-json\/wp\/v2\/product"}],"about":[{"href":"https:\/\/www.hydraulic-cylinders.net\/lt\/wp-json\/wp\/v2\/types\/product"}],"replies":[{"embeddable":true,"href":"https:\/\/www.hydraulic-cylinders.net\/lt\/wp-json\/wp\/v2\/comments?post=15790"}],"wp:featuredmedia":[{"embeddable":true,"href":"https:\/\/www.hydraulic-cylinders.net\/lt\/wp-json\/wp\/v2\/media\/14762"}],"wp:attachment":[{"href":"https:\/\/www.hydraulic-cylinders.net\/lt\/wp-json\/wp\/v2\/media?parent=15790"}],"wp:term":[{"taxonomy":"product_brand","embeddable":true,"href":"https:\/\/www.hydraulic-cylinders.net\/lt\/wp-json\/wp\/v2\/product_brand?post=15790"},{"taxonomy":"product_cat","embeddable":true,"href":"https:\/\/www.hydraulic-cylinders.net\/lt\/wp-json\/wp\/v2\/product_cat?post=15790"},{"taxonomy":"product_tag","embeddable":true,"href":"https:\/\/www.hydraulic-cylinders.net\/lt\/wp-json\/wp\/v2\/product_tag?post=15790"}],"curies":[{"name":"wp","href":"https:\/\/api.w.org\/{rel}","templated":true}]}}