{"id":15801,"date":"2025-01-19T15:00:19","date_gmt":"2025-01-19T15:00:19","guid":{"rendered":"https:\/\/www.hydraulic-cylinders.net\/product\/bucket-cylinder-for-carter-ct330-8c\/"},"modified":"2025-01-19T15:00:21","modified_gmt":"2025-01-19T15:00:21","slug":"bucket-cylinder-for-carter-ct330-8c","status":"publish","type":"product","link":"https:\/\/www.hydraulic-cylinders.net\/lt\/produktas\/bucket-cylinder-for-carter-ct330-8c\/","title":{"rendered":"Kau\u0161o cilindras Carter CT330-8C"},"content":{"rendered":"<h1>Kau\u0161o cilindras Carter CT330-8C<\/h1>\n<h2>\u012evadas<\/h2>\n<p>\u201eCarter CT330-8C\u201c kau\u0161o cilindras yra specializuotas hidraulinis cilindras, specialiai sukurtas valdyti kau\u0161o jud\u0117jim\u0105 sunkiosiose ma\u0161inose, tokiose kaip ekskavatoriai, ekskavatoriai ir frontaliniai krautuvai. Pagrindin\u0117 jo funkcija \u2013 leisti pakelti, nuleisti ir pakreipti kau\u0161\u0105, taip palengvinant \u012fvairias med\u017eiag\u0173 tvarkymo u\u017eduotis. Hidraulin\u0117se sistemose kau\u0161o cilindras tiksliai valdo kau\u0161o jud\u0117jim\u0105 keisdamas hidraulin\u0117s alyvos sl\u0117g\u012f, tod\u0117l operatoriai gali efektyviai valdyti sunkius krovinius ir prisitaikyti prie sud\u0117tingos darbo aplinkos bei \u012fvairi\u0173 darbo reikalavim\u0173.<\/p>\n<p><img decoding=\"async\" src=\"https:\/\/www.hydraulic-cylinders.net\/wp-content\/uploads\/2025\/01\/songte-company-2.webp\"><\/p>\n<h2>Savyb\u0117s<\/h2>\n<ul>\n<li>\n<h3>Didelis stiprumas ir ilgaam\u017ei\u0161kumas<\/h3>\n<p>Kau\u0161\u0173 cilindrai paprastai gaminami i\u0161 didelio stiprumo plieno arba aliuminio, tod\u0117l jie gali atlaikyti auk\u0161t\u0105 sl\u0117g\u012f ir dideles apkrovas bei prisitaikyti prie at\u0161iauri\u0173 darbo s\u0105lyg\u0173. J\u0173 konstrukcijoje atsi\u017evelgiama \u012f atsparum\u0105 dilimui ir korozijai, siekiant pailginti tarnavimo laik\u0105.<\/p>\n<\/li>\n<li>\n<h3>Efektyvus hidraulinis valdymas<\/h3>\n<p>Kau\u0161\u0173 cilindrai naudoja hidraulin\u0117s alyvos sl\u0117g\u012f, kad u\u017etikrint\u0173 skland\u0173 i\u0161st\u016bmim\u0105 ir \u012ftraukim\u0105, greitai reaguot\u0173 \u012f valdymo komandas, u\u017etikrint\u0173 galingas st\u016bmimo ir traukimo j\u0117gas ir b\u016bt\u0173 tinkami sunkiems kroviniams tvarkyti ir sud\u0117tingoms eksploatavimo u\u017eduotims atlikti.<\/p>\n<\/li>\n<li>\n<h3>Keli tipai<\/h3>\n<p>Kau\u0161\u0173 cilindrai gali b\u016bti vienpusio veikimo (hidrauliniai naudojami tik viena kryptimi) arba dvipusio veikimo (hidrauliniai naudojami abiem kryptimis), priklausomai nuo eksploatacini\u0173 poreiki\u0173. Kai kurie modeliai yra teleskopiniai, tod\u0117l juos galima labiau prailginti nedidinant i\u0161orinio dyd\u017eio, ir jie tinka naudoti ribotoje erdv\u0117je.<\/p>\n<\/li>\n<li>\n<h3>Suderinamumas<\/h3>\n<p>M\u016bs\u0173 gaminys gali puikiai pakeisti \u0161iuos hidraulinius cilindrus, be to, mes si\u016blome plat\u0173 pasirinkim\u0173 pasirinkim\u0105 skirtingiems \u012frangos modeliams.<\/p>\n<\/li>\n<li>\n<h3>Pritaikymas<\/h3>\n<p>Si\u016blome pritaikymo paslaugas, kurios atitinka konkre\u010dius klient\u0173 reikalavimus, u\u017etikrindamos suderinamum\u0105 ir optimizuot\u0105 na\u0161um\u0105.<\/p>\n<\/li>\n<\/ul>\n<p><img decoding=\"async\" src=\"https:\/\/www.hydraulic-cylinders.net\/wp-content\/uploads\/2025\/01\/songte-cylinder-head-with-all-kinds-excavator-models.webp\"><\/p>\n<h2>Parai\u0161kos<\/h2>\n<p>Kau\u0161\u0173 cilindrai naudojami \u012fvairiose pramon\u0117s \u0161akose ir ma\u0161inose, tokiose kaip:<\/p>\n<ul>\n<li>Statybin\u0117 \u012franga: ekskavatoriuose jie yra b\u016btini kasant, kraunant ir perkeliant \u017eem\u0119 ar \u0161iuk\u0161les. Ekskavatoriuose kau\u0161o cilindrai padeda ir kasti, ir kelti. <\/li>\n<li>\u017dem\u0117s \u016bkio technika: naudojama priekiniuose krautuvuose dirvo\u017eemiui, \u0161ienui ir kitoms med\u017eiagoms semti, kelti ir transportuoti. <\/li>\n<li>Ekskavatoriai: Kau\u0161o cilindrai leid\u017eia kau\u0161ui prasiskverbti \u012f \u017eem\u0119, kad b\u016bt\u0173 galima atlikti kasimo veiksmus. <\/li>\n<li>Krautuvai: Priekiniuose krautuvuose jie padeda efektyviai pakelti ir i\u0161krauti krovinius.<\/li>\n<\/ul>\n<p>Kiekviena parai\u0161ka paai\u0161kinta toliau:<\/p>\n<h3>Statybin\u0117 \u012franga<\/h3>\n<p>Kau\u0161\u0173 cilindrai atlieka gyvybi\u0161kai svarb\u0173 vaidmen\u012f ekskavatoriuose, nes jie padeda kasti, krauti ir perkelti \u017eem\u0119 ar \u0161iuk\u0161les. Ekskavatoriuose kau\u0161\u0173 cilindrai ne tik padeda kasti, bet ir kelti kau\u0161\u0105. \u0160ios ma\u0161inos pla\u010diai naudojamos statybviet\u0117se, keli\u0173 darbuose ir kasybos darbuose. Kau\u0161\u0173 cilindrai yra b\u016btini tinkamam \u0161i\u0173 ma\u0161in\u0173 veikimui ir u\u017etikrina, kad darbas b\u016bt\u0173 atliekamas efektyviai ir veiksmingai.<\/p>\n<h3>\u017dem\u0117s \u016bkio technika<\/h3>\n<p>Kau\u0161\u0173 cilindrai naudojami frontaliniuose krautuvuose dirvo\u017eemiui, \u0161ienui ir kitoms med\u017eiagoms semti, kelti ir transportuoti. \u0160ios ma\u0161inos pla\u010diai naudojamos \u017eem\u0117s \u016bkyje, mi\u0161kininkyst\u0117je ir kra\u0161tovaizd\u017eio tvarkymo darbuose. Kau\u0161\u0173 cilindrai yra b\u016btini tinkamam \u0161i\u0173 ma\u0161in\u0173 veikimui ir u\u017etikrina, kad darbas b\u016bt\u0173 atliekamas efektyviai ir veiksmingai.<\/p>\n<h3>Ekskavatoriai<\/h3>\n<p>Kau\u0161o cilindrai leid\u017eia kau\u0161ui prasiskverbti \u012f \u017eem\u0119 ir atlikti kasimo veiksmus. \u0160ios ma\u0161inos pla\u010diai naudojamos statybviet\u0117se, keli\u0173 darbuose ir kasybos darbuose. Kau\u0161o cilindrai yra b\u016btini tinkamam \u0161i\u0173 ma\u0161in\u0173 veikimui ir u\u017etikrina, kad darbas b\u016bt\u0173 atliekamas efektyviai ir veiksmingai.<\/p>\n<h3>Krautuvai<\/h3>\n<p>Priekiniuose krautuvuose kau\u0161\u0173 cilindrai padeda efektyviai pakelti ir i\u0161versti krovin\u012f. \u0160ios ma\u0161inos pla\u010diai naudojamos statybviet\u0117se, keli\u0173 darbuose ir kasybos darbuose. Kau\u0161\u0173 cilindrai yra b\u016btini tinkamam \u0161i\u0173 ma\u0161in\u0173 veikimui ir u\u017etikrina, kad darbas b\u016bt\u0173 atliekamas efektyviai ir veiksmingai.<\/p>\n<p><img decoding=\"async\" src=\"https:\/\/www.hydraulic-cylinders.net\/wp-content\/uploads\/2025\/01\/songte-bushings-with-all-kinds-of-excavator-models.webp\"><\/p>\n<h2>Projektavimo aspektai ir atrankos kriterijai<\/h2>\n<p>Renkantis cilindro formos vamzd\u012f, reikia atsi\u017evelgti \u012f kelet\u0105 konstrukcini\u0173 aspekt\u0173 ir atrankos kriterij\u0173:<\/p>\n<ul>\n<li>\n<h3>Guoli\u0173 talpa<\/h3>\n<p>Kau\u0161o cilindras turi b\u016bti paj\u0117gus atlaikyti jam tenkan\u010di\u0105 apkrov\u0105.<\/p>\n<\/li>\n<li>\n<h3>Sandarinimas<\/h3>\n<p>Cilindras turi b\u016bti gerai u\u017esandarintas, kad nei\u0161tek\u0117t\u0173 hidraulin\u0117 alyva, nes tai gali sukelti cilindro gedimus ar pa\u017eeidimus.<\/p>\n<\/li>\n<li>\n<h3>Patvarumas<\/h3>\n<p>Cilindras turi b\u016bti pakankamai patvarus, kad atlaikyt\u0173 at\u0161iaurias numatyto naudojimo s\u0105lygas.<\/p>\n<\/li>\n<li>\n<h3>Saugumas<\/h3>\n<p>Balionas turi b\u016bti suprojektuotas atsi\u017evelgiant \u012f saugum\u0105 ir atitikti visus atitinkamus saugos standartus.<\/p>\n<\/li>\n<li>\n<h3>Prie\u017ei\u016bra<\/h3>\n<p>Cilindras turi b\u016bti suprojektuotas taip, kad j\u012f b\u016bt\u0173 lengva pri\u017ei\u016br\u0117ti, su kei\u010diamomis dalimis ir paprastomis remonto proced\u016bromis.<\/p>\n<\/li>\n<\/ul>\n<p><img decoding=\"async\" src=\"https:\/\/www.hydraulic-cylinders.net\/wp-content\/uploads\/2025\/01\/songte-oil-pipes-and-spare-parts.webp\"><\/p>\n<h2>Sandarinimas ir tepimas<\/h2>\n<p>Kau\u0161\u0173 cilindruose naudojami \u012fvair\u016bs sandarinimo komponentai, tokie kaip st\u016bmokli\u0173 sandarikliai, stryp\u0173 sandarikliai ir valytuvai, kad hidraulin\u0117 alyva nei\u0161tek\u0117t\u0173. \u0160ie sandarikliai pagaminti i\u0161 atspari\u0173 dilimui med\u017eiag\u0173, toki\u0173 kaip poliuretanas ir nitrilo kau\u010diukas. Cilindro korpusas ir sriegio galo pavir\u0161ius yra kruop\u0161\u010diai apdoroti, siekiant pagerinti j\u0173 atsparum\u0105 dilimui ir suma\u017einti keitimo da\u017enum\u0105. Norint i\u0161laikyti kau\u0161\u0173 cilindr\u0173 efektyvum\u0105 ir na\u0161um\u0105, b\u016btina reguliariai tepti hidrauline alyva.<\/p>\n<h2>Ap\u017ei\u016bra ir prevencin\u0117 prie\u017ei\u016bra<\/h2>\n<p>Reguliarus kau\u0161o cilindr\u0173 patikrinimas ir profilaktin\u0117 prie\u017ei\u016bra yra b\u016btini siekiant u\u017etikrinti tinkam\u0105 j\u0173 veikim\u0105 ir pailginti j\u0173 tarnavimo laik\u0105. \u0160ios u\u017eduotys apima:<\/p>\n<ul>\n<li>\n<h3>Reguliarus patikrinimas<\/h3>\n<p>Reguliariai tikrinkite cilindr\u0105 ir jo komponentus, ar n\u0117ra susid\u0117v\u0117jimo, pa\u017eeidim\u0173 ar kit\u0173 problem\u0173, galin\u010di\u0173 tur\u0117ti \u012ftakos jo veikimui.<\/p>\n<\/li>\n<li>\n<h3>Tepimas<\/h3>\n<p>Reguliarus tepimas hidrauline alyva, siekiant u\u017etikrinti skland\u0173 ir efektyv\u0173 cilindro veikim\u0105.<\/p>\n<\/li>\n<li>\n<h3>Sandariklio keitimas<\/h3>\n<p>Reguliariai keiskite sandariklius ir kitas susid\u0117vin\u010dias dalis, kad b\u016bt\u0173 i\u0161vengta hidraulin\u0117s alyvos nuot\u0117kio ir u\u017etikrintas tinkamas cilindro veikimas.<\/p>\n<\/li>\n<li>\n<h3>Kalibravimo patikrinimas<\/h3>\n<p>Reguliarus kalibravimo patikrinimas, siekiant u\u017etikrinti, kad cilindras veikt\u0173 pagal reikiamus parametrus.<\/p>\n<\/li>\n<\/ul>\n<p>Tinkamas kau\u0161o cilindr\u0173 veikimas yra labai svarbus tinkamam j\u0173 montavimui. Rekomenduojamas tinkamas suderinimas ir tinkam\u0173 montavimo laikikli\u0173 naudojimas. Kilus problemoms, tiksli diagnostika ir greitas remontas gali pad\u0117ti i\u0161vengti tolesn\u0117s \u017ealos ir pailginti cilindro tarnavimo laik\u0105.<\/p>\n<p><img decoding=\"async\" src=\"https:\/\/www.hydraulic-cylinders.net\/wp-content\/uploads\/2025\/01\/songte-chushion-collar.webp\"><\/p>\n<h2>Saugos aspektai ir aplinkos veiksniai<\/h2>\n<p>Kau\u0161o cilindro sauga ir aplinkosauga yra labai svarb\u016bs tinkamam ma\u0161inos veikimui. Tokios saugos priemon\u0117s kaip tinkamas montavimas ir reguliari ap\u017ei\u016bra gali pad\u0117ti i\u0161vengti nelaiming\u0173 atsitikim\u0173. Tinkamas hidraulin\u0117s alyvos ir kit\u0173 atliek\u0173 \u0161alinimas gali pad\u0117ti i\u0161vengti aplinkos u\u017eter\u0161imo.<\/p>\n<h2>Trik\u010di\u0173 \u0161alinimas ir da\u017eniausios problemos<\/h2>\n<p>Da\u017enos kau\u0161o cilindro problemos yra alyvos nuot\u0117kis, st\u016bmoklio koto sulinkimas, sandariklio pa\u017eeidimas ir nepakankamas sl\u0117gis. Greita diagnoz\u0117 ir problem\u0173 sprendimas yra labai svarb\u016bs siekiant i\u0161vengti tolesni\u0173 pa\u017eeidim\u0173 ir u\u017etikrinti tinkam\u0105 cilindro veikim\u0105. Reguliarus patikrinimas ir prevencin\u0117 prie\u017ei\u016bra gali pad\u0117ti i\u0161vengti \u0161i\u0173 problem\u0173.<\/p>\n<p><img decoding=\"async\" src=\"https:\/\/hzpt.com\/wp-content\/uploads\/2024\/11\/songte-company-1.webp\"><\/p>\n<h2>Apie mus<\/h2>\n<p>Esame hidraulini\u0173 cilindr\u0173 gamintojas, kuris specializuojasi hidraulini\u0173 cilindr\u0173 keitime. Si\u016blome plat\u0173 gamini\u0173 asortiment\u0105 ir tapome vienu i\u0161 pirmaujan\u010di\u0173 hidraulini\u0173 cilindr\u0173 gamintoj\u0173 ir didmenini\u0173 platintoj\u0173 vidaus ir tarptautin\u0117se rinkose. Esame \u012fsipareigoj\u0119 u\u017etikrinti puiki\u0105 kokyb\u0119, remdamiesi pramonin\u0117s gamybos valdymo strategijomis kruop\u0161\u010diai sukurtose gamybos dirbtuv\u0117se. Nuolat tobuliname savo gamybos platformas, pasitelkdami technologinius talentus, auk\u0161\u010diausios klas\u0117s skaitmenin\u0119 gamybos \u012frang\u0105 ir profesionalias bandym\u0173 sistemas, tod\u0117l esame k\u016brybingi, kad patenkintume \u012fvairius klient\u0173 poreikius, taikydami didelio efektyvumo, didelio tikslumo ir auk\u0161tos kokyb\u0117s principus.<\/p>\n<h3>Ekspertiz\u0117<\/h3>\n<p>Turime didel\u0119 patirt\u012f hidraulini\u0173 cilindr\u0173 gamybos pramon\u0117je, daugiausia d\u0117mesio skirdami kokybei ir na\u0161umo optimizavimui.<\/p>\n<h3>Tarptautinis sertifikavimas<\/h3>\n<p>Esame \u012fgij\u0119 tarptautinius kokyb\u0117s sertifikatus, tokius kaip ISO9001, CE ir SGS, kurie rodo m\u016bs\u0173 \u012fsipareigojim\u0105 kokybei ir meistri\u0161kumui.<\/p>\n<h3>Pritaikymo paslaugos<\/h3>\n<p>Si\u016blome pritaikymo paslaugas, kurios atitinka konkre\u010dius klient\u0173 reikalavimus, u\u017etikrindamos suderinamum\u0105 ir optimizuot\u0105 na\u0161um\u0105.<\/p>\n<h3>Gamybos \u012franga<\/h3>\n<p>Gamybos kokybei ir efektyvumui u\u017etikrinti naudojame pa\u017eangi\u0105 gamybos \u012frang\u0105, toki\u0105 kaip CNC stakl\u0117s ir automatizuotos bandym\u0173 sistemos.<\/p>\n<h3>Aptarnavimas po pardavimo<\/h3>\n<p>Esame \u012fsipareigoj\u0119 teikti puik\u0173 aptarnavim\u0105 po pardavimo ir palaikym\u0105, \u012fskaitant prie\u017ei\u016bros, remonto ir keitimo paslaugas.<\/p>\n<p><img decoding=\"async\" src=\"https:\/\/www.hydraulic-cylinders.net\/wp-content\/uploads\/2025\/01\/songte-company-3.webp\"><\/p>\n<p>Autorius: lyl<\/p>","protected":false},"excerpt":{"rendered":"<p>Bucket Cylinder For Carter CT330-8C Introduction The Bucket Cylinder for Carter CT330-8C is a type of specialized hydraulic cylinder designed specifically to control the movement of the bucket in heavy machinery, such as excavators, backhoes, and front loaders. Its primary function is to enable the bucket to be lifted, lowered, and tilted, thereby facilitating various [&hellip;]<\/p>","protected":false},"featured_media":14773,"comment_status":"open","ping_status":"closed","template":"","meta":{"_et_pb_use_builder":"","_et_pb_old_content":"","_et_gb_content_width":""},"product_brand":[],"product_cat":[1494],"product_tag":[1495,1496],"class_list":{"0":"post-15801","1":"product","2":"type-product","3":"status-publish","4":"has-post-thumbnail","6":"product_cat-bucket-cylinders","7":"product_tag-bucket-cylinders","8":"product_tag-hydraulic-cylinders","10":"first","11":"instock","12":"shipping-taxable","13":"product-type-simple"},"amp_enabled":true,"_links":{"self":[{"href":"https:\/\/www.hydraulic-cylinders.net\/lt\/wp-json\/wp\/v2\/product\/15801","targetHints":{"allow":["GET"]}}],"collection":[{"href":"https:\/\/www.hydraulic-cylinders.net\/lt\/wp-json\/wp\/v2\/product"}],"about":[{"href":"https:\/\/www.hydraulic-cylinders.net\/lt\/wp-json\/wp\/v2\/types\/product"}],"replies":[{"embeddable":true,"href":"https:\/\/www.hydraulic-cylinders.net\/lt\/wp-json\/wp\/v2\/comments?post=15801"}],"wp:featuredmedia":[{"embeddable":true,"href":"https:\/\/www.hydraulic-cylinders.net\/lt\/wp-json\/wp\/v2\/media\/14773"}],"wp:attachment":[{"href":"https:\/\/www.hydraulic-cylinders.net\/lt\/wp-json\/wp\/v2\/media?parent=15801"}],"wp:term":[{"taxonomy":"product_brand","embeddable":true,"href":"https:\/\/www.hydraulic-cylinders.net\/lt\/wp-json\/wp\/v2\/product_brand?post=15801"},{"taxonomy":"product_cat","embeddable":true,"href":"https:\/\/www.hydraulic-cylinders.net\/lt\/wp-json\/wp\/v2\/product_cat?post=15801"},{"taxonomy":"product_tag","embeddable":true,"href":"https:\/\/www.hydraulic-cylinders.net\/lt\/wp-json\/wp\/v2\/product_tag?post=15801"}],"curies":[{"name":"wp","href":"https:\/\/api.w.org\/{rel}","templated":true}]}}