{"id":15803,"date":"2025-01-19T15:00:29","date_gmt":"2025-01-19T15:00:29","guid":{"rendered":"https:\/\/www.hydraulic-cylinders.net\/product\/bucket-cylinder-for-kym-ky50c\/"},"modified":"2025-01-19T15:00:31","modified_gmt":"2025-01-19T15:00:31","slug":"bucket-cylinder-for-kym-ky50c","status":"publish","type":"product","link":"https:\/\/www.hydraulic-cylinders.net\/lt\/produktas\/bucket-cylinder-for-kym-ky50c\/","title":{"rendered":"Kau\u0161o cilindras, skirtas KYM KY50C"},"content":{"rendered":"<h1>Kau\u0161o cilindras, skirtas KYM KY50C<\/h1>\n<h2>\u012evadas<\/h2>\n<p>KYM KY50C kau\u0161o cilindras yra specialiai sukurtas hidraulinis cilindras, daugiausia naudojamas kau\u0161o jud\u0117jimui valdyti sunkiosiose ma\u0161inose, tokiose kaip ekskavatoriai, ekskavatoriniai krautuvai ir frontaliniai krautuvai. Pagrindin\u0117 jo funkcija \u2013 leisti kau\u0161ui pakilti, nuleisti ir pakreipti, kad b\u016bt\u0173 lengviau atlikti \u012fvairias med\u017eiag\u0173 tvarkymo u\u017eduotis. Hidraulin\u0117je sistemoje kau\u0161o cilindras tiksliai valdo kau\u0161\u0105 keisdamas hidraulin\u0117s alyvos sl\u0117g\u012f, tod\u0117l operatoriai gali efektyviai tvarkyti sunkius objektus sud\u0117tingoje darbo aplinkoje ir esant \u012fvairiems darbo reikalavimams.<\/p>\n<p><img decoding=\"async\" src=\"https:\/\/www.hydraulic-cylinders.net\/wp-content\/uploads\/2025\/01\/songte-company-2.webp\" alt=\"Kau\u0161o cilindro vaizdas\"><\/p>\n<h2>Savyb\u0117s<\/h2>\n<ul>\n<li>Didelis stiprumas ir ilgaam\u017ei\u0161kumas: paprastai pagaminti i\u0161 didelio stiprumo plieno arba aliuminio, galintys atlaikyti auk\u0161t\u0105 sl\u0117g\u012f ir dideles apkrovas, pritaikyti at\u0161iaurioms darbo aplinkoms, suprojektuoti atsi\u017evelgiant \u012f atsparum\u0105 dilimui ir korozijai, prailginantys tarnavimo laik\u0105.<\/li>\n<li>Efektyvus hidraulinis veikimas: naudojant hidraulin\u0117s alyvos sl\u0117g\u012f, pasiekiamas sklandus i\u0161pl\u0117timas ir susitraukimas, geb\u0117jimas greitai reaguoti \u012f valdymo komandas, u\u017etikrinantis galing\u0105 st\u016bmimo ir traukimo j\u0117g\u0105, tinka sunkiems daiktams tvarkyti ir sud\u0117tingoms u\u017eduotims atlikti.<\/li>\n<li>\u012evair\u016bs tipai: pagal poreik\u012f galima pasirinkti vienpusio veikimo (hidraulik\u0105 naudojant tik viena kryptimi) arba dvipusio veikimo (hidraulik\u0105 naudojant abiem kryptimis) cilindrus, kad b\u016bt\u0173 patenkinti skirtingi eksploataciniai reikalavimai. Kai kurie modeliai yra teleskopiniai, tod\u0117l juos galima labiau i\u0161tiesti nedidinant i\u0161orini\u0173 matmen\u0173, tod\u0117l jie tinka naudoti ribotoje erdv\u0117je.<\/li>\n<li>Kei\u010diamas: M\u016bs\u0173 gaminiai gali puikiai pakeisti \u0161iuos hidraulinius cilindrus.<\/li>\n<\/ul>\n<p><img decoding=\"async\" src=\"https:\/\/www.hydraulic-cylinders.net\/wp-content\/uploads\/2025\/01\/songte-cylinder-head-with-all-kinds-excavator-models.webp\" alt=\"Kau\u0161o cilindro pakeitimo paveiksl\u0117lis\"><\/p>\n<h2>Parai\u0161kos<\/h2>\n<h3>Statybin\u0117 \u012franga<\/h3>\n<p>Jie randami ekskavatoriuose ir yra b\u016btini kasant, kraunant ir perkeliant grunt\u0105 ar \u0161iuk\u0161les. Ekskavatoriuose-krautuvuose kau\u0161o cilindras padeda tiek kasti, tiek kelti. <\/p>\n<h3>\u017dem\u0117s \u016bkio technika<\/h3>\n<p>Naudojamas frontaliniuose krautuvuose dirvo\u017eemiui, \u0161ienui ir kitoms med\u017eiagoms semti, kelti ir transportuoti. Ekskavatoriuose kau\u0161o cilindras leid\u017eia atlikti kasimo darbus, leisdamas kau\u0161ui \u012fsiskverbti \u012f dirv\u0105. Frontaliniuose krautuvuose jie padeda efektyviai kelti ir i\u0161versti prekes.<\/p>\n<h2>Projektavimo aspektai ir atrankos kriterijai<\/h2>\n<h3>Apkrovos paj\u0117gumas<\/h3>\n<p>Apkrovos paj\u0117gumas yra esminis projektavimo aspektas, siekiant u\u017etikrinti, kad cilindras atlaikyt\u0173 operacijos svor\u012f ir \u012ftemp\u012f. Didelio stiprumo med\u017eiagos, tokios kaip plienas arba aliuminis, ir tinkama armat\u016bra gali u\u017etikrinti didesn\u0119 apkrovos paj\u0117gum\u0105.<\/p>\n<h3>Sandarumas ir ilgaam\u017ei\u0161kumas<\/h3>\n<p>Cilindro sandarumas ir ilgaam\u017ei\u0161kumas yra b\u016btini norint i\u0161vengti nuot\u0117kio ir u\u017etikrinti ilg\u0105 tarnavimo laik\u0105. \u012evairi\u0173 sandarinimo komponent\u0173, toki\u0173 kaip st\u016bmoklio ir koto sandarikliai, pagamint\u0173 i\u0161 atspari\u0173 dilimui med\u017eiag\u0173, toki\u0173 kaip poliuretanas ir nitrilo kau\u010diukas, naudojimas gali pagerinti sandarum\u0105 ir ilgaam\u017ei\u0161kum\u0105. Atsparum\u0105 dilimui taip pat gali pagerinti kruop\u0161tus cilindro korpuso ir sriegio galo pavir\u0161iaus apdorojimas.<\/p>\n<h3>Sauga ir prie\u017ei\u016bra<\/h3>\n<p>Reguliarus patikrinimas ir prevencin\u0117s prie\u017ei\u016bros priemon\u0117s yra b\u016btinos siekiant u\u017etikrinti saug\u0173 ir tinkam\u0105 kau\u0161o cilindro veikim\u0105. Tinkamas montavimas, tepimas ir kalibravimas yra labai svarb\u016bs norint pagerinti cilindro veikim\u0105 ir pailginti jo tarnavimo laik\u0105. <\/p>\n<p><img decoding=\"async\" src=\"https:\/\/www.hydraulic-cylinders.net\/wp-content\/uploads\/2025\/01\/songte-oil-pipes-and-spare-parts.webp\" alt=\"Kau\u0161o cilindro prie\u017ei\u016bros paveiksl\u0117lis\"><\/p>\n<h2>Diegimo vadovas<\/h2>\n<p>Tinkamas montavimas yra b\u016btinas norint u\u017etikrinti saug\u0173 ir efektyv\u0173 kau\u0161o cilindro veikim\u0105. Tinkamas cilindro sulygiavimas ir tinkam\u0173 tvirtinimo laikikli\u0173 naudojimas gali pad\u0117ti i\u0161vengti cilindro pa\u017eeidim\u0173 ir u\u017etikrinti tinkam\u0105 veikim\u0105. Rekomenduojamos patikros, remonto ir keitimo proced\u016bros gali pagerinti cilindro veikim\u0105 ir pailginti jo tarnavimo laik\u0105.<\/p>\n<h3>Prie\u017ei\u016bros u\u017eduotys<\/h3>\n<ul>\n<li>Reguliarus patikrinimas<\/li>\n<li>Tinkamas tepimas<\/li>\n<li>Sandariklio keitimas<\/li>\n<li>Kalibravimo patikrinimas<\/li>\n<\/ul>\n<p><img decoding=\"async\" src=\"https:\/\/www.hydraulic-cylinders.net\/wp-content\/uploads\/2025\/01\/songte-chushion-collar.webp\" alt=\"Kau\u0161o cilindro montavimo paveiksl\u0117lis\"><\/p>\n<h2>Saugos aspektai ir aplinkos veiksniai<\/h2>\n<p>Saugos priemon\u0117s yra labai svarbios naudojant kau\u0161o cilindr\u0105, siekiant i\u0161vengti nelaiming\u0173 atsitikim\u0173 ir su\u017ealojim\u0173. Tinkamas montavimas, prie\u017ei\u016bra ir eksploatavimas yra b\u016btini norint u\u017etikrinti saug\u0173 naudojim\u0105. Aplinkos veiksniai, tokie kaip temperat\u016bra ir dr\u0117gm\u0117, gali tur\u0117ti \u012ftakos cilindro veikimui, tod\u0117l reikia imtis tinkam\u0173 priemoni\u0173 \u0161iam poveikiui su\u0161velninti.<\/p>\n<h2>Diagnoz\u0117 ir trik\u010di\u0173 \u0161alinimas<\/h2>\n<p>Kau\u0161o cilindro diagnostika ir trik\u010di\u0173 \u0161alinimas gali b\u016bti b\u016btini norint nustatyti ir i\u0161spr\u0119sti tokias problemas kaip nuot\u0117kis, nepakankama j\u0117ga ar l\u0117tas atsakas. Rekomenduojami trik\u010di\u0173 \u0161alinimo patarimai ir sprendimai gali pad\u0117ti skaitytojams veiksmingai diagnozuoti ir i\u0161spr\u0119sti problemas. Taip pat galima pasi\u016blyti prevencini\u0173 priemoni\u0173, siekiant suma\u017einti galimas problemas.<\/p>\n<p><img decoding=\"async\" src=\"https:\/\/www.hydraulic-cylinders.net\/wp-content\/uploads\/2025\/01\/songte-bushings-with-all-kinds-of-excavator-models.webp\" alt=\"Kau\u0161o cilindro diagnostikos vaizdas\"><\/p>\n<h2>Apie mus<\/h2>\n<p>Esame pakaitini\u0173 hidraulini\u0173 cilindr\u0173 gamintojas, si\u016blantis plat\u0173 gamini\u0173 asortiment\u0105 ir tap\u0119s vienu i\u0161 pirmaujan\u010di\u0173 hidraulini\u0173 cilindr\u0173 gamintoj\u0173 ir didmenini\u0173 platintoj\u0173 vidaus ir tarptautin\u0117se rinkose. Laikom\u0117s puikios kokyb\u0117s principo, remdamiesi puiki\u0173 gamybos dirbtuvi\u0173 pramonin\u0117s gamybos valdymo strategija, nuolat tobuliname dirbtuvi\u0173 gamybos platform\u0105, tobuliname gamini\u0173 kokyb\u0117s gamybos proces\u0105 ir turime stipr\u0173 k\u016brybin\u012f geb\u0117jim\u0105 patenkinti \u012fvairius klient\u0173 poreikius, u\u017etikrindami auk\u0161t\u0105 efektyvum\u0105, auk\u0161t\u0105 tikslum\u0105 ir auk\u0161tos kokyb\u0117s produktus. <\/p>\n<h3>Profesionalumas<\/h3>\n<p>Turime patyrusi\u0173 ir profesionali\u0173 technik\u0173 komand\u0105, kuri nuolat kuria novatori\u0161kus hidraulini\u0173 cilindr\u0173 gamybos sprendimus, u\u017etikrindama puiki\u0105 kokyb\u0119 ir na\u0161um\u0105.<\/p>\n<h3>Tarptautinis sertifikavimas<\/h3>\n<p>M\u016bs\u0173 gaminiai yra sertifikuoti pagal tarptautinius standartus, tokius kaip ISO9001, CE ir SGS, o tai u\u017etikrina j\u0173 kokyb\u0119 ir saug\u0105.<\/p>\n<h3>Pritaikymo paslaugos<\/h3>\n<p>Teikiame individualias paslaugas, pritaikytas konkretiems klient\u0173 poreikiams, si\u016blydami individualiai pritaikytus sprendimus.<\/p>\n<h3>Gamybos \u012franga<\/h3>\n<p>Naudojame pa\u017eangi\u0105 gamybos \u012frang\u0105, toki\u0105 kaip CNC stakl\u0117s, apdirbimo centrai ir suvirinimo robotai, u\u017etikrinantys tiksli\u0105 ir efektyvi\u0105 gamyb\u0105.<\/p>\n<h3>Aptarnavimas po pardavimo<\/h3>\n<p>Teikiame i\u0161samias garantinio aptarnavimo paslaugas, \u012fskaitant technin\u0119 prie\u017ei\u016br\u0105, remont\u0105 ir atnaujinim\u0105, u\u017etikrindami klient\u0173 pasitenkinim\u0105 ir gamini\u0173 ilgaam\u017ei\u0161kum\u0105.<\/p>\n<p><img decoding=\"async\" src=\"https:\/\/www.hydraulic-cylinders.net\/wp-content\/uploads\/2025\/01\/songte-company-3.webp\" alt=\"Apie mus Vaizdas\"><\/p>\n<p>Autorius: lyl.<\/p>","protected":false},"excerpt":{"rendered":"<p>Bucket Cylinder For KYM KY50C Introduction The bucket cylinder for KYM KY50C is a specially designed hydraulic cylinder primarily used for controlling the movement of the bucket in heavy machinery such as excavators, backhoe loaders, and front-end loaders. Its main function is to enable the bucket to lift, lower, and tilt, making it easier to [&hellip;]<\/p>","protected":false},"featured_media":14769,"comment_status":"open","ping_status":"closed","template":"","meta":{"_et_pb_use_builder":"","_et_pb_old_content":"","_et_gb_content_width":""},"product_brand":[],"product_cat":[1494],"product_tag":[1495,1496],"class_list":{"0":"post-15803","1":"product","2":"type-product","3":"status-publish","4":"has-post-thumbnail","6":"product_cat-bucket-cylinders","7":"product_tag-bucket-cylinders","8":"product_tag-hydraulic-cylinders","10":"first","11":"instock","12":"shipping-taxable","13":"product-type-simple"},"amp_enabled":true,"_links":{"self":[{"href":"https:\/\/www.hydraulic-cylinders.net\/lt\/wp-json\/wp\/v2\/product\/15803","targetHints":{"allow":["GET"]}}],"collection":[{"href":"https:\/\/www.hydraulic-cylinders.net\/lt\/wp-json\/wp\/v2\/product"}],"about":[{"href":"https:\/\/www.hydraulic-cylinders.net\/lt\/wp-json\/wp\/v2\/types\/product"}],"replies":[{"embeddable":true,"href":"https:\/\/www.hydraulic-cylinders.net\/lt\/wp-json\/wp\/v2\/comments?post=15803"}],"wp:featuredmedia":[{"embeddable":true,"href":"https:\/\/www.hydraulic-cylinders.net\/lt\/wp-json\/wp\/v2\/media\/14769"}],"wp:attachment":[{"href":"https:\/\/www.hydraulic-cylinders.net\/lt\/wp-json\/wp\/v2\/media?parent=15803"}],"wp:term":[{"taxonomy":"product_brand","embeddable":true,"href":"https:\/\/www.hydraulic-cylinders.net\/lt\/wp-json\/wp\/v2\/product_brand?post=15803"},{"taxonomy":"product_cat","embeddable":true,"href":"https:\/\/www.hydraulic-cylinders.net\/lt\/wp-json\/wp\/v2\/product_cat?post=15803"},{"taxonomy":"product_tag","embeddable":true,"href":"https:\/\/www.hydraulic-cylinders.net\/lt\/wp-json\/wp\/v2\/product_tag?post=15803"}],"curies":[{"name":"wp","href":"https:\/\/api.w.org\/{rel}","templated":true}]}}