{"id":15807,"date":"2025-01-19T15:00:48","date_gmt":"2025-01-19T15:00:48","guid":{"rendered":"https:\/\/www.hydraulic-cylinders.net\/product\/bucket-cylinder-for-kym-ky50a\/"},"modified":"2025-01-19T15:00:54","modified_gmt":"2025-01-19T15:00:54","slug":"bucket-cylinder-for-kym-ky50a","status":"publish","type":"product","link":"https:\/\/www.hydraulic-cylinders.net\/lt\/produktas\/bucket-cylinder-for-kym-ky50a\/","title":{"rendered":"Kau\u0161o cilindras, skirtas KYM KY50A"},"content":{"rendered":"<h1>Kau\u0161o cilindras, skirtas KYM KY50A<\/h1>\n<h2>\u012evadas<\/h2>\n<h3>Kau\u0161o cilindro apibr\u0117\u017eimas<\/h3>\n<p>Kau\u0161o cilindras yra specialiai suprojektuotas hidraulinis cilindras, daugiausia naudojamas kau\u0161o jud\u0117jimui valdyti sunkiosiose ma\u0161inose, tokiose kaip ekskavatoriai, ekskavatoriniai ekskavatoriai ir frontaliniai krautuvai. Pagrindin\u0117 jo funkcija \u2013 leisti kau\u0161ui pakilti, nuleisti ir pakreipti, kad b\u016bt\u0173 lengviau atlikti \u012fvairias med\u017eiag\u0173 transportavimo u\u017eduotis. Hidraulin\u0117je sistemoje kau\u0161o cilindras kontroliuoja tiksl\u0173 kau\u0161o jud\u0117jim\u0105 keisdamas hidraulin\u0117s alyvos sl\u0117g\u012f, leisdamas operatoriams efektyviai valdyti sunkius krovinius ir prisitaikyti prie sud\u0117tingos darbo aplinkos bei \u012fvairi\u0173 eksploatacini\u0173 reikalavim\u0173.<\/p>\n<p><img decoding=\"async\" src=\"https:\/\/www.hydraulic-cylinders.net\/wp-content\/uploads\/2025\/01\/songte-company-2.webp\" alt=\"Kau\u0161o cilindro vaizdas\"><\/p>\n<h3>Savyb\u0117s<\/h3>\n<ul>\n<li>Didelis stiprumas ir ilgaam\u017ei\u0161kumas: Paprastai pagaminti i\u0161 didelio stiprumo plieno arba aliuminio, galintys atlaikyti auk\u0161t\u0105 sl\u0117g\u012f ir dideles apkrovas, prisitaikyti prie at\u0161iauri\u0173 darbo s\u0105lyg\u0173, sukurti atspar\u016bs dilimui ir korozijai bei prailginti tarnavimo laik\u0105.<\/li>\n<li>Efektyvus hidraulinis veikimas: Skland\u016bs i\u0161pl\u0117timo ir susitraukimo veiksmai pasiekiami naudojant hidraulin\u0117s alyvos sl\u0117g\u012f, tod\u0117l galima greitai reaguoti \u012f valdymo komandas, u\u017etikrinti galing\u0105 st\u016bmimo ir traukimo j\u0117g\u0105, tod\u0117l tinka sunkiems kroviniams kelti ir sud\u0117tingoms eksploatavimo u\u017eduotims atlikti.<\/li>\n<li>\u012evair\u016bs tipai: pagal reikalavimus, kad b\u016bt\u0173 patenkinti skirtingi eksploatavimo poreikiai, galima pasirinkti vienpusio veikimo (hidrauli\u0161kai naudojamus tik viena kryptimi) arba dvipusio veikimo (hidrauli\u0161kai naudojamus dviem kryptimis) cilindrus. Kai kurie modeliai yra teleskopiniai, tod\u0117l juos galima labiau i\u0161tiesti nedidinant i\u0161orini\u0173 matmen\u0173, tod\u0117l jie tinka naudoti ribotoje erdv\u0117je.<\/li>\n<li>Puikus pakeitimas: m\u016bs\u0173 gaminys gali puikiai pakeisti \u0161iuos hidraulinius cilindrus.<\/li>\n<\/ul>\n<p><img decoding=\"async\" src=\"https:\/\/www.hydraulic-cylinders.net\/wp-content\/uploads\/2025\/01\/songte-cylinder-head-with-all-kinds-excavator-models.webp\" alt=\"Kau\u0161o cilindro pakeitimo paveiksl\u0117lis\"><\/p>\n<h3>Parai\u0161kos<\/h3>\n<p>Kau\u0161\u0173 cilindrai yra pla\u010diai naudojami \u012fvairiose pramon\u0117s \u0161akose. Kai kurie da\u017eniausiai naudojami pritaikymai:<\/p>\n<ul>\n<li>Statybin\u0117 \u012franga: ekskavatoriuose jie yra labai svarb\u016bs kasant, kraunant ir perkeliant grunt\u0105 ar \u0161iuk\u0161les. Ekskavatoriuose kau\u0161o cilindras padeda ir kasti, ir kelti. <\/li>\n<li>\u017dem\u0117s \u016bkio technika: naudojama priekiniuose krautuvuose dirvo\u017eemiui, \u0161ienui ir kitoms med\u017eiagoms kasti, kelti ir transportuoti. <\/li>\n<li>Ekskavatoriai: Kau\u0161o cilindras leid\u017eia kasti, leisdamas kau\u0161ui prasiskverbti \u012f dirv\u0105. <\/li>\n<li>Krautuvai: Priekiniuose krautuvuose jie padeda efektyviai pakelti ir i\u0161krauti prekes. <\/li>\n<\/ul>\n<h3>Projektavimo aspektai ir atrankos kriterijai<\/h3>\n<p>Projektuojant hidraulinius cilindrus, reikia atsi\u017evelgti \u012f kelet\u0105 svarbi\u0173 aspekt\u0173, \u012fskaitant:<\/p>\n<ul>\n<li>Keliamoji galia<\/li>\n<li>Sandarinimas<\/li>\n<li>Patvarumas<\/li>\n<li>Saugumas<\/li>\n<li>Prie\u017ei\u016bra<\/li>\n<\/ul>\n<p>Keliamoji galia: Hidrauliniai cilindrai yra skirti atlaikyti tam tikr\u0105 apkrov\u0105. Cilindro svoris, eigos ilgis ir dydis yra svarb\u016bs veiksniai, lemiantys jo keliam\u0105j\u0105 gali\u0105. <\/p>\n<p>Sandarinimas: Hidrauliniams cilindrams reikalingi \u012fvair\u016bs sandarikliai, tokie kaip st\u016bmoklio sandarinimo \u017eiedai ir strypo sandarinimo \u017eiedai, kad b\u016bt\u0173 i\u0161vengta alyvos nuot\u0117kio ir palaikomas cilindro sl\u0117gis. Poliuretanas ir nitrilo kau\u010diukas yra da\u017eniausiai naudojamos dilimui atsparios med\u017eiagos sandarinimo \u017eiedams. Cilindro korpusas ir srieginiai galiniai pavir\u0161iai yra kruop\u0161\u010diai apdorojami, o tai padeda pagerinti atsparum\u0105 dilimui. Cilindrui sutepti b\u016btina reguliariai \u012fpilti atitinkamos hidraulin\u0117s alyvos.<\/p>\n<p>Patvarumas: Hidrauliniai cilindrai yra sukurti taip, kad atlaikyt\u0173 at\u0161iaurias eksploatavimo s\u0105lygas, o tai rei\u0161kia, kad jie turi b\u016bti pagaminti i\u0161 patvari\u0173 med\u017eiag\u0173, kurios gali atlaikyti dilim\u0105 ir korozij\u0105.<\/p>\n<p>Sauga: Hidrauliniai cilindrai turi atitikti saugos standartus ir reglamentus, \u012fskaitant apsaugini\u0173 vo\u017etuv\u0173 naudojim\u0105, kad b\u016bt\u0173 i\u0161vengta per didelio sl\u0117gio, pakankamo apsauginio sluoksnio \u012frengim\u0105, kad operatorius nesusi\u017ealot\u0173, ir kitas saugos priemones.<\/p>\n<p>Prie\u017ei\u016bra: Hidrauliniai cilindrai turi b\u016bti suprojektuoti taip, kad juos b\u016bt\u0173 lengva pri\u017ei\u016br\u0117ti ir remontuoti. Komponentai tur\u0117t\u0173 b\u016bti lengvai prieinami ir kei\u010diami, o konstrukcija tur\u0117t\u0173 nereikalauti specializuot\u0173 \u017eini\u0173 ar \u012franki\u0173.<\/p>\n<p><img decoding=\"async\" src=\"https:\/\/www.hydraulic-cylinders.net\/wp-content\/uploads\/2025\/01\/songte-oil-pipes-and-spare-parts.webp\" alt=\"Hidraulinio cilindro dali\u0173 vaizdas\"><\/p>\n<h3>Prie\u017ei\u016bra ir remontas<\/h3>\n<p>Tinkama prie\u017ei\u016bra ir remontas yra labai svarb\u016bs hidraulini\u0173 cilindr\u0173 ilgaam\u017ei\u0161kumui. \u012eprastos prie\u017ei\u016bros u\u017eduotys apima:<\/p>\n<ul>\n<li>Reguliar\u016bs patikrinimai<\/li>\n<li>Tinkamas tepimas<\/li>\n<li>Sandariklio keitimas<\/li>\n<li>Kalibravimo patikrinimai<\/li>\n<\/ul>\n<p>Montuojant hidraulin\u012f cilindr\u0105, svarbu j\u012f teisingai sulygiuoti ir naudoti tinkamus tvirtinimo laikiklius, kad jis b\u016bt\u0173 pritvirtintas. Norint pailginti cilindro tarnavimo laik\u0105, reikia laikytis rekomenduojam\u0173 patikrinimo, remonto ir keitimo proced\u016br\u0173.<\/p>\n<p><img decoding=\"async\" src=\"https:\/\/www.hydraulic-cylinders.net\/wp-content\/uploads\/2025\/01\/songte-chushion-collar.webp\" alt=\"Hidraulinio cilindro montavimo paveiksl\u0117lis\"><\/p>\n<h3>Saugos aspektai ir aplinkos veiksniai<\/h3>\n<p>Naudojant hidraulinius cilindrus, b\u016btinos saugos priemon\u0117s, siekiant i\u0161vengti nelaiming\u0173 atsitikim\u0173. Reikia laikytis saugi\u0173 darbo praktik\u0173, \u012fskaitant tinkam\u0173 asmenini\u0173 apsaugos priemoni\u0173 d\u0117v\u0117jim\u0105, darbo vietos \u0161varos ir nuolau\u017e\u0173 \u0161alinim\u0105 bei vis\u0173 saugos proced\u016br\u0173 laikym\u0105si.<\/p>\n<p>Naudojant hidraulinius cilindrus, taip pat reik\u0117t\u0173 atsi\u017evelgti \u012f aplinkos veiksnius, \u012fskaitant tinkam\u0105 panaudotos hidraulin\u0117s alyvos ir kit\u0173 pavojing\u0173 med\u017eiag\u0173 \u0161alinim\u0105, taip pat vis\u0173 aplinkosaugos taisykli\u0173 ir reikalavim\u0173 laikym\u0105si.<\/p>\n<p><img decoding=\"async\" src=\"https:\/\/hzpt.com\/wp-content\/uploads\/2024\/11\/songte-company-1.webp\" alt=\"\u012emon\u0117s \u012fvaizdis\"><\/p>\n<h3>Apie mus<\/h3>\n<p>Esame pirmaujantys hidraulini\u0173 cilindr\u0173 gamintojai ir didmenininkai vidaus ir tarptautin\u0117se rinkose, tod\u0117l specializuojam\u0117s pakaitini\u0173 hidraulini\u0173 cilindr\u0173 gamyboje. M\u016bs\u0173 gaminiai yra sukurti u\u017etikrinant puiki\u0105 kokyb\u0119, remiantis industrializuotomis gamybos valdymo strategijomis, kurias taiko sud\u0117tingos gamybos dirbtuv\u0117s, technologij\u0173 talentai, skaitmenizuota auk\u0161\u010diausios klas\u0117s gamybos \u012franga ir profesionalios testavimo sistemos. Nuolat tobuliname savo gamybos platformas dirbtuv\u0117se, tobulindami gamini\u0173 kokyb\u0117s gamybos linij\u0105 ir pasi\u017eymime stipriu k\u016brybiniu potencialu. Siekiame patenkinti \u012fvairius savo klient\u0173 poreikius, u\u017etikrindami auk\u0161t\u0105 efektyvum\u0105, tikslum\u0105 ir kokyb\u0119.<\/p>\n<h3>M\u016bs\u0173 paslaugos<\/h3>\n<p>M\u016bs\u0173 paslaugos apima:<\/p>\n<ul>\n<li>Profesionalumas<\/li>\n<li>Tarptautinis sertifikavimas<\/li>\n<li>Pritaikymo paslaugos<\/li>\n<li>Gamybos \u012franga<\/li>\n<li>Aptarnavimas po pardavimo<\/li>\n<\/ul>\n<p>Esame \u012fsipareigoj\u0119 savo klientams teikti auk\u0161tos kokyb\u0117s produktus ir paslaugas, kad patenkintume j\u0173 poreikius ir vir\u0161ytume l\u016bkes\u010dius.<\/p>\n<p><img decoding=\"async\" src=\"https:\/\/www.hydraulic-cylinders.net\/wp-content\/uploads\/2025\/01\/songte-company-3.webp\" alt=\"\u012emon\u0117s paslaug\u0173 vaizdas\"><\/p>\n<p>Autorius: lyl<\/p>","protected":false},"excerpt":{"rendered":"<p>Bucket Cylinder For KYM KY50A Introduction Defining Bucket Cylinder A bucket cylinder is a specially designed hydraulic cylinder mainly used to control the movement of the bucket in heavy machinery such as excavators, backhoe excavators, and front loaders. Its primary function is to enable the bucket to lift, lower, and tilt, making it easier to [&hellip;]<\/p>","protected":false},"featured_media":14789,"comment_status":"open","ping_status":"closed","template":"","meta":{"_et_pb_use_builder":"","_et_pb_old_content":"","_et_gb_content_width":""},"product_brand":[],"product_cat":[1494],"product_tag":[1495,1496],"class_list":{"0":"post-15807","1":"product","2":"type-product","3":"status-publish","4":"has-post-thumbnail","6":"product_cat-bucket-cylinders","7":"product_tag-bucket-cylinders","8":"product_tag-hydraulic-cylinders","10":"first","11":"instock","12":"shipping-taxable","13":"product-type-simple"},"amp_enabled":true,"_links":{"self":[{"href":"https:\/\/www.hydraulic-cylinders.net\/lt\/wp-json\/wp\/v2\/product\/15807","targetHints":{"allow":["GET"]}}],"collection":[{"href":"https:\/\/www.hydraulic-cylinders.net\/lt\/wp-json\/wp\/v2\/product"}],"about":[{"href":"https:\/\/www.hydraulic-cylinders.net\/lt\/wp-json\/wp\/v2\/types\/product"}],"replies":[{"embeddable":true,"href":"https:\/\/www.hydraulic-cylinders.net\/lt\/wp-json\/wp\/v2\/comments?post=15807"}],"wp:featuredmedia":[{"embeddable":true,"href":"https:\/\/www.hydraulic-cylinders.net\/lt\/wp-json\/wp\/v2\/media\/14789"}],"wp:attachment":[{"href":"https:\/\/www.hydraulic-cylinders.net\/lt\/wp-json\/wp\/v2\/media?parent=15807"}],"wp:term":[{"taxonomy":"product_brand","embeddable":true,"href":"https:\/\/www.hydraulic-cylinders.net\/lt\/wp-json\/wp\/v2\/product_brand?post=15807"},{"taxonomy":"product_cat","embeddable":true,"href":"https:\/\/www.hydraulic-cylinders.net\/lt\/wp-json\/wp\/v2\/product_cat?post=15807"},{"taxonomy":"product_tag","embeddable":true,"href":"https:\/\/www.hydraulic-cylinders.net\/lt\/wp-json\/wp\/v2\/product_tag?post=15807"}],"curies":[{"name":"wp","href":"https:\/\/api.w.org\/{rel}","templated":true}]}}