{"id":1583,"date":"2023-10-07T06:13:12","date_gmt":"2023-10-07T06:13:12","guid":{"rendered":"https:\/\/hydraulic-cylinders.net\/?post_type=product&#038;p=1583"},"modified":"2025-04-11T03:39:26","modified_gmt":"2025-04-11T03:39:26","slug":"rotary-drilling-mast-cylinder","status":"publish","type":"product","link":"https:\/\/www.hydraulic-cylinders.net\/lt\/produktas\/rotary-drilling-mast-cylinder\/","title":{"rendered":"Rotacinio gr\u0119\u017eimo stiebo cilindras"},"content":{"rendered":"<h1 style=\"text-align: center;\"><strong>Rotacinio gr\u0119\u017eimo stiebo cilindras<\/strong><\/h1>\n<p><img loading=\"lazy\" decoding=\"async\" class=\"wp-image-1584 aligncenter\" src=\"https:\/\/hydraulic-cylinders.net\/wp-content\/uploads\/2023\/10\/mast-cylinder-1-300x300.webp\" alt=\"\" width=\"400\" height=\"400\" \/><\/p>\n<p>Rotacinio gr\u0119\u017eimo stiebo cilindras yra labai svarbus rotacin\u0117s gr\u0119\u017eimo \u012frangos komponentas, skirtas optimizuoti gr\u0119\u017eimo operacij\u0173 na\u0161um\u0105 ir tikslum\u0105. \u0160is hidraulinis cilindras atlieka lemiam\u0105 vaidmen\u012f valdant gr\u0119\u017eimo stiebo vertikal\u0173 jud\u0117jim\u0105, u\u017etikrinant tiksl\u0173 pad\u0117ties nustatym\u0105 ir efektyv\u0173 gr\u0119\u017eim\u0105.<\/p>\n<p>Rotacinio gr\u0119\u017eimo stiebo cilindras yra nepakei\u010diamas komponentas, didinantis gr\u0119\u017eimo efektyvum\u0105. D\u0117l tvirtos konstrukcijos, hidraulin\u0117s galios ir valdymo, reguliuojamo eigos ilgio ir skland\u017ei\u0173 judesi\u0173 \u0161is hidraulinis cilindras palengvina tiksl\u0173 gr\u0119\u017eimo stiebo pad\u0117ties nustatym\u0105 ir pagerina bendr\u0105 gr\u0119\u017eimo na\u0161um\u0105. Tinkamai naudodami ir laikydamiesi rekomenduojamos prie\u017ei\u016bros praktikos, operatoriai gali maksimaliai pailginti rotacinio gr\u0119\u017eimo stiebo cilindro tarnavimo laik\u0105 ir patikimum\u0105, o tai u\u017etikrina saug\u0173 ir efektyv\u0173 gr\u0119\u017eim\u0105. Pasirinkite \u0161\u012f patikim\u0105 hidraulin\u012f komponent\u0105, kad optimizuotum\u0117te savo gr\u0119\u017eimo \u012frang\u0105 ir pasiektum\u0117te puiki\u0173 rezultat\u0173.<\/p>\n<p>Rotacinio gr\u0119\u017eimo stiebo cilindro pagrindin\u0117s charakteristikos:<\/p>\n<ol>\n<li>Tvirta konstrukcija ir ilgaam\u017ei\u0161kumas:<\/li>\n<\/ol>\n<ul>\n<li>Rotacinis gr\u0119\u017eimo cilindras pagamintas i\u0161 auk\u0161tos kokyb\u0117s med\u017eiag\u0173, u\u017etikrinan\u010di\u0173 i\u0161skirtin\u012f tvirtum\u0105 ir ilgaam\u017ei\u0161kum\u0105.<\/li>\n<li>Jis gali atlaikyti sud\u0117tingas gr\u0119\u017eimo operacij\u0173 s\u0105lygas, \u012fskaitant dideles apkrovas, vibracij\u0105 ir at\u0161iauri\u0105 aplink\u0105.<\/li>\n<\/ul>\n<ol start=\"2\">\n<li>Hidraulin\u0117 galia ir valdymas:<\/li>\n<\/ol>\n<ul>\n<li>\u0160is cilindras veikia per hidraulin\u0119 valdymo sistem\u0105, naudodamas hidraulin\u0119 energij\u0105 pak\u0117limo mechanizmui valdyti.<\/li>\n<li>Hidraulinis valdymas u\u017etikrina tiksl\u0173 ir reaguojant\u012f gr\u0119\u017eimo stiebo arba str\u0117l\u0117s jud\u0117jim\u0105, leid\u017eiant\u012f tiksliai nustatyti pad\u0117t\u012f ir valdyti.<\/li>\n<\/ul>\n<ol start=\"3\">\n<li>Reguliuojamas pakreipimo diapazonas:<\/li>\n<\/ol>\n<ul>\n<li>Rotacinis gr\u0119\u017eimo cilindras suteikia reguliuojam\u0105 diapazon\u0105, leid\u017eiant\u012f operatoriams pastatyti gr\u0119\u017eimo \u012frang\u0105 norimu kampu arba auk\u0161tyje.<\/li>\n<li>\u0160is lankstumas leid\u017eia atlikti universalius gr\u0119\u017eimo darbus, pritaikant \u012fvairias grunto s\u0105lygas ir reikalavimus.<\/li>\n<\/ul>\n<ol start=\"4\">\n<li>Skland\u016bs ir kontroliuojami judesiai:<\/li>\n<\/ol>\n<ul>\n<li>Cilindro konstrukcija ir hidraulin\u0117 valdymo sistema u\u017etikrina skland\u0173 ir kontroliuojam\u0105 jud\u0117jim\u0105 pak\u0117limo metu.<\/li>\n<li>\u0160is tikslus valdymas leid\u017eia operatoriams i\u0161laikyti stabilum\u0105 ir tikslum\u0105 nustatant gr\u0119\u017eimo stiebo ar str\u0117l\u0117s pad\u0117t\u012f.<\/li>\n<\/ul>\n<h2><strong>Rotacinio gr\u0119\u017eimo stiebo cilindro parametras:<\/strong><\/h2>\n<table border=\"1\" cellspacing=\"0\" cellpadding=\"0\">\n<tbody>\n<tr>\n<td>Produkto pavadinimas<\/td>\n<td>Rotacinio gr\u0119\u017eimo stiebo cilindras<\/td>\n<\/tr>\n<tr>\n<td>Savyb\u0117s:<\/td>\n<td>Valdykite stieb\u0105, reguliuokite stiebo ir \u017eem\u0117s kamp\u0105<\/td>\n<\/tr>\n<tr>\n<td>Skyl\u0117s skersmuo:<\/td>\n<td>140 mm\uff5e350 mm<\/td>\n<\/tr>\n<tr>\n<td>Strypo skersmuo:<\/td>\n<td>90 mm ~ 230 mm<br \/>\nEiga \u22645550 mm<\/td>\n<\/tr>\n<tr>\n<td>Sl\u0117gis:<\/td>\n<td>iki 32 MPa<\/td>\n<\/tr>\n<tr>\n<td>Stiebo cilindro pritaikymas:<\/td>\n<td>Rotacinis gr\u0119\u017eimas<\/td>\n<\/tr>\n<\/tbody>\n<\/table>\n<h2><strong>Rotacinio gr\u0119\u017eimo stiebo cilindro identifikavimo schema:<\/strong><\/h2>\n<p><img loading=\"lazy\" decoding=\"async\" class=\"alignnone wp-image-1586 size-full\" src=\"https:\/\/hydraulic-cylinders.net\/wp-content\/uploads\/2023\/10\/mast-cylinder-2.webp\" alt=\"\" width=\"1418\" height=\"946\" srcset=\"https:\/\/hydraulic-cylinders.net\/wp-content\/uploads\/2023\/10\/mast-cylinder-2.webp 1418w, https:\/\/hydraulic-cylinders.net\/wp-content\/uploads\/2023\/10\/mast-cylinder-2-1280x854.webp 1280w, https:\/\/hydraulic-cylinders.net\/wp-content\/uploads\/2023\/10\/mast-cylinder-2-980x654.webp 980w, https:\/\/hydraulic-cylinders.net\/wp-content\/uploads\/2023\/10\/mast-cylinder-2-480x320.webp 480w\" sizes=\"(min-width: 0px) and (max-width: 480px) 480px, (min-width: 481px) and (max-width: 980px) 980px, (min-width: 981px) and (max-width: 1280px) 1280px, (min-width: 1281px) 1418px, 100vw\" \/><\/p>\n<h2><strong>Rotacinio gr\u0119\u017eimo stiebo cilindro naudojimo b\u016bdas<\/strong><strong>:<\/strong><\/h2>\n<ol>\n<li><strong>Susipa\u017einkite su valdikliais ir saugos gair\u0117mis:<\/strong><\/li>\n<\/ol>\n<ul>\n<li>Prie\u0161 prad\u0117dami naudoti rotacin\u0119 gr\u0119\u017eimo \u012frang\u0105, operatoriai tur\u0117t\u0173 atid\u017eiai susipa\u017einti su \u012frangos gamintojo pateiktomis valdymo priemon\u0117mis ir saugos gair\u0117mis.<\/li>\n<li>Laikykit\u0117s vis\u0173 saugos proced\u016br\u0173 ir atsargumo priemoni\u0173, kad u\u017etikrintum\u0117te saugias ir efektyvias gr\u0119\u017eimo operacijas.<\/li>\n<\/ul>\n<ol start=\"2\">\n<li><strong>Auk\u0161\u010dio reguliavimas:<\/strong><\/li>\n<\/ol>\n<ul>\n<li>Nor\u0117dami suaktyvinti sukam\u0105j\u012f gr\u0119\u017eimo cilindr\u0105, naudokite valdymo mechanizm\u0105, pvz., vairasvirt\u0119 arba valdymo skydel\u012f.<\/li>\n<li>Taikykite atitinkam\u0105 valdymo \u012fvest\u012f, kad pakeltum\u0117te arba nuleistum\u0117te gr\u0119\u017eimo stieb\u0105 iki norimo auk\u0161\u010dio.<\/li>\n<li>Cilindras pavers hidraulin\u0119 gali\u0105 \u012f reikiam\u0105 j\u0117g\u0105, kad b\u016bt\u0173 galima tiksliai nustatyti gr\u0119\u017eimo stiebo pad\u0117t\u012f.<\/li>\n<\/ul>\n<ol start=\"3\">\n<li><strong>Pad\u0117ties nustatymas ir stabilumas:<\/strong><\/li>\n<\/ol>\n<ul>\n<li>Sukamojo gr\u0119\u017eimo cilindro eigos ilg\u012f reguliuokite pagal konkre\u010dius gr\u0119\u017eimo reikalavimus ir grunto s\u0105lygas.<\/li>\n<li>Gr\u0119\u017eimo metu u\u017etikrinkite, kad gr\u0119\u017eimo stiebas b\u016bt\u0173 stabilus, kad b\u016bt\u0173 u\u017etikrintas tikslumas ir saugumas.<\/li>\n<li>Reguliariai steb\u0117kite stiebo pad\u0117t\u012f ir, jei reikia, reguliuokite, kad i\u0161laikytum\u0117te norim\u0105 gr\u0119\u017eimo auk\u0161t\u012f.<\/li>\n<\/ul>\n<h2><strong>Kaip pa\u0161alinti vanden\u012f i\u0161 traktoriaus hidraulin\u0117s sistemos?<\/strong><\/h2>\n<p>Vandens pa\u0161alinimas i\u0161 traktoriaus hidraulin\u0117s sistemos yra labai svarbus norint i\u0161laikyti sistemos veikim\u0105 ir i\u0161vengti galimos \u017ealos. \u0160tai nuoseklus vadovas, kaip pa\u0161alinti vanden\u012f i\u0161 traktoriaus hidraulin\u0117s sistemos:<\/p>\n<ol>\n<li><strong>Vandens u\u017eter\u0161tumo nustatymas:<\/strong>\n<ul>\n<li>Hidraulin\u0117je sistemoje ie\u0161kokite vandens u\u017eter\u0161imo po\u017eymi\u0173, pavyzd\u017eiui, pieni\u0161ko arba drumsto hidraulinio skys\u010dio.<\/li>\n<li>Vanduo \u012f sistem\u0105 gali patekti d\u0117l kondensato, netinkamo sandarinimo arba d\u0117l i\u0161orini\u0173 \u0161altini\u0173.<\/li>\n<\/ul>\n<\/li>\n<li><strong>Hidraulinio skys\u010dio i\u0161leidimas:<\/strong>\n<ul>\n<li>Saugiai pastatykite traktori\u0173 ant lygaus pavir\u0161iaus ir \u012fjunkite visas saugos priemones.<\/li>\n<li>Suraskite hidraulinio rezervuaro i\u0161leidimo kam\u0161t\u012f arba vo\u017etuv\u0105 ir pastatykite tinkam\u0105 ind\u0105 skys\u010diui surinkti.<\/li>\n<\/ul>\n<\/li>\n<li><strong>Atidarykite i\u0161leidimo kam\u0161t\u012f arba vo\u017etuv\u0105:<\/strong>\n<ul>\n<li>Naudodami tinkamus \u012frankius, atsargiai atidarykite i\u0161leidimo kam\u0161t\u012f arba vo\u017etuv\u0105, kad i\u0161tek\u0117t\u0173 hidraulinis skystis.<\/li>\n<li>\u012esitikinkite, kad talpykla tinkamai pastatyta, kad surinkt\u0173 skyst\u012f.<\/li>\n<\/ul>\n<\/li>\n<li><strong>Sistemos praplovimas:<\/strong>\n<ul>\n<li>Kai did\u017eioji dalis hidraulinio skys\u010dio i\u0161tek\u0117s, sistem\u0105 pripildykite naujo hidraulinio skys\u010dio.<\/li>\n<li>Trumpam paleiskite traktoriaus hidraulin\u0119 sistem\u0105 be apkrovos ar prikabint\u0173 \u012frengini\u0173, kad cirkuliuot\u0173 \u0161vie\u017eias skystis.<\/li>\n<\/ul>\n<\/li>\n<li><strong>Pakartokite skys\u010dio i\u0161leidimo proces\u0105:<\/strong>\n<ul>\n<li>Paleidus sistem\u0105, pakartokite skys\u010dio i\u0161leidimo proces\u0105.<\/li>\n<li>\u0160is \u017eingsnis padeda pa\u0161alinti likus\u012f vanden\u012f ir ter\u0161alus, kurie gal\u0117jo b\u016bti i\u0161mai\u0161yti cirkuliacijos metu.<\/li>\n<\/ul>\n<\/li>\n<li><strong>Patikrinkite skyst\u012f:<\/strong>\n<ul>\n<li>Steb\u0117kite i\u0161leid\u017eiam\u0105 hidraulin\u012f skyst\u012f, ar n\u0117ra koki\u0173 nors vandens u\u017eter\u0161imo po\u017eymi\u0173.<\/li>\n<li>Jei vandens vis dar yra, pakartokite papildymo, sistemos paleidimo ir i\u0161leidimo proces\u0105, kol skystis pasirodys \u0161varus ir be vandens.<\/li>\n<\/ul>\n<\/li>\n<li><strong>Pakeisti filtrus:<\/strong>\n<ul>\n<li>Vandens u\u017eter\u0161tumas taip pat gali paveikti hidraulinius filtrus. Tod\u0117l svarbu pakeisti filtrus pa\u0161alinus vanden\u012f i\u0161 sistemos.<\/li>\n<li>Patikrinkite gamintojo rekomendacijas d\u0117l rekomenduojam\u0173 filtr\u0173 keitimo interval\u0173 ir laikykit\u0117s j\u0173 nurodym\u0173.<\/li>\n<\/ul>\n<\/li>\n<li><strong>Papildymas \u0161variu hidrauliniu skys\u010diu:<\/strong>\n<ul>\n<li>Kai vanduo bus veiksmingai pa\u0161alintas i\u0161 sistemos, pripildykite hidraulin\u012f rezervuar\u0105 \u0161vie\u017eiu, \u0161variu hidrauliniu skys\u010diu.<\/li>\n<li>Naudokite traktoriaus gamintojo rekomenduojam\u0105 alyvos tip\u0105 ir r\u016b\u0161\u012f.<\/li>\n<\/ul>\n<\/li>\n<li><strong>Sistemos testavimas:<\/strong>\n<ul>\n<li>Papild\u0119 hidraulin\u012f skyst\u012f, u\u017eveskite traktori\u0173 ir \u012fjunkite hidraulin\u0119 sistem\u0105, kad \u012fsitikintum\u0117te, jog ji tinkamai veikia.<\/li>\n<li>Patikrinkite, ar n\u0117ra ne\u012fprast\u0173 gars\u0173, skys\u010di\u0173 nuot\u0117ki\u0173 ar kit\u0173 problem\u0173, \u012f kurias reik\u0117t\u0173 atkreipti d\u0117mes\u012f.<\/li>\n<\/ul>\n<\/li>\n<\/ol>\n<h2><strong>Gamyklos paj\u0117gumai ir talpa:<\/strong><\/h2>\n<h3>(1) Surinkimas<\/h3>\n<p>Turime pirmos klas\u0117s nepriklausom\u0105 tyrim\u0173 ir pl\u0117tros surinkimo platform\u0105. Hidraulini\u0173 cilindr\u0173 gamybos ceche yra keturios pusiau automatin\u0117s k\u0117limo cilindr\u0173 surinkimo linijos ir viena automatin\u0117 pakreipimo cilindr\u0173 surinkimo linija, kuri\u0173 projektinis metinis gamybos paj\u0117gumas yra 1 milijonas vienet\u0173. Speciali\u0173j\u0173 cilindr\u0173 ceche \u012frengta \u012fvairi\u0173 specifikacij\u0173 pusiau automatin\u0117 valymo surinkimo sistema, kurios projektinis metinis gamybos paj\u0117gumas yra 200 000 vienet\u0173, ir garsi CNC apdirbimo \u012franga, apdirbimo centras, didelio tikslumo cilindr\u0173 apdirbimo speciali \u012franga, robotinis suvirinimo aparatas, automatinis valymo aparatas, automatinis cilindr\u0173 surinkimo aparatas ir automatin\u0117 da\u017eymo gamybos linija. Esama daugiau nei 300 rinkini\u0173 (komplekt\u0173) kritin\u0117 \u012franga. Optimalus \u012frangos i\u0161tekli\u0173 paskirstymas ir efektyvus naudojimas u\u017etikrina gamini\u0173 tikslumo reikalavimus ir auk\u0161tus gamini\u0173 kokyb\u0117s poreikius.<\/p>\n<p><img loading=\"lazy\" decoding=\"async\" class=\"alignnone wp-image-626\" src=\"https:\/\/hydraulic-cylinders.net\/wp-content\/uploads\/2023\/08\/hydraulic-cylinder-product-1-300x158.webp\" alt=\"\" width=\"495\" height=\"260\" srcset=\"https:\/\/hydraulic-cylinders.net\/wp-content\/uploads\/2023\/08\/hydraulic-cylinder-product-1-300x158.webp 495w, https:\/\/hydraulic-cylinders.net\/wp-content\/uploads\/2023\/08\/hydraulic-cylinder-product-1-480x252.webp 480w\" sizes=\"(min-width: 0px) and (max-width: 480px) 480px, (min-width: 481px) 495px, 100vw\" \/> <img loading=\"lazy\" decoding=\"async\" class=\"alignnone wp-image-627\" src=\"https:\/\/hydraulic-cylinders.net\/wp-content\/uploads\/2023\/08\/hydraulic-cylinder-product-2-300x189.webp\" alt=\"\" width=\"413\" height=\"260\" \/><\/p>\n<h3>(2) Apdirbimas<\/h3>\n<p>Mechaninio apdirbimo ceche \u012frengtas pritaikytas nuo\u017eulnaus b\u0117gio tekinimo centras, apdirbimo centras, greitaeigis galandimo stakl\u0117s, suvirinimo robotas ir kita susijusi \u012franga, galinti apdirbti cilindrinius vamzd\u017eius, kuri\u0173 maksimalus vidinis skersmuo yra 400 mm, o maksimalus ilgis \u2013 6 metrai.<\/p>\n<p><img loading=\"lazy\" decoding=\"async\" class=\"alignnone wp-image-628 size-large\" src=\"https:\/\/hydraulic-cylinders.net\/wp-content\/uploads\/2023\/08\/hydraulic-cylinder-product-3-1024x391.webp\" alt=\"\" width=\"1024\" height=\"391\" srcset=\"https:\/\/hydraulic-cylinders.net\/wp-content\/uploads\/2023\/08\/hydraulic-cylinder-product-3-980x374.webp 980w, https:\/\/hydraulic-cylinders.net\/wp-content\/uploads\/2023\/08\/hydraulic-cylinder-product-3-480x183.webp 480w\" sizes=\"(min-width: 0px) and (max-width: 480px) 480px, (min-width: 481px) and (max-width: 980px) 980px, (min-width: 981px) 1024px, 100vw\" \/><\/p>\n<h3>(3) Suvirinimas<\/h3>\n<p><img loading=\"lazy\" decoding=\"async\" class=\"alignnone wp-image-629 size-large\" src=\"https:\/\/hydraulic-cylinders.net\/wp-content\/uploads\/2023\/08\/hydraulic-cylinder-product-4-1024x510.webp\" alt=\"\" width=\"1024\" height=\"510\" srcset=\"https:\/\/hydraulic-cylinders.net\/wp-content\/uploads\/2023\/08\/hydraulic-cylinder-product-4-980x488.webp 980w, https:\/\/hydraulic-cylinders.net\/wp-content\/uploads\/2023\/08\/hydraulic-cylinder-product-4-480x239.webp 480w\" sizes=\"(min-width: 0px) and (max-width: 480px) 480px, (min-width: 481px) and (max-width: 980px) 980px, (min-width: 981px) 1024px, 100vw\" \/><\/p>\n<h3>(4) Da\u017eymas ir dengimas<\/h3>\n<p>Su ma\u017eomis ir vidutinio dyd\u017eio cilindrin\u0117mis automatin\u0117mis vandens pagrindo da\u017e\u0173 dengimo linijomis, siekiant automatinio robot\u0173 pakrovimo ir i\u0161krovimo bei automatinio pur\u0161kimo, projektinis paj\u0117gumas yra 4000 vienet\u0173 per pamain\u0105;<br \/>\nTaip pat turime pusiau automatin\u0119 dideli\u0173 cilindr\u0173 da\u017e\u0173 gamybos linij\u0105, varom\u0105 grandin\u0117s, kurios projektinis na\u0161umas yra 60 d\u0117\u017ei\u0173 per pamain\u0105.<\/p>\n<p><img loading=\"lazy\" decoding=\"async\" class=\"alignnone wp-image-630\" src=\"https:\/\/hydraulic-cylinders.net\/wp-content\/uploads\/2023\/08\/hydraulic-cylinder-product-5-300x213.webp\" alt=\"\" width=\"366\" height=\"260\" \/> <img loading=\"lazy\" decoding=\"async\" class=\"alignnone wp-image-631\" src=\"https:\/\/hydraulic-cylinders.net\/wp-content\/uploads\/2023\/08\/hydraulic-cylinder-product-6-300x225.webp\" alt=\"\" width=\"347\" height=\"260\" \/><\/p>\n<h3>(5) Testavimas<\/h3>\n<p>Turime auk\u0161\u010diausios klas\u0117s patikros patalpas ir bandym\u0173 stendus, kad u\u017etikrintume, jog baliono veikimas atitinka reikalavimus.<\/p>\n<p><img loading=\"lazy\" decoding=\"async\" class=\"alignnone wp-image-632\" src=\"https:\/\/hydraulic-cylinders.net\/wp-content\/uploads\/2023\/08\/hydraulic-cylinder-product-8-300x200.webp\" alt=\"\" width=\"389\" height=\"260\" \/><\/p>\n<p>&nbsp;<\/p>\n<p>&nbsp;<\/p>\n<p>Esame vienas geriausi\u0173 hidraulini\u0173 cilindr\u0173 gamintoj\u0173. Galime pasi\u016blyti i\u0161samius hidraulinius cilindrus. Taip pat teikiame atitinkamus <a href=\"https:\/\/hzpt.com\/agricultural-pto-gearbox\/\" target=\"_blank\" rel=\"noopener\">\u017eem\u0117s \u016bkio pavar\u0173 d\u0117\u017e\u0117s<\/a>Mes eksportuojame savo gaminius klientams visame pasaulyje ir peln\u0117me ger\u0105 reputacij\u0105 d\u0117l auk\u0161\u010diausios gamini\u0173 kokyb\u0117s ir aptarnavimo po pardavimo. Mes laukiame klient\u0173 \u0161alyje ir u\u017esienyje, norin\u010di\u0173 susisiekti su mumis der\u0117tis d\u0117l verslo, keistis informacija ir... <a href=\"https:\/\/www.hydraulic-cylinders.net\/lt\/contact-us\/\">bendradarbiauti su mumis<\/a>!<\/p>","protected":false},"excerpt":{"rendered":"<p>Rotary Drilling Mast Cylinder The rotary drilling mast cylinder is a critical component in rotary drilling equipment designed to optimize the performance and precision of drilling operations. This hydraulic cylinder plays a crucial role in controlling the vertical movement of the drilling mast, ensuring accurate positioning and efficient drilling. The rotary drilling mast cylinder is [&hellip;]<\/p>","protected":false},"featured_media":1585,"comment_status":"open","ping_status":"closed","template":"","meta":{"_et_pb_use_builder":"","_et_pb_old_content":"","_et_gb_content_width":""},"product_brand":[],"product_cat":[1550,1518,1376],"product_tag":[1380],"class_list":{"0":"post-1583","1":"product","2":"type-product","3":"status-publish","4":"has-post-thumbnail","6":"product_cat-double-acting-hydraulic-cylinder","7":"product_cat-rotary-drilling-rig-hydraulic-cylinders","8":"product_cat-hydraulic-cylinder","9":"product_tag-hydraulic-cylinder","11":"first","12":"instock","13":"shipping-taxable","14":"product-type-simple"},"amp_enabled":true,"_links":{"self":[{"href":"https:\/\/www.hydraulic-cylinders.net\/lt\/wp-json\/wp\/v2\/product\/1583","targetHints":{"allow":["GET"]}}],"collection":[{"href":"https:\/\/www.hydraulic-cylinders.net\/lt\/wp-json\/wp\/v2\/product"}],"about":[{"href":"https:\/\/www.hydraulic-cylinders.net\/lt\/wp-json\/wp\/v2\/types\/product"}],"replies":[{"embeddable":true,"href":"https:\/\/www.hydraulic-cylinders.net\/lt\/wp-json\/wp\/v2\/comments?post=1583"}],"wp:featuredmedia":[{"embeddable":true,"href":"https:\/\/www.hydraulic-cylinders.net\/lt\/wp-json\/wp\/v2\/media\/1585"}],"wp:attachment":[{"href":"https:\/\/www.hydraulic-cylinders.net\/lt\/wp-json\/wp\/v2\/media?parent=1583"}],"wp:term":[{"taxonomy":"product_brand","embeddable":true,"href":"https:\/\/www.hydraulic-cylinders.net\/lt\/wp-json\/wp\/v2\/product_brand?post=1583"},{"taxonomy":"product_cat","embeddable":true,"href":"https:\/\/www.hydraulic-cylinders.net\/lt\/wp-json\/wp\/v2\/product_cat?post=1583"},{"taxonomy":"product_tag","embeddable":true,"href":"https:\/\/www.hydraulic-cylinders.net\/lt\/wp-json\/wp\/v2\/product_tag?post=1583"}],"curies":[{"name":"wp","href":"https:\/\/api.w.org\/{rel}","templated":true}]}}