{"id":15834,"date":"2025-01-19T15:02:59","date_gmt":"2025-01-19T15:02:59","guid":{"rendered":"https:\/\/www.hydraulic-cylinders.net\/product\/bucket-cylinder-for-yanmar-vi35-6b\/"},"modified":"2025-01-19T15:03:01","modified_gmt":"2025-01-19T15:03:01","slug":"bucket-cylinder-for-yanmar-vi35-6b","status":"publish","type":"product","link":"https:\/\/www.hydraulic-cylinders.net\/lt\/produktas\/bucket-cylinder-for-yanmar-vi35-6b\/","title":{"rendered":"Kau\u0161o cilindras Yanmar VI35-6B"},"content":{"rendered":"<h1>Kau\u0161o cilindras Yanmar VI35-6B<\/h1>\n<h2>\u012evadas<\/h2>\n<p>The bucket cylinder for Yanmar VI35-6B is a specialized hydraulic cylinder primarily used to control the movement of the bucket in heavy machinery such as excavators, backhoe excavators, and front-end loaders. Its main function is to enable the bucket to lift, lower, and tilt, making it easier to handle various material handling tasks. In the hydraulic system, the bucket cylinder achieves precise control of the bucket&#8217;s movement by changes in hydraulic oil pressure, enabling operators to efficiently handle heavy objects, adapting to complex work environments and diverse operational needs.<\/p>\n<p><img decoding=\"async\" src=\"https:\/\/www.hydraulic-cylinders.net\/wp-content\/uploads\/2025\/01\/songte-company-2.webp\" alt=\"Kau\u0161o cilindras\"><\/p>\n<h2>Savyb\u0117s<\/h2>\n<ul>\n<li>\n<h3>Didelis stiprumas ir ilgaam\u017ei\u0161kumas<\/h3>\n<p>Paprastai pagamintas i\u0161 didelio stiprumo plieno arba aliuminio, jis gali atlaikyti auk\u0161t\u0105 sl\u0117g\u012f ir dideles apkrovas, prisitaikyti prie at\u0161iauri\u0173 darbo s\u0105lyg\u0173 ir yra sukurtas atsi\u017evelgiant \u012f atsparum\u0105 dilimui ir korozijai, prailginant tarnavimo laik\u0105.<\/p>\n<\/li>\n<li>\n<h3>Efektyvus hidraulinis valdymas<\/h3>\n<p>Naudodamas hidraulin\u0117s alyvos sl\u0117g\u012f skland\u017eiam i\u0161pl\u0117timui ir susitraukimui, jis gali greitai reaguoti \u012f operacines komandas, u\u017etikrindamas galingas st\u016bmimo ir traukimo j\u0117gas, tinkamas sunkiems objektams tvarkyti ir sud\u0117tingoms operacin\u0117ms u\u017eduotims atlikti.<\/p>\n<\/li>\n<li>\n<h3>\u012evair\u016bs tipai<\/h3>\n<p>Pagal eksploatacinius poreikius galima pasirinkti vienpusio veikimo (hidraulinis mechanizmas naudojamas tik viena kryptimi) arba dvipusio veikimo (hidraulinis mechanizmas naudojamas dviem kryptimis) cilindrus. Kai kurie modeliai yra teleskopiniai, tod\u0117l juos galima labiau i\u0161tiesti nedidinant i\u0161orini\u0173 matmen\u0173, tod\u0117l jie tinka naudoti ribotoje erdv\u0117je.<\/p>\n<\/li>\n<li>\n<h3>Puikus pakeitimas<\/h3>\n<p>M\u016bs\u0173 produktas puikiai pakei\u010dia \u0161iuos hidraulinius cilindrus ir mes galime juos pagaminti efektyviai.<\/p>\n<\/li>\n<li>\n<h3>Parai\u0161ka<\/h3>\n<p>Kau\u0161o cilindras pla\u010diai naudojamas \u012fvairiose ma\u0161inose, tokiose kaip statybin\u0117 \u012franga, \u017eem\u0117s \u016bkio technika, ekskavatoriai ir krautuvai. <\/p>\n<\/li>\n<\/ul>\n<h2>Parai\u0161kos<\/h2>\n<h3>Statybin\u0117 \u012franga<\/h3>\n<p>Ekskavatoriuose kau\u0161o cilindras yra b\u016btinas kasant, kraunant ir perkeliant grunt\u0105 ar \u0161iuk\u0161les. Ekskavatoriuose kau\u0161o cilindras padeda atliekant \u017eem\u0117s kasimo ir k\u0117limo darbus. Priekiniuose krautuvuose jis padeda efektyviai kelti ir pakreipti prekes.<\/p>\n<h3>\u017dem\u0117s \u016bkio technika<\/h3>\n<p>Kau\u0161o cilindras naudojamas frontaliniams krautuvams, kau\u0161o cilindras naudojamas dirvo\u017eemiui, \u0161ienui ir kitoms med\u017eiagoms semti, kelti ir transportuoti.<\/p>\n<h3>Ekskavatoriai<\/h3>\n<p>Kau\u0161o cilindras leid\u017eia kau\u0161ui \u012fsiskverbti \u012f dirv\u0105 ir atlikti kasimo darbus.<\/p>\n<h3>Krautuvai<\/h3>\n<p>Priekiniuose krautuvuose kau\u0161o cilindras padeda efektyviai pakelti ir pakreipti prekes.<\/p>\n<h2>Projektavimo aspektai ir atrankos kriterijai<\/h2>\n<ul>\n<li>\n<h3>Guoli\u0173 talpa<\/h3>\n<p>Kau\u0161o cilindras turi atlaikyti auk\u0161t\u0105 sl\u0117g\u012f ir dideles apkrovas, u\u017etikrindamas skland\u0173 ir saug\u0173 veikim\u0105.<\/p>\n<\/li>\n<li>\n<h3>Sandarinimo savyb\u0117s<\/h3>\n<p>Kau\u0161o cilindras turi pasi\u017eym\u0117ti puikiomis sandarinimo savyb\u0117mis, kad b\u016bt\u0173 i\u0161vengta alyvos nutek\u0117jimo ir u\u017etikrintas tinkamas jo veikimas.<\/p>\n<\/li>\n<li>\n<h3>Patvarumas<\/h3>\n<p>Kau\u0161o cilindras turi b\u016bti patvarus, atsparus dilimui ir korozijai, u\u017etikrinant ilg\u0105 jo tarnavimo laik\u0105.<\/p>\n<\/li>\n<li>\n<h3>Saugos funkcijos<\/h3>\n<p>Kau\u0161o cilindras turi b\u016bti apr\u016bpintas saugos funkcijomis, u\u017etikrinan\u010diomis operatoriaus ir \u012frangos saugum\u0105.<\/p>\n<\/li>\n<li>\n<h3>Prie\u017ei\u016bra<\/h3>\n<p>Kau\u0161o cilindras tur\u0117t\u0173 b\u016bti lengvai pri\u017ei\u016brimas, lengvai i\u0161ardomas ir surenkamas, o remonto dalys turi b\u016bti lengvai prieinamos.<\/p>\n<\/li>\n<\/ul>\n<p><img decoding=\"async\" src=\"https:\/\/www.hydraulic-cylinders.net\/wp-content\/uploads\/2025\/01\/songte-oil-pipes-and-spare-parts.webp\" alt=\"Kau\u0161o cilindro atsargin\u0117s dalys\"><\/p>\n<h2>Sandarinimas ir tepimas<\/h2>\n<p>Kau\u0161o cilindre naudojami \u012fvair\u016bs sandarinimo komponentai, tokie kaip st\u016bmoklio ir strypo sandarikliai, pagaminti i\u0161 atspari\u0173 dilimui med\u017eiag\u0173, toki\u0173 kaip poliuretanas ir nitrilo kau\u010diukas. Cilindro korpusas ir srieginiai galiniai pavir\u0161iai yra kruop\u0161\u010diai apdirbti, siekiant pagerinti atsparum\u0105 dilimui. Taip pat reikalingas reguliarus tepimas, kad cilindras tinkamai veikt\u0173.<\/p>\n<h2>Prie\u017ei\u016bra ir remontas<\/h2>\n<p>Kau\u0161o cilindrui reikalinga reguliari ap\u017ei\u016bra ir profilaktin\u0117 prie\u017ei\u016bra, kuri apima:<\/p>\n<ul>\n<li>Reguliariai tikrinkite, ar cilindro korpusas arba st\u016bmoklio kotas n\u0117ra nutek\u0117j\u0119 ar pa\u017eeisti<\/li>\n<li>Tinkamas vis\u0173 judan\u010di\u0173 dali\u0173 tepimas<\/li>\n<li>Susid\u0117v\u0117jusi\u0173 arba pa\u017eeist\u0173 sandarikli\u0173 keitimas<\/li>\n<li>Kalibravimo patikrinimai, siekiant u\u017etikrinti tinkam\u0105 veikim\u0105<\/li>\n<\/ul>\n<p><img decoding=\"async\" src=\"https:\/\/www.hydraulic-cylinders.net\/wp-content\/uploads\/2025\/01\/songte-chushion-collar.webp\" alt=\"Kau\u0161o cilindro dalys\"><\/p>\n<h2>Saugos aspektai ir aplinkos veiksniai<\/h2>\n<p>Naudojant kau\u0161o cilindr\u0105, b\u016btina laikytis vis\u0173 saugos priemoni\u0173, kad b\u016bt\u0173 u\u017etikrintas operatoriaus ir \u012frangos saugumas. Taip pat b\u016btina tinkamai utilizuoti hidraulin\u0119 alyv\u0105, kad b\u016bt\u0173 i\u0161vengta aplinkos tar\u0161os.<\/p>\n<h2>Da\u017enos problemos ir trik\u010di\u0173 \u0161alinimas<\/h2>\n<p>Da\u017eniausios kau\u0161o cilindro problemos yra alyvos nuot\u0117kis, nepakankama j\u0117ga ir ne\u012fprasti garsai. Trik\u010di\u0173 \u0161alinimas apima problemos \u0161altinio nustatym\u0105 ir tinkam\u0173 remonto ar keitimo proced\u016br\u0173 nustatym\u0105.<\/p>\n<h2>Apie m\u016bs\u0173 \u012fmon\u0119<\/h2>\n<p>We are a manufacturer of replacement hydraulic cylinders with a complete range of products and have become one of the leading manufacturers and wholesalers of hydraulic cylinders in domestic and international markets. We adhere to the principle of excellent quality and rely on the industrialized production management strategy of fine manufacturing workshops. We continuously improve the manufacturing platform of the workshop, perfect the product quality production route, and have strong creative ability to meet customers&#8217; diverse needs with high efficiency, high precision, and high-quality principles.<\/p>\n<h3>M\u016bs\u0173 stipryb\u0117s<\/h3>\n<ul>\n<li>\n<h4>Profesionalumas<\/h4>\n<p>Turime specialist\u0173 komand\u0105, turin\u010di\u0105 didel\u0119 patirt\u012f hidraulini\u0173 cilindr\u0173 gamyboje ir pardavime.<\/p>\n<\/li>\n<li>\n<h4>Tarptautinis sertifikavimas<\/h4>\n<p>M\u016bs\u0173 gaminiai yra sertifikuoti tarptautiniu mastu, tokiais kaip ISO9001, CE ir ROHS.<\/p>\n<\/li>\n<li>\n<h4>Pritaikymo paslaugos<\/h4>\n<p>Teikiame individualiai pritaikytas paslaugas, kad patenkintume konkre\u010dius klient\u0173 poreikius.<\/p>\n<\/li>\n<li>\n<h4>Gamybos \u012franga<\/h4>\n<p>Mes naudojame pa\u017eangi\u0105 gamybos \u012frang\u0105, kad u\u017etikrintume auk\u0161t\u0105 m\u016bs\u0173 gamini\u0173 kokyb\u0119.<\/p>\n<\/li>\n<li>\n<h4>Aptarnavimas po pardavimo<\/h4>\n<p>Teikiame i\u0161samias garantinio aptarnavimo paslaugas, \u012fskaitant gamini\u0173 prie\u017ei\u016br\u0105, remont\u0105 ir keitim\u0105.<\/p>\n<\/li>\n<\/ul>\n<p><img decoding=\"async\" src=\"https:\/\/hzpt.com\/wp-content\/uploads\/2024\/11\/songte-company-1.webp\" alt=\"\u012emon\u0117\"><\/p>\n<p>Autorius: lyl<\/p>","protected":false},"excerpt":{"rendered":"<p>Bucket Cylinder For Yanmar VI35-6B Introduction The bucket cylinder for Yanmar VI35-6B is a specialized hydraulic cylinder primarily used to control the movement of the bucket in heavy machinery such as excavators, backhoe excavators, and front-end loaders. Its main function is to enable the bucket to lift, lower, and tilt, making it easier to handle [&hellip;]<\/p>","protected":false},"featured_media":14765,"comment_status":"open","ping_status":"closed","template":"","meta":{"_et_pb_use_builder":"","_et_pb_old_content":"","_et_gb_content_width":""},"product_brand":[],"product_cat":[1494],"product_tag":[1495,1496],"class_list":{"0":"post-15834","1":"product","2":"type-product","3":"status-publish","4":"has-post-thumbnail","6":"product_cat-bucket-cylinders","7":"product_tag-bucket-cylinders","8":"product_tag-hydraulic-cylinders","10":"first","11":"instock","12":"shipping-taxable","13":"product-type-simple"},"amp_enabled":true,"_links":{"self":[{"href":"https:\/\/www.hydraulic-cylinders.net\/lt\/wp-json\/wp\/v2\/product\/15834","targetHints":{"allow":["GET"]}}],"collection":[{"href":"https:\/\/www.hydraulic-cylinders.net\/lt\/wp-json\/wp\/v2\/product"}],"about":[{"href":"https:\/\/www.hydraulic-cylinders.net\/lt\/wp-json\/wp\/v2\/types\/product"}],"replies":[{"embeddable":true,"href":"https:\/\/www.hydraulic-cylinders.net\/lt\/wp-json\/wp\/v2\/comments?post=15834"}],"wp:featuredmedia":[{"embeddable":true,"href":"https:\/\/www.hydraulic-cylinders.net\/lt\/wp-json\/wp\/v2\/media\/14765"}],"wp:attachment":[{"href":"https:\/\/www.hydraulic-cylinders.net\/lt\/wp-json\/wp\/v2\/media?parent=15834"}],"wp:term":[{"taxonomy":"product_brand","embeddable":true,"href":"https:\/\/www.hydraulic-cylinders.net\/lt\/wp-json\/wp\/v2\/product_brand?post=15834"},{"taxonomy":"product_cat","embeddable":true,"href":"https:\/\/www.hydraulic-cylinders.net\/lt\/wp-json\/wp\/v2\/product_cat?post=15834"},{"taxonomy":"product_tag","embeddable":true,"href":"https:\/\/www.hydraulic-cylinders.net\/lt\/wp-json\/wp\/v2\/product_tag?post=15834"}],"curies":[{"name":"wp","href":"https:\/\/api.w.org\/{rel}","templated":true}]}}