{"id":15835,"date":"2025-01-19T15:03:04","date_gmt":"2025-01-19T15:03:04","guid":{"rendered":"https:\/\/www.hydraulic-cylinders.net\/product\/bucket-cylinder-for-yanmar-vi55-5b\/"},"modified":"2025-01-19T15:03:06","modified_gmt":"2025-01-19T15:03:06","slug":"bucket-cylinder-for-yanmar-vi55-5b","status":"publish","type":"product","link":"https:\/\/www.hydraulic-cylinders.net\/lt\/produktas\/bucket-cylinder-for-yanmar-vi55-5b\/","title":{"rendered":"Kau\u0161o cilindras Yanmar VI55-5B"},"content":{"rendered":"<p><!-- Bucket Cylinder For Yanmar VI55-5B --><\/p>\n<h1>Kau\u0161o cilindras Yanmar VI55-5B<\/h1>\n<p><!-- Introduction --><\/p>\n<h2>\u012evadas<\/h2>\n<p>\u201eYanmar VI55-5B\u201c kau\u0161o cilindras yra specialiai sukurtas hidraulinis cilindras, naudojamas valdyti kau\u0161o jud\u0117jim\u0105 sunkiosiose ma\u0161inose, tokiose kaip ekskavatoriai, ekskavatoriniai krautuvai ir frontaliniai krautuvai. Pagrindin\u0117 jo funkcija \u2013 leisti kau\u0161ui pakilti, nuleisti ir pakreipti, kad b\u016bt\u0173 lengviau atlikti \u012fvairias med\u017eiag\u0173 tvarkymo u\u017eduotis. Hidraulin\u0117je sistemoje kau\u0161o cilindras tiksliai valdo kau\u0161o jud\u0117jim\u0105 keisdamas hidraulin\u0117s alyvos sl\u0117g\u012f, tod\u0117l operatoriai gali efektyviai valdyti sunkius krovinius ir prisitaikyti prie sud\u0117tingos darbo aplinkos bei \u012fvairi\u0173 darbo reikalavim\u0173.<\/p>\n<p><!-- Product Image --><br \/>\n<img decoding=\"async\" src=\"https:\/\/www.hydraulic-cylinders.net\/wp-content\/uploads\/2025\/01\/songte-company-2.webp\" alt=\"Kau\u0161o cilindras Yanmar VI55-5B paveiksl\u0117liui\"><\/p>\n<p><!-- Key Features --><\/p>\n<h2>Pagrindin\u0117s savyb\u0117s<\/h2>\n<ul>\n<li>Didelis stiprumas ir ilgaam\u017ei\u0161kumas: Paprastai pagaminti i\u0161 didelio stiprumo plieno arba aliuminio, galintys atlaikyti auk\u0161t\u0105 sl\u0117g\u012f ir dideles apkrovas, prisitaikantys prie at\u0161iauri\u0173 darbo s\u0105lyg\u0173 ir suprojektuoti atsi\u017evelgiant \u012f atsparum\u0105 dilimui ir korozijai, prailginantys tarnavimo laik\u0105.<\/li>\n<li>Efektyvus hidraulinis veikimas: Sklandus i\u0161pl\u0117timas ir susitraukimas pasiekiamas naudojant hidraulin\u0117s alyvos sl\u0117g\u012f, leid\u017eiant\u012f greitai reaguoti \u012f valdymo komandas ir u\u017etikrinti galing\u0105 st\u016bmimo bei traukimo j\u0117g\u0105, tinkam\u0105 sunkiems kroviniams ir sud\u0117tingoms u\u017eduotims atlikti.<\/li>\n<li>\u012evair\u016bs tipai: pagal poreikius galima pasirinkti vienpusio veikimo (hidraulinis naudojamas tik viena kryptimi) arba dvipusio veikimo (hidraulinis naudojamas abiem kryptimis) cilindrus, kad b\u016bt\u0173 patenkinti skirtingi eksploatavimo poreikiai. Kai kurie modeliai yra teleskopiniai, tod\u0117l juos galima labiau i\u0161tiesti nedidinant i\u0161orini\u0173 matmen\u0173, tod\u0117l jie tinka naudoti ribotoje erdv\u0117je.<\/li>\n<li>Puikus pakeitimas: m\u016bs\u0173 gaminys gali puikiai pakeisti \u0161iuos hidraulinius cilindrus. <\/li>\n<\/ul>\n<p><!-- Product Replacement Image --><br \/>\n<img decoding=\"async\" src=\"https:\/\/www.hydraulic-cylinders.net\/wp-content\/uploads\/2025\/01\/songte-cylinder-head-with-all-kinds-excavator-models.webp\" alt=\"Kau\u0161o cilindro pakeitimo paveiksl\u0117lis\"><\/p>\n<p><!-- Applications --><\/p>\n<h2>Parai\u0161kos<\/h2>\n<p>\u201eYanmar VI55-5B\u201c kau\u0161o cilindras pla\u010diai naudojamas \u012fvairiose sunkiosiose ma\u0161inose, tokiose kaip:<\/p>\n<ul>\n<li>Statybin\u0117 \u012franga: ekskavatoriuose jie yra b\u016btini kasant, kraunant ir perkeliant grunt\u0105 ar \u0161iuk\u0161les. Ekskavatoriuose krautuvuose kau\u0161o cilindras padeda ir kasti, ir kelti. <\/li>\n<li>\u017dem\u0117s \u016bkio technika: naudojama frontaliniams krautuvams, dirvo\u017eemio, \u0161ieno ir kit\u0173 med\u017eiag\u0173 rinkimui, k\u0117limui ir transportavimui. <\/li>\n<li>Ekskavatoriai: Kau\u0161o cilindras kasa, leisdamas kau\u0161ui \u012fsiskverbti \u012f dirv\u0105. <\/li>\n<li>Krautuvai: Priekiniuose krautuvuose jie padeda efektyviai pakelti ir pakreipti krovin\u012f.<\/li>\n<\/ul>\n<p><!-- Design Considerations and Selection Criteria --><\/p>\n<h2>Projektavimo aspektai ir atrankos kriterijai<\/h2>\n<p>Projektuojant ir renkantis cilindro formos vamzd\u012f, reikia atsi\u017evelgti \u012f kelis pagrindinius veiksnius, \u012fskaitant:<\/p>\n<ul>\n<li>Guoli\u0173 talpa: Cilindras turi atlaikyti maksimali\u0105 apkrov\u0105 nesugeddamas.<\/li>\n<li>Sandarinimas: Siekiant i\u0161vengti skys\u010dio nuot\u0117kio ir pailginti cilindro tarnavimo laik\u0105, naudojami \u012fvair\u016bs sandarinimo komponentai, tokie kaip st\u016bmoklio sandarinimo \u017eiedai ir strypo sandarinimo \u017eiedai. <\/li>\n<li>Patvarumas: Cilindras turi atlaikyti da\u017en\u0105 naudojim\u0105 ir at\u0161iaurias eksploatavimo s\u0105lygas be gedim\u0173.<\/li>\n<li>Sauga: Balionas turi b\u016bti suprojektuotas atsi\u017evelgiant \u012f saugum\u0105, u\u017etikrinant, kad jis gal\u0117t\u0173 veikti saugiai ir patikimai, nekeldamas pavojaus \u017emon\u0117ms ar \u012frangai.<\/li>\n<li>Prie\u017ei\u016bra: Cilindr\u0105 turi b\u016bti lengva pri\u017ei\u016br\u0117ti ir remontuoti, kad prastovos b\u016bt\u0173 kuo trumpesn\u0117s. <\/li>\n<\/ul>\n<p><!-- Product Parts Image --><br \/>\n<img decoding=\"async\" src=\"https:\/\/www.hydraulic-cylinders.net\/wp-content\/uploads\/2025\/01\/songte-oil-pipes-and-spare-parts.webp\" alt=\"Kau\u0161o cilindro dali\u0173 vaizdas\"><\/p>\n<p><!-- Seal and Lubrication --><\/p>\n<h2>Sandariklis ir tepimas<\/h2>\n<p>\u012evair\u016bs sandarinimo komponentai, tokie kaip st\u016bmoklio sandarinimo \u017eiedai ir strypo sandarinimo \u017eiedai, naudojami siekiant i\u0161vengti skys\u010dio nuot\u0117kio ir prailginti cilindro tarnavimo laik\u0105. Sandarinimo komponentai pagaminti i\u0161 atspari\u0173 dilimui med\u017eiag\u0173, toki\u0173 kaip poliuretanas ir nitrilo kau\u010diukas. Cilindro korpusas ir srieginis galinis pavir\u0161ius yra kruop\u0161\u010diai apdirbti, siekiant pagerinti atsparum\u0105 dilimui. Norint u\u017etikrinti skland\u0173 cilindro veikim\u0105 ir pailginti tarnavimo laik\u0105, b\u016btina reguliariai tepti tinkama hidrauline alyva.<\/p>\n<p><!-- Maintenance --><\/p>\n<h2>Prie\u017ei\u016bra<\/h2>\n<p>Reguliarus patikrinimas ir prevencin\u0117s prie\u017ei\u016bros priemon\u0117s yra b\u016btinos norint pri\u017ei\u016br\u0117ti kau\u0161o cilindr\u0105 ir i\u0161vengti galim\u0173 problem\u0173. \u012eprastos prie\u017ei\u016bros u\u017eduotys apima:<\/p>\n<ul>\n<li>Reguliarus patikrinimas: patikrinkite cilindro korpus\u0105, st\u016bmoklio kot\u0105 ir sandariklius, ar n\u0117ra susid\u0117v\u0117jimo ar pa\u017eeidim\u0173 po\u017eymi\u0173. <\/li>\n<li>Tinkamas tepimas: Reguliariai sutepkite cilindr\u0105 hidrauline alyva, kad u\u017etikrintum\u0117te skland\u0173 veikim\u0105. <\/li>\n<li>Tarpikli\u0173 keitimas: pakeiskite susid\u0117v\u0117jusius arba pa\u017eeistus tarpiklius, kad i\u0161vengtum\u0117te skys\u010dio nuot\u0117kio. <\/li>\n<li>Kalibravimo patikrinimas: periodi\u0161kai tikrinkite, ar cilindras tinkamai sukalibruotas. <\/li>\n<\/ul>\n<p><!-- Safety and Environment --><\/p>\n<h2>Sauga ir aplinka<\/h2>\n<p>Naudojant kau\u0161o cilindr\u0105, svarbu laikytis saugos priemoni\u0173, kad b\u016bt\u0173 i\u0161vengta nelaiming\u0173 atsitikim\u0173 ir u\u017etikrintas saugus eksploatavimas. Taip pat svarbu atsi\u017evelgti \u012f aplinkos veiksnius ir imtis priemoni\u0173, kad poveikis aplinkai b\u016bt\u0173 kuo ma\u017eesnis.<\/p>\n<p><!-- Troubleshooting --><\/p>\n<h2>Trik\u010di\u0173 \u0161alinimas ir da\u017eniausiai pasitaikan\u010dios problemos<\/h2>\n<p>Da\u017eniausios problemos, kurios gali kilti d\u0117l kau\u0161o cilindro, yra skys\u010dio nuot\u0117kis, cilindro poslinkis ir prastas veikimas. Trik\u010di\u0173 \u0161alinimo patarimai ir \u0161i\u0173 problem\u0173 sprendimai:<\/p>\n<ul>\n<li>Skys\u010dio nuot\u0117kis: patikrinkite sandariklius ir pakeiskite juos, jei jie susid\u0117v\u0117j\u0119 arba pa\u017eeisti. <\/li>\n<li>Cilindro poslinkis: patikrinkite kalibravim\u0105 ir, jei reikia, pakoreguokite. <\/li>\n<li>Prastas veikimas: patikrinkite, ar hidraulin\u0117je sistemoje n\u0117ra u\u017esikim\u0161im\u0173 ar nuot\u0117ki\u0173, ir prireikus juos sutvarkykite. <\/li>\n<\/ul>\n<p><!-- Product Bushings Image --><br \/>\n<img decoding=\"async\" src=\"https:\/\/www.hydraulic-cylinders.net\/wp-content\/uploads\/2025\/01\/songte-bushings-with-all-kinds-of-excavator-models.webp\" alt=\"Kau\u0161o cilindro \u012fvor\u0117s vaizdas\"><\/p>\n<p><!-- Company Introduction --><\/p>\n<h2>\u012emon\u0117s pristatymas<\/h2>\n<p>Esame pirmaujantis hidraulini\u0173 cilindr\u0173 gamintojas ir didmeninis platintojas vidaus ir tarptautin\u0117se rinkose, si\u016blantis plat\u0173 gamini\u0173 asortiment\u0105. Laikom\u0117s auk\u0161\u010diausios kokyb\u0117s principo ir remiam\u0117s industrializuotomis gamybos valdymo strategijomis, kurias taiko sud\u0117tingos gamybos dirbtuv\u0117s, nuolat tobulindami dirbtuvi\u0173 gamybos platform\u0105, gerindami gamini\u0173 kokyb\u0117s gamybos linij\u0105 ir tur\u0117dami stipri\u0173 k\u016brybini\u0173 paj\u0117gum\u0173. Mes tenkiname \u012fvairius klient\u0173 poreikius, u\u017etikrindami auk\u0161t\u0105 efektyvum\u0105, auk\u0161t\u0105 tikslum\u0105 ir kokyb\u0119, tod\u0117l tapome vienu i\u0161 pirmaujan\u010di\u0173 hidraulini\u0173 cilindr\u0173 gamintoj\u0173 ir didmenini\u0173 platintoj\u0173 vidaus ir tarptautin\u0117se rinkose. <\/p>\n<p><!-- Company Image --><br \/>\n<img decoding=\"async\" src=\"https:\/\/hzpt.com\/wp-content\/uploads\/2024\/11\/songte-company-1.webp\" alt=\"\u012emon\u0117s \u012fvaizdis\"><\/p>\n<p><!-- Company Features --><\/p>\n<h2>\u012emon\u0117s ypatyb\u0117s<\/h2>\n<ul>\n<li>Profesionalumas: Turime profesionali\u0173 in\u017einieri\u0173 ir technik\u0173 komand\u0105, kuri yra \u012fsipareigojusi klientams teikti auk\u0161tos kokyb\u0117s produktus ir paslaugas. <\/li>\n<li>Tarptautinis sertifikatas: M\u016bs\u0173 gaminiai yra sertifikuoti pagal tarptautinius standartus, tokius kaip ISO9001 ir CE, o tai u\u017etikrina j\u0173 kokyb\u0119 ir patikimum\u0105. <\/li>\n<li>Individualaus pritaikymo paslauga: teikiame individualias paslaugas pagal klient\u0173 reikalavimus, atsi\u017evelgdami \u012f j\u0173 konkre\u010dius poreikius. <\/li>\n<li>Gamybos \u012franga: Siekdami u\u017etikrinti auk\u0161t\u0105 tikslum\u0105 ir kokyb\u0119, naudojame pa\u017eangi\u0105 gamybos \u012frang\u0105, toki\u0105 kaip CNC apdirbimo centrai ir suvirinimo robotai. <\/li>\n<li>Aptarnavimas po pardavimo: Siekdami u\u017etikrinti klient\u0173 pasitenkinim\u0105, teikiame i\u0161samias paslaugas po pardavimo, \u012fskaitant gamini\u0173 remont\u0105, keitim\u0105 ir atstatym\u0105.<\/li>\n<\/ul>\n<p><!-- Company Image --><br \/>\n<img decoding=\"async\" src=\"https:\/\/www.hydraulic-cylinders.net\/wp-content\/uploads\/2025\/01\/songte-company-3.webp\" alt=\"\u012emon\u0117s \u012fvaizdis\"><\/p>\n<p>Apibendrinant galima teigti, kad \u201eYanmar VI55-5B\u201c kau\u0161o cilindras yra esminis sunkiosios technikos komponentas, padedantis valdyti kau\u0161o jud\u0117jim\u0105 ir palengvinantis \u012fvairi\u0173 med\u017eiag\u0173 tvarkymo u\u017eduo\u010di\u0173 atlikim\u0105. Tinkamas projektavimas ir parinkimas, reguliari prie\u017ei\u016bra ir saugos priemoni\u0173 laikymasis yra b\u016btini siekiant u\u017etikrinti optimal\u0173 na\u0161um\u0105 ir pailginti tarnavimo laik\u0105. Esame pirmaujantis hidraulini\u0173 cilindr\u0173 gamintojas ir didmeninis platintojas, teikiantis auk\u0161tos kokyb\u0117s produktus ir paslaugas klientams visame pasaulyje. <\/p>\n<p>Autorius: lyl<\/p>","protected":false},"excerpt":{"rendered":"<p>Bucket Cylinder For Yanmar VI55-5B Introduction The bucket cylinder for Yanmar VI55-5B is a specifically designed hydraulic cylinder used to control the movement of the bucket in heavy machinery such as excavators, backhoe loaders, and front-end loaders. Its primary function is to enable the bucket to lift, lower, and tilt, making it easier to handle [&hellip;]<\/p>","protected":false},"featured_media":14762,"comment_status":"open","ping_status":"closed","template":"","meta":{"_et_pb_use_builder":"","_et_pb_old_content":"","_et_gb_content_width":""},"product_brand":[],"product_cat":[1494],"product_tag":[1495,1496],"class_list":{"0":"post-15835","1":"product","2":"type-product","3":"status-publish","4":"has-post-thumbnail","6":"product_cat-bucket-cylinders","7":"product_tag-bucket-cylinders","8":"product_tag-hydraulic-cylinders","10":"first","11":"instock","12":"shipping-taxable","13":"product-type-simple"},"amp_enabled":true,"_links":{"self":[{"href":"https:\/\/www.hydraulic-cylinders.net\/lt\/wp-json\/wp\/v2\/product\/15835","targetHints":{"allow":["GET"]}}],"collection":[{"href":"https:\/\/www.hydraulic-cylinders.net\/lt\/wp-json\/wp\/v2\/product"}],"about":[{"href":"https:\/\/www.hydraulic-cylinders.net\/lt\/wp-json\/wp\/v2\/types\/product"}],"replies":[{"embeddable":true,"href":"https:\/\/www.hydraulic-cylinders.net\/lt\/wp-json\/wp\/v2\/comments?post=15835"}],"wp:featuredmedia":[{"embeddable":true,"href":"https:\/\/www.hydraulic-cylinders.net\/lt\/wp-json\/wp\/v2\/media\/14762"}],"wp:attachment":[{"href":"https:\/\/www.hydraulic-cylinders.net\/lt\/wp-json\/wp\/v2\/media?parent=15835"}],"wp:term":[{"taxonomy":"product_brand","embeddable":true,"href":"https:\/\/www.hydraulic-cylinders.net\/lt\/wp-json\/wp\/v2\/product_brand?post=15835"},{"taxonomy":"product_cat","embeddable":true,"href":"https:\/\/www.hydraulic-cylinders.net\/lt\/wp-json\/wp\/v2\/product_cat?post=15835"},{"taxonomy":"product_tag","embeddable":true,"href":"https:\/\/www.hydraulic-cylinders.net\/lt\/wp-json\/wp\/v2\/product_tag?post=15835"}],"curies":[{"name":"wp","href":"https:\/\/api.w.org\/{rel}","templated":true}]}}