{"id":15843,"date":"2025-01-19T15:03:53","date_gmt":"2025-01-19T15:03:53","guid":{"rendered":"https:\/\/www.hydraulic-cylinders.net\/product\/bucket-cylinder-for-yishan-ys220\/"},"modified":"2025-01-19T15:03:59","modified_gmt":"2025-01-19T15:03:59","slug":"bucket-cylinder-for-yishan-ys220","status":"publish","type":"product","link":"https:\/\/www.hydraulic-cylinders.net\/lt\/produktas\/bucket-cylinder-for-yishan-ys220\/","title":{"rendered":"Kau\u0161o cilindras, skirtas \u201eYishan YS220\u201c"},"content":{"rendered":"<h1>Kau\u0161o cilindras, skirtas \u201eYishan YS220\u201c<\/h1>\n<h2>\u012evadas<\/h2>\n<p>\u201eYishan YS220\u201c kau\u0161o cilindras yra specializuotas hidraulinis cilindras, skirtas valdyti kau\u0161\u0173 jud\u0117jim\u0105 sunkiosiose ma\u0161inose, tokiose kaip ekskavatoriai, ekskavatoriniai krautuvai ir frontaliniai krautuvai. Pagrindin\u0117 jo funkcija \u2013 leisti kau\u0161ui pakilti, nuleisti ir pakreipti, taip palengvinant \u012fvairi\u0173 med\u017eiag\u0173 tvarkymo u\u017eduo\u010di\u0173 atlikim\u0105. Hidraulin\u0117se sistemose kau\u0161o cilindras naudoja hidraulin\u0117s alyvos sl\u0117gio poky\u010dius, kad tiksliai valdyt\u0173 kau\u0161\u0105, o tai leid\u017eia operatoriams efektyviai valdyti sunkius krovinius, prisitaikyti prie sud\u0117tingos darbo aplinkos ir \u012fvairi\u0173 eksploatavimo reikalavim\u0173.<\/p>\n<p><img decoding=\"async\" src=\"https:\/\/www.hydraulic-cylinders.net\/wp-content\/uploads\/2025\/01\/songte-company-2.webp\" alt=\"Kau\u0161o cilindras, skirtas \u201eYishan YS220\u201c\"><\/p>\n<h2>Savyb\u0117s<\/h2>\n<ul>\n<li>Didelis stiprumas ir ilgaam\u017ei\u0161kumas: Paprastai pagamintas i\u0161 didelio stiprumo plieno arba aliuminio, jis gali atlaikyti didel\u012f sl\u0117g\u012f ir dideles apkrovas, prisitaikydamas prie at\u0161iauri\u0173 darbo s\u0105lyg\u0173. Konstrukcijoje atsi\u017evelgiama \u012f atsparum\u0105 dilimui ir korozijai, taip pailginant jo tarnavimo laik\u0105.<\/li>\n<li>Efektyvus hidraulinis veikimas: Skland\u016bs i\u0161pl\u0117timo ir susitraukimo veiksmai pasiekiami naudojant hidraulin\u0117s alyvos sl\u0117g\u012f, leid\u017eiant\u012f greitai reaguoti \u012f valdymo komandas, u\u017etikrinant galingas st\u016bmimo ir traukimo j\u0117gas, tinkamas sunkiems daiktams tvarkyti ir sud\u0117tingoms darbo u\u017eduotims atlikti.<\/li>\n<li>\u012evair\u016bs tipai: Pagal eksploatacinius reikalavimus galima pasirinkti vienpusio veikimo (hidraulinis mechanizmas naudojamas tik viena kryptimi) arba dvipusio veikimo (hidraulinis mechanizmas naudojamas abiem kryptimis) cilindrus. Kai kurie modeliai yra teleskopiniai, tod\u0117l juos galima labiau i\u0161tiesti nedidinant i\u0161orini\u0173 matmen\u0173, tod\u0117l jie tinka naudoti ribotoje erdv\u0117je.<\/li>\n<li>Puikus pakeitimas: M\u016bs\u0173 gaminiai gali puikiai pakeisti \u0161iuos hidraulinius cilindrus.<\/li>\n<\/ul>\n<p><img decoding=\"async\" src=\"https:\/\/www.hydraulic-cylinders.net\/wp-content\/uploads\/2025\/01\/songte-cylinder-head-with-all-kinds-excavator-models.webp\" alt=\"Kau\u0161o cilindras, skirtas \u201eYishan YS220\u201c\"><\/p>\n<h2>Parai\u0161kos<\/h2>\n<h3>Statybin\u0117 \u012franga:<\/h3>\n<p>Ekskavatoriuose jie yra b\u016btini kasant, kraunant ir perkeliant grunt\u0105 ar \u0161iuk\u0161les. Ekskavatoriuose-krautuvuose kau\u0161o cilindrai padeda ir kasti, ir kelti. Priekiniuose krautuvuose jie padeda efektyviai kelti ir pakreipti krovin\u012f.<\/p>\n<h3>\u017dem\u0117s \u016bkio technika:<\/h3>\n<p>Naudojamas priekiniuose krautuvuose dirvo\u017eemiui, \u0161ienui ir kitoms med\u017eiagoms kasti, kelti ir transportuoti. Ekskavatoriuose kau\u0161o cilindras leid\u017eia kasti, leisdamas kau\u0161ui \u012fsiskverbti \u012f dirv\u0105.<\/p>\n<h2>Projektavimo aspektai ir atrankos kriterijai<\/h2>\n<ul>\n<li>Keliamoji galia: Hidraulinis cilindras turi tur\u0117ti pakankam\u0105 keliam\u0105j\u0105 gali\u0105, kad atitikt\u0173 taikymo reikalavimus.<\/li>\n<li>Sandarinimo charakteristikos: Sandarinimo savyb\u0117ms pagerinti naudojami \u012fvair\u016bs sandarinimo komponentai, tokie kaip st\u016bmokli\u0173 ir stryp\u0173 sandarikliai, pagaminti i\u0161 atspari\u0173 dilimui med\u017eiag\u0173, toki\u0173 kaip poliuretanas ir nitrilo kau\u010diukas.<\/li>\n<li>Patvarumas: Cilindro korpusas ir srieginis galinis pavir\u0161ius yra tiksliai apdirbti, siekiant pagerinti atsparum\u0105 dilimui. Norint i\u0161vengti dilimo ir u\u017etikrinti normal\u0173 veikim\u0105, b\u016btina reguliariai tepti.<\/li>\n<li>Sauga: Montuojant ir eksploatuojant reikia imtis atitinkam\u0173 saugos priemoni\u0173, kad b\u016bt\u0173 u\u017etikrintas saugus naudojimas.<\/li>\n<li>Prie\u017ei\u016bra: Norint aptikti ir u\u017ekirsti keli\u0105 galimoms problemoms, b\u016btina reguliariai atlikti ap\u017ei\u016br\u0105 ir technin\u0119 prie\u017ei\u016br\u0105. Taip pat teikiamos atsargini\u0173 dali\u0173 keitimo ir remonto paslaugos.<\/li>\n<\/ul>\n<p><img decoding=\"async\" src=\"https:\/\/www.hydraulic-cylinders.net\/wp-content\/uploads\/2025\/01\/songte-oil-pipes-and-spare-parts.webp\" alt=\"Kau\u0161o cilindras, skirtas \u201eYishan YS220\u201c\"><\/p>\n<h2>Sandarinimas ir tepimas<\/h2>\n<p>Sandarinimo savyb\u0117ms pagerinti naudojami \u012fvair\u016bs sandarinimo komponentai, tokie kaip st\u016bmokli\u0173 ir kot\u0173 sandarikliai, pagaminti i\u0161 atspari\u0173 dilimui med\u017eiag\u0173, toki\u0173 kaip poliuretanas ir nitrilo kau\u010diukas. Cilindro korpusas ir srieginis galinis pavir\u0161ius yra tiksliai apdirbti, siekiant pagerinti atsparum\u0105 dilimui. Norint i\u0161vengti dilimo ir u\u017etikrinti normal\u0173 veikim\u0105, b\u016btina reguliariai tepti.<\/p>\n<h2>Prie\u017ei\u016bra ir remontas<\/h2>\n<p>Norint aptikti ir u\u017ekirsti keli\u0105 galimoms problemoms, b\u016btina reguliariai tikrinti ir pri\u017ei\u016br\u0117ti. \u012eprastos prie\u017ei\u016bros u\u017eduotys apima reguliarius patikrinimus, tinkam\u0105 tepim\u0105 ir sandarikli\u0173 keitim\u0105. Tinkamas montavimas, tepimas ir reguliavimas yra labai svarb\u016bs norint u\u017etikrinti gaminio ilgaam\u017ei\u0161kum\u0105. Rekomenduojama naudoti tinkamus montavimo laikiklius cilindrui pritvirtinti. Siekdami prailginti gaminio tarnavimo laik\u0105, si\u016blome rekomenduojamas tikrinimo, remonto ir keitimo proced\u016bras, atsargines dalis ir atnaujinimo paslaugas.<\/p>\n<p><img decoding=\"async\" src=\"https:\/\/www.hydraulic-cylinders.net\/wp-content\/uploads\/2025\/01\/songte-chushion-collar.webp\" alt=\"Kau\u0161o cilindras, skirtas \u201eYishan YS220\u201c\"><\/p>\n<h2>Saugos ir aplinkosaugos aspektai<\/h2>\n<p>Tinkamas saugos priemoni\u0173 naudojimas yra labai svarbus naudojant hidraulinius cilindrus. Reikia imtis atsargumo priemoni\u0173, kad b\u016bt\u0173 i\u0161vengta hidraulinio skys\u010dio nuot\u0117kio, kuris gali pakenkti aplinkai ir kelti pavoj\u0173 personalui.<\/p>\n<h2>Gedim\u0173 diagnostika ir trik\u010di\u0173 \u0161alinimas<\/h2>\n<p>Kai kurios da\u017enos hidraulini\u0173 cilindr\u0173 problemos yra sandariklio gedimas, nuot\u0117kiai ir nesugeb\u0117jimas i\u0161skleisti ar susitraukti. Jas galima i\u0161spr\u0119sti nustatant prie\u017east\u012f ir pakei\u010diant pa\u017eeistas dalis. Prevencin\u0117s priemon\u0117s, tokios kaip reguliari prie\u017ei\u016bra ir patikrinimai, gali pad\u0117ti i\u0161vengti problem\u0173 dar prie\u0161 joms atsirandant.<\/p>\n<p><img decoding=\"async\" src=\"https:\/\/www.hydraulic-cylinders.net\/wp-content\/uploads\/2025\/01\/songte-bushings-with-all-kinds-of-excavator-models.webp\" alt=\"Kau\u0161o cilindras, skirtas \u201eYishan YS220\u201c\"><\/p>\n<h2>Apie mus<\/h2>\n<p>Esame hidraulini\u0173 cilindr\u0173 gamintojas, gaminantis plat\u0173 gamini\u0173 asortiment\u0105 ir tap\u0119s vienu i\u0161 pirmaujan\u010di\u0173 hidraulini\u0173 cilindr\u0173 gamintoj\u0173 ir didmenini\u0173 platintoj\u0173 vidaus ir tarptautin\u0117se rinkose. Savo moderniose gamybos dirbtuv\u0117se vadovaujam\u0117s puikios kokyb\u0117s principu ir remiam\u0117s pramon\u0117s gamybos valdymo strategija. Naudodami technologinius talentus, auk\u0161\u010diausios klas\u0117s skaitmenin\u0119 gamybos \u012frang\u0105 ir profesionalias testavimo sistemas, nuolat tobuliname savo gamybos platform\u0105, tobuliname gamini\u0173 kokyb\u0117s gamybos linijas ir turime stipri\u0173 k\u016brybini\u0173 galimybi\u0173. \u012evairius klient\u0173 poreikius tenkiname taikydami didelio efektyvumo, didelio tikslumo ir auk\u0161tos kokyb\u0117s principus.<\/p>\n<ul>\n<li>Profesionalumas: Turime specialist\u0173 komand\u0105, i\u0161manan\u010di\u0105 hidraulinius cilindrus ir j\u0173 pritaikym\u0105.<\/li>\n<li>Tarptautinis sertifikatas: M\u016bs\u0173 gaminiai turi tarptautinius sertifikatus, tokius kaip CE ir ISO9001.<\/li>\n<li>Individualaus pritaikymo paslaugos: teikiame individualiai pritaikytas paslaugas, kad patenkintume konkre\u010dius klient\u0173 poreikius.<\/li>\n<li>Gamybos \u012franga: Siekdami u\u017etikrinti auk\u0161t\u0105 gamini\u0173 kokyb\u0119, naudojame moderni\u0105 gamybos \u012frang\u0105, toki\u0105 kaip precizin\u0117s CNC stakl\u0117s ir suvirinimo robotai.<\/li>\n<li>Aptarnavimas po pardavimo: Mes teikiame klientams aptarnavim\u0105 po pardavimo, \u012fskaitant technin\u0119 pagalb\u0105, atsargini\u0173 dali\u0173 keitim\u0105 ir remonto paslaugas.<\/li>\n<\/ul>\n<p><img decoding=\"async\" src=\"https:\/\/hzpt.com\/wp-content\/uploads\/2024\/11\/songte-company-1.webp\" alt=\"Kau\u0161o cilindras, skirtas \u201eYishan YS220\u201c\"><\/p>\n<p>Autorius: lyl<\/p>","protected":false},"excerpt":{"rendered":"<p>Bucket Cylinder For Yishan YS220 Introduction The Bucket Cylinder for Yishan YS220 is a specialized hydraulic cylinder designed to control the movement of buckets in heavy machinery such as excavators, backhoe loaders, and front loaders. Its primary function is to enable the bucket to lift, lower, and tilt, making it easier to carry out various [&hellip;]<\/p>","protected":false},"featured_media":14780,"comment_status":"open","ping_status":"closed","template":"","meta":{"_et_pb_use_builder":"","_et_pb_old_content":"","_et_gb_content_width":""},"product_brand":[],"product_cat":[1494],"product_tag":[1495,1496],"class_list":{"0":"post-15843","1":"product","2":"type-product","3":"status-publish","4":"has-post-thumbnail","6":"product_cat-bucket-cylinders","7":"product_tag-bucket-cylinders","8":"product_tag-hydraulic-cylinders","10":"first","11":"instock","12":"shipping-taxable","13":"product-type-simple"},"amp_enabled":true,"_links":{"self":[{"href":"https:\/\/www.hydraulic-cylinders.net\/lt\/wp-json\/wp\/v2\/product\/15843","targetHints":{"allow":["GET"]}}],"collection":[{"href":"https:\/\/www.hydraulic-cylinders.net\/lt\/wp-json\/wp\/v2\/product"}],"about":[{"href":"https:\/\/www.hydraulic-cylinders.net\/lt\/wp-json\/wp\/v2\/types\/product"}],"replies":[{"embeddable":true,"href":"https:\/\/www.hydraulic-cylinders.net\/lt\/wp-json\/wp\/v2\/comments?post=15843"}],"wp:featuredmedia":[{"embeddable":true,"href":"https:\/\/www.hydraulic-cylinders.net\/lt\/wp-json\/wp\/v2\/media\/14780"}],"wp:attachment":[{"href":"https:\/\/www.hydraulic-cylinders.net\/lt\/wp-json\/wp\/v2\/media?parent=15843"}],"wp:term":[{"taxonomy":"product_brand","embeddable":true,"href":"https:\/\/www.hydraulic-cylinders.net\/lt\/wp-json\/wp\/v2\/product_brand?post=15843"},{"taxonomy":"product_cat","embeddable":true,"href":"https:\/\/www.hydraulic-cylinders.net\/lt\/wp-json\/wp\/v2\/product_cat?post=15843"},{"taxonomy":"product_tag","embeddable":true,"href":"https:\/\/www.hydraulic-cylinders.net\/lt\/wp-json\/wp\/v2\/product_tag?post=15843"}],"curies":[{"name":"wp","href":"https:\/\/api.w.org\/{rel}","templated":true}]}}