{"id":15844,"date":"2025-01-19T15:04:01","date_gmt":"2025-01-19T15:04:01","guid":{"rendered":"https:\/\/www.hydraulic-cylinders.net\/product\/bucket-cylinder-for-john-deere-e140lc\/"},"modified":"2025-01-19T15:04:03","modified_gmt":"2025-01-19T15:04:03","slug":"bucket-cylinder-for-john-deere-e140lc","status":"publish","type":"product","link":"https:\/\/www.hydraulic-cylinders.net\/lt\/produktas\/bucket-cylinder-for-john-deere-e140lc\/","title":{"rendered":"Kau\u0161o cilindras, skirtas John Deere E140LC"},"content":{"rendered":"<h1>Kau\u0161o cilindras, skirtas John Deere E140LC<\/h1>\n<h2>\u012evadas<\/h2>\n<p>Kau\u0161o cilindras yra specialiai suprojektuotas hidraulinis cilindras, daugiausia naudojamas kau\u0161o jud\u0117jimui valdyti sunkiosiose ma\u0161inose, tokiose kaip ekskavatoriai, ekskavatoriai ir frontaliniai krautuvai. Jo pagrindin\u0117 funkcija \u2013 leisti kau\u0161ui pakilti, nuleisti ir pakreipti, kad b\u016bt\u0173 lengviau atlikti \u012fvairias med\u017eiag\u0173 tvarkymo u\u017eduotis. Hidraulin\u0117je sistemoje kau\u0161o cilindras tiksliai valdo kau\u0161\u0105 keisdamas hidraulin\u0117s alyvos sl\u0117g\u012f, tod\u0117l operatorius gali efektyviai valdyti sunkius krovinius ir prisitaikyti prie sud\u0117tingos darbo aplinkos bei \u012fvairi\u0173 eksploatavimo reikalavim\u0173.<\/p>\n<p><img decoding=\"async\" src=\"https:\/\/www.hydraulic-cylinders.net\/wp-content\/uploads\/2025\/01\/songte-company-2.webp\" alt=\"Kau\u0161o cilindras\" \/><\/p>\n<h2>Savyb\u0117s<\/h2>\n<ul>\n<li>Didelis stiprumas ir ilgaam\u017ei\u0161kumas: Paprastai pagamintas i\u0161 didelio stiprumo plieno arba aliuminio, jis gali atlaikyti didel\u012f sl\u0117g\u012f ir dideles apkrovas, prisitaikydamas prie at\u0161iauri\u0173 darbo s\u0105lyg\u0173. Konstrukcijoje atsi\u017evelgiama \u012f atsparum\u0105 dilimui ir korozijai, taip pailginant jo tarnavimo laik\u0105.<\/li>\n<li>Efektyvus hidraulinis veikimas: Sklandus i\u0161pl\u0117timas ir susitraukimas pasiekiamas naudojant hidraulin\u0117s alyvos sl\u0117g\u012f. Jis gali greitai reaguoti \u012f valdymo komandas, u\u017etikrindamas galingas st\u016bmimo ir traukimo j\u0117gas, tinkamas sunkiems kroviniams ir sud\u0117tingoms eksploatavimo u\u017eduotims atlikti.<\/li>\n<li>\u012evair\u016bs tipai: pagal reikalavimus, kad b\u016bt\u0173 patenkinti skirtingi eksploatavimo poreikiai, galima pasirinkti vienpusio veikimo (hidraulinis mechanizmas naudojamas tik viena kryptimi) arba dvipusio veikimo (hidraulinis mechanizmas naudojamas dviem kryptimis) cilindrus. Kai kurie modeliai yra teleskopiniai, tod\u0117l juos galima labiau i\u0161pl\u0117sti nedidinant i\u0161orini\u0173 matmen\u0173, tod\u0117l jie tinka naudoti ribotoje erdv\u0117je.<\/li>\n<li>Kei\u010diamas: M\u016bs\u0173 gaminys gali puikiai pakeisti original\u0173 \u012frangos hidraulin\u012f cilindr\u0105.<\/li>\n<\/ul>\n<p><img decoding=\"async\" src=\"https:\/\/www.hydraulic-cylinders.net\/wp-content\/uploads\/2025\/01\/songte-cylinder-head-with-all-kinds-excavator-models.webp\" alt=\"Ekskavatorius\" \/><\/p>\n<h2>Parai\u0161kos<\/h2>\n<p>Kau\u0161\u0173 cilindrai pla\u010diai naudojami \u0161iose srityse:<\/p>\n<h3>Statybin\u0117 \u012franga<\/h3>\n<ul>\n<li>Ekskavatoriai: Kau\u0161o cilindras leid\u017eia kau\u0161ui \u012fsiskverbti \u012f dirvo\u017eem\u012f, tod\u0117l tai yra esminis \u012frankis kasant, kraunant ir perkeliant dirvo\u017eem\u012f ar \u0161iuk\u0161les.<\/li>\n<li>Ekskavatoriniai krautuvai: Kau\u0161o cilindras padeda kasti ir kelti.<\/li>\n<li>Priekiniai krautuvai: Kau\u0161o cilindras padeda efektyviai pakelti ir pakreipti prekes.<\/li>\n<\/ul>\n<h3>\u017dem\u0117s \u016bkio technika<\/h3>\n<ul>\n<li>Priekiniai krautuvai: Naudojami dirvo\u017eemiui, \u0161ienui ir kitoms med\u017eiagoms semti, kelti ir transportuoti.<\/li>\n<\/ul>\n<h2>Projektavimo ir atrankos standartai<\/h2>\n<p>Projektuojant kau\u0161o cilindrus, reikia atsi\u017evelgti \u012f \u0161iuos aspektus:<\/p>\n<h3>Apkrovos paj\u0117gumas<\/h3>\n<p>Baliono tvirtumas turi atitikti \u012frangos specifikacijas. To nepadarius, balionas gali sugesti ir sugadinti \u012frang\u0105 arba susi\u017ealoti operatorius.<\/p>\n<h3>Sandarinimas<\/h3>\n<p>Cilindro korpusas turi b\u016bti tinkamai u\u017esandarintas, kad nei\u0161tek\u0117t\u0173 hidraulin\u0117 alyva. Sandarikliai turi b\u016bti pagaminti i\u0161 atspari\u0173 dilimui med\u017eiag\u0173, toki\u0173 kaip poliuretanas ir nitrilo kau\u010diukas. Cilindro korpusas ir sriegio galo pavir\u0161ius turi b\u016bti kruop\u0161\u010diai apdoroti, kad b\u016bt\u0173 padidintas atsparumas dilimui. Norint i\u0161laikyti cilindro efektyvum\u0105, reikia reguliariai tepti.<\/p>\n<h3>Patvarumas<\/h3>\n<p>Cilindro konstrukcija turi b\u016bti pagaminta i\u0161 auk\u0161tos kokyb\u0117s med\u017eiag\u0173, kurios gali atlaikyti at\u0161iaurias darbo s\u0105lygas, korozij\u0105 ir nusid\u0117v\u0117jim\u0105. Cilindro patvarumas u\u017etikrina ilgesn\u012f jo tarnavimo laik\u0105, tod\u0117l sutaupoma prie\u017ei\u016bros i\u0161laid\u0173.<\/p>\n<h3>Saugumas<\/h3>\n<p>Kau\u0161\u0173 cilindrai turi b\u016bti apr\u016bpinti saugos funkcijomis, kad b\u016bt\u0173 i\u0161vengta \u012frangos pa\u017eeidimo ar operatoriaus su\u017ealojimo. Konstrukcijoje tur\u0117t\u0173 b\u016bti numatytos tokios saugos priemon\u0117s kaip sl\u0117gio ma\u017einimo vo\u017etuvai, fiksavimo mechanizmai arba apsauginiai mechanizmai.<\/p>\n<h3>Prie\u017ei\u016bra<\/h3>\n<p>Balionas turi b\u016bti lengvai pri\u017ei\u016brimas, su tinkama prieiga prie pagrindini\u0173 komponent\u0173. Siekiant u\u017etikrinti optimal\u0173 veikim\u0105 ir i\u0161vengti \u012frangos gedim\u0173, b\u016btina reguliariai pri\u017ei\u016br\u0117ti ir tikrinti.<\/p>\n<p><img decoding=\"async\" src=\"https:\/\/www.hydraulic-cylinders.net\/wp-content\/uploads\/2025\/01\/songte-oil-pipes-and-spare-parts.webp\" alt=\"Atsargin\u0117s dalys\" \/><\/p>\n<h2>Sandarinimas ir tepimas<\/h2>\n<p>Hidraulin\u0117s alyvos nuot\u0117kiui i\u0161vengti naudojami \u012fvair\u016bs sandarikliai, tokie kaip st\u016bmokli\u0173 sandarikliai, stryp\u0173 sandarikliai ir valytuv\u0173 sandarikliai. Sandarikliai pagaminti i\u0161 atspari\u0173 dilimui med\u017eiag\u0173, toki\u0173 kaip poliuretanas ir nitrilo kau\u010diukas, u\u017etikrinant patvarum\u0105 ir ilg\u0105 tarnavimo laik\u0105. Cilindro korpusas ir sriegio galo pavir\u0161ius taip pat yra kruop\u0161\u010diai apdorojami, siekiant pagerinti atsparum\u0105 dilimui ir pailginti tarnavimo laik\u0105. Norint i\u0161laikyti cilindro efektyvum\u0105, reikia reguliariai tepti hidrauline alyva.<\/p>\n<h2>Prie\u017ei\u016bra ir remontas<\/h2>\n<p>Norint u\u017etikrinti optimal\u0173 veikim\u0105 ir i\u0161vengti \u012frangos gedim\u0173, reikalinga reguliari prie\u017ei\u016bra. \u012eprastos prie\u017ei\u016bros u\u017eduotys:<\/p>\n<h3>Reguliar\u016bs patikrinimai<\/h3>\n<p>Norint nustatyti susid\u0117v\u0117jim\u0105, alyvos nuot\u0117kius ir kitas galimas problemas, reikia reguliariai tikrinti cilindr\u0105. Reguliarios patikros taip pat u\u017etikrina, kad cilindras i\u0161likt\u0173 optimalios darbin\u0117s b\u016bkl\u0117s.<\/p>\n<h3>Tinkamas tepimas<\/h3>\n<p>Cilindras turi b\u016bti tinkamai suteptas hidrauline alyva, kad b\u016bt\u0173 i\u0161vengta susid\u0117v\u0117jimo. Reguliarus tepimas u\u017etikrina skland\u0173 ir efektyv\u0173 cilindro veikim\u0105.<\/p>\n<h3>Sandariklio keitimas ir kalibravimo patikra<\/h3>\n<p>Sandarikliai turi b\u016bti pakeisti, kai jie susid\u0117vi arba yra pa\u017eeisti. Kalibravimo patikrinimas yra b\u016btinas siekiant u\u017etikrinti, kad cilindras atitikt\u0173 reikiamus reikalavimus.<\/p>\n<p><img decoding=\"async\" src=\"https:\/\/www.hydraulic-cylinders.net\/wp-content\/uploads\/2025\/01\/songte-chushion-collar.webp\" alt=\"\u0160luost\u0117s apykakl\u0117\" \/><\/p>\n<h2>Saugos aspektai ir aplinkos veiksniai<\/h2>\n<p>Naudojant kau\u0161inius cilindrus, reikia imtis saugos priemoni\u0173, kad b\u016bt\u0173 i\u0161vengta \u012frangos pa\u017eeidimo ar operatoriaus su\u017ealojimo. Balionai turi b\u016bti naudojami laikantis nurodyt\u0173 parametr\u0173 ir turi b\u016bti apr\u016bpinti saugos funkcijomis, tokiomis kaip sl\u0117gio ma\u017einimo vo\u017etuvai ir fiksavimo mechanizmai. Aplinkos veiksniai, tokie kaip temperat\u016bra, dr\u0117gm\u0117 ir \u0117sdinan\u010dios med\u017eiagos, gali tur\u0117ti \u012ftakos baliono veikimui, tod\u0117l balionas turi b\u016bti tinkamai apsaugotas nuo \u0161i\u0173 veiksni\u0173.<\/p>\n<h2>Gedim\u0173 ir da\u017eniausiai pasitaikan\u010di\u0173 problem\u0173 diagnostika<\/h2>\n<p>Toliau pateikiami da\u017eniausiai pasitaikantys kau\u0161o cilindr\u0173 gedimai ir problemos:<\/p>\n<h3>Alyvos nuot\u0117kis<\/h3>\n<p>Alyvos nuot\u0117kis yra da\u017ena problema, kuri\u0105 gali sukelti susid\u0117v\u0117j\u0119 arba pa\u017eeisti sandarikliai arba pa\u017eeistas st\u016bmoklio kotas. Cilindr\u0105 reikia reguliariai tikrinti, kad b\u016bt\u0173 galima nustatyti ir pa\u0161alinti alyvos nuot\u0117kius.<\/p>\n<h3>Suma\u017eintas na\u0161umas<\/h3>\n<p>Suma\u017e\u0117jus\u012f na\u0161um\u0105 gali lemti daug veiksni\u0173, \u012fskaitant nepakankam\u0105 tepim\u0105, suma\u017e\u0117jus\u012f hidraulin\u012f sl\u0117g\u012f ir pa\u017eeistus sandariklius. Cilindr\u0105 reikia ap\u017ei\u016br\u0117ti ir suremontuoti, kad b\u016bt\u0173 atkurtas jo na\u0161umas.<\/p>\n<h3>Nenormalus triuk\u0161mas<\/h3>\n<p>Ne\u012fprast\u0105 triuk\u0161m\u0105 gali sukelti tepimo tr\u016bkumas, susid\u0117v\u0117j\u0119 ar pa\u017eeisti sandarikliai arba atsilaisvin\u0119 var\u017etai. Cilindr\u0105 reikia ap\u017ei\u016br\u0117ti ir sutaisyti, kad b\u016bt\u0173 pa\u0161alintas ne\u012fprastas triuk\u0161mas.<\/p>\n<h2>\u012erengimo gair\u0117s<\/h2>\n<p>Toliau pateikiamos diegimo gair\u0117s:<\/p>\n<h3>Tinkamas lygiavimas<\/h3>\n<p>Cilindro i\u0161lygiavimas turi b\u016bti tinkamai atliktas, kad jis veikt\u0173 skland\u017eiai. Cilindro i\u0161lygiavimas turi b\u016bti reguliariai tikrinamas, siekiant u\u017etikrinti, kad jis atitikt\u0173 reikiamus reikalavimus.<\/p>\n<h3>Montavimo laikikli\u0173 naudojimas<\/h3>\n<p>Cilindrui pritvirtinti ir neleisti jam jud\u0117ti eksploatacijos metu, reikia naudoti montavimo laikiklius.<\/p>\n<h3>Rekomenduojamos ap\u017ei\u016bros, remonto ir keitimo proced\u016bros<\/h3>\n<p>Siekiant u\u017etikrinti optimali\u0105 cilindro b\u016bkl\u0119, reikia laikytis patikrinimo, remonto ir keitimo proced\u016br\u0173.<\/p>\n<p><img decoding=\"async\" src=\"https:\/\/www.hydraulic-cylinders.net\/wp-content\/uploads\/2025\/01\/songte-bushings-with-all-kinds-of-excavator-models.webp\" alt=\"\u012evor\u0117s\" \/><\/p>\n<h2>Apie m\u016bs\u0173 \u012fmon\u0119<\/h2>\n<p>Esame hidraulini\u0173 cilindr\u0173, galin\u010di\u0173 pakeisti originalius \u012frangos hidraulinius cilindrus, gamintojas. M\u016bs\u0173 gamini\u0173 asortimentas yra platus, ir mes tapome vienu i\u0161 pirmaujan\u010di\u0173 hidraulini\u0173 cilindr\u0173 gamintoj\u0173 ir didmeninink\u0173 vidaus ir tarptautin\u0117se rinkose. Vadovaujam\u0117s kokyb\u0117s puikumo principu, remiam\u0117s industrializuota sud\u0117ting\u0173 gamybos dirbtuvi\u0173 gamybos valdymo strategija, nuolat tobuliname gamybos platform\u0105 dirbtuv\u0117se, pasitelkdami technologinius talentus, skaitmenin\u0119 auk\u0161\u010diausios klas\u0117s gamybos \u012frang\u0105 ir profesionalias testavimo sistemas, bei turime stiprius k\u016brybinius geb\u0117jimus. Siekiame patenkinti \u012fvairius klient\u0173 poreikius, vadovaudamiesi didelio efektyvumo, didelio tikslumo ir auk\u0161tos kokyb\u0117s principais.<\/p>\n<p><img decoding=\"async\" src=\"https:\/\/www.hydraulic-cylinders.net\/wp-content\/uploads\/2025\/01\/songte-company-3.webp\" alt=\"\u012emon\u0117\" \/><\/p>\n<h3>Profesionalumas<\/h3>\n<p>M\u016bs\u0173 komand\u0105 sudaro patyr\u0119 specialistai, turintys didel\u0119 patirt\u012f hidraulini\u0173 cilindr\u0173 gamybos, projektavimo ir bandym\u0173 srityse. Savo gamini\u0173 gamybai naudojame pa\u017eangias technologijas, u\u017etikrindami, kad jie atitikt\u0173 auk\u0161\u010diausius kokyb\u0117s standartus.<\/p>\n<h3>Tarptautinis sertifikavimas<\/h3>\n<p>M\u016bs\u0173 produktai atitinka tarptautinius sertifikavimo standartus, u\u017etikrinan\u010dius j\u0173 saugum\u0105, patikimum\u0105 ir auk\u0161t\u0105 kokyb\u0119.<\/p>\n<h3>Pritaikymo paslaugos<\/h3>\n<p>Teikiame individualiai pritaikytas paslaugas, kad patenkintume konkre\u010dius klient\u0173 poreikius, u\u017etikrindami, kad m\u016bs\u0173 produktai atitikt\u0173 j\u0173 eksploatacinius reikalavimus.<\/p>\n<h3>Gamybos \u012franga<\/h3>\n<p>Savo gamini\u0173 gamybai naudojame pa\u017eangi\u0105 gamybos \u012frang\u0105, u\u017etikrindami auk\u0161\u010diausi\u0105 j\u0173 kokyb\u0119 ir atitikim\u0105 klient\u0173 reikalavimams.<\/p>\n<h3>Aptarnavimas po pardavimo<\/h3>\n<p>Teikiame klientams garantinio aptarnavimo paslaugas, u\u017etikrindami skland\u0173 ir efektyv\u0173 gamini\u0173 veikim\u0105. Taip pat tiekiame atsargines dalis ir remontuojame gaminius, kad pailgintume j\u0173 tarnavimo laik\u0105.<\/p>\n<p>Autorius: lyl.<\/p>","protected":false},"excerpt":{"rendered":"<p>Bucket Cylinder For John Deere E140LC Introduction A bucket cylinder is a specially designed hydraulic cylinder primarily used to control the movement of the bucket in heavy machinery such as excavators, backhoes, and front loaders. Its main function is to enable the bucket to lift, lower, and tilt, making it easier to handle a variety [&hellip;]<\/p>","protected":false},"featured_media":14778,"comment_status":"open","ping_status":"closed","template":"","meta":{"_et_pb_use_builder":"","_et_pb_old_content":"","_et_gb_content_width":""},"product_brand":[],"product_cat":[1494],"product_tag":[1495,1496],"class_list":{"0":"post-15844","1":"product","2":"type-product","3":"status-publish","4":"has-post-thumbnail","6":"product_cat-bucket-cylinders","7":"product_tag-bucket-cylinders","8":"product_tag-hydraulic-cylinders","10":"first","11":"instock","12":"shipping-taxable","13":"product-type-simple"},"amp_enabled":true,"_links":{"self":[{"href":"https:\/\/www.hydraulic-cylinders.net\/lt\/wp-json\/wp\/v2\/product\/15844","targetHints":{"allow":["GET"]}}],"collection":[{"href":"https:\/\/www.hydraulic-cylinders.net\/lt\/wp-json\/wp\/v2\/product"}],"about":[{"href":"https:\/\/www.hydraulic-cylinders.net\/lt\/wp-json\/wp\/v2\/types\/product"}],"replies":[{"embeddable":true,"href":"https:\/\/www.hydraulic-cylinders.net\/lt\/wp-json\/wp\/v2\/comments?post=15844"}],"wp:featuredmedia":[{"embeddable":true,"href":"https:\/\/www.hydraulic-cylinders.net\/lt\/wp-json\/wp\/v2\/media\/14778"}],"wp:attachment":[{"href":"https:\/\/www.hydraulic-cylinders.net\/lt\/wp-json\/wp\/v2\/media?parent=15844"}],"wp:term":[{"taxonomy":"product_brand","embeddable":true,"href":"https:\/\/www.hydraulic-cylinders.net\/lt\/wp-json\/wp\/v2\/product_brand?post=15844"},{"taxonomy":"product_cat","embeddable":true,"href":"https:\/\/www.hydraulic-cylinders.net\/lt\/wp-json\/wp\/v2\/product_cat?post=15844"},{"taxonomy":"product_tag","embeddable":true,"href":"https:\/\/www.hydraulic-cylinders.net\/lt\/wp-json\/wp\/v2\/product_tag?post=15844"}],"curies":[{"name":"wp","href":"https:\/\/api.w.org\/{rel}","templated":true}]}}