{"id":15845,"date":"2025-01-19T15:04:06","date_gmt":"2025-01-19T15:04:06","guid":{"rendered":"https:\/\/www.hydraulic-cylinders.net\/product\/bucket-cylinder-for-john-deere-e240lc\/"},"modified":"2025-01-19T15:04:08","modified_gmt":"2025-01-19T15:04:08","slug":"bucket-cylinder-for-john-deere-e240lc","status":"publish","type":"product","link":"https:\/\/www.hydraulic-cylinders.net\/lt\/produktas\/bucket-cylinder-for-john-deere-e240lc\/","title":{"rendered":"Kau\u0161o cilindras, skirtas John Deere E240LC"},"content":{"rendered":"<h1>Kau\u0161o cilindras, skirtas John Deere E240LC<\/h1>\n<h2>\u012evadas<\/h2>\n<p>\u201eJohn Deere E240LC\u201c kau\u0161o cilindras yra specializuotas hidraulinis cilindras, daugiausia naudojamas kau\u0161o jud\u0117jimui valdyti sunkiosiose ma\u0161inose, tokiose kaip ekskavatoriai, ekskavatoriniai ekskavatoriai ir frontaliniai krautuvai. Pagrindin\u0117 jo funkcija \u2013 leisti kau\u0161ui pakilti, nuleisti ir pakreipti, taip palengvinant \u012fvairius med\u017eiag\u0173 tvarkymo darbus. Hidraulin\u0117je sistemoje kau\u0161o cilindras tiksliai valdo kau\u0161o jud\u0117jim\u0105 keisdamas hidraulin\u0117s alyvos sl\u0117g\u012f, tod\u0117l operatoriai gali efektyviai valdyti sunkius krovinius ir prisitaikyti prie sud\u0117tingos darbo aplinkos bei \u012fvairi\u0173 eksploatacini\u0173 reikalavim\u0173.<\/p>\n<p><img decoding=\"async\" src=\"https:\/\/www.hydraulic-cylinders.net\/wp-content\/uploads\/2025\/01\/songte-company-2.webp\" alt=\"Kau\u0161o cilindro vaizdas\"><\/p>\n<h2>Savyb\u0117s<\/h2>\n<ul>\n<li>Didelis stiprumas ir ilgaam\u017ei\u0161kumas: Paprastai pagamintas i\u0161 didelio stiprumo plieno arba aliuminio, jis gali atlaikyti didel\u012f sl\u0117g\u012f ir dideles apkrovas, prisitaikyti prie at\u0161iauri\u0173 darbo s\u0105lyg\u0173 ir yra atsparus dilimui bei korozijai, kad prailgint\u0173 tarnavimo laik\u0105.<\/li>\n<li>Efektyvus hidraulinis veikimas: Skland\u016bs i\u0161pl\u0117timo ir susitraukimo judesiai pasiekiami naudojant hidraulin\u0117s alyvos sl\u0117g\u012f. Jis gali greitai reaguoti \u012f valdymo komandas, u\u017etikrinti galingas st\u016bmimo ir traukimo j\u0117gas ir tinka sunkiems kroviniams valdyti bei sud\u0117tingoms eksploatavimo u\u017eduotims atlikti.<\/li>\n<li>\u012evair\u016bs tipai: pagal reikalavimus, kad b\u016bt\u0173 patenkinti skirtingi eksploatavimo poreikiai, galima pasirinkti vienpusio veikimo (hidraulinis mechanizmas naudojamas tik viena kryptimi) arba dvipusio veikimo (hidraulinis mechanizmas naudojamas abiem kryptimis) cilindrus. Kai kurie modeliai yra teleskopiniai, tod\u0117l juos galima labiau prailginti nedidinant i\u0161orini\u0173 matmen\u0173, tod\u0117l jie tinka naudoti ribotoje erdv\u0117je.<\/li>\n<li>Kit\u0173 hidraulini\u0173 cilindr\u0173 pakeitimas: M\u016bs\u0173 gaminys gali puikiai pakeisti kitus hidraulinius cilindrus.<\/li>\n<li>Platus pritaikymo diapazonas: naudojamas \u012fvairiose srityse, \u012fskaitant statybin\u0119 \u012frang\u0105, \u017eem\u0117s \u016bkio technik\u0105, ekskavatorius ir krautuvus.<\/li>\n<\/ul>\n<p><img decoding=\"async\" src=\"https:\/\/www.hydraulic-cylinders.net\/wp-content\/uploads\/2025\/01\/songte-cylinder-head-with-all-kinds-excavator-models.webp\" alt=\"Produkto vaizdas\"><\/p>\n<h2>Parai\u0161kos<\/h2>\n<h3>Statybin\u0117 \u012franga<\/h3>\n<p>Ekskavatoriuose jie yra b\u016btini kasant, kraunant ir perkeliant grunt\u0105 ar \u0161iuk\u0161les. Ekskavatoriuose su krautuvu kau\u0161o cilindras padeda ir kasti, ir kelti. Priekiniuose krautuvuose jie padeda efektyviai kelti ir pakreipti krovinius.<\/p>\n<h3>\u017dem\u0117s \u016bkio technika<\/h3>\n<p>Naudojamas priekiniuose krautuvuose dirvo\u017eemiui, \u0161ienui ir kitoms med\u017eiagoms semti, kelti ir transportuoti.<\/p>\n<h3>Ekskavatoriai<\/h3>\n<p>Kau\u0161o cilindras leid\u017eia ekskavatoriui \u012fsiskverbti \u012f dirv\u0105, leisdamas kau\u0161ui \u012fsiskverbti \u012f dirv\u0105.<\/p>\n<h2>Projektavimo aspektai ir atrankos kriterijai<\/h2>\n<ul>\n<li>Gele\u017ein\u0117 talpa: Ji tur\u0117t\u0173 atlaikyti reikiam\u0105 apkrov\u0105.<\/li>\n<li>Sandarinimas: \u012evair\u016bs sandarinimo komponentai, tokie kaip st\u016bmokli\u0173 sandarinimo \u017eiedai ir stryp\u0173 sandarinimo \u017eiedai, tur\u0117t\u0173 b\u016bti pagaminti i\u0161 dilimui atspari\u0173 med\u017eiag\u0173, toki\u0173 kaip poliuretanas ir nitrilo kau\u010diukas, kad b\u016bt\u0173 u\u017etikrintas ilgas tarnavimo laikas. Be to, cilindro korpuso ir sriegio galo pavir\u0161ius tur\u0117t\u0173 b\u016bti kruop\u0161\u010diai apdorotas, kad b\u016bt\u0173 padidintas atsparumas dilimui.<\/li>\n<li>Patvarumas: Hidraulinis cilindras turi i\u0161laikyti savo veikim\u0105 ir ilgai tarnauti \u012fvairiomis darbo s\u0105lygomis.<\/li>\n<li>Sauga: Hidraulinis cilindras turi b\u016bti suprojektuotas taip, kad b\u016bt\u0173 u\u017etikrintas operatoriaus ir kit\u0173 darbuotoj\u0173 saugumas darbo aplinkoje.<\/li>\n<li>Prie\u017ei\u016bra: Hidraulinis cilindras turi b\u016bti suprojektuotas taip, kad b\u016bt\u0173 lengva atlikti technin\u0119 prie\u017ei\u016br\u0105 ir remont\u0105.<\/li>\n<\/ul>\n<p><img decoding=\"async\" src=\"https:\/\/www.hydraulic-cylinders.net\/wp-content\/uploads\/2025\/01\/songte-oil-pipes-and-spare-parts.webp\" alt=\"Hidraulinio cilindro dali\u0173 vaizdas\"><\/p>\n<h2>Sandarinimas ir tepimas<\/h2>\n<p>Hidraulinio cilindro sandarumui u\u017etikrinti naudojami \u012fvair\u016bs sandarikliai, pavyzd\u017eiui, st\u016bmoklio ir strypo sandarikliai. \u0160ie sandarikliai pagaminti i\u0161 atspari\u0173 dilimui med\u017eiag\u0173, toki\u0173 kaip poliuretanas ir nitrilo kau\u010diukas. Cilindro korpusas ir sriegio galo pavir\u0161ius yra kruop\u0161\u010diai apdorojami, siekiant pagerinti j\u0173 atsparum\u0105 dilimui. Kad hidraulinis cilindras veikt\u0173 skland\u017eiai, j\u012f reikia reguliariai tepti tinkamu hidraulin\u0117s alyvos kiekiu.<\/p>\n<h2>Ap\u017ei\u016bros ir prevencin\u0117s prie\u017ei\u016bros priemon\u0117s<\/h2>\n<ul>\n<li>B\u016btina reguliariai tikrinti hidraulin\u012f cilindr\u0105, siekiant u\u017etikrinti, kad jis b\u016bt\u0173 geros b\u016bkl\u0117s. Reikia patikrinti, ar cilindras n\u0117ra susid\u0117v\u0117j\u0119s, pa\u017eeistas ir ar n\u0117ra nuot\u0117ki\u0173. Jei aptinkama koki\u0173 nors problem\u0173, jas reikia nedelsiant spr\u0119sti.<\/li>\n<li>Tinkamas tepimas yra b\u016btinas optimaliam hidraulinio cilindro veikimui ir ilgaam\u017ei\u0161kumui. \u012esitikinkite, kad cilindras yra tinkamai suteptas.<\/li>\n<li>Sandarinimo komponentus reikia reguliariai tikrinti ir pakeisti, jei jie susid\u0117v\u0117j\u0119 ar pa\u017eeisti.<\/li>\n<\/ul>\n<h2>Produkto diegimo vadovas<\/h2>\n<p>Montuojant labai svarbu teisingai sulygiuoti cilindr\u0105. Rekomenduojame naudoti tinkamus tvirtinimo laikiklius cilindrui pritvirtinti. Montavimo procesas tur\u0117t\u0173 atitikti rekomenduojamas dali\u0173 tikrinimo, remonto ir keitimo bei cilindro atnaujinimo proced\u016bras, siekiant pailginti jo tarnavimo laik\u0105.<\/p>\n<p><img decoding=\"async\" src=\"https:\/\/www.hydraulic-cylinders.net\/wp-content\/uploads\/2025\/01\/songte-chushion-collar.webp\" alt=\"Pagalv\u0117l\u0117s apykakl\u0117s vaizdas\"><\/p>\n<h2>Saugos aspektai ir aplinkos veiksniai<\/h2>\n<p>Naudojant hidraulinius cilindrus, b\u016btina laikytis saugos priemoni\u0173, kad b\u016bt\u0173 i\u0161vengta nelaiming\u0173 atsitikim\u0173. Aplinkos veiksniai, tokie kaip darbo s\u0105lygos ir temperat\u016bra, gali tur\u0117ti \u012ftakos hidraulini\u0173 cilindr\u0173 veikimui, tod\u0117l reikia imtis atitinkam\u0173 priemoni\u0173 optimaliam veikimui u\u017etikrinti.<\/p>\n<h2>Trik\u010di\u0173 \u0161alinimas ir da\u017eniausios problemos<\/h2>\n<ul>\n<li>Hidraulin\u0117s alyvos nuot\u0117kis<\/li>\n<li>Suma\u017eintas efektyvumas<\/li>\n<li>Nenuosekl\u016bs judesiai<\/li>\n<\/ul>\n<p>Norint i\u0161spr\u0119sti \u0161ias problemas, technin\u0117 prie\u017ei\u016bra ir remontas tur\u0117t\u0173 b\u016bti atliekami laikantis rekomenduojam\u0173 proced\u016br\u0173. Reguliarus patikrinimas ir tinkama technin\u0117 prie\u017ei\u016bra gali pad\u0117ti i\u0161vengti \u0161i\u0173 problem\u0173 atsiradimo.<\/p>\n<p><img decoding=\"async\" src=\"https:\/\/www.hydraulic-cylinders.net\/wp-content\/uploads\/2025\/01\/songte-bushings-with-all-kinds-of-excavator-models.webp\" alt=\"\u012evori\u0173 vaizdas\"><\/p>\n<h2>Apie m\u016bs\u0173 \u012fmon\u0119<\/h2>\n<p>Esame pirmaujanti hidraulini\u0173 cilindr\u0173 gamintoja ir didmenin\u0117 prekyba, si\u016blanti plat\u0173 gamini\u0173 asortiment\u0105 vidaus ir tarptautin\u0117ms rinkoms. Vadovaujam\u0117s puikios kokyb\u0117s principu, remdamiesi industrializuota gamybos valdymo strategija, b\u016bdinga smulkiosios gamybos dirbtuv\u0117ms. Nuolat tobuliname savo dirbtuvi\u0173 gamybos platform\u0105, tobuliname gamini\u0173 kokyb\u0117s u\u017etikrinimo proces\u0105 ir pasi\u017eymime stipriais k\u016brybiniais geb\u0117jimais. Siekiame patenkinti \u012fvairius klient\u0173 poreikius, u\u017etikrindami auk\u0161t\u0105 efektyvum\u0105, tikslum\u0105 ir kokyb\u0119.<\/p>\n<ul>\n<li>Profesionalumas<\/li>\n<li>Tarptautinis sertifikavimas<\/li>\n<li>Pritaikymo paslaugos<\/li>\n<li>Gamybos \u012franga<\/li>\n<li>Aptarnavimas po pardavimo<\/li>\n<\/ul>\n<p><img decoding=\"async\" src=\"https:\/\/www.hydraulic-cylinders.net\/wp-content\/uploads\/2025\/01\/songte-company-3.webp\" alt=\"\u012emon\u0117s \u012fvaizdis\"><\/p>\n<p>Autorius: lyl<\/p>","protected":false},"excerpt":{"rendered":"<p>Bucket Cylinder For John Deere E240LC Introduction The bucket cylinder for John Deere E240LC is a specialized hydraulic cylinder primarily used to control the movement of the bucket in heavy machinery such as excavators, backhoe excavators, and front loaders. Its main function is to enable the bucket to lift, lower, and tilt, making it easier [&hellip;]<\/p>","protected":false},"featured_media":14776,"comment_status":"open","ping_status":"closed","template":"","meta":{"_et_pb_use_builder":"","_et_pb_old_content":"","_et_gb_content_width":""},"product_brand":[],"product_cat":[1494],"product_tag":[1495,1496],"class_list":{"0":"post-15845","1":"product","2":"type-product","3":"status-publish","4":"has-post-thumbnail","6":"product_cat-bucket-cylinders","7":"product_tag-bucket-cylinders","8":"product_tag-hydraulic-cylinders","10":"first","11":"instock","12":"shipping-taxable","13":"product-type-simple"},"amp_enabled":true,"_links":{"self":[{"href":"https:\/\/www.hydraulic-cylinders.net\/lt\/wp-json\/wp\/v2\/product\/15845","targetHints":{"allow":["GET"]}}],"collection":[{"href":"https:\/\/www.hydraulic-cylinders.net\/lt\/wp-json\/wp\/v2\/product"}],"about":[{"href":"https:\/\/www.hydraulic-cylinders.net\/lt\/wp-json\/wp\/v2\/types\/product"}],"replies":[{"embeddable":true,"href":"https:\/\/www.hydraulic-cylinders.net\/lt\/wp-json\/wp\/v2\/comments?post=15845"}],"wp:featuredmedia":[{"embeddable":true,"href":"https:\/\/www.hydraulic-cylinders.net\/lt\/wp-json\/wp\/v2\/media\/14776"}],"wp:attachment":[{"href":"https:\/\/www.hydraulic-cylinders.net\/lt\/wp-json\/wp\/v2\/media?parent=15845"}],"wp:term":[{"taxonomy":"product_brand","embeddable":true,"href":"https:\/\/www.hydraulic-cylinders.net\/lt\/wp-json\/wp\/v2\/product_brand?post=15845"},{"taxonomy":"product_cat","embeddable":true,"href":"https:\/\/www.hydraulic-cylinders.net\/lt\/wp-json\/wp\/v2\/product_cat?post=15845"},{"taxonomy":"product_tag","embeddable":true,"href":"https:\/\/www.hydraulic-cylinders.net\/lt\/wp-json\/wp\/v2\/product_tag?post=15845"}],"curies":[{"name":"wp","href":"https:\/\/api.w.org\/{rel}","templated":true}]}}