{"id":15857,"date":"2025-01-19T15:05:02","date_gmt":"2025-01-19T15:05:02","guid":{"rendered":"https:\/\/www.hydraulic-cylinders.net\/product\/bucket-cylinder-for-yuchai-yc85-8\/"},"modified":"2025-01-19T15:05:05","modified_gmt":"2025-01-19T15:05:05","slug":"bucket-cylinder-for-yuchai-yc85-8","status":"publish","type":"product","link":"https:\/\/www.hydraulic-cylinders.net\/lt\/produktas\/bucket-cylinder-for-yuchai-yc85-8\/","title":{"rendered":"Kau\u0161o cilindras, skirtas \u201eYuchai YC85-8\u201c"},"content":{"rendered":"<h1>Kau\u0161o cilindras, skirtas \u201eYuchai YC85-8\u201c<\/h1>\n<h2>\u012evadas<\/h2>\n<p>\u201eYuchai YC85-8\u201c kau\u0161o cilindras yra specialiai sukurtas hidraulinis cilindras, naudojamas valdyti kau\u0161o jud\u0117jim\u0105 sunkiojoje technikoje, tokioje kaip ekskavatoriai, ekskavatoriniai krautuvai ir frontaliniai krautuvai. Pagrindin\u0117 jo funkcija \u2013 leisti pakelti, nuleisti ir pakreipti kau\u0161\u0105, tod\u0117l j\u012f patogu atlikti \u012fvairiose med\u017eiag\u0173 tvarkymo u\u017eduotyse. Hidraulin\u0117je sistemoje kau\u0161o cilindras tiksliai valdo kau\u0161\u0105 keisdamas hidraulin\u0117s alyvos sl\u0117g\u012f, tod\u0117l operatoriai gali efektyviai valdyti sunkius krovinius ir prisitaikyti prie sud\u0117tingos darbo aplinkos bei \u012fvairi\u0173 darbo reikalavim\u0173.<\/p>\n<h3>Apibr\u0117\u017eimas ir paai\u0161kinimas<\/h3>\n<p>\u201eYuchai YC85-8\u201c kau\u0161o cilindras yra hidraulinio cilindro tipas, specialiai sukurtas valdyti kau\u0161o jud\u0117jim\u0105 sunkiojoje technikoje. Jis leid\u017eia tiksliai valdyti kau\u0161o k\u0117limo, nuleidimo ir pakreipimo judesius, tod\u0117l operatoriai gali efektyviai valdyti sunkius krovinius ir prisitaikyti prie \u012fvairi\u0173 darbo s\u0105lyg\u0173 bei reikalavim\u0173. Kau\u0161o cilindras naudoja hidraulin\u0117s alyvos sl\u0117g\u012f, kad b\u016bt\u0173 pasiektas tikslus valdymas ir u\u017etikrintas sklandus bei patikimas veikimas.<\/p>\n<p><img decoding=\"async\" src=\"https:\/\/www.hydraulic-cylinders.net\/wp-content\/uploads\/2025\/01\/songte-company-2.webp\" alt=\"Kau\u0161o cilindro vaizdas\"><\/p>\n<h2>Savyb\u0117s<\/h2>\n<ul>\n<li>Didelis tvirtumas ir ilgaam\u017ei\u0161kumas: Paprastai i\u0161 didelio stiprumo plieno arba aliuminio pagamintas kau\u0161o cilindras gali atlaikyti auk\u0161t\u0105 sl\u0117g\u012f ir dideles apkrovas, tod\u0117l tinka at\u0161iaurioms darbo aplinkoms. Jis suprojektuotas taip, kad atlaikyt\u0173 dilim\u0105 ir korozij\u0105, u\u017etikrindamas ilgesn\u012f tarnavimo laik\u0105.<\/li>\n<li>Efektyvus hidraulinis veikimas: Naudodamas hidraulin\u0117s alyvos sl\u0117g\u012f, kau\u0161o cilindras u\u017etikrina skland\u0173 i\u0161pl\u0117tim\u0105 ir \u012ftraukim\u0105, tod\u0117l greitai reaguoja \u012f valdymo komandas. Jis u\u017etikrina galingas st\u016bmimo ir traukimo j\u0117gas, tod\u0117l tinka sunkiems kroviniams ir sud\u0117tingoms u\u017eduotims atlikti.<\/li>\n<li>\u012evair\u016bs tipai: Kau\u0161o cilindras tiekiamas tiek vienpusio veikimo (hidraulinis sl\u0117gis naudojamas viena kryptimi), tiek dvipusio veikimo (hidraulinis sl\u0117gis naudojamas abiem kryptimis) konfig\u016bracijomis, kad atitikt\u0173 skirtingus eksploatacinius poreikius. Kai kurie modeliai yra teleskopiniai, tod\u0117l juos galima labiau prailginti nedidinant i\u0161orini\u0173 matmen\u0173, tod\u0117l jie tinka naudoti ribotoje erdv\u0117je.<\/li>\n<li>Puikus pakeitimas: m\u016bs\u0173 gaminys gali puikiai pakeisti esamus hidraulinius cilindrus. Si\u016blome plat\u0173 variant\u0173 pasirinkim\u0105, kad patenkintume konkre\u010dius reikalavimus.<\/li>\n<\/ul>\n<p><img decoding=\"async\" src=\"https:\/\/www.hydraulic-cylinders.net\/wp-content\/uploads\/2025\/01\/songte-cylinder-head-with-all-kinds-excavator-models.webp\" alt=\"Produkto pakeitimo paveiksl\u0117lis\"><\/p>\n<h2>Parai\u0161kos<\/h2>\n<p>\u201eYuchai YC85-8\u201c kau\u0161o cilindras naudojamas \u012fvairiose pramon\u0117s \u0161akose ir \u012frangoje:<\/p>\n<ul>\n<li>Statybin\u0117 \u012franga: ekskavatoriuose ji yra gyvybi\u0161kai svarbi kasant, kraunant ir perkeliant grunt\u0105 ar \u0161iuk\u0161les. Ekskavatoriuose krautuvuose kau\u0161o cilindras padeda tiek kasant, tiek keliant.<\/li>\n<li>\u017dem\u0117s \u016bkio technika: naudojama frontaliniuose krautuvuose dirvo\u017eemiui, \u0161ienui ir kitoms med\u017eiagoms kasti, kelti ir transportuoti.<\/li>\n<li>Ekskavatoriai: Kau\u0161o cilindras leid\u017eia atlikti kasimo veiksmus, leisdamas kau\u0161ui \u012fsiskverbti \u012f dirv\u0105.<\/li>\n<li>Priekiniai krautuvai: Priekiniuose krautuvuose jie padeda efektyviai pakelti ir i\u0161mesti prekes.<\/li>\n<\/ul>\n<h3>Statybin\u0117 \u012franga<\/h3>\n<p>Statybin\u0117je \u012frangoje kau\u0161o cilindras yra labai svarbus kasant, kraunant ir perkeliant grunt\u0105 ar \u0161iuk\u0161les. Ekskavatoriuose-krautuvuose kau\u0161o cilindras padeda ir kasant, ir keliant.<\/p>\n<h3>\u017dem\u0117s \u016bkio technika<\/h3>\n<p>\u017dem\u0117s \u016bkio technikoje kau\u0161o cilindras naudojamas frontaliniuose krautuvuose dirvo\u017eemiui, \u0161ienui ir kitoms med\u017eiagoms kasti, kelti ir transportuoti.<\/p>\n<h3>Ekskavatoriai<\/h3>\n<p>Ekskavatoriuose kau\u0161o cilindras leid\u017eia atlikti kasimo veiksmus, leisdamas kau\u0161ui \u012fsiskverbti \u012f dirv\u0105.<\/p>\n<h3>Priekiniai krautuvai<\/h3>\n<p>Priekiniuose krautuvuose kau\u0161o cilindras padeda efektyviai pakelti ir i\u0161versti prekes.<\/p>\n<h2>Projektavimo aspektai ir atrankos kriterijai<\/h2>\n<p>Kalbant apie kau\u0161o cilindr\u0173 konstrukcij\u0105, lemiam\u0105 vaidmen\u012f atlieka keli aspektai ir atrankos kriterijai:<\/p>\n<ul>\n<li>Keliamoji galia: Kau\u0161o cilindras turi b\u016bti suprojektuotas taip, kad atlaikyt\u0173 numatom\u0105 apkrov\u0105 su pakankama saugos riba.<\/li>\n<li>Sandarinimas: Tinkamas sandarinimas yra b\u016btinas norint i\u0161vengti nuot\u0117kio ir u\u017etikrinti efektyv\u0173 hidraulin\u012f veikim\u0105. Hidraulin\u0117s sistemos vientisumui palaikyti naudojami \u012fvair\u016bs sandarinimo komponentai, tokie kaip st\u016bmokli\u0173 ir kot\u0173 sandarikliai.<\/li>\n<li>Patvarumas: Kau\u0161o cilindras turi atlaikyti sud\u0117tingas darbo s\u0105lygas, b\u016bti atsparus dilimui ir korozijai. Siekiant padidinti patvarum\u0105, naudojamos auk\u0161tos kokyb\u0117s med\u017eiagos ir pavir\u0161iaus apdorojimas.<\/li>\n<li>Sauga: Projektuojant tur\u0117t\u0173 b\u016bti numatytos saugos priemon\u0117s, skirtos apsaugoti operatorius ir i\u0161vengti nelaiming\u0173 atsitikim\u0173. Tai apima apsauginius vo\u017etuvus ir kitus mechanizmus, skirtus kontroliuoti per didel\u012f sl\u0117g\u012f ar staigius judesius.<\/li>\n<li>Prie\u017ei\u016bra: lengva prie\u017ei\u016bra ir remontas yra b\u016btini siekiant suma\u017einti prastovas. Reik\u0117t\u0173 atsi\u017evelgti \u012f prieinamum\u0105 ap\u017ei\u016brai, komponent\u0173 keitimui ir kalibravimo paprastum\u0105.<\/li>\n<\/ul>\n<p><img decoding=\"async\" src=\"https:\/\/www.hydraulic-cylinders.net\/wp-content\/uploads\/2025\/01\/songte-oil-pipes-and-spare-parts.webp\" alt=\"Dizaino aspektai Vaizdas\"><\/p>\n<h2>Sandarinimas ir tepimas<\/h2>\n<p>Kau\u0161o cilindre yra \u012fvairi\u0173 sandarinimo komponent\u0173, u\u017etikrinan\u010di\u0173 tinkam\u0105 sandarinim\u0105 ir tepim\u0105:<\/p>\n<ul>\n<li>Sandarinimo tipai: St\u016bmokliniai sandarikliai, kot\u0173 sandarikliai ir kit\u0173 tip\u0173 sandarikliai naudojami siekiant i\u0161vengti skys\u010dio nuot\u0117kio ir palaikyti efektyv\u0173 hidraulin\u012f veikim\u0105. \u0160ie sandarikliai paprastai gaminami i\u0161 atspari\u0173 dilimui med\u017eiag\u0173, toki\u0173 kaip poliuretanas ir nitrilo kau\u010diukas.<\/li>\n<li>Pavir\u0161iaus apdorojimas: Cilindro korpusas ir srieginiai galai yra kruop\u0161\u010diai apdorojami, siekiant padidinti atsparum\u0105 dilimui ir u\u017etikrinti tinkam\u0105 sandarum\u0105.<\/li>\n<li>Tepimas: Norint u\u017etikrinti skland\u0173 veikim\u0105 ir pailginti kau\u0161o cilindro tarnavimo laik\u0105, b\u016btina reguliariai tepti tinkamu hidraulin\u0117s alyvos kiekiu.<\/li>\n<\/ul>\n<h2>Reguliarios patikros ir prevencin\u0117s prie\u017ei\u016bros priemon\u0117s<\/h2>\n<p>Norint u\u017etikrinti optimal\u0173 kau\u0161o cilindro veikim\u0105 ir ilgaam\u017ei\u0161kum\u0105, reikia reguliariai tikrinti ir atlikti prevencines prie\u017ei\u016bros priemones:<\/p>\n<ul>\n<li>Reguliarus patikrinimas: periodi\u0161kai ap\u017ei\u016br\u0117kite kau\u0161o cilindr\u0105, ar n\u0117ra susid\u0117v\u0117jimo, pa\u017eeidim\u0173 ar nuot\u0117ki\u0173 po\u017eymi\u0173. Patikrinkite tvirtinimo ta\u0161kus ir jungtis, ar jie tinkamai suderinti ir ar jie tinkamai priver\u017eti.<\/li>\n<li>Tinkamas tepimas: Laikykit\u0117s gamintojo tepimo nurodym\u0173. Rekomenduojam\u0105 tepal\u0105 tepkite tinkamais intervalais, kad u\u017etikrintum\u0117te skland\u0173 veikim\u0105.<\/li>\n<li>Tarpikli\u0173 keitimas: Jei tarpikliai yra susid\u0117v\u0117j\u0119 ar pa\u017eeisti, juos reikia nedelsiant pakeisti, kad b\u016bt\u0173 i\u0161vengta skys\u010dio nuot\u0117kio ir i\u0161laikytas efektyvus hidraulinis veikimas.<\/li>\n<li>Kalibravimo patikrinimas: periodi\u0161kai tikrinkite ir kalibruokite kau\u0161o cilindr\u0105, kad u\u017etikrintum\u0117te tiksl\u0173 valdym\u0105 ir optimal\u0173 veikim\u0105.<\/li>\n<\/ul>\n<p><img decoding=\"async\" src=\"https:\/\/www.hydraulic-cylinders.net\/wp-content\/uploads\/2025\/01\/songte-chushion-collar.webp\" alt=\"Technin\u0117s prie\u017ei\u016bros priemoni\u0173 paveiksl\u0117lis\"><\/p>\n<h2>Saugos aspektai ir aplinkos veiksniai<\/h2>\n<p>Naudojant kau\u0161o cilindr\u0105, labai svarbu teikti pirmenyb\u0119 saugos priemon\u0117ms, kad b\u016bt\u0173 i\u0161vengta nelaiming\u0173 atsitikim\u0173 ir u\u017etikrinta operatoriaus gerov\u0117. Saugos priemon\u0117s tur\u0117t\u0173 apimti:<\/p>\n<ul>\n<li>Tinkamas mokymas: Operatoriai tur\u0117t\u0173 b\u016bti i\u0161samiai apmokyti, kaip saugiai naudoti ir valdyti kau\u0161o cilindr\u0105.<\/li>\n<li>Apsaugin\u0117s priemon\u0117s: Operatoriai darbo metu privalo d\u0117v\u0117ti tinkamas asmenines apsaugos priemones, tokias kaip apsauginiai akiniai ir pir\u0161tin\u0117s, kad apsisaugot\u0173.<\/li>\n<li>Poveikis aplinkai: naudodami kau\u0161o cilindr\u0105, atsi\u017evelkite \u012f poveik\u012f aplinkai ir u\u017etikrinkite, kad b\u016bt\u0173 laikomasi atitinkam\u0173 taisykli\u0173.<\/li>\n<\/ul>\n<h2>Gedim\u0173 diagnostika ir da\u017eniausios problemos<\/h2>\n<p>Kilus kau\u0161o cilindro gedimams ar problemoms, \u0161ie patarimai ir sprendimai gali pad\u0117ti diagnozuoti ir veiksmingai i\u0161spr\u0119sti problemas:<\/p>\n<ul>\n<li>Gedim\u0173 \u0161alinimo patarimai: nustatykite gedimo pob\u016bd\u012f, pvz., skys\u010dio nuot\u0117k\u012f ar nenormal\u0173 veikim\u0105, ir patikrinkite, ar atitinkami komponentai nepa\u017eeisti ar nesusid\u0117v\u0117j\u0119.<\/li>\n<li>Sprendimo pasi\u016blymai: Remiantis gedimo diagnoze, pritaikykite atitinkamus sprendimus, pvz., pakeiskite pa\u017eeistus sandariklius arba pakoreguokite kalibravim\u0105, kad i\u0161spr\u0119stum\u0117te problem\u0105.<\/li>\n<li>","protected":false},"excerpt":{"rendered":"<p>Bucket Cylinder For Yuchai YC85-8 Introduction The bucket cylinder for Yuchai YC85-8 is a specially designed hydraulic cylinder that is used to control the movement of the bucket in heavy machinery such as excavators, backhoe loaders, and front loaders. Its main function is to enable the lifting, lowering, and tilting of the bucket, making it [&hellip;]<\/p>","protected":false},"featured_media":14782,"comment_status":"open","ping_status":"closed","template":"","meta":{"_et_pb_use_builder":"","_et_pb_old_content":"","_et_gb_content_width":""},"product_brand":[],"product_cat":[1494],"product_tag":[1495,1496],"class_list":{"0":"post-15857","1":"product","2":"type-product","3":"status-publish","4":"has-post-thumbnail","6":"product_cat-bucket-cylinders","7":"product_tag-bucket-cylinders","8":"product_tag-hydraulic-cylinders","10":"first","11":"instock","12":"shipping-taxable","13":"product-type-simple"},"amp_enabled":true,"_links":{"self":[{"href":"https:\/\/www.hydraulic-cylinders.net\/lt\/wp-json\/wp\/v2\/product\/15857","targetHints":{"allow":["GET"]}}],"collection":[{"href":"https:\/\/www.hydraulic-cylinders.net\/lt\/wp-json\/wp\/v2\/product"}],"about":[{"href":"https:\/\/www.hydraulic-cylinders.net\/lt\/wp-json\/wp\/v2\/types\/product"}],"replies":[{"embeddable":true,"href":"https:\/\/www.hydraulic-cylinders.net\/lt\/wp-json\/wp\/v2\/comments?post=15857"}],"wp:featuredmedia":[{"embeddable":true,"href":"https:\/\/www.hydraulic-cylinders.net\/lt\/wp-json\/wp\/v2\/media\/14782"}],"wp:attachment":[{"href":"https:\/\/www.hydraulic-cylinders.net\/lt\/wp-json\/wp\/v2\/media?parent=15857"}],"wp:term":[{"taxonomy":"product_brand","embeddable":true,"href":"https:\/\/www.hydraulic-cylinders.net\/lt\/wp-json\/wp\/v2\/product_brand?post=15857"},{"taxonomy":"product_cat","embeddable":true,"href":"https:\/\/www.hydraulic-cylinders.net\/lt\/wp-json\/wp\/v2\/product_cat?post=15857"},{"taxonomy":"product_tag","embeddable":true,"href":"https:\/\/www.hydraulic-cylinders.net\/lt\/wp-json\/wp\/v2\/product_tag?post=15857"}],"curies":[{"name":"wp","href":"https:\/\/api.w.org\/{rel}","templated":true}]}}