{"id":15865,"date":"2025-01-19T15:05:37","date_gmt":"2025-01-19T15:05:37","guid":{"rendered":"https:\/\/www.hydraulic-cylinders.net\/product\/bucket-cylinder-for-yuchai-yc230lc-8\/"},"modified":"2025-01-19T15:05:39","modified_gmt":"2025-01-19T15:05:39","slug":"bucket-cylinder-for-yuchai-yc230lc-8","status":"publish","type":"product","link":"https:\/\/www.hydraulic-cylinders.net\/lt\/produktas\/bucket-cylinder-for-yuchai-yc230lc-8\/","title":{"rendered":"Kau\u0161o cilindras, skirtas \u201eYuchai YC230LC-8\u201c"},"content":{"rendered":"<h1>Kau\u0161o cilindras, skirtas \u201eYuchai YC230LC-8\u201c<\/h1>\n<h2>\u012evadas<\/h2>\n<p>Kau\u0161o cilindras yra hidraulinis cilindras, specialiai sukurtas valdyti kau\u0161o jud\u0117jim\u0105 sunkiosiose ma\u0161inose, tokiose kaip ekskavatoriai, ekskavatoriniai krautuvai ir frontaliniai krautuvai. Pagrindin\u0117 jo funkcija \u2013 leisti kau\u0161ui pakilti, nuleisti ir pakreipti, taip palengvinant \u012fvairi\u0173 med\u017eiag\u0173 tvarkymo u\u017eduo\u010di\u0173 atlikim\u0105. Hidraulin\u0117se sistemose kau\u0161o cilindras tiksliai valdo kau\u0161\u0105 keisdamas hidraulin\u0117s alyvos sl\u0117g\u012f, tod\u0117l operatoriai gali efektyviai valdyti sunkius krovinius, prisitaikyti prie sud\u0117tingos darbo aplinkos ir \u012fvairi\u0173 eksploatavimo poreiki\u0173.<\/p>\n<p><img decoding=\"async\" src=\"https:\/\/www.hydraulic-cylinders.net\/wp-content\/uploads\/2025\/01\/songte-company-2.webp\" alt=\"Kau\u0161o cilindras\"><\/p>\n<h2>Savyb\u0117s<\/h2>\n<ul>\n<li>\n<h3>Didelis stiprumas ir ilgaam\u017ei\u0161kumas<\/h3>\n<p>Kau\u0161\u0173 cilindrai paprastai gaminami i\u0161 didelio stiprumo plieno arba aliuminio, galintys atlaikyti auk\u0161t\u0105 sl\u0117g\u012f ir dideles apkrovas, prisitaikantys prie at\u0161iauri\u0173 darbo s\u0105lyg\u0173 ir suprojektuoti atsi\u017evelgiant \u012f atsparum\u0105 dilimui ir korozijai, taip prailginant j\u0173 tarnavimo laik\u0105.<\/p>\n<\/li>\n<li>\n<h3>Efektyvus hidraulinis valdymas<\/h3>\n<p>Kau\u0161o cilindras naudoja hidraulin\u0117s alyvos sl\u0117g\u012f, kad pasiekt\u0173 skland\u017eius i\u0161pl\u0117timo ir susitraukimo judesius, leid\u017eian\u010dius greitai reaguoti \u012f valdymo komandas, u\u017etikrinant galing\u0105 st\u016bmimo ir traukimo j\u0117g\u0105, tod\u0117l tinka sunkiems kroviniams kelti ir sud\u0117tingoms eksploatavimo u\u017eduotims atlikti.<\/p>\n<\/li>\n<li>\n<h3>\u012evair\u016bs tipai<\/h3>\n<p>Kau\u0161\u0173 cilindrai gali b\u016bti vienpusio veikimo (hidraulikos naudojimas tik viena kryptimi) arba dvipusio veikimo (hidraulikos naudojimas abiem kryptimis), priklausomai nuo eksploatacini\u0173 poreiki\u0173. Kai kurie modeliai yra teleskopiniai, tod\u0117l juos galima labiau i\u0161pl\u0117sti nedidinant i\u0161orini\u0173 matmen\u0173, tod\u0117l jie tinka naudoti ribotoje erdv\u0117je.<\/p>\n<\/li>\n<li>\n<h3>Puikus pakeitimo variantas<\/h3>\n<p>M\u016bs\u0173 gaminiai gali puikiai pakeisti \u0161iuos hidraulinius cilindrus, ir mes galime pagaminti \u0161\u012f gamin\u012f.<\/p>\n<\/li>\n<p><img decoding=\"async\" src=\"https:\/\/www.hydraulic-cylinders.net\/wp-content\/uploads\/2025\/01\/songte-cylinder-head-with-all-kinds-excavator-models.webp\" alt=\"Kau\u0161o cilindro keitimas\"><\/p>\n<\/ul>\n<h2>Parai\u0161kos<\/h2>\n<p>Kau\u0161\u0173 cilindrai naudojami \u012fvairiose ma\u0161inose, \u012fskaitant:<\/p>\n<ul>\n<li>\n<h3>Statybin\u0117 \u012franga<\/h3>\n<p>Ekskavatoriuose jie yra b\u016btini kasant, kraunant ir perkeliant grunt\u0105 ar \u0161iuk\u0161les. Ekskavatoriuose krautuvuose kau\u0161o cilindras padeda kasti ir kelti. <\/p>\n<\/li>\n<li>\n<h3>\u017dem\u0117s \u016bkio technika<\/h3>\n<p>Naudojamas priekiniuose krautuvuose dirvo\u017eemiui, \u0161ienui ir kitoms med\u017eiagoms semti, kelti ir transportuoti. <\/p>\n<\/li>\n<li>\n<h3>Ekskavatoriai<\/h3>\n<p>Kau\u0161o cilindras i\u0161kasa \u017eem\u0119 leisdamas kau\u0161ui \u012fsiskverbti \u012f dirv\u0105. <\/p>\n<\/li>\n<li>\n<h3>Priekiniai krautuvai<\/h3>\n<p>Priekiniuose krautuvuose jie padeda efektyviai pakelti ir pakreipti krovin\u012f.<\/p>\n<\/li>\n<\/ul>\n<h2>Projektavimo aspektai ir atrankos kriterijai<\/h2>\n<p>Kalbant apie projektavimo aspektus, kau\u0161o cilindrai turi atitikti konkre\u010dius kriterijus, kad veikt\u0173 optimaliai. \u0160tai keli pagrindiniai veiksniai:<\/p>\n<ul>\n<li>\n<h3>Guoli\u0173 talpa<\/h3>\n<p>Cilindro laikomoji galia turi atlaikyti krovinio svor\u012f be deformacijos ar gedimo.<\/p>\n<\/li>\n<li>\n<h3>Sandarinimas<\/h3>\n<p>Cilindras turi b\u016bti tinkamai u\u017esandarintas, kad b\u016bt\u0173 i\u0161vengta hidraulinio skys\u010dio nuot\u0117kio.<\/p>\n<\/li>\n<li>\n<h3>Patvarumas<\/h3>\n<p>Cilindras turi b\u016bti pakankamai patvarus, kad atlaikyt\u0173 at\u0161iaurias darbo s\u0105lygas ir b\u016bt\u0173 atsparus nusid\u0117v\u0117jimui.<\/p>\n<\/li>\n<li>\n<h3>Saugumas<\/h3>\n<p>Kau\u0161\u0173 cilindrai turi b\u016bti suprojektuoti taip, kad b\u016bt\u0173 i\u0161vengta galim\u0173 pavoj\u0173, toki\u0173 kaip nuot\u0117kiai, ply\u0161imai ar sprogimai.<\/p>\n<\/li>\n<li>\n<h3>Prie\u017ei\u016bra<\/h3>\n<p>Cilindras turi b\u016bti suprojektuotas taip, kad j\u012f b\u016bt\u0173 lengva pri\u017ei\u016br\u0117ti ir remontuoti, taip sutrumpinant prastovas.<\/p>\n<\/li>\n<\/ul>\n<p><img decoding=\"async\" src=\"https:\/\/www.hydraulic-cylinders.net\/wp-content\/uploads\/2025\/01\/songte-oil-pipes-and-spare-parts.webp\" alt=\"Kau\u0161o cilindro dalys\"><\/p>\n<h2>Sandarinimas ir tepimas<\/h2>\n<p>Kau\u0161o cilindre naudojami \u012fvair\u016bs sandarikliai, pavyzd\u017eiui, st\u016bmokli\u0173 ir kot\u0173 sandarikliai, pagaminti i\u0161 atspari\u0173 dilimui med\u017eiag\u0173, toki\u0173 kaip poliuretanas ir nitrilo kau\u010diukas. Cilindro korpusas ir sriegio galo pavir\u0161ius yra kruop\u0161\u010diai apdorojami, siekiant pagerinti atsparum\u0105 dilimui. Reguliariai pildami tinkam\u0105 hidraulin\u0117s alyvos kiek\u012f, labai svarbu tepti ir palaikyti optimal\u0173 na\u0161um\u0105.<\/p>\n<h2>Prie\u017ei\u016bra ir remontas<\/h2>\n<p>Reguliarus patikrinimas ir profilaktin\u0117 prie\u017ei\u016bra yra labai svarb\u016bs norint prailginti kau\u0161o cilindr\u0173 tarnavimo laik\u0105. \u0160tai keletas da\u017eniausiai atliekam\u0173 prie\u017ei\u016bros darb\u0173:<\/p>\n<ul>\n<li>\n<h3>Reguliarus patikrinimas<\/h3>\n<p>Reguliariai tikrinkite cilindr\u0105, ar n\u0117ra susid\u0117v\u0117jimo, pa\u017eeidim\u0173 ar nuot\u0117ki\u0173 po\u017eymi\u0173.<\/p>\n<\/li>\n<li>\n<h3>Tepimas<\/h3>\n<p>\u012esitikinkite, kad cilindras yra tinkamai suteptas, kad b\u016bt\u0173 i\u0161laikytas optimalus veikimas.<\/p>\n<\/li>\n<li>\n<h3>Sandariklio keitimas<\/h3>\n<p>Pakeiskite cilindr\u0173 sandariklius, kai pastebite susid\u0117v\u0117jimo, pa\u017eeidimo ar nuot\u0117kio po\u017eymi\u0173.<\/p>\n<\/li>\n<li>\n<h3>Kalibravimo patikrinimas<\/h3>\n<p>Reguliariai tikrinkite cilindro kalibravim\u0105, kad u\u017etikrintum\u0117te optimal\u0173 veikim\u0105.<\/p>\n<\/li>\n<\/ul>\n<p><img decoding=\"async\" src=\"https:\/\/www.hydraulic-cylinders.net\/wp-content\/uploads\/2025\/01\/songte-chushion-collar.webp\" alt=\"Kau\u0161o cilindro montavimas\"><\/p>\n<h2>Saugos aspektai ir aplinkos veiksniai<\/h2>\n<p>Su kau\u0161iniais cilindrais reikia elgtis atsargiai ir juos tinkamai sumontuoti, kad b\u016bt\u0173 i\u0161vengta galim\u0173 pavoj\u0173, toki\u0173 kaip nuot\u0117kiai, ply\u0161imai ar sprogimai. Aplinkos veiksniai, tokie kaip temperat\u016bra, dr\u0117gm\u0117 ir s\u0105lytis su korozin\u0117mis med\u017eiagomis, gali tur\u0117ti \u012ftakos cilindro veikimui ir ilgaam\u017ei\u0161kumui. Tod\u0117l tvarkant ir eksploatuojant kau\u0161inius cilindrus b\u016btina imtis reikiam\u0173 atsargumo priemoni\u0173.<\/p>\n<h2>Diagnoz\u0117 ir trik\u010di\u0173 \u0161alinimas<\/h2>\n<p>Da\u017eniausios kau\u0161o cilindr\u0173 problemos yra nuot\u0117kiai, suma\u017e\u0117j\u0119s na\u0161umas ir gedimai. \u0160i\u0173 problem\u0173 sprendimo patarimai ir sprendimai apima sandarikli\u0173 patikrinim\u0105, hidraulinio skys\u010dio lygio patikrinim\u0105 ir cilindro kalibravimo \u012fvertinim\u0105. Prevencin\u0117s priemon\u0117s, tokios kaip reguliari prie\u017ei\u016bra ir tinkamas elgesys, gali suma\u017einti galimas problemas.<\/p>\n<p><img decoding=\"async\" src=\"https:\/\/www.hydraulic-cylinders.net\/wp-content\/uploads\/2025\/01\/songte-bushings-with-all-kinds-of-excavator-models.webp\" alt=\"Kau\u0161o cilindro \u012fvor\u0117s\"><\/p>\n<h2>Apie m\u016bs\u0173 \u012fmon\u0119<\/h2>\n<p>Esame hidraulini\u0173 cilindr\u0173 pakaital\u0173 gamintojas, si\u016blantis plat\u0173 gamini\u0173 asortiment\u0105, tap\u0119s vienu i\u0161 pirmaujan\u010di\u0173 hidraulini\u0173 cilindr\u0173 gamintoj\u0173 ir didmenini\u0173 platintoj\u0173 vidaus ir tarptautin\u0117se rinkose. Vadovaujam\u0117s puikios kokyb\u0117s principu ir remiam\u0117s sud\u0117ting\u0173 gamybos dirbtuvi\u0173 pramonin\u0117s gamybos valdymo strategija. Nuolat tobuliname savo dirbtuvi\u0173 gamybos platform\u0105, geriname gamini\u0173 kokyb\u0117s gamybos linijas ir turime stipri\u0173 k\u016brybini\u0173 galimybi\u0173, kad patenkintume \u012fvairius klient\u0173 poreikius, teikdami didelio efektyvumo, didelio tikslumo ir auk\u0161tos kokyb\u0117s produktus.<\/p>\n<ul>\n<li>\n<h3>Profesionalumas<\/h3>\n<p>M\u016bs\u0173 \u012fmon\u0117je dirba technini\u0173 ekspert\u0173 ir specialist\u0173 komanda, turinti ilgamet\u0119 hidraulini\u0173 cilindr\u0173 keitimo patirt\u012f.<\/p>\n<\/li>\n<li>\n<h3>Tarptautinis sertifikavimas<\/h3>\n<p>M\u016bs\u0173 gaminiai turi tarptautinius sertifikatus, tokius kaip ISO, CE ir ROHS, kurie u\u017etikrina atitikt\u012f pasauliniams standartams.<\/p>\n<\/li>\n<li>\n<h3>Pritaikymas<\/h3>\n<p>Si\u016blome individualiai pritaikytas paslaugas, kad patenkintume unikalius klient\u0173 reikalavimus ir pageidavimus.<\/p>\n<\/li>\n<li>\n<h3>Gamybos \u012franga<\/h3>\n<p>M\u016bs\u0173 \u012fmon\u0117 turi moderni\u0105 ir pa\u017eangi\u0105 gamybos \u012frang\u0105, \u012fskaitant CNC tekinimo stakles, frezavimo stakles ir bandym\u0173 patalpas.<\/p>\n<\/li>\n<li>\n<h3>Aptarnavimas po pardavimo<\/h3>\n<p>Teikiame puik\u0173 aptarnavim\u0105 po pardavimo, \u012fskaitant remont\u0105, keitim\u0105 ir atstatym\u0105, siekdami u\u017etikrinti klient\u0173 pasitenkinim\u0105 ir ilgalaikius santykius su klientais.<\/p>\n<\/li>\n<\/ul>\n<p><img decoding=\"async\" src=\"https:\/\/hzpt.com\/wp-content\/uploads\/2024\/11\/songte-company-1.webp\" alt=\"\u012emon\u0117s ap\u017evalga\"><\/p>\n<p>Autorius: lyl<\/p>","protected":false},"excerpt":{"rendered":"<p>Bucket Cylinder For Yuchai YC230LC-8 Introduction A bucket cylinder is a hydraulic cylinder specially designed to control the movement of the bucket in heavy machinery, such as excavators, backhoe loaders, and front loaders. Its main function is to allow the bucket to lift, lower, and tilt, making it easier to handle various material handling tasks. [&hellip;]<\/p>","protected":false},"featured_media":14762,"comment_status":"open","ping_status":"closed","template":"","meta":{"_et_pb_use_builder":"","_et_pb_old_content":"","_et_gb_content_width":""},"product_brand":[],"product_cat":[1494],"product_tag":[1495,1496],"class_list":{"0":"post-15865","1":"product","2":"type-product","3":"status-publish","4":"has-post-thumbnail","6":"product_cat-bucket-cylinders","7":"product_tag-bucket-cylinders","8":"product_tag-hydraulic-cylinders","10":"first","11":"instock","12":"shipping-taxable","13":"product-type-simple"},"amp_enabled":true,"_links":{"self":[{"href":"https:\/\/www.hydraulic-cylinders.net\/lt\/wp-json\/wp\/v2\/product\/15865","targetHints":{"allow":["GET"]}}],"collection":[{"href":"https:\/\/www.hydraulic-cylinders.net\/lt\/wp-json\/wp\/v2\/product"}],"about":[{"href":"https:\/\/www.hydraulic-cylinders.net\/lt\/wp-json\/wp\/v2\/types\/product"}],"replies":[{"embeddable":true,"href":"https:\/\/www.hydraulic-cylinders.net\/lt\/wp-json\/wp\/v2\/comments?post=15865"}],"wp:featuredmedia":[{"embeddable":true,"href":"https:\/\/www.hydraulic-cylinders.net\/lt\/wp-json\/wp\/v2\/media\/14762"}],"wp:attachment":[{"href":"https:\/\/www.hydraulic-cylinders.net\/lt\/wp-json\/wp\/v2\/media?parent=15865"}],"wp:term":[{"taxonomy":"product_brand","embeddable":true,"href":"https:\/\/www.hydraulic-cylinders.net\/lt\/wp-json\/wp\/v2\/product_brand?post=15865"},{"taxonomy":"product_cat","embeddable":true,"href":"https:\/\/www.hydraulic-cylinders.net\/lt\/wp-json\/wp\/v2\/product_cat?post=15865"},{"taxonomy":"product_tag","embeddable":true,"href":"https:\/\/www.hydraulic-cylinders.net\/lt\/wp-json\/wp\/v2\/product_tag?post=15865"}],"curies":[{"name":"wp","href":"https:\/\/api.w.org\/{rel}","templated":true}]}}