{"id":15868,"date":"2025-01-19T15:05:52","date_gmt":"2025-01-19T15:05:52","guid":{"rendered":"https:\/\/www.hydraulic-cylinders.net\/product\/bucket-cylinder-for-yangong-yg85e\/"},"modified":"2025-01-19T15:05:54","modified_gmt":"2025-01-19T15:05:54","slug":"bucket-cylinder-for-yangong-yg85e","status":"publish","type":"product","link":"https:\/\/www.hydraulic-cylinders.net\/lt\/produktas\/bucket-cylinder-for-yangong-yg85e\/","title":{"rendered":"Kau\u0161o cilindras Yangong YG85E"},"content":{"rendered":"<h2>Kau\u0161o cilindras Yangong YG85E modeliui<\/h2>\n<h3>\u012evadas<\/h3>\n<p>\u201eYangong YG85E\u201c kau\u0161o cilindras yra specializuotas hidraulinis cilindras, skirtas valdyti kau\u0161\u0173 jud\u0117jim\u0105 sunkiojoje technikoje, pavyzd\u017eiui, ekskavatoriuose, ekskavatoriniuose krautuvams ir frontaliniams krautuvams. Pagrindin\u0117 jo funkcija \u2013 leisti kau\u0161ui pakilti, nuleisti ir pakreipti, kad b\u016bt\u0173 lengviau atlikti \u012fvairias med\u017eiag\u0173 tvarkymo u\u017eduotis. Hidraulin\u0117je sistemoje kau\u0161o cilindras tiksliai valdo kau\u0161\u0105 keisdamas hidraulin\u0117s alyvos sl\u0117g\u012f, tod\u0117l operatoriai gali efektyviai valdyti sunkius krovinius ir prisitaikyti prie sud\u0117tingos darbo aplinkos bei \u012fvairi\u0173 darbo reikalavim\u0173.<\/p>\n<p><img decoding=\"async\" src=\"https:\/\/www.hydraulic-cylinders.net\/wp-content\/uploads\/2025\/01\/songte-company-2.webp\" alt=\"Kau\u0161o cilindras Yangong YG85E modeliui\"><\/p>\n<h3>Savyb\u0117s<\/h3>\n<ul>\n<li>Didelis tvirtumas ir ilgaam\u017ei\u0161kumas: Paprastai i\u0161 didelio stiprumo plieno arba aliuminio pagamintas kau\u0161o cilindras gali atlaikyti auk\u0161t\u0105 sl\u0117g\u012f ir dideles apkrovas, prisitaikydamas prie at\u0161iauri\u0173 darbo s\u0105lyg\u0173. Konstrukcijoje atsi\u017evelgiama \u012f atsparum\u0105 dilimui ir korozijai, taip pailginant tarnavimo laik\u0105.<\/li>\n<li>Efektyvus hidraulinis veikimas: Cilindras, naudodamas hidraulin\u0117s alyvos sl\u0117g\u012f sklandiems i\u0161pl\u0117timo ir susitraukimo judesiams pasiekti, gali greitai reaguoti \u012f valdymo komandas, u\u017etikrindamas galingas st\u016bmimo ir traukimo j\u0117gas, tinkamas sunkiems kroviniams ir sud\u0117tingoms u\u017eduotims atlikti.<\/li>\n<li>\u012evair\u016bs tipai: pagal poreikius ir skirtingus eksploatavimo reikalavimus galima pasirinkti vienpusio veikimo (hidraulik\u0105 naudojant tik viena kryptimi) arba dvipusio veikimo (hidraulik\u0105 naudojant dviem kryptimis) cilindrus. Kai kurie modeliai yra teleskopiniai, tod\u0117l juos galima labiau i\u0161tiesti nedidinant i\u0161orini\u0173 matmen\u0173, tod\u0117l jie tinka naudoti ribotoje erdv\u0117je.<\/li>\n<li>Kei\u010diamas: m\u016bs\u0173 gaminys gali puikiai pakeisti \u0161iuos hidraulinius cilindrus.<\/li>\n<\/ul>\n<p><img decoding=\"async\" src=\"https:\/\/www.hydraulic-cylinders.net\/wp-content\/uploads\/2025\/01\/songte-cylinder-head-with-all-kinds-excavator-models.webp\" alt=\"Kau\u0161o cilindras Yangong YG85E modeliui\"><\/p>\n<h3>Parai\u0161kos<\/h3>\n<p>\u201eYangong YG85E\u201c kau\u0161o cilindras yra pla\u010diai naudojamas \u012fvairiose sunkiosiose ma\u0161inose, \u012fskaitant:<\/p>\n<ul>\n<li>Statybin\u0117 \u012franga: ekskavatoriuose jie yra labai svarb\u016bs kasant, kraunant ir perkeliant grunt\u0105 ar \u0161iuk\u0161les. Ekskavatoriuose-krautuvuose kau\u0161o cilindras padeda tiek kasti, tiek kelti.<\/li>\n<li>\u017dem\u0117s \u016bkio technika: naudojama priekiniuose krautuvuose dirvo\u017eemiui, \u0161ienui ir kitoms med\u017eiagoms semti, kelti ir transportuoti. Ekskavatoriuose kau\u0161o cilindras leid\u017eia kasti, leisdamas kau\u0161ui \u012fsiskverbti \u012f \u017eem\u0119. Priekiniuose krautuvuose jie padeda efektyviai pakelti ir pakreipti prekes.<\/li>\n<\/ul>\n<h3>Projektavimo aspektai ir atrankos kriterijai<\/h3>\n<p>Remdamiesi projektavimo aspektais, galime i\u0161nagrin\u0117ti kau\u0161o cilindro laikom\u0105j\u0105 gali\u0105, sandarum\u0105, ilgaam\u017ei\u0161kum\u0105, saugum\u0105 ir prie\u017ei\u016br\u0105. Galima aptarti \u0161iuos punktus:<\/p>\n<ul>\n<li>Keliamoji galia: Kau\u0161o cilindras turi atlaikyti krovinio svor\u012f ir hidraulin\u0117s alyvos sl\u0117g\u012f.<\/li>\n<li>Sandarinimas: \u012evair\u016bs sandarinimo komponentai, tokie kaip st\u016bmokli\u0173 ir kot\u0173 sandarikliai, naudojami siekiant i\u0161vengti hidraulin\u0117s alyvos nuot\u0117kio. Sandarinimo komponentai pagaminti i\u0161 atspari\u0173 dilimui med\u017eiag\u0173, toki\u0173 kaip poliuretanas ir nitrilo kau\u010diukas, siekiant padidinti j\u0173 ilgaam\u017ei\u0161kum\u0105. Cilindro korpusas ir sriegio galo pavir\u0161ius yra kruop\u0161\u010diai apdirbti, siekiant pagerinti atsparum\u0105 dilimui.<\/li>\n<li>Patvarumas: Kau\u0161o cilindras yra sukurtas taip, kad atlaikyt\u0173 at\u0161iaurias eksploatavimo s\u0105lygas, \u012fskaitant ekstremalias temperat\u016bras, ne\u0161varum\u0173 ir \u0161iuk\u0161li\u0173 bei korozij\u0105 sukelian\u010di\u0173 med\u017eiag\u0173 poveik\u012f.<\/li>\n<li>Sauga: Siekiant i\u0161vengti nelaiming\u0173 atsitikim\u0173, turi b\u016bti imtasi tinkam\u0173 saugos priemoni\u0173. Kau\u0161o cilindras turi b\u016bti tinkamai sumontuotas, pri\u017ei\u016brimas ir naudojamas pagal gamintojo instrukcijas.<\/li>\n<li>Prie\u017ei\u016bra: Reguliarus patikrinimas ir prie\u017ei\u016bra gali u\u017etikrinti skland\u0173 kau\u0161o cilindro veikim\u0105 ir pailginti jo tarnavimo laik\u0105.<\/li>\n<\/ul>\n<p><img decoding=\"async\" src=\"https:\/\/www.hydraulic-cylinders.net\/wp-content\/uploads\/2025\/01\/songte-oil-pipes-and-spare-parts.webp\" alt=\"Kau\u0161o cilindras Yangong YG85E modeliui\"><\/p>\n<h3>Sandarinimas ir tepimas<\/h3>\n<p>Kau\u0161o cilindre naudojami \u012fvair\u016bs sandarinimo komponentai, tokie kaip st\u016bmoklio ir strypo sandarikliai, kad hidraulin\u0117 alyva nenutek\u0117t\u0173. \u0160ie sandarinimo komponentai pagaminti i\u0161 atspari\u0173 dilimui med\u017eiag\u0173, toki\u0173 kaip poliuretanas ir nitrilo kau\u010diukas. Cilindro korpusas ir sriegio galo pavir\u0161ius yra kruop\u0161\u010diai apdirbti, siekiant pagerinti atsparum\u0105 dilimui. Norint u\u017etikrinti skland\u0173 cilindro veikim\u0105 ir pailginti jo tarnavimo laik\u0105, b\u016btina reguliariai tepti tinkamu hidraulin\u0117s alyvos kiekiu.<\/p>\n<h3>Ap\u017ei\u016bra ir prie\u017ei\u016bra<\/h3>\n<p>Reguliarus patikrinimas ir technin\u0117 prie\u017ei\u016bra yra b\u016btini siekiant u\u017etikrinti skland\u0173 kau\u0161o cilindro veikim\u0105 ir pailginti jo tarnavimo laik\u0105. Reik\u0117t\u0173 atlikti \u0161ias u\u017eduotis:<\/p>\n<ul>\n<li>Reguliarus patikrinimas<\/li>\n<li>Tinkamas tepimas<\/li>\n<li>Sandariklio keitimas<\/li>\n<li>Kalibravimo patikrinimas<\/li>\n<\/ul>\n<p>Montuojant labai svarbu tinkamai sulygiuoti cilindr\u0105. Cilindrui pritvirtinti rekomenduojama naudoti tinkamus montavimo laikiklius. Reik\u0117t\u0173 pabr\u0117\u017eti teisingo montavimo, tepimo ir reguliavimo svarb\u0105. Pateikiamos rekomenduojamos patikros, remonto ir keitimo proced\u016bros, siekiant pailginti kau\u0161o cilindro tarnavimo laik\u0105.<\/p>\n<p><img decoding=\"async\" src=\"https:\/\/www.hydraulic-cylinders.net\/wp-content\/uploads\/2025\/01\/songte-chushion-collar.webp\" alt=\"Kau\u0161o cilindras Yangong YG85E modeliui\"><\/p>\n<h3>Saugos aspektai ir aplinkos veiksniai<\/h3>\n<p>Naudojant kau\u0161o cilindr\u0105, labai svarbios saugos priemon\u0117s. B\u016btina laikytis saugos taisykli\u0173 ir nurodym\u0173, kad b\u016bt\u0173 i\u0161vengta nelaiming\u0173 atsitikim\u0173 ir su\u017ealojim\u0173. Kau\u0161o cilindr\u0105 reikia tinkamai pri\u017ei\u016br\u0117ti ir naudoti pagal gamintojo instrukcijas, kad b\u016bt\u0173 u\u017etikrintas saugumas. Naudojant kau\u0161o cilindr\u0105, reikia atsi\u017evelgti \u012f aplinkos veiksnius. Siekiant suma\u017einti aplinkos tar\u0161\u0105, reikia imtis tinkam\u0173 atliek\u0173 \u0161alinimo ir aplinkos apsaugos priemoni\u0173.<\/p>\n<h3>Trik\u010di\u0173 \u0161alinimas ir da\u017eniausios problemos<\/h3>\n<p>Kau\u0161o cilindras gali susidurti su \u012fvairiomis problemomis, tokiomis kaip nuot\u0117kis, l\u0117tas veikimas ir sandarinimo komponent\u0173 pa\u017eeidimai. Trik\u010di\u0173 \u0161alinimo ir problem\u0173 sprendimo patarimai gali pad\u0117ti skaitytojams diagnozuoti ir veiksmingai i\u0161spr\u0119sti problemas. Prevencin\u0117s priemon\u0117s gali suma\u017einti galimas problemas.<\/p>\n<p><img decoding=\"async\" src=\"https:\/\/www.hydraulic-cylinders.net\/wp-content\/uploads\/2025\/01\/songte-bushings-with-all-kinds-of-excavator-models.webp\" alt=\"Kau\u0161o cilindras Yangong YG85E modeliui\"><\/p>\n<h2>Apie mus<\/h2>\n<p>Esame pakaitini\u0173 hidraulini\u0173 cilindr\u0173 gamintojas. Si\u016blome plat\u0173 gamini\u0173 asortiment\u0105 ir tapome vienu i\u0161 pirmaujan\u010di\u0173 hidraulini\u0173 cilindr\u0173 gamintoj\u0173 ir didmenini\u0173 platintoj\u0173 vidaus ir tarptautin\u0117se rinkose. Vadovaujam\u0117s puikios kokyb\u0117s principu ir pasikliaujame industrializuota sud\u0117ting\u0173 gamybos dirbtuvi\u0173 gamybos valdymo strategija. Naudodami techninius talentus, auk\u0161\u010diausios klas\u0117s skaitmenin\u0119 gamybos \u012frang\u0105 ir profesionalias testavimo sistemas, nuolat tobuliname dirbtuvi\u0173 gamybos platform\u0105, geriname gamini\u0173 kokyb\u0117s gamybos linij\u0105 ir pasi\u017eymime stipriais k\u016brybiniais geb\u0117jimais. Mes tiekiame efektyvius, tikslius ir auk\u0161tos kokyb\u0117s gaminius, kad patenkintume \u012fvairius klient\u0173 poreikius.<\/p>\n<p><img decoding=\"async\" src=\"https:\/\/hzpt.com\/wp-content\/uploads\/2024\/11\/songte-company-1.webp\" alt=\"Apie mus\"><\/p>\n<h3>Profesionalumas<\/h3>\n<p>Turime profesional\u0173 komand\u0105, kuri yra \u012fgudusi projektuoti ir gaminti hidraulinius cilindrus. Si\u016blome individualius sprendimus, kad patenkintume konkre\u010dius m\u016bs\u0173 klient\u0173 poreikius.<\/p>\n<h3>Tarptautinis sertifikavimas<\/h3>\n<p>M\u016bs\u0173 gaminiai yra sertifikuoti tarptautiniu mastu, tokiais kaip CE, ISO ir SGS, o tai u\u017etikrina j\u0173 kokyb\u0119 ir patikimum\u0105.<\/p>\n<h3>Pritaikymo paslaugos<\/h3>\n<p>Mes teikiame hidraulini\u0173 cilindr\u0173 pritaikymo paslaugas, kad patenkintume konkre\u010dius klient\u0173 poreikius.<\/p>\n<h3>Gamybos \u012franga<\/h3>\n<p>Mes naudojame pa\u017eangi\u0105 gamybos \u012frang\u0105, kad u\u017etikrintume savo gamini\u0173 tikslum\u0105 ir efektyvum\u0105.<\/p>\n<h3>Aptarnavimas po pardavimo<\/h3>\n<p>Mes teikiame garantinio aptarnavimo paslaugas savo klientams, u\u017etikrindami j\u0173 pasitenkinim\u0105 m\u016bs\u0173 produktais ir paslaugomis.<\/p>\n<h4>Autorius: lyl<\/h4>","protected":false},"excerpt":{"rendered":"<p>Bucket Cylinder for Yangong YG85E Introduction The bucket cylinder for Yangong YG85E is a specialized hydraulic cylinder designed to control the movement of buckets in heavy machinery, such as excavators, backhoe loaders, and front-end loaders. Its primary function is to enable the bucket to lift, lower, and tilt, making it easier to handle various material [&hellip;]<\/p>","protected":false},"featured_media":14788,"comment_status":"open","ping_status":"closed","template":"","meta":{"_et_pb_use_builder":"","_et_pb_old_content":"","_et_gb_content_width":""},"product_brand":[],"product_cat":[1494],"product_tag":[1495,1496],"class_list":{"0":"post-15868","1":"product","2":"type-product","3":"status-publish","4":"has-post-thumbnail","6":"product_cat-bucket-cylinders","7":"product_tag-bucket-cylinders","8":"product_tag-hydraulic-cylinders","10":"first","11":"instock","12":"shipping-taxable","13":"product-type-simple"},"amp_enabled":true,"_links":{"self":[{"href":"https:\/\/www.hydraulic-cylinders.net\/lt\/wp-json\/wp\/v2\/product\/15868","targetHints":{"allow":["GET"]}}],"collection":[{"href":"https:\/\/www.hydraulic-cylinders.net\/lt\/wp-json\/wp\/v2\/product"}],"about":[{"href":"https:\/\/www.hydraulic-cylinders.net\/lt\/wp-json\/wp\/v2\/types\/product"}],"replies":[{"embeddable":true,"href":"https:\/\/www.hydraulic-cylinders.net\/lt\/wp-json\/wp\/v2\/comments?post=15868"}],"wp:featuredmedia":[{"embeddable":true,"href":"https:\/\/www.hydraulic-cylinders.net\/lt\/wp-json\/wp\/v2\/media\/14788"}],"wp:attachment":[{"href":"https:\/\/www.hydraulic-cylinders.net\/lt\/wp-json\/wp\/v2\/media?parent=15868"}],"wp:term":[{"taxonomy":"product_brand","embeddable":true,"href":"https:\/\/www.hydraulic-cylinders.net\/lt\/wp-json\/wp\/v2\/product_brand?post=15868"},{"taxonomy":"product_cat","embeddable":true,"href":"https:\/\/www.hydraulic-cylinders.net\/lt\/wp-json\/wp\/v2\/product_cat?post=15868"},{"taxonomy":"product_tag","embeddable":true,"href":"https:\/\/www.hydraulic-cylinders.net\/lt\/wp-json\/wp\/v2\/product_tag?post=15868"}],"curies":[{"name":"wp","href":"https:\/\/api.w.org\/{rel}","templated":true}]}}