{"id":15869,"date":"2025-01-19T15:05:57","date_gmt":"2025-01-19T15:05:57","guid":{"rendered":"https:\/\/www.hydraulic-cylinders.net\/product\/bucket-cylinder-for-tota-tx60c\/"},"modified":"2025-01-19T15:06:03","modified_gmt":"2025-01-19T15:06:03","slug":"bucket-cylinder-for-tota-tx60c","status":"publish","type":"product","link":"https:\/\/www.hydraulic-cylinders.net\/lt\/produktas\/bucket-cylinder-for-tota-tx60c\/","title":{"rendered":"Kau\u0161o cilindras skirtas Tota TX60C"},"content":{"rendered":"<h1>Kau\u0161o cilindras skirtas Tota TX60C<\/h1>\n<h2>\u012evadas<\/h2>\n<p>\u201eTota TX60C\u201c kau\u0161o cilindras yra specializuotas hidraulinis cilindras, daugiausia naudojamas kau\u0161o jud\u0117jimui valdyti sunkiosiose ma\u0161inose, tokiose kaip ekskavatoriai, ekskavatoriniai krautuvai ir frontaliniai krautuvai. Pagrindin\u0117 jo funkcija \u2013 leisti kau\u0161ui pakilti, nuleisti ir pakreipti, kad b\u016bt\u0173 lengviau atlikti \u012fvairias med\u017eiag\u0173 tvarkymo u\u017eduotis. Hidraulin\u0117je sistemoje kau\u0161o cilindras tiksliai valdo kau\u0161o jud\u0117jim\u0105 keisdamas hidraulin\u0117s alyvos sl\u0117g\u012f, tod\u0117l operatorius gali efektyviai valdyti sunkius krovinius, prisitaikyti prie sud\u0117tingos darbo aplinkos ir patenkinti \u012fvairius darbo poreikius.<\/p>\n<p><img decoding=\"async\" src=\"https:\/\/www.hydraulic-cylinders.net\/wp-content\/uploads\/2025\/01\/songte-company-2.webp\" alt=\"Kau\u0161o cilindras skirtas Tota TX60C\" \/><\/p>\n<h3>Pagrindin\u0117s savyb\u0117s<\/h3>\n<ul>\n<li>\n<h4>Didelis stiprumas ir ilgaam\u017ei\u0161kumas:<\/h4>\n<p> Paprastai pagamintas i\u0161 didelio stiprumo plieno arba aliuminio, jis gali atlaikyti auk\u0161t\u0105 sl\u0117g\u012f ir dideles apkrovas, o jo konstrukcija u\u017etikrina atsparum\u0105 dilimui ir korozijai, taip pailgindamas jo tarnavimo laik\u0105.<\/li>\n<li>\n<h4>Efektyvus hidraulinis valdymas:<\/h4>\n<p> Naudodamas hidraulin\u0117s alyvos sl\u0117g\u012f skland\u017eiam teleskopiniam jud\u0117jimui u\u017etikrinti, jis gali greitai reaguoti \u012f valdymo komandas, u\u017etikrinti galingas st\u016bmimo ir traukimo j\u0117gas ir tinka sunkiems kroviniams kelti bei sud\u0117tingoms u\u017eduotims atlikti.<\/li>\n<li>\n<h4>\u012evair\u016bs tipai:<\/h4>\n<p> Rinkit\u0117s i\u0161 vienpusio veikimo (hidraulinis naudojamas tik viena kryptimi) arba dvipusio veikimo (hidraulinis naudojamas dviem kryptimis) cilindr\u0173, kad patenkintum\u0117te skirtingus eksploatacinius poreikius. Kai kurie modeliai yra teleskopiniai, tod\u0117l juos galima labiau i\u0161tiesti nedidinant i\u0161orini\u0173 matmen\u0173, tod\u0117l jie tinka naudoti ribotoje erdv\u0117je.<\/li>\n<li>\n<h4>Pakeitimo prieinamumas:<\/h4>\n<p> M\u016bs\u0173 gaminys gali puikiai pakeisti \u0161iuos hidraulinius cilindrus.<\/li>\n<\/ul>\n<p><img decoding=\"async\" src=\"https:\/\/www.hydraulic-cylinders.net\/wp-content\/uploads\/2025\/01\/songte-cylinder-head-with-all-kinds-excavator-models.webp\" alt=\"Kau\u0161o cilindras skirtas Tota TX60C\" \/><\/p>\n<h2>Parai\u0161kos<\/h2>\n<p>\u201eTota TX60C\u201c kau\u0161o cilindras yra pla\u010diai naudojamas \u012fvairiose srityse, \u012fskaitant:<\/p>\n<ul>\n<li>\n<h3>Statybin\u0117 \u012franga:<\/h3>\n<p> Ekskavatoriuose jie yra labai svarb\u016bs kasant, kraunant ir perkeliant grunt\u0105 ar \u0161iuk\u0161les. Ekskavatoriuose-krautuvuose kau\u0161o cilindras padeda tiek kasti, tiek kelti. <\/li>\n<li>\n<h3>\u017dem\u0117s \u016bkio technika:<\/h3>\n<p> Naudojamas priekiniuose krautuvuose dirvo\u017eemiui, \u0161ienui ir kitoms med\u017eiagoms semti, kelti ir transportuoti. <\/li>\n<li>\n<h3>Ekskavatoriai:<\/h3>\n<p> Kau\u0161o cilindras kasimo veiksm\u0105 atlieka leisdamas kau\u0161ui \u012fsiskverbti \u012f dirv\u0105.<\/li>\n<li>\n<h3>Priekiniai krautuvai:<\/h3>\n<p> Priekiniuose krautuvuose jie padeda efektyviai kelti ir pakreipti prekes.<\/li>\n<\/ul>\n<h2>Projektavimo aspektai ir atrankos kriterijai<\/h2>\n<p>Atsi\u017evelgiant \u012f projektavimo aspektus, toliau aptariami pagrindiniai veiksniai, tokie kaip laikomoji galia, sandarumas, ilgaam\u017ei\u0161kumas, saugumas ir prie\u017ei\u016bros paprastumas:<\/p>\n<ul>\n<li>\n<h3>Apkrovos paj\u0117gumas:<\/h3>\n<p> Cilindras turi b\u016bti suprojektuotas taip, kad atlaikyt\u0173 apkrovas, su kuriomis jis susidurs naudojimo metu. Reik\u0117t\u0173 naudoti didelio stiprumo med\u017eiagas, tokias kaip plienas arba aliuminis.<\/li>\n<li>\n<h3>Sandarinimas:<\/h3>\n<p> Siekiant u\u017etikrinti efektyv\u0173 sandarinim\u0105 ir i\u0161vengti alyvos nuot\u0117kio, tur\u0117t\u0173 b\u016bti naudojami \u012fvair\u016bs sandarikliai, tokie kaip st\u016bmokli\u0173 sandarikliai, kot\u0173 sandarikliai ir kt., pagaminti i\u0161 atspari\u0173 dilimui med\u017eiag\u0173, toki\u0173 kaip poliuretanas, nitrilo kau\u010diukas. Cilindro korpusas ir srieginiai pavir\u0161iai turi b\u016bti kruop\u0161\u010diai apdorojami, kad b\u016bt\u0173 padidintas atsparumas dilimui.<\/li>\n<li>\n<h3>Patvarumas:<\/h3>\n<p> Cilindras turi b\u016bti suprojektuotas taip, kad b\u016bt\u0173 atsparus dilimui ir korozijai, ir u\u017etikrint\u0173 ilgalaik\u012f veikim\u0105 at\u0161iauriomis s\u0105lygomis.<\/li>\n<li>\n<h3>Saugumas:<\/h3>\n<p> Balionas tur\u0117t\u0173 b\u016bti suprojektuotas taip, kad gedimo atveju operatoriai ir pa\u0161aliniai asmenys neb\u016bt\u0173 su\u017eeisti, turint tokias saugos priemones kaip sl\u0117gio ma\u017einimo vo\u017etuvai ir avarinio stabdymo jungikliai ir kt.<\/li>\n<li>\n<h3>Prie\u017ei\u016bros paprastumas:<\/h3>\n<p> Balionas tur\u0117t\u0173 b\u016bti suprojektuotas taip, kad j\u012f b\u016bt\u0173 lengva pri\u017ei\u016br\u0117ti, atliekant tokias proced\u016bras kaip reguliarus alyvos keitimas, periodin\u0117s patikros, susid\u0117v\u0117jusi\u0173 dali\u0173 keitimas ir kt.<\/li>\n<\/ul>\n<p><img decoding=\"async\" src=\"https:\/\/www.hydraulic-cylinders.net\/wp-content\/uploads\/2025\/01\/songte-oil-pipes-and-spare-parts.webp\" alt=\"Kau\u0161o cilindras skirtas Tota TX60C\" \/><\/p>\n<h2>Sandarinimas ir tepimas<\/h2>\n<p>Siekiant u\u017etikrinti efektyv\u0173 sandarinim\u0105 ir i\u0161vengti alyvos nuot\u0117kio, tur\u0117t\u0173 b\u016bti naudojami \u012fvair\u016bs sandarikliai, tokie kaip st\u016bmokli\u0173 sandarikliai, kot\u0173 sandarikliai ir kt., pagaminti i\u0161 atspari\u0173 dilimui med\u017eiag\u0173, toki\u0173 kaip poliuretanas, nitrilo kau\u010diukas ir kt. Cilindro korpusas ir srieginiai galiniai pavir\u0161iai turi b\u016bti kruop\u0161\u010diai apdorojami, kad padid\u0117t\u0173 atsparumas dilimui. Norint u\u017etikrinti skland\u0173 judan\u010di\u0173 dali\u0173 veikim\u0105 ir sutepim\u0105, reikia reguliariai \u012fpilti pakankamai hidraulin\u0117s alyvos.<\/p>\n<h2>Ap\u017ei\u016bra ir prevencin\u0117 prie\u017ei\u016bra<\/h2>\n<p>Norint aptikti ir u\u017ekirsti keli\u0105 galimoms problemoms, reikia reguliariai atlikti patikrinimus. Toliau pateikiami \u012fprasti technin\u0117s prie\u017ei\u016bros darbai:<\/p>\n<ul>\n<li>\n<h3>Reguliariai tikrinkite:<\/h3>\n<p> Patikrinkite, ar cilindre ir jo komponentuose n\u0117ra nuot\u0117ki\u0173, \u012ftr\u016bkim\u0173 ir susid\u0117v\u0117jimo.<\/li>\n<li>\n<h3>Tinkamai sutepkite:<\/h3>\n<p> Sutepkite cilindr\u0105 rekomenduojama alyva, kad u\u017etikrintum\u0117te skland\u0173 veikim\u0105 ir ilgaam\u017ei\u0161kum\u0105.<\/li>\n<li>\n<h3>Pakeiskite sandariklius:<\/h3>\n<p> Pakeiskite susid\u0117v\u0117jusius arba pa\u017eeistus sandariklius, kad i\u0161vengtum\u0117te nuot\u0117ki\u0173.<\/li>\n<li>\n<h3>Kalibravimo patikrinimas:<\/h3>\n<p> Periodi\u0161kai patikrinkite cilindr\u0105, kad \u012fsitikintum\u0117te, jog jis tinkamai sukalibruotas.<\/li>\n<\/ul>\n<p>Tinkamas montavimas yra labai svarbus siekiant u\u017etikrinti cilindro ilgaam\u017ei\u0161kum\u0105. Tinkamas cilindro sulygiavimas yra labai svarbus montuojant, kad cilindras neb\u016bt\u0173 pa\u017eeistas ar nesugest\u0173. Rekomenduojama naudoti tinkamus tvirtinimo laikiklius cilindrui pritvirtinti. Si\u016blome rekomenduojamas patikrinimo, remonto ir keitimo proced\u016bras, kad pailgintume cilindro tarnavimo laik\u0105.<\/p>\n<p><img decoding=\"async\" src=\"https:\/\/www.hydraulic-cylinders.net\/wp-content\/uploads\/2025\/01\/songte-chushion-collar.webp\" alt=\"Kau\u0161o cilindras skirtas Tota TX60C\" \/><\/p>\n<h2>Saugos aspektai ir aplinkos veiksniai<\/h2>\n<p>Naudojant kau\u0161o cilindr\u0105, b\u016btina laikytis saugos priemoni\u0173, kad b\u016bt\u0173 i\u0161vengta su\u017ealojim\u0173, pa\u017eeidim\u0173 ar nelaiming\u0173 atsitikim\u0173. Tai apima hidraulin\u0117s sistemos \u0161varos palaikym\u0105, perkrovos vengim\u0105 ir rekomenduojam\u0173 naudojimo proced\u016br\u0173 laikym\u0105si.<\/p>\n<h2>Gedim\u0173 diagnostika ir trik\u010di\u0173 \u0161alinimas<\/h2>\n<p>Toliau aptariami da\u017eniausiai pasitaikantys gedimai ir j\u0173 \u0161alinimo patarimai:<\/p>\n<ul>\n<li>\n<h3>Naftos nuot\u0117kiai:<\/h3>\n<p> Patikrinkite, ar n\u0117ra susid\u0117v\u0117jusi\u0173 ar pa\u017eeist\u0173 sandarikli\u0173, ir pakeiskite juos. <\/li>\n<li>\n<h3>L\u0117tas veikimas:<\/h3>\n<p> Patikrinkite, ar n\u0117ra \u017eemo hidraulinio sl\u0117gio, ir \u012fpilkite rekomenduojamos alyvos. <\/li>\n<li>\n<h3>Triuk\u0161mingas veikimas:<\/h3>\n<p> Patikrinkite, ar n\u0117ra atsilaisvinusi\u0173 dali\u0173, pa\u017eeist\u0173 sandarikli\u0173 ir susid\u0117v\u0117jusi\u0173 komponent\u0173, ir prireikus pakeiskite. <\/li>\n<li>\n<h3>Cilindro nepavyksta i\u0161skleisti arba susitraukti:<\/h3>\n<p> Patikrinkite, ar n\u0117ra \u017eemo hidraulinio sl\u0117gio, u\u017esikim\u0161usi\u0173 ang\u0173 ir pa\u017eeist\u0173 sandarikli\u0173, ir pakeiskite juos.<\/li>\n<\/ul>\n<p>Prevencin\u0117s priemon\u0117s, tokios kaip reguliari prie\u017ei\u016bra, valymas ir tinkamas naudojimas, gali suma\u017einti cilindro gedimo rizik\u0105.<\/p>\n<p><img decoding=\"async\" src=\"https:\/\/www.hydraulic-cylinders.net\/wp-content\/uploads\/2025\/01\/songte-bushings-with-all-kinds-of-excavator-models.webp\" alt=\"Kau\u0161o cilindras skirtas Tota TX60C\" \/><\/p>\n<h2>Apie m\u016bs\u0173 \u012fmon\u0119<\/h2>\n<p>Esame pirmaujanti hidraulini\u0173 cilindr\u0173 gamintoja ir didmeninink\u0117 vidaus ir tarptautin\u0117se rinkose, si\u016blanti plat\u0173 gamini\u0173 asortiment\u0105. Vadovaujam\u0117s puikios kokyb\u0117s principu ir taikome industrializuoto gamybos valdymo strategijas kruop\u0161\u010diai sukurtose gamybos dirbtuv\u0117se. Nuolat tobuliname savo gamybos platform\u0105, pasitelkdami techninius specialistus, auk\u0161\u010diausios klas\u0117s skaitmenin\u0119 gamybos \u012frang\u0105 ir profesionalias bandym\u0173 sistemas. Taikydami didelio efektyvumo, didelio tikslumo ir auk\u0161tos kokyb\u0117s principus, patenkiname \u012fvairius savo klient\u0173 poreikius.<\/p>\n<h3>Profesionalumas:<\/h3>\n<p>Turime auk\u0161tos kvalifikacijos ir patyrusi\u0173 specialist\u0173 komand\u0105, kuri savo klientams teikia auk\u0161\u010diausios kokyb\u0117s produktus ir paslaugas.<\/p>\n<h3>Tarptautiniai sertifikatai:<\/h3>\n<p>M\u016bs\u0173 produktai yra sertifikuoti pagal tarptautinius standartus, tokius kaip ISO 9001:2015, ir mes klientams u\u017etikriname kokyb\u0119.<\/p>\n<h3>Pritaikymo paslaugos:<\/h3>\n<p>Teikiame individualiai pritaikytas paslaugas, kad patenkintume konkre\u010dius klient\u0173 reikalavimus.<\/p>\n<h3>Gamybos \u012franga:<\/h3>\n<p>Turime pa\u017eangi\u0105 gamybos \u012frang\u0105 ir modern\u0173 bandym\u0173 centr\u0105, kad u\u017etikrintume savo gamini\u0173 kokyb\u0119.<\/p>\n<h3>Aptarnavimas po pardavimo:<\/h3>\n<p>Siekdami u\u017etikrinti ilgalaik\u012f m\u016bs\u0173 gamini\u0173 veikim\u0105, teikiame patikimas garantinio aptarnavimo paslaugas, \u012fskaitant technin\u0119 prie\u017ei\u016br\u0105, remont\u0105 ir keitim\u0105.<\/p>\n<p><img decoding=\"async\" src=\"https:\/\/hzpt.com\/wp-content\/uploads\/2024\/11\/songte-company-1.webp\" alt=\"Kau\u0161o cilindras skirtas Tota TX60C\" \/><\/p>\n<p><em>Autorius: lyl<\/em><\/p>","protected":false},"excerpt":{"rendered":"<p>Bucket Cylinder For Tota TX60C Introduction The bucket cylinder for Tota TX60C is a specialized hydraulic cylinder mainly used to control the movement of the bucket in heavy machinery such as excavators, backhoe loaders, and front loaders. Its main function is to allow the bucket to lift, lower, and tilt, making it easier to handle [&hellip;]<\/p>","protected":false},"featured_media":14787,"comment_status":"open","ping_status":"closed","template":"","meta":{"_et_pb_use_builder":"","_et_pb_old_content":"","_et_gb_content_width":""},"product_brand":[],"product_cat":[1494],"product_tag":[1495,1496],"class_list":{"0":"post-15869","1":"product","2":"type-product","3":"status-publish","4":"has-post-thumbnail","6":"product_cat-bucket-cylinders","7":"product_tag-bucket-cylinders","8":"product_tag-hydraulic-cylinders","10":"first","11":"instock","12":"shipping-taxable","13":"product-type-simple"},"amp_enabled":true,"_links":{"self":[{"href":"https:\/\/www.hydraulic-cylinders.net\/lt\/wp-json\/wp\/v2\/product\/15869","targetHints":{"allow":["GET"]}}],"collection":[{"href":"https:\/\/www.hydraulic-cylinders.net\/lt\/wp-json\/wp\/v2\/product"}],"about":[{"href":"https:\/\/www.hydraulic-cylinders.net\/lt\/wp-json\/wp\/v2\/types\/product"}],"replies":[{"embeddable":true,"href":"https:\/\/www.hydraulic-cylinders.net\/lt\/wp-json\/wp\/v2\/comments?post=15869"}],"wp:featuredmedia":[{"embeddable":true,"href":"https:\/\/www.hydraulic-cylinders.net\/lt\/wp-json\/wp\/v2\/media\/14787"}],"wp:attachment":[{"href":"https:\/\/www.hydraulic-cylinders.net\/lt\/wp-json\/wp\/v2\/media?parent=15869"}],"wp:term":[{"taxonomy":"product_brand","embeddable":true,"href":"https:\/\/www.hydraulic-cylinders.net\/lt\/wp-json\/wp\/v2\/product_brand?post=15869"},{"taxonomy":"product_cat","embeddable":true,"href":"https:\/\/www.hydraulic-cylinders.net\/lt\/wp-json\/wp\/v2\/product_cat?post=15869"},{"taxonomy":"product_tag","embeddable":true,"href":"https:\/\/www.hydraulic-cylinders.net\/lt\/wp-json\/wp\/v2\/product_tag?post=15869"}],"curies":[{"name":"wp","href":"https:\/\/api.w.org\/{rel}","templated":true}]}}