{"id":1587,"date":"2023-10-07T06:30:23","date_gmt":"2023-10-07T06:30:23","guid":{"rendered":"https:\/\/hydraulic-cylinders.net\/?post_type=product&#038;p=1587"},"modified":"2025-04-11T02:25:26","modified_gmt":"2025-04-11T02:25:26","slug":"rotary-drilling-pressurized-cylinder","status":"publish","type":"product","link":"https:\/\/www.hydraulic-cylinders.net\/lt\/produktas\/rotary-drilling-pressurized-cylinder\/","title":{"rendered":"Rotacinis gr\u0119\u017eimo sl\u0117ginis cilindras"},"content":{"rendered":"<h1 style=\"text-align: center;\"><strong>Rotacinis gr\u0119\u017eimo sl\u0117ginis cilindras<\/strong><\/h1>\n<p><img loading=\"lazy\" decoding=\"async\" class=\"aligncenter wp-image-1588\" src=\"https:\/\/hydraulic-cylinders.net\/wp-content\/uploads\/2023\/10\/pressurized-cylinder-1-300x300.webp\" alt=\"\" width=\"400\" height=\"400\" \/><\/p>\n<p>Rotacinio gr\u0119\u017eimo sl\u0117ginis cilindras yra didelio na\u0161umo hidraulinis komponentas, specialiai sukurtas siekiant padidinti rotacinio gr\u0119\u017eimo operacij\u0173 efektyvum\u0105 ir tikslum\u0105. \u0160is cilindras atlieka labai svarb\u0173 vaidmen\u012f valdant gr\u0119\u017eimo stiebo vertikal\u0173 jud\u0117jim\u0105, u\u017etikrinant tiksl\u0173 pad\u0117ties nustatym\u0105 ir optimizuot\u0105 gr\u0119\u017eimo na\u0161um\u0105.<\/p>\n<p>Rotacinio gr\u0119\u017eimo sl\u0117ginis cilindras yra b\u016btinas siekiant maksimaliai padidinti efektyvum\u0105 ir tikslum\u0105 atliekant rotacinio gr\u0119\u017eimo operacijas. D\u0117l savo puikios konstrukcijos, tikslaus hidraulinio valdymo, reguliuojamo eigos ilgio ir padidinto stabilumo \u0161is cilindras suteikia operatoriams galimyb\u0119 tiksliai pozicionuoti gr\u0119\u017eimo stieb\u0105 ir optimizuoti gr\u0119\u017eimo na\u0161um\u0105. Laikydamiesi tinkam\u0173 naudojimo metod\u0173 ir rekomenduojamos prie\u017ei\u016bros praktikos, operatoriai gali u\u017etikrinti rotacinio gr\u0119\u017eimo sl\u0117ginio cilindro ilgaam\u017ei\u0161kum\u0105 ir patikimum\u0105, o tai u\u017etikrina saugias ir efektyvias gr\u0119\u017eimo operacijas. Pasirinkite \u0161\u012f didelio na\u0161umo hidraulin\u012f komponent\u0105, kad pagerintum\u0117te savo gr\u0119\u017eimo \u012frangos na\u0161um\u0105 ir pasiektum\u0117te i\u0161skirtini\u0173 gr\u0119\u017eimo rezultat\u0173.<\/p>\n<p>Rotacinio gr\u0119\u017eimo sl\u0117ginio cilindro pagrindin\u0117s charakteristikos:<\/p>\n<ol>\n<li>Auk\u0161\u010diausios kokyb\u0117s konstrukcija:<\/li>\n<\/ol>\n<ul>\n<li>Rotacinis gr\u0119\u017eimo sl\u0117ginis cilindras pagamintas i\u0161 auk\u0161\u010diausios kokyb\u0117s med\u017eiag\u0173, u\u017etikrinan\u010di\u0173 patvarum\u0105 ir ilgaam\u017ei\u0161kum\u0105.<\/li>\n<li>Jis suprojektuotas taip, kad atlaikyt\u0173 sud\u0117tingas gr\u0119\u017eimo operacij\u0173 s\u0105lygas, \u012fskaitant dideles apkrovas, vibracij\u0105 ir ekstremalias aplinkos s\u0105lygas.<\/li>\n<\/ul>\n<ol start=\"2\">\n<li>Tikslus hidraulinis valdymas:<\/li>\n<\/ol>\n<ul>\n<li>\u0160is cilindras veikia per hidraulin\u0119 valdymo sistem\u0105, kurioje gr\u0119\u017eimo stiebo vertikaliam jud\u0117jimui valdyti naudojamas susl\u0117gtas hidraulinis skystis.<\/li>\n<li>Tikslus hidraulinis valdymas u\u017etikrina tiksl\u0173 ir jautr\u0173 judes\u012f, leid\u017eiant\u012f tiksliai nustatyti pad\u0117t\u012f ir valdyti gr\u0119\u017eimo metu.<\/li>\n<\/ul>\n<ol start=\"3\">\n<li>Reguliuojamas sm\u016bgio ilgis:<\/li>\n<\/ol>\n<ul>\n<li>Rotacinis gr\u0119\u017eimo sl\u0117ginis cilindras pasi\u017eymi reguliuojamu eigos ilgiu, tod\u0117l galima pritaikyti prie \u012fvairi\u0173 gr\u0119\u017eimo reikalavim\u0173 ir grunto s\u0105lyg\u0173.<\/li>\n<li>\u0160is reguliavimas leid\u017eia operatoriams pasiekti optimal\u0173 gr\u0119\u017eimo na\u0161um\u0105 ir prisitaikyti prie skirting\u0173 projekto specifikacij\u0173.<\/li>\n<\/ul>\n<ol start=\"4\">\n<li>Padidintas stabilumas ir saugumas:<\/li>\n<\/ol>\n<ul>\n<li>The cylinder&#8217;s design emphasizes stability and safety during drilling operations.<\/li>\n<li>Jis efektyviai suma\u017eina vibracijas ir u\u017etikrina skland\u0173 jud\u0117jim\u0105, padidindamas bendr\u0105 gr\u0119\u017eimo stiebo stabilum\u0105.<\/li>\n<\/ul>\n<h2><strong>Rotacinio gr\u0119\u017eimo sl\u0117ginio cilindro parametras:<\/strong><\/h2>\n<table border=\"1\" cellspacing=\"0\" cellpadding=\"0\">\n<tbody>\n<tr>\n<td>Produkto pavadinimas<\/td>\n<td>Rotacinis gr\u0119\u017eimo sl\u0117ginis cilindras<\/td>\n<\/tr>\n<tr>\n<td>Savyb\u0117s:<\/td>\n<td>Valdykite variklio galvut\u0117s pak\u0117lim\u0105 ir nuleidim\u0105<\/td>\n<\/tr>\n<tr>\n<td>Skyl\u0117s skersmuo:<\/td>\n<td>125 mm\uff5e210 mm<\/td>\n<\/tr>\n<tr>\n<td>Strypo skersmuo:<\/td>\n<td>90 mm\uff5e150 mm<br \/>\nEiga \u22648500 mm<\/td>\n<\/tr>\n<tr>\n<td>Sl\u0117gis:<\/td>\n<td>iki 35 MPa<\/td>\n<\/tr>\n<tr>\n<td>Sl\u0117gini\u0173 cilindr\u0173 pritaikymas:<\/td>\n<td>Rotacinis gr\u0119\u017eimas<\/td>\n<\/tr>\n<\/tbody>\n<\/table>\n<h2><strong>Rotacinio gr\u0119\u017eimo sl\u0117ginio cilindro identifikavimo schema:<\/strong><\/h2>\n<p><img loading=\"lazy\" decoding=\"async\" class=\"alignnone wp-image-1590 size-full\" src=\"https:\/\/hydraulic-cylinders.net\/wp-content\/uploads\/2023\/10\/pressurized-cylinder-2.webp\" alt=\"\" width=\"1418\" height=\"946\" srcset=\"https:\/\/hydraulic-cylinders.net\/wp-content\/uploads\/2023\/10\/pressurized-cylinder-2.webp 1418w, https:\/\/hydraulic-cylinders.net\/wp-content\/uploads\/2023\/10\/pressurized-cylinder-2-1280x854.webp 1280w, https:\/\/hydraulic-cylinders.net\/wp-content\/uploads\/2023\/10\/pressurized-cylinder-2-980x654.webp 980w, https:\/\/hydraulic-cylinders.net\/wp-content\/uploads\/2023\/10\/pressurized-cylinder-2-480x320.webp 480w\" sizes=\"(min-width: 0px) and (max-width: 480px) 480px, (min-width: 481px) and (max-width: 980px) 980px, (min-width: 981px) and (max-width: 1280px) 1280px, (min-width: 1281px) 1418px, 100vw\" \/><\/p>\n<h2><strong>Rotacinio gr\u0119\u017eimo sl\u0117ginio cilindro naudojimo metodas<\/strong><strong>:<\/strong><\/h2>\n<ol>\n<li><strong>Susipa\u017einkite su eksploatavimo valdikliais ir saugos gair\u0117mis:<\/strong><\/li>\n<\/ol>\n<ul>\n<li>Before operating the rotary drilling equipment, it is crucial to become familiar with the equipment manufacturer&#8217;s operational controls and safety guidelines.<\/li>\n<li>Grie\u017etai laikykit\u0117s vis\u0173 saugos proced\u016br\u0173 ir atsargumo priemoni\u0173, kad u\u017etikrintum\u0117te saugias ir efektyvias gr\u0119\u017eimo operacijas.<\/li>\n<\/ul>\n<ol start=\"2\">\n<li><strong>Sm\u016bgio ilgio reguliavimas:<\/strong><\/li>\n<\/ol>\n<ul>\n<li>Nor\u0117dami \u012fjungti rotacin\u012f gr\u0119\u017eimo sl\u0117gin\u012f cilindr\u0105, naudokite valdymo mechanizm\u0105, pvz., valdymo pult\u0105 arba vairasvirt\u0119.<\/li>\n<li>Gr\u0119\u017eimo eigos ilg\u012f reguliuokite pagal konkre\u010dius gr\u0119\u017eimo reikalavimus ir grunto s\u0105lygas.<\/li>\n<li>Cilindras pavers susl\u0117gt\u0105 hidraulin\u012f skyst\u012f \u012f reikiam\u0105 j\u0117g\u0105, reikaling\u0105 tiksliam gr\u0119\u017eimo stiebo pad\u0117\u010diai nustatyti.<\/li>\n<\/ul>\n<ol start=\"3\">\n<li><strong>Gr\u0119\u017eimo stiebo pad\u0117ties steb\u0117jimas ir reguliavimas:<\/strong><\/li>\n<\/ol>\n<ul>\n<li>Gr\u0119\u017eimo stiebo pad\u0117t\u012f darbo metu nuolat steb\u0117kite.<\/li>\n<li>Atlikite reikiamus reguliavimus, kad u\u017etikrintum\u0117te tiksl\u0173 gr\u0119\u017eim\u0105 ir i\u0161laikytum\u0117te norim\u0105 gr\u0119\u017eimo auk\u0161t\u012f.<\/li>\n<\/ul>\n<h2><strong>Kok\u012f hidraulikos d\u0117sn\u012f naudoja stabd\u017ei\u0173 sistema?<\/strong><\/h2>\n<p>The brake system in vehicles commonly utilizes Pascal&#8217;s law of hydraulics. Pascal&#8217;s law states that when pressure is applied to a fluid in an enclosed system, the pressure is transmitted equally in all directions. In a vehicle&#8217;s brake system, this law allows for the transfer of force from the driver&#8217;s foot pressing the brake pedal to the brake calipers at each wheel.<\/p>\n<p>Here&#8217;s a simplified explanation of how the brake system uses Pascal&#8217;s law:<\/p>\n<ol>\n<li><strong>Stabd\u017ei\u0173 pedalas:<\/strong><br \/>\nKai vairuotojas paspaud\u017eia stabd\u017ei\u0173 pedal\u0105, jis veikia pagrindinio cilindro st\u016bmokl\u012f.<\/li>\n<li><strong>Pagrindinis cilindras:<\/strong><br \/>\nPagrindiniame cilindre yra hidraulinis skystis ir st\u016bmoklis. Vairuotojui spaud\u017eiant stabd\u017ei\u0173 pedal\u0105, st\u016bmoklis suspaud\u017eia skyst\u012f ir padidina sl\u0117g\u012f.<\/li>\n<li><strong>Hidraulin\u0117s linijos:<\/strong><br \/>\nPadid\u0117j\u0119s sl\u0117gis perduodamas per hidraulines linijas, kurios jungia pagrindin\u012f cilindr\u0105 su stabd\u017ei\u0173 suportais arba rat\u0173 cilindrais prie kiekvieno rato.<\/li>\n<li><strong>Stabd\u017ei\u0173 suportai \/ rat\u0173 cilindrai:<\/strong><br \/>\nStabd\u017ei\u0173 suportai (diskiniuose stabd\u017eiuose) arba rat\u0173 cilindrai (b\u016bgniniuose stabd\u017eiuose) turi st\u016bmoklius, kuriuos veikia hidraulinis sl\u0117gis. Hidraulinio skys\u010dio daromas sl\u0117gis ver\u010dia st\u016bmoklius jud\u0117ti, taip sukurdamas j\u0117g\u0105 stabd\u017ei\u0173 kalad\u0117l\u0117ms arba stabd\u017ei\u0173 kalad\u0117l\u0117ms.<\/li>\n<li><strong>Stabd\u017ei\u0173 kalad\u0117l\u0117s\/baga\u017ein\u0117s:<\/strong><br \/>\nStabd\u017ei\u0173 kalad\u0117l\u0117s (diskiniuose stabd\u017eiuose) arba stabd\u017ei\u0173 trinkel\u0117s (b\u016bgniniuose stabd\u017eiuose) yra spaud\u017eiamos prie besisukan\u010di\u0173 stabd\u017ei\u0173 disk\u0173 arba b\u016bgn\u0173, sukurdamos trint\u012f. \u0160i trintis sul\u0117tina arba sustabdo rat\u0173 sukim\u0105si, taip l\u0117tindama transporto priemon\u0119.<\/li>\n<\/ol>\n<h2><strong>Gamyklos paj\u0117gumai ir talpa:<\/strong><\/h2>\n<h3>(1) Surinkimas<\/h3>\n<p>Turime pirmos klas\u0117s nepriklausom\u0105 tyrim\u0173 ir pl\u0117tros surinkimo platform\u0105. Hidraulini\u0173 cilindr\u0173 gamybos ceche yra keturios pusiau automatin\u0117s k\u0117limo cilindr\u0173 surinkimo linijos ir viena automatin\u0117 pakreipimo cilindr\u0173 surinkimo linija, kuri\u0173 projektinis metinis gamybos paj\u0117gumas yra 1 milijonas vienet\u0173. Speciali\u0173j\u0173 cilindr\u0173 ceche \u012frengta \u012fvairi\u0173 specifikacij\u0173 pusiau automatin\u0117 valymo surinkimo sistema, kurios projektinis metinis gamybos paj\u0117gumas yra 200 000 vienet\u0173, ir garsi CNC apdirbimo \u012franga, apdirbimo centras, didelio tikslumo cilindr\u0173 apdirbimo speciali \u012franga, robotinis suvirinimo aparatas, automatinis valymo aparatas, automatinis cilindr\u0173 surinkimo aparatas ir automatin\u0117 da\u017eymo gamybos linija. Esama daugiau nei 300 rinkini\u0173 (komplekt\u0173) kritin\u0117 \u012franga. Optimalus \u012frangos i\u0161tekli\u0173 paskirstymas ir efektyvus naudojimas u\u017etikrina gamini\u0173 tikslumo reikalavimus ir auk\u0161tus gamini\u0173 kokyb\u0117s poreikius.<\/p>\n<p><img loading=\"lazy\" decoding=\"async\" class=\"alignnone wp-image-626\" src=\"https:\/\/hydraulic-cylinders.net\/wp-content\/uploads\/2023\/08\/hydraulic-cylinder-product-1-300x158.webp\" alt=\"\" width=\"495\" height=\"260\" srcset=\"https:\/\/hydraulic-cylinders.net\/wp-content\/uploads\/2023\/08\/hydraulic-cylinder-product-1-300x158.webp 495w, https:\/\/hydraulic-cylinders.net\/wp-content\/uploads\/2023\/08\/hydraulic-cylinder-product-1-480x252.webp 480w\" sizes=\"(min-width: 0px) and (max-width: 480px) 480px, (min-width: 481px) 495px, 100vw\" \/> <img loading=\"lazy\" decoding=\"async\" class=\"alignnone wp-image-627\" src=\"https:\/\/hydraulic-cylinders.net\/wp-content\/uploads\/2023\/08\/hydraulic-cylinder-product-2-300x189.webp\" alt=\"\" width=\"413\" height=\"260\" \/><\/p>\n<h3>(2) Apdirbimas<\/h3>\n<p>Mechaninio apdirbimo ceche \u012frengtas pritaikytas nuo\u017eulnaus b\u0117gio tekinimo centras, apdirbimo centras, greitaeigis galandimo stakl\u0117s, suvirinimo robotas ir kita susijusi \u012franga, galinti apdirbti cilindrinius vamzd\u017eius, kuri\u0173 maksimalus vidinis skersmuo yra 400 mm, o maksimalus ilgis \u2013 6 metrai.<\/p>\n<p><img loading=\"lazy\" decoding=\"async\" class=\"alignnone wp-image-628 size-large\" src=\"https:\/\/hydraulic-cylinders.net\/wp-content\/uploads\/2023\/08\/hydraulic-cylinder-product-3-1024x391.webp\" alt=\"\" width=\"1024\" height=\"391\" srcset=\"https:\/\/hydraulic-cylinders.net\/wp-content\/uploads\/2023\/08\/hydraulic-cylinder-product-3-980x374.webp 980w, https:\/\/hydraulic-cylinders.net\/wp-content\/uploads\/2023\/08\/hydraulic-cylinder-product-3-480x183.webp 480w\" sizes=\"(min-width: 0px) and (max-width: 480px) 480px, (min-width: 481px) and (max-width: 980px) 980px, (min-width: 981px) 1024px, 100vw\" \/><\/p>\n<h3>(3) Suvirinimas<\/h3>\n<p><img loading=\"lazy\" decoding=\"async\" class=\"alignnone wp-image-629 size-large\" src=\"https:\/\/hydraulic-cylinders.net\/wp-content\/uploads\/2023\/08\/hydraulic-cylinder-product-4-1024x510.webp\" alt=\"\" width=\"1024\" height=\"510\" srcset=\"https:\/\/hydraulic-cylinders.net\/wp-content\/uploads\/2023\/08\/hydraulic-cylinder-product-4-980x488.webp 980w, https:\/\/hydraulic-cylinders.net\/wp-content\/uploads\/2023\/08\/hydraulic-cylinder-product-4-480x239.webp 480w\" sizes=\"(min-width: 0px) and (max-width: 480px) 480px, (min-width: 481px) and (max-width: 980px) 980px, (min-width: 981px) 1024px, 100vw\" \/><\/p>\n<h3>(4) Da\u017eymas ir dengimas<\/h3>\n<p>Su ma\u017eomis ir vidutinio dyd\u017eio cilindrin\u0117mis automatin\u0117mis vandens pagrindo da\u017e\u0173 dengimo linijomis, siekiant automatinio robot\u0173 pakrovimo ir i\u0161krovimo bei automatinio pur\u0161kimo, projektinis paj\u0117gumas yra 4000 vienet\u0173 per pamain\u0105;<br \/>\nTaip pat turime pusiau automatin\u0119 dideli\u0173 cilindr\u0173 da\u017e\u0173 gamybos linij\u0105, varom\u0105 grandin\u0117s, kurios projektinis na\u0161umas yra 60 d\u0117\u017ei\u0173 per pamain\u0105.<\/p>\n<p><img loading=\"lazy\" decoding=\"async\" class=\"alignnone wp-image-630\" src=\"https:\/\/hydraulic-cylinders.net\/wp-content\/uploads\/2023\/08\/hydraulic-cylinder-product-5-300x213.webp\" alt=\"\" width=\"366\" height=\"260\" \/> <img loading=\"lazy\" decoding=\"async\" class=\"alignnone wp-image-631\" src=\"https:\/\/hydraulic-cylinders.net\/wp-content\/uploads\/2023\/08\/hydraulic-cylinder-product-6-300x225.webp\" alt=\"\" width=\"347\" height=\"260\" \/><\/p>\n<h3>(5) Testavimas<\/h3>\n<p>Turime auk\u0161\u010diausios klas\u0117s patikros patalpas ir bandym\u0173 stendus, kad u\u017etikrintume, jog baliono veikimas atitinka reikalavimus.<\/p>\n<p><img loading=\"lazy\" decoding=\"async\" class=\"alignnone wp-image-632\" src=\"https:\/\/hydraulic-cylinders.net\/wp-content\/uploads\/2023\/08\/hydraulic-cylinder-product-8-300x200.webp\" alt=\"\" width=\"389\" height=\"260\" \/><\/p>\n<p>&nbsp;<\/p>\n<p>&nbsp;<\/p>\n<p>Esame vienas geriausi\u0173 hidraulini\u0173 cilindr\u0173 gamintoj\u0173. Galime pasi\u016blyti i\u0161samius hidraulinius cilindrus. Taip pat teikiame atitinkamus <a href=\"https:\/\/hzpt.com\/agricultural-pto-gearbox\/\" target=\"_blank\" rel=\"noopener\">\u017eem\u0117s \u016bkio pavar\u0173 d\u0117\u017e\u0117s<\/a>Mes eksportuojame savo gaminius klientams visame pasaulyje ir peln\u0117me ger\u0105 reputacij\u0105 d\u0117l auk\u0161\u010diausios gamini\u0173 kokyb\u0117s ir aptarnavimo po pardavimo. Mes laukiame klient\u0173 \u0161alyje ir u\u017esienyje, norin\u010di\u0173 susisiekti su mumis der\u0117tis d\u0117l verslo, keistis informacija ir... <a href=\"https:\/\/www.hydraulic-cylinders.net\/lt\/contact-us\/\">bendradarbiauti su mumis<\/a>!<\/p>","protected":false},"excerpt":{"rendered":"<p>Rotary Drilling Pressurized Cylinder The rotary drilling pressurized cylinder is a high-performance hydraulic component specially designed to enhance efficiency and precision in rotary drilling operations. This cylinder plays a crucial role in controlling the vertical movement of the drilling mast, ensuring accurate positioning and optimized drilling performance. The rotary drilling pressurized cylinder is indispensable for [&hellip;]<\/p>","protected":false},"featured_media":1589,"comment_status":"open","ping_status":"closed","template":"","meta":{"_et_pb_use_builder":"","_et_pb_old_content":"","_et_gb_content_width":""},"product_brand":[],"product_cat":[1518,1549,1376],"product_tag":[1380],"class_list":{"0":"post-1587","1":"product","2":"type-product","3":"status-publish","4":"has-post-thumbnail","6":"product_cat-rotary-drilling-rig-hydraulic-cylinders","7":"product_cat-single-acting-hydraulic-cylinder","8":"product_cat-hydraulic-cylinder","9":"product_tag-hydraulic-cylinder","11":"first","12":"instock","13":"shipping-taxable","14":"product-type-simple"},"amp_enabled":true,"_links":{"self":[{"href":"https:\/\/www.hydraulic-cylinders.net\/lt\/wp-json\/wp\/v2\/product\/1587","targetHints":{"allow":["GET"]}}],"collection":[{"href":"https:\/\/www.hydraulic-cylinders.net\/lt\/wp-json\/wp\/v2\/product"}],"about":[{"href":"https:\/\/www.hydraulic-cylinders.net\/lt\/wp-json\/wp\/v2\/types\/product"}],"replies":[{"embeddable":true,"href":"https:\/\/www.hydraulic-cylinders.net\/lt\/wp-json\/wp\/v2\/comments?post=1587"}],"wp:featuredmedia":[{"embeddable":true,"href":"https:\/\/www.hydraulic-cylinders.net\/lt\/wp-json\/wp\/v2\/media\/1589"}],"wp:attachment":[{"href":"https:\/\/www.hydraulic-cylinders.net\/lt\/wp-json\/wp\/v2\/media?parent=1587"}],"wp:term":[{"taxonomy":"product_brand","embeddable":true,"href":"https:\/\/www.hydraulic-cylinders.net\/lt\/wp-json\/wp\/v2\/product_brand?post=1587"},{"taxonomy":"product_cat","embeddable":true,"href":"https:\/\/www.hydraulic-cylinders.net\/lt\/wp-json\/wp\/v2\/product_cat?post=1587"},{"taxonomy":"product_tag","embeddable":true,"href":"https:\/\/www.hydraulic-cylinders.net\/lt\/wp-json\/wp\/v2\/product_tag?post=1587"}],"curies":[{"name":"wp","href":"https:\/\/api.w.org\/{rel}","templated":true}]}}