{"id":15873,"date":"2025-01-19T15:06:18","date_gmt":"2025-01-19T15:06:18","guid":{"rendered":"https:\/\/www.hydraulic-cylinders.net\/product\/bucket-cylinder-for-xinyuan-crawler-excavator-xy90\/"},"modified":"2025-01-19T15:06:20","modified_gmt":"2025-01-19T15:06:20","slug":"bucket-cylinder-for-xinyuan-crawler-excavator-xy90","status":"publish","type":"product","link":"https:\/\/www.hydraulic-cylinders.net\/lt\/produktas\/bucket-cylinder-for-xinyuan-crawler-excavator-xy90\/","title":{"rendered":"Kau\u0161o cilindras Xinyuan vik\u0161riniam ekskavatoriui XY90"},"content":{"rendered":"<p><!DOCTYPE html><br \/>\n<html><br \/>\n<head><br \/>\n<title>Kau\u0161o cilindras Xinyuan vik\u0161riniam ekskavatoriui XY90<\/title><br \/>\n<\/head><br \/>\n<body><\/p>\n<h1>Kau\u0161o cilindras Xinyuan vik\u0161riniam ekskavatoriui XY90<\/h1>\n<h2>\u012evadas<\/h2>\n<p>Kau\u0161o cilindras yra specialiai sukurtas hidraulinis cilindras, naudojamas valdyti kau\u0161o jud\u0117jim\u0105 sunkiosiose ma\u0161inose, tokiose kaip ekskavatoriai, ekskavatoriniai krautuvai ir frontaliniai krautuvai. Pagrindin\u0117 jo funkcija \u2013 leisti kau\u0161ui pakilti, nuleisti ir pakreipti, tod\u0117l j\u012f patogu naudoti atliekant \u012fvairias med\u017eiag\u0173 tvarkymo u\u017eduotis. Hidraulin\u0117je sistemoje kau\u0161o cilindras tiksliai valdo kau\u0161\u0105 keisdamas hidraulin\u0117s alyvos sl\u0117g\u012f, tod\u0117l operatoriai gali efektyviai valdyti sunkius krovinius ir prisitaikyti prie sud\u0117tingos darbo aplinkos bei \u012fvairi\u0173 eksploatavimo poreiki\u0173.<\/p>\n<p><img decoding=\"async\" src=\"https:\/\/www.hydraulic-cylinders.net\/wp-content\/uploads\/2025\/01\/songte-company-2.webp\" alt=\"Kau\u0161o cilindro vaizdas\"><\/p>\n<h2>Savyb\u0117s<\/h2>\n<ul>\n<li>Didelis tvirtumas ir ilgaam\u017ei\u0161kumas: Paprastai i\u0161 didelio stiprumo plieno arba aliuminio pagamintas kau\u0161o cilindras gali atlaikyti auk\u0161t\u0105 sl\u0117g\u012f ir dideles apkrovas, prisitaikydamas prie at\u0161iauri\u0173 darbo s\u0105lyg\u0173. Jo konstrukcija atsi\u017evelgia \u012f atsparum\u0105 dilimui ir korozijai, taip pailgindama jo tarnavimo laik\u0105.<\/li>\n<li>Efektyvus hidraulinis veikimas: Naudodamas hidraulin\u0117s alyvos sl\u0117g\u012f, kau\u0161o cilindras skland\u017eiai i\u0161tiesia ir atitraukia kau\u0161\u0105, greitai reaguodamas \u012f valdymo komandas ir u\u017etikrindamas galingas st\u016bmimo bei traukimo j\u0117gas, tinkamas sunkiems kroviniams ir sud\u0117tingoms u\u017eduotims atlikti.<\/li>\n<li>\u012evair\u016bs tipai: Kau\u0161o cilindras gali b\u016bti vienpusio veikimo (hidraulinis mechanizmas naudojamas tik viena kryptimi) arba dvipusio veikimo (hidraulinis mechanizmas naudojamas abiem kryptimis), kad b\u016bt\u0173 patenkinti skirtingi eksploataciniai poreikiai. Kai kurie modeliai yra teleskopiniai, tod\u0117l juos galima labiau i\u0161tiesti nedidinant i\u0161orini\u0173 matmen\u0173, tod\u0117l jie tinka naudoti ribotoje erdv\u0117je.<\/li>\n<li>Puikus pakeitimas: M\u016bs\u0173 gaminiai gali puikiai pakeisti \u0161iuos hidraulinius cilindrus, u\u017etikrindami patikim\u0105 veikim\u0105 ir suderinamum\u0105.<\/li>\n<\/ul>\n<p><img decoding=\"async\" src=\"https:\/\/www.hydraulic-cylinders.net\/wp-content\/uploads\/2025\/01\/songte-cylinder-head-with-all-kinds-excavator-models.webp\" alt=\"Pakeitimo parinktys\"><\/p>\n<h2>Parai\u0161kos<\/h2>\n<h3>Statybin\u0117 \u012franga:<\/h3>\n<p>Ekskavatoriuose jie yra b\u016btini kasant, kraunant ir perkeliant grunt\u0105 ar \u0161iuk\u0161les. Ekskavatoriuose krautuvuose kau\u0161o cilindras padeda tiek kasant, tiek keliant.<\/p>\n<h3>\u017dem\u0117s \u016bkio technika:<\/h3>\n<p>Naudojamas priekiniuose krautuvuose dirvo\u017eemiui, \u0161ienui ir kitoms med\u017eiagoms semti, kelti ir transportuoti.<\/p>\n<h3>Ekskavatoriai:<\/h3>\n<p>Kau\u0161o cilindras leid\u017eia atlikti kasimo veiksmus, leisdamas kau\u0161ui \u012fsiskverbti \u012f dirv\u0105.<\/p>\n<h3>Krautuvai:<\/h3>\n<p>Priekiniuose krautuvuose jie padeda efektyviai pakelti ir i\u0161krauti prekes.<\/p>\n<h2>Projektavimo aspektai ir atrankos kriterijai<\/h2>\n<ul>\n<li>Guoli\u0173 talpa: aptariamas cilindro geb\u0117jimas atlaikyti nurodytas apkrovas.<\/li>\n<li>Sandarinimas: Tiriami \u012fvair\u016bs sandarinimo elementai, tokie kaip st\u016bmokli\u0173 ir kot\u0173 sandarikliai, pagaminti i\u0161 atspari\u0173 dilimui med\u017eiag\u0173, toki\u0173 kaip poliuretanas ir nitrilo kau\u010diukas.<\/li>\n<li>Patvarumas: aptariamas cilindro patvarumas, atsi\u017evelgiant \u012f tokius veiksnius kaip smulkus cilindro korpuso ir sriegini\u0173 gal\u0173 pavir\u0161iaus apdorojimas, siekiant pagerinti atsparum\u0105 dilimui.<\/li>\n<li>Sauga: aptariami saugos aspektai, susij\u0119 su kau\u0161o cilindro projektavimu ir eksploatavimu.<\/li>\n<li>Prie\u017ei\u016bra: prie\u017ei\u016bros praktikos, tokios kaip reguliari ap\u017ei\u016bra, tepimas, sandarikli\u0173 keitimas ir kalibravimo patikrinimai, tyrimas.<\/li>\n<\/ul>\n<p><img decoding=\"async\" src=\"https:\/\/www.hydraulic-cylinders.net\/wp-content\/uploads\/2025\/01\/songte-oil-pipes-and-spare-parts.webp\" alt=\"Sandarikliai ir atsargin\u0117s dalys\"><\/p>\n<h2>Sandarinimas ir tepimas<\/h2>\n<p>Kau\u0161o cilindre naudojami \u012fvair\u016bs sandarinimo komponentai, tokie kaip st\u016bmokli\u0173 ir kot\u0173 sandarikliai, pagaminti i\u0161 atspari\u0173 dilimui med\u017eiag\u0173, toki\u0173 kaip poliuretanas ir nitrilo kau\u010diukas. Cilindro korpusas ir srieginiai galai yra kruop\u0161\u010diai apdoroti, siekiant pagerinti atsparum\u0105 dilimui. Norint u\u017etikrinti skland\u0173 veikim\u0105 ir ilgaam\u017ei\u0161kum\u0105, b\u016btina reguliariai tepti tinkama hidrauline alyva.<\/p>\n<h2>Ap\u017ei\u016bra ir prevencin\u0117 prie\u017ei\u016bra<\/h2>\n<ul>\n<li>Reguliar\u016bs patikrinimai: patikrinkite, ar cilindre n\u0117ra pa\u017eeidim\u0173 ar susid\u0117v\u0117jimo po\u017eymi\u0173.<\/li>\n<li>Tinkamas tepimas: u\u017etikrinkite tinkam\u0105 cilindro komponent\u0173 tepim\u0105.<\/li>\n<li>Tarpikli\u0173 keitimas ir kalibravimo patikrinimai: pakeiskite susid\u0117v\u0117jusius tarpiklius ir reguliariai tikrinkite hidraulin\u0117s sistemos kalibravim\u0105.<\/li>\n<\/ul>\n<p><img decoding=\"async\" src=\"https:\/\/www.hydraulic-cylinders.net\/wp-content\/uploads\/2025\/01\/songte-chushion-collar.webp\" alt=\"Prie\u017ei\u016bros patarimai\"><\/p>\n<h2>Saugos aspektai ir aplinkos veiksniai<\/h2>\n<p>Naudojant kau\u0161o tipo cilindr\u0105, svarbu laikytis saugos priemoni\u0173, kad b\u016bt\u0173 u\u017etikrinta operatori\u0173 gerov\u0117 ir i\u0161vengta nelaiming\u0173 atsitikim\u0173. Taip pat reik\u0117t\u0173 atsi\u017evelgti \u012f aplinkos veiksnius, tokius kaip temperat\u016bra ir dr\u0117gm\u0117, siekiant u\u017etikrinti optimal\u0173 cilindro veikim\u0105 ir ilgaam\u017ei\u0161kum\u0105.<\/p>\n<h2>Trik\u010di\u0173 \u0161alinimas ir da\u017eniausiai pasitaikan\u010dios problemos<\/h2>\n<p>Sprend\u017eiant galimas problemas ir pateikiant trik\u010di\u0173 \u0161alinimo patarimus bei sprendimus, padedan\u010dius skaitytojams efektyviai diagnozuoti ir spr\u0119sti problemas. Taip pat rekomenduojamos prevencin\u0117s priemon\u0117s, siekiant suma\u017einti galimas problemas.<\/p>\n<p><img decoding=\"async\" src=\"https:\/\/www.hydraulic-cylinders.net\/wp-content\/uploads\/2025\/01\/songte-bushings-with-all-kinds-of-excavator-models.webp\" alt=\"Trik\u010di\u0173 \u0161alinimo patarimai\"><\/p>\n<h2>Apie m\u016bs\u0173 \u012fmon\u0119<\/h2>\n<p>Esame pakaitini\u0173 hidraulini\u0173 cilindr\u0173 gamintojas ir vienas i\u0161 pirmaujan\u010di\u0173 hidraulini\u0173 cilindr\u0173 gamintoj\u0173 bei didmenini\u0173 platintoj\u0173 vidaus ir tarptautin\u0117se rinkose. Savo moderniose gamybos dirbtuv\u0117se laikom\u0117s puikios kokyb\u0117s princip\u0173 ir taikome industrializuoto gamybos valdymo strategijas. Pasitelkdami techninius geb\u0117jimus, pa\u017eangi\u0105 skaitmenin\u0119 gamybos \u012frang\u0105 ir profesionalias bandym\u0173 sistemas, nuolat tobuliname savo gamybos platform\u0105 ir gamini\u0173 kokyb\u0117s procesus. M\u016bs\u0173 \u012fmon\u0117 pasi\u017eymi stipriu inovaciniu paj\u0117gumu, siekdama patenkinti \u012fvairius klient\u0173 poreikius, teikdama didelio efektyvumo, didelio tikslumo ir auk\u0161tos kokyb\u0117s produktus.<\/p>\n<p><img decoding=\"async\" src=\"https:\/\/www.hydraulic-cylinders.net\/wp-content\/uploads\/2025\/01\/songte-company-3.webp\" alt=\"\u012emon\u0117s ap\u017evalga\"><\/p>\n<h3>Profesionalumas:<\/h3>\n<p>Mes pabr\u0117\u017eiame profesionalum\u0105 kiekviename savo veiklos aspekte \u2013 nuo \u200b\u200bgamini\u0173 dizaino iki klient\u0173 aptarnavimo.<\/p>\n<h3>Tarptautiniai sertifikatai:<\/h3>\n<p>Turime tarptautinius sertifikatus, patvirtinan\u010dius m\u016bs\u0173 gamini\u0173 kokyb\u0119 ir patikimum\u0105.<\/p>\n<h3>Pritaikymo paslaugos:<\/h3>\n<p>Si\u016blome pritaikymo paslaugas, kad patenkintume konkre\u010dius klient\u0173 reikalavimus.<\/p>\n<h3>Gamybos \u012franga:<\/h3>\n<p>Mes naudojame pa\u017eangi\u0105 gamybos \u012frang\u0105, kad u\u017etikrintume savo hidraulini\u0173 cilindr\u0173 tikslum\u0105 ir nuoseklum\u0105.<\/p>\n<h3>Aptarnavimas po pardavimo:<\/h3>\n<p>Siekdami prailginti m\u016bs\u0173 hidraulini\u0173 cilindr\u0173 tarnavimo laik\u0105, teikiame i\u0161samias garantinio aptarnavimo paslaugas, \u012fskaitant dali\u0173 keitim\u0105 ir remont\u0105.<\/p>\n<p>Autorius: lyl<\/p>\n<p><img decoding=\"async\" src=\"https:\/\/hzpt.com\/wp-content\/uploads\/2024\/11\/songte-company-1.webp\" alt=\"\u012emon\u0117s \u012fvaizdis\"><\/p>\n<p><\/body><br \/>\n<\/html><\/p>","protected":false},"excerpt":{"rendered":"<p>Bucket Cylinder For Xinyuan Crawler Excavator XY90 Bucket Cylinder For Xinyuan Crawler Excavator XY90 Introduction The bucket cylinder is a specially designed hydraulic cylinder used to control the movement of the bucket in heavy machinery such as excavators, backhoe loaders, and front-end loaders. Its main function is to enable the bucket to lift, lower, and [&hellip;]<\/p>","protected":false},"featured_media":14780,"comment_status":"open","ping_status":"closed","template":"","meta":{"_et_pb_use_builder":"","_et_pb_old_content":"","_et_gb_content_width":""},"product_brand":[],"product_cat":[1494],"product_tag":[1495,1496],"class_list":{"0":"post-15873","1":"product","2":"type-product","3":"status-publish","4":"has-post-thumbnail","6":"product_cat-bucket-cylinders","7":"product_tag-bucket-cylinders","8":"product_tag-hydraulic-cylinders","10":"first","11":"instock","12":"shipping-taxable","13":"product-type-simple"},"amp_enabled":true,"_links":{"self":[{"href":"https:\/\/www.hydraulic-cylinders.net\/lt\/wp-json\/wp\/v2\/product\/15873","targetHints":{"allow":["GET"]}}],"collection":[{"href":"https:\/\/www.hydraulic-cylinders.net\/lt\/wp-json\/wp\/v2\/product"}],"about":[{"href":"https:\/\/www.hydraulic-cylinders.net\/lt\/wp-json\/wp\/v2\/types\/product"}],"replies":[{"embeddable":true,"href":"https:\/\/www.hydraulic-cylinders.net\/lt\/wp-json\/wp\/v2\/comments?post=15873"}],"wp:featuredmedia":[{"embeddable":true,"href":"https:\/\/www.hydraulic-cylinders.net\/lt\/wp-json\/wp\/v2\/media\/14780"}],"wp:attachment":[{"href":"https:\/\/www.hydraulic-cylinders.net\/lt\/wp-json\/wp\/v2\/media?parent=15873"}],"wp:term":[{"taxonomy":"product_brand","embeddable":true,"href":"https:\/\/www.hydraulic-cylinders.net\/lt\/wp-json\/wp\/v2\/product_brand?post=15873"},{"taxonomy":"product_cat","embeddable":true,"href":"https:\/\/www.hydraulic-cylinders.net\/lt\/wp-json\/wp\/v2\/product_cat?post=15873"},{"taxonomy":"product_tag","embeddable":true,"href":"https:\/\/www.hydraulic-cylinders.net\/lt\/wp-json\/wp\/v2\/product_tag?post=15873"}],"curies":[{"name":"wp","href":"https:\/\/api.w.org\/{rel}","templated":true}]}}