{"id":15875,"date":"2025-01-19T15:06:26","date_gmt":"2025-01-19T15:06:26","guid":{"rendered":"https:\/\/www.hydraulic-cylinders.net\/product\/bucket-cylinder-for-xinyuan-wheel-excavator-xy75w-8-9\/"},"modified":"2025-01-19T15:06:29","modified_gmt":"2025-01-19T15:06:29","slug":"bucket-cylinder-for-xinyuan-wheel-excavator-xy75w-8-9","status":"publish","type":"product","link":"https:\/\/www.hydraulic-cylinders.net\/lt\/produktas\/bucket-cylinder-for-xinyuan-wheel-excavator-xy75w-8-9\/","title":{"rendered":"Xinyuan ratinio ekskavatoriaus XY75W-8-9 kau\u0161o cilindras"},"content":{"rendered":"<h1>Xinyuan ratinio ekskavatoriaus XY75W-8-9 kau\u0161o cilindras<\/h1>\n<h2>\u012evadas<\/h2>\n<p>Kau\u0161o cilindras yra specialiai sukurtas hidraulinis cilindras, naudojamas valdyti kau\u0161o jud\u0117jim\u0105 sunkiosiose ma\u0161inose, tokiose kaip ekskavatoriai, ekskavatoriniai ekskavatoriai ir frontaliniai krautuvai. Pagrindin\u0117 jo funkcija \u2013 leisti kau\u0161ui pakilti, nuleisti ir pakreipti, kad b\u016bt\u0173 lengva tvarkyti \u012fvairias med\u017eiagas. Hidraulin\u0117je sistemoje kau\u0161o cilindras tiksliai valdo kau\u0161\u0105 keisdamas hidraulin\u0117s alyvos sl\u0117g\u012f, tod\u0117l operatoriai gali efektyviai tvarkyti sunkius krovinius ir prisitaikyti prie sud\u0117tingos darbo aplinkos bei \u012fvairi\u0173 eksploatacini\u0173 reikalavim\u0173.<\/p>\n<p><img decoding=\"async\" src=\"https:\/\/www.hydraulic-cylinders.net\/wp-content\/uploads\/2025\/01\/songte-company-2.webp\" alt=\"Kau\u0161o cilindras\"><\/p>\n<h2>Savyb\u0117s<\/h2>\n<ul>\n<li>Didelis stiprumas ir ilgaam\u017ei\u0161kumas: Paprastai pagamintas i\u0161 didelio stiprumo plieno arba aliuminio, jis gali atlaikyti didel\u012f sl\u0117g\u012f ir dideles apkrovas, prisitaikyti prie at\u0161iauri\u0173 darbo s\u0105lyg\u0173, o jo konstrukcija atsi\u017evelgia \u012f atsparum\u0105 dilimui ir korozijai, kad prailgint\u0173 jo tarnavimo laik\u0105.<\/li>\n<li>Efektyvus hidraulinis veikimas: Skland\u016bs i\u0161pl\u0117timo ir atitraukimo veiksmai pasiekiami panaudojant hidraulin\u0117s alyvos sl\u0117g\u012f, u\u017etikrinant galing\u0105 st\u016bmimo ir traukimo j\u0117g\u0105, tod\u0117l tinka sunkiems kroviniams kelti ir sud\u0117tingoms eksploatavimo u\u017eduotims atlikti.<\/li>\n<li>Keli tipai: Pagal eksploatacinius poreikius galima pasirinkti vienpusio veikimo (hidraulinis mechanizmas naudojamas tik viena kryptimi) arba dvipusio veikimo (hidraulinis mechanizmas naudojamas abiem kryptimis) cilindrus. Kai kurie modeliai yra teleskopiniai, tod\u0117l juos galima labiau i\u0161tiesti nedidinant i\u0161orini\u0173 matmen\u0173, tod\u0117l jie tinka naudoti ribotoje erdv\u0117je. <\/li>\n<li>Puikus pakeitimas: M\u016bs\u0173 gaminiai gali puikiai pakeisti \u0161iuos hidraulinius cilindrus. <\/li>\n<\/ul>\n<p><img decoding=\"async\" src=\"https:\/\/www.hydraulic-cylinders.net\/wp-content\/uploads\/2025\/01\/songte-cylinder-head-with-all-kinds-excavator-models.webp\" alt=\"Produktas\"><\/p>\n<h2>Parai\u0161kos<\/h2>\n<p>Kau\u0161o cilindras yra svarbus kasant, kraunant ir perkeliant grunt\u0105 ar \u0161iuk\u0161les statybin\u0117je \u012frangoje. Ekskavatoriuose kau\u0161\u0173 cilindrai padeda kasti ir kelti. \u017dem\u0117s \u016bkio ma\u0161inoje jie naudojami frontaliniams krautuvams, kasant, keliant ir transportuojant grunt\u0105, \u0161ien\u0105 ir kitas med\u017eiagas. Ekskavatoriuose kau\u0161\u0173 cilindrai atlieka kasimo veiksmus leisdami kau\u0161ui \u012fsiskverbti \u012f dirv\u0105. Priekiniuose krautuvuose jie padeda efektyviai kelti ir i\u0161versti prekes.<\/p>\n<h2>Projektavimo aspektai ir atrankos kriterijai<\/h2>\n<ul>\n<li>Geb\u0117jimas atlaikyti: Renkantis tinkam\u0105 cilindr\u0105 konkre\u010diam atvejui, reikia atsi\u017evelgti \u012f cilindro geb\u0117jim\u0105 atlaikyti apkrov\u0105.<\/li>\n<li>Sandarinimas: Reik\u0117t\u0173 naudoti \u012fvairius sandarinimo komponentus, tokius kaip st\u016bmokli\u0173 ir kot\u0173 sandarikliai. Sandarinimo komponentai tur\u0117t\u0173 b\u016bti pagaminti i\u0161 atspari\u0173 dilimui med\u017eiag\u0173, toki\u0173 kaip poliuretanas ir nitrilo kau\u010diukas. Cilindro korpusai ir srieginiai galiniai pavir\u0161iai tur\u0117t\u0173 b\u016bti kruop\u0161\u010diai apdirbti, kad b\u016bt\u0173 padidintas atsparumas dilimui, o tepimui reik\u0117t\u0173 reguliariai \u012fpilti hidraulin\u0117s alyvos.<\/li>\n<li>Patvarumas: Siekiant u\u017etikrinti cilindro ilgaam\u017ei\u0161kum\u0105, reikia atsi\u017evelgti \u012f jo konstrukcij\u0105. Jis tur\u0117t\u0173 b\u016bti pagamintas i\u0161 didelio stiprumo ir patvari\u0173 med\u017eiag\u0173, kad b\u016bt\u0173 atsparus nusid\u0117v\u0117jimui, korozijai ir kitiems aplinkos veiksniams.<\/li>\n<li>Sauga: Projektuojant ir renkantis balion\u0105, saugumas tur\u0117t\u0173 b\u016bti pagrindinis jo aspektas. Balionas tur\u0117t\u0173 b\u016bti suprojektuotas ir parinktas taip, kad b\u016bt\u0173 saugus naudoti, ir reik\u0117t\u0173 atsi\u017evelgti \u012f tinkamas saugos priemones.<\/li>\n<li>Prie\u017ei\u016bra: Projektuojant ir parenkant balionus, reik\u0117t\u0173 atsi\u017evelgti \u012f technin\u0119 prie\u017ei\u016br\u0105. Balionai tur\u0117t\u0173 b\u016bti suprojektuoti taip, kad juos b\u016bt\u0173 lengva pri\u017ei\u016br\u0117ti ir remontuoti, o planin\u0117 prie\u017ei\u016bra tur\u0117t\u0173 b\u016bti atliekama siekiant pailginti baliono tarnavimo laik\u0105.<\/li>\n<\/ul>\n<p><img decoding=\"async\" src=\"https:\/\/www.hydraulic-cylinders.net\/wp-content\/uploads\/2025\/01\/songte-oil-pipes-and-spare-parts.webp\" alt=\"Produktas\"><\/p>\n<h2>Prie\u017ei\u016bra ir montavimas<\/h2>\n<p>Toliau pateikiamos trys da\u017eniausios prie\u017ei\u016bros u\u017eduotys:<\/p>\n<ol>\n<li>Reguliarus patikrinimas<\/li>\n<li>Tinkamas tepimas<\/li>\n<li>Sandariklio keitimas ir kalibravimo patikrinimas<\/li>\n<\/ol>\n<p>Tinkamas montavimas, tepimas ir reguliavimas yra b\u016btini norint u\u017etikrinti kau\u0161o cilindro ilgaam\u017ei\u0161kum\u0105. Montuojant reikia tinkamai i\u0161lyginti cilindr\u0105, o cilindrui pritvirtinti reikia naudoti tinkamus montavimo laikiklius. Reikia laikytis rekomenduojam\u0173 patikrinimo, remonto ir keitimo proced\u016br\u0173, taip pat teikti atnaujinimo paslaugas, kad b\u016bt\u0173 pailgintas gaminio tarnavimo laikas.<\/p>\n<p><img decoding=\"async\" src=\"https:\/\/www.hydraulic-cylinders.net\/wp-content\/uploads\/2025\/01\/songte-chushion-collar.webp\" alt=\"Produktas\"><\/p>\n<h2>Saugos ir aplinkosaugos aspektai<\/h2>\n<p>Naudojant kau\u0161o cilindr\u0105, reikia imtis tinkam\u0173 saugos priemoni\u0173, kad b\u016bt\u0173 i\u0161vengta nelaiming\u0173 atsitikim\u0173 ir u\u017etikrinta saugi darbo praktika. Renkantis ir naudojant cilindr\u0105, taip pat reik\u0117t\u0173 atsi\u017evelgti \u012f aplinkos veiksnius, kad b\u016bt\u0173 kuo labiau suma\u017eintas neigiamas poveikis aplinkai.<\/p>\n<h2>Diagnoz\u0117 ir trik\u010di\u0173 \u0161alinimas<\/h2>\n<p>Toliau pateikiamos kelios da\u017eniausios problemos, kurios gali kilti naudojant kau\u0161o cilindr\u0105:<\/p>\n<ul>\n<li>Sandariklio gedimas<\/li>\n<li>Per didelis nuot\u0117kis<\/li>\n<li>Suma\u017e\u0117j\u0119s veiklos efektyvumas<\/li>\n<\/ul>\n<p>Reik\u0117t\u0173 pateikti trik\u010di\u0173 \u0161alinimo patarimus ir sprendimus, kurie pad\u0117t\u0173 veiksmingai diagnozuoti ir i\u0161spr\u0119sti problemas, ir imtis prevencini\u0173 priemoni\u0173, kad b\u016bt\u0173 suma\u017eintos galimos problemos.<\/p>\n<p><img decoding=\"async\" src=\"https:\/\/www.hydraulic-cylinders.net\/wp-content\/uploads\/2025\/01\/songte-bushings-with-all-kinds-of-excavator-models.webp\" alt=\"Produktas\"><\/p>\n<h2>Apie m\u016bs\u0173 \u012fmon\u0119<\/h2>\n<p>Esame hidraulini\u0173 cilindr\u0173, kurie pakei\u010dia esamus cilindrus, gamintojas. M\u016bs\u0173 \u012fmon\u0117 si\u016blo plat\u0173 gamini\u0173 asortiment\u0105 ir tapo viena i\u0161 pirmaujan\u010di\u0173 hidraulini\u0173 cilindr\u0173 gamintoj\u0173 ir didmeninink\u0173 vidaus ir u\u017esienio rinkose. Mes orientuojam\u0117s \u012f puiki\u0105 kokyb\u0119, remiam\u0117s industrializuota sud\u0117tingos gamybos dirbtuv\u0117s gamybos valdymo strategija, nuolat tobuliname dirbtuvi\u0173 gamybos platform\u0105, tobuliname savo gamini\u0173 kokyb\u0117s gamybos proces\u0105 ir pasi\u017eymime stipriu k\u016brybi\u0161kumu. Vadovaudamiesi didelio efektyvumo, didelio tikslumo ir auk\u0161tos kokyb\u0117s principais, stengiam\u0117s patenkinti \u012fvairius m\u016bs\u0173 klient\u0173 poreikius.<\/p>\n<p><img decoding=\"async\" src=\"https:\/\/hzpt.com\/wp-content\/uploads\/2024\/11\/songte-company-1.webp\" alt=\"\u012emon\u0117\"><\/p>\n<h3>Profesionalumas<\/h3>\n<p>Esame profesional\u0173 komanda, pasi\u0161ventusi teikti puikius produktus ir paslaugas savo klientams. M\u016bs\u0173 komand\u0105 sudaro in\u017einieriai, technikai ir kiti kvalifikuoti specialistai, kurie sunkiai dirba, kad u\u017etikrint\u0173, jog m\u016bs\u0173 produktai atitikt\u0173 auk\u0161\u010diausius kokyb\u0117s ir patikimumo standartus.<\/p>\n<h3>Tarptautiniai sertifikatai<\/h3>\n<p>M\u016bs\u0173 \u012fmon\u0117 yra gavusi \u012fvairius tarptautinius sertifikatus, \u012fskaitant ISO9001, CE ir kitus, kad u\u017etikrint\u0173, jog m\u016bs\u0173 gaminiai atitinka auk\u0161\u010diausius tarptautinius standartus.<\/p>\n<h3>Pritaikymo paslaugos<\/h3>\n<p>Teikiame individualias pritaikymo paslaugas, kad patenkintume unikalius klient\u0173 poreikius. Bendradarbiaujame su klientais, kad suprojektuotume ir pagamintume hidraulinius cilindrus, atitinkan\u010dius j\u0173 konkre\u010dius reikalavimus ir poreikius.<\/p>\n<h3>Gamybos \u012franga<\/h3>\n<p>M\u016bs\u0173 \u012fmon\u0117 daug investavo \u012f pa\u017eangi\u0105 gamybos \u012frang\u0105, kad gal\u0117tume greitai ir efektyviai pagaminti auk\u0161tos kokyb\u0117s hidraulinius cilindrus.<\/p>\n<h3>Aptarnavimas po pardavimo<\/h3>\n<p>Siekdami u\u017etikrinti, kad m\u016bs\u0173 klientai b\u016bt\u0173 patenkinti m\u016bs\u0173 produktais, teikiame puik\u0173 aptarnavim\u0105 po pardavimo. Siekdami pad\u0117ti klientams kuo geriau i\u0161naudoti m\u016bs\u0173 produktus, teikiame technin\u0119 pagalb\u0105, prie\u017ei\u016br\u0105, remont\u0105 ir atnaujinimo paslaugas.<\/p>\n<p>Autorius: lyl.<\/p>","protected":false},"excerpt":{"rendered":"<p>Bucket Cylinder For Xinyuan Wheel Excavator XY75W-8-9 Introduction A bucket cylinder is a specially designed hydraulic cylinder used to control the movement of a bucket in heavy machinery such as excavators, backhoe excavators, and front-end loaders. Its main function is to enable the bucket to lift, lower, and tilt for easy handling of various materials. [&hellip;]<\/p>","protected":false},"featured_media":14776,"comment_status":"open","ping_status":"closed","template":"","meta":{"_et_pb_use_builder":"","_et_pb_old_content":"","_et_gb_content_width":""},"product_brand":[],"product_cat":[1494],"product_tag":[1495,1496],"class_list":{"0":"post-15875","1":"product","2":"type-product","3":"status-publish","4":"has-post-thumbnail","6":"product_cat-bucket-cylinders","7":"product_tag-bucket-cylinders","8":"product_tag-hydraulic-cylinders","10":"first","11":"instock","12":"shipping-taxable","13":"product-type-simple"},"amp_enabled":true,"_links":{"self":[{"href":"https:\/\/www.hydraulic-cylinders.net\/lt\/wp-json\/wp\/v2\/product\/15875","targetHints":{"allow":["GET"]}}],"collection":[{"href":"https:\/\/www.hydraulic-cylinders.net\/lt\/wp-json\/wp\/v2\/product"}],"about":[{"href":"https:\/\/www.hydraulic-cylinders.net\/lt\/wp-json\/wp\/v2\/types\/product"}],"replies":[{"embeddable":true,"href":"https:\/\/www.hydraulic-cylinders.net\/lt\/wp-json\/wp\/v2\/comments?post=15875"}],"wp:featuredmedia":[{"embeddable":true,"href":"https:\/\/www.hydraulic-cylinders.net\/lt\/wp-json\/wp\/v2\/media\/14776"}],"wp:attachment":[{"href":"https:\/\/www.hydraulic-cylinders.net\/lt\/wp-json\/wp\/v2\/media?parent=15875"}],"wp:term":[{"taxonomy":"product_brand","embeddable":true,"href":"https:\/\/www.hydraulic-cylinders.net\/lt\/wp-json\/wp\/v2\/product_brand?post=15875"},{"taxonomy":"product_cat","embeddable":true,"href":"https:\/\/www.hydraulic-cylinders.net\/lt\/wp-json\/wp\/v2\/product_cat?post=15875"},{"taxonomy":"product_tag","embeddable":true,"href":"https:\/\/www.hydraulic-cylinders.net\/lt\/wp-json\/wp\/v2\/product_tag?post=15875"}],"curies":[{"name":"wp","href":"https:\/\/api.w.org\/{rel}","templated":true}]}}