{"id":15879,"date":"2025-01-19T15:06:43","date_gmt":"2025-01-19T15:06:43","guid":{"rendered":"https:\/\/www.hydraulic-cylinders.net\/product\/bucket-cylinder-for-volwa-small-excavator-dls818-9b\/"},"modified":"2025-01-19T15:06:47","modified_gmt":"2025-01-19T15:06:47","slug":"bucket-cylinder-for-volwa-small-excavator-dls818-9b","status":"publish","type":"product","link":"https:\/\/www.hydraulic-cylinders.net\/lt\/produktas\/bucket-cylinder-for-volwa-small-excavator-dls818-9b\/","title":{"rendered":"Kau\u0161o cilindras \u201eVolwa\u201c ma\u017eam ekskavatoriui DLS818-9B"},"content":{"rendered":"<h1>Kau\u0161o cilindras \u201eVolwa\u201c ma\u017eam ekskavatoriui DLS818-9B<\/h1>\n<h2>\u012evadas<\/h2>\n<h3>Apibr\u0117\u017eimas<\/h3>\n<p>Kau\u0161o cilindras yra specialiai suprojektuotas hidraulinis cilindras, daugiausia naudojamas kau\u0161\u0173 jud\u0117jimui valdyti sunkiosiose ma\u0161inose, tokiose kaip ekskavatoriai, ekskavatoriniai krautuvai ir frontaliniai krautuvai. Pagrindin\u0117 jo funkcija \u2013 leisti kau\u0161\u0105 pakelti, nuleisti ir pakreipti, kad b\u016bt\u0173 lengva tvarkyti \u012fvairias med\u017eiagas. Hidraulin\u0117je sistemoje kau\u0161\u0173 cilindrai naudoja hidraulin\u0117s alyvos sl\u0117gio poky\u010dius, kad tiksliai valdyt\u0173 kau\u0161\u0105, o tai leid\u017eia operatoriams efektyviai tvarkyti sunkias med\u017eiagas ir prisitaikyti prie sud\u0117tingos darbo aplinkos bei \u012fvairi\u0173 eksploatacini\u0173 poreiki\u0173.<\/p>\n<p><img decoding=\"async\" src=\"https:\/\/www.hydraulic-cylinders.net\/wp-content\/uploads\/2025\/01\/songte-company-2.webp\"><\/p>\n<h2>Savyb\u0117s<\/h2>\n<ul>\n<li>Didelis stiprumas ir ilgaam\u017ei\u0161kumas: Paprastai pagaminti i\u0161 didelio stiprumo plieno arba aliuminio, jie gali atlaikyti didel\u012f sl\u0117g\u012f ir dideles apkrovas, prisitaikydami prie at\u0161iauri\u0173 darbo s\u0105lyg\u0173. Konstrukcijoje atsi\u017evelgiama \u012f atsparum\u0105 dilimui ir korozijai, taip prailginant tarnavimo laik\u0105.<\/li>\n<li>Efektyvus hidraulinis veikimas: Naudodamas hidraulin\u0117s alyvos sl\u0117g\u012f, kad b\u016bt\u0173 pasiektas sklandus i\u0161sipl\u0117timas ir susitraukimas, jis gali greitai reaguoti \u012f valdymo komandas, u\u017etikrindamas stipri\u0105 st\u016bmimo ir traukimo j\u0117g\u0105, tinkan\u010di\u0105 sunkioms med\u017eiagoms tvarkyti ir sud\u0117tingoms u\u017eduotims atlikti.<\/li>\n<li>\u012evair\u016bs tipai: pagal poreikius ir skirtingus eksploatacinius reikalavimus galima pasirinkti vienpusio veikimo (hidraulik\u0105 naudojant tik viena kryptimi) arba dvipusio veikimo (hidraulik\u0105 naudojant dviem kryptimis) cilindrus. Kai kurie modeliai yra teleskopiniai, tod\u0117l juos galima labiau i\u0161tiesti nedidinant i\u0161orini\u0173 matmen\u0173, tod\u0117l jie tinka naudoti ribotoje erdv\u0117je.<\/li>\n<li>Puikus pakeitimas: M\u016bs\u0173 gaminiai gali puikiai pakeisti \u0161iuos hidraulinius cilindrus.<\/li>\n<\/ul>\n<p><img decoding=\"async\" src=\"https:\/\/www.hydraulic-cylinders.net\/wp-content\/uploads\/2025\/01\/songte-cylinder-head-with-all-kinds-excavator-models.webp\"><\/p>\n<h2>Parai\u0161kos<\/h2>\n<p><strong>Statybin\u0117 \u012franga:<\/strong> Ekskavatoriuose jie yra b\u016btini kasant, kraunant ir perkeliant grunt\u0105 ar \u0161iuk\u0161les. Ekskavatoriuose-krautuvuose kau\u0161o cilindrai padeda tiek kasant, tiek keliant. Priekiniuose krautuvuose jie padeda kelti ir pakreipti, kad b\u016bt\u0173 galima efektyviai i\u0161versti prekes.<\/p>\n<p><strong>\u017dem\u0117s \u016bkio technika:<\/strong> Naudojami frontaliniuose krautuvuose dirvo\u017eemiui, \u0161ienui ir kitoms med\u017eiagoms semti, kelti ir transportuoti. Ekskavatoriuose kau\u0161o cilindrai atlieka i\u0161kasim\u0105 leisdami kau\u0161ui \u012fsiskverbti \u012f dirv\u0105. Krautuvuose jie padeda kelti ir pakreipti, kad prek\u0117s b\u016bt\u0173 efektyviai i\u0161pilamos.<\/p>\n<p><img decoding=\"async\" src=\"https:\/\/www.hydraulic-cylinders.net\/wp-content\/uploads\/2025\/01\/songte-bushings-with-all-kinds-of-excavator-models.webp\"><\/p>\n<h2>Projektavimo aspektai ir atrankos kriterijai<\/h2>\n<ul>\n<li>Keliamoji galia: Cilindras turi atlaikyti tvarkomos med\u017eiagos svor\u012f.<\/li>\n<li>Sandarinimas: Reik\u0117t\u0173 naudoti \u012fvairius sandariklius, tokius kaip st\u016bmokliniai sandarikliai ir stryp\u0173 sandarikliai, o sandarinimo med\u017eiagos, tokios kaip poliuretanas ir nitrilo kau\u010diukas, tur\u0117t\u0173 b\u016bti pasirinktos atsi\u017evelgiant \u012f atsparum\u0105 dilimui.<\/li>\n<li>Patvarumas: Cilindro korpusas ir srieginis galinis pavir\u0161ius turi b\u016bti kruop\u0161\u010diai apdoroti, kad b\u016bt\u0173 padidintas atsparumas dilimui.<\/li>\n<li>Sauga: Balionas turi tur\u0117ti saugos priemones, kad b\u016bt\u0173 i\u0161vengta avarij\u0173, kurias sukelia auk\u0161tas sl\u0117gis ar kiti veiksniai.<\/li>\n<li>Prie\u017ei\u016bra: Cilindr\u0105 tur\u0117t\u0173 b\u016bti lengva i\u0161ardyti ir pakeisti dalis, taip pat j\u012f tur\u0117t\u0173 b\u016bti lengva pri\u017ei\u016br\u0117ti ir remontuoti.<\/li>\n<\/ul>\n<p><img decoding=\"async\" src=\"https:\/\/www.hydraulic-cylinders.net\/wp-content\/uploads\/2025\/01\/songte-oil-pipes-and-spare-parts.webp\"><\/p>\n<h2>Sandarinimas ir tepimas<\/h2>\n<p>Kau\u0161ini\u0173 cilindr\u0173 sandarikliuose naudojami \u012fvair\u016bs sandarinimo elementai, tokie kaip st\u016bmokli\u0173 ir kot\u0173 sandarikliai. Sandarinimo med\u017eiagos, tokios kaip poliuretanas ir nitrilo kau\u010diukas, parenkamos atsi\u017evelgiant \u012f atsparum\u0105 dilimui. Cilindro korpusas ir srieginis galinis pavir\u0161ius yra kruop\u0161\u010diai apdirbti, siekiant pagerinti atsparum\u0105 dilimui. Cilindro sutepimui b\u016btina reguliariai \u012fpilti atitinkamos hidraulin\u0117s alyvos.<\/p>\n<h2>Ap\u017ei\u016bra ir prevencin\u0117 prie\u017ei\u016bra<\/h2>\n<p>Toliau pateikiamos trys da\u017eniausios prie\u017ei\u016bros u\u017eduotys:<\/p>\n<ul>\n<li>Reguliarus patikrinimas: reguliariai tikrinkite cilindr\u0105, ar n\u0117ra nuot\u0117ki\u0173, ne\u012fprast\u0173 gars\u0173 ir kit\u0173 problem\u0173.<\/li>\n<li>Tepimas: Reguliariai sutepkite cilindr\u0105, kad jis veikt\u0173 skland\u017eiai.<\/li>\n<li>Sandariklio keitimas ir kalibravimo patikrinimas: pakeiskite susid\u0117v\u0117jusius sandariklius ir patikrinkite kalibravim\u0105 pagal poreik\u012f.<\/li>\n<\/ul>\n<p>Tinkamas montavimas, tepimas ir reguliavimas yra b\u016btini. Montavimo metu pateikite tinkamas cilindro lygiavimo instrukcijas ir naudokite tinkamus tvirtinimo laikiklius cilindrui pritvirtinti. Pateikiamos rekomenduojamos patikrinimo, remonto ir keitimo proced\u016bros, taip pat patarimai, kaip prailginti cilindro tarnavimo laik\u0105.<\/p>\n<p><img decoding=\"async\" src=\"https:\/\/www.hydraulic-cylinders.net\/wp-content\/uploads\/2025\/01\/songte-chushion-collar.webp\"><\/p>\n<h2>Saugos aspektai ir aplinkos veiksniai<\/h2>\n<p>Naudojant kau\u0161inius cilindrus, b\u016btinos saugos priemon\u0117s, siekiant i\u0161vengti nelaiming\u0173 atsitikim\u0173 d\u0117l auk\u0161to sl\u0117gio ar kit\u0173 veiksni\u0173. Reik\u0117t\u0173 u\u017etikrinti, kad aplinkos veiksniai, tokie kaip temperat\u016bra ir dr\u0117gm\u0117, neigiamai nepaveikt\u0173 cilindro veikimo.<\/p>\n<h2>Trik\u010di\u0173 \u0161alinimas ir da\u017eniausios problemos<\/h2>\n<p>Toliau pateikiamos kelios da\u017eniausios problemos ir sprendimai:<\/p>\n<ul>\n<li>Tekanti alyva: patikrinkite, ar n\u0117ra pa\u017eeist\u0173 sandarikli\u0173 arba cilindr\u0173 pavir\u0161i\u0173.<\/li>\n<li>Triuk\u0161mingas veikimas: patikrinkite, ar n\u0117ra skys\u010dio u\u017eter\u0161imo arba st\u016bmoklio \/ strypo pa\u017eeidim\u0173.<\/li>\n<li>L\u0117tas veikimas: patikrinkite, ar n\u0117ra pa\u017eeist\u0173 sandarikli\u0173 arba \u017eemo hidraulinio sl\u0117gio.<\/li>\n<\/ul>\n<p>Reik\u0117t\u0173 imtis prevencini\u0173 priemoni\u0173, kad b\u016bt\u0173 suma\u017eintos galimos problemos.<\/p>\n<h2>Apie m\u016bs\u0173 \u012fmon\u0119<\/h2>\n<p>Esame pakaitini\u0173 hidraulini\u0173 cilindr\u0173 gamintojas, si\u016blantis plat\u0173 gamini\u0173 asortiment\u0105, ir tapome vienu i\u0161 pirmaujan\u010di\u0173 hidraulini\u0173 cilindr\u0173 gamintoj\u0173 ir didmenini\u0173 platintoj\u0173 vidaus ir tarptautin\u0117se rinkose. Vadovaujam\u0117s puikios kokyb\u0117s principu, remiam\u0117s pramonin\u0117s gamybos valdymo strategijomis su patobulintomis gamybos dirbtuv\u0117mis, nuolat tobuliname dirbtuvi\u0173 gamybos platform\u0105, geriname gamini\u0173 kokyb\u0119 ir pasi\u017eymime stipriais k\u016brybiniais geb\u0117jimais. \u012evairius klient\u0173 poreikius tenkiname dideliu efektyvumu, dideliu tikslumu ir auk\u0161ta kokybe.<\/p>\n<p><img decoding=\"async\" src=\"https:\/\/hzpt.com\/wp-content\/uploads\/2024\/11\/songte-company-1.webp\"><\/p>\n<h3>Profesionalumas<\/h3>\n<p>Turime profesionali\u0105 komand\u0105, turin\u010di\u0105 didel\u0119 patirt\u012f hidraulini\u0173 cilindr\u0173 gamyboje.<\/p>\n<h3>Tarptautinis sertifikavimas<\/h3>\n<p>M\u016bs\u0173 gaminiai yra sertifikuoti tarptautiniu mastu, tokiais kaip ISO9001, CE ir TUV.<\/p>\n<h3>Pritaikymo paslauga<\/h3>\n<p>Teikiame individualiai pritaikytas paslaugas, kad patenkintume konkre\u010dius klient\u0173 poreikius.<\/p>\n<h3>Gamybos \u012franga<\/h3>\n<p>Siekdami u\u017etikrinti savo gamini\u0173 kokyb\u0119, naudojame pa\u017eangi\u0105 skaitmeninio valdymo \u012frang\u0105 ir bandym\u0173 sistemas.<\/p>\n<h3>Aptarnavimas po pardavimo<\/h3>\n<p>Klientams teikiame i\u0161samias garantinio aptarnavimo paslaugas, \u012fskaitant technin\u0119 prie\u017ei\u016br\u0105, remont\u0105 ir keitim\u0105.<\/p>\n<p>Autorius: lyl<\/p>","protected":false},"excerpt":{"rendered":"<p>Bucket Cylinder For Volwa Small Excavator DLS818-9B Introduction Definition A bucket cylinder is a specially designed hydraulic cylinder used primarily for controlling the movement of buckets in heavy machinery such as excavators, backhoe loaders, and front-end loaders. Its main function is to enable the bucket to be lifted, lowered, and tilted, making it easy to [&hellip;]<\/p>","protected":false},"featured_media":14765,"comment_status":"open","ping_status":"closed","template":"","meta":{"_et_pb_use_builder":"","_et_pb_old_content":"","_et_gb_content_width":""},"product_brand":[],"product_cat":[1494],"product_tag":[1495,1496],"class_list":{"0":"post-15879","1":"product","2":"type-product","3":"status-publish","4":"has-post-thumbnail","6":"product_cat-bucket-cylinders","7":"product_tag-bucket-cylinders","8":"product_tag-hydraulic-cylinders","10":"first","11":"instock","12":"shipping-taxable","13":"product-type-simple"},"amp_enabled":true,"_links":{"self":[{"href":"https:\/\/www.hydraulic-cylinders.net\/lt\/wp-json\/wp\/v2\/product\/15879","targetHints":{"allow":["GET"]}}],"collection":[{"href":"https:\/\/www.hydraulic-cylinders.net\/lt\/wp-json\/wp\/v2\/product"}],"about":[{"href":"https:\/\/www.hydraulic-cylinders.net\/lt\/wp-json\/wp\/v2\/types\/product"}],"replies":[{"embeddable":true,"href":"https:\/\/www.hydraulic-cylinders.net\/lt\/wp-json\/wp\/v2\/comments?post=15879"}],"wp:featuredmedia":[{"embeddable":true,"href":"https:\/\/www.hydraulic-cylinders.net\/lt\/wp-json\/wp\/v2\/media\/14765"}],"wp:attachment":[{"href":"https:\/\/www.hydraulic-cylinders.net\/lt\/wp-json\/wp\/v2\/media?parent=15879"}],"wp:term":[{"taxonomy":"product_brand","embeddable":true,"href":"https:\/\/www.hydraulic-cylinders.net\/lt\/wp-json\/wp\/v2\/product_brand?post=15879"},{"taxonomy":"product_cat","embeddable":true,"href":"https:\/\/www.hydraulic-cylinders.net\/lt\/wp-json\/wp\/v2\/product_cat?post=15879"},{"taxonomy":"product_tag","embeddable":true,"href":"https:\/\/www.hydraulic-cylinders.net\/lt\/wp-json\/wp\/v2\/product_tag?post=15879"}],"curies":[{"name":"wp","href":"https:\/\/api.w.org\/{rel}","templated":true}]}}