{"id":15881,"date":"2025-01-19T15:06:53","date_gmt":"2025-01-19T15:06:53","guid":{"rendered":"https:\/\/www.hydraulic-cylinders.net\/product\/bucket-cylinder-for-volwa-small-excavator-dls860-10b\/"},"modified":"2025-01-19T15:06:55","modified_gmt":"2025-01-19T15:06:55","slug":"bucket-cylinder-for-volwa-small-excavator-dls860-10b","status":"publish","type":"product","link":"https:\/\/www.hydraulic-cylinders.net\/lt\/produktas\/bucket-cylinder-for-volwa-small-excavator-dls860-10b\/","title":{"rendered":"Kau\u0161o cilindras \u201eVolwa\u201c ma\u017eajam ekskavatoriui DLS860-10B"},"content":{"rendered":"<h1>Kau\u0161o cilindras \u201eVolwa\u201c ma\u017eajam ekskavatoriui DLS860-10B<\/h1>\n<h2>\u012evadas<\/h2>\n<p>Kau\u0161o cilindras yra specialiai sukurtas hidraulinis cilindras, daugiausia naudojamas kau\u0161o jud\u0117jimui valdyti sunkiosiose ma\u0161inose, tokiose kaip ekskavatoriai, ekskavatoriniai krautuvai ir frontaliniai krautuvai. Pagrindin\u0117 jo funkcija \u2013 leisti kau\u0161\u0105 pakelti, nuleisti ir pakreipti, kad b\u016bt\u0173 lengviau atlikti \u012fvairias med\u017eiag\u0173 tvarkymo u\u017eduotis. Hidraulin\u0117je sistemoje kau\u0161o cilindras tiksliai valdo kau\u0161\u0105 keisdamas hidraulin\u0117s alyvos sl\u0117g\u012f, tod\u0117l operatoriai gali efektyviai tvarkyti sunkius objektus, prisitaikyti prie sud\u0117tingos darbo aplinkos ir \u012fvairi\u0173 eksploatavimo poreiki\u0173.<\/p>\n<p><img decoding=\"async\" src=\"https:\/\/www.hydraulic-cylinders.net\/wp-content\/uploads\/2025\/01\/songte-company-2.webp\"><\/p>\n<h2>Savyb\u0117s<\/h2>\n<h3>Didelis stiprumas ir ilgaam\u017ei\u0161kumas<\/h3>\n<p>Kau\u0161o cilindras paprastai gaminamas i\u0161 didelio stiprumo plieno arba aliuminio, galin\u010dio atlaikyti auk\u0161t\u0105 sl\u0117g\u012f ir dideles apkrovas, prisitaikan\u010dio prie at\u0161iauri\u0173 darbo s\u0105lyg\u0173 ir suprojektuoto atsi\u017evelgiant \u012f atsparum\u0105 dilimui ir korozijai, kad b\u016bt\u0173 prailgintas jo tarnavimo laikas.<\/p>\n<h3>Efektyvus hidraulinis valdymas<\/h3>\n<p>Kau\u0161o cilindras naudoja hidraulin\u0117s alyvos sl\u0117g\u012f, kad u\u017etikrint\u0173 skland\u0173 i\u0161st\u016bmim\u0105 ir \u012ftraukim\u0105, tod\u0117l greitai reaguoja \u012f valdymo komandas, u\u017etikrina galingas st\u016bmimo ir traukimo j\u0117gas ir yra tinkamas sunkiems daiktams tvarkyti bei sud\u0117tingoms eksploatavimo u\u017eduotims atlikti.<\/p>\n<h3>\u012evair\u016bs tipai<\/h3>\n<p>Kau\u0161o cilindr\u0105 galima pasirinkti pagal poreik\u012f \u2013 vienpusio veikimo (hidraulinis mechanizmas naudojamas tik viena kryptimi) arba dvipusio veikimo (hidraulinis mechanizmas naudojamas dviem kryptimis) cilindrus, kad b\u016bt\u0173 patenkinti skirtingi eksploatavimo poreikiai. Kai kurie modeliai yra teleskopiniai, tod\u0117l juos galima labiau prailginti nedidinant i\u0161orini\u0173 matmen\u0173, tod\u0117l jie tinka naudoti ribotoje erdv\u0117je.<\/p>\n<h3>Puikus pakeitimas<\/h3>\n<p>M\u016bs\u0173 gaminys gali puikiai pakeisti \u0161iuos hidraulinius cilindrus.<\/p>\n<p><img decoding=\"async\" src=\"https:\/\/www.hydraulic-cylinders.net\/wp-content\/uploads\/2025\/01\/songte-cylinder-head-with-all-kinds-excavator-models.webp\"><\/p>\n<h2>Parai\u0161kos<\/h2>\n<p>Kau\u0161o cilindras turi plat\u0173 pritaikymo spektr\u0105, \u012fskaitant, bet neapsiribojant:<\/p>\n<h3>Statybin\u0117 \u012franga<\/h3>\n<p>Ekskavatoriuose jie yra b\u016btini kasant, kraunant ir perkeliant grunt\u0105 ar \u0161iuk\u0161les. Ekskavatoriuose-krautuvuose kau\u0161o cilindrai padeda tiek kasti, tiek kelti. <\/p>\n<h3>\u017dem\u0117s \u016bkio technika<\/h3>\n<p>Naudojamas frontaliniuose krautuvuose dirvo\u017eemiui, \u0161ienui ir kitoms med\u017eiagoms semti, kelti ir transportuoti. Ekskavatoriuose kau\u0161o cilindras leid\u017eia kasti, leisdamas kau\u0161ui \u012fsiskverbti \u012f dirv\u0105. Frontaliniuose krautuvuose jie padeda efektyviai kelti ir i\u0161versti prekes.<\/p>\n<h3>Kitos programos<\/h3>\n<p>Kau\u0161\u0173 cilindrai taip pat gali b\u016bti naudojami \u012fvairiose kitose sunkiosios technikos srityse, tokiose kaip kasybos \u012franga, mi\u0161k\u0173 \u016bkio technika ir med\u017eiag\u0173 tvarkymo \u012franga.<\/p>\n<h2>Projektavimo aspektai ir atrankos kriterijai<\/h2>\n<h3>Guoli\u0173 talpa<\/h3>\n<p>Kau\u0161o cilindras turi b\u016bti suprojektuotas taip, kad atlaikyt\u0173 maksimali\u0105 \u012frangos darbin\u0119 apkrov\u0105. Naudojant didelio stiprumo med\u017eiagas ir atliekant tikslius apdirbimo procesus, galima padidinti jo laikom\u0105j\u0105 gali\u0105.<\/p>\n<h3>Sandarumas ir ilgaam\u017ei\u0161kumas<\/h3>\n<p>Kau\u0161o cilindras turi b\u016bti suprojektuotas taip, kad i\u0161laikyt\u0173 auk\u0161t\u0105 sandarumo lyg\u012f ir ilgaam\u017ei\u0161kum\u0105 net ir esant at\u0161iaurioms darbo s\u0105lygoms. \u012evairi\u0173 sandarinimo komponent\u0173, toki\u0173 kaip st\u016bmoklio ir koto sandarikliai, pagamint\u0173 i\u0161 atspari\u0173 dilimui med\u017eiag\u0173, toki\u0173 kaip poliuretanas ir nitrilo kau\u010diukas, naudojimas gali padidinti jo ilgaam\u017ei\u0161kum\u0105.<\/p>\n<h3>Sauga ir prie\u017ei\u016bra<\/h3>\n<p>Kau\u0161o cilindras turi b\u016bti suprojektuotas taip, kad b\u016bt\u0173 u\u017etikrintas saugus jo veikimas ir lengva prie\u017ei\u016bra. Apsaugini\u0173 vo\u017etuv\u0173 naudojimas ir reguliari technin\u0117 prie\u017ei\u016bra gali u\u017etikrinti saug\u0173 veikim\u0105, o auk\u0161tos kokyb\u0117s med\u017eiag\u0173 ir tiksli\u0173 apdirbimo proces\u0173 naudojimas gali suma\u017einti technin\u0117s prie\u017ei\u016bros poreikius.<\/p>\n<p><img decoding=\"async\" src=\"https:\/\/www.hydraulic-cylinders.net\/wp-content\/uploads\/2025\/01\/songte-oil-pipes-and-spare-parts.webp\"><\/p>\n<h2>Sandarinimas ir tepimas<\/h2>\n<p>Kau\u0161o cilindras turi b\u016bti suprojektuotas taip, kad i\u0161laikyt\u0173 auk\u0161t\u0105 sandarumo ir tepimo lyg\u012f. \u012evairi\u0173 sandarinimo komponent\u0173, toki\u0173 kaip st\u016bmokli\u0173 ir kot\u0173 sandarikliai, pagamint\u0173 i\u0161 atspari\u0173 dilimui med\u017eiag\u0173, toki\u0173 kaip poliuretanas ir nitrilo kau\u010diukas, naudojimas gali u\u017ekirsti keli\u0105 nuot\u0117kiams ir u\u017etikrinti tinkam\u0105 tepim\u0105. Reguliar\u016bs technin\u0117s prie\u017ei\u016bros patikrinimai ir tinkamos hidraulin\u0117s alyvos naudojimas taip pat gali pad\u0117ti palaikyti tinkam\u0105 tepim\u0105.<\/p>\n<h2>Prie\u017ei\u016bra ir remontas<\/h2>\n<p>Reguliarus techninis aptarnavimas ir remontas yra labai svarb\u016bs norint prailginti kau\u0161o cilindro tarnavimo laik\u0105. Trys da\u017eniausiai atliekamos technin\u0117s prie\u017ei\u016bros u\u017eduotys:<\/p>\n<h3>Reguliarus patikrinimas<\/h3>\n<p>Reguliarus kau\u0161o cilindro patikrinimas gali pad\u0117ti aptikti ir u\u017ekirsti keli\u0105 galimoms problemoms, kol jos netapo rimtomis. Rekomenduojama bent kart\u0105 per metus ap\u017ei\u016br\u0117ti cilindr\u0105 ir jo komponentus, ar n\u0117ra susid\u0117v\u0117jimo ir pa\u017eeidim\u0173.<\/p>\n<h3>Tepimas<\/h3>\n<p>Tinkamas kau\u0161o cilindro sutepimas gali pad\u0117ti suma\u017einti trint\u012f ir nusid\u0117v\u0117jim\u0105, pailgindamas jo tarnavimo laik\u0105. Rekomenduojama reguliariai sutepti cilindr\u0105 ir jo komponentus hidrauline alyva.<\/p>\n<h3>Tarpiklio keitimas ir kalibravimo patikrinimas<\/h3>\n<p>Sandarikliai atlieka labai svarb\u0173 vaidmen\u012f palaikant hidraulin\u0117s sistemos vientisum\u0105 ir u\u017ekertant keli\u0105 nuot\u0117kiams. Rekomenduojama keisti sandariklius bent kart\u0105 per metus ir patikrinti cilindro kalibravim\u0105, kad b\u016bt\u0173 u\u017etikrintas tinkamas veikimas.<\/p>\n<p>Tinkamas montavimas, tepimas ir reguliavimas yra labai svarb\u016bs saugiam ir efektyviam kau\u0161o cilindro veikimui. Montuojant rekomenduojama cilindr\u0105 teisingai sulygiuoti ir naudoti tinkamus montavimo laikiklius cilindrui pritvirtinti. Reguliarios patikros, remonto ir keitimo proced\u016bros gali pad\u0117ti suma\u017einti prastovas ir pailginti kau\u0161o cilindro tarnavimo laik\u0105.<\/p>\n<p><img decoding=\"async\" src=\"https:\/\/www.hydraulic-cylinders.net\/wp-content\/uploads\/2025\/01\/songte-chushion-collar.webp\"><\/p>\n<h2>Saugos ir aplinkosaugos aspektai<\/h2>\n<p>Naudojant kau\u0161o cilindr\u0105, svarbu laikytis vis\u0173 saugos priemoni\u0173 ir nurodym\u0173. Tinkamas mokymas ir saugos \u012franga gali pad\u0117ti i\u0161vengti nelaiming\u0173 atsitikim\u0173 ir su\u017ealojim\u0173. Tinkamas panaudotos hidraulin\u0117s alyvos ir kit\u0173 pavojing\u0173 med\u017eiag\u0173 utilizavimas gali pad\u0117ti apsaugoti aplink\u0105.<\/p>\n<h2>Trik\u010di\u0173 \u0161alinimas ir da\u017eniausios problemos<\/h2>\n<p>Kai kau\u0161o cilindras neveikia tinkamai, tai gali b\u016bti d\u0117l \u012fvairi\u0173 veiksni\u0173, \u012fskaitant pa\u017eeistus sandariklius, susid\u0117v\u0117jusius komponentus arba netinkam\u0105 montavim\u0105. Trik\u010di\u0173 \u0161alinimas gali pad\u0117ti nustatyti problemos prie\u017east\u012f ir pasirinkti tinkam\u0105 sprendim\u0105. Da\u017enos problemos gali b\u016bti nuot\u0117kiai, tepimo tr\u016bkumas ir nesuderinamumas.<\/p>\n<h2>\u012emon\u0117s pristatymas<\/h2>\n<p>Esame hidraulini\u0173 cilindr\u0173, galin\u010di\u0173 pakeisti originalius, gamintojas. M\u016bs\u0173 \u012fmon\u0117 si\u016blo plat\u0173 gamini\u0173 asortiment\u0105 ir tapo viena i\u0161 pirmaujan\u010di\u0173 hidraulini\u0173 cilindr\u0173 gamintoj\u0173 ir didmeninink\u0173 vidaus ir tarptautin\u0117se rinkose. Laikom\u0117s puikios kokyb\u0117s principo ir savo gamybos cechuose remiam\u0117s industrializuotomis gamybos valdymo strategijomis. Nuolat tobuliname cecho gamybos platform\u0105, geriname gamini\u0173 kokyb\u0117s gamybos linij\u0105 ir pasi\u017eymime stipriu k\u016brybi\u0161kumu. Galime patenkinti \u012fvairius klient\u0173 poreikius, u\u017etikrindami auk\u0161t\u0105 efektyvum\u0105, didel\u012f tikslum\u0105 ir auk\u0161t\u0105 kokyb\u0119.<\/p>\n<p>M\u016bs\u0173 \u012fmon\u0117 si\u016blo profesionalias paslaugas, tarptautin\u012f sertifikavim\u0105, individualiai pritaikytas paslaugas, pa\u017eangi\u0105 gamybos \u012frang\u0105 ir garantin\u012f aptarnavim\u0105. M\u016bs\u0173 gaminiai peln\u0117 klient\u0173 pasitik\u0117jim\u0105 ir param\u0105 tiek \u0161alyje, tiek u\u017esienyje. Esame pasiry\u017e\u0119 tiekti auk\u0161tos kokyb\u0117s hidraulinius cilindrus, kurie gali patenkinti \u012fvairius m\u016bs\u0173 klient\u0173 poreikius.<\/p>\n<p><img decoding=\"async\" src=\"https:\/\/hzpt.com\/wp-content\/uploads\/2024\/11\/songte-company-1.webp\"><\/p>\n<p>Autorius: lyl<\/p>","protected":false},"excerpt":{"rendered":"<p>Bucket Cylinder For Volwa Small Excavator DLS860-10B Introduction The bucket cylinder is a specially designed hydraulic cylinder used mainly to control the movement of the bucket in heavy machinery such as excavators, backhoe loaders, and front-end loaders. Its main function is to enable the bucket to be lifted, lowered, and tilted, making it easier to [&hellip;]<\/p>","protected":false},"featured_media":14761,"comment_status":"open","ping_status":"closed","template":"","meta":{"_et_pb_use_builder":"","_et_pb_old_content":"","_et_gb_content_width":""},"product_brand":[],"product_cat":[1494],"product_tag":[1495,1496],"class_list":{"0":"post-15881","1":"product","2":"type-product","3":"status-publish","4":"has-post-thumbnail","6":"product_cat-bucket-cylinders","7":"product_tag-bucket-cylinders","8":"product_tag-hydraulic-cylinders","10":"first","11":"instock","12":"shipping-taxable","13":"product-type-simple"},"amp_enabled":true,"_links":{"self":[{"href":"https:\/\/www.hydraulic-cylinders.net\/lt\/wp-json\/wp\/v2\/product\/15881","targetHints":{"allow":["GET"]}}],"collection":[{"href":"https:\/\/www.hydraulic-cylinders.net\/lt\/wp-json\/wp\/v2\/product"}],"about":[{"href":"https:\/\/www.hydraulic-cylinders.net\/lt\/wp-json\/wp\/v2\/types\/product"}],"replies":[{"embeddable":true,"href":"https:\/\/www.hydraulic-cylinders.net\/lt\/wp-json\/wp\/v2\/comments?post=15881"}],"wp:featuredmedia":[{"embeddable":true,"href":"https:\/\/www.hydraulic-cylinders.net\/lt\/wp-json\/wp\/v2\/media\/14761"}],"wp:attachment":[{"href":"https:\/\/www.hydraulic-cylinders.net\/lt\/wp-json\/wp\/v2\/media?parent=15881"}],"wp:term":[{"taxonomy":"product_brand","embeddable":true,"href":"https:\/\/www.hydraulic-cylinders.net\/lt\/wp-json\/wp\/v2\/product_brand?post=15881"},{"taxonomy":"product_cat","embeddable":true,"href":"https:\/\/www.hydraulic-cylinders.net\/lt\/wp-json\/wp\/v2\/product_cat?post=15881"},{"taxonomy":"product_tag","embeddable":true,"href":"https:\/\/www.hydraulic-cylinders.net\/lt\/wp-json\/wp\/v2\/product_tag?post=15881"}],"curies":[{"name":"wp","href":"https:\/\/api.w.org\/{rel}","templated":true}]}}