{"id":15889,"date":"2025-01-19T15:07:32","date_gmt":"2025-01-19T15:07:32","guid":{"rendered":"https:\/\/www.hydraulic-cylinders.net\/product\/bucket-cylinder-for-volwa-middle-excavator-dls210-8b\/"},"modified":"2025-01-19T15:07:34","modified_gmt":"2025-01-19T15:07:34","slug":"bucket-cylinder-for-volwa-middle-excavator-dls210-8b","status":"publish","type":"product","link":"https:\/\/www.hydraulic-cylinders.net\/lt\/produktas\/bucket-cylinder-for-volwa-middle-excavator-dls210-8b\/","title":{"rendered":"Kau\u0161o cilindras \u201eVolwa Middle\u201c ekskavatoriui DLS210-8B"},"content":{"rendered":"<h1>Kau\u0161o cilindras \u201eVolwa Middle\u201c ekskavatoriui DLS210-8B<\/h1>\n<h2>\u012evadas<\/h2>\n<p>Kau\u0161o cilindras yra specialiai sukurtas hidraulinis cilindras, daugiausia naudojamas ekskavatoriaus jud\u0117jimui valdyti sunkiosiose ma\u0161inose, tokiose kaip ekskavatoriai, ekskavatoriniai ekskavatoriai ir frontaliniai krautuvai. Jo pagrindin\u0117 funkcija \u2013 leisti ekskavatoriui pakilti, nuleisti ir pakreipti, kad b\u016bt\u0173 lengviau atlikti \u012fvairias med\u017eiag\u0173 tvarkymo u\u017eduotis. Hidraulin\u0117je sistemoje kau\u0161o cilindras tiksliai valdo ekskavatori\u0173 keisdamas hidraulin\u0117s alyvos sl\u0117g\u012f, tod\u0117l operatoriai gali efektyviai tvarkyti sunkius objektus ir prisitaikyti prie sud\u0117tingos darbo aplinkos bei \u012fvairi\u0173 eksploatavimo reikalavim\u0173.<\/p>\n<p><img decoding=\"async\" src=\"https:\/\/www.hydraulic-cylinders.net\/wp-content\/uploads\/2025\/01\/songte-company-2.webp\"><\/p>\n<h2>Savyb\u0117s<\/h2>\n<ul>\n<li>Didelis stiprumas ir ilgaam\u017ei\u0161kumas: Paprastai pagamintas i\u0161 didelio stiprumo plieno arba aliuminio, jis gali atlaikyti auk\u0161t\u0105 sl\u0117g\u012f ir dideles apkrovas, prisitaikyti prie at\u0161iauri\u0173 darbo s\u0105lyg\u0173 ir yra atsparus dilimui bei korozijai, kad prailgint\u0173 tarnavimo laik\u0105.<\/li>\n<li>Efektyvus hidraulinis veikimas: Sklandus i\u0161sipl\u0117timas ir susitraukimas pasiekiamas naudojant hidraulin\u0117s alyvos sl\u0117g\u012f, kuri gali greitai reaguoti \u012f valdymo komandas, u\u017etikrinti galing\u0105 st\u016bmimo ir traukimo j\u0117g\u0105 ir tinka sunkiems daiktams tvarkyti bei sud\u0117tingoms darbo u\u017eduotims atlikti.<\/li>\n<li>\u012evair\u016bs tipai: vienpusio veikimo (hidraulin\u0117 sistema naudojama tik viena kryptimi) arba dvipusio veikimo (hidraulin\u0117 sistema naudojama abiem kryptimis) cilindrus galima pasirinkti pagal reikalavimus, kad b\u016bt\u0173 patenkinti skirtingi eksploatavimo poreikiai. Kai kurie modeliai yra teleskopiniai, tod\u0117l juos galima labiau i\u0161tiesti nedidinant i\u0161orini\u0173 matmen\u0173, tod\u0117l jie tinka naudoti ribotoje erdv\u0117je.<\/li>\n<li>Kei\u010diamas: M\u016bs\u0173 gaminiai gali puikiai pakeisti \u0161iuos hidraulinius cilindrus.<\/li>\n<\/ul>\n<p><img decoding=\"async\" src=\"https:\/\/www.hydraulic-cylinders.net\/wp-content\/uploads\/2025\/01\/songte-cylinder-head-with-all-kinds-excavator-models.webp\"><\/p>\n<h2>Parai\u0161kos<\/h2>\n<p>Kau\u0161\u0173 cilindrai yra b\u016btini \u012fvairiai sunkiajai technikai, \u012fskaitant:<\/p>\n<ul>\n<li>Statybin\u0117 \u012franga: ekskavatoriuose jie yra labai svarb\u016bs kasant, kraunant ir perkeliant \u017eem\u0119 ar \u0161iuk\u0161les. Ekskavatoriuose kau\u0161o cilindras padeda kasti ir kelti.<\/li>\n<li>\u017dem\u0117s \u016bkio technika: naudojama frontaliniams krautuvams, dirvo\u017eemio, \u0161ieno ir kit\u0173 med\u017eiag\u0173 kasimui, k\u0117limui ir transportavimui. <\/li>\n<li>Ekskavatoriai: Kau\u0161o cilindras kasimo veiksm\u0105 atlieka leisdamas kastuvui \u012fsiskverbti \u012f dirv\u0105.<\/li>\n<li>Krautuvai: Jie padeda efektyviai kelti ir pakreipti prekes priekiniuose krautuvuose.<\/li>\n<\/ul>\n<h2>Projektavimo aspektai ir atrankos kriterijai<\/h2>\n<p>Atsi\u017evelgiant \u012f tokius projektavimo aspektus kaip laikomoji galia, sandarumas, ilgaam\u017ei\u0161kumas, saugumas ir prie\u017ei\u016bra, kau\u0161\u0173 cilindrai projektuojami atsi\u017evelgiant \u012f kokyb\u0119. \u017demiau pateikiami keli pagrindiniai projektavimo aspektai:<\/p>\n<ul>\n<li>Apkrovos paj\u0117gumas: Geb\u0117jimas atlaikyti auk\u0161t\u0105 sl\u0117g\u012f ir dideles apkrovas.<\/li>\n<li>Sandarinimas: Naudojami \u012fvair\u016bs sandarikliai, tokie kaip st\u016bmokli\u0173 ir kot\u0173 sandarikliai, pagaminti i\u0161 atspari\u0173 dilimui med\u017eiag\u0173, toki\u0173 kaip poliuretanas ir nitrilo kau\u010diukas, o cilindro korpusas ir srieginiai galiniai pavir\u0161iai yra kruop\u0161\u010diai apdirbti, siekiant pagerinti atsparum\u0105 dilimui. <\/li>\n<li>Patvarumas: Kau\u0161o cilindras yra atsparus dilimui ir padengtas korozijai atsparia danga, kad prailgint\u0173 tarnavimo laik\u0105.<\/li>\n<li>Saugumas: Siekiant i\u0161vengti perkrovos, \u012frengtos tokios saugos funkcijos kaip sl\u0117gio ma\u017einimo vo\u017etuvai, o cilindras suprojektuotas taip, kad b\u016bt\u0173 i\u0161vengta staigi\u0173 kritim\u0173.<\/li>\n<li>Prie\u017ei\u016bra: Cilindras suprojektuotas taip, kad j\u012f b\u016bt\u0173 lengva i\u0161ardyti ir surinkti, tod\u0117l norint u\u017etikrinti ilg\u0105 tarnavimo laik\u0105, reikia reguliariai pri\u017ei\u016br\u0117ti.<\/li>\n<\/ul>\n<p><img decoding=\"async\" src=\"https:\/\/www.hydraulic-cylinders.net\/wp-content\/uploads\/2025\/01\/songte-oil-pipes-and-spare-parts.webp\"><\/p>\n<h2>Sandarinimas ir tepimas<\/h2>\n<p>Kau\u0161\u0173 cilindruose naudojami \u012fvair\u016bs sandarinimo elementai, pavyzd\u017eiui, st\u016bmokli\u0173 ir kot\u0173 sandarikliai, pagaminti i\u0161 atspari\u0173 dilimui med\u017eiag\u0173, toki\u0173 kaip poliuretanas ir nitrilo kau\u010diukas. Cilindro korpusas ir srieginiai galiniai pavir\u0161iai yra kruop\u0161\u010diai apdirbti, siekiant pagerinti atsparum\u0105 dilimui. Norint i\u0161laikyti optimal\u0173 na\u0161um\u0105 ir pailginti tarnavimo laik\u0105, reikalingas tinkamas tepimas ir reguliarus alyvos keitimas.<\/p>\n<h2>Ap\u017ei\u016bros ir prevencin\u0117s prie\u017ei\u016bros priemon\u0117s<\/h2>\n<p>Norint u\u017etikrinti optimal\u0173 veikim\u0105 ir pailginti eksploatavimo laik\u0105, b\u016btinos reguliarios patikros ir prevencin\u0117s prie\u017ei\u016bros priemon\u0117s. Toliau pateikiamos kelios prie\u017ei\u016bros u\u017eduotys:<\/p>\n<ul>\n<li>Reguliarus patikrinimas: patikrinkite, ar cilindre n\u0117ra susid\u0117v\u0117jimo ar pa\u017eeidim\u0173 po\u017eymi\u0173.<\/li>\n<li>Tinkamas tepimas: sutepkite cilindr\u0105 pagal gamintojo rekomendacijas.<\/li>\n<li>Tarpikli\u0173 keitimas: Nedelsdami pakeiskite visus susid\u0117v\u0117jusius arba pa\u017eeistus tarpiklius.<\/li>\n<li>Kalibravimo patikrinimas: Reguliar\u016bs kalibravimo patikrinimai u\u017etikrina, kad cilindras veikt\u0173 tinkamai.<\/li>\n<li>Tinkamas montavimas: Tinkamas montavimas yra labai svarbus optimaliam veikimui. Tinkamai sulygiuokite cilindr\u0105 ir naudokite tinkamus montavimo laikiklius cilindrui pritvirtinti.<\/li>\n<\/ul>\n<p><img decoding=\"async\" src=\"https:\/\/www.hydraulic-cylinders.net\/wp-content\/uploads\/2025\/01\/songte-chushion-collar.webp\"><\/p>\n<h2>Saugos aspektai ir aplinkos veiksniai<\/h2>\n<p>Kau\u0161iniai cilindrai yra suprojektuoti atsi\u017evelgiant \u012f saugum\u0105, tod\u0117l juos naudojant reikia imtis tinkam\u0173 saugos priemoni\u0173. Aplinkos veiksniai, tokie kaip temperat\u016bra ir dr\u0117gm\u0117, gali tur\u0117ti \u012ftakos cilindro veikimui, tod\u0117l suma\u017e\u0117ja efektyvumas ir atsiranda prie\u0161laikinis susid\u0117v\u0117jimas.<\/p>\n<h2>Trik\u010di\u0173 \u0161alinimas ir da\u017eniausios problemos<\/h2>\n<p>Da\u017eniausios kau\u0161\u0173 cilindr\u0173 problemos yra nuot\u0117kis, l\u0117tas veikimas ir sunkumai eksploatuojant. Tinkamas montavimas, reguliari ap\u017ei\u016bra ir prie\u017ei\u016bra gali suma\u017einti \u0161ias problemas.<\/p>\n<h2>\u012emon\u0117s informacija<\/h2>\n<p>Esame hidraulini\u0173 cilindr\u0173 gamintojas, kuris specializuojasi hidraulini\u0173 cilindr\u0173 keitime. Turime plat\u0173 gamini\u0173 asortiment\u0105 ir tapome vienu i\u0161 pirmaujan\u010di\u0173 hidraulini\u0173 cilindr\u0173 gamintoj\u0173 ir didmeninink\u0173 vidaus ir tarptautin\u0117se rinkose. Vadovaujam\u0117s puikios kokyb\u0117s principu ir pasikliaujame industrializuota gamybos valdymo strategija, b\u016bdinga smulkiosios gamybos dirbtuv\u0117ms. Nuolat tobuliname savo gamybos platform\u0105, geriname gamini\u0173 kokyb\u0117s gamybos linijas ir turime stiprias inovacij\u0173 galimybes, kad gal\u0117tume patenkinti \u012fvairius klient\u0173 poreikius, u\u017etikrindami auk\u0161t\u0105 efektyvum\u0105, tikslum\u0105 ir kokyb\u0119.<\/p>\n<p><img decoding=\"async\" src=\"https:\/\/hzpt.com\/wp-content\/uploads\/2024\/11\/songte-company-1.webp\"><\/p>\n<p>Did\u017eiuojam\u0117s savo profesionalumu, tarptautiniais sertifikatais, individualiai pritaikytomis paslaugomis, gamybos \u012franga ir aptarnavimu po pardavimo.<\/p>\n<p>Autorius: lyl<\/p>","protected":false},"excerpt":{"rendered":"<p>Bucket Cylinder For Volwa Middle Excavator DLS210-8B Introduction A bucket cylinder is a specifically designed hydraulic cylinder that is mainly used to control the movement of the shovel in heavy machinery such as excavators, backhoe excavators, and front-end loaders. Its main function is to allow the shovel to lift, lower, and tilt, making it easier [&hellip;]<\/p>","protected":false},"featured_media":14778,"comment_status":"open","ping_status":"closed","template":"","meta":{"_et_pb_use_builder":"","_et_pb_old_content":"","_et_gb_content_width":""},"product_brand":[],"product_cat":[1494],"product_tag":[1495,1496],"class_list":{"0":"post-15889","1":"product","2":"type-product","3":"status-publish","4":"has-post-thumbnail","6":"product_cat-bucket-cylinders","7":"product_tag-bucket-cylinders","8":"product_tag-hydraulic-cylinders","10":"first","11":"instock","12":"shipping-taxable","13":"product-type-simple"},"amp_enabled":true,"_links":{"self":[{"href":"https:\/\/www.hydraulic-cylinders.net\/lt\/wp-json\/wp\/v2\/product\/15889","targetHints":{"allow":["GET"]}}],"collection":[{"href":"https:\/\/www.hydraulic-cylinders.net\/lt\/wp-json\/wp\/v2\/product"}],"about":[{"href":"https:\/\/www.hydraulic-cylinders.net\/lt\/wp-json\/wp\/v2\/types\/product"}],"replies":[{"embeddable":true,"href":"https:\/\/www.hydraulic-cylinders.net\/lt\/wp-json\/wp\/v2\/comments?post=15889"}],"wp:featuredmedia":[{"embeddable":true,"href":"https:\/\/www.hydraulic-cylinders.net\/lt\/wp-json\/wp\/v2\/media\/14778"}],"wp:attachment":[{"href":"https:\/\/www.hydraulic-cylinders.net\/lt\/wp-json\/wp\/v2\/media?parent=15889"}],"wp:term":[{"taxonomy":"product_brand","embeddable":true,"href":"https:\/\/www.hydraulic-cylinders.net\/lt\/wp-json\/wp\/v2\/product_brand?post=15889"},{"taxonomy":"product_cat","embeddable":true,"href":"https:\/\/www.hydraulic-cylinders.net\/lt\/wp-json\/wp\/v2\/product_cat?post=15889"},{"taxonomy":"product_tag","embeddable":true,"href":"https:\/\/www.hydraulic-cylinders.net\/lt\/wp-json\/wp\/v2\/product_tag?post=15889"}],"curies":[{"name":"wp","href":"https:\/\/api.w.org\/{rel}","templated":true}]}}