{"id":15905,"date":"2025-01-19T15:08:44","date_gmt":"2025-01-19T15:08:44","guid":{"rendered":"https:\/\/www.hydraulic-cylinders.net\/product\/bucket-cylinder-for-volwa-cane-unloader-dls818-9a\/"},"modified":"2025-01-19T15:08:46","modified_gmt":"2025-01-19T15:08:46","slug":"bucket-cylinder-for-volwa-cane-unloader-dls818-9a","status":"publish","type":"product","link":"https:\/\/www.hydraulic-cylinders.net\/lt\/produktas\/bucket-cylinder-for-volwa-cane-unloader-dls818-9a\/","title":{"rendered":"\u201eVolwa\u201c cukranendri\u0173 i\u0161krovimo ma\u0161inos DLS818-9A kau\u0161o cilindras"},"content":{"rendered":"<h1>\u201eVolwa\u201c cukranendri\u0173 i\u0161krovimo ma\u0161inos DLS818-9A kau\u0161o cilindras<\/h1>\n<h2>\u012evadas<\/h2>\n<p>Kau\u0161o cilindras yra specialiai suprojektuotas hidraulinis cilindras, kuris pirmiausia naudojamas kau\u0161o jud\u0117jimui valdyti sunkiojoje \u012frangoje, tokioje kaip ekskavatoriai, ekskavatoriniai krautuvai ir frontaliniai krautuvai. Pagrindin\u0117 jo funkcija \u2013 leisti kau\u0161\u0105 pakelti, nuleisti ir pakreipti, kad b\u016bt\u0173 lengviau atlikti \u012fvairias med\u017eiag\u0173 tvarkymo u\u017eduotis. Hidraulin\u0117je sistemoje kau\u0161o cilindras tiksliai valdo kau\u0161\u0105 keisdamas hidraulin\u0117s alyvos sl\u0117g\u012f, tod\u0117l operatoriai gali efektyviai valdyti sunkius krovinius ir prisitaikyti prie sud\u0117tingos darbo aplinkos bei \u012fvairi\u0173 eksploatavimo poreiki\u0173.<\/p>\n<p><img decoding=\"async\" src=\"https:\/\/www.hydraulic-cylinders.net\/wp-content\/uploads\/2025\/01\/songte-company-2.webp\"><\/p>\n<h2>Savyb\u0117s<\/h2>\n<ul>\n<li>Didelis stiprumas ir ilgaam\u017ei\u0161kumas: Paprastai pagamintas i\u0161 didelio stiprumo plieno arba aliuminio, jis gali atlaikyti auk\u0161t\u0105 sl\u0117g\u012f ir dideles apkrovas, prisitaikyti prie at\u0161iauri\u0173 darbo s\u0105lyg\u0173 ir yra atsparus dilimui bei korozijai, kad prailgint\u0173 tarnavimo laik\u0105.<\/li>\n<li>Efektyvus hidraulinis veikimas: Skland\u016bs i\u0161pl\u0117timo ir atitraukimo judesiai pasiekiami naudojant hidraulin\u0117s alyvos sl\u0117g\u012f, u\u017etikrinant galingas st\u016bmimo ir traukimo j\u0117gas, tinkamas sunkiems kroviniams ir sud\u0117tingoms u\u017eduotims atlikti.<\/li>\n<li>\u012evair\u016bs tipai: pagal eksploatacinius poreikius galima pasirinkti vienpusio veikimo (hidraulinis variklis naudojamas tik viena kryptimi) arba dvipusio veikimo (hidraulinis variklis naudojamas abiem kryptimis) cilindrus. Kai kurie modeliai yra teleskopiniai, tod\u0117l juos galima labiau i\u0161tiesti nedidinant i\u0161orini\u0173 matmen\u0173, tod\u0117l jie tinka naudoti ribotoje erdv\u0117je.<\/li>\n<li>Lengva montuoti: m\u016bs\u0173 gaminys gali puikiai pakeisti \u0161iuos hidraulinius cilindrus.<\/li>\n<\/ul>\n<p><img decoding=\"async\" src=\"https:\/\/www.hydraulic-cylinders.net\/wp-content\/uploads\/2025\/01\/songte-cylinder-head-with-all-kinds-excavator-models.webp\"><\/p>\n<h2>Parai\u0161kos<\/h2>\n<p>Kau\u0161\u0173 cilindrai pla\u010diai naudojami \u012fvairiose pramon\u0117s \u0161akose ir \u012frangoje, \u012fskaitant:<\/p>\n<ul>\n<li>Statybin\u0117 \u012franga: ekskavatoriuose jie yra labai svarb\u016bs kasant, kraunant ir perkeliant grunt\u0105 ar \u0161iuk\u0161les. Ekskavatoriuose krautuvuose kau\u0161o cilindras padeda ir kasti, ir kelti. <\/li>\n<li>\u017dem\u0117s \u016bkio technika: naudojama priekiniuose krautuvuose dirvo\u017eemiui, \u0161ienui ir kitoms med\u017eiagoms kasti, kelti ir transportuoti. <\/li>\n<li>Ekskavatoriai: Kau\u0161o cilindrai atlieka kasimo veiksmus leisdami kau\u0161ui prasiskverbti \u012f dirv\u0105.<\/li>\n<li>Priekiniai krautuvai: Priekiniuose krautuvuose jie padeda efektyviai kelti ir pakreipti krovinius. <\/li>\n<\/ul>\n<h2>Projektavimo aspektai ir atrankos standartai<\/h2>\n<h3>Keliamoji galia:<\/h3>\n<p>Kau\u0161iniai cilindrai yra suprojektuoti taip, kad atlaikyt\u0173 dideles apkrovas ir sl\u0117g\u012f, tod\u0117l reikia grie\u017etai parinkti med\u017eiagas, atlikti apdirbim\u0105 ir atlikti bandymus. Siekdami u\u017etikrinti maksimali\u0105 laikom\u0105j\u0105 gali\u0105, naudojame didelio stiprumo med\u017eiagas, tokias kaip plienas ir aliuminio lydiniai, o cilindro konstrukcijos konstrukcija yra optimizuota dideliam atsparumui apkrovoms ir sl\u0117giui. <\/p>\n<h3>Sandarumas ir ilgaam\u017ei\u0161kumas:<\/h3>\n<p>Sandarinimas vaidina labai svarb\u0173 vaidmen\u012f kau\u0161ini\u0173 cilindr\u0173 ilgaam\u017ei\u0161kumui ir patikimumui. Mes naudojame \u012fvairius sandarinimo komponentus, tokius kaip st\u016bmokli\u0173 sandarikliai, stryp\u0173 sandarikliai ir valytuv\u0173 sandarikliai, kurie yra atspar\u016bs dilimui ir korozijai. Cilindr\u0173 korpusai ir srieginiai galiniai pavir\u0161iai yra kruop\u0161\u010diai apdirbti, siekiant padidinti atsparum\u0105 dilimui, o reguliarus tepimas hidrauline alyva yra b\u016btinas norint i\u0161laikyti sandarumo savybes ir pailginti tarnavimo laik\u0105. <\/p>\n<p><img decoding=\"async\" src=\"https:\/\/www.hydraulic-cylinders.net\/wp-content\/uploads\/2025\/01\/songte-oil-pipes-and-spare-parts.webp\"><\/p>\n<h2>Prie\u017ei\u016bra ir trik\u010di\u0173 \u0161alinimas<\/h2>\n<h3>Prie\u017ei\u016bra:<\/h3>\n<p>Reguliarus patikrinimas, tepimas, sandarikli\u0173 keitimas ir kalibravimo patikrinimai yra \u012fprastos prie\u017ei\u016bros u\u017eduotys, kurios padeda prailginti kau\u0161o cilindr\u0173 tarnavimo laik\u0105. Montuojant labai svarbu teisingai sulygiuoti cilindr\u0105 ir naudoti tinkamus tvirtinimo laikiklius jam pritvirtinti. Rekomenduojame laikytis rekomenduojam\u0173 patikrinimo, remonto ir keitimo proced\u016br\u0173, kad b\u016bt\u0173 i\u0161laikytas optimalus veikimas, ir si\u016blome atsargines dalis bei remonto paslaugas, kad prailgintume j\u016bs\u0173 cilindro tarnavimo laik\u0105.<\/p>\n<h3>Trik\u010di\u0173 \u0161alinimas:<\/h3>\n<p>Da\u017eniausios kau\u0161o cilindr\u0173 problemos yra nuot\u0117kiai, nesuderinamumas ir prastas veikimas. Norint veiksmingai diagnozuoti ir i\u0161spr\u0119sti \u0161ias problemas, rekomenduojame suprasti pagrindin\u0119 prie\u017east\u012f, patikrinant hidraulin\u0119 sistem\u0105, sandariklius ir cilindro korpus\u0105, ar n\u0117ra susid\u0117v\u0117jimo ir pa\u017eeidim\u0173. Tinkamas suderinimas ir tepimas yra labai svarb\u016bs siekiant i\u0161vengti \u0161i\u0173 problem\u0173, o reguliari ap\u017ei\u016bra ir prie\u017ei\u016bra gali pad\u0117ti aptikti problemas, kol jos dar nepa\u016bm\u0117jo.<\/p>\n<p><img decoding=\"async\" src=\"https:\/\/www.hydraulic-cylinders.net\/wp-content\/uploads\/2025\/01\/songte-bushings-with-all-kinds-of-excavator-models.webp\"><\/p>\n<h2>Apie m\u016bs\u0173 \u012fmon\u0119<\/h2>\n<p>Esame pirmaujanti hidraulini\u0173 cilindr\u0173 gamintoja ir didmenin\u0117 platintoja vidaus ir tarptautin\u0117se rinkose. M\u016bs\u0173 \u012fmon\u0117 si\u016blo plat\u0173 gamini\u0173 asortiment\u0105, laikosi puikios kokyb\u0117s ir remiasi industrializuoto gamybos valdymo strategijomis kruop\u0161\u010diai sukurtose gamybos dirbtuv\u0117se. Nuolat tobuliname savo gamybos platform\u0105, taikydami technologinius talentus, auk\u0161\u010diausios klas\u0117s skaitmenin\u0119 gamybos \u012frang\u0105 ir profesionalias aptikimo sistemas. Turime dideles pl\u0117tros galimybes ir laikom\u0117s didelio efektyvumo, didelio tikslumo ir auk\u0161tos kokyb\u0117s princip\u0173, kad patenkintume \u012fvairius klient\u0173 poreikius.<\/p>\n<p><img decoding=\"async\" src=\"https:\/\/hzpt.com\/wp-content\/uploads\/2024\/11\/songte-company-1.webp\"><\/p>\n<h3>Profesionalumas:<\/h3>\n<p>M\u016bs\u0173 ekspert\u0173 komanda turi ilgamet\u0119 patirt\u012f hidraulini\u0173 cilindr\u0173 gamyboje ir platinime. Mes naudojame pa\u017eangias technologijas ir bandym\u0173 \u012frang\u0105, kad u\u017etikrintume auk\u0161t\u0105 m\u016bs\u0173 gamini\u0173 kokyb\u0119, ir si\u016blome pritaikymo paslaugas, kad patenkintume konkre\u010dius klient\u0173 poreikius.<\/p>\n<h3>Tarptautinis sertifikatas:<\/h3>\n<p>M\u016bs\u0173 \u012fmon\u0117 yra gavusi tarptautinius sertifikatus, tokius kaip ISO 9001, CE ir SGS, kad u\u017etikrint\u0173, jog m\u016bs\u0173 produktai atitinka pramon\u0117s standartus ir reglamentus. <\/p>\n<h3>Gamybos \u012franga:<\/h3>\n<p>M\u016bs\u0173 \u012fmon\u0117 investavo \u012f auk\u0161\u010diausios klas\u0117s skaitmenin\u0119 gamybos \u012frang\u0105, siekdama padidinti gamybos paj\u0117gumus ir pagerinti gamini\u0173 kokyb\u0119. <\/p>\n<h3>Aptarnavimas po pardavimo:<\/h3>\n<p>Savo klientams teikiame puik\u0173 aptarnavim\u0105 po pardavimo, \u012fskaitant diegimo konsultacijas, technin\u0119 pagalb\u0105 ir garantin\u012f aptarnavim\u0105, kad u\u017etikrintume, jog klientai tur\u0117t\u0173 be r\u016bpes\u010di\u0173 naudotis m\u016bs\u0173 produktais.<\/p>\n<h4>Autorius: lyl<\/h4>","protected":false},"excerpt":{"rendered":"<p>Bucket Cylinder For Volwa Cane Unloader DLS818-9A Introduction A bucket cylinder is a specially designed hydraulic cylinder that is primarily used to control the movement of the bucket in heavy equipment such as excavators, backhoe loaders, and front-end loaders. Its main function is to enable the bucket to be lifted, lowered, and tilted, making it [&hellip;]<\/p>","protected":false},"featured_media":14776,"comment_status":"open","ping_status":"closed","template":"","meta":{"_et_pb_use_builder":"","_et_pb_old_content":"","_et_gb_content_width":""},"product_brand":[],"product_cat":[1494],"product_tag":[1495,1496],"class_list":{"0":"post-15905","1":"product","2":"type-product","3":"status-publish","4":"has-post-thumbnail","6":"product_cat-bucket-cylinders","7":"product_tag-bucket-cylinders","8":"product_tag-hydraulic-cylinders","10":"first","11":"instock","12":"shipping-taxable","13":"product-type-simple"},"amp_enabled":true,"_links":{"self":[{"href":"https:\/\/www.hydraulic-cylinders.net\/lt\/wp-json\/wp\/v2\/product\/15905","targetHints":{"allow":["GET"]}}],"collection":[{"href":"https:\/\/www.hydraulic-cylinders.net\/lt\/wp-json\/wp\/v2\/product"}],"about":[{"href":"https:\/\/www.hydraulic-cylinders.net\/lt\/wp-json\/wp\/v2\/types\/product"}],"replies":[{"embeddable":true,"href":"https:\/\/www.hydraulic-cylinders.net\/lt\/wp-json\/wp\/v2\/comments?post=15905"}],"wp:featuredmedia":[{"embeddable":true,"href":"https:\/\/www.hydraulic-cylinders.net\/lt\/wp-json\/wp\/v2\/media\/14776"}],"wp:attachment":[{"href":"https:\/\/www.hydraulic-cylinders.net\/lt\/wp-json\/wp\/v2\/media?parent=15905"}],"wp:term":[{"taxonomy":"product_brand","embeddable":true,"href":"https:\/\/www.hydraulic-cylinders.net\/lt\/wp-json\/wp\/v2\/product_brand?post=15905"},{"taxonomy":"product_cat","embeddable":true,"href":"https:\/\/www.hydraulic-cylinders.net\/lt\/wp-json\/wp\/v2\/product_cat?post=15905"},{"taxonomy":"product_tag","embeddable":true,"href":"https:\/\/www.hydraulic-cylinders.net\/lt\/wp-json\/wp\/v2\/product_tag?post=15905"}],"curies":[{"name":"wp","href":"https:\/\/api.w.org\/{rel}","templated":true}]}}