{"id":15912,"date":"2025-01-19T15:09:22","date_gmt":"2025-01-19T15:09:22","guid":{"rendered":"https:\/\/www.hydraulic-cylinders.net\/product\/bucket-cylinder-for-aotai-at60e-9\/"},"modified":"2025-01-19T15:09:24","modified_gmt":"2025-01-19T15:09:24","slug":"bucket-cylinder-for-aotai-at60e-9","status":"publish","type":"product","link":"https:\/\/www.hydraulic-cylinders.net\/lt\/produktas\/bucket-cylinder-for-aotai-at60e-9\/","title":{"rendered":"Kau\u0161o cilindras Aotai AT60E-9"},"content":{"rendered":"<h1>Kau\u0161o cilindras Aotai AT60E-9<\/h1>\n<h2>\u012evadas<\/h2>\n<p>Kau\u0161o cilindras yra specializuotas hidraulinis cilindras, skirtas valdyti kau\u0161o jud\u0117jim\u0105 sunkiosiose ma\u0161inose, tokiose kaip ekskavatoriai, ekskavatoriniai krautuvai ir frontaliniai krautuvai. Pagrindin\u0117 jo funkcija \u2013 leisti kau\u0161ui pakilti, nuleisti ir pakreipti, kad b\u016bt\u0173 lengviau atlikti \u012fvairias med\u017eiag\u0173 tvarkymo u\u017eduotis. Kau\u0161o cilindras tiksliai valdo kau\u0161o judesius, naudodamas hidraulin\u0117s alyvos sl\u0117gio poky\u010dius hidraulin\u0117je sistemoje, tod\u0117l operatoriai gali efektyviai valdyti sunkius krovinius ir prisitaikyti prie sud\u0117tingos darbo aplinkos bei \u012fvairi\u0173 darbo reikalavim\u0173.<\/p>\n<p><img decoding=\"async\" src=\"https:\/\/www.hydraulic-cylinders.net\/wp-content\/uploads\/2025\/01\/songte-company-2.webp\" alt=\"Aotai AT60E-9 kau\u0161o cilindras (paveiksl\u0117lis)\"><\/p>\n<h2>Savyb\u0117s<\/h2>\n<ul>\n<li>\n<h3>Didelis stiprumas ir ilgaam\u017ei\u0161kumas<\/h3>\n<p>Paprastai i\u0161 didelio stiprumo plieno arba aliuminio pagamintas kau\u0161o cilindras gali atlaikyti auk\u0161t\u0105 sl\u0117g\u012f ir dideles apkrovas, prisitaikydamas prie at\u0161iauri\u0173 darbo s\u0105lyg\u0173. Jo konstrukcija atsi\u017evelgia \u012f atsparum\u0105 dilimui ir korozijai, taip pailgindama jo tarnavimo laik\u0105.<\/p>\n<\/li>\n<li>\n<h3>Efektyvus hidraulinis valdymas<\/h3>\n<p>Naudodamas hidraulin\u0117s alyvos sl\u0117g\u012f sklandiems i\u0161pl\u0117timo ir susitraukimo judesiams pasiekti, kau\u0161o cilindras gali greitai reaguoti \u012f valdymo komandas, u\u017etikrindamas galingas st\u016bmimo ir traukimo j\u0117gas, tinkamas sunkiems kroviniams ir sud\u0117tingoms u\u017eduotims atlikti.<\/p>\n<\/li>\n<li>\n<h3>\u012evair\u016bs tipai<\/h3>\n<p>Kau\u0161o cilindras gali b\u016bti vienpusio veikimo (hidraulinis tik viena kryptimi) arba dvipusio veikimo (hidraulinis abiem kryptimis), priklausomai nuo eksploatacini\u0173 reikalavim\u0173. Kai kurie modeliai yra teleskopiniai, tod\u0117l juos galima labiau i\u0161tiesti nedidinant i\u0161orini\u0173 matmen\u0173, tod\u0117l jie tinka naudoti ribotoje erdv\u0117je.<\/p>\n<\/li>\n<li>\n<h3>Gali pagaminti m\u016bs\u0173 \u012fmon\u0117<\/h3>\n<p>M\u016bs\u0173 gaminys gali puikiai pakeisti \u0161iuos hidraulinius cilindrus.<\/p>\n<\/li>\n<\/ul>\n<p><img decoding=\"async\" src=\"https:\/\/www.hydraulic-cylinders.net\/wp-content\/uploads\/2025\/01\/songte-cylinder-head-with-all-kinds-excavator-models.webp\" alt=\"Aotai AT60E-9\"><\/p>\n<h2>Parai\u0161kos<\/h2>\n<p>Kau\u0161o cilindras yra \u012fvairiai naudojamas, pavyzd\u017eiui:<\/p>\n<ul>\n<li>\n<h3>Statybin\u0117 \u012franga<\/h3>\n<p>Ekskavatoriuose jie yra b\u016btini kasant, kraunant ir perkeliant grunt\u0105 ar \u0161iuk\u0161les. Ekskavatoriuose-krautuvuose kau\u0161o cilindras padeda tiek kasti, tiek kelti. <\/p>\n<\/li>\n<li>\n<h3>\u017dem\u0117s \u016bkio technika<\/h3>\n<p>Jie naudojami frontaliniuose krautuvuose dirvo\u017eemiui, \u0161ienui ir kitoms med\u017eiagoms semti, kelti ir transportuoti. Ekskavatoriuose kau\u0161o cilindras leid\u017eia \u012fkasti dirv\u0105. Frontaliniuose krautuvuose jie padeda efektyviai kelti ir i\u0161versti krovin\u012f.<\/p>\n<\/li>\n<\/ul>\n<h2>Projektavimo aspektai ir atrankos kriterijai<\/h2>\n<p>Projektuojant kau\u0161o cilindr\u0105, reikia atsi\u017evelgti \u012f laikom\u0105j\u0105 gali\u0105, sandarum\u0105, ilgaam\u017ei\u0161kum\u0105, saug\u0105 ir prie\u017ei\u016br\u0105. Svarbiausi aptariami klausimai:<\/p>\n<ul>\n<li>\n<h3>Apkrovos paj\u0117gumas<\/h3>\n<p>Kau\u0161o cilindras turi atlaikyti tvarkomos med\u017eiagos svor\u012f ir j\u0117gas, susidaran\u010dias jo veikimo metu.<\/p>\n<\/li>\n<li>\n<h3>Sandarinimas<\/h3>\n<p>Hidraulinio skys\u010dio nuot\u0117kiui i\u0161vengti naudojami \u012fvairi\u0173 tip\u0173 sandarikliai, pavyzd\u017eiui, st\u016bmokli\u0173 ir stryp\u0173 sandarikliai, kurie turi atlaikyti auk\u0161t\u0105 temperat\u016br\u0105 ir sl\u0117g\u012f.<\/p>\n<\/li>\n<li>\n<h3>Patvarumas<\/h3>\n<p>Kau\u0161o cilindras turi b\u016bti suprojektuotas taip, kad atlaikyt\u0173 at\u0161iaurias darbo s\u0105lygas ir b\u016bt\u0173 atsparus nusid\u0117v\u0117jimui laikui b\u0117gant.<\/p>\n<\/li>\n<li>\n<h3>Saugumas<\/h3>\n<p>Kau\u0161o cilindras turi b\u016bti suprojektuotas ir sumontuotas taip, kad b\u016bt\u0173 kuo labiau suma\u017einta nelaiming\u0173 atsitikim\u0173, toki\u0173 kaip nuot\u0117kis ar cilindro gedimas, rizika.<\/p>\n<\/li>\n<li>\n<h3>Prie\u017ei\u016bra<\/h3>\n<p>Kau\u0161o cilindras turi b\u016bti suprojektuotas taip, kad b\u016bt\u0173 lengva j\u012f pri\u017ei\u016br\u0117ti ir remontuoti, \u012fskaitant lengv\u0105 prieig\u0105 prie sandarikli\u0173 ir cilindro vidaus.<\/p>\n<\/li>\n<\/ul>\n<p><img decoding=\"async\" src=\"https:\/\/www.hydraulic-cylinders.net\/wp-content\/uploads\/2025\/01\/songte-oil-pipes-and-spare-parts.webp\" alt=\"Aotai AT60E-9 atsargin\u0117s dalys\"><\/p>\n<h2>Kau\u0161o cilindro sandarinimas ir tepimas<\/h2>\n<p>Kau\u0161o cilindro sandarinimas ir tepimas yra b\u016btini norint u\u017etikrinti ilg\u0105 jo tarnavimo laik\u0105. Rekomenduojama laikytis \u0161i\u0173 nurodym\u0173:<\/p>\n<ul>\n<li>\n<h3>Patvari\u0173 sandarikli\u0173 naudojimas<\/h3>\n<p>Sandarikliai, tokie kaip st\u016bmokli\u0173 ir stryp\u0173 sandarikliai, tur\u0117t\u0173 b\u016bti pagaminti i\u0161 atspari\u0173 dilimui med\u017eiag\u0173, toki\u0173 kaip poliuretanas ir nitrilo kau\u010diukas.<\/p>\n<\/li>\n<li>\n<h3>Puikus pavir\u0161iaus apdorojimas<\/h3>\n<p>Cilindro ir sriegio pavir\u0161ius turi b\u016bti smulkiai apdorotas, kad b\u016bt\u0173 padidintas atsparumas dilimui.<\/p>\n<\/li>\n<li>\n<h3>Reguliarus tepimas<\/h3>\n<p>Kau\u0161o cilindr\u0105 reikia reguliariai tepti atitinkamu hidraulin\u0117s alyvos kiekiu.<\/p>\n<\/li>\n<\/ul>\n<h2>Prie\u017ei\u016bra ir remontas<\/h2>\n<p>Reguliari patikra ir prevencin\u0117s prie\u017ei\u016bros priemon\u0117s yra b\u016btinos norint i\u0161laikyti kau\u0161o cilindro patikimum\u0105 ir pailginti jo tarnavimo laik\u0105. \u012eprastos prie\u017ei\u016bros u\u017eduotys apima:<\/p>\n<ul>\n<li>\n<h3>Reguliar\u016bs patikrinimai<\/h3>\n<p>Reik\u0117t\u0173 periodi\u0161kai tikrinti kau\u0161o cilindro b\u016bkl\u0119 ir nustatyti bet kokius pa\u017eeidimo ar susid\u0117v\u0117jimo po\u017eymius.<\/p>\n<\/li>\n<li>\n<h3>Tinkamas tepimas<\/h3>\n<p>Kau\u0161o cilindras turi b\u016bti tinkamai suteptas, kad b\u016bt\u0173 u\u017etikrintas sklandus jo veikimas.<\/p>\n<\/li>\n<li>\n<h3>Sandariklio keitimas<\/h3>\n<p>Susid\u0117v\u0117jusius sandariklius reikia kuo grei\u010diau pakeisti, kad b\u016bt\u0173 i\u0161vengta hidraulinio skys\u010dio nuot\u0117kio ir u\u017etikrintas tinkamas veikimas.<\/p>\n<\/li>\n<li>\n<h3>Sulyginimo patikrinimas<\/h3>\n<p>Tinkamas cilindro i\u0161lygiavimas yra b\u016btinas efektyviam jo veikimui. Rekomenduojama naudoti tinkamas montavimo atramas cilindrui pritvirtinti.<\/p>\n<\/li>\n<li>\n<h3>Dali\u0173 keitimo ir atstatymo paslaugos<\/h3>\n<p>Siekiant padidinti kau\u0161o cilindro ilgaam\u017ei\u0161kum\u0105 ir na\u0161um\u0105, si\u016blomos atsargin\u0117s dalys ir remonto paslaugos.<\/p>\n<\/li>\n<\/ul>\n<p><img decoding=\"async\" src=\"https:\/\/www.hydraulic-cylinders.net\/wp-content\/uploads\/2025\/01\/songte-chushion-collar.webp\" alt=\"Kau\u0161o cilindras Aotai AT60E-9 pagalv\u0117l\u0117s apykaklei\"><\/p>\n<h2>Saugos aspektai ir aplinkos veiksniai<\/h2>\n<p>Dirbant su hidrauliniais cilindrais, labai svarbu laikytis saugos priemoni\u0173, kad b\u016bt\u0173 i\u0161vengta nelaiming\u0173 atsitikim\u0173 ir u\u017etikrintas operatori\u0173 bei pa\u0161alini\u0173 asmen\u0173 saugumas. Aplinkos veiksniai, tokie kaip auk\u0161ta temperat\u016bra, dr\u0117gm\u0117 ir korozija, taip pat gali tur\u0117ti \u012ftakos kau\u0161o cilindro veikimui ir tarnavimo laikui.<\/p>\n<h2>Trik\u010di\u0173 \u0161alinimas ir da\u017eniausios problemos<\/h2>\n<p>Toliau pateikiamos kelios da\u017eniausios kau\u0161o cilindro problemos ir galimi sprendimai:<\/p>\n<ul>\n<li>\n<h3>Nuot\u0117kis<\/h3>\n<p>Hidraulinio skys\u010dio nuot\u0117kis yra da\u017ena kau\u0161o cilindr\u0173 problema, kuri\u0105 gali sukelti pa\u017eeisti sandarikliai, netinkamai suderinti komponentai arba susid\u0117v\u0117jusios dalys. Sprendimas \u2013 nedelsiant pakeisti sugedusius komponentus.<\/p>\n<\/li>\n<li>\n<h3>Galios tr\u016bkumas<\/h3>\n<p>Jei kau\u0161o cilindras netiekia pakankamai galios, tai gali b\u016bti d\u0117l \u017eemo hidraulinio skys\u010dio sl\u0117gio arba netinkamai veikian\u010dio hidraulinio siurblio. Sprendimas \u2013 patikrinti ir sureguliuoti hidraulin\u012f sl\u0117g\u012f ir, jei reikia, pakeisti hidraulin\u012f siurbl\u012f.<\/p>\n<\/li>\n<li>\n<h3>\u012estrig\u0119s cilindras<\/h3>\n<p>Jei kau\u0161o cilindras u\u017estringa vienoje pad\u0117tyje, tai gali b\u016bti d\u0117l pa\u017eeisto st\u016bmoklio ar koto arba netinkamai sulygiuoto komponento. Sprendimas \u2013 pakeisti sugedusius komponentus ir teisingai sulygiuoti cilindr\u0105.<\/p>\n<\/li>\n<\/ul>\n<p><img decoding=\"async\" src=\"https:\/\/www.hydraulic-cylinders.net\/wp-content\/uploads\/2025\/01\/songte-bushings-with-all-kinds-of-excavator-models.webp\" alt=\"Kau\u0161o cilindras Aotai AT60E-9 \u012fvor\u0117ms\"><\/p>\n<h2>Apie m\u016bs\u0173 \u012fmon\u0119<\/h2>\n<p>Esame pakaitini\u0173 hidraulini\u0173 cilindr\u0173 gamintojas, si\u016blantis plat\u0173 gamini\u0173 asortiment\u0105, tap\u0119s vienu i\u0161 pirmaujan\u010di\u0173 hidraulini\u0173 cilindr\u0173 gamintoj\u0173 ir didmenini\u0173 platintoj\u0173 tiek vidaus, tiek tarptautin\u0117se rinkose. Vadovaujam\u0117s puikios kokyb\u0117s principu ir taikome industrializuoto gamybos valdymo strategijas kruop\u0161\u010diai apdorotose gamybos dirbtuv\u0117se. Naudodami technologinius talentus, auk\u0161\u010diausios klas\u0117s skaitmenin\u0119 gamybos \u012frang\u0105 ir profesionalias testavimo sistemas, nuolat tobuliname dirbtuvi\u0173 gamybos platform\u0105, geriname gamini\u0173 kokyb\u0117s gamybos mar\u0161rutus ir turime stipr\u0173 k\u016brybin\u012f geb\u0117jim\u0105 patenkinti klient\u0173 poreikius dideliu efektyvumu, tikslumu ir kokybe.<\/p>\n<ul>\n<li>\n<h3>Profesionalumas<\/h3>\n<p>M\u016bs\u0173 \u012fmon\u0117 turi stipri\u0105 technin\u0119 komand\u0105, pa\u017eangi\u0105 gamybos \u012frang\u0105 ir profesionalias testavimo sistemas, kad u\u017etikrint\u0173 m\u016bs\u0173 gamini\u0173 kokyb\u0119.<\/p>\n<\/li>\n<li>\n<h3>Tarptautinis sertifikavimas<\/h3>\n<p>M\u016bs\u0173 gaminiai yra sertifikuoti \u012fvairiais tarptautiniais standartais, tokiais kaip ISO9001:2015, SGS ir CE.<\/p>\n<\/li>\n<li>\n<h3>Pritaikymo paslaugos<\/h3>\n<p>Teikiame individualiai pritaikytas paslaugas pagal klient\u0173 reikalavimus, kad patenkintume j\u0173 \u012fvairius poreikius.<\/p>\n<\/li>\n<li>\n<h3>Gamybos \u012franga<\/h3>\n<p>Siekdami pagerinti gamini\u0173 kokyb\u0119 ir gamybos efektyvum\u0105, naudojame pa\u017eangi\u0105 gamybos \u012frang\u0105, toki\u0105 kaip automatiniai suvirinimo aparatai, CNC apdirbimo centrai ir tikslaus \u0161lifavimo stakl\u0117s.<\/p>\n<\/li>\n<li>\n<h3>Aptarnavimas po pardavimo<\/h3>\n<p>Siekdami u\u017etikrinti klient\u0173 pasitenkinim\u0105, teikiame i\u0161samias garantinio aptarnavimo paslaugas, \u012fskaitant technin\u0119 pagalb\u0105, garantij\u0105 ir remonto paslaugas.<\/p>\n<\/li>\n<\/ul>\n<p><img decoding=\"async\" src=\"https:\/\/hzpt.com\/wp-content\/uploads\/2024\/11\/songte-company-1.webp\" alt=\"Kau\u0161o cilindras, skirtas \u201eAotai AT60E-9\u201c \u012fmonei\"><\/p>\n<p>Autorius: lyl.<\/p>","protected":false},"excerpt":{"rendered":"<p>Bucket Cylinder for Aotai AT60E-9 Introduction A bucket cylinder is a specialized hydraulic cylinder designed for controlling the motion of the bucket in heavy machinery such as excavators, backhoe loaders, and front-end loaders. Its main function is to enable the bucket to lift, lower, and tilt, making it easier to carry out various material handling [&hellip;]<\/p>","protected":false},"featured_media":14789,"comment_status":"open","ping_status":"closed","template":"","meta":{"_et_pb_use_builder":"","_et_pb_old_content":"","_et_gb_content_width":""},"product_brand":[],"product_cat":[1494],"product_tag":[1495,1496],"class_list":{"0":"post-15912","1":"product","2":"type-product","3":"status-publish","4":"has-post-thumbnail","6":"product_cat-bucket-cylinders","7":"product_tag-bucket-cylinders","8":"product_tag-hydraulic-cylinders","10":"first","11":"instock","12":"shipping-taxable","13":"product-type-simple"},"amp_enabled":true,"_links":{"self":[{"href":"https:\/\/www.hydraulic-cylinders.net\/lt\/wp-json\/wp\/v2\/product\/15912","targetHints":{"allow":["GET"]}}],"collection":[{"href":"https:\/\/www.hydraulic-cylinders.net\/lt\/wp-json\/wp\/v2\/product"}],"about":[{"href":"https:\/\/www.hydraulic-cylinders.net\/lt\/wp-json\/wp\/v2\/types\/product"}],"replies":[{"embeddable":true,"href":"https:\/\/www.hydraulic-cylinders.net\/lt\/wp-json\/wp\/v2\/comments?post=15912"}],"wp:featuredmedia":[{"embeddable":true,"href":"https:\/\/www.hydraulic-cylinders.net\/lt\/wp-json\/wp\/v2\/media\/14789"}],"wp:attachment":[{"href":"https:\/\/www.hydraulic-cylinders.net\/lt\/wp-json\/wp\/v2\/media?parent=15912"}],"wp:term":[{"taxonomy":"product_brand","embeddable":true,"href":"https:\/\/www.hydraulic-cylinders.net\/lt\/wp-json\/wp\/v2\/product_brand?post=15912"},{"taxonomy":"product_cat","embeddable":true,"href":"https:\/\/www.hydraulic-cylinders.net\/lt\/wp-json\/wp\/v2\/product_cat?post=15912"},{"taxonomy":"product_tag","embeddable":true,"href":"https:\/\/www.hydraulic-cylinders.net\/lt\/wp-json\/wp\/v2\/product_tag?post=15912"}],"curies":[{"name":"wp","href":"https:\/\/api.w.org\/{rel}","templated":true}]}}