{"id":15920,"date":"2025-01-19T15:09:57","date_gmt":"2025-01-19T15:09:57","guid":{"rendered":"https:\/\/www.hydraulic-cylinders.net\/product\/bucket-cylinder-for-atlas-7008lc\/"},"modified":"2025-01-19T15:09:59","modified_gmt":"2025-01-19T15:09:59","slug":"bucket-cylinder-for-atlas-7008lc","status":"publish","type":"product","link":"https:\/\/www.hydraulic-cylinders.net\/lt\/produktas\/bucket-cylinder-for-atlas-7008lc\/","title":{"rendered":"Kau\u0161o cilindras, skirtas \u201eAtlas 7008LC\u201c"},"content":{"rendered":"<h2>Kau\u0161o cilindras, skirtas \u201eAtlas 7008LC\u201c<\/h2>\n<p>\u012evadas:<\/p>\n<p>Kau\u0161o cilindras yra specialiai sukurtas hidraulinis cilindras, naudojamas valdyti kau\u0161o jud\u0117jim\u0105 sunkiosiose ma\u0161inose, tokiose kaip ekskavatoriai, ekskavatoriniai krautuvai ir ratiniai krautuvai. Pagrindin\u0117 jo funkcija \u2013 leisti kau\u0161ui pakilti, nuleisti ir pakreipti, tod\u0117l j\u012f patogu atlikti \u012fvairioms med\u017eiag\u0173 tvarkymo u\u017eduotims. Hidraulin\u0117je sistemoje kau\u0161o cilindras tiksliai valdo kau\u0161\u0105 keisdamas hidraulin\u0117s alyvos sl\u0117g\u012f, tod\u0117l operatoriai gali efektyviai valdyti sunkius krovinius ir prisitaikyti prie sud\u0117tingos darbo aplinkos bei \u012fvairi\u0173 eksploatavimo poreiki\u0173.<\/p>\n<p><img decoding=\"async\" src=\"https:\/\/www.hydraulic-cylinders.net\/wp-content\/uploads\/2025\/01\/songte-company-2.webp\" alt=\"Kau\u0161o cilindro vaizdas\"><\/p>\n<h2>Produkto savyb\u0117s:<\/h2>\n<ul>\n<li>Didelis stiprumas ir ilgaam\u017ei\u0161kumas: Paprastai pagamintas i\u0161 didelio stiprumo plieno arba aliuminio, jis gali atlaikyti didel\u012f sl\u0117g\u012f ir dideles apkrovas, prisitaikydamas prie at\u0161iauri\u0173 darbo s\u0105lyg\u0173. Konstrukcijoje atsi\u017evelgiama \u012f atsparum\u0105 dilimui ir korozijai, taip pailginant jo tarnavimo laik\u0105.<\/li>\n<li>Efektyvus hidraulinis veikimas: Naudodamas hidraulin\u0117s alyvos sl\u0117g\u012f, jis u\u017etikrina skland\u0173 ir greit\u0105 i\u0161pl\u0117tim\u0105 bei atitraukim\u0105, u\u017etikrindamas galingas st\u016bmimo ir traukimo j\u0117gas, tinkamas sunkiems kroviniams ir sud\u0117tingoms eksploatavimo u\u017eduotims atlikti.<\/li>\n<li>\u012evair\u016bs tipai: Galima \u012fsigyti vieno veikimo (hidraulinis, naudojamas tik viena kryptimi) arba dvigubo veikimo (hidraulinis, naudojamas abiem kryptimis) cilindr\u0173, kad atitikt\u0173 skirtingus eksploatacinius reikalavimus. Kai kurie modeliai yra teleskopiniai, tod\u0117l juos galima labiau i\u0161tiesti nedidinant i\u0161orini\u0173 matmen\u0173, tod\u0117l jie tinka naudoti ribotoje erdv\u0117je.<\/li>\n<li>Puikus pakeitimas: M\u016bs\u0173 gaminiai gali puikiai pakeisti \u0161iuos hidraulinius cilindrus.<\/li>\n<\/ul>\n<p><img decoding=\"async\" src=\"https:\/\/www.hydraulic-cylinders.net\/wp-content\/uploads\/2025\/01\/songte-cylinder-head-with-all-kinds-excavator-models.webp\" alt=\"Produkto vaizdas\"><\/p>\n<h2>Parai\u0161kos:<\/h2>\n<ul>\n<li>Statybin\u0117 \u012franga: ji randama ekskavatoriuose ir yra labai svarbi kasant, kraunant ir perkeliant grunt\u0105 ar \u0161iuk\u0161les. Ekskavatoriuose-krautuvuose kau\u0161o cilindras padeda ir kasti, ir kelti.<\/li>\n<li>\u017dem\u0117s \u016bkio technika: naudojama priekiniuose krautuvuose dirvo\u017eemiui, \u0161ienui ir kitoms med\u017eiagoms kasti, kelti ir transportuoti.<\/li>\n<li>Ekskavatoriai: Kau\u0161o cilindras leid\u017eia atlikti kasimo veiksmus, leisdamas kau\u0161ui \u012fsiskverbti \u012f dirv\u0105.<\/li>\n<li>Ratiniai krautuvai: Ratiniuose krautuvuose jie padeda kelti ir pakreipti krovin\u012f, kad b\u016bt\u0173 galima efektyviai i\u0161krauti krovin\u012f.<\/li>\n<\/ul>\n<h2>Projektavimo aspektai ir atrankos kriterijai:<\/h2>\n<ul>\n<li>Keliamoji galia: Aptarkite cilindro laikomosios galios svarb\u0105.<\/li>\n<li>Sandarinimas: Paai\u0161kinkite \u012fvairi\u0173 sandarikli\u0173, toki\u0173 kaip st\u016bmokli\u0173 ir kot\u0173 sandarikliai, kurie pagaminti i\u0161 atspari\u0173 dilimui med\u017eiag\u0173, toki\u0173 kaip poliuretanas ir nitrilo kau\u010diukas, poreik\u012f. Pabr\u0117\u017ekite cilindro korpuso ir srieginio galo puik\u0173 pavir\u0161iaus apdorojim\u0105, siekiant pagerinti atsparum\u0105 dilimui.<\/li>\n<li>Patvarumas: Pabr\u0117\u017ekite gaminio patvarum\u0105 ir jo geb\u0117jim\u0105 atlaikyti nuolatin\u012f intensyv\u0173 naudojim\u0105.<\/li>\n<li>Sauga: apra\u0161ykite \u012f projekt\u0105 \u012ftrauktas saugos priemones, skirtas i\u0161vengti nelaiming\u0173 atsitikim\u0173 ir u\u017etikrinti operatoriaus saug\u0105.<\/li>\n<li>Prie\u017ei\u016bra: Aptarkite prie\u017ei\u016bros paprastum\u0105 ir atsargini\u0173 dali\u0173 bei remonto paslaug\u0173 prieinamum\u0105.<\/li>\n<\/ul>\n<p><img decoding=\"async\" src=\"https:\/\/www.hydraulic-cylinders.net\/wp-content\/uploads\/2025\/01\/songte-oil-pipes-and-spare-parts.webp\" alt=\"Vaizdas\"><\/p>\n<h2>Sandarinimas ir tepimas:<\/h2>\n<p>Kau\u0161o cilindre naudojami \u012fvair\u016bs sandarinimo komponentai, tokie kaip st\u016bmoklio ir koto sandarikliai. \u0160ie sandarikliai pagaminti i\u0161 atspari\u0173 dilimui med\u017eiag\u0173, toki\u0173 kaip poliuretanas ir nitrilo kau\u010diukas. Cilindro korpusas ir srieginis galas yra kruop\u0161\u010diai apdorojami, kad padid\u0117t\u0173 atsparumas dilimui. Norint u\u017etikrinti skland\u0173 veikim\u0105, b\u016btina reguliariai tepti tinkamu hidraulin\u0117s alyvos kiekiu.<\/p>\n<h2>Reguliarus patikrinimas ir prevencin\u0117 prie\u017ei\u016bra:<\/h2>\n<ul>\n<li>Ap\u017ei\u016br\u0117kite cilindr\u0105, ar n\u0117ra nuot\u0117kio, pa\u017eeidimo ar susid\u0117v\u0117jimo po\u017eymi\u0173.<\/li>\n<li>U\u017etikrinkite tinkam\u0105 sutepim\u0105 ir, jei reikia, pakeiskite sandariklius.<\/li>\n<li>Atlikite kalibravimo patikrinimus, kad i\u0161laikytum\u0117te optimal\u0173 na\u0161um\u0105.<\/li>\n<\/ul>\n<h2>Teisingas gaminio montavimas:<\/h2>\n<p>Tinkamas montavimas yra labai svarbus efektyviam kau\u0161o cilindro veikimui. Laikykit\u0117s \u0161i\u0173 nurodym\u0173:<\/p>\n<ul>\n<li>U\u017etikrinkite teising\u0105 cilindro sulygiavim\u0105.<\/li>\n<li>Cilindro tvirtinimui rekomenduojama naudoti tinkamus tvirtinimo laikiklius.<\/li>\n<li>Pateikite rekomenduojamas patikrinimo, remonto ir keitimo proced\u016bras.<\/li>\n<li>Pateikite patarim\u0173, kaip prailginti cilindro tarnavimo laik\u0105.<\/li>\n<\/ul>\n<p><img decoding=\"async\" src=\"https:\/\/www.hydraulic-cylinders.net\/wp-content\/uploads\/2025\/01\/songte-chushion-collar.webp\" alt=\"Vaizdas\"><\/p>\n<h2>Saugos aspektai ir aplinkos veiksniai:<\/h2>\n<p>Pabr\u0117\u017ekite saugos priemoni\u0173 svarb\u0105 naudojant kau\u0161o cilindr\u0105 ir aptarkite svarbius aplinkos veiksnius.<\/p>\n<h2>Gedim\u0173 diagnostika ir da\u017eniausios problemos:<\/h2>\n<p>Pateikite i\u0161sam\u0173 gedim\u0173 diagnostikos ir da\u017eniausiai pasitaikan\u010di\u0173 problem\u0173, kurios gali kilti su kau\u0161o cilindru, apra\u0161ym\u0105.<\/p>\n<p>Pateikite trik\u010di\u0173 \u0161alinimo patarimus ir sprendimus, kurie pad\u0117t\u0173 skaitytojams efektyviai diagnozuoti ir i\u0161spr\u0119sti problemas. Pateikite prevencines priemones, skirtas suma\u017einti galimas problemas.<\/p>\n<p><img decoding=\"async\" src=\"https:\/\/www.hydraulic-cylinders.net\/wp-content\/uploads\/2025\/01\/songte-bushings-with-all-kinds-of-excavator-models.webp\" alt=\"Vaizdas\"><\/p>\n<p>Nepamir\u0161kite straipsn\u012f strukt\u016brizuoti logi\u0161kai, naudoti paantra\u0161tes lengvam nar\u0161ymui, \u012ftraukti atitinkam\u0173 vaizd\u0173 ar diagram\u0173, kad b\u016bt\u0173 lengviau suprasti, ir u\u017etikrinti, kad turinys b\u016bt\u0173 ai\u0161kus, glaustas ir tinkamas skaitytojams, turintiems skirting\u0105 technini\u0173 \u017eini\u0173 lyg\u012f.<\/p>\n<h2>Apie m\u016bs\u0173 \u012fmon\u0119:<\/h2>\n<p>Esame pakaitini\u0173 hidraulini\u0173 cilindr\u0173 gamintojas ir pirmaujantis gamintojas bei didmeninis platintojas vidaus ir tarptautin\u0117se rinkose. Savo patobulintose gamybos dirbtuv\u0117se laikom\u0117s puikios kokyb\u0117s princip\u0173 ir remiam\u0117s industrializuoto gamybos valdymo strategijomis. Naudodami technologinius talentus, pa\u017eangi\u0105 skaitmenin\u0119 gamybos \u012frang\u0105 ir profesionalias testavimo sistemas, nuolat tobuliname savo gamybos platform\u0105 ir tobuliname gamini\u0173 kokyb\u0117s gamybos proces\u0105. Turime stipr\u0173 k\u016brybin\u012f geb\u0117jim\u0105 patenkinti \u012fvairius klient\u0173 poreikius, u\u017etikrindami auk\u0161t\u0105 efektyvum\u0105, tikslum\u0105 ir kokyb\u0119.<\/p>\n<p><img decoding=\"async\" src=\"https:\/\/www.hydraulic-cylinders.net\/wp-content\/uploads\/2025\/01\/songte-company-3.webp\" alt=\"\u012emon\u0117s \u012fvaizdis\"><\/p>\n<p>Mes toliau ple\u010diame savo asortiment\u0105, remdamiesi profesionalumu, tarptautiniais sertifikatais, individualiai pritaikytomis paslaugomis, gamybos \u012franga ir aptarnavimu po pardavimo.<\/p>\n<p><em>Autorius: lyl<\/em><\/p>","protected":false},"excerpt":{"rendered":"<p>Bucket Cylinder For Atlas 7008LC Introduction: The bucket cylinder is a specially designed hydraulic cylinder used to control the movement of the bucket in heavy machinery such as excavators, backhoe loaders, and wheel loaders. Its main function is to enable the bucket to lift, lower, and tilt, making it convenient for various material handling tasks. [&hellip;]<\/p>","protected":false},"featured_media":14776,"comment_status":"open","ping_status":"closed","template":"","meta":{"_et_pb_use_builder":"","_et_pb_old_content":"","_et_gb_content_width":""},"product_brand":[],"product_cat":[1494],"product_tag":[1495,1496],"class_list":{"0":"post-15920","1":"product","2":"type-product","3":"status-publish","4":"has-post-thumbnail","6":"product_cat-bucket-cylinders","7":"product_tag-bucket-cylinders","8":"product_tag-hydraulic-cylinders","10":"first","11":"instock","12":"shipping-taxable","13":"product-type-simple"},"amp_enabled":true,"_links":{"self":[{"href":"https:\/\/www.hydraulic-cylinders.net\/lt\/wp-json\/wp\/v2\/product\/15920","targetHints":{"allow":["GET"]}}],"collection":[{"href":"https:\/\/www.hydraulic-cylinders.net\/lt\/wp-json\/wp\/v2\/product"}],"about":[{"href":"https:\/\/www.hydraulic-cylinders.net\/lt\/wp-json\/wp\/v2\/types\/product"}],"replies":[{"embeddable":true,"href":"https:\/\/www.hydraulic-cylinders.net\/lt\/wp-json\/wp\/v2\/comments?post=15920"}],"wp:featuredmedia":[{"embeddable":true,"href":"https:\/\/www.hydraulic-cylinders.net\/lt\/wp-json\/wp\/v2\/media\/14776"}],"wp:attachment":[{"href":"https:\/\/www.hydraulic-cylinders.net\/lt\/wp-json\/wp\/v2\/media?parent=15920"}],"wp:term":[{"taxonomy":"product_brand","embeddable":true,"href":"https:\/\/www.hydraulic-cylinders.net\/lt\/wp-json\/wp\/v2\/product_brand?post=15920"},{"taxonomy":"product_cat","embeddable":true,"href":"https:\/\/www.hydraulic-cylinders.net\/lt\/wp-json\/wp\/v2\/product_cat?post=15920"},{"taxonomy":"product_tag","embeddable":true,"href":"https:\/\/www.hydraulic-cylinders.net\/lt\/wp-json\/wp\/v2\/product_tag?post=15920"}],"curies":[{"name":"wp","href":"https:\/\/api.w.org\/{rel}","templated":true}]}}