{"id":15921,"date":"2025-01-19T15:10:04","date_gmt":"2025-01-19T15:10:04","guid":{"rendered":"https:\/\/www.hydraulic-cylinders.net\/product\/bucket-cylinder-for-atlas-7808lc\/"},"modified":"2025-01-19T15:10:14","modified_gmt":"2025-01-19T15:10:14","slug":"bucket-cylinder-for-atlas-7808lc","status":"publish","type":"product","link":"https:\/\/www.hydraulic-cylinders.net\/lt\/produktas\/bucket-cylinder-for-atlas-7808lc\/","title":{"rendered":"Kau\u0161o cilindras, skirtas \u201eAtlas 7808LC\u201c"},"content":{"rendered":"<h1>Kau\u0161o cilindras, skirtas \u201eAtlas 7808LC\u201c<\/h1>\n<h2>\u012evadas<\/h2>\n<p>\u201eAtlas 7808LC\u201c kau\u0161o cilindras yra hidraulinio cilindro tipas, specialiai sukurtas valdyti kau\u0161\u0173 jud\u0117jim\u0105 sunkiosiose technikose, tokiose kaip ekskavatoriai, ekskavatoriniai krautuvai ir frontaliniai krautuvai. Pagrindin\u0117 jo funkcija \u2013 leisti pakelti, nuleisti ir pakreipti kau\u0161\u0105, taip palengvinant \u012fvairias med\u017eiag\u0173 tvarkymo u\u017eduotis. Hidraulin\u0117je sistemoje kau\u0161o cilindras tiksliai valdo kau\u0161\u0105 keisdamas hidraulin\u0117s alyvos sl\u0117g\u012f, tod\u0117l operatoriai gali efektyviai valdyti sunkius krovinius ir prisitaikyti prie sud\u0117tingos darbo aplinkos bei \u012fvairi\u0173 eksploatavimo reikalavim\u0173.<\/p>\n<p><img decoding=\"async\" src=\"https:\/\/www.hydraulic-cylinders.net\/wp-content\/uploads\/2025\/01\/songte-company-2.webp\" alt=\"Kau\u0161o cilindras\" style=\"width:100%\"><\/p>\n<h2>Savyb\u0117s<\/h2>\n<ul>\n<li>\n<h3>Didelis stiprumas ir ilgaam\u017ei\u0161kumas<\/h3>\n<p>Kau\u0161\u0173 cilindrai paprastai gaminami i\u0161 didelio stiprumo plieno arba aliuminio, tod\u0117l jie gali atlaikyti auk\u0161t\u0105 sl\u0117g\u012f ir dideles apkrovas bei prisitaikyti prie at\u0161iauri\u0173 darbo s\u0105lyg\u0173. J\u0173 konstrukcija atsi\u017evelgia \u012f atsparum\u0105 dilimui ir korozijai, taip pailgindama j\u0173 tarnavimo laik\u0105.<\/p>\n<\/li>\n<li>\n<h3>Efektyvus hidraulinis valdymas<\/h3>\n<p>Kau\u0161\u0173 cilindrai naudoja hidraulin\u0117s alyvos sl\u0117g\u012f, kad skland\u017eiai i\u0161skleist\u0173 ir atitraukt\u0173, tod\u0117l greitai reaguoja \u012f valdymo komandas, u\u017etikrina galing\u0105 st\u016bmimo ir traukimo j\u0117g\u0105 ir yra tinkami sunkiems kroviniams kelti bei sud\u0117tingoms eksploatavimo u\u017eduotims atlikti.<\/p>\n<\/li>\n<li>\n<h3>Keli tipai<\/h3>\n<p>Kau\u0161\u0173 cilindrai b\u016bna vienpusio veikimo (hidrauliniai, naudojami viena kryptimi) arba dvipusio veikimo (hidrauliniai, naudojami dviem kryptimis), kad atitikt\u0173 skirtingus eksploatacinius reikalavimus. Kai kurie modeliai yra teleskopiniai, tod\u0117l juos galima labiau i\u0161tiesti nedidinant i\u0161orini\u0173 matmen\u0173, tod\u0117l jie tinka naudoti ribotoje erdv\u0117je.<\/p>\n<\/li>\n<li>\n<h3>Kei\u010diamas<\/h3>\n<p>M\u016bs\u0173 \u012fmon\u0117 gali pagaminti \u0161\u012f produkt\u0105, o m\u016bs\u0173 produktas gali puikiai pakeisti \u0161iuos hidraulinius cilindrus.<\/p>\n<\/li>\n<\/ul>\n<p><img decoding=\"async\" src=\"https:\/\/www.hydraulic-cylinders.net\/wp-content\/uploads\/2025\/01\/songte-cylinder-head-with-all-kinds-excavator-models.webp\" alt=\"Hidraulinis cilindras\" style=\"width:100%\"><\/p>\n<h2>Parai\u0161kos<\/h2>\n<p>Kau\u0161\u0173 cilindrai pla\u010diai naudojami \u012fvairiose statybos \u012frangos, \u017eem\u0117s \u016bkio technikos ir kitose pramon\u0117s \u0161akose, \u012fskaitant:<\/p>\n<ul>\n<li>\n<h3>Statybin\u0117 \u012franga<\/h3>\n<p>Kau\u0161o cilindrai randami ekskavatoriuose, kur jie yra b\u016btini kasant, kraunant ir perkeliant grunt\u0105 ar \u0161iuk\u0161les. Ekskavatoriuose-krautuvuose kau\u0161o cilindras padeda ir kasti, ir kelti. Priekiniuose krautuvuose jie padeda efektyviai kelti ir i\u0161versti prekes.<\/p>\n<\/li>\n<li>\n<h3>\u017dem\u0117s \u016bkio technika<\/h3>\n<p>Kau\u0161\u0173 cilindrai naudojami priekiniuose krautuvuose dirvo\u017eemiui, \u0161ienui ir kitoms med\u017eiagoms semti, kelti ir transportuoti.<\/p>\n<\/li>\n<li>\n<h3>Ekskavatoriai<\/h3>\n<p>Kau\u0161o cilindrai leid\u017eia ekskavatoriams prasiskverbti \u012f dirv\u0105, leisdami kau\u0161ui jud\u0117ti per j\u0105.<\/p>\n<\/li>\n<\/ul>\n<h2>Projektavimo aspektai ir atrankos kriterijai<\/h2>\n<p>Kalbant apie kau\u0161o cilindr\u0173 projektavimo aspektus, j\u0173 patikimam veikimui b\u016btini keli pagrindiniai veiksniai, \u012fskaitant:<\/p>\n<ul>\n<li>\n<h3>Apkrovos paj\u0117gumas<\/h3>\n<p>Kau\u0161o cilindro keliamoji galia yra labai svarbi ir turi b\u016bti suprojektuota taip, kad atlaikyt\u0173 keliamo ar perkeliamo krovinio svor\u012f.<\/p>\n<\/li>\n<li>\n<h3>Sandarumas ir ilgaam\u017ei\u0161kumas<\/h3>\n<p>Kau\u0161\u0173 cilindrams reikalingi patikimi sandarikliai, kad b\u016bt\u0173 i\u0161vengta alyvos nuot\u0117kio, kuris gali sukelti hidraulinius gedimus ir \u012frangos prastov\u0105. Be to, norint u\u017etikrinti ilg\u0105 tarnavimo laik\u0105, reikia atsi\u017evelgti \u012f cilindro patvarum\u0105.<\/p>\n<\/li>\n<li>\n<h3>Saugumas<\/h3>\n<p>Kau\u0161o cilindras turi b\u016bti suprojektuotas atsi\u017evelgiant \u012f naudotojo saugum\u0105, kad b\u016bt\u0173 i\u0161vengta nelaiming\u0173 atsitikim\u0173 ar su\u017ealojim\u0173, kurie gali \u012fvykti darbo metu.<\/p>\n<\/li>\n<li>\n<h3>Prie\u017ei\u016bra ir remontas<\/h3>\n<p>Balionas turi b\u016bti suprojektuotas taip, kad j\u012f b\u016bt\u0173 lengva pri\u017ei\u016br\u0117ti ir remontuoti. Tai gali apimti tokias savybes kaip kei\u010diamos dalys arba lengva prieiga ap\u017ei\u016brai ir prie\u017ei\u016brai.<\/p>\n<\/li>\n<\/ul>\n<p><img decoding=\"async\" src=\"https:\/\/www.hydraulic-cylinders.net\/wp-content\/uploads\/2025\/01\/songte-oil-pipes-and-spare-parts.webp\" alt=\"Hidraulinis cilindras\" style=\"width:100%\"><\/p>\n<h2>Sandarinimas ir tepimas<\/h2>\n<p>Kau\u0161\u0173 cilindruose naudojami \u012fvair\u016bs sandarinimo komponentai, \u012fskaitant st\u016bmokli\u0173 ir kot\u0173 sandariklius, kurie paprastai gaminami i\u0161 atspari\u0173 dilimui med\u017eiag\u0173, toki\u0173 kaip poliuretanas arba nitrilo kau\u010diukas. Siekiant u\u017etikrinti ilg\u0105 tarnavimo laik\u0105, cilindro korpusas ir koto pavir\u0161ius turi b\u016bti apdoroti, kad b\u016bt\u0173 atspar\u016bs dilimui. Taip pat b\u016btina reguliariai tepti hidrauline alyva, kad cilindras tinkamai veikt\u0173.<\/p>\n<h2>Prie\u017ei\u016bra ir remontas<\/h2>\n<p>Norint u\u017etikrinti tinkam\u0105 kau\u0161o cilindro veikim\u0105 ir pailginti jo tarnavimo laik\u0105, b\u016btina reguliariai atlikti patikrinimus ir profilaktinius darbus. Tai gali apimti tokias u\u017eduotis kaip:<\/p>\n<ul>\n<li>\n<h3>Reguliarus patikrinimas<\/h3>\n<p>Reguliarus cilindro, sandarikli\u0173, tvirtinimo laikikli\u0173 ir jungiam\u0173j\u0173 detali\u0173 patikrinimas gali pad\u0117ti i\u0161vengti nedideli\u0173 problem\u0173 tapimo rimtomis ir galiausiai suma\u017einti prastovas.<\/p>\n<\/li>\n<li>\n<h3>Tinkamas tepimas<\/h3>\n<p>Tinkamas cilindro tepimas yra b\u016btinas skland\u017eiam jo veikimui. Tai gali apimti atitinkamos hidraulin\u0117s alyvos arba tepalo naudojim\u0105, priklausomai nuo cilindro konstrukcijos.<\/p>\n<\/li>\n<li>\n<h3>Tarpiklio keitimas ir kalibravimo patikrinimas<\/h3>\n<p>Susid\u0117v\u0117jusi\u0173 sandarikli\u0173 keitimas ir kalibravimo patikrinimas gali pagerinti cilindro na\u0161um\u0105 ir tarnavimo laik\u0105.<\/p>\n<\/li>\n<\/ul>\n<p><img decoding=\"async\" src=\"https:\/\/www.hydraulic-cylinders.net\/wp-content\/uploads\/2025\/01\/songte-chushion-collar.webp\" alt=\"Hidraulinis cilindras\" style=\"width:100%\"><\/p>\n<h2>Saugos aspektai ir aplinkos veiksniai<\/h2>\n<p>Kau\u0161\u0173 cilindrus reikia tinkamai naudoti ir pri\u017ei\u016br\u0117ti, kad b\u016bt\u0173 u\u017etikrintas saugus veikimas. Operatoriai tur\u0117t\u0173 b\u016bti apmokyti tinkamai naudoti cilindr\u0105 ir laikytis vis\u0173 saugos nurodym\u0173. Aplinkos veiksniai, tokie kaip temperat\u016bra, dr\u0117gm\u0117 ir chemini\u0173 med\u017eiag\u0173 poveikis, taip pat gali tur\u0117ti \u012ftakos cilindro veikimui ir \u012f juos reikia atsi\u017evelgti.<\/p>\n<h2>Da\u017enos problemos ir trik\u010di\u0173 \u0161alinimas<\/h2>\n<p>Kai kurios da\u017enos problemos, galin\u010dios kilti su kau\u0161iniais cilindrais, yra nuot\u0117kiai, l\u0117tas arba nereaguojantis veikimas ir cilindro korpuso arba sandarikli\u0173 pa\u017eeidimai. \u0160i\u0173 problem\u0173 \u0161alinimas gali apimti tinkamo tepimo patikrinim\u0105, sandarikli\u0173 ir jungiam\u0173j\u0173 detali\u0173 ap\u017ei\u016br\u0105 bei cilindro ap\u017ei\u016br\u0105 d\u0117l pa\u017eeidim\u0173. Reguliarus prevencinis aptarnavimas gali pad\u0117ti suma\u017einti \u0161i\u0173 problem\u0173 atsiradim\u0105.<\/p>\n<p><img decoding=\"async\" src=\"https:\/\/www.hydraulic-cylinders.net\/wp-content\/uploads\/2025\/01\/songte-bushings-with-all-kinds-of-excavator-models.webp\" alt=\"Hidraulinis cilindras\" style=\"width:100%\"><\/p>\n<h2>Apie m\u016bs\u0173 \u012fmon\u0119<\/h2>\n<p>Esame pirmaujanti hidraulini\u0173 cilindr\u0173 gamintoja ir didmenin\u0117 platintoja vidaus ir tarptautin\u0117se rinkose. M\u016bs\u0173 \u012fmon\u0117 laikosi puikios kokyb\u0117s principo ir remiasi industrializuotomis gamybos valdymo strategijomis, pagr\u012fstomis tikslios gamybos dirbtuv\u0117mis, technologij\u0173 talentais, auk\u0161\u010diausios klas\u0117s skaitmenine gamybos \u012franga, taip pat profesionaliomis testavimo sistemomis. M\u016bs\u0173 \u012fmon\u0117 nuolat tobulina dirbtuvi\u0173 gamybos platform\u0105, gerina gamini\u0173 kokyb\u0117s gamybos proces\u0105 ir turi stiprias k\u016brimo galimybes, kad patenkint\u0173 \u012fvairius klient\u0173 poreikius, u\u017etikrindama auk\u0161t\u0105 efektyvum\u0105, tikslum\u0105 ir kokyb\u0119. <\/p>\n<p>M\u016bs\u0173 \u012fmon\u0117 si\u016blo \u012fvairius produktus ir paslaugas, tokias kaip:<\/p>\n<ul>\n<li>\n<h3>Profesionalumas<\/h3>\n<p>M\u016bs\u0173 komandoje dirba ilgamet\u0119 patirt\u012f \u0161ioje srityje turintys specialistai, siekiantys u\u017etikrinti, kad m\u016bs\u0173 gaminiai atitikt\u0173 auk\u0161\u010diausius kokyb\u0117s ir patikimumo standartus.<\/p>\n<\/li>\n<li>\n<h3>Tarptautinis sertifikavimas<\/h3>\n<p>M\u016bs\u0173 produktai yra sertifikuoti pagal tarptautinius standartus, tokius kaip ISO 9001:2015, u\u017etikrinant, kad m\u016bs\u0173 klientai gali pasitik\u0117ti m\u016bs\u0173 produktais.<\/p>\n<\/li>\n<li>\n<h3>Pritaikymo paslaugos<\/h3>\n<p>Si\u016blome individualiai pritaikytas paslaugas, kad patenkintume unikalius klient\u0173 poreikius, teikdami individualiai pritaikytus sprendimus, kurie yra sukurti atsi\u017evelgiant \u012f konkre\u010dius reikalavimus.<\/p>\n<\/li>\n<li>\n<h3>Gamybos \u012franga<\/h3>\n<p>Naudojame pa\u017eangi\u0105 gamybos \u012frang\u0105, toki\u0105 kaip CNC stakl\u0117s, kad u\u017etikrintume tiksli\u0105 gamyb\u0105 ir auk\u0161tos kokyb\u0117s gaminius.<\/p>\n<\/li>\n<li>\n<h3>Aptarnavimas po pardavimo<\/h3>\n<p>Siekdami u\u017etikrinti klient\u0173 pasitenkinim\u0105 m\u016bs\u0173 produktais ir paslaugomis, teikiame garantinio aptarnavimo paslaugas, si\u016blydami prie\u017ei\u016bros, remonto ir keitimo paslaugas.<\/p>\n<\/li>\n<\/ul>\n<p><img decoding=\"async\" src=\"https:\/\/hzpt.com\/wp-content\/uploads\/2024\/11\/songte-company-1.webp\" alt=\"Hidraulinis cilindras\" style=\"width:100%\"><\/p>\n<p>Autorius: lyl<\/p>","protected":false},"excerpt":{"rendered":"<p>Bucket Cylinder For Atlas 7808LC Introduction The bucket cylinder for Atlas 7808LC is a type of hydraulic cylinder that is specially designed for controlling the movement of buckets in heavy machinery such as excavators, backhoe loaders, and front-end loaders. Its main function is to allow the bucket to be lifted, lowered and tilted, thereby facilitating [&hellip;]<\/p>","protected":false},"featured_media":14773,"comment_status":"open","ping_status":"closed","template":"","meta":{"_et_pb_use_builder":"","_et_pb_old_content":"","_et_gb_content_width":""},"product_brand":[],"product_cat":[1494],"product_tag":[1495,1496],"class_list":{"0":"post-15921","1":"product","2":"type-product","3":"status-publish","4":"has-post-thumbnail","6":"product_cat-bucket-cylinders","7":"product_tag-bucket-cylinders","8":"product_tag-hydraulic-cylinders","10":"first","11":"instock","12":"shipping-taxable","13":"product-type-simple"},"amp_enabled":true,"_links":{"self":[{"href":"https:\/\/www.hydraulic-cylinders.net\/lt\/wp-json\/wp\/v2\/product\/15921","targetHints":{"allow":["GET"]}}],"collection":[{"href":"https:\/\/www.hydraulic-cylinders.net\/lt\/wp-json\/wp\/v2\/product"}],"about":[{"href":"https:\/\/www.hydraulic-cylinders.net\/lt\/wp-json\/wp\/v2\/types\/product"}],"replies":[{"embeddable":true,"href":"https:\/\/www.hydraulic-cylinders.net\/lt\/wp-json\/wp\/v2\/comments?post=15921"}],"wp:featuredmedia":[{"embeddable":true,"href":"https:\/\/www.hydraulic-cylinders.net\/lt\/wp-json\/wp\/v2\/media\/14773"}],"wp:attachment":[{"href":"https:\/\/www.hydraulic-cylinders.net\/lt\/wp-json\/wp\/v2\/media?parent=15921"}],"wp:term":[{"taxonomy":"product_brand","embeddable":true,"href":"https:\/\/www.hydraulic-cylinders.net\/lt\/wp-json\/wp\/v2\/product_brand?post=15921"},{"taxonomy":"product_cat","embeddable":true,"href":"https:\/\/www.hydraulic-cylinders.net\/lt\/wp-json\/wp\/v2\/product_cat?post=15921"},{"taxonomy":"product_tag","embeddable":true,"href":"https:\/\/www.hydraulic-cylinders.net\/lt\/wp-json\/wp\/v2\/product_tag?post=15921"}],"curies":[{"name":"wp","href":"https:\/\/api.w.org\/{rel}","templated":true}]}}