{"id":15923,"date":"2025-01-19T15:10:21","date_gmt":"2025-01-19T15:10:21","guid":{"rendered":"https:\/\/www.hydraulic-cylinders.net\/product\/bucket-cylinder-for-bonny-ced1000-7\/"},"modified":"2025-01-19T15:10:23","modified_gmt":"2025-01-19T15:10:23","slug":"bucket-cylinder-for-bonny-ced1000-7","status":"publish","type":"product","link":"https:\/\/www.hydraulic-cylinders.net\/lt\/produktas\/bucket-cylinder-for-bonny-ced1000-7\/","title":{"rendered":"Kau\u0161o cilindras, skirtas \u201eBonny CED1000-7\u201c"},"content":{"rendered":"<h1>Kau\u0161o cilindras, skirtas \u201eBonny CED1000-7\u201c<\/h1>\n<h2>\u012evadas<\/h2>\n<p>Kau\u0161o cilindras yra specialiai sukurtas hidraulinis cilindras, naudojamas valdyti kau\u0161o jud\u0117jim\u0105 sunkiosiose ma\u0161inose, tokiose kaip ekskavatoriai, ekskavatoriniai ekskavatoriai ir frontaliniai krautuvai. Pagrindin\u0117 jo funkcija \u2013 leisti kau\u0161ui pakilti, nuleisti ir pakreipti, kad b\u016bt\u0173 lengva atlikti \u012fvairias med\u017eiag\u0173 tvarkymo u\u017eduotis. Hidraulin\u0117je sistemoje kau\u0161o cilindras naudoja hidraulin\u0117s alyvos sl\u0117gio poky\u010dius, kad tiksliai valdyt\u0173 kau\u0161\u0105, o tai leid\u017eia operatoriams efektyviai tvarkyti sunkius objektus ir prisitaikyti prie sud\u0117tingos darbo aplinkos bei \u012fvairi\u0173 darbo reikalavim\u0173.<\/p>\n<p><img loading=\"lazy\" decoding=\"async\" src=\"https:\/\/www.hydraulic-cylinders.net\/wp-content\/uploads\/2025\/01\/songte-company-2.webp\" alt=\"Kau\u0161o cilindras, skirtas \u201eBonny CED1000-7\u201c\" width=\"500\" height=\"300\"><\/p>\n<h2>Savyb\u0117s<\/h2>\n<ol>\n<li>\n<h3>Didelis stiprumas ir ilgaam\u017ei\u0161kumas<\/h3>\n<p>Kau\u0161\u0173 cilindrai paprastai gaminami i\u0161 didelio stiprumo plieno arba aliuminio, kurie gali atlaikyti auk\u0161t\u0105 sl\u0117g\u012f ir dideles apkrovas, prisitaikydami prie at\u0161iauri\u0173 darbo s\u0105lyg\u0173. Projektuojant atsi\u017evelgiama \u012f atsparum\u0105 dilimui ir korozijai, taip prailginant tarnavimo laik\u0105.<\/p>\n<\/li>\n<li>\n<h3>Efektyvus hidraulinis valdymas<\/h3>\n<p>Kau\u0161\u0173 cilindrai naudoja hidraulin\u0117s alyvos sl\u0117g\u012f, kad u\u017etikrint\u0173 skland\u0173 i\u0161st\u016bmim\u0105 ir \u012ftraukim\u0105, greitai reaguot\u0173 \u012f valdymo komandas ir u\u017etikrint\u0173 galingas st\u016bmimo bei traukimo j\u0117gas, tinkamas sunkiems objektams tvarkyti ir sud\u0117tingoms u\u017eduotims atlikti.<\/p>\n<\/li>\n<li>\n<h3>\u012evair\u016bs tipai<\/h3>\n<p>Kau\u0161\u0173 cilindrai gali b\u016bti vienpusio veikimo (hidraulin\u0117 sistema naudojama tik viena kryptimi) arba dvipusio veikimo (hidraulin\u0117 sistema naudojama abiem kryptimis), atsi\u017evelgiant \u012f eksploatacinius poreikius. Kai kurie modeliai yra teleskopiniai, tod\u0117l juos galima labiau i\u0161tiesti nedidinant i\u0161orini\u0173 matmen\u0173, tod\u0117l jie tinka naudoti ribotoje erdv\u0117je.<\/p>\n<\/li>\n<li>\n<h3>Kei\u010diamas<\/h3>\n<p>M\u016bs\u0173 gaminys gali puikiai pakeisti \u0161iuos hidraulinius cilindrus.<\/p>\n<\/li>\n<li>\n<h3>Parai\u0161ka<\/h3>\n<p>Kau\u0161\u0173 cilindrai naudojami \u012fvairioje statybin\u0117je \u012frangoje, \u017eem\u0117s \u016bkio ma\u0161inoje, ekskavatoriuose ir frontaliniuose krautuvuose. Jie yra b\u016btini kasant, kraunant ir perkeliant grunt\u0105 ar \u0161iuk\u0161les. Kau\u0161\u0173 cilindrai padeda kasti, kelti ir i\u0161pilti grunt\u0105 ekskavatoriuose-krautuvams. Frontaliniuose krautuvams jie padeda efektyviai kelti ir pakreipti krovin\u012f.<\/p>\n<\/li>\n<\/ol>\n<h2>Projektavimo aspektai ir atrankos standartai<\/h2>\n<p><img loading=\"lazy\" decoding=\"async\" src=\"https:\/\/www.hydraulic-cylinders.net\/wp-content\/uploads\/2025\/01\/songte-oil-pipes-and-spare-parts.webp\" alt=\"Kau\u0161o cilindro konstrukcija\" width=\"500\" height=\"300\"><\/p>\n<p>Kau\u0161\u0173 cilindrai yra svarbiausi sunkiosios technikos komponentai, tod\u0117l juos reikia projektuoti ir pasirinkti atsi\u017evelgiant \u012f kelis veiksnius:<\/p>\n<ol>\n<li>\n<h3>Guoli\u0173 talpa<\/h3>\n<p>Kau\u0161o cilindrai tur\u0117t\u0173 b\u016bti suprojektuoti taip, kad atlaikyt\u0173 did\u017eiausias j\u0117gas ir \u012ftempius, su kuriais jie gali susidurti lauke. Projektuojant taip pat reik\u0117t\u0173 atsi\u017evelgti \u012f maksimali\u0105 darbin\u0119 apkrov\u0105.<\/p>\n<\/li>\n<li>\n<h3>Sandarinimas<\/h3>\n<p>Kau\u0161\u0173 cilindruose naudojami \u012fvair\u016bs sandarinimo komponentai, tokie kaip st\u016bmokli\u0173 sandarikliai, stryp\u0173 sandarikliai ir kt. Jie turi b\u016bti pagaminti i\u0161 atspari\u0173 dilimui med\u017eiag\u0173, toki\u0173 kaip poliuretanas ir nitrilo kau\u010diukas. Cilindro korpusas ir sriegio pavir\u0161ius yra kruop\u0161\u010diai apdorojami, kad padid\u0117t\u0173 atsparumas dilimui. Reguliarus tepimas yra b\u016btinas, kad b\u016bt\u0173 i\u0161vengta pa\u017eeidim\u0173 d\u0117l nepakankamo tepimo.<\/p>\n<\/li>\n<li>\n<h3>Patvarumas ir saugumas<\/h3>\n<p>Kau\u0161\u0173 cilindrai turi b\u016bti pagaminti taip, kad atlaikyt\u0173 dideles apkrovas ir nepalankias darbo s\u0105lygas. Jie turi b\u016bti pakankamai patvar\u016bs, kad tarnaut\u0173 ilgai ir u\u017etikrint\u0173 saugum\u0105.<\/p>\n<\/li>\n<li>\n<h3>Prie\u017ei\u016bra<\/h3>\n<p>Kau\u0161\u0173 cilindrus reikia reguliariai pri\u017ei\u016br\u0117ti ir remontuoti, kad jie tarnaut\u0173 ilgiau. Norint i\u0161vengti gedim\u0173 ir suma\u017einti prastovas, b\u016btina patikrinti, pakeisti ir kalibruoti tokias dalis kaip sandarikliai ir tarpin\u0117s.<\/p>\n<\/li>\n<\/ol>\n<h2>Diegimo vadovas<\/h2>\n<p><img loading=\"lazy\" decoding=\"async\" src=\"https:\/\/www.hydraulic-cylinders.net\/wp-content\/uploads\/2025\/01\/songte-chushion-collar.webp\" alt=\"Kau\u0161o cilindro montavimo vadovas\" width=\"500\" height=\"300\"><\/p>\n<p>Tinkamas montavimas yra labai svarbus optimaliam kau\u0161o cilindro veikimui ir tarnavimo laikui. Rekomenduojamos montavimo proced\u016bros:<\/p>\n<ol>\n<li>Tinkamai sulygiuokite cilindr\u0105 ir naudokite atitinkamus tvirtinimo laikiklius, kad pritvirtintum\u0117te cilindr\u0105 vietoje.<\/li>\n<li>\u012esitikinkite, kad visos hidraulin\u0117s jungtys yra savo vietose ir tvirtai pritvirtintos.<\/li>\n<li>Patikrinkite hidraulin\u0117s alyvos lyg\u012f ir, jei reikia, \u012fpilkite.<\/li>\n<li>Paleiskite ma\u0161in\u0105 ir patikrinkite cilindro veikim\u0105, kad \u012fsitikintum\u0117te, jog jis veikia tinkamai.<\/li>\n<\/ol>\n<h2>Prie\u017ei\u016bros u\u017eduotys<\/h2>\n<p><img loading=\"lazy\" decoding=\"async\" src=\"https:\/\/www.hydraulic-cylinders.net\/wp-content\/uploads\/2025\/01\/songte-bushings-with-all-kinds-of-excavator-models.webp\" alt=\"Prie\u017ei\u016bros u\u017eduotys\" width=\"500\" height=\"300\"><\/p>\n<p>Reguliarus techninis aptarnavimas yra b\u016btinas norint pailginti kau\u0161o cilindro tarnavimo laik\u0105. Toliau pateikiami da\u017eniausiai atliekami technin\u0117s prie\u017ei\u016bros darbai:<\/p>\n<ol>\n<li>Reguliariai tikrinkite cilindr\u0105, ar n\u0117ra susid\u0117v\u0117jimo ir pa\u017eeidim\u0173 po\u017eymi\u0173.<\/li>\n<li>Reguliarus cilindro tepimas, siekiant i\u0161vengti pa\u017eeidim\u0173 d\u0117l nepakankamo tepimo.<\/li>\n<li>Susid\u0117v\u0117jusi\u0173 ar pa\u017eeist\u0173 sandarikli\u0173 ir tarpikli\u0173 keitimas.<\/li>\n<li>Kalibravimo patikrinimai, siekiant u\u017etikrinti tinkam\u0105 cilindro veikim\u0105.<\/li>\n<\/ol>\n<h2>Saugos aspektai ir aplinkos veiksniai<\/h2>\n<p>Naudojant kau\u0161inius cilindrus, saugumas yra svarbiausias prioritetas. Operatoriai turi b\u016bti tinkamai apmokyti ir laikytis vis\u0173 saugos nurodym\u0173, kad i\u0161vengt\u0173 nelaiming\u0173 atsitikim\u0173. Be to, aplinkos veiksniai, tokie kaip temperat\u016bra ir dr\u0117gm\u0117, gali tur\u0117ti \u012ftakos kau\u0161inio cilindro veikimui ir tarnavimo laikui. Tinkamas saugojimas ir prie\u017ei\u016bra gali suma\u017einti \u0161\u012f poveik\u012f.<\/p>\n<h2>Trik\u010di\u0173 \u0161alinimas ir da\u017eniausios problemos<\/h2>\n<p><img loading=\"lazy\" decoding=\"async\" src=\"https:\/\/hzpt.com\/wp-content\/uploads\/2024\/11\/songte-company-1.webp\" alt=\"Trik\u010di\u0173 \u0161alinimas ir da\u017eniausios problemos\" width=\"500\" height=\"300\"><\/p>\n<p>Kau\u0161\u0173 cilindrai gali susidurti su keliomis problemomis, kurios gali tur\u0117ti \u012ftakos j\u0173 veikimui. Toliau pateikiamos da\u017eniausios problemos:<\/p>\n<ol>\n<li>Nutekanti alyva<\/li>\n<li>L\u0117tas veikimas<\/li>\n<li>Suma\u017einta galia<\/li>\n<li>Per didelis triuk\u0161mas ar vibracija<\/li>\n<\/ol>\n<p>Tinkama diagnoz\u0117 ir greiti veiksmai gali pad\u0117ti i\u0161spr\u0119sti \u0161ias problemas ir i\u0161vengti tolesn\u0117s kau\u0161o cilindro \u017ealos.<\/p>\n<h2>Apie m\u016bs\u0173 \u012fmon\u0119<\/h2>\n<p><img loading=\"lazy\" decoding=\"async\" src=\"https:\/\/www.hydraulic-cylinders.net\/wp-content\/uploads\/2025\/01\/songte-company-3.webp\" alt=\"Apie m\u016bs\u0173 \u012fmon\u0119\" width=\"500\" height=\"300\"><\/p>\n<p>Esame pirmaujanti hidraulini\u0173 cilindr\u0173 gamintoja ir didmeninink\u0117 vidaus ir tarptautin\u0117se rinkose. M\u016bs\u0173 \u012fmon\u0117 gamina plat\u0173 gamini\u0173 asortiment\u0105 ir laikosi puikios kokyb\u0117s, taikydama pramon\u0117s standartus atitinkan\u010dias gamybos valdymo strategijas. Siekdami nuolat tobulinti savo gamybos platform\u0105 ir gamini\u0173 kokyb\u0117s gamybos b\u016bdus, pasikliaujame technini\u0173 specialist\u0173 komanda, pa\u017eangia skaitmenine gamybos \u012franga ir profesionaliomis testavimo sistemomis. M\u016bs\u0173 gaminiai atitinka \u012fvairius klient\u0173 poreikius ir atitinka didelio efektyvumo, didelio tikslumo ir auk\u0161tos kokyb\u0117s principus.<\/p>\n<p>We provide custom services, production equipment, and after-sales services to our customers. We aim to provide high-quality products that meet our customers&#8217; needs and expectations.<\/p>\n<p>\u0160\u012f straipsn\u012f para\u0161\u0117 lyl.<\/p>","protected":false},"excerpt":{"rendered":"<p>Bucket Cylinder For Bonny CED1000-7 Introduction A bucket cylinder is a specially designed hydraulic cylinder used to control the movement of the bucket in heavy machinery such as excavators, backhoe excavators, and front-end loaders. Its main function is to enable the bucket to lift, lower, and tilt, making it easy to handle various material handling [&hellip;]<\/p>","protected":false},"featured_media":14769,"comment_status":"open","ping_status":"closed","template":"","meta":{"_et_pb_use_builder":"","_et_pb_old_content":"","_et_gb_content_width":""},"product_brand":[],"product_cat":[1494],"product_tag":[1495,1496],"class_list":{"0":"post-15923","1":"product","2":"type-product","3":"status-publish","4":"has-post-thumbnail","6":"product_cat-bucket-cylinders","7":"product_tag-bucket-cylinders","8":"product_tag-hydraulic-cylinders","10":"first","11":"instock","12":"shipping-taxable","13":"product-type-simple"},"amp_enabled":true,"_links":{"self":[{"href":"https:\/\/www.hydraulic-cylinders.net\/lt\/wp-json\/wp\/v2\/product\/15923","targetHints":{"allow":["GET"]}}],"collection":[{"href":"https:\/\/www.hydraulic-cylinders.net\/lt\/wp-json\/wp\/v2\/product"}],"about":[{"href":"https:\/\/www.hydraulic-cylinders.net\/lt\/wp-json\/wp\/v2\/types\/product"}],"replies":[{"embeddable":true,"href":"https:\/\/www.hydraulic-cylinders.net\/lt\/wp-json\/wp\/v2\/comments?post=15923"}],"wp:featuredmedia":[{"embeddable":true,"href":"https:\/\/www.hydraulic-cylinders.net\/lt\/wp-json\/wp\/v2\/media\/14769"}],"wp:attachment":[{"href":"https:\/\/www.hydraulic-cylinders.net\/lt\/wp-json\/wp\/v2\/media?parent=15923"}],"wp:term":[{"taxonomy":"product_brand","embeddable":true,"href":"https:\/\/www.hydraulic-cylinders.net\/lt\/wp-json\/wp\/v2\/product_brand?post=15923"},{"taxonomy":"product_cat","embeddable":true,"href":"https:\/\/www.hydraulic-cylinders.net\/lt\/wp-json\/wp\/v2\/product_cat?post=15923"},{"taxonomy":"product_tag","embeddable":true,"href":"https:\/\/www.hydraulic-cylinders.net\/lt\/wp-json\/wp\/v2\/product_tag?post=15923"}],"curies":[{"name":"wp","href":"https:\/\/api.w.org\/{rel}","templated":true}]}}