{"id":15925,"date":"2025-01-19T15:10:29","date_gmt":"2025-01-19T15:10:29","guid":{"rendered":"https:\/\/www.hydraulic-cylinders.net\/product\/bucket-cylinder-for-bonny-wzy32-7\/"},"modified":"2025-01-19T15:10:31","modified_gmt":"2025-01-19T15:10:31","slug":"bucket-cylinder-for-bonny-wzy32-7","status":"publish","type":"product","link":"https:\/\/www.hydraulic-cylinders.net\/lt\/produktas\/bucket-cylinder-for-bonny-wzy32-7\/","title":{"rendered":"Kau\u0161o cilindras Bonny WZY32-7"},"content":{"rendered":"<h1>Kau\u0161o cilindras Bonny WZY32-7<\/h1>\n<h2>\u012evadas<\/h2>\n<p>Kau\u0161o cilindras yra specialiai sukurtas hidraulinis cilindras, daugiausia naudojamas kau\u0161\u0173 jud\u0117jimui valdyti sunkiosiose ma\u0161inose, tokiose kaip ekskavatoriai, ekskavatoriniai ekskavatoriai ir frontaliniai krautuvai. Pagrindin\u0117 jo funkcija \u2013 leisti kau\u0161\u0105 pakelti, nuleisti ir pakreipti, kad b\u016bt\u0173 lengviau atlikti \u012fvairias med\u017eiag\u0173 tvarkymo u\u017eduotis. Kau\u0161o cilindrai veikia tiksliai hidraulin\u0117je sistemoje, tod\u0117l galima efektyviai tvarkyti sunkius krovinius ir prisitaikyti prie sud\u0117tingos darbo aplinkos bei \u012fvairi\u0173 darbo reikalavim\u0173.<\/p>\n<p><img decoding=\"async\" src=\"https:\/\/www.hydraulic-cylinders.net\/wp-content\/uploads\/2025\/01\/songte-company-2.webp\" alt=\"Kau\u0161o cilindras, skirtas \u201eBonny WZY32-7\u201c paveiksl\u0117liui\" \/><\/p>\n<h2>Savyb\u0117s<\/h2>\n<ul>\n<li>Didelis stiprumas ir ilgaam\u017ei\u0161kumas: Paprastai pagamintas i\u0161 didelio stiprumo plieno arba aliuminio, jis gali atlaikyti didel\u012f sl\u0117g\u012f ir dideles apkrovas, prisitaiko prie at\u0161iauri\u0173 darbo s\u0105lyg\u0173 ir yra suprojektuotas atsi\u017evelgiant \u012f atsparum\u0105 dilimui ir korozijai, taip prailgindamas jo tarnavimo laik\u0105.<\/li>\n<li>Efektyvus hidraulinis veikimas: D\u0117l hidraulin\u0117s alyvos sl\u0117gio teleskopinis mechanizmas u\u017etikrina skland\u0173 veikim\u0105, tod\u0117l greitai reaguoja \u012f valdymo komandas, u\u017etikrindamas galing\u0105 st\u016bmimo ir traukimo j\u0117g\u0105, tinkan\u010di\u0105 sunkiems kroviniams ir sud\u0117tingoms u\u017eduotims atlikti.<\/li>\n<li>Keli tipai: pagal reikalavimus, kad b\u016bt\u0173 patenkinti skirtingi eksploataciniai poreikiai, galima pasirinkti vienpusio veikimo (hidraulin\u0117 sistema naudojama tik viena kryptimi) arba dvipusio veikimo (hidraulin\u0117 sistema naudojama dviem kryptimis) cilindrus. Kai kurie modeliai yra teleskopiniai, tod\u0117l juos galima labiau i\u0161pl\u0117sti nedidinant i\u0161orini\u0173 matmen\u0173, tod\u0117l jie tinka naudoti ribotoje erdv\u0117je.<\/li>\n<li>Puikus pakeitimas: M\u016bs\u0173 gaminiai gali puikiai pakeisti \u0161iuos hidraulinius cilindrus.<\/li>\n<\/ul>\n<p><img decoding=\"async\" src=\"https:\/\/www.hydraulic-cylinders.net\/wp-content\/uploads\/2025\/01\/songte-cylinder-head-with-all-kinds-excavator-models.webp\" alt=\"Kau\u0161o cilindras, skirtas \u201eBonny WZY32-7\u201c paveiksl\u0117liui\" \/><\/p>\n<h2>Parai\u0161kos<\/h2>\n<p>Kau\u0161\u0173 cilindrai naudojami \u012fvairiose pramon\u0117s \u0161akose, tokiose kaip:<\/p>\n<ul>\n<li>Statybin\u0117 \u012franga: ekskavatoriuose jie yra b\u016btini kasant, kraunant ir perkeliant grunt\u0105 ar \u0161iuk\u0161les. Ekskavatoriuose kau\u0161o cilindrai padeda kasti ir kelti. Priekiniuose krautuvuose jie padeda efektyviai kelti ir pakreipti krovinius.<\/li>\n<li>\u017dem\u0117s \u016bkio technika: naudojama priekiniams krautuvams, skirtiems dirvo\u017eemiui, \u0161ienui ir kitoms med\u017eiagoms kasti, kelti ir transportuoti. Ekskavatoriuose kau\u0161o cilindrai leid\u017eia kasti, leisdami kau\u0161ui prasiskverbti \u012f dirv\u0105.<\/li>\n<\/ul>\n<h2>Projektavimo aspektai ir atrankos kriterijai<\/h2>\n<p>Projektuojant cilindrinius \u010diaupus, reikia atsi\u017evelgti \u012f \u012fvairius veiksnius, tokius kaip:<\/p>\n<ul>\n<li>Gele\u017ein\u0117 galia: Cilindras turi b\u016bti pakankamai tvirtas, kad atlaikyt\u0173 jo ne\u0161am\u0105j\u0105 apkrov\u0105.<\/li>\n<li>Sandarinimas: Cilindras turi b\u016bti hermeti\u0161kas, kad b\u016bt\u0173 i\u0161vengta hidraulinio skys\u010dio nuot\u0117kio.<\/li>\n<li>Patvarumas: Cilindras turi b\u016bti atsparus nusid\u0117v\u0117jimui.<\/li>\n<li>Sauga: Balionas turi atitikti saugos standartus ir u\u017ekirsti keli\u0105 nelaimingiems atsitikimams.<\/li>\n<li>Prie\u017ei\u016bra: Cilindras turi b\u016bti lengvai pri\u017ei\u016brimas, kad pailg\u0117t\u0173 jo tarnavimo laikas.<\/li>\n<\/ul>\n<p>M\u016bs\u0173 kau\u0161iniai cilindrai buvo grie\u017etai i\u0161bandyti, siekiant u\u017etikrinti, kad jie atitikt\u0173 visus \u0161iuos kriterijus. Mes naudojame auk\u0161tos kokyb\u0117s sandarinimo med\u017eiagas ir tikslius gamybos procesus, kad u\u017etikrintume ilgaam\u017ei\u0161kum\u0105 ir saugum\u0105. Reguliarus techninis aptarnavimas, \u012fskaitant tepim\u0105 ir sandarikli\u0173 keitim\u0105, yra b\u016btinas optimaliam veikimui ir ilgaam\u017ei\u0161kumui u\u017etikrinti.<\/p>\n<p><img decoding=\"async\" src=\"https:\/\/www.hydraulic-cylinders.net\/wp-content\/uploads\/2025\/01\/songte-oil-pipes-and-spare-parts.webp\" alt=\"Kau\u0161o cilindras, skirtas \u201eBonny WZY32-7\u201c paveiksl\u0117liui\" \/><\/p>\n<h2>Sandarinimas ir tepimas<\/h2>\n<p>Sandarumui u\u017etikrinti naudojame \u012fvairius sandarinimo komponentus, tokius kaip st\u016bmokli\u0173 ir kot\u0173 sandarikliai, pagamintus i\u0161 atspari\u0173 dilimui med\u017eiag\u0173, toki\u0173 kaip poliuretanas ir nitrilo kau\u010diukas. Cilindro korpusas ir srieginiai galiniai pavir\u0161iai yra kruop\u0161\u010diai apdirbti, siekiant pagerinti atsparum\u0105 dilimui. Norint u\u017etikrinti skland\u0173 veikim\u0105 ir pailginti cilindro tarnavimo laik\u0105, b\u016btina reguliariai tepti hidrauline alyva.<\/p>\n<h2>Prie\u017ei\u016bra ir remontas<\/h2>\n<p>Reguliarus patikrinimas, tinkamas tepimas, sandarikli\u0173 keitimas ir kalibravimo patikrinimai yra \u012fprastos technin\u0117s prie\u017ei\u016bros u\u017eduotys. Tinkamas montavimas, tepimas ir reguliavimas yra labai svarb\u016bs. Montuojant b\u016btinas tinkamas sulygiavimas, tod\u0117l rekomenduojame naudoti tinkamus montavimo laikiklius cilindrui pritvirtinti. Taip pat si\u016blome rekomenduojamas patikrinimo, remonto ir keitimo proced\u016bras, taip pat atsargines dalis ir remonto paslaugas, kad pailgintume kau\u0161o cilindro tarnavimo laik\u0105.<\/p>\n<p><img decoding=\"async\" src=\"https:\/\/www.hydraulic-cylinders.net\/wp-content\/uploads\/2025\/01\/songte-chushion-collar.webp\" alt=\"Kau\u0161o cilindras, skirtas \u201eBonny WZY32-7\u201c paveiksl\u0117liui\" \/><\/p>\n<h2>Saugos ir aplinkosaugos aspektai<\/h2>\n<p>Kau\u0161\u0173 cilindrai turi b\u016bti naudojami laikantis tinkam\u0173 saugos priemoni\u0173, kad b\u016bt\u0173 i\u0161vengta nelaiming\u0173 atsitikim\u0173. Hidraulinis skystis turi b\u016bti tinkamai utilizuotas, kad b\u016bt\u0173 i\u0161vengta \u017ealos aplinkai.<\/p>\n<h2>Gedim\u0173 diagnostika ir da\u017eniausios problemos<\/h2>\n<p>Da\u017eniausios kau\u0161o cilindr\u0173 problemos yra nuot\u0117kiai, nepakankama galia ir netolygus jud\u0117jimas. \u0160ias problemas gali sukelti \u012fvair\u016bs veiksniai, pvz., susid\u0117v\u0117j\u0119 sandarikliai, pa\u017eeisti st\u016bmokliai arba u\u017esikim\u0161\u0119 filtrai. Norint i\u0161vengti tolesn\u0117s \u017ealos ar avarij\u0173, b\u016btina tinkamai diagnozuoti ir laiku atlikti remont\u0105.<\/p>\n<h2>Apie m\u016bs\u0173 \u012fmon\u0119<\/h2>\n<p>Esame pakaitini\u0173 hidraulini\u0173 cilindr\u0173 gamintojas, si\u016blantis visas gamini\u0173 kategorijas, ir tapome vienu i\u0161 pirmaujan\u010di\u0173 hidraulini\u0173 cilindr\u0173 gamintoj\u0173 bei didmenini\u0173 platintoj\u0173 vidaus ir tarptautin\u0117se rinkose. Vadovaujam\u0117s puikios kokyb\u0117s principu ir taikome pramonin\u0117s gamybos valdymo strategijas, skirtas smulkiosios gamybos dirbtuv\u0117ms. Nuolat tobuliname savo gamybos platform\u0105, tobuliname gamini\u0173 kokyb\u0117s gamybos linij\u0105 ir turime stipri\u0173 k\u016brybini\u0173 galimybi\u0173. Klient\u0173 poreikius tenkiname taikydami didelio efektyvumo, didelio tikslumo ir auk\u0161tos kokyb\u0117s principus.<\/p>\n<p><img decoding=\"async\" src=\"https:\/\/hzpt.com\/wp-content\/uploads\/2024\/11\/songte-company-1.webp\" alt=\"Kau\u0161o cilindras, skirtas \u201eBonny WZY32-7\u201c paveiksl\u0117liui\" \/><\/p>\n<h3>Profesionalumas<\/h3>\n<p>Turime specialist\u0173 komand\u0105, turin\u010di\u0105 didel\u0119 patirt\u012f hidraulini\u0173 cilindr\u0173 ir susijusiose srityse. M\u016bs\u0173 darbuotojai yra kompetentingi, o mes naudojame pa\u017eangias technologijas ir \u012frang\u0105 auk\u0161tos kokyb\u0117s kau\u0161ini\u0173 cilindr\u0173 gamybai.<\/p>\n<h3>Tarptautinis sertifikavimas<\/h3>\n<p>M\u016bs\u0173 gaminiai yra sertifikuoti tarptautiniu mastu, tokiais kaip CE, SGS ir ISO 9001. Mes laikom\u0117s grie\u017et\u0173 kokyb\u0117s kontrol\u0117s standart\u0173, kad u\u017etikrintume savo gamini\u0173 kokyb\u0119.<\/p>\n<h3>Pritaikymo paslaugos<\/h3>\n<p>Mes teikiame pritaikymo paslaugas, kad patenkintume konkre\u010dius klient\u0173 poreikius, tokius kaip dizainas, dydis ir naudojamos med\u017eiagos.<\/p>\n<h3>Gamybos \u012franga<\/h3>\n<p>Turime pa\u017eangi\u0105 gamybos \u012frang\u0105, toki\u0105 kaip CNC stakl\u0117s ir bandymo prietaisai, kad u\u017etikrintume efektyvi\u0105 ir tiksli\u0105 gamyb\u0105.<\/p>\n<h3>Aptarnavimas po pardavimo<\/h3>\n<p>Teikiame i\u0161samias garantinio aptarnavimo paslaugas, \u012fskaitant technin\u0119 pagalb\u0105, remont\u0105 ir keitim\u0105. M\u016bs\u0173 klient\u0173 aptarnavimo darbuotojai yra pasireng\u0119 pad\u0117ti klientams, jei jiems kyla klausim\u0173 ar problem\u0173.<\/p>\n<p>\u0160\u012f straipsn\u012f para\u0161\u0117 lyl.<\/p>","protected":false},"excerpt":{"rendered":"<p>Bucket Cylinder For Bonny WZY32-7 Introduction A bucket cylinder is a specially designed hydraulic cylinder used primarily for controlling the movement of buckets in heavy machinery such as excavators, backhoe excavators, and front-end loaders. Its main function is to enable the bucket to be lifted, lowered, and tilted, making it easier to handle various material [&hellip;]<\/p>","protected":false},"featured_media":14762,"comment_status":"open","ping_status":"closed","template":"","meta":{"_et_pb_use_builder":"","_et_pb_old_content":"","_et_gb_content_width":""},"product_brand":[],"product_cat":[1494],"product_tag":[1495,1496],"class_list":{"0":"post-15925","1":"product","2":"type-product","3":"status-publish","4":"has-post-thumbnail","6":"product_cat-bucket-cylinders","7":"product_tag-bucket-cylinders","8":"product_tag-hydraulic-cylinders","10":"first","11":"instock","12":"shipping-taxable","13":"product-type-simple"},"amp_enabled":true,"_links":{"self":[{"href":"https:\/\/www.hydraulic-cylinders.net\/lt\/wp-json\/wp\/v2\/product\/15925","targetHints":{"allow":["GET"]}}],"collection":[{"href":"https:\/\/www.hydraulic-cylinders.net\/lt\/wp-json\/wp\/v2\/product"}],"about":[{"href":"https:\/\/www.hydraulic-cylinders.net\/lt\/wp-json\/wp\/v2\/types\/product"}],"replies":[{"embeddable":true,"href":"https:\/\/www.hydraulic-cylinders.net\/lt\/wp-json\/wp\/v2\/comments?post=15925"}],"wp:featuredmedia":[{"embeddable":true,"href":"https:\/\/www.hydraulic-cylinders.net\/lt\/wp-json\/wp\/v2\/media\/14762"}],"wp:attachment":[{"href":"https:\/\/www.hydraulic-cylinders.net\/lt\/wp-json\/wp\/v2\/media?parent=15925"}],"wp:term":[{"taxonomy":"product_brand","embeddable":true,"href":"https:\/\/www.hydraulic-cylinders.net\/lt\/wp-json\/wp\/v2\/product_brand?post=15925"},{"taxonomy":"product_cat","embeddable":true,"href":"https:\/\/www.hydraulic-cylinders.net\/lt\/wp-json\/wp\/v2\/product_cat?post=15925"},{"taxonomy":"product_tag","embeddable":true,"href":"https:\/\/www.hydraulic-cylinders.net\/lt\/wp-json\/wp\/v2\/product_tag?post=15925"}],"curies":[{"name":"wp","href":"https:\/\/api.w.org\/{rel}","templated":true}]}}