{"id":15929,"date":"2025-01-19T15:10:45","date_gmt":"2025-01-19T15:10:45","guid":{"rendered":"https:\/\/www.hydraulic-cylinders.net\/product\/bucket-cylinder-for-bonny-wy160ahd\/"},"modified":"2025-01-19T15:10:47","modified_gmt":"2025-01-19T15:10:47","slug":"bucket-cylinder-for-bonny-wy160ahd","status":"publish","type":"product","link":"https:\/\/www.hydraulic-cylinders.net\/lt\/produktas\/bucket-cylinder-for-bonny-wy160ahd\/","title":{"rendered":"Kau\u0161o cilindras, skirtas \u201eBonny WY160AHD\u201c"},"content":{"rendered":"<h1>Kau\u0161o cilindras, skirtas \u201eBonny WY160AHD\u201c<\/h1>\n<h2>\u012evadas<\/h2>\n<p>\u201eBonny WY160AHD\u201c kau\u0161o cilindras yra specializuotas hidraulinis cilindras, skirtas valdyti kau\u0161\u0173 jud\u0117jim\u0105 sunkiosiose technikose, tokiose kaip ekskavatoriai, ekskavatoriniai krautuvai ir frontaliniai krautuvai. Jo pagrindin\u0117 funkcija \u2013 leisti pakelti, nuleisti ir pakreipti kau\u0161\u0105, kad b\u016bt\u0173 lengviau atlikti \u012fvairias med\u017eiag\u0173 tvarkymo u\u017eduotis. Hidraulin\u0117je sistemoje kau\u0161o cilindras tiksliai valdo kau\u0161\u0105, naudodamas hidraulin\u0117s alyvos sl\u0117gio poky\u010dius, tod\u0117l operatoriai gali efektyviai valdyti sunkius krovinius ir prisitaikyti prie sud\u0117tingos darbo aplinkos bei \u012fvairi\u0173 darbo reikalavim\u0173.<\/p>\n<p><img decoding=\"async\" src=\"https:\/\/www.hydraulic-cylinders.net\/wp-content\/uploads\/2025\/01\/songte-company-2.webp\"><\/p>\n<h2>Savyb\u0117s<\/h2>\n<ul>\n<li>Didelis stiprumas ir ilgaam\u017ei\u0161kumas: Paprastai gaminami i\u0161 didelio stiprumo plieno arba aliuminio, galintys atlaikyti auk\u0161t\u0105 sl\u0117g\u012f ir dideles apkrovas, prisitaikantys prie at\u0161iauri\u0173 darbo s\u0105lyg\u0173. Konstrukcijoje atsi\u017evelgiama \u012f atsparum\u0105 dilimui ir korozijai, taip prailginant tarnavimo laik\u0105.<\/li>\n<li>Efektyvus hidraulinis veikimas: Naudojamas hidraulin\u0117s alyvos sl\u0117gis, kad b\u016bt\u0173 u\u017etikrintas sklandus teleskopinis jud\u0117jimas, greitas reagavimas \u012f valdymo komandas, galingos st\u016bmimo ir traukimo j\u0117gos, tinkamos sunkiems kroviniams ir sud\u0117tingoms u\u017eduotims atlikti.<\/li>\n<li>\u012evair\u016bs tipai: pagal konkre\u010dius eksploatacinius poreikius rinkit\u0117s vienpusio veikimo (hidraulika naudojama tik viena kryptimi) arba dvipusio veikimo (hidraulika naudojama dviem kryptimis) cilindrus. Kai kurie modeliai yra teleskopiniai, tod\u0117l juos galima labiau i\u0161tiesti nedidinant i\u0161orini\u0173 matmen\u0173, tod\u0117l jie tinka naudoti ribotoje erdv\u0117je.<\/li>\n<li>Puikus pakeitimas: M\u016bs\u0173 gaminiai gali puikiai pakeisti \u0161iuos hidraulinius cilindrus.<\/li>\n<\/ul>\n<p><img decoding=\"async\" src=\"https:\/\/www.hydraulic-cylinders.net\/wp-content\/uploads\/2025\/01\/songte-cylinder-head-with-all-kinds-excavator-models.webp\"><\/p>\n<h2>Parai\u0161kos<\/h2>\n<p>\u201eBonny WY160AHD\u201c kau\u0161o cilindras naudojamas \u012fvairiose srityse, \u012fskaitant:<\/p>\n<ol>\n<li>Statybin\u0117 \u012franga: ekskavatoriuose jie yra labai svarb\u016bs kasant, kraunant ir perkeliant dirvo\u017eem\u012f ar \u0161iuk\u0161les. Ekskavatoriuose krautuvuose kau\u0161o cilindras padeda atlikti tiek kasimo, tiek k\u0117limo operacijas.<\/li>\n<li>\u017dem\u0117s \u016bkio technika: naudojama priekiniuose krautuvuose dirvo\u017eemiui, \u0161ienui ir kitoms med\u017eiagoms kasti, kelti ir transportuoti.<\/li>\n<li>Ekskavatoriai: Kau\u0161o cilindras leid\u017eia atlikti kasimo veiksmus, leisdamas kau\u0161ui \u012fsiskverbti \u012f dirv\u0105.<\/li>\n<li>Priekiniai krautuvai: Priekiniuose krautuvuose jie padeda efektyviai pakelti ir i\u0161mesti prekes.<\/li>\n<\/ol>\n<h2>Projektavimo aspektai ir atrankos kriterijai<\/h2>\n<p>Kalbant apie kau\u0161o cilindro projektavimo aspektus ir pasirinkimo kriterijus, atsi\u017evelgiama \u012f tokius pagrindinius veiksnius kaip laikomoji galia, sandarumas, ilgaam\u017ei\u0161kumas, saugumas ir prie\u017ei\u016bra.<\/p>\n<p><img decoding=\"async\" src=\"https:\/\/www.hydraulic-cylinders.net\/wp-content\/uploads\/2025\/01\/songte-oil-pipes-and-spare-parts.webp\"><\/p>\n<h2>Sandarinimas ir tepimas<\/h2>\n<p>Kau\u0161o cilindre naudojami \u012fvair\u016bs sandarinimo komponentai, tokie kaip st\u016bmokli\u0173 ir kot\u0173 sandarikliai, pagaminti i\u0161 atspari\u0173 dilimui med\u017eiag\u0173, toki\u0173 kaip poliuretanas ir nitrilo kau\u010diukas. Cilindro korpusas ir srieginiai galai yra kruop\u0161\u010diai apdorojami, siekiant padidinti atsparum\u0105 dilimui. Norint u\u017etikrinti skland\u0173 cilindro veikim\u0105 ir ilgaam\u017ei\u0161kum\u0105, b\u016btina reguliariai tepti tinkama hidrauline alyva.<\/p>\n<h2>Reguliarus patikrinimas ir prevencin\u0117 prie\u017ei\u016bra<\/h2>\n<p>Siekiant i\u0161laikyti optimal\u0173 na\u0161um\u0105, reikia reguliariai tikrinti ir atlikti prevencines prie\u017ei\u016bros priemones. Tai apima nuot\u0117ki\u0173 patikrinim\u0105, tinkam\u0105 tepim\u0105, sandarikli\u0173 keitim\u0105 ir kalibravimo patikrinimus.<\/p>\n<h2>Teisingas gaminio montavimas<\/h2>\n<p>Tinkamas kau\u0161o cilindro montavimas yra labai svarbus veiksmingam ir saugiam jo veikimui. Montavimo metu tur\u0117t\u0173 b\u016bti pateiktos cilindro lygiavimo gair\u0117s, o cilindrui pritvirtinti rekomenduojama naudoti tinkamus tvirtinimo laikiklius. Tur\u0117t\u0173 b\u016bti pateiktos rekomenduojamos patikrinimo, remonto ir keitimo proced\u016bros, taip pat patarimai, kaip prailginti cilindro tarnavimo laik\u0105.<\/p>\n<p><img decoding=\"async\" src=\"https:\/\/www.hydraulic-cylinders.net\/wp-content\/uploads\/2025\/01\/songte-chushion-collar.webp\"><\/p>\n<h2>Saugos aspektai ir aplinkos veiksniai<\/h2>\n<p>Labai svarbu pabr\u0117\u017eti saugos priemoni\u0173 svarb\u0105 naudojant kau\u0161o cilindr\u0105, pateikiant raktinius \u017eod\u017eius ir atsi\u017evelgiant \u012f aplinkos veiksnius.<\/p>\n<h2>Trik\u010di\u0173 \u0161alinimas ir da\u017eniausios problemos<\/h2>\n<p>Nustatyti da\u017eniausiai pasitaikan\u010dias kau\u0161o cilindro problemas ir pateikti trik\u010di\u0173 \u0161alinimo patarimus bei sprendimus, kad b\u016bt\u0173 galima efektyviai diagnozuoti ir i\u0161spr\u0119sti problemas, taip pat si\u016blyti prevencines priemones galimoms problemoms suma\u017einti.<\/p>\n<p><img decoding=\"async\" src=\"https:\/\/www.hydraulic-cylinders.net\/wp-content\/uploads\/2025\/01\/songte-bushings-with-all-kinds-of-excavator-models.webp\"><\/p>\n<h2>Apie m\u016bs\u0173 \u012fmon\u0119<\/h2>\n<p>Esame pakaitini\u0173 hidraulini\u0173 cilindr\u0173 gamintojas ir vienas i\u0161 pirmaujan\u010di\u0173 gamintoj\u0173 bei didmenini\u0173 platintoj\u0173 vidaus ir tarptautin\u0117se rinkose. Siekdami u\u017etikrinti puiki\u0105 kokyb\u0119, savo patobulintose gamybos dirbtuv\u0117se taikome industrializuotas gamybos valdymo strategijas. Pasitelkdami techninius talentus, moderniausi\u0105 gamybos \u012frang\u0105 ir profesionalias testavimo sistemas, nuolat tobuliname savo gamybos platform\u0105 ir geriname gamybos linij\u0105, kad u\u017etikrintume gamini\u0173 kokyb\u0119. Turime stipri\u0173 inovacij\u0173 paj\u0117gum\u0173 ir siekiame patenkinti \u012fvairius klient\u0173 poreikius, u\u017etikrindami auk\u0161t\u0105 efektyvum\u0105, tikslum\u0105 ir kokyb\u0119.<\/p>\n<p><img decoding=\"async\" src=\"https:\/\/hzpt.com\/wp-content\/uploads\/2024\/11\/songte-company-1.webp\"><\/p>\n<p>Be to, ple\u010diame savo \u012fmon\u0117s pristatym\u0105 nuo profesionalumo, tarptautini\u0173 sertifikat\u0173, individuali\u0173 paslaug\u0173, gamybos \u012frangos ir aptarnavimo po pardavimo.<\/p>\n<p><img decoding=\"async\" src=\"https:\/\/www.hydraulic-cylinders.net\/wp-content\/uploads\/2025\/01\/songte-company-3.webp\"><\/p>\n<p>Autorius: lyl<\/p>","protected":false},"excerpt":{"rendered":"<p>Bucket Cylinder For Bonny WY160AHD Introduction The bucket cylinder for Bonny WY160AHD is a specialized hydraulic cylinder designed for controlling the movement of buckets in heavy machinery such as excavators, backhoe loaders, and front-end loaders. Its main function is to enable the lifting, lowering, and tilting of the bucket, making it easier for various material [&hellip;]<\/p>","protected":false},"featured_media":14787,"comment_status":"open","ping_status":"closed","template":"","meta":{"_et_pb_use_builder":"","_et_pb_old_content":"","_et_gb_content_width":""},"product_brand":[],"product_cat":[1494],"product_tag":[1495,1496],"class_list":{"0":"post-15929","1":"product","2":"type-product","3":"status-publish","4":"has-post-thumbnail","6":"product_cat-bucket-cylinders","7":"product_tag-bucket-cylinders","8":"product_tag-hydraulic-cylinders","10":"first","11":"instock","12":"shipping-taxable","13":"product-type-simple"},"amp_enabled":true,"_links":{"self":[{"href":"https:\/\/www.hydraulic-cylinders.net\/lt\/wp-json\/wp\/v2\/product\/15929","targetHints":{"allow":["GET"]}}],"collection":[{"href":"https:\/\/www.hydraulic-cylinders.net\/lt\/wp-json\/wp\/v2\/product"}],"about":[{"href":"https:\/\/www.hydraulic-cylinders.net\/lt\/wp-json\/wp\/v2\/types\/product"}],"replies":[{"embeddable":true,"href":"https:\/\/www.hydraulic-cylinders.net\/lt\/wp-json\/wp\/v2\/comments?post=15929"}],"wp:featuredmedia":[{"embeddable":true,"href":"https:\/\/www.hydraulic-cylinders.net\/lt\/wp-json\/wp\/v2\/media\/14787"}],"wp:attachment":[{"href":"https:\/\/www.hydraulic-cylinders.net\/lt\/wp-json\/wp\/v2\/media?parent=15929"}],"wp:term":[{"taxonomy":"product_brand","embeddable":true,"href":"https:\/\/www.hydraulic-cylinders.net\/lt\/wp-json\/wp\/v2\/product_brand?post=15929"},{"taxonomy":"product_cat","embeddable":true,"href":"https:\/\/www.hydraulic-cylinders.net\/lt\/wp-json\/wp\/v2\/product_cat?post=15929"},{"taxonomy":"product_tag","embeddable":true,"href":"https:\/\/www.hydraulic-cylinders.net\/lt\/wp-json\/wp\/v2\/product_tag?post=15929"}],"curies":[{"name":"wp","href":"https:\/\/api.w.org\/{rel}","templated":true}]}}