{"id":15932,"date":"2025-01-19T15:10:59","date_gmt":"2025-01-19T15:10:59","guid":{"rendered":"https:\/\/www.hydraulic-cylinders.net\/product\/bucket-cylinder-for-bonny-wzyd18-6\/"},"modified":"2025-01-19T15:11:02","modified_gmt":"2025-01-19T15:11:02","slug":"bucket-cylinder-for-bonny-wzyd18-6","status":"publish","type":"product","link":"https:\/\/www.hydraulic-cylinders.net\/lt\/produktas\/bucket-cylinder-for-bonny-wzyd18-6\/","title":{"rendered":"Kau\u0161o cilindras Bonny WZYD18-6"},"content":{"rendered":"<h1>Kau\u0161o cilindras Bonny WZYD18-6<\/h1>\n<h2>\u012evadas<\/h2>\n<p>\u201eBonny WZYD18-6\u201c kau\u0161o cilindras yra specializuotas hidraulinis cilindras, skirtas valdyti kau\u0161o jud\u0117jim\u0105 sunkiosiose ma\u0161inose, tokiose kaip ekskavatoriai, ekskavatoriniai ekskavatoriai ir frontaliniai krautuvai. Pagrindin\u0117 jo funkcija \u2013 palengvinti kau\u0161o k\u0117lim\u0105, nuleidim\u0105 ir pakreipim\u0105, taip u\u017etikrinant efektyv\u0173 \u012fvairi\u0173 med\u017eiag\u0173 tvarkym\u0105. Hidraulin\u0117je sistemoje kau\u0161o cilindras tiksliai valdo kau\u0161\u0105 keisdamas hidraulin\u0117s alyvos sl\u0117g\u012f, tod\u0117l operatoriai gali efektyviai tvarkyti sunkius krovinius ir prisitaikyti prie sud\u0117tingos darbo aplinkos bei \u012fvairi\u0173 eksploatavimo reikalavim\u0173.<\/p>\n<p><img decoding=\"async\" src=\"https:\/\/www.hydraulic-cylinders.net\/wp-content\/uploads\/2025\/01\/songte-company-2.webp\" alt=\"Kau\u0161o cilindras Bonny WZYD18-6\"><\/p>\n<h2>Produkto savyb\u0117s<\/h2>\n<ul>\n<li>\n<h3>Didelis stiprumas ir ilgaam\u017ei\u0161kumas<\/h3>\n<p>Paprastai i\u0161 didelio stiprumo plieno arba aliuminio pagamintas kau\u0161o cilindras gali atlaikyti auk\u0161t\u0105 sl\u0117g\u012f ir dideles apkrovas, prisitaikydamas prie at\u0161iauri\u0173 darbo s\u0105lyg\u0173. Jo konstrukcija atsi\u017evelgia \u012f atsparum\u0105 dilimui ir korozijai, taip pailgindama jo tarnavimo laik\u0105.<\/p>\n<\/li>\n<li>\n<h3>Efektyvus hidraulinis valdymas<\/h3>\n<p>Naudodamas hidraulin\u0117s alyvos sl\u0117g\u012f, kau\u0161o cilindras pasiekia skland\u017eius i\u0161pl\u0117timo ir atitraukimo judesius, greitai reaguodamas \u012f valdymo komandas, u\u017etikrindamas galingas st\u016bmimo ir traukimo j\u0117gas, tod\u0117l jis tinka sunkiems kroviniams kelti ir sud\u0117tingoms eksploatavimo u\u017eduotims atlikti.<\/p>\n<\/li>\n<li>\n<h3>\u012evair\u016bs tipai<\/h3>\n<p>Kau\u0161o cilindr\u0105 galima pasirinkti kaip vienpusio veikimo (hidraulik\u0105 naudojant tik viena kryptimi) arba dvipusio veikimo (hidraulik\u0105 naudojant dviem kryptimis) cilindrus, atsi\u017evelgiant \u012f eksploatacinius reikalavimus. Kai kurie modeliai yra teleskopiniai, tod\u0117l juos galima labiau i\u0161tiesti nedidinant i\u0161orini\u0173 matmen\u0173, tod\u0117l jie tinka naudoti ribotoje erdv\u0117je.<\/p>\n<\/li>\n<li>\n<h3>Produkto prieinamumas<\/h3>\n<p>M\u016bs\u0173 gaminiai gali puikiai pakeisti \u0161iuos hidraulinius cilindrus, tod\u0117l si\u016blome \u012fvairi\u0173 variant\u0173. <\/p>\n<\/li>\n<li>\n<h3>Taikymo scenarijai<\/h3>\n<p>Kau\u0161o cilindras pla\u010diai naudojamas \u012fvairiose pramon\u0117s \u0161akose, \u012fskaitant statybin\u0119 \u012frang\u0105, \u017eem\u0117s \u016bkio technik\u0105, ekskavatorius ir krautuvus.<\/p>\n<\/li>\n<\/ul>\n<h2>Projektavimo aspektai ir atrankos kriterijai<\/h2>\n<p>Kau\u0161\u0173 cilindrai yra svarbiausi hidraulini\u0173 sistem\u0173 komponentai, tod\u0117l juos reikia kruop\u0161\u010diai suprojektuoti ir parinkti, atsi\u017evelgiant \u012f tokius veiksnius kaip laikomoji galia, sandarumas, ilgaam\u017ei\u0161kumas, saugumas ir prie\u017ei\u016bra. Kai kurie pagrindiniai projektavimo aspektai ir atrankos kriterijai yra \u0161ie:<\/p>\n<ul>\n<li>\n<h3>Apkrovos paj\u0117gumas<\/h3>\n<p>Kau\u0161o cilindras turi atlaikyti maksimali\u0105 apkrov\u0105, su kuria jis gali susidurti eksploatacijos metu, be jokios gedimo rizikos. Jo dydis, tipas ir konstrukcijoje naudojamos med\u017eiagos turi b\u016bti kruop\u0161\u010diai parenkamos atsi\u017evelgiant \u012f konkret\u0173 pritaikym\u0105.<\/p>\n<\/li>\n<li>\n<h3>Sandarinimas<\/h3>\n<p>Kau\u0161o cilindras turi b\u016bti efektyviai u\u017esandarintas, kad b\u016bt\u0173 i\u0161vengta hidraulinio skys\u010dio nuot\u0117kio, kuris gali sukelti eksploatacini\u0173 problem\u0173 ir padidinti prie\u017ei\u016bros poreikius. Efektyviam sandarinimui u\u017etikrinti gali b\u016bti naudojami \u012fvairi\u0173 tip\u0173 sandarikliai, pavyzd\u017eiui, st\u016bmokli\u0173 ir kot\u0173 sandarikliai, pagaminti i\u0161 toki\u0173 med\u017eiag\u0173 kaip poliuretanas ir nitrilo kau\u010diukas. Cilindro korpusas ir srieginiai galiniai pavir\u0161iai taip pat tur\u0117t\u0173 b\u016bti kruop\u0161\u010diai apdirbti, kad b\u016bt\u0173 padidintas atsparumas dilimui.<\/p>\n<\/li>\n<li>\n<h3>Patvarumas<\/h3>\n<p>Kau\u0161o cilindras turi b\u016bti patvarus, atsparus dilimui ir korozijai, taip pat atlaikyti at\u0161iaurias eksploatavimo s\u0105lygas. Auk\u0161tos kokyb\u0117s med\u017eiagos, tiksl\u016bs gamybos procesai ir tinkamas pavir\u0161iaus apdorojimas gali pad\u0117ti u\u017etikrinti ilg\u0105 tarnavimo laik\u0105.<\/p>\n<\/li>\n<li>\n<h3>Saugumas<\/h3>\n<p>Kau\u0161o cilindras turi b\u016bti suprojektuotas taip, kad atitikt\u0173 saugos reikalavimus, pvz., b\u016bt\u0173 i\u0161vengta i\u0161linkimo ar staigaus gedimo rizikos ir b\u016bt\u0173 i\u0161vengta hidraulinio skys\u010dio i\u0161siskyrimo esant sl\u0117giui. Siekiant u\u017etikrinti saug\u0105, reikia laikytis tinkam\u0173 \u012frengimo, prie\u017ei\u016bros ir eksploatavimo proced\u016br\u0173.<\/p>\n<\/li>\n<li>\n<h3>Prie\u017ei\u016bra<\/h3>\n<p>Kau\u0161o cilindras turi b\u016bti suprojektuotas taip, kad b\u016bt\u0173 lengva j\u012f pri\u017ei\u016br\u0117ti ir remontuoti prireikus, \u012fskaitant lengv\u0105 i\u0161montavim\u0105 ir surinkim\u0105, atsargini\u0173 dali\u0173 prieinamum\u0105 ir prieig\u0105 prie technin\u0117s pagalbos.<\/p>\n<\/li>\n<\/ul>\n<p><img decoding=\"async\" src=\"https:\/\/www.hydraulic-cylinders.net\/wp-content\/uploads\/2025\/01\/songte-oil-pipes-and-spare-parts.webp\" alt=\"Kau\u0161o cilindras Bonny WZYD18-6\"><\/p>\n<h2>Sandarinimas ir tepimas<\/h2>\n<p>Kau\u0161o cilindras turi b\u016bti efektyviai sandarinamas ir tepamas, kad b\u016bt\u0173 u\u017etikrintas sklandus veikimas ir i\u0161vengta hidraulinio skys\u010dio nuot\u0117kio. Efektyviam sandarinimui galima naudoti \u012fvairi\u0173 tip\u0173 sandariklius, tokius kaip st\u016bmokliniai ir kot\u0173 sandarikliai, pagaminti i\u0161 toki\u0173 med\u017eiag\u0173 kaip poliuretanas ir nitrilo kau\u010diukas. Cilindro korpusas ir srieginiai galiniai pavir\u0161iai taip pat tur\u0117t\u0173 b\u016bti kruop\u0161\u010diai apdirbti, kad b\u016bt\u0173 padidintas atsparumas dilimui. Reguliariai pildami tinkam\u0105 hidraulin\u0119 alyv\u0105 galima u\u017etikrinti tinkam\u0105 kau\u0161o cilindro sutepim\u0105.<\/p>\n<h2>Prie\u017ei\u016bra ir remontas<\/h2>\n<p>Reguliarus techninis aptarnavimas ir remontas yra b\u016btini siekiant u\u017etikrinti tinkam\u0105 kau\u0161o cilindro veikim\u0105 ir pailginti jo tarnavimo laik\u0105. Kai kurios \u012fprastos technin\u0117s prie\u017ei\u016bros u\u017eduotys apima reguliarius patikrinimus, tinkam\u0105 tepim\u0105 ir kalibravimo patikrinimus. Tinkamas montavimas, tepimas ir reguliavimas taip pat yra labai svarb\u016bs siekiant u\u017etikrinti kau\u0161o cilindro ilgaam\u017ei\u0161kum\u0105. Taip pat rekomenduojama naudoti tinkamus montavimo laikiklius cilindrui pritvirtinti ir laikytis rekomenduojam\u0173 patikrinimo, remonto ir keitimo proced\u016br\u0173.<\/p>\n<p><img decoding=\"async\" src=\"https:\/\/www.hydraulic-cylinders.net\/wp-content\/uploads\/2025\/01\/songte-chushion-collar.webp\" alt=\"Kau\u0161o cilindras Bonny WZYD18-6\"><\/p>\n<h2>Saugos aspektai ir aplinkos veiksniai<\/h2>\n<p>Kau\u0161\u0173 cilindrai turi b\u016bti naudojami laikantis tinkam\u0173 saugos priemoni\u0173, kad b\u016bt\u0173 i\u0161vengta nelaiming\u0173 atsitikim\u0173 ir u\u017etikrintas saugus eksploatavimas. Kai kurie aplinkos veiksniai, \u012f kuriuos reikia atsi\u017evelgti naudojant kau\u0161\u0173 cilindr\u0105, yra tinkamas v\u0117dinimas ir tinkamas hidraulinio skys\u010dio \u0161alinimas.<\/p>\n<h2>Trik\u010di\u0173 \u0161alinimas ir da\u017eniausios problemos<\/h2>\n<p>Kau\u0161\u0173 cilindrai gali susidurti su \u012fvairiomis eksploatavimo problemomis, tokiomis kaip nuot\u0117kis ar sl\u0117gio suma\u017e\u0117jimas. Labai svarbu teisingai diagnozuoti problem\u0105 ir imtis tinkam\u0173 priemoni\u0173 jai i\u0161spr\u0119sti. Kai kurios da\u017eniausiai pasitaikan\u010dios problemos ir sprendimai apima tinkamo tepimo patikrinim\u0105, sandarikli\u0173 patikrinim\u0105, ar jie nepa\u017eeisti, ir cilindr\u0173 komponent\u0173 susid\u0117v\u0117jimo patikrinim\u0105.<\/p>\n<p><img decoding=\"async\" src=\"https:\/\/www.hydraulic-cylinders.net\/wp-content\/uploads\/2025\/01\/songte-bushings-with-all-kinds-of-excavator-models.webp\" alt=\"Kau\u0161o cilindras Bonny WZYD18-6\"><\/p>\n<h2>Apie m\u016bs\u0173 \u012fmon\u0119<\/h2>\n<p>Esame pirmaujantis hidraulini\u0173 cilindr\u0173 gamintojas ir didmeninis platintojas vidaus ir tarptautin\u0117se rinkose. M\u016bs\u0173 gaminiai yra puikios kokyb\u0117s, o pramonin\u0117s gamybos valdymo strategijoje laikom\u0117s tikslios gamybos praktikos. Turime profesional\u0173 komand\u0105, pa\u017eangi\u0105 gamybos \u012frang\u0105 ir specializuotas bandym\u0173 sistemas, kurios leid\u017eia mums tiekti auk\u0161tos kokyb\u0117s gaminius, atitinkan\u010dius \u012fvairius m\u016bs\u0173 klient\u0173 poreikius. Si\u016blome individualiai pritaikytas paslaugas, o m\u016bs\u0173 gaminiai yra sertifikuoti tarptautiniu mastu. M\u016bs\u0173 \u012fmon\u0117 teikia plat\u0173 gamybos \u012frangos asortiment\u0105, puik\u0173 aptarnavim\u0105 po pardavimo ir turime stipr\u0173 geb\u0117jim\u0105 kurti auk\u0161tos kokyb\u0117s gaminius, atitinkan\u010dius klient\u0173 poreikius.<\/p>\n<ul>\n<li>\n<h3>Profesionalumas<\/h3>\n<p>M\u016bs\u0173 \u012fmon\u0117je dirba specialistai, turintys didel\u0119 patirt\u012f hidraulini\u0173 cilindr\u0173 srityje, o gamybos procese taikome tikslius metodus, kad u\u017etikrintume auk\u0161t\u0105 gamini\u0173 kokyb\u0119.<\/p>\n<\/li>\n<li>\n<h3>Tarptautinis sertifikavimas<\/h3>\n<p>M\u016bs\u0173 produktai yra sertifikuoti tarptautiniu mastu, siekiant u\u017etikrinti, kad jie atitikt\u0173 auk\u0161\u010diausius kokyb\u0117s ir saugos standartus.<\/p>\n<\/li>\n<li>\n<h3>Individualus aptarnavimas<\/h3>\n<p>Teikiame individualiai pritaikytas paslaugas, kad patenkintume konkre\u010dius klient\u0173 poreikius.<\/p>\n<\/li>\n<li>\n<h3>Gamybos \u012franga<\/h3>\n<p>M\u016bs\u0173 \u012fmon\u0117 turi pa\u017eangi\u0105 gamybos \u012frang\u0105, kuri leid\u017eia mums efektyviai gaminti auk\u0161tos kokyb\u0117s produktus.<\/p>\n<\/li>\n<li>\n<h3>Aptarnavimas po pardavimo<\/h3>\n<p>Mes teikiame puik\u0173 aptarnavim\u0105 po pardavimo, siekdami u\u017etikrinti, kad m\u016bs\u0173 klientai b\u016bt\u0173 patenkinti m\u016bs\u0173 produktais ir paslaugomis.<\/p>\n<\/li>\n<\/ul>\n<p><img decoding=\"async\" src=\"https:\/\/hzpt.com\/wp-content\/uploads\/2024\/11\/songte-company-1.webp\" alt=\"Kau\u0161o cilindras Bonny WZYD18-6\"><\/p>\n<p>Autorius: lyl<\/p>","protected":false},"excerpt":{"rendered":"<p>Bucket Cylinder for Bonny WZYD18-6 Introduction The bucket cylinder for Bonny WZYD18-6 is a type of specialized hydraulic cylinder designed to control the movement of the bucket in heavy machinery such as excavators, backhoe excavators, and front-end loaders. Its main function is to facilitate the lifting, lowering, and tilting of the bucket, thereby enabling efficient [&hellip;]<\/p>","protected":false},"featured_media":14782,"comment_status":"open","ping_status":"closed","template":"","meta":{"_et_pb_use_builder":"","_et_pb_old_content":"","_et_gb_content_width":""},"product_brand":[],"product_cat":[1494],"product_tag":[1495,1496],"class_list":{"0":"post-15932","1":"product","2":"type-product","3":"status-publish","4":"has-post-thumbnail","6":"product_cat-bucket-cylinders","7":"product_tag-bucket-cylinders","8":"product_tag-hydraulic-cylinders","10":"first","11":"instock","12":"shipping-taxable","13":"product-type-simple"},"amp_enabled":true,"_links":{"self":[{"href":"https:\/\/www.hydraulic-cylinders.net\/lt\/wp-json\/wp\/v2\/product\/15932","targetHints":{"allow":["GET"]}}],"collection":[{"href":"https:\/\/www.hydraulic-cylinders.net\/lt\/wp-json\/wp\/v2\/product"}],"about":[{"href":"https:\/\/www.hydraulic-cylinders.net\/lt\/wp-json\/wp\/v2\/types\/product"}],"replies":[{"embeddable":true,"href":"https:\/\/www.hydraulic-cylinders.net\/lt\/wp-json\/wp\/v2\/comments?post=15932"}],"wp:featuredmedia":[{"embeddable":true,"href":"https:\/\/www.hydraulic-cylinders.net\/lt\/wp-json\/wp\/v2\/media\/14782"}],"wp:attachment":[{"href":"https:\/\/www.hydraulic-cylinders.net\/lt\/wp-json\/wp\/v2\/media?parent=15932"}],"wp:term":[{"taxonomy":"product_brand","embeddable":true,"href":"https:\/\/www.hydraulic-cylinders.net\/lt\/wp-json\/wp\/v2\/product_brand?post=15932"},{"taxonomy":"product_cat","embeddable":true,"href":"https:\/\/www.hydraulic-cylinders.net\/lt\/wp-json\/wp\/v2\/product_cat?post=15932"},{"taxonomy":"product_tag","embeddable":true,"href":"https:\/\/www.hydraulic-cylinders.net\/lt\/wp-json\/wp\/v2\/product_tag?post=15932"}],"curies":[{"name":"wp","href":"https:\/\/api.w.org\/{rel}","templated":true}]}}