{"id":15939,"date":"2025-01-19T15:11:34","date_gmt":"2025-01-19T15:11:34","guid":{"rendered":"https:\/\/www.hydraulic-cylinders.net\/product\/bucket-cylinder-for-bonny-wzt46-7-45-7\/"},"modified":"2025-01-19T15:11:36","modified_gmt":"2025-01-19T15:11:36","slug":"bucket-cylinder-for-bonny-wzt46-7-45-7","status":"publish","type":"product","link":"https:\/\/www.hydraulic-cylinders.net\/lt\/produktas\/bucket-cylinder-for-bonny-wzt46-7-45-7\/","title":{"rendered":"Kau\u0161o cilindras Bonny WZT46-7\/45-7"},"content":{"rendered":"<h1>Kau\u0161o cilindras Bonny WZT46-7\/45-7<\/h1>\n<h2>\u012evadas<\/h2>\n<p>Kau\u0161o cilindras, skirtas \u201eBonny WZT46-7\/45-7\u201c, yra hidraulinio cilindro tipas, specialiai sukurtas valdyti kau\u0161o jud\u0117jim\u0105 sunkiosiose ma\u0161inose, tokiose kaip ekskavatoriai, ekskavatoriniai ekskavatoriai ir frontaliniai krautuvai. Jo pagrindin\u0117 funkcija \u2013 palengvinti \u012fvairias med\u017eiag\u0173 tvarkymo u\u017eduotis, leid\u017eiant kau\u0161ui tiksliai pakelti, nuleisti ir pakreipti, naudojant hidraulin\u0117s alyvos sl\u0117gio poky\u010dius hidraulin\u0117je sistemoje. Tai leid\u017eia operatoriams efektyviai valdyti sunkius krovinius ir prisitaikyti prie \u012fvairi\u0173 darbo s\u0105lyg\u0173 bei reikalavim\u0173.<\/p>\n<p><img decoding=\"async\" src=\"https:\/\/www.hydraulic-cylinders.net\/wp-content\/uploads\/2025\/01\/songte-company-2.webp\" alt=\"Kau\u0161o cilindro vaizdas\"><\/p>\n<h2>Savyb\u0117s<\/h2>\n<ul>\n<li>\n<h3>Didelis stiprumas ir ilgaam\u017ei\u0161kumas<\/h3>\n<p>Kau\u0161\u0173 cilindrai paprastai gaminami i\u0161 didelio stiprumo plieno arba aliuminio, kad atlaikyt\u0173 auk\u0161t\u0105 sl\u0117g\u012f ir dideles apkrovas, tod\u0117l jie tinka at\u0161iaurioms darbo s\u0105lygoms. J\u0173 konstrukcija taip pat atsi\u017evelgia \u012f atsparum\u0105 dilimui ir korozijai, o tai pailgina j\u0173 tarnavimo laik\u0105.<\/p>\n<\/li>\n<li>\n<h3>Efektyvus hidraulinis valdymas<\/h3>\n<p>Kau\u0161\u0173 cilindrai naudoja hidraulin\u0117s alyvos sl\u0117g\u012f, kad pasiekt\u0173 skland\u017eius teleskopinius veiksmus, kurie gali greitai reaguoti \u012f valdymo komandas, u\u017etikrinti galingas st\u016bmimo ir traukimo j\u0117gas ir yra tinkami sunkiems kroviniams ir sud\u0117tingoms u\u017eduotims atlikti.<\/p>\n<\/li>\n<li>\n<h3>Universal\u016bs tipai<\/h3>\n<p>Kau\u0161\u0173 cilindrai gali b\u016bti vienpusio veikimo (hidrauliniai tik viena kryptimi) arba dvipusio veikimo (hidrauliniai abiem kryptimis), priklausomai nuo eksploatavimo reikalavim\u0173. Kai kurie modeliai yra teleskopiniai, tod\u0117l juos galima labiau i\u0161sipl\u0117sti nedidinant i\u0161orini\u0173 matmen\u0173, tod\u0117l jie tinka naudoti ribotoje erdv\u0117je.<\/p>\n<\/li>\n<li>\n<h3>Puikus pakeitimas<\/h3>\n<p>M\u016bs\u0173 gaminiai gali puikiai pakeisti kitus hidraulinius cilindrus, ir mes galime pagaminti \u0161\u012f gamin\u012f pagal j\u016bs\u0173 konkre\u010dius reikalavimus.<\/p>\n<\/li>\n<\/ul>\n<p><img decoding=\"async\" src=\"https:\/\/www.hydraulic-cylinders.net\/wp-content\/uploads\/2025\/01\/songte-cylinder-head-with-all-kinds-excavator-models.webp\" alt=\"Kau\u0161o cilindro vaizdas\"><\/p>\n<h2>Parai\u0161kos<\/h2>\n<p>Kau\u0161\u0173 cilindrai pla\u010diai naudojami \u012fvairiose statybos ir \u017eem\u0117s \u016bkio technikose, tokiose kaip:<\/p>\n<ul>\n<li>Statybin\u0117 \u012franga: ji yra b\u016btina ekskavatoriams, ekskavatoriams-krautuvams ir priekiniams krautuvams, nes ji padeda kasti, krauti ir perkelti dirvo\u017eem\u012f ar \u0161iuk\u0161les.<\/li>\n<li>\u017dem\u0117s \u016bkio technika: Jos naudojamos priekiniuose krautuvuose dirvo\u017eemiui, \u0161ienui ir kitoms med\u017eiagoms surinkti, pakelti ir transportuoti.<\/li>\n<li>Ekskavatoriai: Kau\u0161\u0173 cilindrai leid\u017eia atlikti kasimo veiksmus, leisdami kau\u0161ams prasiskverbti \u012f dirv\u0105.<\/li>\n<li>Krautuvai: Priekiniuose krautuvuose jie padeda efektyviai pakelti ir pakreipti prekes.<\/li>\n<\/ul>\n<p>Kiekviena parai\u0161ka gali pasinaudoti \u0161iais privalumais:<\/p>\n<ul>\n<li>Statybin\u0117 \u012franga: M\u016bs\u0173 kau\u0161\u0173 cilindrai gali pad\u0117ti kasti ir gabenti sunkias med\u017eiagas.<\/li>\n<li>\u017dem\u0117s \u016bkio technika: ji gali pad\u0117ti \u017eem\u0117s \u016bkio darbuotojams pakrauti ir gabenti didelius kiekius med\u017eiag\u0173.<\/li>\n<li>Ekskavatoriai: M\u016bs\u0173 kau\u0161\u0173 cilindrai gali pad\u0117ti ekskavatoriams atlikti kasimo ir \u017eem\u0117s darb\u0173 darbus.<\/li>\n<li>Krautuvai: Jie gali lengvai pakelti ir transportuoti prekes.<\/li>\n<\/ul>\n<h2>Projektavimo aspektai ir atrankos kriterijai<\/h2>\n<p>Kau\u0161\u0173 cilindr\u0173 konstrukcijoje atsi\u017evelgiama \u012f \u012fvairius veiksnius, tokius kaip keliamoji galia, sandarumas, ilgaam\u017ei\u0161kumas, saugumas ir prie\u017ei\u016bra. \u017demiau pateikiami pagrindiniai konstrukcijos elementai:<\/p>\n<ul>\n<li>\n<h3>Keliamoji galia<\/h3>\n<p>Kau\u0161iniai cilindrai turi atlaikyti dideles apkrovas ir auk\u0161t\u0105 sl\u0117g\u012f, kad b\u016bt\u0173 i\u0161vengta bet koki\u0173 konstrukcini\u0173 pa\u017eeidim\u0173. \u0160iuo at\u017evilgiu reik\u0117t\u0173 atsi\u017evelgti \u012f cilindro sienel\u0117s stor\u012f ir naudojam\u0173 med\u017eiag\u0173 kokyb\u0119.<\/p>\n<\/li>\n<li>\n<h3>Sandarinimas<\/h3>\n<p>Kau\u0161\u0173 cilindrai tur\u0117t\u0173 tur\u0117ti patikimus sandarinimo mechanizmus, kad b\u016bt\u0173 i\u0161vengta alyvos nuot\u0117kio ir u\u017etikrintas optimalus veikimas. \u012eprasti sandarinimo mechanizmai yra st\u016bmokli\u0173 sandarikliai, stryp\u0173 sandarikliai ir valytuv\u0173 sandarikliai. Sandarinimui naudojamos med\u017eiagos turi b\u016bti atsparios dilimui ir patvarios.<\/p>\n<\/li>\n<li>\n<h3>Patvarumas<\/h3>\n<p>Kau\u0161iniai cilindrai tur\u0117t\u0173 b\u016bti pagaminti i\u0161 patvari\u0173 med\u017eiag\u0173, kad atlaikyt\u0173 at\u0161iaurias darbo s\u0105lygas ir da\u017en\u0105 naudojim\u0105. Cilindro angos ir srieginio galo pavir\u0161ius tur\u0117t\u0173 b\u016bti apdorotas, kad b\u016bt\u0173 atsparus dilimui ir ilgaam\u017ei\u0161kumas.<\/p>\n<\/li>\n<li>\n<h3>Saugumas<\/h3>\n<p>Kau\u0161\u0173 cilindrai tur\u0117t\u0173 b\u016bti suprojektuoti atsi\u017evelgiant \u012f saugos aspektus, kad b\u016bt\u0173 i\u0161vengta nelaiming\u0173 atsitikim\u0173 ir turto sugadinimo. Saugos priemon\u0117s gali b\u016bti sl\u0117gio ma\u017einimo vo\u017etuvai, avarinio stabdymo jungikliai ir apsaugos nuo perkrovos mechanizmai.<\/p>\n<\/li>\n<li>\n<h3>Prie\u017ei\u016bra<\/h3>\n<p>Kau\u0161\u0173 cilindrus tur\u0117t\u0173 b\u016bti lengva pri\u017ei\u016br\u0117ti ir remontuoti, kad b\u016bt\u0173 i\u0161vengta prastov\u0173. Tinkama prie\u017ei\u016bros praktika apima reguliari\u0105 ap\u017ei\u016br\u0105, valym\u0105, tepim\u0105 ir komponent\u0173 keitim\u0105.<\/p>\n<\/li>\n<\/ul>\n<p><img decoding=\"async\" src=\"https:\/\/www.hydraulic-cylinders.net\/wp-content\/uploads\/2025\/01\/songte-oil-pipes-and-spare-parts.webp\" alt=\"Kau\u0161o cilindro vaizdas\"><\/p>\n<h2>Sandarinimas ir tepimas<\/h2>\n<p>Kau\u0161\u0173 cilindruose naudojami \u012fvair\u016bs sandarinimo mechanizmai, siekiant i\u0161vengti alyvos nuot\u0117kio ir u\u017etikrinti optimal\u0173 na\u0161um\u0105. \u0160ie mechanizmai apima st\u016bmokli\u0173 sandariklius, stryp\u0173 sandariklius ir valytuv\u0173 sandariklius, kurie tur\u0117t\u0173 b\u016bti pagaminti i\u0161 atspari\u0173 dilimui med\u017eiag\u0173, toki\u0173 kaip poliuretanas ir nitrilo kau\u010diukas. Cilindro kiaurym\u0117 ir srieginio galo pavir\u0161ius tur\u0117t\u0173 b\u016bti apdoroti, kad b\u016bt\u0173 atspar\u016bs dilimui, o norint i\u0161laikyti optimal\u0173 veikim\u0105, b\u016btina reguliariai tepti.<\/p>\n<h2>Prie\u017ei\u016bra ir remontas<\/h2>\n<p>Norint u\u017etikrinti optimal\u0173 kau\u0161o cilindr\u0173 veikim\u0105, juos reikia reguliariai tikrinti, valyti, tepti ir keisti komponentus. \u012eprastos prie\u017ei\u016bros u\u017eduotys apima:<\/p>\n<ul>\n<li>Reguliarus patikrinimas: patikrinkite, ar n\u0117ra alyvos nuot\u0117kio, pa\u017eeist\u0173 sandarikli\u0173 ir susid\u0117v\u0117jusi\u0173 dali\u0173.<\/li>\n<li>Tepimas: cilindro judan\u010dias dalis sutepkite tinkamu tepalu, kad suma\u017eintum\u0117te trint\u012f ir i\u0161vengtum\u0117te nusid\u0117v\u0117jimo.<\/li>\n<li>Tarpikli\u0173 keitimas: pakeiskite susid\u0117v\u0117jusius tarpiklius, kad i\u0161vengtum\u0117te alyvos nuot\u0117kio ir u\u017etikrintum\u0117te optimal\u0173 veikim\u0105.<\/li>\n<li>Kalibravimo patikrinimas: patikrinkite, ar cilindro veikimas yra optimalus, ir prireikus j\u012f pakoreguokite.<\/li>\n<li>Komponent\u0173 keitimas: pakeiskite pa\u017eeistus arba susid\u0117v\u0117jusius komponentus, kad atkurtum\u0117te optimal\u0173 veikim\u0105.<\/li>\n<\/ul>\n<p><img decoding=\"async\" src=\"https:\/\/www.hydraulic-cylinders.net\/wp-content\/uploads\/2025\/01\/songte-chushion-collar.webp\" alt=\"Kau\u0161o cilindro vaizdas\"><\/p>\n<h2>Saugos ir aplinkosaugos aspektai<\/h2>\n<p>Kau\u0161\u0173 cilindrai tur\u0117t\u0173 b\u016bti naudojami laikantis atitinkam\u0173 saugos priemoni\u0173, kad b\u016bt\u0173 i\u0161vengta nelaiming\u0173 atsitikim\u0173 ir turto sugadinimo. \u0160ios saugos priemon\u0117s gali apimti sl\u0117gio ma\u017einimo vo\u017etuvus, avarinio stabdymo jungiklius ir apsaugos nuo perkrovos mechanizmus. Taip pat, utilizuojant hidraulin\u0119 alyv\u0105 ir cilindr\u0173 komponentus, reik\u0117t\u0173 atsi\u017evelgti \u012f aplinkosaugos aspektus.<\/p>\n<h2>Gedim\u0173 diagnostika ir trik\u010di\u0173 \u0161alinimas<\/h2>\n<p>Kau\u0161\u0173 cilindrai gali tur\u0117ti \u012fvairi\u0173 gedim\u0173, kurie gali tur\u0117ti \u012ftakos j\u0173 veikimui. Da\u017eniausi gedimai yra alyvos nuot\u0117kis, pa\u017eeisti sandarikliai ir susid\u0117v\u0117j\u0119 komponentai. Nor\u0117dami diagnozuoti gedimus, reguliariai tikrinkite cilindr\u0105 ir ie\u0161kokite pa\u017eeidimo ar susid\u0117v\u0117jimo po\u017eymi\u0173. Nor\u0117dami pa\u0161alinti gedimus, \u017er. gamintojo vadov\u0105 arba pasikonsultuokite su profesionaliu hidraulikos mechaniku.<\/p>\n<h2>\u012emon\u0117s pristatymas<\/h2>\n<p>Esame pirmaujantis hidraulini\u0173 cilindr\u0173 gamintojas ir didmeninis platintojas vidaus ir tarptautin\u0117se rinkose. M\u016bs\u0173 gaminiai yra auk\u0161\u010diausios kokyb\u0117s, o mes vadovaujam\u0117s pramonin\u0117s gamybos valdymo strategija, pagr\u012fsta puikiomis gamybos dirbtuv\u0117mis, techniniais \u012fg\u016bd\u017eiais, auk\u0161\u010diausios klas\u0117s skaitmenine gamybos \u012franga ir profesionaliomis bandym\u0173 sistemomis. M\u016bs\u0173 gamybos platforma yra nuolat tobulinama, siekiant tobulinti m\u016bs\u0173 gamini\u0173 gamybos kokyb\u0119, tod\u0117l u\u017etikrinamas didelis efektyvumas, didelis tikslumas ir auk\u0161tos kokyb\u0117s produktai, atitinkantys \u012fvairius m\u016bs\u0173 klient\u0173 poreikius.<\/p>\n<p>M\u016bs\u0173 \u012fmon\u0117 si\u016blo individualiai pritaikytas paslaugas, profesionali\u0105 hidraulini\u0173 cilindr\u0173 gamybos \u012frang\u0105, tarptautinius sertifikatus ir specializuotas garantinio aptarnavimo paslaugas. Mes specializuojam\u0117s vis\u0173 tip\u0173 hidraulini\u0173 cilindr\u0173 gamyboje, kuriuos galima pritaikyti konkretiems m\u016bs\u0173 klient\u0173 poreikiams.<\/p>\n<p><img decoding=\"async\" src=\"https:\/\/hzpt.com\/wp-content\/uploads\/2024\/11\/songte-company-1.webp\" alt=\"\u012emon\u0117s \u012fvaizdis\"><\/p>\n<h2>I\u0161vada<\/h2>\n<p>Apibendrinant galima teigti, kad \u201eBonny WZT46-7\/45-7\u201c kau\u0161o cilindras yra b\u016btinas hidraulinis cilindras, skirtas valdyti kau\u0161o jud\u0117jim\u0105 sunkiojoje technikoje. M\u016bs\u0173 \u012fmon\u0117 yra pirmaujanti hidraulini\u0173 cilindr\u0173 gamintoja, si\u016blanti auk\u0161tos kokyb\u0117s gaminius ir profesionalias garantinio aptarnavimo paslaugas, kad patenkint\u0173 klient\u0173 poreikius. Tikim\u0117s, kad \u0161iame straipsnyje pateikta naudinga informacija apie kau\u0161o cilindrus ir j\u0173 pritaikym\u0105, projektavimo aspektus ir prie\u017ei\u016bros praktik\u0105.<\/p>\n<p>Autorius: lyl<\/p>","protected":false},"excerpt":{"rendered":"<p>Bucket Cylinder For Bonny WZT46-7\/45-7 Introduction A bucket cylinder for Bonny WZT46-7\/45-7 is a type of hydraulic cylinder designed specifically for controlling the movement of the bucket in heavy machinery such as excavators, backhoe excavators, and front-end loaders. Its main function is to facilitate various material handling tasks by enabling the bucket to lift, lower, [&hellip;]<\/p>","protected":false},"featured_media":14765,"comment_status":"open","ping_status":"closed","template":"","meta":{"_et_pb_use_builder":"","_et_pb_old_content":"","_et_gb_content_width":""},"product_brand":[],"product_cat":[1494],"product_tag":[1495,1496],"class_list":{"0":"post-15939","1":"product","2":"type-product","3":"status-publish","4":"has-post-thumbnail","6":"product_cat-bucket-cylinders","7":"product_tag-bucket-cylinders","8":"product_tag-hydraulic-cylinders","10":"first","11":"instock","12":"shipping-taxable","13":"product-type-simple"},"amp_enabled":true,"_links":{"self":[{"href":"https:\/\/www.hydraulic-cylinders.net\/lt\/wp-json\/wp\/v2\/product\/15939","targetHints":{"allow":["GET"]}}],"collection":[{"href":"https:\/\/www.hydraulic-cylinders.net\/lt\/wp-json\/wp\/v2\/product"}],"about":[{"href":"https:\/\/www.hydraulic-cylinders.net\/lt\/wp-json\/wp\/v2\/types\/product"}],"replies":[{"embeddable":true,"href":"https:\/\/www.hydraulic-cylinders.net\/lt\/wp-json\/wp\/v2\/comments?post=15939"}],"wp:featuredmedia":[{"embeddable":true,"href":"https:\/\/www.hydraulic-cylinders.net\/lt\/wp-json\/wp\/v2\/media\/14765"}],"wp:attachment":[{"href":"https:\/\/www.hydraulic-cylinders.net\/lt\/wp-json\/wp\/v2\/media?parent=15939"}],"wp:term":[{"taxonomy":"product_brand","embeddable":true,"href":"https:\/\/www.hydraulic-cylinders.net\/lt\/wp-json\/wp\/v2\/product_brand?post=15939"},{"taxonomy":"product_cat","embeddable":true,"href":"https:\/\/www.hydraulic-cylinders.net\/lt\/wp-json\/wp\/v2\/product_cat?post=15939"},{"taxonomy":"product_tag","embeddable":true,"href":"https:\/\/www.hydraulic-cylinders.net\/lt\/wp-json\/wp\/v2\/product_tag?post=15939"}],"curies":[{"name":"wp","href":"https:\/\/api.w.org\/{rel}","templated":true}]}}