{"id":15940,"date":"2025-01-19T15:11:38","date_gmt":"2025-01-19T15:11:38","guid":{"rendered":"https:\/\/www.hydraulic-cylinders.net\/product\/bucket-cylinder-for-bonny-waydq50-5\/"},"modified":"2025-01-19T15:11:41","modified_gmt":"2025-01-19T15:11:41","slug":"bucket-cylinder-for-bonny-waydq50-5","status":"publish","type":"product","link":"https:\/\/www.hydraulic-cylinders.net\/lt\/produktas\/bucket-cylinder-for-bonny-waydq50-5\/","title":{"rendered":"Kau\u0161o cilindras, skirtas \u201eBonny WAYDQ50-5\u201c"},"content":{"rendered":"<h1>Kau\u0161o cilindras, skirtas \u201eBonny WAYDQ50-5\u201c<\/h1>\n<h2>\u012evadas<\/h2>\n<p>\u201eBonny WAYDQ50-5\u201c kau\u0161o cilindras yra specialiai sukurtas hidraulinis cilindras, kuris daugiausia naudojamas kau\u0161o jud\u0117jimui valdyti sunkiosiose ma\u0161inose, tokiose kaip ekskavatoriai, ekskavatoriniai ekskavatoriai ir frontaliniai krautuvai. Pagrindin\u0117 jo funkcija \u2013 leisti kau\u0161ui pakilti, nuleisti ir pakreipti, kad b\u016bt\u0173 lengviau transportuoti \u012fvairias med\u017eiagas. Hidraulin\u0117je sistemoje kau\u0161o cilindras kontroliuoja tiksl\u0173 kau\u0161o jud\u0117jim\u0105 keisdamas hidraulin\u0117s alyvos sl\u0117g\u012f, leisdamas operatoriui efektyviai tvarkyti sunkius objektus ir prisitaikyti prie sud\u0117tingos darbo aplinkos bei \u012fvairi\u0173 eksploatavimo reikalavim\u0173.<\/p>\n<p><img decoding=\"async\" src=\"https:\/\/www.hydraulic-cylinders.net\/wp-content\/uploads\/2025\/01\/songte-company-2.webp\" alt=\"Kau\u0161o cilindras, skirtas \u201eBonny WAYDQ50-5\u201c\"><\/p>\n<h2>Savyb\u0117s<\/h2>\n<ul>\n<li>Didelis tvirtumas ir ilgaam\u017ei\u0161kumas: Paprastai pagaminti i\u0161 didelio stiprumo plieno arba aliuminio, jie gali atlaikyti didel\u012f sl\u0117g\u012f ir dideles apkrovas, prisitaikydami prie at\u0161iauri\u0173 darbo s\u0105lyg\u0173. Sukurti atsi\u017evelgiant \u012f atsparum\u0105 dilimui ir korozijai, jie prailgina tarnavimo laik\u0105.<\/li>\n<li>Efektyvus hidraulinis veikimas: Sklandus i\u0161pl\u0117timas ir \u012ftraukimas pasiekiamas panaudojant hidraulin\u0117s alyvos sl\u0117g\u012f, u\u017etikrinant\u012f galing\u0105 st\u016bmimo ir traukimo j\u0117g\u0105, tinkam\u0105 sunkiems daiktams tvarkyti ir sud\u0117tingoms eksploatavimo u\u017eduotims atlikti.<\/li>\n<li>\u012evair\u016bs tipai: pagal reikalavimus, kad b\u016bt\u0173 patenkinti skirtingi eksploatavimo poreikiai, galima pasirinkti vienpusio veikimo (hidraulinis variklis naudojamas tik viena kryptimi) arba dvipusio veikimo (hidraulinis variklis naudojamas abiem kryptimis) cilindrus. Kai kurie modeliai yra teleskopiniai, tod\u0117l juos galima labiau i\u0161tiesti nedidinant i\u0161orini\u0173 matmen\u0173, tod\u0117l jie tinka naudoti ribotoje erdv\u0117je.<\/li>\n<li>Puikus pakeitimas: M\u016bs\u0173 gaminiai gali puikiai pakeisti \u0161iuos hidraulinius cilindrus.<\/li>\n<\/ul>\n<p><img decoding=\"async\" src=\"https:\/\/www.hydraulic-cylinders.net\/wp-content\/uploads\/2025\/01\/songte-cylinder-head-with-all-kinds-excavator-models.webp\" alt=\"Kau\u0161o cilindras, skirtas \u201eBonny WAYDQ50-5\u201c\"><\/p>\n<h2>Parai\u0161kos<\/h2>\n<p>\u201eBonny WAYDQ50-5\u201c kau\u0161o cilindras gali b\u016bti naudojamas \u012fvairiose pramon\u0117s \u0161akose ir ma\u0161inose, \u012fskaitant, bet neapsiribojant:<\/p>\n<ul>\n<li>Statybin\u0117 \u012franga: jie yra b\u016btini ekskavatoriuose kasant, kraunant ir perkeliant grunt\u0105 ar \u0161iuk\u0161les. Ekskavatoriuose kau\u0161o cilindrai padeda kasti ir kelti. Priekiniuose krautuvuose jie padeda efektyviai kelti ir i\u0161versti krovin\u012f.<\/li>\n<li>\u017dem\u0117s \u016bkio technika: naudojama priekiniuose krautuvuose dirvo\u017eemiui, \u0161ienui ir kitoms med\u017eiagoms kasti, kelti ir transportuoti. Ekskavatoriuose kau\u0161o cilindras leid\u017eia kasti, leisdamas kau\u0161ui \u012fsiskverbti \u012f \u017eem\u0119.<\/li>\n<\/ul>\n<h2>Projektavimo ir atrankos kriterijai<\/h2>\n<p>Renkantis ir projektuojant \u201eBonny WAYDQ50-5\u201c kau\u0161o cilindr\u0105, reikia atsi\u017evelgti \u012f kelis veiksnius, \u012fskaitant:<\/p>\n<ul>\n<li>Geb\u0117jimas i\u0161laikyti auk\u0161t\u0105 sl\u0117g\u012f ir dideles apkrovas:<\/li>\n<li>Sandarinimas: Naudokite \u012fvairius sandariklius, tokius kaip st\u016bmokliniai sandarikliai, stryp\u0173 sandarikliai ir kt. Sandarikliai pagaminti i\u0161 atspari\u0173 dilimui med\u017eiag\u0173, toki\u0173 kaip poliuretanas ir NBR guma; cilindro korpusas ir sriegio galo pavir\u0161ius yra kruop\u0161\u010diai apdirbti, siekiant pagerinti atsparum\u0105 dilimui.<\/li>\n<li>Patvarumas: Nor\u0117dami prailginti tarnavimo laik\u0105, atsi\u017evelkite \u012f tokius veiksnius kaip atsparumas dilimui ir atsparumas korozijai.<\/li>\n<li>Sauga: \u012esitikinkite, kad kau\u0161o cilindras gali saugiai veikti \u012fvairiomis s\u0105lygomis ir aplinkoje.<\/li>\n<li>Prie\u017ei\u016bra: U\u017etikrinkite, kad technin\u0119 prie\u017ei\u016br\u0105 ir remont\u0105 b\u016bt\u0173 galima atlikti lengvai ir efektyviai.<\/li>\n<\/ul>\n<p><img decoding=\"async\" src=\"https:\/\/www.hydraulic-cylinders.net\/wp-content\/uploads\/2025\/01\/songte-oil-pipes-and-spare-parts.webp\" alt=\"Kau\u0161o cilindras, skirtas \u201eBonny WAYDQ50-5\u201c\"><\/p>\n<h2>Sandarinimas ir tepimas<\/h2>\n<p>\u201eBonny WAYDQ50-5\u201c kau\u0161o cilindre naudojami \u012fvair\u016bs sandarikliai, pavyzd\u017eiui, st\u016bmoklio sandarikliai, strypo sandarikliai ir kt. Sandarikliai pagaminti i\u0161 atspari\u0173 dilimui med\u017eiag\u0173, toki\u0173 kaip poliuretanas ir NBR guma. Cilindro korpusas ir sriegio galo pavir\u0161ius yra kruop\u0161\u010diai apdirbti, siekiant pagerinti atsparum\u0105 dilimui. Norint u\u017etikrinti skland\u0173 veikim\u0105, b\u016btina reguliariai \u012fpilti atitinkam\u0105 kiek\u012f hidraulin\u0117s alyvos.<\/p>\n<h2>Ap\u017ei\u016bra ir prevencin\u0117 prie\u017ei\u016bra<\/h2>\n<p>Norint u\u017etikrinti tinkam\u0105 kau\u0161o cilindro veikim\u0105 ir ilgaam\u017ei\u0161kum\u0105, b\u016btini reguliar\u016bs patikrinimai ir profilaktin\u0117 prie\u017ei\u016bra. Prie\u017ei\u016bros u\u017eduotys gali apimti:<\/p>\n<ul>\n<li>Reguliar\u016bs patikrinimai<\/li>\n<li>Tinkamas tepimas<\/li>\n<li>Sandariklio keitimas<\/li>\n<li>Kalibravimo patikrinimai<\/li>\n<\/ul>\n<h2>\u012erengimo gair\u0117s<\/h2>\n<p>Tinkamas montavimas yra labai svarbus siekiant u\u017etikrinti tinkam\u0105 kau\u0161o cilindro veikim\u0105 ir ilgaam\u017ei\u0161kum\u0105. Cilindrui pritvirtinti rekomenduojama naudoti tinkamus montavimo laikiklius. Reik\u0117t\u0173 pabr\u0117\u017eti teisingo cilindro sulygiavimo svarb\u0105. Siekiant u\u017etikrinti tinkam\u0105 \u012frangos prie\u017ei\u016br\u0105, reikia laikytis rekomenduojam\u0173 patikrinimo, remonto ir keitimo proced\u016br\u0173. Taip pat teikiamos atstatymo paslaugos ir atsargin\u0117s dalys, siekiant prailginti tarnavimo laik\u0105.<\/p>\n<p><img decoding=\"async\" src=\"https:\/\/www.hydraulic-cylinders.net\/wp-content\/uploads\/2025\/01\/songte-chushion-collar.webp\" alt=\"Kau\u0161o cilindras, skirtas \u201eBonny WAYDQ50-5\u201c\"><\/p>\n<h2>Saugos aspektai ir aplinkos veiksniai<\/h2>\n<p>Naudojant kau\u0161o cilindr\u0105 Bonny WAYDQ50-5 \u012frenginiui, svarbu laikytis vis\u0173 saugos priemoni\u0173, kad b\u016bt\u0173 i\u0161vengta nelaiming\u0173 atsitikim\u0173. Taip pat reik\u0117t\u0173 atsi\u017evelgti \u012f aplinkos veiksnius, kad \u012franga tinkamai veikt\u0173 ir tarnaut\u0173 ilgai.<\/p>\n<h2>Trik\u010di\u0173 \u0161alinimas ir da\u017eniausiai pasitaikan\u010dios problemos<\/h2>\n<p>Da\u017eniausios problemos, galin\u010dios kilti d\u0117l kau\u0161o cilindro, yra nuot\u0117kiai, nepakankama j\u0117ga ir netinkamas lygiavimas. Trik\u010dius galima pa\u0161alinti ap\u017ei\u016brint cilindr\u0105, ar n\u0117ra matom\u0173 pa\u017eeidim\u0173, patikrinus sandariklius ir u\u017etikrinant tinkam\u0105 sutepim\u0105. Tinkamos prevencin\u0117s priemon\u0117s gali suma\u017einti \u0161i\u0173 problem\u0173 atsiradimo tikimyb\u0119.<\/p>\n<p><img decoding=\"async\" src=\"https:\/\/www.hydraulic-cylinders.net\/wp-content\/uploads\/2025\/01\/songte-bushings-with-all-kinds-of-excavator-models.webp\" alt=\"Kau\u0161o cilindras, skirtas \u201eBonny WAYDQ50-5\u201c\"><\/p>\n<h2>Apie m\u016bs\u0173 \u012fmon\u0119<\/h2>\n<p>Esame pirmaujanti hidraulini\u0173 cilindr\u0173 gamintoja ir didmenin\u0117 platintoja vidaus ir tarptautin\u0117se rinkose. Vadovaujam\u0117s puikios kokyb\u0117s principu ir pasikliaujame industrializuota sud\u0117ting\u0173 gamybos dirbtuvi\u0173 gamybos valdymo strategija. M\u016bs\u0173 \u012fmon\u0117 nuolat tobulina dirbtuvi\u0173 gamybos platform\u0105, pritaikydama techninius talentus, auk\u0161\u010diausios klas\u0117s skaitmenin\u0119 gamybos \u012frang\u0105 ir profesionalias bandym\u0173 sistemas, kad tobulint\u0173 gamini\u0173 kokyb\u0117s gamybos proces\u0105, ir turi dideles galimybes kurti efektyvius, didelio tikslumo ir auk\u0161tos kokyb\u0117s gaminius, atitinkan\u010dius \u012fvairius klient\u0173 poreikius.<\/p>\n<p><img decoding=\"async\" src=\"https:\/\/hzpt.com\/wp-content\/uploads\/2024\/11\/songte-company-1.webp\" alt=\"Apie m\u016bs\u0173 \u012fmon\u0119\"><\/p>\n<h3>Profesionalumas<\/h3>\n<p>Turime patyrusi\u0173 in\u017einieri\u0173 ir technik\u0173 komand\u0105, kuri yra pasiry\u017eusi teikti profesionalias paslaugas ir sprendimus m\u016bs\u0173 klientams.<\/p>\n<h3>Tarptautiniai sertifikatai<\/h3>\n<p>M\u016bs\u0173 gaminiai yra sertifikuoti pagal ISO9001, CE ir kitus tarptautinius standartus, o tai u\u017etikrina j\u0173 kokyb\u0119 ir patikimum\u0105.<\/p>\n<h3>Pritaikymo paslaugos<\/h3>\n<p>Si\u016blome individualias pritaikymo paslaugas, kad patenkintume konkre\u010dius klient\u0173 reikalavimus \u2013 nuo \u200b\u200bprojektavimo iki gamybos.<\/p>\n<h3>Gamybos \u012franga<\/h3>\n<p>Turime moderniausi\u0105 gamybos \u012frang\u0105, u\u017etikrinan\u010di\u0105 m\u016bs\u0173 gamini\u0173 kokyb\u0119 ir tikslum\u0105.<\/p>\n<h3>Aptarnavimas po pardavimo<\/h3>\n<p>Siekdami u\u017etikrinti, kad m\u016bs\u0173 klientai gal\u0117t\u0173 u\u017etikrintai ir patikimai naudoti m\u016bs\u0173 gaminius, teikiame garantinio aptarnavimo paslaugas.<\/p>\n<p>Autorius: lyl<\/p>","protected":false},"excerpt":{"rendered":"<p>Bucket Cylinder for Bonny WAYDQ50-5 Introduction The bucket cylinder for Bonny WAYDQ50-5 is a specially designed hydraulic cylinder that is primarily used to control the motion of the bucket in heavy machinery such as excavators, backhoe excavators, and front loaders. Its main function is to enable the bucket to lift, lower, and tilt, making it [&hellip;]<\/p>","protected":false},"featured_media":14762,"comment_status":"open","ping_status":"closed","template":"","meta":{"_et_pb_use_builder":"","_et_pb_old_content":"","_et_gb_content_width":""},"product_brand":[],"product_cat":[1494],"product_tag":[1495,1496],"class_list":{"0":"post-15940","1":"product","2":"type-product","3":"status-publish","4":"has-post-thumbnail","6":"product_cat-bucket-cylinders","7":"product_tag-bucket-cylinders","8":"product_tag-hydraulic-cylinders","10":"first","11":"instock","12":"shipping-taxable","13":"product-type-simple"},"amp_enabled":true,"_links":{"self":[{"href":"https:\/\/www.hydraulic-cylinders.net\/lt\/wp-json\/wp\/v2\/product\/15940","targetHints":{"allow":["GET"]}}],"collection":[{"href":"https:\/\/www.hydraulic-cylinders.net\/lt\/wp-json\/wp\/v2\/product"}],"about":[{"href":"https:\/\/www.hydraulic-cylinders.net\/lt\/wp-json\/wp\/v2\/types\/product"}],"replies":[{"embeddable":true,"href":"https:\/\/www.hydraulic-cylinders.net\/lt\/wp-json\/wp\/v2\/comments?post=15940"}],"wp:featuredmedia":[{"embeddable":true,"href":"https:\/\/www.hydraulic-cylinders.net\/lt\/wp-json\/wp\/v2\/media\/14762"}],"wp:attachment":[{"href":"https:\/\/www.hydraulic-cylinders.net\/lt\/wp-json\/wp\/v2\/media?parent=15940"}],"wp:term":[{"taxonomy":"product_brand","embeddable":true,"href":"https:\/\/www.hydraulic-cylinders.net\/lt\/wp-json\/wp\/v2\/product_brand?post=15940"},{"taxonomy":"product_cat","embeddable":true,"href":"https:\/\/www.hydraulic-cylinders.net\/lt\/wp-json\/wp\/v2\/product_cat?post=15940"},{"taxonomy":"product_tag","embeddable":true,"href":"https:\/\/www.hydraulic-cylinders.net\/lt\/wp-json\/wp\/v2\/product_tag?post=15940"}],"curies":[{"name":"wp","href":"https:\/\/api.w.org\/{rel}","templated":true}]}}