{"id":1595,"date":"2023-10-07T08:23:14","date_gmt":"2023-10-07T08:23:14","guid":{"rendered":"https:\/\/hydraulic-cylinders.net\/?post_type=product&#038;p=1595"},"modified":"2025-04-11T03:36:18","modified_gmt":"2025-04-11T03:36:18","slug":"mining-dump-truck-rear-suspension-cylinder","status":"publish","type":"product","link":"https:\/\/www.hydraulic-cylinders.net\/lt\/produktas\/mining-dump-truck-rear-suspension-cylinder\/","title":{"rendered":"Kasybos savivar\u010dio galinis pakabos cilindras"},"content":{"rendered":"<h1 style=\"text-align: center;\"><strong>Kasybos savivar\u010dio galinis pakabos cilindras<\/strong><\/h1>\n<p><img loading=\"lazy\" decoding=\"async\" class=\"aligncenter wp-image-1596\" src=\"https:\/\/hydraulic-cylinders.net\/wp-content\/uploads\/2023\/10\/rear-suspension-cylinder-1-300x300.webp\" alt=\"\" width=\"400\" height=\"400\" \/><\/p>\n<p>Kasybos savivar\u010dio galin\u0117s pakabos cilindras yra gyvybi\u0161kai svarbus komponentas, specialiai sukurtas siekiant optimizuoti kasybos savivar\u010di\u0173 stabilum\u0105 ir na\u0161um\u0105. D\u0117l tvirtos konstrukcijos ir pa\u017eangi\u0173 funkcij\u0173 \u0161is cilindras atlieka lemiam\u0105 vaidmen\u012f sugeriant sm\u016bgius, palaikant tinkam\u0105 pakab\u0105 ir didinant bendr\u0105 sunki\u0173j\u0173 kasybos operacij\u0173 efektyvum\u0105.<\/p>\n<p>Kasybos savivar\u010dio galin\u0117s pakabos cilindras yra esminis komponentas, didinantis kasybos savivar\u010di\u0173 stabilum\u0105, laikom\u0105j\u0105 gali\u0105 ir bendr\u0105 na\u0161um\u0105. Tvirta konstrukcija, puikus sm\u016bgi\u0173 sug\u0117rimas ir tikslus pakabos valdymas daro j\u012f vertingu turtu reiklioje kasybos pramon\u0117je. Laikydamiesi tinkam\u0173 naudojimo metod\u0173 ir reguliariai pri\u017ei\u016br\u0117dami, operatoriai gali u\u017etikrinti kasybos savivar\u010dio galin\u0117s pakabos cilindro ilgaam\u017ei\u0161kum\u0105 ir patikimum\u0105, o tai u\u017etikrina saugias ir efektyvias kasybos operacijas. Pasirinkite \u0161\u012f didelio na\u0161umo cilindr\u0105, kad padidintum\u0117te savo kasybos savivar\u010di\u0173 parko stabilum\u0105, na\u0161um\u0105 ir operatoriaus komfort\u0105.<\/p>\n<p>Kasybos savivar\u010dio galin\u0117s pakabos cilindro pagrindin\u0117s charakteristikos:<\/p>\n<ol>\n<li>Tvirta ir patvari konstrukcija:<\/li>\n<\/ol>\n<ul>\n<li>Kasybos savivar\u010dio galin\u0117s pakabos cilindras pagamintas i\u0161 auk\u0161tos kokyb\u0117s med\u017eiag\u0173, u\u017etikrinan\u010di\u0173 jo patvarum\u0105 ir ilgaam\u017ei\u0161kum\u0105 at\u0161iauriomis kasybos s\u0105lygomis.<\/li>\n<li>Jis gali atlaikyti dideles apkrovas, nuolatin\u0119 vibracij\u0105 ir sud\u0117ting\u0105 reljef\u0105, u\u017etikrindamas patikim\u0105 veikim\u0105 vis\u0105 savo eksploatavimo laik\u0105.<\/li>\n<\/ul>\n<ol start=\"2\">\n<li>Geresnis sm\u016bgi\u0173 sug\u0117rimas:<\/li>\n<\/ol>\n<ul>\n<li>\u0160is cilindras apr\u016bpintas pa\u017eangia sm\u016bgi\u0173 absorbcijos technologija, efektyviai suma\u017einan\u010dia sm\u016bgi\u0173 ir vibracijos poveik\u012f kasybos operacij\u0173 metu.<\/li>\n<li>Tai padidina savivar\u010dio stabilum\u0105, suma\u017eina transporto priemon\u0117s komponent\u0173 apkrov\u0105 ir u\u017etikrina sklandesn\u012f bei patogesn\u012f va\u017eiavim\u0105 tiek vairuotojui, tiek kroviniui.<\/li>\n<\/ul>\n<ol start=\"3\">\n<li>Tikslus pakabos valdymas:<\/li>\n<\/ol>\n<ul>\n<li>Kasybos savivar\u010dio galin\u0117s pakabos cilindras leid\u017eia tiksliai valdyti pakabos sistem\u0105, tod\u0117l operatoriai gali reguliuoti pakabos nustatymus pagal konkre\u010dias kasybos s\u0105lygas.<\/li>\n<li>\u0160i funkcija padeda optimizuoti sunkve\u017eimio na\u0161um\u0105, u\u017etikrinant tinkam\u0105 pusiausvyr\u0105 tarp keliamosios galios, manevringumo ir stabilumo.<\/li>\n<\/ul>\n<h2><strong>Kasybos savivar\u010dio galin\u0117s pakabos cilindro parametras:<\/strong><\/h2>\n<table border=\"1\" cellspacing=\"0\" cellpadding=\"0\">\n<tbody>\n<tr>\n<td>Produkto pavadinimas<\/td>\n<td>Kasybos savivar\u010dio galinis pakabos cilindras<\/td>\n<\/tr>\n<tr>\n<td>Savyb\u0117s:<\/td>\n<td>Atlaiko svor\u012f, sugeria ir pa\u0161alina vibracij\u0105<\/td>\n<\/tr>\n<tr>\n<td>Skyl\u0117s skersmuo:<\/td>\n<td>150 mm\uff5e450 mm<\/td>\n<\/tr>\n<tr>\n<td>Strypo skersmuo:<\/td>\n<td>120 mm\uff5e400 mm<br \/>\nEiga \u2264400 mm<\/td>\n<\/tr>\n<tr>\n<td>Traukos j\u0117ga:<\/td>\n<td>Maksimalus 38 MPa<\/td>\n<\/tr>\n<tr>\n<td>Galin\u0117s pakabos cilindro pritaikymas:<\/td>\n<td>Kasybos savivartis<\/td>\n<\/tr>\n<\/tbody>\n<\/table>\n<h2><strong>Kasybos savivar\u010dio cilindro identifikavimo schema:<\/strong><\/h2>\n<p><img loading=\"lazy\" decoding=\"async\" class=\"alignnone wp-image-1594 size-full\" src=\"https:\/\/hydraulic-cylinders.net\/wp-content\/uploads\/2023\/10\/mining-dump-truck-cylinder.webp\" alt=\"\" width=\"1418\" height=\"946\" srcset=\"https:\/\/hydraulic-cylinders.net\/wp-content\/uploads\/2023\/10\/mining-dump-truck-cylinder.webp 1418w, https:\/\/hydraulic-cylinders.net\/wp-content\/uploads\/2023\/10\/mining-dump-truck-cylinder-1280x854.webp 1280w, https:\/\/hydraulic-cylinders.net\/wp-content\/uploads\/2023\/10\/mining-dump-truck-cylinder-980x654.webp 980w, https:\/\/hydraulic-cylinders.net\/wp-content\/uploads\/2023\/10\/mining-dump-truck-cylinder-480x320.webp 480w\" sizes=\"(min-width: 0px) and (max-width: 480px) 480px, (min-width: 481px) and (max-width: 980px) 980px, (min-width: 981px) and (max-width: 1280px) 1280px, (min-width: 1281px) 1418px, 100vw\" \/><\/p>\n<h2><strong>Savivar\u010dio galinio pakabos cilindro naudojimo b\u016bdas<\/strong><strong>:<\/strong><\/h2>\n<ol>\n<li><strong>\u012ediegimas ir kalibravimas:<\/strong><\/li>\n<\/ol>\n<ul>\n<li>Kasybos savivar\u010dio galin\u0117s pakabos cilindr\u0105 tur\u0117t\u0173 sumontuoti ir kalibruoti kvalifikuoti technikai, susipa\u017ein\u0119 su konkre\u010diais kasybos savivar\u010di\u0173 reikalavimais.<\/li>\n<li>Tinkamas montavimas ir kalibravimas u\u017etikrina optimal\u0173 veikim\u0105 ir saugos standart\u0173 laikym\u0105si.<\/li>\n<\/ul>\n<ol start=\"2\">\n<li><strong>Pakabos reguliavimas:<\/strong><\/li>\n<\/ol>\n<ul>\n<li>Nor\u0117dami reguliuoti galin\u0117s pakabos nustatymus, naudokite sunkve\u017eimio kabinoje esan\u010di\u0105 pakabos valdymo sistem\u0105.<\/li>\n<li>Reguliuodami pakab\u0105, atsi\u017evelkite \u012f tokius veiksnius kaip krovinio svoris, reljefo s\u0105lygos ir pageidaujamas va\u017eiavimo auk\u0161tis.<\/li>\n<\/ul>\n<ol start=\"3\">\n<li><strong>Reguliarus steb\u0117jimas:<\/strong><\/li>\n<\/ol>\n<ul>\n<li>Nuolat steb\u0117kite kasybos savivar\u010dio galin\u0117s pakabos sistemos veikim\u0105 eksploatacijos metu.<\/li>\n<li>Atkreipkite d\u0117mes\u012f \u012f bet kokius per didelio \u0161okin\u0117jimo, nestabilumo ar ne\u012fprast\u0173 gars\u0173 po\u017eymius, nes jie gali rodyti, kad reikia reguliuoti arba atlikti technin\u0119 prie\u017ei\u016br\u0105.<\/li>\n<\/ul>\n<h2><strong>Kas yra \u012fkrovimo sl\u0117gis hidraulin\u0117je sistemoje?<\/strong><\/h2>\n<p>Hidraulin\u0117je sistemoje \u012fkrovimo sl\u0117gis rei\u0161kia hidraulinio skys\u010dio sl\u0117g\u012f sistemoje. Tai sl\u0117gis, kur\u012f skys\u010diui daro i\u0161orinis energijos \u0161altinis, pvz., siurblys arba akumuliatorius, kad sistema gaut\u0173 energijos, reikalingos numatytoms funkcijoms atlikti.<\/p>\n<p>\u012ekrovos sl\u0117gis yra labai svarbus hidraulin\u0117s sistemos parametras, nes jis lemia hidraulini\u0173 pavar\u0173, pvz., cilindr\u0173 ar varikli\u0173, veikimo j\u0117g\u0105 ir greit\u012f. \u0160tai keli svarb\u016bs dalykai, kuriuos reikia suprasti apie \u012fkrovos sl\u0117g\u012f:<\/p>\n<ol>\n<li><strong>Elektros energijos gamyba:<\/strong> Hidraulinis siurblys pirmiausia generuoja \u012fkrovos sl\u0117g\u012f, kuris siurbia skyst\u012f i\u0161 rezervuaro ir j\u012f susl\u0117gia. Siurblys nuolat tiekia sistemai nurodyt\u0105 sl\u0117g\u012f, kad u\u017etikrint\u0173 pastov\u0173 veikim\u0105.<\/li>\n<li><strong>Sistemos projektavimas:<\/strong> \u012ekrovimo sl\u0117gis paprastai nustatomas pagal hidraulin\u0117s sistemos projektinius reikalavimus. Jam \u012ftakos turi tokie veiksniai kaip keliamoji galia, pageidaujamas darbinis greitis ir pavaros tipas.<\/li>\n<li><strong>Sl\u0117gio reguliavimas:<\/strong> Hidraulin\u0117se sistemose da\u017enai yra sl\u0117gio ma\u017einimo arba valdymo vo\u017etuvai, skirti reguliuoti \u012fkrovimo sl\u0117g\u012f. \u0160ie vo\u017etuvai u\u017etikrina, kad sl\u0117gis i\u0161likt\u0173 saugiame ir optimaliame diapazone, apsaugodami sistem\u0105 nuo per didelio sl\u0117gio.<\/li>\n<li><strong>J\u0117ga ir greitis:<\/strong> \u012ekrovos sl\u0117gis tiesiogiai veikia hidraulini\u0173 pavar\u0173 veikimo gali\u0105 ir greit\u012f. Didesnis \u012fkrovos sl\u0117gis padidina j\u0117gos i\u0161vest\u012f, tod\u0117l sistema gali perkelti sunkesnius krovinius. Ir atvirk\u0161\u010diai, ma\u017eesnis \u012fkrovos sl\u0117gis gali suma\u017einti j\u0117gos i\u0161vest\u012f, ta\u010diau u\u017etikrina sklandesn\u012f ir tikslesn\u012f valdym\u0105 konkre\u010diose srityse.<\/li>\n<li><strong>Efektyvumas ir \u0161ilumos generavimas:<\/strong> \u012ekrovimo sl\u0117gis taip pat turi \u012ftakos bendram hidraulin\u0117s sistemos efektyvumui. Didesnis \u012fkrovimo sl\u0117gis gali padidinti energijos suvartojim\u0105 ir sistemoje sukelti daugiau \u0161ilumos. Efektyvus sl\u0117gio valdymas ir tinkamas sistemos projektavimas padeda suma\u017einti energijos nuostolius ir valdyti \u0161ilumos i\u0161sklaidym\u0105.<\/li>\n<li><strong>Sl\u0117gio nuostoliai:<\/strong> Svarbu atsi\u017evelgti \u012f sl\u0117gio nuostolius hidraulin\u0117je sistemoje d\u0117l skys\u010dio trinties, srauto apribojim\u0173 ir sl\u0117gio kritimo vo\u017etuvuose bei komponentuose. \u0160ie nuostoliai gali tur\u0117ti \u012ftakos faktiniam pavar\u0173 patiriamam \u012fkrovimo sl\u0117giui ir tur\u0117t\u0173 b\u016bti kuo labiau suma\u017einti, kad b\u016bt\u0173 i\u0161laikytas norimas na\u0161umas.<\/li>\n<\/ol>\n<h2><strong>Gamyklos paj\u0117gumai ir talpa:<\/strong><\/h2>\n<h3>(1) Surinkimas<\/h3>\n<p>Turime pirmos klas\u0117s nepriklausom\u0105 tyrim\u0173 ir pl\u0117tros surinkimo platform\u0105. Hidraulini\u0173 cilindr\u0173 gamybos ceche yra keturios pusiau automatin\u0117s k\u0117limo cilindr\u0173 surinkimo linijos ir viena automatin\u0117 pakreipimo cilindr\u0173 surinkimo linija, kuri\u0173 projektinis metinis gamybos paj\u0117gumas yra 1 milijonas vienet\u0173. Speciali\u0173j\u0173 cilindr\u0173 ceche \u012frengta \u012fvairi\u0173 specifikacij\u0173 pusiau automatin\u0117 valymo surinkimo sistema, kurios projektinis metinis gamybos paj\u0117gumas yra 200 000 vienet\u0173, ir garsi CNC apdirbimo \u012franga, apdirbimo centras, didelio tikslumo cilindr\u0173 apdirbimo speciali \u012franga, robotinis suvirinimo aparatas, automatinis valymo aparatas, automatinis cilindr\u0173 surinkimo aparatas ir automatin\u0117 da\u017eymo gamybos linija. Esama daugiau nei 300 rinkini\u0173 (komplekt\u0173) kritin\u0117 \u012franga. Optimalus \u012frangos i\u0161tekli\u0173 paskirstymas ir efektyvus naudojimas u\u017etikrina gamini\u0173 tikslumo reikalavimus ir auk\u0161tus gamini\u0173 kokyb\u0117s poreikius.<\/p>\n<p><img loading=\"lazy\" decoding=\"async\" class=\"alignnone wp-image-626\" src=\"https:\/\/hydraulic-cylinders.net\/wp-content\/uploads\/2023\/08\/hydraulic-cylinder-product-1-300x158.webp\" alt=\"\" width=\"495\" height=\"260\" srcset=\"https:\/\/hydraulic-cylinders.net\/wp-content\/uploads\/2023\/08\/hydraulic-cylinder-product-1-300x158.webp 495w, https:\/\/hydraulic-cylinders.net\/wp-content\/uploads\/2023\/08\/hydraulic-cylinder-product-1-480x252.webp 480w\" sizes=\"(min-width: 0px) and (max-width: 480px) 480px, (min-width: 481px) 495px, 100vw\" \/> <img loading=\"lazy\" decoding=\"async\" class=\"alignnone wp-image-627\" src=\"https:\/\/hydraulic-cylinders.net\/wp-content\/uploads\/2023\/08\/hydraulic-cylinder-product-2-300x189.webp\" alt=\"\" width=\"413\" height=\"260\" \/><\/p>\n<h3>(2) Apdirbimas<\/h3>\n<p>Mechaninio apdirbimo ceche \u012frengtas pritaikytas nuo\u017eulnaus b\u0117gio tekinimo centras, apdirbimo centras, greitaeigis galandimo stakl\u0117s, suvirinimo robotas ir kita susijusi \u012franga, galinti apdirbti cilindrinius vamzd\u017eius, kuri\u0173 maksimalus vidinis skersmuo yra 400 mm, o maksimalus ilgis \u2013 6 metrai.<\/p>\n<p><img loading=\"lazy\" decoding=\"async\" class=\"alignnone wp-image-628 size-large\" src=\"https:\/\/hydraulic-cylinders.net\/wp-content\/uploads\/2023\/08\/hydraulic-cylinder-product-3-1024x391.webp\" alt=\"\" width=\"1024\" height=\"391\" srcset=\"https:\/\/hydraulic-cylinders.net\/wp-content\/uploads\/2023\/08\/hydraulic-cylinder-product-3-980x374.webp 980w, https:\/\/hydraulic-cylinders.net\/wp-content\/uploads\/2023\/08\/hydraulic-cylinder-product-3-480x183.webp 480w\" sizes=\"(min-width: 0px) and (max-width: 480px) 480px, (min-width: 481px) and (max-width: 980px) 980px, (min-width: 981px) 1024px, 100vw\" \/><\/p>\n<h3>(3) Suvirinimas<\/h3>\n<p><img loading=\"lazy\" decoding=\"async\" class=\"alignnone wp-image-629 size-large\" src=\"https:\/\/hydraulic-cylinders.net\/wp-content\/uploads\/2023\/08\/hydraulic-cylinder-product-4-1024x510.webp\" alt=\"\" width=\"1024\" height=\"510\" srcset=\"https:\/\/hydraulic-cylinders.net\/wp-content\/uploads\/2023\/08\/hydraulic-cylinder-product-4-980x488.webp 980w, https:\/\/hydraulic-cylinders.net\/wp-content\/uploads\/2023\/08\/hydraulic-cylinder-product-4-480x239.webp 480w\" sizes=\"(min-width: 0px) and (max-width: 480px) 480px, (min-width: 481px) and (max-width: 980px) 980px, (min-width: 981px) 1024px, 100vw\" \/><\/p>\n<h3>(4) Da\u017eymas ir dengimas<\/h3>\n<p>Su ma\u017eomis ir vidutinio dyd\u017eio cilindrin\u0117mis automatin\u0117mis vandens pagrindo da\u017e\u0173 dengimo linijomis, siekiant automatinio robot\u0173 pakrovimo ir i\u0161krovimo bei automatinio pur\u0161kimo, projektinis paj\u0117gumas yra 4000 vienet\u0173 per pamain\u0105;<br \/>\nTaip pat turime pusiau automatin\u0119 dideli\u0173 cilindr\u0173 da\u017e\u0173 gamybos linij\u0105, varom\u0105 grandin\u0117s, kurios projektinis na\u0161umas yra 60 d\u0117\u017ei\u0173 per pamain\u0105.<\/p>\n<p><img loading=\"lazy\" decoding=\"async\" class=\"alignnone wp-image-630\" src=\"https:\/\/hydraulic-cylinders.net\/wp-content\/uploads\/2023\/08\/hydraulic-cylinder-product-5-300x213.webp\" alt=\"\" width=\"366\" height=\"260\" \/> <img loading=\"lazy\" decoding=\"async\" class=\"alignnone wp-image-631\" src=\"https:\/\/hydraulic-cylinders.net\/wp-content\/uploads\/2023\/08\/hydraulic-cylinder-product-6-300x225.webp\" alt=\"\" width=\"347\" height=\"260\" \/><\/p>\n<h3>(5) Testavimas<\/h3>\n<p>Turime auk\u0161\u010diausios klas\u0117s patikros patalpas ir bandym\u0173 stendus, kad u\u017etikrintume, jog baliono veikimas atitinka reikalavimus.<\/p>\n<p><img loading=\"lazy\" decoding=\"async\" class=\"alignnone wp-image-632\" src=\"https:\/\/hydraulic-cylinders.net\/wp-content\/uploads\/2023\/08\/hydraulic-cylinder-product-8-300x200.webp\" alt=\"\" width=\"389\" height=\"260\" \/><\/p>\n<p>&nbsp;<\/p>\n<p>&nbsp;<\/p>\n<p>Esame vienas geriausi\u0173 hidraulini\u0173 cilindr\u0173 gamintoj\u0173. Galime pasi\u016blyti i\u0161samius hidraulinius cilindrus. Taip pat teikiame atitinkamus <a href=\"https:\/\/hzpt.com\/agricultural-pto-gearbox\/\" target=\"_blank\" rel=\"noopener\">\u017eem\u0117s \u016bkio pavar\u0173 d\u0117\u017e\u0117s<\/a>Mes eksportuojame savo gaminius klientams visame pasaulyje ir peln\u0117me ger\u0105 reputacij\u0105 d\u0117l auk\u0161\u010diausios gamini\u0173 kokyb\u0117s ir aptarnavimo po pardavimo. Mes laukiame klient\u0173 \u0161alyje ir u\u017esienyje, norin\u010di\u0173 susisiekti su mumis der\u0117tis d\u0117l verslo, keistis informacija ir... <a href=\"https:\/\/www.hydraulic-cylinders.net\/lt\/contact-us\/\">bendradarbiauti su mumis<\/a>!<\/p>","protected":false},"excerpt":{"rendered":"<p>Mining Dump Truck Rear Suspension Cylinder The mining dump truck rear suspension cylinder is a vital component specifically designed to optimize the stability and performance of mining dump trucks. With its robust construction and advanced features, this cylinder plays a crucial role in absorbing shocks, maintaining proper suspension, and enhancing the overall efficiency of heavy-duty [&hellip;]<\/p>","protected":false},"featured_media":1598,"comment_status":"open","ping_status":"closed","template":"","meta":{"_et_pb_use_builder":"","_et_pb_old_content":"","_et_gb_content_width":""},"product_brand":[],"product_cat":[1550,1517,1532,1376],"product_tag":[1380],"class_list":{"0":"post-1595","1":"product","2":"type-product","3":"status-publish","4":"has-post-thumbnail","6":"product_cat-double-acting-hydraulic-cylinder","7":"product_cat-dump-truck-hydraulic-cylinders","8":"product_cat-mining-dump-truck-hydraulic-cylinders","9":"product_cat-hydraulic-cylinder","10":"product_tag-hydraulic-cylinder","12":"first","13":"instock","14":"shipping-taxable","15":"product-type-simple"},"amp_enabled":true,"_links":{"self":[{"href":"https:\/\/www.hydraulic-cylinders.net\/lt\/wp-json\/wp\/v2\/product\/1595","targetHints":{"allow":["GET"]}}],"collection":[{"href":"https:\/\/www.hydraulic-cylinders.net\/lt\/wp-json\/wp\/v2\/product"}],"about":[{"href":"https:\/\/www.hydraulic-cylinders.net\/lt\/wp-json\/wp\/v2\/types\/product"}],"replies":[{"embeddable":true,"href":"https:\/\/www.hydraulic-cylinders.net\/lt\/wp-json\/wp\/v2\/comments?post=1595"}],"wp:featuredmedia":[{"embeddable":true,"href":"https:\/\/www.hydraulic-cylinders.net\/lt\/wp-json\/wp\/v2\/media\/1598"}],"wp:attachment":[{"href":"https:\/\/www.hydraulic-cylinders.net\/lt\/wp-json\/wp\/v2\/media?parent=1595"}],"wp:term":[{"taxonomy":"product_brand","embeddable":true,"href":"https:\/\/www.hydraulic-cylinders.net\/lt\/wp-json\/wp\/v2\/product_brand?post=1595"},{"taxonomy":"product_cat","embeddable":true,"href":"https:\/\/www.hydraulic-cylinders.net\/lt\/wp-json\/wp\/v2\/product_cat?post=1595"},{"taxonomy":"product_tag","embeddable":true,"href":"https:\/\/www.hydraulic-cylinders.net\/lt\/wp-json\/wp\/v2\/product_tag?post=1595"}],"curies":[{"name":"wp","href":"https:\/\/api.w.org\/{rel}","templated":true}]}}