{"id":15950,"date":"2025-01-19T15:12:27","date_gmt":"2025-01-19T15:12:27","guid":{"rendered":"https:\/\/www.hydraulic-cylinders.net\/product\/bucket-cylinder-for-bada-wys40\/"},"modified":"2025-01-19T15:12:29","modified_gmt":"2025-01-19T15:12:29","slug":"bucket-cylinder-for-bada-wys40","status":"publish","type":"product","link":"https:\/\/www.hydraulic-cylinders.net\/lt\/produktas\/bucket-cylinder-for-bada-wys40\/","title":{"rendered":"Kau\u0161o cilindras, skirtas \u201eBada WYS40\u201c"},"content":{"rendered":"<h1>Kau\u0161o cilindras, skirtas \u201eBada WYS40\u201c<\/h1>\n<h2>\u012evadas<\/h2>\n<p>Kau\u0161o cilindras yra specializuotas hidraulinis cilindras, skirtas valdyti kau\u0161o jud\u0117jim\u0105 sunkiosiose ma\u0161inose, tokiose kaip ekskavatoriai, ekskavatoriniai ekskavatoriai ir frontaliniai krautuvai. Pagrindin\u0117 jo funkcija \u2013 leisti kau\u0161ui pakilti, nuleisti ir pakreipti, kad b\u016bt\u0173 lengviau atlikti \u012fvairias med\u017eiag\u0173 tvarkymo u\u017eduotis. Hidraulin\u0117je sistemoje kau\u0161o cilindras naudoja hidraulin\u0117s alyvos sl\u0117gio poky\u010dius, kad tiksliai valdyt\u0173 kau\u0161\u0105, leisdamas operatoriams efektyviai valdyti sunkius krovinius ir prisitaikyti prie sud\u0117tingos darbo aplinkos bei \u012fvairi\u0173 darbo reikalavim\u0173.<\/p>\n<p><img decoding=\"async\" src=\"https:\/\/www.hydraulic-cylinders.net\/wp-content\/uploads\/2025\/01\/songte-company-2.webp\" alt=\"Kau\u0161o cilindro vaizdas\"><\/p>\n<h2>Savyb\u0117s<\/h2>\n<ul>\n<li>Didelis stiprumas ir ilgaam\u017ei\u0161kumas: Paprastai pagamintas i\u0161 didelio stiprumo plieno arba aliuminio, jis gali atlaikyti didel\u012f sl\u0117g\u012f ir dideles apkrovas, prisitaikyti prie at\u0161iauri\u0173 darbo s\u0105lyg\u0173 ir yra atsparus dilimui bei korozijai, kad prailgint\u0173 tarnavimo laik\u0105.<\/li>\n<li>Efektyvus hidraulinis veikimas: Naudodamas hidraulin\u0117s alyvos sl\u0117g\u012f skland\u017eiam pl\u0117timuisi ir susitraukimui, jis gali greitai reaguoti \u012f valdymo komandas, u\u017etikrinti galingas st\u016bmimo ir traukimo j\u0117gas ir tinka sunkiems kroviniams bei sud\u0117tingoms darbo u\u017eduotims valdyti.<\/li>\n<li>\u012evair\u016bs tipai: pagal poreikius ir skirtingus eksploatavimo reikalavimus galima pasirinkti vienpusio veikimo (hidraulinis, naudojamas tik viena kryptimi) arba dvipusio veikimo (hidraulinis, naudojamas abiem kryptimis) cilindrus. Kai kurie modeliai yra teleskopiniai, tod\u0117l juos galima labiau i\u0161tiesti nedidinant i\u0161orini\u0173 matmen\u0173, tod\u0117l jie tinka naudoti ribotoje erdv\u0117je.<\/li>\n<li>Gali b\u016bti naudojamas kaip kit\u0173 hidraulini\u0173 cilindr\u0173 pakaitalas.<\/li>\n<li>Lengva montuoti ir pri\u017ei\u016br\u0117ti.<\/li>\n<\/ul>\n<p><img decoding=\"async\" src=\"https:\/\/www.hydraulic-cylinders.net\/wp-content\/uploads\/2025\/01\/songte-cylinder-head-with-all-kinds-excavator-models.webp\" alt=\"Kau\u0161o cilindro vaizdas\"><\/p>\n<h2>Parai\u0161kos<\/h2>\n<p>Kau\u0161o cilindras pla\u010diai naudojamas \u012fvairiose sunkiosiose ma\u0161inose, \u012fskaitant:<\/p>\n<ul>\n<li>Statybin\u0117 \u012franga: ekskavatoriuose ji yra b\u016btina kasant, kraunant ir perkeliant grunt\u0105 ar \u0161iuk\u0161les. Ekskavatoriuose kau\u0161o cilindras padeda tiek kasant, tiek keliant. <\/li>\n<li>\u017dem\u0117s \u016bkio technika: naudojama priekiniuose krautuvuose dirvo\u017eemiui, \u0161ienui ir kitoms med\u017eiagoms kasti, kelti ir transportuoti. <\/li>\n<li>Ekskavatoriai: Kau\u0161\u0173 cilindrai atlieka kasimo veiksmus leisdami kau\u0161ams prasiskverbti \u012f dirv\u0105. <\/li>\n<li>Krautuvai: Priekiniuose krautuvuose jie padeda efektyviai pakelti ir i\u0161krauti prekes.<\/li>\n<\/ul>\n<p>Kiekvienas cilindro panaudojimas i\u0161samiai apra\u0161ytas toliau:<\/p>\n<h3>Statybin\u0117 \u012franga<\/h3>\n<p>Kau\u0161\u0173 cilindrai atlieka labai svarb\u0173 vaidmen\u012f ekskavatoriuose, nes jie atsakingi u\u017e kasim\u0105, i\u0161kasim\u0105 ir grunto bei \u0161iuk\u0161li\u0173 perk\u0117lim\u0105. Jie leid\u017eia ekskavatoriams efektyviai atlikti savo darb\u0105 ir susidoroti su net sud\u0117tingiausiais kasin\u0117jimais. Ekskavatoriniai ekskavatoriai taip pat naudoja kau\u0161\u0173 cilindrus, kad pad\u0117t\u0173 atlikti kasimo ir k\u0117limo darbus. \u0160iose ma\u0161inose cilindras atlieka svarb\u0173 vaidmen\u012f kontroliuojant kau\u0161o jud\u0117jim\u0105 ir pad\u0117t\u012f, leid\u017eiant operatoriams pasiekti tikslius rezultatus.<\/p>\n<h3>\u017dem\u0117s \u016bkio technika<\/h3>\n<p>Kau\u0161o cilindrai naudojami priekiniuose krautuvuose dirvo\u017eemiui, \u0161ienui ir kitoms med\u017eiagoms semti, kelti ir transportuoti. Cilindras leid\u017eia krautuvui atlikti \u0161ias u\u017eduotis efektyviai ir labai tiksliai. Valdydamas kau\u0161o pad\u0117t\u012f ir jud\u0117jim\u0105, cilindras leid\u017eia krautuvui pakelti ir transportuoti net sunkiausius krovinius.<\/p>\n<h3>Ekskavatoriai<\/h3>\n<p>Ekskavatoriuose kau\u0161o cilindras leid\u017eia kau\u0161ui \u012fsiskverbti \u012f dirv\u0105 ir atlikti kasimo veiksmus. Cilindras valdo kau\u0161o jud\u0117jim\u0105 ir pad\u0117t\u012f, leisdamas operatoriams pasiekti tiksli\u0173 rezultat\u0173. Ekskavatoriai naudojami \u012fvairiose srityse, \u012fskaitant kasyb\u0105, statyb\u0105 ir griovim\u0105.<\/p>\n<h3>Krautuvai<\/h3>\n<p>Priekiniai krautuvai naudoja kau\u0161o cilindrus, kad pad\u0117t\u0173 efektyviai pakelti ir i\u0161versti prekes. Cilindras, valdydamas kau\u0161o jud\u0117jim\u0105 ir pad\u0117t\u012f, leid\u017eia krautuvui lengvai valdyti sunkius krovinius. Krautuvai naudojami \u012fvairiose srityse, \u012fskaitant \u017eem\u0117s \u016bk\u012f, statybas ir kasyb\u0105.<\/p>\n<h2>Projektavimo aspektai ir atrankos kriterijai<\/h2>\n<p>Projektuojant kau\u0161inius cilindrus, reikia atsi\u017evelgti \u012f tokius veiksnius kaip keliamoji galia, sandarumas, ilgaam\u017ei\u0161kumas, saugumas ir prie\u017ei\u016bra. Toliau pateikiami projektavimo aspektai:<\/p>\n<ul>\n<li>Apkrova: Cilindro konstrukcija turi b\u016bti pritaikyta maksimaliai apkrovai, kuri jam bus taikoma.<\/li>\n<li>Sandarinimas: Siekiant i\u0161vengti hidraulinio skys\u010dio nuot\u0117kio ir u\u017etikrinti skland\u0173 veikim\u0105, reikia naudoti auk\u0161tos kokyb\u0117s sandarinimo med\u017eiagas.<\/li>\n<li>Patvarumas: Cilindras turi b\u016bti suprojektuotas taip, kad atlaikyt\u0173 at\u0161iaurias darbo s\u0105lygas ir suma\u017eint\u0173 nusid\u0117v\u0117jim\u0105.<\/li>\n<li>Sauga: Cilindras turi b\u016bti suprojektuotas taip, kad b\u016bt\u0173 u\u017etikrintas operatoriaus saugumas ir i\u0161vengta nelaiming\u0173 atsitikim\u0173.<\/li>\n<li>Prie\u017ei\u016bra: Balion\u0105 tur\u0117t\u0173 b\u016bti lengva pri\u017ei\u016br\u0117ti, jis tur\u0117t\u0173 b\u016bti su kei\u010diamomis dalimis ir ai\u0161kiomis prie\u017ei\u016bros proced\u016br\u0173 instrukcijomis.<\/li>\n<\/ul>\n<p><img decoding=\"async\" src=\"https:\/\/www.hydraulic-cylinders.net\/wp-content\/uploads\/2025\/01\/songte-oil-pipes-and-spare-parts.webp\" alt=\"Kau\u0161o cilindro vaizdas\"><\/p>\n<h2>Sandarinimas ir tepimas<\/h2>\n<p>Various seals, such as piston seals and rod seals, should be used to ensure the cylinder&#8217;s sealing. The seals should be made of wear-resistant materials such as polyurethane and nitrile rubber to ensure a long service life. The cylinder should be designed with a finely processed cylinder body and thread end surface to improve wear resistance. Regular lubrication with hydraulic oil is necessary to ensure smooth operation and extend the cylinder&#8217;s life.<\/p>\n<h2>Prie\u017ei\u016bra ir remontas<\/h2>\n<p>Regular maintenance and repair are required to ensure the cylinder&#8217;s proper functioning and extend its lifespan. Common maintenance tasks include regular inspection, appropriate lubrication, seal replacement, and calibration checks. Proper installation, lubrication, and adjustment are essential to ensure the cylinder&#8217;s correct functioning. It is recommended to use appropriate installation brackets to secure the cylinder. Recommended inspection, repair, and replacement procedures should be followed, and rebuild services should be used, if necessary, to improve the cylinder&#8217;s lifespan.<\/p>\n<p><img decoding=\"async\" src=\"https:\/\/www.hydraulic-cylinders.net\/wp-content\/uploads\/2025\/01\/songte-chushion-collar.webp\" alt=\"Kau\u0161o cilindro vaizdas\"><\/p>\n<h2>Saugos ir aplinkosaugos aspektai<\/h2>\n<p>When using the bucket cylinder, safety measures should be taken to prevent accidents. It is essential to follow the manufacturer&#8217;s instructions and ensure that the cylinder is installed correctly, maintained regularly, and inspected frequently. Handling the cylinder with care and wearing protective gear can help prevent accidents. Environmental factors should also be considered when using the cylinder. Proper disposal of hydraulic oil and other hazardous materials is necessary to minimize the impact on the environment.<\/p>\n<h2>Gedim\u0173 diagnostika ir trik\u010di\u0173 \u0161alinimas<\/h2>\n<p>Da\u017enos kau\u0161o cilindro problemos yra nuot\u0117kis, l\u0117tas arba nereaguojantis jud\u0117jimas ir ne\u012fprastas triuk\u0161mas. Norint diagnozuoti ir pa\u0161alinti \u0161ias problemas, b\u016btina reguliariai tikrinti cilindr\u0105 ir naudoti tinkamus \u012frankius problemai nustatyti. Reguliarus techninis aptarnavimas ir remontas gali pad\u0117ti i\u0161vengti \u0161i\u0173 problem\u0173.<\/p>\n<h2>\u012emon\u0117s pristatymas<\/h2>\n<p>Esame pakaitini\u0173 hidraulini\u0173 cilindr\u0173 gamintojas, si\u016blantis plat\u0173 produkt\u0173 ir paslaug\u0173 asortiment\u0105, kad patenkint\u0173 \u012fvairius m\u016bs\u0173 klient\u0173 poreikius. Orientuodamiesi \u012f puiki\u0105 kokyb\u0119, mes remiam\u0117s moderniomis gamybos dirbtuv\u0117mis ir industrializuotomis gamybos valdymo strategijomis, kad nuolat tobulintume savo gamybos platform\u0105 ir tobulintume savo gamini\u0173 kokyb\u0117s gamybos linij\u0105. Turime stipr\u0173 geb\u0117jim\u0105 kurti didelio efektyvumo, didelio tikslumo ir auk\u0161tos kokyb\u0117s produktus, tenkinan\u010dius \u012fvairius m\u016bs\u0173 klient\u0173 poreikius.<\/p>\n<p>M\u016bs\u0173 \u012fmonei b\u016bdingos \u0161ios savyb\u0117s:<\/p>\n<ul>\n<li>Profesionalumas: Turime auk\u0161tos kvalifikacijos specialist\u0173 komand\u0105, kuri yra hidraulini\u0173 cilindr\u0173 projektavimo ir gamybos ekspertai.<\/li>\n<li>Tarptautinis sertifikatas: M\u016bs\u0173 gaminiai yra sertifikuoti \u012fvairi\u0173 tarptautini\u0173 organizacij\u0173, u\u017etikrinan\u010di\u0173 j\u0173 kokyb\u0119 ir saug\u0105.<\/li>\n<li>Individualaus pritaikymo paslaugos: teikiame individualiai pritaikytas paslaugas, kad patenkintume konkre\u010dius klient\u0173 poreikius.<\/li>\n<li>Gamybos \u012franga: Turime pa\u017eangi\u0105 gamybos \u012frang\u0105 ir bandym\u0173 sistemas, kad u\u017etikrintume savo gamini\u0173 kokyb\u0119.<\/li>\n<li>Aptarnavimas po pardavimo: teikiame i\u0161samias paslaugas po pardavimo, \u012fskaitant technin\u0119 prie\u017ei\u016br\u0105, remont\u0105 ir pakeitim\u0105.<\/li>\n<\/ul>\n<p><img decoding=\"async\" src=\"https:\/\/hzpt.com\/wp-content\/uploads\/2024\/11\/songte-company-1.webp\" alt=\"Kau\u0161o cilindro vaizdas\"><\/p>\n<p>Esame \u012fsipareigoj\u0119 savo klientams teikti geriausius produktus ir paslaugas, nuolat stengiam\u0117s tobulinti savo gamybos paj\u0117gumus ir gamini\u0173 kokyb\u0119. M\u016bs\u0173 tikslas \u2013 tapti pirmaujan\u010diu hidraulini\u0173 cilindr\u0173 gamintoju ir didmenininku vidaus ir tarptautin\u0117se rinkose.<\/p>\n<p><em>Autorius: lyl<\/em><\/p>","protected":false},"excerpt":{"rendered":"<p>Bucket Cylinder For Bada WYS40 Introduction The bucket cylinder is a specialized hydraulic cylinder designed for controlling the movement of the bucket in heavy machinery such as excavators, backhoe excavators, and front-end loaders. Its primary function is to enable the bucket to lift, lower, and tilt, making it easier to handle various material handling tasks. [&hellip;]<\/p>","protected":false},"featured_media":14776,"comment_status":"open","ping_status":"closed","template":"","meta":{"_et_pb_use_builder":"","_et_pb_old_content":"","_et_gb_content_width":""},"product_brand":[],"product_cat":[1494],"product_tag":[1495,1496],"class_list":{"0":"post-15950","1":"product","2":"type-product","3":"status-publish","4":"has-post-thumbnail","6":"product_cat-bucket-cylinders","7":"product_tag-bucket-cylinders","8":"product_tag-hydraulic-cylinders","10":"first","11":"instock","12":"shipping-taxable","13":"product-type-simple"},"amp_enabled":true,"_links":{"self":[{"href":"https:\/\/www.hydraulic-cylinders.net\/lt\/wp-json\/wp\/v2\/product\/15950","targetHints":{"allow":["GET"]}}],"collection":[{"href":"https:\/\/www.hydraulic-cylinders.net\/lt\/wp-json\/wp\/v2\/product"}],"about":[{"href":"https:\/\/www.hydraulic-cylinders.net\/lt\/wp-json\/wp\/v2\/types\/product"}],"replies":[{"embeddable":true,"href":"https:\/\/www.hydraulic-cylinders.net\/lt\/wp-json\/wp\/v2\/comments?post=15950"}],"wp:featuredmedia":[{"embeddable":true,"href":"https:\/\/www.hydraulic-cylinders.net\/lt\/wp-json\/wp\/v2\/media\/14776"}],"wp:attachment":[{"href":"https:\/\/www.hydraulic-cylinders.net\/lt\/wp-json\/wp\/v2\/media?parent=15950"}],"wp:term":[{"taxonomy":"product_brand","embeddable":true,"href":"https:\/\/www.hydraulic-cylinders.net\/lt\/wp-json\/wp\/v2\/product_brand?post=15950"},{"taxonomy":"product_cat","embeddable":true,"href":"https:\/\/www.hydraulic-cylinders.net\/lt\/wp-json\/wp\/v2\/product_cat?post=15950"},{"taxonomy":"product_tag","embeddable":true,"href":"https:\/\/www.hydraulic-cylinders.net\/lt\/wp-json\/wp\/v2\/product_tag?post=15950"}],"curies":[{"name":"wp","href":"https:\/\/api.w.org\/{rel}","templated":true}]}}