{"id":15951,"date":"2025-01-19T15:12:31","date_gmt":"2025-01-19T15:12:31","guid":{"rendered":"https:\/\/www.hydraulic-cylinders.net\/product\/bucket-cylinder-for-baoding-wy65-6\/"},"modified":"2025-01-19T15:12:33","modified_gmt":"2025-01-19T15:12:33","slug":"bucket-cylinder-for-baoding-wy65-6","status":"publish","type":"product","link":"https:\/\/www.hydraulic-cylinders.net\/lt\/produktas\/bucket-cylinder-for-baoding-wy65-6\/","title":{"rendered":"Kau\u0161o cilindras Baodingo WY65-6"},"content":{"rendered":"<h1>Kau\u0161o cilindras Baodingo WY65-6<\/h1>\n<h2>\u012evadas<\/h2>\n<p>\u201eBaoding WY65-6\u201c kau\u0161o cilindras yra hidraulinio cilindro tipas, specialiai sukurtas valdyti kau\u0161o jud\u0117jim\u0105 sunkiosiose ma\u0161inose, tokiose kaip ekskavatoriai, ekskavatoriniai ekskavatoriai ir frontaliniai krautuvai. Jo pagrindin\u0117 funkcija \u2013 leisti kau\u0161ui pakilti, nuleisti ir pakreipti, kad b\u016bt\u0173 lengviau atlikti \u012fvairias med\u017eiag\u0173 tvarkymo u\u017eduotis. Hidraulin\u0117je sistemoje kau\u0161o cilindras naudoja hidraulin\u0117s alyvos sl\u0117gio poky\u010dius, kad tiksliai valdyt\u0173 kau\u0161\u0105, o tai leid\u017eia operatoriui efektyviai valdyti sunkius krovinius, prisitaikyti prie sud\u0117tingos darbo aplinkos ir \u012fvairi\u0173 darbo reikalavim\u0173.<\/p>\n<p><img decoding=\"async\" src=\"https:\/\/www.hydraulic-cylinders.net\/wp-content\/uploads\/2025\/01\/songte-company-2.webp\" alt=\"kau\u0161o cilindras Baoding WY65-6\"><\/p>\n<h2>Savyb\u0117s<\/h2>\n<ul>\n<li>Didelis stiprumas ir ilgaam\u017ei\u0161kumas: paprastai pagaminti i\u0161 didelio stiprumo plieno arba aliuminio, galintys atlaikyti didel\u012f sl\u0117g\u012f ir dideles apkrovas, prisitaikyti prie at\u0161iauri\u0173 darbo s\u0105lyg\u0173 ir sukurti taip, kad b\u016bt\u0173 patvar\u016bs ir atspar\u016bs korozijai, siekiant prailginti tarnavimo laik\u0105.<\/li>\n<li>Efektyvus hidraulinis veikimas: cilindras, naudodamas hidraulin\u0117s alyvos sl\u0117g\u012f sklandiems i\u0161sipl\u0117timo ir susitraukimo judesiams pasiekti, gali greitai reaguoti \u012f valdymo komandas, u\u017etikrinti stipri\u0105 st\u016bmimo ir traukimo j\u0117g\u0105 ir tinka sunkiems kroviniams bei sud\u0117tingoms darbo u\u017eduotims atlikti.<\/li>\n<li>\u012evair\u016bs tipai: vienpusio veikimo (hidrauliniai naudojami tik viena kryptimi) arba dvipusio veikimo (hidrauliniai naudojami abiem kryptimis) cilindrai gali b\u016bti parenkami pagal poreikius, kad atitikt\u0173 skirtingus eksploatacinius reikalavimus. Kai kurie modeliai yra teleskopiniai, tod\u0117l juos galima labiau i\u0161tiesti nedidinant i\u0161orinio dyd\u017eio, tod\u0117l jie tinka naudoti ribotoje erdv\u0117je.<\/li>\n<li>Lengva montuoti: M\u016bs\u0173 kau\u0161o cilindras gali lengvai pakeisti kitus hidraulinius cilindrus. Mes si\u016blome plat\u0173 cilindr\u0173 galvu\u010di\u0173 asortiment\u0105, kuris suderinamas su \u012fvairiais ekskavatori\u0173 modeliais.<\/li>\n<\/ul>\n<p><img decoding=\"async\" src=\"https:\/\/www.hydraulic-cylinders.net\/wp-content\/uploads\/2025\/01\/songte-cylinder-head-with-all-kinds-excavator-models.webp\" alt=\"kau\u0161o cilindras Baoding WY65-6\"><\/p>\n<h2>Parai\u0161kos<\/h2>\n<p>Kau\u0161o cilindras pla\u010diai naudojamas \u012fvairiose sunkiosiose ma\u0161inose, tokiose kaip:<\/p>\n<ul>\n<li>Statybin\u0117 \u012franga: ekskavatoriai, ekskavatoriai ir frontaliniai krautuvai yra b\u016btini gruntui ar \u0161iuk\u0161l\u0117ms kasti, krauti ir perkelti.<\/li>\n<li>\u017dem\u0117s \u016bkio technika: naudojama priekiniuose krautuvuose dirvo\u017eemiui, \u0161ienui ir kitoms med\u017eiagoms kasti, kelti ir transportuoti.<\/li>\n<li>Ekskavatoriai: kau\u0161o cilindras leid\u017eia kau\u0161ui prasiskverbti \u012f dirv\u0105, kad b\u016bt\u0173 galima atlikti kasimo darbus.<\/li>\n<li>Krautuvas: priekiniuose krautuvuose jie padeda efektyviai pakelti ir pakreipti krovinius.<\/li>\n<\/ul>\n<h2>Projektavimo aspektai ir atrankos kriterijai<\/h2>\n<ul>\n<li>Keliamoji galia: Cilindras turi atlaikyti krovinio svor\u012f ir veikimo metu susidaran\u010dias j\u0117gas.<\/li>\n<li>Sandarinimas: Cilindras turi b\u016bti sandariai u\u017esandarintas, kad b\u016bt\u0173 i\u0161vengta alyvos nuot\u0117kio ir u\u017etikrintas tinkamas hidraulin\u0117s sistemos veikimas.<\/li>\n<li>Patvarumas: Cilindras turi atlaikyti at\u0161iaurias darbo s\u0105lygas ir auk\u0161t\u0105 sl\u0117g\u012f, kad b\u016bt\u0173 u\u017etikrintas ilgas tarnavimo laikas.<\/li>\n<li>Sauga: Cilindras turi b\u016bti suprojektuotas atsi\u017evelgiant \u012f saugum\u0105, kad b\u016bt\u0173 i\u0161vengta nelaiming\u0173 atsitikim\u0173 eksploatacijos metu.<\/li>\n<li>Prie\u017ei\u016bra: Cilindr\u0105 turi b\u016bti lengva pri\u017ei\u016br\u0117ti ir remontuoti, kad b\u016bt\u0173 suma\u017eintas prastovos laikas ir suma\u017eintos i\u0161laidos.<\/li>\n<\/ul>\n<p><img decoding=\"async\" src=\"https:\/\/www.hydraulic-cylinders.net\/wp-content\/uploads\/2025\/01\/songte-oil-pipes-and-spare-parts.webp\" alt=\"kau\u0161o cilindras Baoding WY65-6\"><\/p>\n<h2>Sandarinimas ir tepimas<\/h2>\n<p>M\u016bs\u0173 kau\u0161o cilindre naudojami \u012fvair\u016bs sandarinimo komponentai, tokie kaip st\u016bmokli\u0173 sandarikliai, stryp\u0173 sandarikliai ir kt., pagaminti i\u0161 atspari\u0173 dilimui med\u017eiag\u0173, toki\u0173 kaip poliuretanas ir nitrilo kau\u010diukas. Cilindro korpusas ir sriegio galo pavir\u0161ius yra kruop\u0161\u010diai apdirbti, siekiant pagerinti atsparum\u0105 dilimui. Reguliariai pildami hidraulin\u0119 alyv\u0105 cilindrui sutepti, galima pailginti jo tarnavimo laik\u0105.<\/p>\n<h2>Prie\u017ei\u016bra ir remontas<\/h2>\n<p>Reguliarus hidraulini\u0173 cilindr\u0173 patikrinimas, tepimas, sandarikli\u0173 keitimas ir kalibravimas yra \u012fprastos hidraulini\u0173 cilindr\u0173 prie\u017ei\u016bros u\u017eduotys. Tinkamas montavimas, tepimas ir reguliavimas yra b\u016btini kau\u0161o cilindro ilgaam\u017ei\u0161kumui. Rekomenduojame cilindrui pritvirtinti naudoti tinkamus montavimo laikiklius.<\/p>\n<p><img decoding=\"async\" src=\"https:\/\/www.hydraulic-cylinders.net\/wp-content\/uploads\/2025\/01\/songte-chushion-collar.webp\" alt=\"kau\u0161o cilindras Baoding WY65-6\"><\/p>\n<h2>Saugos aspektai ir aplinkos veiksniai<\/h2>\n<p>Tinkamos saugos priemon\u0117s b\u016btinos eksploatuojant sunki\u0105j\u0105 technik\u0105, toki\u0105 kaip ekskavatoriai, ekskavatoriai-ekskavatoriai ir frontaliniai krautuvai. Reguliarus techninis aptarnavimas ir ap\u017ei\u016bra gali suma\u017einti nelaiming\u0173 atsitikim\u0173 rizik\u0105. Be to, labai svarbu saugiai utilizuoti panaudot\u0105 hidraulin\u0119 alyv\u0105, kad b\u016bt\u0173 i\u0161vengta \u017ealos aplinkai.<\/p>\n<h2>Trik\u010di\u0173 \u0161alinimas ir da\u017eniausios problemos<\/h2>\n<p>Da\u017enos hidraulini\u0173 cilindr\u0173 problemos yra alyvos nuot\u0117kis, ma\u017eas efektyvumas ir gedimai. Trik\u010di\u0173 \u0161alinimas apima problemos prie\u017easties nustatym\u0105 ir tinkamo sprendimo taikym\u0105. Reguliarus patikrinimas ir prie\u017ei\u016bra gali suma\u017einti problem\u0173 atsiradimo rizik\u0105.<\/p>\n<p><img decoding=\"async\" src=\"https:\/\/www.hydraulic-cylinders.net\/wp-content\/uploads\/2025\/01\/songte-bushings-with-all-kinds-of-excavator-models.webp\" alt=\"kau\u0161o cilindras Baoding WY65-6\"><\/p>\n<h2>Apie mus<\/h2>\n<p>Esame pirmaujantis hidraulini\u0173 cilindr\u0173 gamintojas ir didmeninis platintojas vidaus ir tarptautin\u0117je rinkoje. M\u016bs\u0173 gaminiai yra puikios kokyb\u0117s, o mes laikom\u0117s pramonin\u0117s gamybos valdymo strategijos, naudodami auk\u0161\u010diausios klas\u0117s skaitmenin\u0119 gamybos \u012frang\u0105 ir profesionalias bandym\u0173 sistemas. M\u016bs\u0173 misija \u2013 tiekti efektyvius, tikslius ir auk\u0161tos kokyb\u0117s gaminius, atitinkan\u010dius \u012fvairius m\u016bs\u0173 klient\u0173 poreikius.<\/p>\n<p>M\u016bs\u0173 \u012fmon\u0117 si\u016blo profesionalias paslaugas, tarptautinius sertifikatus, individualiai pritaikytas paslaugas, moderniausi\u0105 gamybos \u012frang\u0105 ir garantin\u012f aptarnavim\u0105. Esame \u012fsipareigoj\u0119 savo klientams teikti geriausius produktus ir paslaugas.<\/p>\n<p><img decoding=\"async\" src=\"https:\/\/hzpt.com\/wp-content\/uploads\/2024\/11\/songte-company-1.webp\" alt=\"kau\u0161o cilindras Baoding WY65-6\"><\/p>\n<p>Autorius: lyl<\/p>","protected":false},"excerpt":{"rendered":"<p>Bucket Cylinder For Baoding WY65-6 Introduction The bucket cylinder for Baoding WY65-6 is a type of hydraulic cylinder designed specifically to control the movement of the bucket in heavy machinery such as excavators, backhoe excavators, and front loaders. Its main function is to enable the bucket to lift, lower, and tilt, making it easier to [&hellip;]<\/p>","protected":false},"featured_media":14773,"comment_status":"open","ping_status":"closed","template":"","meta":{"_et_pb_use_builder":"","_et_pb_old_content":"","_et_gb_content_width":""},"product_brand":[],"product_cat":[1494],"product_tag":[1495,1496],"class_list":{"0":"post-15951","1":"product","2":"type-product","3":"status-publish","4":"has-post-thumbnail","6":"product_cat-bucket-cylinders","7":"product_tag-bucket-cylinders","8":"product_tag-hydraulic-cylinders","10":"first","11":"instock","12":"shipping-taxable","13":"product-type-simple"},"amp_enabled":true,"_links":{"self":[{"href":"https:\/\/www.hydraulic-cylinders.net\/lt\/wp-json\/wp\/v2\/product\/15951","targetHints":{"allow":["GET"]}}],"collection":[{"href":"https:\/\/www.hydraulic-cylinders.net\/lt\/wp-json\/wp\/v2\/product"}],"about":[{"href":"https:\/\/www.hydraulic-cylinders.net\/lt\/wp-json\/wp\/v2\/types\/product"}],"replies":[{"embeddable":true,"href":"https:\/\/www.hydraulic-cylinders.net\/lt\/wp-json\/wp\/v2\/comments?post=15951"}],"wp:featuredmedia":[{"embeddable":true,"href":"https:\/\/www.hydraulic-cylinders.net\/lt\/wp-json\/wp\/v2\/media\/14773"}],"wp:attachment":[{"href":"https:\/\/www.hydraulic-cylinders.net\/lt\/wp-json\/wp\/v2\/media?parent=15951"}],"wp:term":[{"taxonomy":"product_brand","embeddable":true,"href":"https:\/\/www.hydraulic-cylinders.net\/lt\/wp-json\/wp\/v2\/product_brand?post=15951"},{"taxonomy":"product_cat","embeddable":true,"href":"https:\/\/www.hydraulic-cylinders.net\/lt\/wp-json\/wp\/v2\/product_cat?post=15951"},{"taxonomy":"product_tag","embeddable":true,"href":"https:\/\/www.hydraulic-cylinders.net\/lt\/wp-json\/wp\/v2\/product_tag?post=15951"}],"curies":[{"name":"wp","href":"https:\/\/api.w.org\/{rel}","templated":true}]}}