{"id":15956,"date":"2025-01-19T15:12:51","date_gmt":"2025-01-19T15:12:51","guid":{"rendered":"https:\/\/www.hydraulic-cylinders.net\/product\/bucket-cylinder-for-baoding-wy90-7\/"},"modified":"2025-01-19T15:12:53","modified_gmt":"2025-01-19T15:12:53","slug":"bucket-cylinder-for-baoding-wy90-7","status":"publish","type":"product","link":"https:\/\/www.hydraulic-cylinders.net\/lt\/produktas\/bucket-cylinder-for-baoding-wy90-7\/","title":{"rendered":"Kau\u0161o cilindras Baodingo WY90-7"},"content":{"rendered":"<h1>Kau\u0161o cilindras Baodingo WY90-7<\/h1>\n<h2>Produkto apibr\u0117\u017eimas<\/h2>\n<p>\u201eBaoding WY90-7\u201c kau\u0161o cilindras yra specializuotas hidraulinis cilindras, skirtas pirmiausia valdyti kastuv\u0173 jud\u0117jim\u0105 sunkiosiose ma\u0161inose, tokiose kaip ekskavatoriai, ekskavatoriniai krautuvai ir frontaliniai krautuvai. Pagrindin\u0117 jo funkcija \u2013 leisti kastuvui pakilti, nuleisti ir pakreipti, taip palengvinant \u012fvairi\u0173 med\u017eiag\u0173 tvarkymo u\u017eduo\u010di\u0173 atlikim\u0105. Hidraulin\u0117je sistemoje kau\u0161o cilindras naudoja hidraulin\u0117s alyvos sl\u0117gio poky\u010dius, kad tiksliai valdyt\u0173 kastuv\u0105, o tai leid\u017eia operatoriams efektyviai valdyti sunkius krovinius ir prisitaikyti prie sud\u0117tingos darbo aplinkos bei \u012fvairi\u0173 darbo reikalavim\u0173.<\/p>\n<p><img decoding=\"async\" src=\"https:\/\/www.hydraulic-cylinders.net\/wp-content\/uploads\/2025\/01\/songte-company-2.webp\" alt=\"kau\u0161o cilindras Baoding WY90-7\" \/><\/p>\n<h2>Produkto savyb\u0117s<\/h2>\n<ul>\n<li>Didelis stiprumas ir ilgaam\u017ei\u0161kumas: Paprastai pagamintas i\u0161 didelio stiprumo plieno arba aliuminio, jis gali atlaikyti auk\u0161t\u0105 sl\u0117g\u012f ir dideles apkrovas, prisitaikyti prie at\u0161iauri\u0173 darbo s\u0105lyg\u0173 ir yra atsparus dilimui bei korozijai, prailgindamas tarnavimo laik\u0105.<\/li>\n<li>Efektyvus hidraulinis veikimas: Sklandus i\u0161pl\u0117timas ir \u012ftraukimas pasiekiamas naudojant hidraulin\u0117s alyvos sl\u0117g\u012f, kuris greitai reaguoja \u012f valdymo komandas ir u\u017etikrina galingas st\u016bmimo bei traukimo j\u0117gas, tinkamas sunkiems kroviniams ir sud\u0117tingoms u\u017eduotims atlikti.<\/li>\n<li>\u012evair\u016bs tipai: pagal reikalavimus, kad b\u016bt\u0173 patenkinti skirtingi eksploatavimo poreikiai, galima pasirinkti vienpusio veikimo (hidraulinis mechanizmas naudojamas tik viena kryptimi) arba dvipusio veikimo (hidraulinis mechanizmas naudojamas abiem kryptimis) cilindrus. Kai kurie modeliai yra teleskopiniai, tod\u0117l juos galima labiau i\u0161tiesti nedidinant i\u0161orini\u0173 matmen\u0173, tod\u0117l jie tinka naudoti ribotoje erdv\u0117je.<\/li>\n<li>Suderinamas su \u012fvairiomis ma\u0161inomis: m\u016bs\u0173 gaminys gali puikiai pakeisti \u0161iuos hidraulinius cilindrus.<\/li>\n<\/ul>\n<p><img decoding=\"async\" src=\"https:\/\/www.hydraulic-cylinders.net\/wp-content\/uploads\/2025\/01\/songte-cylinder-head-with-all-kinds-excavator-models.webp\" alt=\"Suderinamas hidraulinis cilindras \u012fvairioms ma\u0161inoms\" \/><\/p>\n<h2>Parai\u0161kos<\/h2>\n<p>\u201eBaoding WY90-7\u201c kau\u0161o cilindras gali b\u016bti naudojamas \u012fvairiose sunkiosiose ma\u0161inose, \u012fskaitant:<\/p>\n<ul>\n<li>Statybin\u0117 \u012franga: ji b\u016btina ekskavatoriams, nes jie kasa, krauna ir perkelia grunt\u0105 ar \u0161iuk\u0161les. Ekskavatoriuose krautuvuose kastuvo cilindras padeda atlikti kasimo ir k\u0117limo darbus. <\/li>\n<li>\u017dem\u0117s \u016bkio technika: naudojama priekiniuose krautuvuose dirvo\u017eemiui, \u0161ienui ir kitoms med\u017eiagoms kasti, kelti ir transportuoti. <\/li>\n<li>Ekskavatoriai: Kau\u0161o cilindras leid\u017eia kasti, nes kastuvas gali \u012fsiskverbti \u012f dirv\u0105.<\/li>\n<li>Krautuvas: Priekiniuose krautuvuose jie padeda efektyviai pakelti ir pakreipti krovin\u012f.<\/li>\n<\/ul>\n<h2>Projektavimo aspektai ir atrankos kriterijai<\/h2>\n<p>Projektuojant \u201eBaoding WY90-7\u201c kau\u0161o cilindr\u0105, buvo atsi\u017evelgta \u012f kelis veiksnius, \u012fskaitant:<\/p>\n<h3>Guoli\u0173 talpa<\/h3>\n<p>Cilindras pagamintas i\u0161 itin stipri\u0173 med\u017eiag\u0173, kurios gali atlaikyti did\u017eiules apkrovas ir atlaikyti sunkiasvori\u0173 ma\u0161in\u0173 darb\u0105.<\/p>\n<h3>Sandarinimas<\/h3>\n<p>Cilindre naudojami \u012fvair\u016bs sandarikliai, tokie kaip st\u016bmoklio sandarikliai, strypo sandarikliai ir valytuvo sandarikliai, pagaminti i\u0161 poliuretano, nitrilo kau\u010diuko ir kt., kad b\u016bt\u0173 atsparus nusid\u0117v\u0117jimui ir hidraulinio skys\u010dio nuot\u0117kiui.<\/p>\n<h3>Patvarumas<\/h3>\n<p>Cilindras suprojektuotas taip, kad b\u016bt\u0173 patvarus ir atsparus korozijai, o cilindro galiniai pavir\u0161iai ir srieginiai galai yra kruop\u0161\u010diai apdirbti, siekiant pagerinti atsparum\u0105 dilimui.<\/p>\n<h3>Saugumas<\/h3>\n<p>Kau\u0161o cilindras yra suprojektuotas taip, kad b\u016bt\u0173 saugus ir, tinkamai naudojamas, nesukels jokios \u017ealos ar su\u017ealojim\u0173. Jame \u012frengti saugos mechanizmai, skirti i\u0161vengti nelaiming\u0173 atsitikim\u0173, pavyzd\u017eiui, apsauginiai vo\u017etuvai, kurie neleid\u017eia cilindrui sprogti ar sugri\u016bti, kai sugenda hidraulin\u0117 sistema.<\/p>\n<h3>Prie\u017ei\u016bra<\/h3>\n<p>Kau\u0161o cilindrui reikalinga reguliari prie\u017ei\u016bra, \u012fskaitant valym\u0105, ap\u017ei\u016br\u0105 ir tepim\u0105. Rekomenduojama, kad naudotojai periodi\u0161kai keist\u0173 susid\u0117v\u0117jusius sandariklius ir kitus komponentus bei papildyt\u0173 hidraulin\u0117s alyvos, kad cilindras veikt\u0173 tinkamai.<\/p>\n<p><img decoding=\"async\" src=\"https:\/\/www.hydraulic-cylinders.net\/wp-content\/uploads\/2025\/01\/songte-oil-pipes-and-spare-parts.webp\" alt=\"kau\u0161o cilindro atsargin\u0117s dalys\" \/><\/p>\n<h2>Sandarinimas ir tepimas<\/h2>\n<p>Kau\u0161o cilindre naudojami \u012fvair\u016bs sandarikliai, tokie kaip st\u016bmoklio sandarikliai, strypo sandarikliai ir valytuvo sandarikliai, pagaminti i\u0161 poliuretano, nitrilo kau\u010diuko ir kt., kad b\u016bt\u0173 atspar\u016bs nusid\u0117v\u0117jimui ir i\u0161vengta hidraulinio skys\u010dio nuot\u0117kio. J\u012f reikia reguliariai tepti hidraulin\u0117s alyvos pavidalu, kad b\u016bt\u0173 u\u017etikrintas sklandus veikimas ir i\u0161vengta nusid\u0117v\u0117jimo. Cilindro galiniai pavir\u0161iai ir srieginiai galai yra kruop\u0161\u010diai apdirbti, siekiant pagerinti atsparum\u0105 dilimui, ta\u010diau juos vis tiek reikia reguliariai tepti.<\/p>\n<h2>Prie\u017ei\u016bra ir remontas<\/h2>\n<p>Reguliarus kau\u0161o cilindro techninis aptarnavimas ir remontas yra b\u016btini norint u\u017etikrinti tinkam\u0105 jo veikim\u0105 ir ilg\u0105 tarnavimo laik\u0105. Technin\u0117s prie\u017ei\u016bros darbai apima valym\u0105, ap\u017ei\u016br\u0105 ir tepim\u0105. Remonto darbai apima susid\u0117v\u0117jusi\u0173 sandarikli\u0173 ir kit\u0173 komponent\u0173 keitim\u0105 ir, jei reikia, cilindro atnaujinim\u0105. Toliau pateikiami keli patarimai, kaip tinkamai pri\u017ei\u016br\u0117ti ir remontuoti:<\/p>\n<ul>\n<li>Reguliariai tikrinkite cilindr\u0105, ar n\u0117ra susid\u0117v\u0117jimo, nuot\u0117ki\u0173 ir kit\u0173 problem\u0173.<\/li>\n<li>Kad cilindras tinkamai veikt\u0173, periodi\u0161kai keiskite susid\u0117v\u0117jusius sandariklius ir kitus komponentus.<\/li>\n<li>Reguliariai pildykite hidraulin\u0119 alyv\u0105, kad u\u017etikrintum\u0117te skland\u0173 veikim\u0105 ir i\u0161vengtum\u0117te nusid\u0117v\u0117jimo.<\/li>\n<li>Montuodami cilindr\u0105 teisingai sulygiuokite ir naudokite tinkamus montavimo laikiklius cilindrui pritvirtinti.<\/li>\n<li>Laikykit\u0117s rekomenduojam\u0173 patikrinimo, remonto ir keitimo proced\u016br\u0173, kad u\u017etikrintum\u0117te saug\u0173 ir efektyv\u0173 cilindro veikim\u0105.<\/li>\n<li>Balionui pri\u017ei\u016br\u0117ti naudokite tik originalias dalis ir komponentus.<\/li>\n<\/ul>\n<p><img decoding=\"async\" src=\"https:\/\/www.hydraulic-cylinders.net\/wp-content\/uploads\/2025\/01\/songte-chushion-collar.webp\" alt=\"Kau\u0161o cilindro amortizacijos apykakl\u0117\" \/><\/p>\n<h2>Saugos ir aplinkosaugos aspektai<\/h2>\n<p>Naudojant kau\u0161o cilindr\u0105, reikia imtis saugos priemoni\u0173, kad b\u016bt\u0173 i\u0161vengta nelaiming\u0173 atsitikim\u0173 ir su\u017ealojim\u0173. B\u016btina laikytis gamintojo nurodym\u0173 d\u0117l saugaus naudojimo ir prie\u017ei\u016bros bei naudoti tinkamas asmenines apsaugos priemones, tokias kaip pir\u0161tines ir akinius.<\/p>\n<h2>Trik\u010di\u0173 \u0161alinimas ir da\u017eniausios problemos<\/h2>\n<p>Kau\u0161o cilindras gali susidurti su \u012fvairiomis problemomis, tokiomis kaip nuot\u0117kiai, susid\u0117v\u0117j\u0119 sandarikliai ir kiti gedimai. \u0160i\u0173 problem\u0173 sprendimui reikia gerai suprasti cilindr\u0105 ir jo komponentus. Toliau pateikiamos kelios da\u017eniausios problemos ir j\u0173 sprendimai:<\/p>\n<ul>\n<li>Nesandar\u016bs cilindrai: patikrinkite, ar sandarikliai ir kiti komponentai n\u0117ra susid\u0117v\u0117j\u0119, ir prireikus juos pakeiskite.<\/li>\n<li>Susid\u0117v\u0117j\u0119 sandarikliai: Pakeiskite sandariklius originaliomis dalimis ir komponentais.<\/li>\n<li>Kitos problemos: Nor\u0117dami nustatyti ir i\u0161spr\u0119sti problem\u0105, vadovaukit\u0117s gamintojo rekomenduojamomis trik\u010di\u0173 \u0161alinimo proced\u016bromis.<\/li>\n<\/ul>\n<p><img decoding=\"async\" src=\"https:\/\/www.hydraulic-cylinders.net\/wp-content\/uploads\/2025\/01\/songte-bushings-with-all-kinds-of-excavator-models.webp\" alt=\"kau\u0161o cilindro \u012fvor\u0117s\" \/><\/p>\n<h2>Apie m\u016bs\u0173 \u012fmon\u0119<\/h2>\n<p>Esame hidraulini\u0173 cilindr\u0173, galin\u010di\u0173 pakeisti \u201eBaoding WY90-7\u201c kau\u0161o cilindrus, gamintojas. M\u016bs\u0173 \u012fmon\u0117 turi plat\u0173 gamini\u0173 asortiment\u0105 ir yra viena i\u0161 pirmaujan\u010di\u0173 hidraulini\u0173 cilindr\u0173 gamintoj\u0173 ir didmenini\u0173 platintoj\u0173 vidaus ir tarptautin\u0117se rinkose. Mes laikom\u0117s puikios kokyb\u0117s principo, remdamiesi pramonin\u0117s gamybos valdymo strategijomis puikiose gamybos dirbtuv\u0117se, nuolat tobulindami savo gamybos platformas, tobulindami gamini\u0173 gamybos kokyb\u0117s kelius ir tur\u0117dami stipr\u0173 k\u016brybin\u012f geb\u0117jim\u0105. M\u016bs\u0173 \u012fmon\u0117 tenkina \u012fvairius klient\u0173 poreikius, taikydama auk\u0161t\u0105 efektyvum\u0105, didel\u012f tikslum\u0105 ir auk\u0161tos kokyb\u0117s principus. <\/p>\n<p><img decoding=\"async\" src=\"https:\/\/hzpt.com\/wp-content\/uploads\/2024\/11\/songte-company-1.webp\" alt=\"\u012fmon\u0117s logotipas\" \/><\/p>\n<h3>M\u016bs\u0173 specializacijos<\/h3>\n<ul>\n<li>Profesionalumas<\/li>\n<li>Tarptautinis sertifikavimas<\/li>\n<li>Individualiai pritaikytos paslaugos<\/li>\n<li>Pa\u017eangi gamybos \u012franga<\/li>\n<li>Puikus aptarnavimas po pardavimo<\/li>\n<\/ul>\n<p>M\u016bs\u0173 \u012fmon\u0117s produktai yra sertifikuoti \u012fvairiais tarptautiniais standartais, tokiais kaip ISO 9001, CE ir SGS, o mes turime profesionali\u0105 technin\u0119 komand\u0105, teikian\u010di\u0105 individualiai pritaikytas paslaugas. M\u016bs\u0173 \u012fmon\u0117 laikosi grie\u017et\u0173 kokyb\u0117s kontrol\u0117s priemoni\u0173 ir naudoja pa\u017eangi\u0105 gamybos \u012frang\u0105, kad u\u017etikrint\u0173, jog m\u016bs\u0173 produktai atitinka auk\u0161tus kokyb\u0117s standartus. Taip pat teikiame puik\u0173 aptarnavim\u0105 po pardavimo, kad u\u017etikrintume klient\u0173 pasitenkinim\u0105.<\/p>\n<p>Jei ie\u0161kote patikimo hidraulini\u0173 cilindr\u0173 tiek\u0117jo, susisiekite su mumis ir gaukite daugiau informacijos.<\/p>\n<p>Autorius: lyl.<\/p>","protected":false},"excerpt":{"rendered":"<p>Bucket Cylinder For Baoding WY90-7 Product Definition The bucket cylinder for Baoding WY90-7 is a specialized hydraulic cylinder designed primarily for controlling the movement of shovels in heavy machinery such as excavators, backhoe loaders, and front-end loaders. Its main function is to enable the shovel to lift, lower and tilt, making it easier to handle [&hellip;]<\/p>","protected":false},"featured_media":14761,"comment_status":"open","ping_status":"closed","template":"","meta":{"_et_pb_use_builder":"","_et_pb_old_content":"","_et_gb_content_width":""},"product_brand":[],"product_cat":[1494],"product_tag":[1495,1496],"class_list":{"0":"post-15956","1":"product","2":"type-product","3":"status-publish","4":"has-post-thumbnail","6":"product_cat-bucket-cylinders","7":"product_tag-bucket-cylinders","8":"product_tag-hydraulic-cylinders","10":"first","11":"instock","12":"shipping-taxable","13":"product-type-simple"},"amp_enabled":true,"_links":{"self":[{"href":"https:\/\/www.hydraulic-cylinders.net\/lt\/wp-json\/wp\/v2\/product\/15956","targetHints":{"allow":["GET"]}}],"collection":[{"href":"https:\/\/www.hydraulic-cylinders.net\/lt\/wp-json\/wp\/v2\/product"}],"about":[{"href":"https:\/\/www.hydraulic-cylinders.net\/lt\/wp-json\/wp\/v2\/types\/product"}],"replies":[{"embeddable":true,"href":"https:\/\/www.hydraulic-cylinders.net\/lt\/wp-json\/wp\/v2\/comments?post=15956"}],"wp:featuredmedia":[{"embeddable":true,"href":"https:\/\/www.hydraulic-cylinders.net\/lt\/wp-json\/wp\/v2\/media\/14761"}],"wp:attachment":[{"href":"https:\/\/www.hydraulic-cylinders.net\/lt\/wp-json\/wp\/v2\/media?parent=15956"}],"wp:term":[{"taxonomy":"product_brand","embeddable":true,"href":"https:\/\/www.hydraulic-cylinders.net\/lt\/wp-json\/wp\/v2\/product_brand?post=15956"},{"taxonomy":"product_cat","embeddable":true,"href":"https:\/\/www.hydraulic-cylinders.net\/lt\/wp-json\/wp\/v2\/product_cat?post=15956"},{"taxonomy":"product_tag","embeddable":true,"href":"https:\/\/www.hydraulic-cylinders.net\/lt\/wp-json\/wp\/v2\/product_tag?post=15956"}],"curies":[{"name":"wp","href":"https:\/\/api.w.org\/{rel}","templated":true}]}}