{"id":15959,"date":"2025-01-19T15:13:05","date_gmt":"2025-01-19T15:13:05","guid":{"rendered":"https:\/\/www.hydraulic-cylinders.net\/product\/bucket-cylinder-for-baoding-sc400-8\/"},"modified":"2025-01-19T15:13:07","modified_gmt":"2025-01-19T15:13:07","slug":"bucket-cylinder-for-baoding-sc400-8","status":"publish","type":"product","link":"https:\/\/www.hydraulic-cylinders.net\/lt\/produktas\/bucket-cylinder-for-baoding-sc400-8\/","title":{"rendered":"Kau\u0161o cilindras skirtas Baoding SC400.8"},"content":{"rendered":"<h1>Kau\u0161o cilindras skirtas Baoding SC400.8<\/h1>\n<h2>\u012evadas<\/h2>\n<p>Kau\u0161o cilindras yra specialiai suprojektuotas hidraulinis cilindras, daugiausia naudojamas kau\u0161o jud\u0117jimui valdyti sunkiosiose ma\u0161inose, tokiose kaip ekskavatoriai, ekskavatoriniai ekskavatoriai ir frontaliniai krautuvai. Jo pagrindin\u0117 funkcija \u2013 leisti kau\u0161ui pakilti, nuleisti ir pakreipti, kad b\u016bt\u0173 lengviau atlikti \u012fvairias med\u017eiag\u0173 tvarkymo u\u017eduotis. Hidraulin\u0117je sistemoje kau\u0161o cilindras tiksliai valdo kau\u0161o jud\u0117jim\u0105 keisdamas hidraulin\u0117s alyvos sl\u0117g\u012f, leisdamas operatoriams efektyviai valdyti sunkius krovinius ir prisitaikyti prie sud\u0117tingos darbo aplinkos bei \u012fvairi\u0173 eksploatavimo poreiki\u0173.<\/p>\n<p><img decoding=\"async\" src=\"https:\/\/www.hydraulic-cylinders.net\/wp-content\/uploads\/2025\/01\/songte-company-2.webp\" alt=\"Kau\u0161o cilindras skirtas Baoding SC400.8\" \/><\/p>\n<h3>Savyb\u0117s<\/h3>\n<ul>\n<li>Didelis stiprumas ir ilgaam\u017ei\u0161kumas: paprastai pagaminti i\u0161 didelio stiprumo plieno arba aliuminio, galintys atlaikyti auk\u0161t\u0105 sl\u0117g\u012f ir dideles apkrovas, ir suprojektuoti atsi\u017evelgiant \u012f atsparum\u0105 dilimui ir korozijai, kad b\u016bt\u0173 prailgintas tarnavimo laikas.<\/li>\n<li>Efektyvus hidraulinis veikimas: hidraulin\u0117s alyvos sl\u0117gis u\u017etikrina skland\u0173 i\u0161st\u016bmim\u0105 ir \u012ftraukim\u0105, greitai reaguoja \u012f valdymo komandas, u\u017etikrina galing\u0105 st\u016bmimo ir traukimo j\u0117g\u0105, tinka sunkiems kroviniams ir sud\u0117tingoms eksploatavimo u\u017eduotims atlikti.<\/li>\n<li>\u012evair\u016bs tipai: vienpusio veikimo (hidraulinis naudojamas tik viena kryptimi) arba dvipusio veikimo (hidraulinis naudojamas abiem kryptimis) cilindrus galima pasirinkti pagal eksploatacinius poreikius, kai kurie modeliai yra teleskopiniai, leid\u017eiantys didesn\u012f i\u0161pl\u0117tim\u0105 nedidinant i\u0161orinio dyd\u017eio, tinka naudoti ribotoje erdv\u0117je.<\/li>\n<li>Gali pakeisti hidraulinius cilindrus: m\u016bs\u0173 gaminiai gali puikiai pakeisti \u0161iuos hidraulinius cilindrus. <\/li>\n<\/ul>\n<p><img decoding=\"async\" src=\"https:\/\/www.hydraulic-cylinders.net\/wp-content\/uploads\/2025\/01\/songte-cylinder-head-with-all-kinds-excavator-models.webp\" alt=\"Kau\u0161o cilindras skirtas Baoding SC400.8\" \/><\/p>\n<h3>Parai\u0161kos<\/h3>\n<p>Kau\u0161o cilindras pla\u010diai naudojamas \u012fvairiose pramon\u0117s \u0161akose, tokiose kaip:<\/p>\n<ul>\n<li>Statybin\u0117 \u012franga: ekskavatoriuose jie yra b\u016btini kasant, kraunant ir perkeliant grunt\u0105 ar \u0161iuk\u0161les. Ekskavatoriuose kau\u0161o cilindrai padeda tiek kasti, tiek kelti. <\/li>\n<li>\u017dem\u0117s \u016bkio technika: naudojama frontaliniams krautuvams, dirvo\u017eemio, \u0161ieno ir kit\u0173 med\u017eiag\u0173 kasimui, k\u0117limui ir transportavimui; ekskavatoriai: kau\u0161o cilindrai leid\u017eia kasti, leisdami kau\u0161ui prasiskverbti \u012f dirv\u0105. <\/li>\n<li>Krautuvas: priekiniuose krautuvuose jie padeda kelti, pakreipti ir efektyviai i\u0161versti prekes. <\/li>\n<\/ul>\n<h3>Projektavimo aspektai ir atrankos kriterijai<\/h3>\n<p>Kau\u0161o cilindro konstrukcija yra labai svarbi jo veikimui ir ilgaam\u017ei\u0161kumui. Toliau pateikiami keli esminiai projektavimo aspektai:<\/p>\n<h4>Keliamoji galia<\/h4>\n<p>Kau\u0161o cilindras turi b\u016bti suprojektuotas taip, kad atlaikyt\u0173 maksimali\u0105 apkrov\u0105, su kuria jis susidurs. Apkrovos paj\u0117gumas priklauso nuo cilindro dyd\u017eio, stiprumo ir med\u017eiagos.<\/p>\n<h4>Sandarinimas<\/h4>\n<p>Cilindras turi b\u016bti sandarus, kad b\u016bt\u0173 i\u0161vengta hidraulinio skys\u010dio nuot\u0117kio ir u\u017eter\u0161imo. Sandarinimo sistema tur\u0117t\u0173 b\u016bti suprojektuota i\u0161 auk\u0161tos kokyb\u0117s med\u017eiag\u0173, toki\u0173 kaip poliuretanas ir nitrilo kau\u010diukas, kad b\u016bt\u0173 u\u017etikrintas patvarumas ir ilgas tarnavimo laikas.<\/p>\n<h4>Patvarumas<\/h4>\n<p>Kau\u0161o cilindro konstrukcija tur\u0117t\u0173 atsi\u017evelgti \u012f atsparum\u0105 dilimui ir korozijai, kad b\u016bt\u0173 pailgintas jo tarnavimo laikas.<\/p>\n<h4>Saugumas<\/h4>\n<p>Balionas turi b\u016bti suprojektuotas atsi\u017evelgiant \u012f saugum\u0105, kad b\u016bt\u0173 i\u0161vengta nelaiming\u0173 atsitikim\u0173 ir su\u017ealojim\u0173. Montavimo procesas tur\u0117t\u0173 apimti tinkam\u0105 i\u0161lyginim\u0105 ir tinkam\u0173 montavimo laikikli\u0173 naudojim\u0105 balionui pritvirtinti vietoje.<\/p>\n<h4>Prie\u017ei\u016bra<\/h4>\n<p>Kau\u0161o cilindras turi b\u016bti suprojektuotas taip, kad j\u012f b\u016bt\u0173 lengva pri\u017ei\u016br\u0117ti ir remontuoti. Norint u\u017etikrinti optimal\u0173 veikim\u0105 ir ilgaam\u017ei\u0161kum\u0105, b\u016btina reguliariai tikrinti, tepti ir keisti tarpiklius.<\/p>\n<p><img decoding=\"async\" src=\"https:\/\/www.hydraulic-cylinders.net\/wp-content\/uploads\/2025\/01\/songte-oil-pipes-and-spare-parts.webp\" alt=\"Kau\u0161o cilindras skirtas Baoding SC400.8\" \/><\/p>\n<h3>Sandarinimas ir tepimas<\/h3>\n<p>Kau\u0161o cilindrui reikalingi \u012fvair\u016bs sandarinimo komponentai, tokie kaip st\u016bmoklio ir koto sandarikliai, pagaminti i\u0161 auk\u0161tos kokyb\u0117s med\u017eiag\u0173, toki\u0173 kaip poliuretanas ir nitrilo kau\u010diukas, kad b\u016bt\u0173 u\u017etikrintas patvarumas ir ilgas tarnavimo laikas. Cilindro vidus tur\u0117t\u0173 b\u016bti suteptas hidrauline alyva, kad b\u016bt\u0173 u\u017etikrintas sklandus veikimas ir i\u0161vengta nusid\u0117v\u0117jimo. Norint palaikyti tinkam\u0105 cilindro veikim\u0105, b\u016btina reguliariai keisti alyv\u0105.<\/p>\n<h3>Prie\u017ei\u016bra ir remontas<\/h3>\n<p>Reguliarus techninis aptarnavimas ir remontas yra labai svarb\u016bs siekiant u\u017etikrinti kau\u0161o cilindro ilgaam\u017ei\u0161kum\u0105 ir optimizuoti jo veikim\u0105. Toliau pateikiamos \u012fprastos technin\u0117s prie\u017ei\u016bros u\u017eduotys:<\/p>\n<ul>\n<li>Reguliarus patikrinimas<\/li>\n<li>Tinkamas tepimas<\/li>\n<li>Sandariklio keitimas<\/li>\n<\/ul>\n<p>Tinkamas montavimas, tepimas ir reguliavimas yra b\u016btini optimaliam veikimui. Montavimo metu labai svarbus tinkamas suderinimas. Rekomenduojama naudoti tinkamus montavimo laikiklius, kad cilindras b\u016bt\u0173 pritvirtintas vietoje. Taip pat si\u016blome atsargines dalis ir remonto paslaugas, kad pailgintume kau\u0161o cilindro tarnavimo laik\u0105.<\/p>\n<p><img decoding=\"async\" src=\"https:\/\/www.hydraulic-cylinders.net\/wp-content\/uploads\/2025\/01\/songte-chushion-collar.webp\" alt=\"Kau\u0161o cilindras skirtas Baoding SC400.8\" \/><\/p>\n<h3>Saugos ir aplinkosaugos aspektai<\/h3>\n<p>Naudojant kau\u0161o cilindr\u0105, reikia imtis tinkam\u0173 saugos priemoni\u0173, kad b\u016bt\u0173 i\u0161vengta nelaiming\u0173 atsitikim\u0173 ir su\u017ealojim\u0173. Toliau pateikiami keli esminiai saugos aspektai:<\/p>\n<ul>\n<li>D\u0117v\u0117kite tinkamas asmenines apsaugos priemones<\/li>\n<li>U\u017etikrinkite tinkam\u0105 \u012frengim\u0105 ir prie\u017ei\u016br\u0105<\/li>\n<li>Nevir\u0161ykite cilindro keliamosios galios<\/li>\n<li>Laikykit\u0117s vis\u0173 gamintojo nurodym\u0173 ir rekomendacij\u0173<\/li>\n<\/ul>\n<p>Poveikis aplinkai taip pat yra svarbus aspektas. Kau\u0161o cilindras tur\u0117t\u0173 b\u016bti suprojektuotas ir pagamintas atsi\u017evelgiant \u012f aplink\u0105, kai tik \u012fmanoma naudojant tvarias med\u017eiagas ir gamybos procesus.<\/p>\n<h3>Trik\u010di\u0173 \u0161alinimas ir da\u017eniausios problemos<\/h3>\n<p>Kau\u0161o cilindro problemos gali smarkiai paveikti sunkiosios technikos na\u0161um\u0105. Toliau pateikiamos kelios da\u017eniausios problemos ir j\u0173 sprendimai:<\/p>\n<ul>\n<li>Nuot\u0117kis: patikrinkite sandariklius ir, jei reikia, pakeiskite juos. \u012esitikinkite, kad visos jungtys yra sandarios ir kad st\u016bmoklis ar cilindras n\u0117ra pa\u017eeisti.<\/li>\n<li>L\u0117tas veikimas: patikrinkite, ar hidraulin\u0117je sistemoje n\u0117ra nuot\u0117ki\u0173 ar pa\u017eeidim\u0173. \u012esitikinkite, kad hidraulin\u0117s alyvos lygis yra tinkamas ir kad sistemoje n\u0117ra oro ki\u0161eni\u0173.<\/li>\n<li>Cilindras nei\u0161sitraukia ir nesusitraukia: patikrinkite, ar hidraulin\u0117je sistemoje n\u0117ra nuot\u0117ki\u0173 ir pa\u017eeidim\u0173. \u012esitikinkite, kad hidraulin\u0117s alyvos lygis yra tinkamas ir kad sistemoje n\u0117ra oro ki\u0161eni\u0173.<\/li>\n<\/ul>\n<p>Profilaktin\u0117 prie\u017ei\u016bra yra raktas \u012f \u0161i\u0173 problem\u0173 prevencij\u0105. Reguliarus patikrinimas, tepimas ir sandarikli\u0173 keitimas gali pad\u0117ti i\u0161vengti galim\u0173 problem\u0173 tapimo rimtomis.<\/p>\n<p><img decoding=\"async\" src=\"https:\/\/www.hydraulic-cylinders.net\/wp-content\/uploads\/2025\/01\/songte-bushings-with-all-kinds-of-excavator-models.webp\" alt=\"Kau\u0161o cilindras skirtas Baoding SC400.8\" \/><\/p>\n<h3>Apie mus<\/h3>\n<p>Esame pakaitini\u0173 hidraulini\u0173 cilindr\u0173 gamintojas, si\u016blantis plat\u0173 gamini\u0173 asortiment\u0105, tod\u0117l esame vieni i\u0161 pirmaujan\u010di\u0173 hidraulini\u0173 cilindr\u0173 gamintoj\u0173 ir didmenini\u0173 platintoj\u0173 vidaus ir tarptautin\u0117se rinkose. Laikom\u0117s puikios kokyb\u0117s principo, kruop\u0161\u010diai atrinktose dirbtuv\u0117se taikome industrializuotas gamybos valdymo strategijas ir nuolat tobuliname savo gamybos platformas bei gamini\u0173 kokyb\u0117s linijas, pasitelkdami technologinius talentus, auk\u0161\u010diausios klas\u0117s skaitmenin\u0119 gamybos \u012frang\u0105 ir profesionalias bandym\u0173 sistemas. Turime stipryb\u0117s kurti didelio efektyvumo, didelio tikslumo ir auk\u0161tos kokyb\u0117s gaminius bei tenkinti \u012fvairius klient\u0173 poreikius.<\/p>\n<p>M\u016bs\u0173 \u012fmon\u0117 si\u016blo daug privalum\u0173, \u012fskaitant:<\/p>\n<ul>\n<li>Profesionalumas<\/li>\n<li>Tarptautinis sertifikavimas<\/li>\n<li>Pritaikymo paslaugos<\/li>\n<li>Pa\u017eangi gamybos \u012franga<\/li>\n<li>Puikus aptarnavimas po pardavimo<\/li>\n<\/ul>\n<p><img decoding=\"async\" src=\"https:\/\/hzpt.com\/wp-content\/uploads\/2024\/11\/songte-company-1.webp\" alt=\"Kau\u0161o cilindras skirtas Baoding SC400.8\" \/><\/p>\n<p>Autorius: lyl<\/p>","protected":false},"excerpt":{"rendered":"<p>Bucket Cylinder For Baoding SC400.8 Introduction A bucket cylinder is a specially designed hydraulic cylinder mainly used to control the movement of the bucket in heavy machinery such as excavators, backhoe excavators, and front loaders. Its main function is to enable the bucket to lift, lower, and tilt, making it easier to handle various material [&hellip;]<\/p>","protected":false},"featured_media":14787,"comment_status":"open","ping_status":"closed","template":"","meta":{"_et_pb_use_builder":"","_et_pb_old_content":"","_et_gb_content_width":""},"product_brand":[],"product_cat":[1494],"product_tag":[1495,1496],"class_list":{"0":"post-15959","1":"product","2":"type-product","3":"status-publish","4":"has-post-thumbnail","6":"product_cat-bucket-cylinders","7":"product_tag-bucket-cylinders","8":"product_tag-hydraulic-cylinders","10":"first","11":"instock","12":"shipping-taxable","13":"product-type-simple"},"amp_enabled":true,"_links":{"self":[{"href":"https:\/\/www.hydraulic-cylinders.net\/lt\/wp-json\/wp\/v2\/product\/15959","targetHints":{"allow":["GET"]}}],"collection":[{"href":"https:\/\/www.hydraulic-cylinders.net\/lt\/wp-json\/wp\/v2\/product"}],"about":[{"href":"https:\/\/www.hydraulic-cylinders.net\/lt\/wp-json\/wp\/v2\/types\/product"}],"replies":[{"embeddable":true,"href":"https:\/\/www.hydraulic-cylinders.net\/lt\/wp-json\/wp\/v2\/comments?post=15959"}],"wp:featuredmedia":[{"embeddable":true,"href":"https:\/\/www.hydraulic-cylinders.net\/lt\/wp-json\/wp\/v2\/media\/14787"}],"wp:attachment":[{"href":"https:\/\/www.hydraulic-cylinders.net\/lt\/wp-json\/wp\/v2\/media?parent=15959"}],"wp:term":[{"taxonomy":"product_brand","embeddable":true,"href":"https:\/\/www.hydraulic-cylinders.net\/lt\/wp-json\/wp\/v2\/product_brand?post=15959"},{"taxonomy":"product_cat","embeddable":true,"href":"https:\/\/www.hydraulic-cylinders.net\/lt\/wp-json\/wp\/v2\/product_cat?post=15959"},{"taxonomy":"product_tag","embeddable":true,"href":"https:\/\/www.hydraulic-cylinders.net\/lt\/wp-json\/wp\/v2\/product_tag?post=15959"}],"curies":[{"name":"wp","href":"https:\/\/api.w.org\/{rel}","templated":true}]}}