{"id":15961,"date":"2025-01-19T15:13:15","date_gmt":"2025-01-19T15:13:15","guid":{"rendered":"https:\/\/www.hydraulic-cylinders.net\/product\/bucket-cylinder-for-tiangong-zg3210-9\/"},"modified":"2025-01-19T15:13:21","modified_gmt":"2025-01-19T15:13:21","slug":"bucket-cylinder-for-tiangong-zg3210-9","status":"publish","type":"product","link":"https:\/\/www.hydraulic-cylinders.net\/lt\/produktas\/bucket-cylinder-for-tiangong-zg3210-9\/","title":{"rendered":"Kau\u0161o cilindras skirtas Tiangong ZG3210-9"},"content":{"rendered":"<h1>Kau\u0161o cilindras skirtas Tiangong ZG3210-9<\/h1>\n<h2>\u012evadas<\/h2>\n<p>Kau\u0161o cilindras yra specialiai suprojektuotas hidraulinis cilindras, daugiausia naudojamas kau\u0161\u0173 jud\u0117jimui valdyti sunkiosiose ma\u0161inose, tokiose kaip ekskavatoriai, ekskavatoriai ir frontaliniai krautuvai. Pagrindin\u0117 jo funkcija \u2013 leisti kau\u0161ui pakilti, nuleisti ir pakreipti, taip palengvinant \u012fvairias med\u017eiag\u0173 tvarkymo u\u017eduotis. Hidraulin\u0117je sistemoje kau\u0161o cilindras tiksliai valdo kau\u0161\u0105 keisdamas hidraulin\u0117s alyvos sl\u0117g\u012f, tod\u0117l operatoriai gali efektyviai valdyti sunkius krovinius ir prisitaikyti prie sud\u0117tingos darbo aplinkos bei \u012fvairi\u0173 eksploatavimo reikalavim\u0173.<\/p>\n<p><img decoding=\"async\" src=\"https:\/\/www.hydraulic-cylinders.net\/wp-content\/uploads\/2025\/01\/songte-company-2.webp\"><\/p>\n<h2>Savyb\u0117s<\/h2>\n<ul>\n<li>\n<h3>Didelis stiprumas ir ilgaam\u017ei\u0161kumas:<\/h3>\n<p> Paprastai gaminami i\u0161 didelio stiprumo plieno arba aliuminio, galintys atlaikyti auk\u0161t\u0105 sl\u0117g\u012f ir dideles apkrovas, ir suprojektuoti atsi\u017evelgiant \u012f atsparum\u0105 dilimui ir korozijai, kad b\u016bt\u0173 prailgintas tarnavimo laikas.<\/li>\n<li>\n<h3>Efektyvus hidraulinis valdymas:<\/h3>\n<p> Naudoja hidraulin\u0117s alyvos sl\u0117g\u012f, kad b\u016bt\u0173 u\u017etikrintas sklandus i\u0161pl\u0117timas ir \u012ftraukimas, gali greitai reaguoti \u012f valdymo komandas, u\u017etikrinti galing\u0105 st\u016bmimo ir traukimo j\u0117g\u0105 ir tinka sunkiems kroviniams valdyti bei sud\u0117tingoms eksploatavimo u\u017eduotims atlikti.<\/li>\n<li>\n<h3>\u012evair\u016bs tipai:<\/h3>\n<p> Pagal poreikius galima rinktis vienpusio veikimo (hidraulinis veikimas tik viena kryptimi) arba dvipusio veikimo (hidraulinis veikimas abiem kryptimis) cilindrus, o kai kurie modeliai yra teleskopiniai, tod\u0117l galima labiau prailginti nedidinant i\u0161orini\u0173 matmen\u0173, tod\u0117l tinka naudoti ribotoje erdv\u0117je.<\/li>\n<li>\n<h3>M\u016bs\u0173 \u012fmon\u0117 gali pagaminti:<\/h3>\n<p> M\u016bs\u0173 gaminiai gali puikiai pakeisti \u0161iuos hidraulinius cilindrus.<\/li>\n<\/ul>\n<p><img decoding=\"async\" src=\"https:\/\/www.hydraulic-cylinders.net\/wp-content\/uploads\/2025\/01\/songte-cylinder-head-with-all-kinds-excavator-models.webp\"><\/p>\n<h2>Parai\u0161kos<\/h2>\n<p>Kau\u0161o cilindras yra pla\u010diai naudojamas \u012fvairiose pramon\u0117s \u0161akose d\u0117l puiki\u0173 eksploatacini\u0173 savybi\u0173. \u017demiau pateikiamos kelios pagrindin\u0117s taikymo sritys:<\/p>\n<ul>\n<li>\n<h3>Statybin\u0117 \u012franga:<\/h3>\n<p> Ekskavatoriuose jie yra b\u016btini kasant, kraunant ir perkeliant dirvo\u017eem\u012f ar \u0161iuk\u0161les. Ekskavatoriuose kau\u0161o cilindrai padeda tiek kasti, tiek kelti. Priekiniuose krautuvuose jie padeda efektyviai kelti ir pakreipti prekes.<\/li>\n<li>\n<h3>\u017dem\u0117s \u016bkio technika:<\/h3>\n<p> Naudojami priekiniuose krautuvuose dirvo\u017eemiui, \u0161ienui ir kitoms med\u017eiagoms kasti, kelti ir transportuoti. Ekskavatori\u0173 kau\u0161o cilindrai leid\u017eia kasti, leisdami kau\u0161ui \u012fsiskverbti \u012f dirv\u0105.<\/li>\n<\/ul>\n<h2>Projektavimo aspektai ir atrankos kriterijai<\/h2>\n<p>Kalbant apie projektavimo aspektus, reikia atsi\u017evelgti \u012f kelet\u0105 veiksni\u0173, toki\u0173 kaip apkrovos paj\u0117gumas, sandarumas, ilgaam\u017ei\u0161kumas, saugumas ir prie\u017ei\u016bros paprastumas. \u017demiau pateikiami keli pagrindiniai projektavimo aspektai:<\/p>\n<ul>\n<li>\n<h3>Keliamoji galia:<\/h3>\n<p> Kau\u0161o cilindras turi b\u016bti suprojektuotas taip, kad atlaikyt\u0173 did\u017eiausi\u0105 numatom\u0105 apkrov\u0105, o cilindro skersmuo ir sienel\u0117s storis turi b\u016bti tinkamo dyd\u017eio, kad atlaikyt\u0173 apkrov\u0105.<\/li>\n<li>\n<h3>Sandarinimas:<\/h3>\n<p> Norint pasiekti efektyv\u0173 sandarinim\u0105, reikia tinkamai parinkti ir i\u0161d\u0117styti \u012fvairi\u0173 tip\u0173 sandarinimo komponentus, tokius kaip st\u016bmokli\u0173 ir kot\u0173 sandarikliai. D\u0117l savo atsparumo dilimui da\u017eniausiai naudojamos sandarinimo med\u017eiagos, tokios kaip poliuretanas ir nitrilo kau\u010diukas.<\/li>\n<li>\n<h3>Patvarumas:<\/h3>\n<p> Cilindro korpusas ir sriegio galiniai pavir\u0161iai turi b\u016bti kruop\u0161\u010diai apdirbti, siekiant pagerinti atsparum\u0105 dilimui. Reguliarus techninis aptarnavimas, pavyzd\u017eiui, tinkamo kiekio hidraulin\u0117s alyvos \u012fpylimas tepimui, taip pat yra b\u016btinas norint pailginti gaminio tarnavimo laik\u0105.<\/li>\n<li>\n<h3>Saugumas:<\/h3>\n<p> Kau\u0161o cilindras turi b\u016bti suprojektuotas su saugos funkcijomis, tokiomis kaip apsauginiai vo\u017etuvai ir u\u017edarymo vo\u017etuvai, kad b\u016bt\u0173 i\u0161vengta nelaiming\u0173 atsitikim\u0173.<\/li>\n<li>\n<h3>Prie\u017ei\u016bra:<\/h3>\n<p> Kau\u0161o cilindras turi b\u016bti suprojektuotas atsi\u017evelgiant \u012f lengv\u0105 prie\u017ei\u016br\u0105, pavyzd\u017eiui, lengv\u0105 i\u0161montavim\u0105, dali\u0173 keitim\u0105 ir komponent\u0173 valym\u0105.<\/li>\n<\/ul>\n<p><img decoding=\"async\" src=\"https:\/\/www.hydraulic-cylinders.net\/wp-content\/uploads\/2025\/01\/songte-oil-pipes-and-spare-parts.webp\"><\/p>\n<h2>Sandarinimas ir tepimas<\/h2>\n<p>Norint pasiekti efektyv\u0173 sandarinim\u0105, b\u016btina naudoti \u012fvairius sandarinimo komponentus, tokius kaip st\u016bmokli\u0173 ir kot\u0173 sandarikliai. D\u0117l savo atsparumo dilimui da\u017eniausiai naudojamos sandarinimo med\u017eiagos, tokios kaip poliuretanas ir nitrilo kau\u010diukas. Cilindro korpusas ir sriegio galiniai pavir\u0161iai turi b\u016bti kruop\u0161\u010diai apdirbti, kad b\u016bt\u0173 padidintas atsparumas dilimui. Reguliarus techninis aptarnavimas, pavyzd\u017eiui, tinkamo kiekio hidraulin\u0117s alyvos \u012fpylimas tepimui, taip pat yra b\u016btinas norint pailginti gaminio tarnavimo laik\u0105.<\/p>\n<h2>Ap\u017ei\u016bra ir prevencin\u0117 prie\u017ei\u016bra<\/h2>\n<p>Reguliarus patikrinimas ir profilaktin\u0117 prie\u017ei\u016bra yra b\u016btini norint palaikyti ger\u0105 kau\u0161o cilindro darbin\u0119 b\u016bkl\u0119. \u017demiau pateikiami keli \u012fprasti prie\u017ei\u016bros darbai:<\/p>\n<ul>\n<li>\n<h3>Reguliarus patikrinimas:<\/h3>\n<p> Cilindro korpuso, st\u016bmoklio koto ir sandarikli\u0173 nuot\u0117ki\u0173, \u012ftr\u016bkim\u0173, susid\u0117v\u0117jimo ar pa\u017eeidim\u0173 tikrinimas. Cilindro tinkamo lygiavimo ir sklandaus veikimo tikrinimas.<\/li>\n<li>\n<h3>Tepimas:<\/h3>\n<p> Reguliariai \u012fpilkite tinkam\u0105 kiek\u012f hidraulin\u0117s alyvos tepimui.<\/li>\n<li>\n<h3>Sandariklio keitimas:<\/h3>\n<p> Susid\u0117v\u0117jusi\u0173 ar pa\u017eeist\u0173 sandarikli\u0173 keitimas gali pad\u0117ti i\u0161vengti nuot\u0117ki\u0173 ir pailginti gaminio tarnavimo laik\u0105.<\/li>\n<\/ul>\n<h2>Saugos ir aplinkosaugos aspektai<\/h2>\n<p>Naudojant kau\u0161o cilindr\u0105, reikia imtis saugos priemoni\u0173, kad b\u016bt\u0173 i\u0161vengta nelaiming\u0173 atsitikim\u0173. \u012esitikinkite, kad gaminys yra tinkamai sumontuotas ir j\u012f valdo kvalifikuoti darbuotojai. Reguliarus techninis aptarnavimas ir patikra yra b\u016btini siekiant u\u017etikrinti gaminio saug\u0105 ir suma\u017einti poveik\u012f aplinkai.<\/p>\n<h2>Trik\u010di\u0173 \u0161alinimas ir da\u017eniausios problemos<\/h2>\n<p>Kai kurios da\u017enos problemos, kurios gali kilti naudojant kau\u0161o cilindr\u0105, yra nuot\u0117kiai, st\u016bmoklio koto pa\u017eeidimai ir sandariklio susid\u0117v\u0117jimas. Trik\u010di\u0173 \u0161alinimo patarimai ir sprendimai gali pad\u0117ti skaitytojams efektyviau diagnozuoti ir i\u0161spr\u0119sti problemas. Prevencin\u0117s priemon\u0117s, tokios kaip reguliari ap\u017ei\u016bra ir prie\u017ei\u016bra, gali pad\u0117ti i\u0161vengti galim\u0173 problem\u0173.<\/p>\n<p><img decoding=\"async\" src=\"https:\/\/www.hydraulic-cylinders.net\/wp-content\/uploads\/2025\/01\/songte-bushings-with-all-kinds-of-excavator-models.webp\"><\/p>\n<h2>Apie m\u016bs\u0173 \u012fmon\u0119<\/h2>\n<p>Esame pakaitini\u0173 hidraulini\u0173 cilindr\u0173 gamintojas, si\u016blantis plat\u0173 gamini\u0173 asortiment\u0105, ir tapome vienu i\u0161 pirmaujan\u010di\u0173 hidraulini\u0173 cilindr\u0173 gamintoj\u0173 ir didmeninink\u0173 vidaus ir u\u017esienio rinkose. Vadovaujam\u0117s puikios kokyb\u0117s principu ir taikome industrializuotas gamybos valdymo strategijas kruop\u0161\u010diai sukurtose gamybos dirbtuv\u0117se. Nuolat tobuliname savo gamybos platform\u0105 ir tobuliname gamini\u0173 kokyb\u0117s gamybos procesus, skatindami technini\u0173 talent\u0173, auk\u0161\u010diausios klas\u0117s skaitmenin\u0117s gamybos \u012frangos ir profesionali\u0173 bandym\u0173 sistem\u0173 naudojim\u0105. Turime stipri\u0173 inovacini\u0173 paj\u0117gum\u0173 ir laikom\u0117s didelio efektyvumo, didelio tikslumo ir auk\u0161tos kokyb\u0117s princip\u0173, kad patenkintume \u012fvairius klient\u0173 poreikius.<\/p>\n<p>M\u016bs\u0173 \u012fmon\u0117 yra atsidavusi profesionalumui, tarptautiniam sertifikavimui, individualiai pritaikytoms paslaugoms, gamybos \u012frangai ir garantiniam aptarnavimui. Siekiame teikti auk\u0161tos kokyb\u0117s produktus ir paslaugas savo klientams visame pasaulyje.<\/p>\n<p><img decoding=\"async\" src=\"https:\/\/hzpt.com\/wp-content\/uploads\/2024\/11\/songte-company-1.webp\"><\/p>\n<h4>Autorius: lyl<\/h4>","protected":false},"excerpt":{"rendered":"<p>Bucket Cylinder For Tiangong ZG3210-9 Introduction A bucket cylinder is a specially designed hydraulic cylinder used primarily to control the movement of buckets in heavy machinery such as excavators, backhoes, and front-end loaders. Its main function is to enable the bucket to lift, lower, and tilt, thus facilitating various material handling tasks. In the hydraulic [&hellip;]<\/p>","protected":false},"featured_media":14784,"comment_status":"open","ping_status":"closed","template":"","meta":{"_et_pb_use_builder":"","_et_pb_old_content":"","_et_gb_content_width":""},"product_brand":[],"product_cat":[1494],"product_tag":[1495,1496],"class_list":{"0":"post-15961","1":"product","2":"type-product","3":"status-publish","4":"has-post-thumbnail","6":"product_cat-bucket-cylinders","7":"product_tag-bucket-cylinders","8":"product_tag-hydraulic-cylinders","10":"first","11":"instock","12":"shipping-taxable","13":"product-type-simple"},"amp_enabled":true,"_links":{"self":[{"href":"https:\/\/www.hydraulic-cylinders.net\/lt\/wp-json\/wp\/v2\/product\/15961","targetHints":{"allow":["GET"]}}],"collection":[{"href":"https:\/\/www.hydraulic-cylinders.net\/lt\/wp-json\/wp\/v2\/product"}],"about":[{"href":"https:\/\/www.hydraulic-cylinders.net\/lt\/wp-json\/wp\/v2\/types\/product"}],"replies":[{"embeddable":true,"href":"https:\/\/www.hydraulic-cylinders.net\/lt\/wp-json\/wp\/v2\/comments?post=15961"}],"wp:featuredmedia":[{"embeddable":true,"href":"https:\/\/www.hydraulic-cylinders.net\/lt\/wp-json\/wp\/v2\/media\/14784"}],"wp:attachment":[{"href":"https:\/\/www.hydraulic-cylinders.net\/lt\/wp-json\/wp\/v2\/media?parent=15961"}],"wp:term":[{"taxonomy":"product_brand","embeddable":true,"href":"https:\/\/www.hydraulic-cylinders.net\/lt\/wp-json\/wp\/v2\/product_brand?post=15961"},{"taxonomy":"product_cat","embeddable":true,"href":"https:\/\/www.hydraulic-cylinders.net\/lt\/wp-json\/wp\/v2\/product_cat?post=15961"},{"taxonomy":"product_tag","embeddable":true,"href":"https:\/\/www.hydraulic-cylinders.net\/lt\/wp-json\/wp\/v2\/product_tag?post=15961"}],"curies":[{"name":"wp","href":"https:\/\/api.w.org\/{rel}","templated":true}]}}